{"id":13908,"date":"2024-02-13T11:52:03","date_gmt":"2024-02-13T10:52:03","guid":{"rendered":"https:\/\/truusk.store\/product\/stansbollsset-stabox-traningsset-136-154-cm-hojdjusterbart-med-1-par-handskar-lampliga-for-proffs-och-nyborjare-svart\/"},"modified":"2026-03-12T08:58:27","modified_gmt":"2026-03-12T07:58:27","slug":"truusk-stansbollsset-traningsset-justerbar-hojd-136-154-cm-inklusive-1-par-handskar-svart-for-proffs-och-nyborjare","status":"publish","type":"product","link":"https:\/\/truusk.store\/sv\/produkt\/truusk-stansbollsset-traningsset-justerbar-hojd-136-154-cm-inklusive-1-par-handskar-svart-for-proffs-och-nyborjare\/","title":{"rendered":"TRUUSK Stansbollsset Tr\u00e4ningsset &#8211; Justerbar h\u00f6jd 136-154 cm &#8211; Inklusive 1 par handskar &#8211; Svart &#8211; F\u00f6r proffs och nyb\u00f6rjare"},"content":{"rendered":"<p>Kom i form med stansbollssetet. Tr\u00e4ning med stansbollen fr\u00e4mjar kondition, muskler, reflexer och hand-\u00f6ga-koordination. Stansbollens fot \u00e4r utrustad med sugkoppar som s\u00e4kerst\u00e4ller god stabilitet p\u00e5 sl\u00e4ta ytor. Du kan ocks\u00e5 fylla foten med vatten eller sand f\u00f6r \u00e4nnu mer stabilitet. H\u00f6jden p\u00e5 stanskulan kan justeras i fyra niv\u00e5er. Ett bra tr\u00e4ningsredskap f\u00f6r hemma.<\/p>\n<h3>Beskrivning:<\/h3>\n<ul>\n<li>Stansbollset f\u00f6r tr\u00e4ning av muskler, koordination och reaktionshastighet<\/li>\n<li>L\u00e4mplig f\u00f6r ton\u00e5ringar och vuxna<\/li>\n<li>Med sugkopp f\u00f6r god stabilitet<\/li>\n<li>Foten kan fyllas med vatten eller sand<\/li>\n<li>Med handskar<\/li>\n<li>H\u00f6jdjusterbar i fyra niv\u00e5er: 136 cm, 142 cm, 148 cm, 154 cm<\/li>\n<li>Enkel konstruktion<\/li>\n<\/ul>\n<h3>Teknisk data:<\/h3>\n<ul>\n<li>Material: st\u00e5l, PU, \u200b\u200bPE<\/li>\n<li>Totalm\u00e5tt: 48 x H136-154 cm<\/li>\n<li>Kulans m\u00e5tt: L18 x B18 x H24 cm<\/li>\n<li>M\u00e5tt p\u00e5 fot: 48 x H23 cm<\/li>\n<li>4 h\u00f6jder: 136 cm, 142 cm, 148 cm, 154 cm<\/li>\n<li>F\u00e4rg: Svart (stansboll) + r\u00f6d (handskar)<\/li>\n<\/ul>\n<h3>Leveransens omfattning:<\/h3>\n<ul>\n<li>1 x stansboll<\/li>\n<li>1 x Boxningshandskar<\/li>\n<\/ul>\n","protected":false},"excerpt":{"rendered":"<p>Kom i form med stansbollssetet. Tr\u00e4ning med stansbollen fr\u00e4mjar kondition, muskler, reflexer och hand-\u00f6ga-koordination. Stansbollens fot \u00e4r utrustad med sugkoppar&#8230;<\/p>\n","protected":false},"featured_media":13909,"template":"","meta":[],"product_brand":[],"product_cat":[667,661,647],"product_tag":[],"class_list":{"0":"post-13908","1":"product","2":"type-product","3":"status-publish","4":"has-post-thumbnail","6":"product_cat-boxningssack","7":"product_cat-kondition-styrketraning","8":"product_cat-sport-fritid","10":"first","11":"instock","12":"sale","13":"taxable","14":"shipping-taxable","15":"purchasable","16":"product-type-simple"},"yoast_head":"<!-- This site is optimized with the Yoast SEO plugin v25.4 - https:\/\/yoast.com\/wordpress\/plugins\/seo\/ -->\n<title>TRUUSK Stansbollsset Tr\u00e4ningsset - Justerbar h\u00f6jd 136-154 cm - Inklusive 1 par handskar - Svart - F\u00f6r proffs och nyb\u00f6rjare - TRUUSK - Hem, Tr\u00e4dg\u00e5rd &amp; Fritid<\/title>\n<meta name=\"robots\" content=\"index, follow, max-snippet:-1, max-image-preview:large, max-video-preview:-1\" \/>\n<link rel=\"canonical\" href=\"https:\/\/truusk.store\/sv\/produkt\/truusk-stansbollsset-traningsset-justerbar-hojd-136-154-cm-inklusive-1-par-handskar-svart-for-proffs-och-nyborjare\/\" \/>\n<meta property=\"og:locale\" content=\"sv_SE\" \/>\n<meta property=\"og:type\" content=\"article\" \/>\n<meta property=\"og:title\" content=\"TRUUSK Stansbollsset Tr\u00e4ningsset - Justerbar h\u00f6jd 136-154 cm - Inklusive 1 par handskar - Svart - F\u00f6r proffs och nyb\u00f6rjare - TRUUSK - Hem, Tr\u00e4dg\u00e5rd &amp; Fritid\" \/>\n<meta property=\"og:description\" content=\"Kom i form med stansbollssetet. Tr\u00e4ning med stansbollen fr\u00e4mjar kondition, muskler, reflexer och hand-\u00f6ga-koordination. Stansbollens fot \u00e4r utrustad med sugkoppar...\" \/>\n<meta property=\"og:url\" content=\"https:\/\/truusk.store\/sv\/produkt\/truusk-stansbollsset-traningsset-justerbar-hojd-136-154-cm-inklusive-1-par-handskar-svart-for-proffs-och-nyborjare\/\" \/>\n<meta property=\"og:site_name\" content=\"TRUUSK - Hem, Tr\u00e4dg\u00e5rd &amp; Fritid\" \/>\n<meta property=\"article:modified_time\" content=\"2026-03-12T07:58:27+00:00\" \/>\n<meta property=\"og:image\" content=\"https:\/\/i0.wp.com\/truusk.se\/wp-content\/uploads\/2024\/02\/stansbollsset-stabox-traningsset-136-154-cm-hojdjusterbart-med-1-par-handskar-lampliga-for-proffs-och-nyborjare-svart.webp?fit=800%2C800&ssl=1\" \/>\n\t<meta property=\"og:image:width\" content=\"800\" \/>\n\t<meta property=\"og:image:height\" content=\"800\" \/>\n\t<meta property=\"og:image:type\" content=\"image\/webp\" \/>\n<meta name=\"twitter:card\" content=\"summary_large_image\" \/>\n<meta name=\"twitter:label1\" content=\"Ber\u00e4knad l\u00e4stid\" \/>\n\t<meta name=\"twitter:data1\" content=\"1 minut\" \/>\n<!-- \/ Yoast SEO plugin. -->","yoast_head_json":{"title":"TRUUSK Stansbollsset Tr\u00e4ningsset - Justerbar h\u00f6jd 136-154 cm - Inklusive 1 par handskar - Svart - F\u00f6r proffs och nyb\u00f6rjare - TRUUSK - Hem, Tr\u00e4dg\u00e5rd &amp; Fritid","robots":{"index":"index","follow":"follow","max-snippet":"max-snippet:-1","max-image-preview":"max-image-preview:large","max-video-preview":"max-video-preview:-1"},"canonical":"https:\/\/truusk.store\/sv\/produkt\/truusk-stansbollsset-traningsset-justerbar-hojd-136-154-cm-inklusive-1-par-handskar-svart-for-proffs-och-nyborjare\/","og_locale":"sv_SE","og_type":"article","og_title":"TRUUSK Stansbollsset Tr\u00e4ningsset - Justerbar h\u00f6jd 136-154 cm - Inklusive 1 par handskar - Svart - F\u00f6r proffs och nyb\u00f6rjare - TRUUSK - Hem, Tr\u00e4dg\u00e5rd &amp; Fritid","og_description":"Kom i form med stansbollssetet. Tr\u00e4ning med stansbollen fr\u00e4mjar kondition, muskler, reflexer och hand-\u00f6ga-koordination. Stansbollens fot \u00e4r utrustad med sugkoppar...","og_url":"https:\/\/truusk.store\/sv\/produkt\/truusk-stansbollsset-traningsset-justerbar-hojd-136-154-cm-inklusive-1-par-handskar-svart-for-proffs-och-nyborjare\/","og_site_name":"TRUUSK - Hem, Tr\u00e4dg\u00e5rd &amp; Fritid","article_modified_time":"2026-03-12T07:58:27+00:00","og_image":[{"width":800,"height":800,"url":"https:\/\/i0.wp.com\/truusk.se\/wp-content\/uploads\/2024\/02\/stansbollsset-stabox-traningsset-136-154-cm-hojdjusterbart-med-1-par-handskar-lampliga-for-proffs-och-nyborjare-svart.webp?fit=800%2C800&ssl=1","type":"image\/webp"}],"twitter_card":"summary_large_image","twitter_misc":{"Ber\u00e4knad l\u00e4stid":"1 minut"},"schema":{"@context":"https:\/\/schema.org","@graph":[{"@type":"WebPage","@id":"https:\/\/truusk.store\/sv\/produkt\/truusk-stansbollsset-traningsset-justerbar-hojd-136-154-cm-inklusive-1-par-handskar-svart-for-proffs-och-nyborjare\/","url":"https:\/\/truusk.store\/sv\/produkt\/truusk-stansbollsset-traningsset-justerbar-hojd-136-154-cm-inklusive-1-par-handskar-svart-for-proffs-och-nyborjare\/","name":"TRUUSK Stansbollsset Tr\u00e4ningsset - Justerbar h\u00f6jd 136-154 cm - Inklusive 1 par handskar - Svart - F\u00f6r proffs och nyb\u00f6rjare - TRUUSK - Hem, Tr\u00e4dg\u00e5rd &amp; Fritid","isPartOf":{"@id":"https:\/\/truusk.store\/sv\/#website"},"primaryImageOfPage":{"@id":"https:\/\/truusk.store\/sv\/produkt\/truusk-stansbollsset-traningsset-justerbar-hojd-136-154-cm-inklusive-1-par-handskar-svart-for-proffs-och-nyborjare\/#primaryimage"},"image":{"@id":"https:\/\/truusk.store\/sv\/produkt\/truusk-stansbollsset-traningsset-justerbar-hojd-136-154-cm-inklusive-1-par-handskar-svart-for-proffs-och-nyborjare\/#primaryimage"},"thumbnailUrl":"https:\/\/i0.wp.com\/truusk.store\/wp-content\/uploads\/2024\/02\/stansbollsset-stabox-traningsset-136-154-cm-hojdjusterbart-med-1-par-handskar-lampliga-for-proffs-och-nyborjare-svart.webp?fit=800%2C800&ssl=1","datePublished":"2024-02-13T10:52:03+00:00","dateModified":"2026-03-12T07:58:27+00:00","breadcrumb":{"@id":"https:\/\/truusk.store\/sv\/produkt\/truusk-stansbollsset-traningsset-justerbar-hojd-136-154-cm-inklusive-1-par-handskar-svart-for-proffs-och-nyborjare\/#breadcrumb"},"inLanguage":"sv-SE","potentialAction":[{"@type":"ReadAction","target":["https:\/\/truusk.store\/sv\/produkt\/truusk-stansbollsset-traningsset-justerbar-hojd-136-154-cm-inklusive-1-par-handskar-svart-for-proffs-och-nyborjare\/"]}]},{"@type":"ImageObject","inLanguage":"sv-SE","@id":"https:\/\/truusk.store\/sv\/produkt\/truusk-stansbollsset-traningsset-justerbar-hojd-136-154-cm-inklusive-1-par-handskar-svart-for-proffs-och-nyborjare\/#primaryimage","url":"https:\/\/i0.wp.com\/truusk.store\/wp-content\/uploads\/2024\/02\/stansbollsset-stabox-traningsset-136-154-cm-hojdjusterbart-med-1-par-handskar-lampliga-for-proffs-och-nyborjare-svart.webp?fit=800%2C800&ssl=1","contentUrl":"https:\/\/i0.wp.com\/truusk.store\/wp-content\/uploads\/2024\/02\/stansbollsset-stabox-traningsset-136-154-cm-hojdjusterbart-med-1-par-handskar-lampliga-for-proffs-och-nyborjare-svart.webp?fit=800%2C800&ssl=1","width":800,"height":800,"caption":"Stansbollsset St\u00e5box Tr\u00e4ningsset 136-154 Cm H\u00f6jdjusterbart Med 1 Par Handskar L\u00e4mpliga F\u00f6r Proffs Och Nyb\u00f6rjare Svart 1"},{"@type":"BreadcrumbList","@id":"https:\/\/truusk.store\/sv\/produkt\/truusk-stansbollsset-traningsset-justerbar-hojd-136-154-cm-inklusive-1-par-handskar-svart-for-proffs-och-nyborjare\/#breadcrumb","itemListElement":[{"@type":"ListItem","position":1,"name":"Home","item":"https:\/\/truusk.store\/sv\/"},{"@type":"ListItem","position":2,"name":"Shop","item":"https:\/\/truusk.store\/shop\/"},{"@type":"ListItem","position":3,"name":"TRUUSK Stansbollsset Tr\u00e4ningsset &#8211; Justerbar h\u00f6jd 136-154 cm &#8211; Inklusive 1 par handskar &#8211; Svart &#8211; F\u00f6r proffs och nyb\u00f6rjare"}]},{"@type":"WebSite","@id":"https:\/\/truusk.store\/sv\/#website","url":"https:\/\/truusk.store\/sv\/","name":"TRUUSK - Hem, Tr\u00e4dg\u00e5rd & Fritid","description":"","publisher":{"@id":"https:\/\/truusk.store\/sv\/#organization"},"potentialAction":[{"@type":"SearchAction","target":{"@type":"EntryPoint","urlTemplate":"https:\/\/truusk.store\/sv\/?s={search_term_string}"},"query-input":{"@type":"PropertyValueSpecification","valueRequired":true,"valueName":"search_term_string"}}],"inLanguage":"sv-SE"},{"@type":"Organization","@id":"https:\/\/truusk.store\/sv\/#organization","name":"TRUUSK - Hem, Tr\u00e4dg\u00e5rd & Fritid","url":"https:\/\/truusk.store\/sv\/","logo":{"@type":"ImageObject","inLanguage":"sv-SE","@id":"https:\/\/truusk.store\/sv\/#\/schema\/logo\/image\/","url":"https:\/\/i0.wp.com\/truusk.store\/wp-content\/uploads\/2026\/03\/cropped-TRUUSK.png?fit=2032%2C917&ssl=1","contentUrl":"https:\/\/i0.wp.com\/truusk.store\/wp-content\/uploads\/2026\/03\/cropped-TRUUSK.png?fit=2032%2C917&ssl=1","width":2032,"height":917,"caption":"TRUUSK - Hem, Tr\u00e4dg\u00e5rd & Fritid"},"image":{"@id":"https:\/\/truusk.store\/sv\/#\/schema\/logo\/image\/"}}]}},"jetpack_sharing_enabled":true,"_links":{"self":[{"href":"https:\/\/truusk.store\/sv\/wp-json\/wp\/v2\/product\/13908","targetHints":{"allow":["GET"]}}],"collection":[{"href":"https:\/\/truusk.store\/sv\/wp-json\/wp\/v2\/product"}],"about":[{"href":"https:\/\/truusk.store\/sv\/wp-json\/wp\/v2\/types\/product"}],"wp:featuredmedia":[{"embeddable":true,"href":"https:\/\/truusk.store\/sv\/wp-json\/wp\/v2\/media\/13909"}],"wp:attachment":[{"href":"https:\/\/truusk.store\/sv\/wp-json\/wp\/v2\/media?parent=13908"}],"wp:term":[{"taxonomy":"product_brand","embeddable":true,"href":"https:\/\/truusk.store\/sv\/wp-json\/wp\/v2\/product_brand?post=13908"},{"taxonomy":"product_cat","embeddable":true,"href":"https:\/\/truusk.store\/sv\/wp-json\/wp\/v2\/product_cat?post=13908"},{"taxonomy":"product_tag","embeddable":true,"href":"https:\/\/truusk.store\/sv\/wp-json\/wp\/v2\/product_tag?post=13908"}],"curies":[{"name":"wp","href":"https:\/\/api.w.org\/{rel}","templated":true}]}}