{"id":13972,"date":"2024-02-13T11:53:46","date_gmt":"2024-02-13T10:53:46","guid":{"rendered":"https:\/\/truusk.store\/product\/utrustningsskap-dubbeldorr-gangjarnslock-2-hyllor-vaderbestandig-naturligt-tra-gra-74-x-43-x-88cm\/"},"modified":"2026-03-12T08:58:28","modified_gmt":"2026-03-12T07:58:28","slug":"truusk-utrustningsskap-dubbeldorr-gangjarnslock-2-hyllor-vaderbestandig-naturligt-tra-gra-74-x-43-x-88cm","status":"publish","type":"product","link":"https:\/\/truusk.store\/sv\/produkt\/truusk-utrustningsskap-dubbeldorr-gangjarnslock-2-hyllor-vaderbestandig-naturligt-tra-gra-74-x-43-x-88cm\/","title":{"rendered":"TRUUSK Utrustningssk\u00e5p &#8211; Dubbeld\u00f6rr &#8211; G\u00e5ngj\u00e4rnslock &#8211; 2 Hyllor &#8211; V\u00e4derbest\u00e4ndig &#8211; Naturligt Tr\u00e4 &#8211; Gr\u00e5 &#8211; 74 x 43 x 88cm"},"content":{"rendered":"<p>V\u00e5rt tr\u00e4dg\u00e5rdssk\u00e5p av glaserat grantr\u00e4 erbjuder dig den perfekta l\u00f6sningen f\u00f6r att f\u00f6rvara dina tr\u00e4dg\u00e5rdsredskap. Tack vare sin kompakta storlek och v\u00e4derbest\u00e4ndighet \u00e4r den idealisk f\u00f6r utomhusomr\u00e5den, som tr\u00e4dg\u00e5rden eller terrassen. Inuti hittar du tv\u00e5 rymliga fack d\u00e4r du snyggt kan f\u00f6rvara din tr\u00e4dg\u00e5rdsutrustning och redskap. Det g\u00e5ngj\u00e4rnsf\u00f6rsedda locket ger snabb och enkel \u00e5tkomst till dina enheter.<\/p>\n<h3>Beskrivning:<\/h3>\n<ul>\n<li>Utrustningssk\u00e5p f\u00f6r utomhusbruk<\/li>\n<li>Tillverkad av glaserat grantr\u00e4, robust och vattent\u00e4t<\/li>\n<li>Locket kan \u00f6ppnas och t\u00e4ckas med bitumen, v\u00e4derbest\u00e4ndigt<\/li>\n<li>2 hyllor ger tillr\u00e4ckligt med f\u00f6rvaringsutrymme<\/li>\n<li>Dubbeld\u00f6rr med handtag f\u00f6r enkel st\u00e4ngning<\/li>\n<li>Enkel konstruktion<\/li>\n<\/ul>\n<h3>Teknisk data:<\/h3>\n<ul>\n<li>Material: gran<\/li>\n<li>F\u00e4rg gr\u00e5<\/li>\n<li>\u00d6vergripande m\u00e5tt: L74 x B43 x H88 cm<\/li>\n<li>M\u00e5tt p\u00e5 hyllan: L66 x B33 cm<\/li>\n<li>Basyta: 0,2652 m, 68L x 39W cm<\/li>\n<li>Max lastkapacitet: 15 kg per fack<\/li>\n<\/ul>\n<h3>Leveransens omfattning:<\/h3>\n<ul>\n<li>1 x utrustningssk\u00e5p;<\/li>\n<\/ul>\n","protected":false},"excerpt":{"rendered":"<p>V\u00e5rt tr\u00e4dg\u00e5rdssk\u00e5p av glaserat grantr\u00e4 erbjuder dig den perfekta l\u00f6sningen f\u00f6r att f\u00f6rvara dina tr\u00e4dg\u00e5rdsredskap. Tack vare sin kompakta storlek&#8230;<\/p>\n","protected":false},"featured_media":13973,"template":"","meta":[],"product_brand":[],"product_cat":[436,435,437],"product_tag":[],"class_list":{"0":"post-13972","1":"product","2":"type-product","3":"status-publish","4":"has-post-thumbnail","6":"product_cat-bestall-i-tradgarden","7":"product_cat-tradgard-och-terrass","8":"product_cat-tradgardsskap","10":"first","11":"instock","12":"sale","13":"taxable","14":"shipping-taxable","15":"purchasable","16":"product-type-simple"},"yoast_head":"<!-- This site is optimized with the Yoast SEO plugin v25.4 - https:\/\/yoast.com\/wordpress\/plugins\/seo\/ -->\n<title>TRUUSK Utrustningssk\u00e5p - Dubbeld\u00f6rr - G\u00e5ngj\u00e4rnslock - 2 Hyllor - V\u00e4derbest\u00e4ndig - Naturligt Tr\u00e4 - Gr\u00e5 - 74 x 43 x 88cm - TRUUSK - Hem, Tr\u00e4dg\u00e5rd &amp; Fritid<\/title>\n<meta name=\"robots\" content=\"index, follow, max-snippet:-1, max-image-preview:large, max-video-preview:-1\" \/>\n<link rel=\"canonical\" href=\"https:\/\/truusk.store\/sv\/produkt\/truusk-utrustningsskap-dubbeldorr-gangjarnslock-2-hyllor-vaderbestandig-naturligt-tra-gra-74-x-43-x-88cm\/\" \/>\n<meta property=\"og:locale\" content=\"sv_SE\" \/>\n<meta property=\"og:type\" content=\"article\" \/>\n<meta property=\"og:title\" content=\"TRUUSK Utrustningssk\u00e5p - Dubbeld\u00f6rr - G\u00e5ngj\u00e4rnslock - 2 Hyllor - V\u00e4derbest\u00e4ndig - Naturligt Tr\u00e4 - Gr\u00e5 - 74 x 43 x 88cm - TRUUSK - Hem, Tr\u00e4dg\u00e5rd &amp; Fritid\" \/>\n<meta property=\"og:description\" content=\"V\u00e5rt tr\u00e4dg\u00e5rdssk\u00e5p av glaserat grantr\u00e4 erbjuder dig den perfekta l\u00f6sningen f\u00f6r att f\u00f6rvara dina tr\u00e4dg\u00e5rdsredskap. Tack vare sin kompakta storlek...\" \/>\n<meta property=\"og:url\" content=\"https:\/\/truusk.store\/sv\/produkt\/truusk-utrustningsskap-dubbeldorr-gangjarnslock-2-hyllor-vaderbestandig-naturligt-tra-gra-74-x-43-x-88cm\/\" \/>\n<meta property=\"og:site_name\" content=\"TRUUSK - Hem, Tr\u00e4dg\u00e5rd &amp; Fritid\" \/>\n<meta property=\"article:modified_time\" content=\"2026-03-12T07:58:28+00:00\" \/>\n<meta property=\"og:image\" content=\"https:\/\/i0.wp.com\/truusk.se\/wp-content\/uploads\/2024\/02\/utrustningsskap-dubbeldorr-gangjarnslock-2-hyllor-vaderbestandig-naturligt-tra-gra-74-x-43-x-88cm.webp?fit=800%2C800&ssl=1\" \/>\n\t<meta property=\"og:image:width\" content=\"800\" \/>\n\t<meta property=\"og:image:height\" content=\"800\" \/>\n\t<meta property=\"og:image:type\" content=\"image\/webp\" \/>\n<meta name=\"twitter:card\" content=\"summary_large_image\" \/>\n<meta name=\"twitter:label1\" content=\"Ber\u00e4knad l\u00e4stid\" \/>\n\t<meta name=\"twitter:data1\" content=\"1 minut\" \/>\n<!-- \/ Yoast SEO plugin. -->","yoast_head_json":{"title":"TRUUSK Utrustningssk\u00e5p - Dubbeld\u00f6rr - G\u00e5ngj\u00e4rnslock - 2 Hyllor - V\u00e4derbest\u00e4ndig - Naturligt Tr\u00e4 - Gr\u00e5 - 74 x 43 x 88cm - TRUUSK - Hem, Tr\u00e4dg\u00e5rd &amp; Fritid","robots":{"index":"index","follow":"follow","max-snippet":"max-snippet:-1","max-image-preview":"max-image-preview:large","max-video-preview":"max-video-preview:-1"},"canonical":"https:\/\/truusk.store\/sv\/produkt\/truusk-utrustningsskap-dubbeldorr-gangjarnslock-2-hyllor-vaderbestandig-naturligt-tra-gra-74-x-43-x-88cm\/","og_locale":"sv_SE","og_type":"article","og_title":"TRUUSK Utrustningssk\u00e5p - Dubbeld\u00f6rr - G\u00e5ngj\u00e4rnslock - 2 Hyllor - V\u00e4derbest\u00e4ndig - Naturligt Tr\u00e4 - Gr\u00e5 - 74 x 43 x 88cm - TRUUSK - Hem, Tr\u00e4dg\u00e5rd &amp; Fritid","og_description":"V\u00e5rt tr\u00e4dg\u00e5rdssk\u00e5p av glaserat grantr\u00e4 erbjuder dig den perfekta l\u00f6sningen f\u00f6r att f\u00f6rvara dina tr\u00e4dg\u00e5rdsredskap. Tack vare sin kompakta storlek...","og_url":"https:\/\/truusk.store\/sv\/produkt\/truusk-utrustningsskap-dubbeldorr-gangjarnslock-2-hyllor-vaderbestandig-naturligt-tra-gra-74-x-43-x-88cm\/","og_site_name":"TRUUSK - Hem, Tr\u00e4dg\u00e5rd &amp; Fritid","article_modified_time":"2026-03-12T07:58:28+00:00","og_image":[{"width":800,"height":800,"url":"https:\/\/i0.wp.com\/truusk.se\/wp-content\/uploads\/2024\/02\/utrustningsskap-dubbeldorr-gangjarnslock-2-hyllor-vaderbestandig-naturligt-tra-gra-74-x-43-x-88cm.webp?fit=800%2C800&ssl=1","type":"image\/webp"}],"twitter_card":"summary_large_image","twitter_misc":{"Ber\u00e4knad l\u00e4stid":"1 minut"},"schema":{"@context":"https:\/\/schema.org","@graph":[{"@type":"WebPage","@id":"https:\/\/truusk.store\/sv\/produkt\/truusk-utrustningsskap-dubbeldorr-gangjarnslock-2-hyllor-vaderbestandig-naturligt-tra-gra-74-x-43-x-88cm\/","url":"https:\/\/truusk.store\/sv\/produkt\/truusk-utrustningsskap-dubbeldorr-gangjarnslock-2-hyllor-vaderbestandig-naturligt-tra-gra-74-x-43-x-88cm\/","name":"TRUUSK Utrustningssk\u00e5p - Dubbeld\u00f6rr - G\u00e5ngj\u00e4rnslock - 2 Hyllor - V\u00e4derbest\u00e4ndig - Naturligt Tr\u00e4 - Gr\u00e5 - 74 x 43 x 88cm - TRUUSK - Hem, Tr\u00e4dg\u00e5rd &amp; Fritid","isPartOf":{"@id":"https:\/\/truusk.store\/sv\/#website"},"primaryImageOfPage":{"@id":"https:\/\/truusk.store\/sv\/produkt\/truusk-utrustningsskap-dubbeldorr-gangjarnslock-2-hyllor-vaderbestandig-naturligt-tra-gra-74-x-43-x-88cm\/#primaryimage"},"image":{"@id":"https:\/\/truusk.store\/sv\/produkt\/truusk-utrustningsskap-dubbeldorr-gangjarnslock-2-hyllor-vaderbestandig-naturligt-tra-gra-74-x-43-x-88cm\/#primaryimage"},"thumbnailUrl":"https:\/\/i0.wp.com\/truusk.store\/wp-content\/uploads\/2024\/02\/utrustningsskap-dubbeldorr-gangjarnslock-2-hyllor-vaderbestandig-naturligt-tra-gra-74-x-43-x-88cm.webp?fit=800%2C800&ssl=1","datePublished":"2024-02-13T10:53:46+00:00","dateModified":"2026-03-12T07:58:28+00:00","breadcrumb":{"@id":"https:\/\/truusk.store\/sv\/produkt\/truusk-utrustningsskap-dubbeldorr-gangjarnslock-2-hyllor-vaderbestandig-naturligt-tra-gra-74-x-43-x-88cm\/#breadcrumb"},"inLanguage":"sv-SE","potentialAction":[{"@type":"ReadAction","target":["https:\/\/truusk.store\/sv\/produkt\/truusk-utrustningsskap-dubbeldorr-gangjarnslock-2-hyllor-vaderbestandig-naturligt-tra-gra-74-x-43-x-88cm\/"]}]},{"@type":"ImageObject","inLanguage":"sv-SE","@id":"https:\/\/truusk.store\/sv\/produkt\/truusk-utrustningsskap-dubbeldorr-gangjarnslock-2-hyllor-vaderbestandig-naturligt-tra-gra-74-x-43-x-88cm\/#primaryimage","url":"https:\/\/i0.wp.com\/truusk.store\/wp-content\/uploads\/2024\/02\/utrustningsskap-dubbeldorr-gangjarnslock-2-hyllor-vaderbestandig-naturligt-tra-gra-74-x-43-x-88cm.webp?fit=800%2C800&ssl=1","contentUrl":"https:\/\/i0.wp.com\/truusk.store\/wp-content\/uploads\/2024\/02\/utrustningsskap-dubbeldorr-gangjarnslock-2-hyllor-vaderbestandig-naturligt-tra-gra-74-x-43-x-88cm.webp?fit=800%2C800&ssl=1","width":800,"height":800,"caption":"Utrustningssk\u00e5p, Dubbeld\u00f6rr, G\u00e5ngj\u00e4rnslock, 2 Hyllor, V\u00e4derbest\u00e4ndig, Naturligt Tr\u00e4, Gr\u00e5, 74 X 43 X 88cm 1"},{"@type":"BreadcrumbList","@id":"https:\/\/truusk.store\/sv\/produkt\/truusk-utrustningsskap-dubbeldorr-gangjarnslock-2-hyllor-vaderbestandig-naturligt-tra-gra-74-x-43-x-88cm\/#breadcrumb","itemListElement":[{"@type":"ListItem","position":1,"name":"Home","item":"https:\/\/truusk.store\/sv\/"},{"@type":"ListItem","position":2,"name":"Shop","item":"https:\/\/truusk.store\/shop\/"},{"@type":"ListItem","position":3,"name":"TRUUSK Utrustningssk\u00e5p &#8211; Dubbeld\u00f6rr &#8211; G\u00e5ngj\u00e4rnslock &#8211; 2 Hyllor &#8211; V\u00e4derbest\u00e4ndig &#8211; Naturligt Tr\u00e4 &#8211; Gr\u00e5 &#8211; 74 x 43 x 88cm"}]},{"@type":"WebSite","@id":"https:\/\/truusk.store\/sv\/#website","url":"https:\/\/truusk.store\/sv\/","name":"TRUUSK - Hem, Tr\u00e4dg\u00e5rd & Fritid","description":"","publisher":{"@id":"https:\/\/truusk.store\/sv\/#organization"},"potentialAction":[{"@type":"SearchAction","target":{"@type":"EntryPoint","urlTemplate":"https:\/\/truusk.store\/sv\/?s={search_term_string}"},"query-input":{"@type":"PropertyValueSpecification","valueRequired":true,"valueName":"search_term_string"}}],"inLanguage":"sv-SE"},{"@type":"Organization","@id":"https:\/\/truusk.store\/sv\/#organization","name":"TRUUSK - Hem, Tr\u00e4dg\u00e5rd & Fritid","url":"https:\/\/truusk.store\/sv\/","logo":{"@type":"ImageObject","inLanguage":"sv-SE","@id":"https:\/\/truusk.store\/sv\/#\/schema\/logo\/image\/","url":"https:\/\/i0.wp.com\/truusk.store\/wp-content\/uploads\/2026\/03\/cropped-TRUUSK.png?fit=2032%2C917&ssl=1","contentUrl":"https:\/\/i0.wp.com\/truusk.store\/wp-content\/uploads\/2026\/03\/cropped-TRUUSK.png?fit=2032%2C917&ssl=1","width":2032,"height":917,"caption":"TRUUSK - Hem, Tr\u00e4dg\u00e5rd & Fritid"},"image":{"@id":"https:\/\/truusk.store\/sv\/#\/schema\/logo\/image\/"}}]}},"jetpack_sharing_enabled":true,"_links":{"self":[{"href":"https:\/\/truusk.store\/sv\/wp-json\/wp\/v2\/product\/13972","targetHints":{"allow":["GET"]}}],"collection":[{"href":"https:\/\/truusk.store\/sv\/wp-json\/wp\/v2\/product"}],"about":[{"href":"https:\/\/truusk.store\/sv\/wp-json\/wp\/v2\/types\/product"}],"wp:featuredmedia":[{"embeddable":true,"href":"https:\/\/truusk.store\/sv\/wp-json\/wp\/v2\/media\/13973"}],"wp:attachment":[{"href":"https:\/\/truusk.store\/sv\/wp-json\/wp\/v2\/media?parent=13972"}],"wp:term":[{"taxonomy":"product_brand","embeddable":true,"href":"https:\/\/truusk.store\/sv\/wp-json\/wp\/v2\/product_brand?post=13972"},{"taxonomy":"product_cat","embeddable":true,"href":"https:\/\/truusk.store\/sv\/wp-json\/wp\/v2\/product_cat?post=13972"},{"taxonomy":"product_tag","embeddable":true,"href":"https:\/\/truusk.store\/sv\/wp-json\/wp\/v2\/product_tag?post=13972"}],"curies":[{"name":"wp","href":"https:\/\/api.w.org\/{rel}","templated":true}]}}