{"id":14045,"date":"2024-02-13T11:55:54","date_gmt":"2024-02-13T10:55:54","guid":{"rendered":"https:\/\/truusk.store\/product\/djurtrappa-katttrappa-hundtrappa-3-steg-trappor-for-katter-och-hundar-plyschkram-45-x-35-x-34-cm\/"},"modified":"2026-03-12T08:59:08","modified_gmt":"2026-03-12T07:59:08","slug":"truusk-djurtrappa-for-katter-och-hundar-3-steg-plyschkram-45-x-35-x-34-cm","status":"publish","type":"product","link":"https:\/\/truusk.store\/sv\/produkt\/truusk-djurtrappa-for-katter-och-hundar-3-steg-plyschkram-45-x-35-x-34-cm\/","title":{"rendered":"TRUUSK Djurtrappa f\u00f6r Katter och Hundar &#8211; 3 Steg &#8211; Plyschkr\u00e4m &#8211; 45 x 35 x 34 cm"},"content":{"rendered":"<p>Denna roliga och hj\u00e4lpsamma trappa g\u00f6r det enkelt f\u00f6r sm\u00e5 eller \u00e5ldrande husdjur att s\u00e4kert kl\u00e4ttra till h\u00f6gre mark. Ramen \u00e4r gjord av massiv sp\u00e5nskiva, varje steg \u00e4r t\u00e4ckt med ett mjukt plysch\u00f6verdrag, vilket ger en skonsam yta som \u00e4r mjuk mot tassarna f\u00f6r att minska sm\u00e4rtan vid kl\u00e4ttring. Skrapstolpar med sisalrep hj\u00e4lper till att v\u00e4ssa kattens klor samtidigt som du skyddar dina m\u00f6bler.<\/p>\n<h3>Beskrivning:<\/h3>\n<ul>\n<li>Byggd av E1 niv\u00e5 sp\u00e5nskiva och h\u00f6gkvalitativ plysch i en h\u00e5llbar konstruktion<\/li>\n<li>Bekv\u00e4ma 3 steg \u00e4r avg\u00f6rande f\u00f6r \u00e4ldre och mindre hundar<\/li>\n<li>L\u00e4tt, b\u00e4rbar, l\u00e4tt att flytta<\/li>\n<li>Husdjur kan anv\u00e4nda den f\u00f6r att kl\u00e4ttra i bil, lastbil, soffa och s\u00e4ng<\/li>\n<li>400g\/plysch anv\u00e4nds f\u00f6r extra komfort<\/li>\n<li>L\u00e4mplig f\u00f6r anv\u00e4ndning inomhus och utomhus<\/li>\n<\/ul>\n<h3>Teknisk data:<\/h3>\n<ul>\n<li>Material: sp\u00e5nskiva, plysch<\/li>\n<li>F\u00e4rg: Kr\u00e4m<\/li>\n<li>Lastkapacitet: 50 kg<\/li>\n<li>Totala m\u00e5tt: 45L x 35W x 34H cm<\/li>\n<li>Stegh\u00f6jd: 11 cm<\/li>\n<li>F\u00f6rpackningsstorlek 49L x 16W x 37H cm<\/li>\n<li>Artikelnummer: D33-003<\/li>\n<\/ul>\n<h3>Leveransens omfattning:<\/h3>\n<ul>\n<li>1x djurtrappa<\/li>\n<\/ul>\n","protected":false},"excerpt":{"rendered":"<p>Denna roliga och hj\u00e4lpsamma trappa g\u00f6r det enkelt f\u00f6r sm\u00e5 eller \u00e5ldrande husdjur att s\u00e4kert kl\u00e4ttra till h\u00f6gre mark. Ramen&#8230;<\/p>\n","protected":false},"featured_media":14046,"template":"","meta":[],"product_brand":[],"product_cat":[573,588,589],"product_tag":[],"class_list":{"0":"post-14045","1":"product","2":"type-product","3":"status-publish","4":"has-post-thumbnail","6":"product_cat-husdjursmaterial","7":"product_cat-katttillbehor","8":"product_cat-skrapande-inlagg","10":"first","11":"instock","12":"sale","13":"taxable","14":"shipping-taxable","15":"purchasable","16":"product-type-simple"},"yoast_head":"<!-- This site is optimized with the Yoast SEO plugin v25.4 - https:\/\/yoast.com\/wordpress\/plugins\/seo\/ -->\n<title>TRUUSK Djurtrappa f\u00f6r Katter och Hundar - 3 Steg - Plyschkr\u00e4m - 45 x 35 x 34 cm - TRUUSK - Hem, Tr\u00e4dg\u00e5rd &amp; Fritid<\/title>\n<meta name=\"robots\" content=\"index, follow, max-snippet:-1, max-image-preview:large, max-video-preview:-1\" \/>\n<link rel=\"canonical\" href=\"https:\/\/truusk.store\/sv\/produkt\/truusk-djurtrappa-for-katter-och-hundar-3-steg-plyschkram-45-x-35-x-34-cm\/\" \/>\n<meta property=\"og:locale\" content=\"sv_SE\" \/>\n<meta property=\"og:type\" content=\"article\" \/>\n<meta property=\"og:title\" content=\"TRUUSK Djurtrappa f\u00f6r Katter och Hundar - 3 Steg - Plyschkr\u00e4m - 45 x 35 x 34 cm - TRUUSK - Hem, Tr\u00e4dg\u00e5rd &amp; Fritid\" \/>\n<meta property=\"og:description\" content=\"Denna roliga och hj\u00e4lpsamma trappa g\u00f6r det enkelt f\u00f6r sm\u00e5 eller \u00e5ldrande husdjur att s\u00e4kert kl\u00e4ttra till h\u00f6gre mark. Ramen...\" \/>\n<meta property=\"og:url\" content=\"https:\/\/truusk.store\/sv\/produkt\/truusk-djurtrappa-for-katter-och-hundar-3-steg-plyschkram-45-x-35-x-34-cm\/\" \/>\n<meta property=\"og:site_name\" content=\"TRUUSK - Hem, Tr\u00e4dg\u00e5rd &amp; Fritid\" \/>\n<meta property=\"article:modified_time\" content=\"2026-03-12T07:59:08+00:00\" \/>\n<meta property=\"og:image\" content=\"https:\/\/i0.wp.com\/truusk.se\/wp-content\/uploads\/2024\/02\/djurtrappa-katttrappa-hundtrappa-3-steg-trappor-for-katter-och-hundar-plyschkram-45-x-35-x-34-cm.webp?fit=800%2C800&ssl=1\" \/>\n\t<meta property=\"og:image:width\" content=\"800\" \/>\n\t<meta property=\"og:image:height\" content=\"800\" \/>\n\t<meta property=\"og:image:type\" content=\"image\/webp\" \/>\n<meta name=\"twitter:card\" content=\"summary_large_image\" \/>\n<meta name=\"twitter:label1\" content=\"Ber\u00e4knad l\u00e4stid\" \/>\n\t<meta name=\"twitter:data1\" content=\"1 minut\" \/>\n<!-- \/ Yoast SEO plugin. -->","yoast_head_json":{"title":"TRUUSK Djurtrappa f\u00f6r Katter och Hundar - 3 Steg - Plyschkr\u00e4m - 45 x 35 x 34 cm - TRUUSK - Hem, Tr\u00e4dg\u00e5rd &amp; Fritid","robots":{"index":"index","follow":"follow","max-snippet":"max-snippet:-1","max-image-preview":"max-image-preview:large","max-video-preview":"max-video-preview:-1"},"canonical":"https:\/\/truusk.store\/sv\/produkt\/truusk-djurtrappa-for-katter-och-hundar-3-steg-plyschkram-45-x-35-x-34-cm\/","og_locale":"sv_SE","og_type":"article","og_title":"TRUUSK Djurtrappa f\u00f6r Katter och Hundar - 3 Steg - Plyschkr\u00e4m - 45 x 35 x 34 cm - TRUUSK - Hem, Tr\u00e4dg\u00e5rd &amp; Fritid","og_description":"Denna roliga och hj\u00e4lpsamma trappa g\u00f6r det enkelt f\u00f6r sm\u00e5 eller \u00e5ldrande husdjur att s\u00e4kert kl\u00e4ttra till h\u00f6gre mark. Ramen...","og_url":"https:\/\/truusk.store\/sv\/produkt\/truusk-djurtrappa-for-katter-och-hundar-3-steg-plyschkram-45-x-35-x-34-cm\/","og_site_name":"TRUUSK - Hem, Tr\u00e4dg\u00e5rd &amp; Fritid","article_modified_time":"2026-03-12T07:59:08+00:00","og_image":[{"width":800,"height":800,"url":"https:\/\/i0.wp.com\/truusk.se\/wp-content\/uploads\/2024\/02\/djurtrappa-katttrappa-hundtrappa-3-steg-trappor-for-katter-och-hundar-plyschkram-45-x-35-x-34-cm.webp?fit=800%2C800&ssl=1","type":"image\/webp"}],"twitter_card":"summary_large_image","twitter_misc":{"Ber\u00e4knad l\u00e4stid":"1 minut"},"schema":{"@context":"https:\/\/schema.org","@graph":[{"@type":"WebPage","@id":"https:\/\/truusk.store\/sv\/produkt\/truusk-djurtrappa-for-katter-och-hundar-3-steg-plyschkram-45-x-35-x-34-cm\/","url":"https:\/\/truusk.store\/sv\/produkt\/truusk-djurtrappa-for-katter-och-hundar-3-steg-plyschkram-45-x-35-x-34-cm\/","name":"TRUUSK Djurtrappa f\u00f6r Katter och Hundar - 3 Steg - Plyschkr\u00e4m - 45 x 35 x 34 cm - TRUUSK - Hem, Tr\u00e4dg\u00e5rd &amp; Fritid","isPartOf":{"@id":"https:\/\/truusk.store\/sv\/#website"},"primaryImageOfPage":{"@id":"https:\/\/truusk.store\/sv\/produkt\/truusk-djurtrappa-for-katter-och-hundar-3-steg-plyschkram-45-x-35-x-34-cm\/#primaryimage"},"image":{"@id":"https:\/\/truusk.store\/sv\/produkt\/truusk-djurtrappa-for-katter-och-hundar-3-steg-plyschkram-45-x-35-x-34-cm\/#primaryimage"},"thumbnailUrl":"https:\/\/i0.wp.com\/truusk.store\/wp-content\/uploads\/2024\/02\/djurtrappa-katttrappa-hundtrappa-3-steg-trappor-for-katter-och-hundar-plyschkram-45-x-35-x-34-cm.webp?fit=800%2C800&ssl=1","datePublished":"2024-02-13T10:55:54+00:00","dateModified":"2026-03-12T07:59:08+00:00","breadcrumb":{"@id":"https:\/\/truusk.store\/sv\/produkt\/truusk-djurtrappa-for-katter-och-hundar-3-steg-plyschkram-45-x-35-x-34-cm\/#breadcrumb"},"inLanguage":"sv-SE","potentialAction":[{"@type":"ReadAction","target":["https:\/\/truusk.store\/sv\/produkt\/truusk-djurtrappa-for-katter-och-hundar-3-steg-plyschkram-45-x-35-x-34-cm\/"]}]},{"@type":"ImageObject","inLanguage":"sv-SE","@id":"https:\/\/truusk.store\/sv\/produkt\/truusk-djurtrappa-for-katter-och-hundar-3-steg-plyschkram-45-x-35-x-34-cm\/#primaryimage","url":"https:\/\/i0.wp.com\/truusk.store\/wp-content\/uploads\/2024\/02\/djurtrappa-katttrappa-hundtrappa-3-steg-trappor-for-katter-och-hundar-plyschkram-45-x-35-x-34-cm.webp?fit=800%2C800&ssl=1","contentUrl":"https:\/\/i0.wp.com\/truusk.store\/wp-content\/uploads\/2024\/02\/djurtrappa-katttrappa-hundtrappa-3-steg-trappor-for-katter-och-hundar-plyschkram-45-x-35-x-34-cm.webp?fit=800%2C800&ssl=1","width":800,"height":800,"caption":"Djurtrappa Katttrappa Hundtrappa 3 Steg Trappor F\u00f6r Katter Och Hundar Plyschkr\u00e4m 45 X 35 X 34 Cm 1"},{"@type":"BreadcrumbList","@id":"https:\/\/truusk.store\/sv\/produkt\/truusk-djurtrappa-for-katter-och-hundar-3-steg-plyschkram-45-x-35-x-34-cm\/#breadcrumb","itemListElement":[{"@type":"ListItem","position":1,"name":"Home","item":"https:\/\/truusk.store\/sv\/"},{"@type":"ListItem","position":2,"name":"Shop","item":"https:\/\/truusk.store\/shop\/"},{"@type":"ListItem","position":3,"name":"TRUUSK Djurtrappa f\u00f6r Katter och Hundar &#8211; 3 Steg &#8211; Plyschkr\u00e4m &#8211; 45 x 35 x 34 cm"}]},{"@type":"WebSite","@id":"https:\/\/truusk.store\/sv\/#website","url":"https:\/\/truusk.store\/sv\/","name":"TRUUSK - Hem, Tr\u00e4dg\u00e5rd & Fritid","description":"","publisher":{"@id":"https:\/\/truusk.store\/sv\/#organization"},"potentialAction":[{"@type":"SearchAction","target":{"@type":"EntryPoint","urlTemplate":"https:\/\/truusk.store\/sv\/?s={search_term_string}"},"query-input":{"@type":"PropertyValueSpecification","valueRequired":true,"valueName":"search_term_string"}}],"inLanguage":"sv-SE"},{"@type":"Organization","@id":"https:\/\/truusk.store\/sv\/#organization","name":"TRUUSK - Hem, Tr\u00e4dg\u00e5rd & Fritid","url":"https:\/\/truusk.store\/sv\/","logo":{"@type":"ImageObject","inLanguage":"sv-SE","@id":"https:\/\/truusk.store\/sv\/#\/schema\/logo\/image\/","url":"https:\/\/i0.wp.com\/truusk.store\/wp-content\/uploads\/2026\/03\/cropped-TRUUSK.png?fit=2032%2C917&ssl=1","contentUrl":"https:\/\/i0.wp.com\/truusk.store\/wp-content\/uploads\/2026\/03\/cropped-TRUUSK.png?fit=2032%2C917&ssl=1","width":2032,"height":917,"caption":"TRUUSK - Hem, Tr\u00e4dg\u00e5rd & Fritid"},"image":{"@id":"https:\/\/truusk.store\/sv\/#\/schema\/logo\/image\/"}}]}},"jetpack_sharing_enabled":true,"_links":{"self":[{"href":"https:\/\/truusk.store\/sv\/wp-json\/wp\/v2\/product\/14045","targetHints":{"allow":["GET"]}}],"collection":[{"href":"https:\/\/truusk.store\/sv\/wp-json\/wp\/v2\/product"}],"about":[{"href":"https:\/\/truusk.store\/sv\/wp-json\/wp\/v2\/types\/product"}],"wp:featuredmedia":[{"embeddable":true,"href":"https:\/\/truusk.store\/sv\/wp-json\/wp\/v2\/media\/14046"}],"wp:attachment":[{"href":"https:\/\/truusk.store\/sv\/wp-json\/wp\/v2\/media?parent=14045"}],"wp:term":[{"taxonomy":"product_brand","embeddable":true,"href":"https:\/\/truusk.store\/sv\/wp-json\/wp\/v2\/product_brand?post=14045"},{"taxonomy":"product_cat","embeddable":true,"href":"https:\/\/truusk.store\/sv\/wp-json\/wp\/v2\/product_cat?post=14045"},{"taxonomy":"product_tag","embeddable":true,"href":"https:\/\/truusk.store\/sv\/wp-json\/wp\/v2\/product_tag?post=14045"}],"curies":[{"name":"wp","href":"https:\/\/api.w.org\/{rel}","templated":true}]}}