{"id":14066,"date":"2024-02-13T11:56:25","date_gmt":"2024-02-13T10:56:25","guid":{"rendered":"https:\/\/truusk.store\/product\/hundtransportlada-585-cm-x-81-cm-x-66-cm-dorrar-mdf-trajarn-585-cm-x-81-cm-x-66-cm-svart\/"},"modified":"2026-03-12T08:59:13","modified_gmt":"2026-03-12T07:59:13","slug":"truusk-hundtransportlada-585-cm-x-81-cm-x-66-cm-mdf-trajarn-svart-robust-konstruktion-stilren-design","status":"publish","type":"product","link":"https:\/\/truusk.store\/sv\/produkt\/truusk-hundtransportlada-585-cm-x-81-cm-x-66-cm-mdf-trajarn-svart-robust-konstruktion-stilren-design\/","title":{"rendered":"TRUUSK Hundtransportl\u00e5da 58,5 cm x 81 cm x 66 cm &#8211; MDF Tr\u00e4j\u00e4rn &#8211; Svart &#8211; Robust konstruktion &#8211; Stilren design"},"content":{"rendered":"<p>Med denna transportl\u00e5da kan du s\u00e4kert ta din hund till veterin\u00e4ren eller ta med den n\u00e4r du reser. Den solida konstruktionen av MDF-tr\u00e4 och j\u00e4rnst\u00e4nger \u00e4r stabil och s\u00e4kerst\u00e4ller skyddad transport. Metallst\u00e4ngerna s\u00e4kerst\u00e4ller god ventilation och ger din hund bra sikt. Denna transportl\u00e5da \u00e4r den idealiska transportl\u00e5dan f\u00f6r sm\u00e5 till medelstora hundar.<\/p>\n<h3>Beskrivning:<\/h3>\n<ul>\n<li>Modern design &#8211; 2 stora l\u00e5sd\u00f6rrar m\u00f6jligg\u00f6r enkel \u00e5tkomst<\/li>\n<li>En h\u00e5llbar och stabil tr\u00e4konstruktion<\/li>\n<li>Tillverkad av MDF tr\u00e4 och j\u00e4rn<\/li>\n<li>Materialet \u00e4r robust, l\u00e4ttsk\u00f6tt och h\u00e5llbart<\/li>\n<li>L\u00e4mplig f\u00f6r medelstora och sm\u00e5 hundar med en kroppsl\u00e4ngd p\u00e5 mindre \u00e4n 65 cm och en vikt p\u00e5 upp till 20 kg<\/li>\n<li>Obs: Med d\u00f6rrarna st\u00e4ngda \u00e4r denna hundbur endast l\u00e4mplig f\u00f6r korttidsboende eller f\u00f6r att transportera din hund. Hundar ska aldrig h\u00e5llas i en st\u00e4ngd bur under en l\u00e4ngre tid.<\/li>\n<\/ul>\n<h3>Teknisk data:<\/h3>\n<ul>\n<li>Svart f\u00e4rg<\/li>\n<li>Material: MDF, j\u00e4rntr\u00e5d<\/li>\n<li>\u00d6vergripande m\u00e5tt: L58,5 x B81 x H66 cm<\/li>\n<li>Ytterd\u00f6rrens storlek: B45 x H53cm<\/li>\n<li>Fr\u00e4mre h\u00e5llare storlek: B45 x H53cm<\/li>\n<li>Sidod\u00f6rrstorlek (enkeld\u00f6rrstorlek): B35 x H53 cm<\/li>\n<li>Bash\u00f6jd: 3 cm<\/li>\n<li>MDF-tjocklek: 1,2 cm<\/li>\n<li>Lastkapacitet: 30 kg<\/li>\n<\/ul>\n<h3>Leveransens omfattning:<\/h3>\n<ul>\n<li>1 x hundhus<\/li>\n<li>1 x Monteringsanvisning<\/li>\n<\/ul>\n","protected":false},"excerpt":{"rendered":"<p>Med denna transportl\u00e5da kan du s\u00e4kert ta din hund till veterin\u00e4ren eller ta med den n\u00e4r du reser. Den solida&#8230;<\/p>\n","protected":false},"featured_media":14067,"template":"","meta":[],"product_brand":[],"product_cat":[583,574,573],"product_tag":[],"class_list":{"0":"post-14066","1":"product","2":"type-product","3":"status-publish","4":"has-post-thumbnail","6":"product_cat-hundburar","7":"product_cat-hundtillbehor","8":"product_cat-husdjursmaterial","10":"first","11":"instock","12":"sale","13":"taxable","14":"shipping-taxable","15":"purchasable","16":"product-type-simple"},"yoast_head":"<!-- This site is optimized with the Yoast SEO plugin v25.4 - https:\/\/yoast.com\/wordpress\/plugins\/seo\/ -->\n<title>TRUUSK Hundtransportl\u00e5da 58,5 cm x 81 cm x 66 cm - MDF Tr\u00e4j\u00e4rn - Svart - Robust konstruktion - Stilren design - TRUUSK - Hem, Tr\u00e4dg\u00e5rd &amp; Fritid<\/title>\n<meta name=\"robots\" content=\"index, follow, max-snippet:-1, max-image-preview:large, max-video-preview:-1\" \/>\n<link rel=\"canonical\" href=\"https:\/\/truusk.store\/sv\/produkt\/truusk-hundtransportlada-585-cm-x-81-cm-x-66-cm-mdf-trajarn-svart-robust-konstruktion-stilren-design\/\" \/>\n<meta property=\"og:locale\" content=\"sv_SE\" \/>\n<meta property=\"og:type\" content=\"article\" \/>\n<meta property=\"og:title\" content=\"TRUUSK Hundtransportl\u00e5da 58,5 cm x 81 cm x 66 cm - MDF Tr\u00e4j\u00e4rn - Svart - Robust konstruktion - Stilren design - TRUUSK - Hem, Tr\u00e4dg\u00e5rd &amp; Fritid\" \/>\n<meta property=\"og:description\" content=\"Med denna transportl\u00e5da kan du s\u00e4kert ta din hund till veterin\u00e4ren eller ta med den n\u00e4r du reser. Den solida...\" \/>\n<meta property=\"og:url\" content=\"https:\/\/truusk.store\/sv\/produkt\/truusk-hundtransportlada-585-cm-x-81-cm-x-66-cm-mdf-trajarn-svart-robust-konstruktion-stilren-design\/\" \/>\n<meta property=\"og:site_name\" content=\"TRUUSK - Hem, Tr\u00e4dg\u00e5rd &amp; Fritid\" \/>\n<meta property=\"article:modified_time\" content=\"2026-03-12T07:59:13+00:00\" \/>\n<meta property=\"og:image\" content=\"https:\/\/i0.wp.com\/truusk.se\/wp-content\/uploads\/2024\/02\/hundtransportlada-585-cm-x-81-cm-x-66-cm-dorrar-mdf-trajarn-585-cm-x-81-cm-x-66-cm-svart.webp?fit=800%2C800&ssl=1\" \/>\n\t<meta property=\"og:image:width\" content=\"800\" \/>\n\t<meta property=\"og:image:height\" content=\"800\" \/>\n\t<meta property=\"og:image:type\" content=\"image\/webp\" \/>\n<meta name=\"twitter:card\" content=\"summary_large_image\" \/>\n<meta name=\"twitter:label1\" content=\"Ber\u00e4knad l\u00e4stid\" \/>\n\t<meta name=\"twitter:data1\" content=\"1 minut\" \/>\n<!-- \/ Yoast SEO plugin. -->","yoast_head_json":{"title":"TRUUSK Hundtransportl\u00e5da 58,5 cm x 81 cm x 66 cm - MDF Tr\u00e4j\u00e4rn - Svart - Robust konstruktion - Stilren design - TRUUSK - Hem, Tr\u00e4dg\u00e5rd &amp; Fritid","robots":{"index":"index","follow":"follow","max-snippet":"max-snippet:-1","max-image-preview":"max-image-preview:large","max-video-preview":"max-video-preview:-1"},"canonical":"https:\/\/truusk.store\/sv\/produkt\/truusk-hundtransportlada-585-cm-x-81-cm-x-66-cm-mdf-trajarn-svart-robust-konstruktion-stilren-design\/","og_locale":"sv_SE","og_type":"article","og_title":"TRUUSK Hundtransportl\u00e5da 58,5 cm x 81 cm x 66 cm - MDF Tr\u00e4j\u00e4rn - Svart - Robust konstruktion - Stilren design - TRUUSK - Hem, Tr\u00e4dg\u00e5rd &amp; Fritid","og_description":"Med denna transportl\u00e5da kan du s\u00e4kert ta din hund till veterin\u00e4ren eller ta med den n\u00e4r du reser. Den solida...","og_url":"https:\/\/truusk.store\/sv\/produkt\/truusk-hundtransportlada-585-cm-x-81-cm-x-66-cm-mdf-trajarn-svart-robust-konstruktion-stilren-design\/","og_site_name":"TRUUSK - Hem, Tr\u00e4dg\u00e5rd &amp; Fritid","article_modified_time":"2026-03-12T07:59:13+00:00","og_image":[{"width":800,"height":800,"url":"https:\/\/i0.wp.com\/truusk.se\/wp-content\/uploads\/2024\/02\/hundtransportlada-585-cm-x-81-cm-x-66-cm-dorrar-mdf-trajarn-585-cm-x-81-cm-x-66-cm-svart.webp?fit=800%2C800&ssl=1","type":"image\/webp"}],"twitter_card":"summary_large_image","twitter_misc":{"Ber\u00e4knad l\u00e4stid":"1 minut"},"schema":{"@context":"https:\/\/schema.org","@graph":[{"@type":"WebPage","@id":"https:\/\/truusk.store\/sv\/produkt\/truusk-hundtransportlada-585-cm-x-81-cm-x-66-cm-mdf-trajarn-svart-robust-konstruktion-stilren-design\/","url":"https:\/\/truusk.store\/sv\/produkt\/truusk-hundtransportlada-585-cm-x-81-cm-x-66-cm-mdf-trajarn-svart-robust-konstruktion-stilren-design\/","name":"TRUUSK Hundtransportl\u00e5da 58,5 cm x 81 cm x 66 cm - MDF Tr\u00e4j\u00e4rn - Svart - Robust konstruktion - Stilren design - TRUUSK - Hem, Tr\u00e4dg\u00e5rd &amp; Fritid","isPartOf":{"@id":"https:\/\/truusk.store\/sv\/#website"},"primaryImageOfPage":{"@id":"https:\/\/truusk.store\/sv\/produkt\/truusk-hundtransportlada-585-cm-x-81-cm-x-66-cm-mdf-trajarn-svart-robust-konstruktion-stilren-design\/#primaryimage"},"image":{"@id":"https:\/\/truusk.store\/sv\/produkt\/truusk-hundtransportlada-585-cm-x-81-cm-x-66-cm-mdf-trajarn-svart-robust-konstruktion-stilren-design\/#primaryimage"},"thumbnailUrl":"https:\/\/i0.wp.com\/truusk.store\/wp-content\/uploads\/2024\/02\/hundtransportlada-585-cm-x-81-cm-x-66-cm-dorrar-mdf-trajarn-585-cm-x-81-cm-x-66-cm-svart.webp?fit=800%2C800&ssl=1","datePublished":"2024-02-13T10:56:25+00:00","dateModified":"2026-03-12T07:59:13+00:00","breadcrumb":{"@id":"https:\/\/truusk.store\/sv\/produkt\/truusk-hundtransportlada-585-cm-x-81-cm-x-66-cm-mdf-trajarn-svart-robust-konstruktion-stilren-design\/#breadcrumb"},"inLanguage":"sv-SE","potentialAction":[{"@type":"ReadAction","target":["https:\/\/truusk.store\/sv\/produkt\/truusk-hundtransportlada-585-cm-x-81-cm-x-66-cm-mdf-trajarn-svart-robust-konstruktion-stilren-design\/"]}]},{"@type":"ImageObject","inLanguage":"sv-SE","@id":"https:\/\/truusk.store\/sv\/produkt\/truusk-hundtransportlada-585-cm-x-81-cm-x-66-cm-mdf-trajarn-svart-robust-konstruktion-stilren-design\/#primaryimage","url":"https:\/\/i0.wp.com\/truusk.store\/wp-content\/uploads\/2024\/02\/hundtransportlada-585-cm-x-81-cm-x-66-cm-dorrar-mdf-trajarn-585-cm-x-81-cm-x-66-cm-svart.webp?fit=800%2C800&ssl=1","contentUrl":"https:\/\/i0.wp.com\/truusk.store\/wp-content\/uploads\/2024\/02\/hundtransportlada-585-cm-x-81-cm-x-66-cm-dorrar-mdf-trajarn-585-cm-x-81-cm-x-66-cm-svart.webp?fit=800%2C800&ssl=1","width":800,"height":800,"caption":"Hundtransportl\u00e5da 58,5 Cm X 81 Cm X 66 Cm D\u00f6rrar, MDF Tr\u00e4j\u00e4rn, 58,5 Cm X 81 Cm X 66 Cm, Svart 1"},{"@type":"BreadcrumbList","@id":"https:\/\/truusk.store\/sv\/produkt\/truusk-hundtransportlada-585-cm-x-81-cm-x-66-cm-mdf-trajarn-svart-robust-konstruktion-stilren-design\/#breadcrumb","itemListElement":[{"@type":"ListItem","position":1,"name":"Home","item":"https:\/\/truusk.store\/sv\/"},{"@type":"ListItem","position":2,"name":"Shop","item":"https:\/\/truusk.store\/shop\/"},{"@type":"ListItem","position":3,"name":"TRUUSK Hundtransportl\u00e5da 58,5 cm x 81 cm x 66 cm &#8211; MDF Tr\u00e4j\u00e4rn &#8211; Svart &#8211; Robust konstruktion &#8211; Stilren design"}]},{"@type":"WebSite","@id":"https:\/\/truusk.store\/sv\/#website","url":"https:\/\/truusk.store\/sv\/","name":"TRUUSK - Hem, Tr\u00e4dg\u00e5rd & Fritid","description":"","publisher":{"@id":"https:\/\/truusk.store\/sv\/#organization"},"potentialAction":[{"@type":"SearchAction","target":{"@type":"EntryPoint","urlTemplate":"https:\/\/truusk.store\/sv\/?s={search_term_string}"},"query-input":{"@type":"PropertyValueSpecification","valueRequired":true,"valueName":"search_term_string"}}],"inLanguage":"sv-SE"},{"@type":"Organization","@id":"https:\/\/truusk.store\/sv\/#organization","name":"TRUUSK - Hem, Tr\u00e4dg\u00e5rd & Fritid","url":"https:\/\/truusk.store\/sv\/","logo":{"@type":"ImageObject","inLanguage":"sv-SE","@id":"https:\/\/truusk.store\/sv\/#\/schema\/logo\/image\/","url":"https:\/\/i0.wp.com\/truusk.store\/wp-content\/uploads\/2026\/03\/cropped-TRUUSK.png?fit=2032%2C917&ssl=1","contentUrl":"https:\/\/i0.wp.com\/truusk.store\/wp-content\/uploads\/2026\/03\/cropped-TRUUSK.png?fit=2032%2C917&ssl=1","width":2032,"height":917,"caption":"TRUUSK - Hem, Tr\u00e4dg\u00e5rd & Fritid"},"image":{"@id":"https:\/\/truusk.store\/sv\/#\/schema\/logo\/image\/"}}]}},"jetpack_sharing_enabled":true,"_links":{"self":[{"href":"https:\/\/truusk.store\/sv\/wp-json\/wp\/v2\/product\/14066","targetHints":{"allow":["GET"]}}],"collection":[{"href":"https:\/\/truusk.store\/sv\/wp-json\/wp\/v2\/product"}],"about":[{"href":"https:\/\/truusk.store\/sv\/wp-json\/wp\/v2\/types\/product"}],"wp:featuredmedia":[{"embeddable":true,"href":"https:\/\/truusk.store\/sv\/wp-json\/wp\/v2\/media\/14067"}],"wp:attachment":[{"href":"https:\/\/truusk.store\/sv\/wp-json\/wp\/v2\/media?parent=14066"}],"wp:term":[{"taxonomy":"product_brand","embeddable":true,"href":"https:\/\/truusk.store\/sv\/wp-json\/wp\/v2\/product_brand?post=14066"},{"taxonomy":"product_cat","embeddable":true,"href":"https:\/\/truusk.store\/sv\/wp-json\/wp\/v2\/product_cat?post=14066"},{"taxonomy":"product_tag","embeddable":true,"href":"https:\/\/truusk.store\/sv\/wp-json\/wp\/v2\/product_tag?post=14066"}],"curies":[{"name":"wp","href":"https:\/\/api.w.org\/{rel}","templated":true}]}}