{"id":14108,"date":"2024-02-13T11:57:34","date_gmt":"2024-02-13T10:57:34","guid":{"rendered":"https:\/\/truusk.store\/product\/barnfatolj-med-fotpall-barnsoffa-barnsoffa-minisoffa-for-15-3-ar-barnmobler-tra-svart-54-x-42-x-41-cm\/"},"modified":"2026-03-12T08:59:14","modified_gmt":"2026-03-12T07:59:14","slug":"truusk-barnfatolj-och-fotpall-barnsoffa-i-tra-for-barn-15-3-ar-matt-54-x-42-x-41-cm-svart","status":"publish","type":"product","link":"https:\/\/truusk.store\/sv\/produkt\/truusk-barnfatolj-och-fotpall-barnsoffa-i-tra-for-barn-15-3-ar-matt-54-x-42-x-41-cm-svart\/","title":{"rendered":"TRUUSK Barnf\u00e5t\u00f6lj och Fotpall &#8211; Barnsoffa i Tr\u00e4 &#8211; F\u00f6r Barn 1,5-3 \u00e5r &#8211; M\u00e5tt 54 x 42 x 41 cm &#8211; Svart"},"content":{"rendered":"<p>Med barnsoffset kan dina barn uppleva samma bekv\u00e4ma sittupplevelse som de vuxna! En liten f\u00e5t\u00f6lj med tv\u00e5 rundade armst\u00f6d och en matchande fotpall ger dina barn en extra bekv\u00e4m och s\u00e4ker sittplats. Tack vare sitt utm\u00e4rkta utseende \u00e4r soffsetet \u00e4ven perfekt som present eller dekoration till barnrummet och lekrummet.<\/p>\n<h3>Beskrivning:<\/h3>\n<ul>\n<li>Set i 2 delar inneh\u00e5ller 1 soffa och 1 matchande fotpall<\/li>\n<li>Praktisk fotpall f\u00f6r en bekv\u00e4m liggst\u00e4llning<\/li>\n<li>Rundade kanter f\u00f6rhindrar att ditt barn skadas<\/li>\n<li>Massiv tr\u00e4ram och halkfria f\u00f6tter i botten g\u00f6r soffan stabil och s\u00e4ker<\/li>\n<li>Ett fodral i konstl\u00e4der med brandskyddande skum ger en bekv\u00e4m sittupplevelse f\u00f6r ditt barn<\/li>\n<li>Ett bra komplement till alla barns rum eller till och med ett s\u00e4rskilt utrymme i ditt familjerum<\/li>\n<li>L\u00e5g vikt g\u00f6r setet l\u00e4tt att flytta<\/li>\n<li>L\u00e4ttsk\u00f6tt och l\u00e4tt att reng\u00f6ra<\/li>\n<\/ul>\n<h3>Teknisk data:<\/h3>\n<ul>\n<li>Material: tr\u00e4, konstl\u00e4der, 25D brands\u00e4kert skum och plastfiber<\/li>\n<li>Svart f\u00e4rg<\/li>\n<li>Lastkapacitet: 50 kg (soffa), 40 kg (pall)<\/li>\n<li>Soffstorlek: 54L x 42W x 41H cm<\/li>\n<li>Pallstorlek: 26L x 26W x 18H cm<\/li>\n<li>Sitsstorlek: 29W x 29D cm<\/li>\n<li>Sitth\u00f6jd: 18 cm<\/li>\n<li>G\u00e4llande \u00e5ldersintervall: 1,5-3 \u00e5r<\/li>\n<\/ul>\n<h3>Leveransens omfattning:<\/h3>\n<ul>\n<li>1 x soffa<\/li>\n<li>1 x pall<\/li>\n<\/ul>\n","protected":false},"excerpt":{"rendered":"<p>Med barnsoffset kan dina barn uppleva samma bekv\u00e4ma sittupplevelse som de vuxna! En liten f\u00e5t\u00f6lj med tv\u00e5 rundade armst\u00f6d och&#8230;<\/p>\n","protected":false},"featured_media":14109,"template":"","meta":[],"product_brand":[],"product_cat":[609,737,631,632],"product_tag":[],"class_list":{"0":"post-14108","1":"product","2":"type-product","3":"status-publish","4":"has-post-thumbnail","6":"product_cat-baby-barn","7":"product_cat-barnfatolj","8":"product_cat-barnmobler","9":"product_cat-sittmobler-for-barn","11":"first","12":"instock","13":"sale","14":"taxable","15":"shipping-taxable","16":"purchasable","17":"product-type-simple"},"yoast_head":"<!-- This site is optimized with the Yoast SEO plugin v25.4 - https:\/\/yoast.com\/wordpress\/plugins\/seo\/ -->\n<title>TRUUSK Barnf\u00e5t\u00f6lj och Fotpall - Barnsoffa i Tr\u00e4 - F\u00f6r Barn 1,5-3 \u00e5r - M\u00e5tt 54 x 42 x 41 cm - Svart - TRUUSK - Hem, Tr\u00e4dg\u00e5rd &amp; Fritid<\/title>\n<meta name=\"robots\" content=\"index, follow, max-snippet:-1, max-image-preview:large, max-video-preview:-1\" \/>\n<link rel=\"canonical\" href=\"https:\/\/truusk.store\/sv\/produkt\/truusk-barnfatolj-och-fotpall-barnsoffa-i-tra-for-barn-15-3-ar-matt-54-x-42-x-41-cm-svart\/\" \/>\n<meta property=\"og:locale\" content=\"sv_SE\" \/>\n<meta property=\"og:type\" content=\"article\" \/>\n<meta property=\"og:title\" content=\"TRUUSK Barnf\u00e5t\u00f6lj och Fotpall - Barnsoffa i Tr\u00e4 - F\u00f6r Barn 1,5-3 \u00e5r - M\u00e5tt 54 x 42 x 41 cm - Svart - TRUUSK - Hem, Tr\u00e4dg\u00e5rd &amp; Fritid\" \/>\n<meta property=\"og:description\" content=\"Med barnsoffset kan dina barn uppleva samma bekv\u00e4ma sittupplevelse som de vuxna! En liten f\u00e5t\u00f6lj med tv\u00e5 rundade armst\u00f6d och...\" \/>\n<meta property=\"og:url\" content=\"https:\/\/truusk.store\/sv\/produkt\/truusk-barnfatolj-och-fotpall-barnsoffa-i-tra-for-barn-15-3-ar-matt-54-x-42-x-41-cm-svart\/\" \/>\n<meta property=\"og:site_name\" content=\"TRUUSK - Hem, Tr\u00e4dg\u00e5rd &amp; Fritid\" \/>\n<meta property=\"article:modified_time\" content=\"2026-03-12T07:59:14+00:00\" \/>\n<meta property=\"og:image\" content=\"https:\/\/i0.wp.com\/truusk.se\/wp-content\/uploads\/2024\/02\/barnfatolj-med-fotpall-barnsoffa-barnsoffa-minisoffa-for-15-3-ar-barnmobler-tra-svart-54-x-42-x-41-cm.webp?fit=800%2C800&ssl=1\" \/>\n\t<meta property=\"og:image:width\" content=\"800\" \/>\n\t<meta property=\"og:image:height\" content=\"800\" \/>\n\t<meta property=\"og:image:type\" content=\"image\/webp\" \/>\n<meta name=\"twitter:card\" content=\"summary_large_image\" \/>\n<meta name=\"twitter:label1\" content=\"Ber\u00e4knad l\u00e4stid\" \/>\n\t<meta name=\"twitter:data1\" content=\"1 minut\" \/>\n<!-- \/ Yoast SEO plugin. -->","yoast_head_json":{"title":"TRUUSK Barnf\u00e5t\u00f6lj och Fotpall - Barnsoffa i Tr\u00e4 - F\u00f6r Barn 1,5-3 \u00e5r - M\u00e5tt 54 x 42 x 41 cm - Svart - TRUUSK - Hem, Tr\u00e4dg\u00e5rd &amp; Fritid","robots":{"index":"index","follow":"follow","max-snippet":"max-snippet:-1","max-image-preview":"max-image-preview:large","max-video-preview":"max-video-preview:-1"},"canonical":"https:\/\/truusk.store\/sv\/produkt\/truusk-barnfatolj-och-fotpall-barnsoffa-i-tra-for-barn-15-3-ar-matt-54-x-42-x-41-cm-svart\/","og_locale":"sv_SE","og_type":"article","og_title":"TRUUSK Barnf\u00e5t\u00f6lj och Fotpall - Barnsoffa i Tr\u00e4 - F\u00f6r Barn 1,5-3 \u00e5r - M\u00e5tt 54 x 42 x 41 cm - Svart - TRUUSK - Hem, Tr\u00e4dg\u00e5rd &amp; Fritid","og_description":"Med barnsoffset kan dina barn uppleva samma bekv\u00e4ma sittupplevelse som de vuxna! En liten f\u00e5t\u00f6lj med tv\u00e5 rundade armst\u00f6d och...","og_url":"https:\/\/truusk.store\/sv\/produkt\/truusk-barnfatolj-och-fotpall-barnsoffa-i-tra-for-barn-15-3-ar-matt-54-x-42-x-41-cm-svart\/","og_site_name":"TRUUSK - Hem, Tr\u00e4dg\u00e5rd &amp; Fritid","article_modified_time":"2026-03-12T07:59:14+00:00","og_image":[{"width":800,"height":800,"url":"https:\/\/i0.wp.com\/truusk.se\/wp-content\/uploads\/2024\/02\/barnfatolj-med-fotpall-barnsoffa-barnsoffa-minisoffa-for-15-3-ar-barnmobler-tra-svart-54-x-42-x-41-cm.webp?fit=800%2C800&ssl=1","type":"image\/webp"}],"twitter_card":"summary_large_image","twitter_misc":{"Ber\u00e4knad l\u00e4stid":"1 minut"},"schema":{"@context":"https:\/\/schema.org","@graph":[{"@type":"WebPage","@id":"https:\/\/truusk.store\/sv\/produkt\/truusk-barnfatolj-och-fotpall-barnsoffa-i-tra-for-barn-15-3-ar-matt-54-x-42-x-41-cm-svart\/","url":"https:\/\/truusk.store\/sv\/produkt\/truusk-barnfatolj-och-fotpall-barnsoffa-i-tra-for-barn-15-3-ar-matt-54-x-42-x-41-cm-svart\/","name":"TRUUSK Barnf\u00e5t\u00f6lj och Fotpall - Barnsoffa i Tr\u00e4 - F\u00f6r Barn 1,5-3 \u00e5r - M\u00e5tt 54 x 42 x 41 cm - Svart - TRUUSK - Hem, Tr\u00e4dg\u00e5rd &amp; Fritid","isPartOf":{"@id":"https:\/\/truusk.store\/sv\/#website"},"primaryImageOfPage":{"@id":"https:\/\/truusk.store\/sv\/produkt\/truusk-barnfatolj-och-fotpall-barnsoffa-i-tra-for-barn-15-3-ar-matt-54-x-42-x-41-cm-svart\/#primaryimage"},"image":{"@id":"https:\/\/truusk.store\/sv\/produkt\/truusk-barnfatolj-och-fotpall-barnsoffa-i-tra-for-barn-15-3-ar-matt-54-x-42-x-41-cm-svart\/#primaryimage"},"thumbnailUrl":"https:\/\/i0.wp.com\/truusk.store\/wp-content\/uploads\/2024\/02\/barnfatolj-med-fotpall-barnsoffa-barnsoffa-minisoffa-for-15-3-ar-barnmobler-tra-svart-54-x-42-x-41-cm.webp?fit=800%2C800&ssl=1","datePublished":"2024-02-13T10:57:34+00:00","dateModified":"2026-03-12T07:59:14+00:00","breadcrumb":{"@id":"https:\/\/truusk.store\/sv\/produkt\/truusk-barnfatolj-och-fotpall-barnsoffa-i-tra-for-barn-15-3-ar-matt-54-x-42-x-41-cm-svart\/#breadcrumb"},"inLanguage":"sv-SE","potentialAction":[{"@type":"ReadAction","target":["https:\/\/truusk.store\/sv\/produkt\/truusk-barnfatolj-och-fotpall-barnsoffa-i-tra-for-barn-15-3-ar-matt-54-x-42-x-41-cm-svart\/"]}]},{"@type":"ImageObject","inLanguage":"sv-SE","@id":"https:\/\/truusk.store\/sv\/produkt\/truusk-barnfatolj-och-fotpall-barnsoffa-i-tra-for-barn-15-3-ar-matt-54-x-42-x-41-cm-svart\/#primaryimage","url":"https:\/\/i0.wp.com\/truusk.store\/wp-content\/uploads\/2024\/02\/barnfatolj-med-fotpall-barnsoffa-barnsoffa-minisoffa-for-15-3-ar-barnmobler-tra-svart-54-x-42-x-41-cm.webp?fit=800%2C800&ssl=1","contentUrl":"https:\/\/i0.wp.com\/truusk.store\/wp-content\/uploads\/2024\/02\/barnfatolj-med-fotpall-barnsoffa-barnsoffa-minisoffa-for-15-3-ar-barnmobler-tra-svart-54-x-42-x-41-cm.webp?fit=800%2C800&ssl=1","width":800,"height":800,"caption":"Barnf\u00e5t\u00f6lj Med Fotpall, Barnsoffa, Barnsoffa, Minisoffa F\u00f6r 1,5-3 \u00e5r, Barnm\u00f6bler, Tr\u00e4, Svart, 54 X 42 X 41 Cm 1"},{"@type":"BreadcrumbList","@id":"https:\/\/truusk.store\/sv\/produkt\/truusk-barnfatolj-och-fotpall-barnsoffa-i-tra-for-barn-15-3-ar-matt-54-x-42-x-41-cm-svart\/#breadcrumb","itemListElement":[{"@type":"ListItem","position":1,"name":"Home","item":"https:\/\/truusk.store\/sv\/"},{"@type":"ListItem","position":2,"name":"Shop","item":"https:\/\/truusk.store\/shop\/"},{"@type":"ListItem","position":3,"name":"TRUUSK Barnf\u00e5t\u00f6lj och Fotpall &#8211; Barnsoffa i Tr\u00e4 &#8211; F\u00f6r Barn 1,5-3 \u00e5r &#8211; M\u00e5tt 54 x 42 x 41 cm &#8211; Svart"}]},{"@type":"WebSite","@id":"https:\/\/truusk.store\/sv\/#website","url":"https:\/\/truusk.store\/sv\/","name":"TRUUSK - Hem, Tr\u00e4dg\u00e5rd & Fritid","description":"","publisher":{"@id":"https:\/\/truusk.store\/sv\/#organization"},"potentialAction":[{"@type":"SearchAction","target":{"@type":"EntryPoint","urlTemplate":"https:\/\/truusk.store\/sv\/?s={search_term_string}"},"query-input":{"@type":"PropertyValueSpecification","valueRequired":true,"valueName":"search_term_string"}}],"inLanguage":"sv-SE"},{"@type":"Organization","@id":"https:\/\/truusk.store\/sv\/#organization","name":"TRUUSK - Hem, Tr\u00e4dg\u00e5rd & Fritid","url":"https:\/\/truusk.store\/sv\/","logo":{"@type":"ImageObject","inLanguage":"sv-SE","@id":"https:\/\/truusk.store\/sv\/#\/schema\/logo\/image\/","url":"https:\/\/i0.wp.com\/truusk.store\/wp-content\/uploads\/2026\/03\/cropped-TRUUSK.png?fit=2032%2C917&ssl=1","contentUrl":"https:\/\/i0.wp.com\/truusk.store\/wp-content\/uploads\/2026\/03\/cropped-TRUUSK.png?fit=2032%2C917&ssl=1","width":2032,"height":917,"caption":"TRUUSK - Hem, Tr\u00e4dg\u00e5rd & Fritid"},"image":{"@id":"https:\/\/truusk.store\/sv\/#\/schema\/logo\/image\/"}}]}},"jetpack_sharing_enabled":true,"_links":{"self":[{"href":"https:\/\/truusk.store\/sv\/wp-json\/wp\/v2\/product\/14108","targetHints":{"allow":["GET"]}}],"collection":[{"href":"https:\/\/truusk.store\/sv\/wp-json\/wp\/v2\/product"}],"about":[{"href":"https:\/\/truusk.store\/sv\/wp-json\/wp\/v2\/types\/product"}],"wp:featuredmedia":[{"embeddable":true,"href":"https:\/\/truusk.store\/sv\/wp-json\/wp\/v2\/media\/14109"}],"wp:attachment":[{"href":"https:\/\/truusk.store\/sv\/wp-json\/wp\/v2\/media?parent=14108"}],"wp:term":[{"taxonomy":"product_brand","embeddable":true,"href":"https:\/\/truusk.store\/sv\/wp-json\/wp\/v2\/product_brand?post=14108"},{"taxonomy":"product_cat","embeddable":true,"href":"https:\/\/truusk.store\/sv\/wp-json\/wp\/v2\/product_cat?post=14108"},{"taxonomy":"product_tag","embeddable":true,"href":"https:\/\/truusk.store\/sv\/wp-json\/wp\/v2\/product_tag?post=14108"}],"curies":[{"name":"wp","href":"https:\/\/api.w.org\/{rel}","templated":true}]}}