{"id":14150,"date":"2024-02-13T11:58:37","date_gmt":"2024-02-13T10:58:37","guid":{"rendered":"https:\/\/truusk.store\/product\/aerobic-stepper-3-stegs-hojdjusterbar-80-x-31-x-20-cm-svart-ljusbla-gra\/"},"modified":"2026-03-12T08:59:14","modified_gmt":"2026-03-12T07:59:14","slug":"truusk-aerobics-stepper-3-stegs-hojdjusterbar-svart-ljusbla-gra-perfekt-for-hemmatraning","status":"publish","type":"product","link":"https:\/\/truusk.store\/sv\/produkt\/truusk-aerobics-stepper-3-stegs-hojdjusterbar-svart-ljusbla-gra-perfekt-for-hemmatraning\/","title":{"rendered":"TRUUSK Aerobics Stepper &#8211; 3-stegs h\u00f6jdjusterbar &#8211; Svart + Ljusbl\u00e5 + Gr\u00e5 &#8211; Perfekt f\u00f6r hemmatr\u00e4ning"},"content":{"rendered":"<p>G\u00f6r din konditions- och konditionstr\u00e4ning s\u00e4rskilt effektiv och skonsam med denna enast\u00e5ende aeroba stepper. Modulf\u00f6tterna g\u00f6r det m\u00f6jligt att justera h\u00f6jden var som helst mellan 10, 15 och 20 cm. De h\u00e5llbara och l\u00e5ngvariga materialen ger dig inte bara ett stadigt f\u00e4ste, utan skyddar ocks\u00e5 lederna tack vare deras st\u00f6td\u00e4mpande egenskaper. Byggd f\u00f6r att vara s\u00e4rskilt kompakt, du kan enkelt ta med dig denna quiltbr\u00e4da var som helst hemma och f\u00f6rvara den f\u00f6r att spara utrymme.<\/p>\n<h3>Beskrivning:<\/h3>\n<ul>\n<li>H\u00f6gkvalitativ plast med utm\u00e4rkt utf\u00f6rande<\/li>\n<li>L\u00e4mplig f\u00f6r b\u00e5de hemmabruk och utomhusbruk<\/li>\n<li>Levereras med 4 modul\u00e4ra fotelement f\u00f6r h\u00f6jdjustering<\/li>\n<li>H\u00f6jden kan justeras i 3 niv\u00e5er: 10, 15 och 20 cm<\/li>\n<li>Non-stick belagt och st\u00f6td\u00e4mpande h\u00f6lje<\/li>\n<li>S\u00e4kert f\u00e4ste tack vare den halkfria ytan<\/li>\n<li>Halkfria f\u00f6tter f\u00f6r \u00f6kad stabilitet<\/li>\n<li>L\u00e4tt vikt f\u00f6r enkel transport<\/li>\n<li>S\u00e4rskilt platsbesparande f\u00f6rvaring<\/li>\n<li>Montering kr\u00e4vs<\/li>\n<\/ul>\n<h3>Teknisk data:<\/h3>\n<ul>\n<li>F\u00e4rg: Svart+Ljusbl\u00e5+Gr\u00e5<\/li>\n<li>Material: Plast<\/li>\n<li>Totalstorlek: 80L x 31W x 20H cm<\/li>\n<li>Justerbar h\u00f6jd: 10\/15\/20 cm<\/li>\n<li>Vikt: 4,2 kg<\/li>\n<li>Max lastkapacitet: 150 kg<\/li>\n<\/ul>\n<h3>Leveransens omfattning:<\/h3>\n<ul>\n<li>1 x Aerobic Stepper<\/li>\n<li>1 x Instruktioner<\/li>\n<\/ul>\n","protected":false},"excerpt":{"rendered":"<p>G\u00f6r din konditions- och konditionstr\u00e4ning s\u00e4rskilt effektiv och skonsam med denna enast\u00e5ende aeroba stepper. Modulf\u00f6tterna g\u00f6r det m\u00f6jligt att justera&#8230;<\/p>\n","protected":false},"featured_media":14151,"template":"","meta":[],"product_brand":[],"product_cat":[661,647,666],"product_tag":[],"class_list":{"0":"post-14150","1":"product","2":"type-product","3":"status-publish","4":"has-post-thumbnail","6":"product_cat-kondition-styrketraning","7":"product_cat-sport-fritid","8":"product_cat-stegbrador-och-ministeg","10":"first","11":"instock","12":"sale","13":"taxable","14":"shipping-taxable","15":"purchasable","16":"product-type-simple"},"yoast_head":"<!-- This site is optimized with the Yoast SEO plugin v25.4 - https:\/\/yoast.com\/wordpress\/plugins\/seo\/ -->\n<title>TRUUSK Aerobics Stepper - 3-stegs h\u00f6jdjusterbar - Svart + Ljusbl\u00e5 + Gr\u00e5 - Perfekt f\u00f6r hemmatr\u00e4ning - TRUUSK - Hem, Tr\u00e4dg\u00e5rd &amp; Fritid<\/title>\n<meta name=\"robots\" content=\"index, follow, max-snippet:-1, max-image-preview:large, max-video-preview:-1\" \/>\n<link rel=\"canonical\" href=\"https:\/\/truusk.store\/sv\/produkt\/truusk-aerobics-stepper-3-stegs-hojdjusterbar-svart-ljusbla-gra-perfekt-for-hemmatraning\/\" \/>\n<meta property=\"og:locale\" content=\"sv_SE\" \/>\n<meta property=\"og:type\" content=\"article\" \/>\n<meta property=\"og:title\" content=\"TRUUSK Aerobics Stepper - 3-stegs h\u00f6jdjusterbar - Svart + Ljusbl\u00e5 + Gr\u00e5 - Perfekt f\u00f6r hemmatr\u00e4ning - TRUUSK - Hem, Tr\u00e4dg\u00e5rd &amp; Fritid\" \/>\n<meta property=\"og:description\" content=\"G\u00f6r din konditions- och konditionstr\u00e4ning s\u00e4rskilt effektiv och skonsam med denna enast\u00e5ende aeroba stepper. Modulf\u00f6tterna g\u00f6r det m\u00f6jligt att justera...\" \/>\n<meta property=\"og:url\" content=\"https:\/\/truusk.store\/sv\/produkt\/truusk-aerobics-stepper-3-stegs-hojdjusterbar-svart-ljusbla-gra-perfekt-for-hemmatraning\/\" \/>\n<meta property=\"og:site_name\" content=\"TRUUSK - Hem, Tr\u00e4dg\u00e5rd &amp; Fritid\" \/>\n<meta property=\"article:modified_time\" content=\"2026-03-12T07:59:14+00:00\" \/>\n<meta property=\"og:image\" content=\"https:\/\/i0.wp.com\/truusk.se\/wp-content\/uploads\/2024\/02\/aerobic-stepper-3-stegs-hojdjusterbar-80-x-31-x-20-cm-svart-ljusbla-gra.webp?fit=800%2C800&ssl=1\" \/>\n\t<meta property=\"og:image:width\" content=\"800\" \/>\n\t<meta property=\"og:image:height\" content=\"800\" \/>\n\t<meta property=\"og:image:type\" content=\"image\/webp\" \/>\n<meta name=\"twitter:card\" content=\"summary_large_image\" \/>\n<meta name=\"twitter:label1\" content=\"Ber\u00e4knad l\u00e4stid\" \/>\n\t<meta name=\"twitter:data1\" content=\"1 minut\" \/>\n<!-- \/ Yoast SEO plugin. -->","yoast_head_json":{"title":"TRUUSK Aerobics Stepper - 3-stegs h\u00f6jdjusterbar - Svart + Ljusbl\u00e5 + Gr\u00e5 - Perfekt f\u00f6r hemmatr\u00e4ning - TRUUSK - Hem, Tr\u00e4dg\u00e5rd &amp; Fritid","robots":{"index":"index","follow":"follow","max-snippet":"max-snippet:-1","max-image-preview":"max-image-preview:large","max-video-preview":"max-video-preview:-1"},"canonical":"https:\/\/truusk.store\/sv\/produkt\/truusk-aerobics-stepper-3-stegs-hojdjusterbar-svart-ljusbla-gra-perfekt-for-hemmatraning\/","og_locale":"sv_SE","og_type":"article","og_title":"TRUUSK Aerobics Stepper - 3-stegs h\u00f6jdjusterbar - Svart + Ljusbl\u00e5 + Gr\u00e5 - Perfekt f\u00f6r hemmatr\u00e4ning - TRUUSK - Hem, Tr\u00e4dg\u00e5rd &amp; Fritid","og_description":"G\u00f6r din konditions- och konditionstr\u00e4ning s\u00e4rskilt effektiv och skonsam med denna enast\u00e5ende aeroba stepper. Modulf\u00f6tterna g\u00f6r det m\u00f6jligt att justera...","og_url":"https:\/\/truusk.store\/sv\/produkt\/truusk-aerobics-stepper-3-stegs-hojdjusterbar-svart-ljusbla-gra-perfekt-for-hemmatraning\/","og_site_name":"TRUUSK - Hem, Tr\u00e4dg\u00e5rd &amp; Fritid","article_modified_time":"2026-03-12T07:59:14+00:00","og_image":[{"width":800,"height":800,"url":"https:\/\/i0.wp.com\/truusk.se\/wp-content\/uploads\/2024\/02\/aerobic-stepper-3-stegs-hojdjusterbar-80-x-31-x-20-cm-svart-ljusbla-gra.webp?fit=800%2C800&ssl=1","type":"image\/webp"}],"twitter_card":"summary_large_image","twitter_misc":{"Ber\u00e4knad l\u00e4stid":"1 minut"},"schema":{"@context":"https:\/\/schema.org","@graph":[{"@type":"WebPage","@id":"https:\/\/truusk.store\/sv\/produkt\/truusk-aerobics-stepper-3-stegs-hojdjusterbar-svart-ljusbla-gra-perfekt-for-hemmatraning\/","url":"https:\/\/truusk.store\/sv\/produkt\/truusk-aerobics-stepper-3-stegs-hojdjusterbar-svart-ljusbla-gra-perfekt-for-hemmatraning\/","name":"TRUUSK Aerobics Stepper - 3-stegs h\u00f6jdjusterbar - Svart + Ljusbl\u00e5 + Gr\u00e5 - Perfekt f\u00f6r hemmatr\u00e4ning - TRUUSK - Hem, Tr\u00e4dg\u00e5rd &amp; Fritid","isPartOf":{"@id":"https:\/\/truusk.store\/sv\/#website"},"primaryImageOfPage":{"@id":"https:\/\/truusk.store\/sv\/produkt\/truusk-aerobics-stepper-3-stegs-hojdjusterbar-svart-ljusbla-gra-perfekt-for-hemmatraning\/#primaryimage"},"image":{"@id":"https:\/\/truusk.store\/sv\/produkt\/truusk-aerobics-stepper-3-stegs-hojdjusterbar-svart-ljusbla-gra-perfekt-for-hemmatraning\/#primaryimage"},"thumbnailUrl":"https:\/\/i0.wp.com\/truusk.store\/wp-content\/uploads\/2024\/02\/aerobic-stepper-3-stegs-hojdjusterbar-80-x-31-x-20-cm-svart-ljusbla-gra.webp?fit=800%2C800&ssl=1","datePublished":"2024-02-13T10:58:37+00:00","dateModified":"2026-03-12T07:59:14+00:00","breadcrumb":{"@id":"https:\/\/truusk.store\/sv\/produkt\/truusk-aerobics-stepper-3-stegs-hojdjusterbar-svart-ljusbla-gra-perfekt-for-hemmatraning\/#breadcrumb"},"inLanguage":"sv-SE","potentialAction":[{"@type":"ReadAction","target":["https:\/\/truusk.store\/sv\/produkt\/truusk-aerobics-stepper-3-stegs-hojdjusterbar-svart-ljusbla-gra-perfekt-for-hemmatraning\/"]}]},{"@type":"ImageObject","inLanguage":"sv-SE","@id":"https:\/\/truusk.store\/sv\/produkt\/truusk-aerobics-stepper-3-stegs-hojdjusterbar-svart-ljusbla-gra-perfekt-for-hemmatraning\/#primaryimage","url":"https:\/\/i0.wp.com\/truusk.store\/wp-content\/uploads\/2024\/02\/aerobic-stepper-3-stegs-hojdjusterbar-80-x-31-x-20-cm-svart-ljusbla-gra.webp?fit=800%2C800&ssl=1","contentUrl":"https:\/\/i0.wp.com\/truusk.store\/wp-content\/uploads\/2024\/02\/aerobic-stepper-3-stegs-hojdjusterbar-80-x-31-x-20-cm-svart-ljusbla-gra.webp?fit=800%2C800&ssl=1","width":800,"height":800,"caption":"Aerobic Stepper 3-stegs H\u00f6jdjusterbar 80 X 31 X 20 Cm Svart + Ljusbl\u00e5 + Gr\u00e5 1"},{"@type":"BreadcrumbList","@id":"https:\/\/truusk.store\/sv\/produkt\/truusk-aerobics-stepper-3-stegs-hojdjusterbar-svart-ljusbla-gra-perfekt-for-hemmatraning\/#breadcrumb","itemListElement":[{"@type":"ListItem","position":1,"name":"Home","item":"https:\/\/truusk.store\/sv\/"},{"@type":"ListItem","position":2,"name":"Shop","item":"https:\/\/truusk.store\/shop\/"},{"@type":"ListItem","position":3,"name":"TRUUSK Aerobics Stepper &#8211; 3-stegs h\u00f6jdjusterbar &#8211; Svart + Ljusbl\u00e5 + Gr\u00e5 &#8211; Perfekt f\u00f6r hemmatr\u00e4ning"}]},{"@type":"WebSite","@id":"https:\/\/truusk.store\/sv\/#website","url":"https:\/\/truusk.store\/sv\/","name":"TRUUSK - Hem, Tr\u00e4dg\u00e5rd & Fritid","description":"","publisher":{"@id":"https:\/\/truusk.store\/sv\/#organization"},"potentialAction":[{"@type":"SearchAction","target":{"@type":"EntryPoint","urlTemplate":"https:\/\/truusk.store\/sv\/?s={search_term_string}"},"query-input":{"@type":"PropertyValueSpecification","valueRequired":true,"valueName":"search_term_string"}}],"inLanguage":"sv-SE"},{"@type":"Organization","@id":"https:\/\/truusk.store\/sv\/#organization","name":"TRUUSK - Hem, Tr\u00e4dg\u00e5rd & Fritid","url":"https:\/\/truusk.store\/sv\/","logo":{"@type":"ImageObject","inLanguage":"sv-SE","@id":"https:\/\/truusk.store\/sv\/#\/schema\/logo\/image\/","url":"https:\/\/i0.wp.com\/truusk.store\/wp-content\/uploads\/2026\/03\/cropped-TRUUSK.png?fit=2032%2C917&ssl=1","contentUrl":"https:\/\/i0.wp.com\/truusk.store\/wp-content\/uploads\/2026\/03\/cropped-TRUUSK.png?fit=2032%2C917&ssl=1","width":2032,"height":917,"caption":"TRUUSK - Hem, Tr\u00e4dg\u00e5rd & Fritid"},"image":{"@id":"https:\/\/truusk.store\/sv\/#\/schema\/logo\/image\/"}}]}},"jetpack_sharing_enabled":true,"_links":{"self":[{"href":"https:\/\/truusk.store\/sv\/wp-json\/wp\/v2\/product\/14150","targetHints":{"allow":["GET"]}}],"collection":[{"href":"https:\/\/truusk.store\/sv\/wp-json\/wp\/v2\/product"}],"about":[{"href":"https:\/\/truusk.store\/sv\/wp-json\/wp\/v2\/types\/product"}],"wp:featuredmedia":[{"embeddable":true,"href":"https:\/\/truusk.store\/sv\/wp-json\/wp\/v2\/media\/14151"}],"wp:attachment":[{"href":"https:\/\/truusk.store\/sv\/wp-json\/wp\/v2\/media?parent=14150"}],"wp:term":[{"taxonomy":"product_brand","embeddable":true,"href":"https:\/\/truusk.store\/sv\/wp-json\/wp\/v2\/product_brand?post=14150"},{"taxonomy":"product_cat","embeddable":true,"href":"https:\/\/truusk.store\/sv\/wp-json\/wp\/v2\/product_cat?post=14150"},{"taxonomy":"product_tag","embeddable":true,"href":"https:\/\/truusk.store\/sv\/wp-json\/wp\/v2\/product_tag?post=14150"}],"curies":[{"name":"wp","href":"https:\/\/api.w.org\/{rel}","templated":true}]}}