{"id":14162,"date":"2024-02-13T11:58:59","date_gmt":"2024-02-13T10:58:59","guid":{"rendered":"https:\/\/truusk.store\/product\/boxningssack-staende-176-cm-vuxen-fristaende-heavy-duty-staende-boxningssack-med-stall-och-vinylpad-boxning-partner-boxningstranare-lamplig-for-proffs-och-nyborjare-svart\/"},"modified":"2026-03-12T08:59:14","modified_gmt":"2026-03-12T07:59:14","slug":"truusk-staende-boxningssack-176-cm-fristaende-heavy-duty-med-stall-och-vinylpad-boxning-partner-lamplig-for-proffs-och","status":"publish","type":"product","link":"https:\/\/truusk.store\/sv\/produkt\/truusk-staende-boxningssack-176-cm-fristaende-heavy-duty-med-stall-och-vinylpad-boxning-partner-lamplig-for-proffs-och\/","title":{"rendered":"TRUUSK St\u00e5ende Boxningss\u00e4ck 176 cm &#8211; Frist\u00e5ende &#8211; Heavy Duty &#8211; Med St\u00e4ll och Vinylpad &#8211; Boxning Partner &#8211; L\u00e4mplig f\u00f6r Proffs och"},"content":{"rendered":"<p>Med din h\u00f6gkvalitativa st\u00e5ende boxningss\u00e4ck kan du tr\u00e4na m\u00e5lmedvetet och framg\u00e5ngsrikt hemifr\u00e5n. Den solida plastbasen, som kan fyllas med vatten eller fin sand, s\u00e4kerst\u00e4ller stabilitet. Den sl\u00e5ende ytan \u00e4r slitstark och vadderad. Tack vare FLEX-systemet d\u00e4mpar ditt boxningsst\u00e4ll sparkar och slag p\u00e5 ett skades\u00e4kert s\u00e4tt. Numreringen av underlaget g\u00f6r att du ocks\u00e5 kan tr\u00e4na krokar, slag och sparkar exakt. Att st\u00e4lla in och fylla \u00e4r snabbt och enkelt, s\u00e5 nyb\u00f6rjare och avancerade anv\u00e4ndare kan ta itu med sin boxningstr\u00e4ning direkt.<\/p>\n<h3>Beskrivning:<\/h3>\n<ul>\n<li>Slitstarkt, mognast och svettavvisande material<\/li>\n<li>Stabil, fyllbar bas<\/li>\n<li>Intelligent reflexfj\u00e4dersystem f\u00f6r att skydda leder och muskler<\/li>\n<li>Reflexfj\u00e4dersystemet skyddas av en robust dyna. Denna pad \u00f6kar tr\u00e4ffen eller tr\u00e4ffradien<\/li>\n<li>Po\u00e4ngzon (numrering) f\u00f6r att f\u00f6rb\u00e4ttra reaktionshastigheten och skottnoggrannheten<\/li>\n<li>Utrymmesbesparande och l\u00e5g ljudniv\u00e5 &#8211; tr\u00e4ning i l\u00e4genheten \u00e4r l\u00e4tt m\u00f6jlig<\/li>\n<li>L\u00e4tt att bygga<\/li>\n<\/ul>\n<h3>Teknisk data:<\/h3>\n<ul>\n<li>Material: HDPE, PVC, EPE<\/li>\n<li>Svart f\u00e4rg<\/li>\n<li>\u00d6vergripande m\u00e5tt: B70 x D70 x H176 cm<\/li>\n<li>M\u00e5tt p\u00e5 boxningss\u00e4cken (med dyna): 150 cm (H) x 36 cm<\/li>\n<li>M\u00e5tt p\u00e5 boxningss\u00e4cken (utan dyna): 120 cm (H) x 36 cm<\/li>\n<li>M\u00e5tt p\u00e5 stativet: 26 cm (H) x 70 cm<\/li>\n<li>Vikt: 7\/9,15 kg<\/li>\n<\/ul>\n<h3>Leveransens omfattning:<\/h3>\n<ul>\n<li>1 x st\u00e5ende boxningsp\u00e5se;<\/li>\n<\/ul>\n","protected":false},"excerpt":{"rendered":"<p>Med din h\u00f6gkvalitativa st\u00e5ende boxningss\u00e4ck kan du tr\u00e4na m\u00e5lmedvetet och framg\u00e5ngsrikt hemifr\u00e5n. Den solida plastbasen, som kan fyllas med vatten&#8230;<\/p>\n","protected":false},"featured_media":14163,"template":"","meta":[],"product_brand":[],"product_cat":[667,661,647],"product_tag":[],"class_list":{"0":"post-14162","1":"product","2":"type-product","3":"status-publish","4":"has-post-thumbnail","6":"product_cat-boxningssack","7":"product_cat-kondition-styrketraning","8":"product_cat-sport-fritid","10":"first","11":"instock","12":"sale","13":"taxable","14":"shipping-taxable","15":"purchasable","16":"product-type-simple"},"yoast_head":"<!-- This site is optimized with the Yoast SEO plugin v25.4 - https:\/\/yoast.com\/wordpress\/plugins\/seo\/ -->\n<title>TRUUSK St\u00e5ende Boxningss\u00e4ck 176 cm - Frist\u00e5ende - Heavy Duty - Med St\u00e4ll och Vinylpad - Boxning Partner - L\u00e4mplig f\u00f6r Proffs och - TRUUSK - Hem, Tr\u00e4dg\u00e5rd &amp; Fritid<\/title>\n<meta name=\"robots\" content=\"index, follow, max-snippet:-1, max-image-preview:large, max-video-preview:-1\" \/>\n<link rel=\"canonical\" href=\"https:\/\/truusk.store\/sv\/produkt\/truusk-staende-boxningssack-176-cm-fristaende-heavy-duty-med-stall-och-vinylpad-boxning-partner-lamplig-for-proffs-och\/\" \/>\n<meta property=\"og:locale\" content=\"sv_SE\" \/>\n<meta property=\"og:type\" content=\"article\" \/>\n<meta property=\"og:title\" content=\"TRUUSK St\u00e5ende Boxningss\u00e4ck 176 cm - Frist\u00e5ende - Heavy Duty - Med St\u00e4ll och Vinylpad - Boxning Partner - L\u00e4mplig f\u00f6r Proffs och - TRUUSK - Hem, Tr\u00e4dg\u00e5rd &amp; Fritid\" \/>\n<meta property=\"og:description\" content=\"Med din h\u00f6gkvalitativa st\u00e5ende boxningss\u00e4ck kan du tr\u00e4na m\u00e5lmedvetet och framg\u00e5ngsrikt hemifr\u00e5n. Den solida plastbasen, som kan fyllas med vatten...\" \/>\n<meta property=\"og:url\" content=\"https:\/\/truusk.store\/sv\/produkt\/truusk-staende-boxningssack-176-cm-fristaende-heavy-duty-med-stall-och-vinylpad-boxning-partner-lamplig-for-proffs-och\/\" \/>\n<meta property=\"og:site_name\" content=\"TRUUSK - Hem, Tr\u00e4dg\u00e5rd &amp; Fritid\" \/>\n<meta property=\"article:modified_time\" content=\"2026-03-12T07:59:14+00:00\" \/>\n<meta property=\"og:image\" content=\"https:\/\/i0.wp.com\/truusk.se\/wp-content\/uploads\/2024\/02\/boxningssack-staende-176-cm-vuxen-fristaende-heavy-duty-staende-boxningssack-med-stall-och-vinylpad-boxning-partner-boxningstranare-lamplig-for-proffs-och-nyborjare-svart.webp?fit=800%2C800&ssl=1\" \/>\n\t<meta property=\"og:image:width\" content=\"800\" \/>\n\t<meta property=\"og:image:height\" content=\"800\" \/>\n\t<meta property=\"og:image:type\" content=\"image\/webp\" \/>\n<meta name=\"twitter:card\" content=\"summary_large_image\" \/>\n<meta name=\"twitter:label1\" content=\"Ber\u00e4knad l\u00e4stid\" \/>\n\t<meta name=\"twitter:data1\" content=\"1 minut\" \/>\n<!-- \/ Yoast SEO plugin. -->","yoast_head_json":{"title":"TRUUSK St\u00e5ende Boxningss\u00e4ck 176 cm - Frist\u00e5ende - Heavy Duty - Med St\u00e4ll och Vinylpad - Boxning Partner - L\u00e4mplig f\u00f6r Proffs och - TRUUSK - Hem, Tr\u00e4dg\u00e5rd &amp; Fritid","robots":{"index":"index","follow":"follow","max-snippet":"max-snippet:-1","max-image-preview":"max-image-preview:large","max-video-preview":"max-video-preview:-1"},"canonical":"https:\/\/truusk.store\/sv\/produkt\/truusk-staende-boxningssack-176-cm-fristaende-heavy-duty-med-stall-och-vinylpad-boxning-partner-lamplig-for-proffs-och\/","og_locale":"sv_SE","og_type":"article","og_title":"TRUUSK St\u00e5ende Boxningss\u00e4ck 176 cm - Frist\u00e5ende - Heavy Duty - Med St\u00e4ll och Vinylpad - Boxning Partner - L\u00e4mplig f\u00f6r Proffs och - TRUUSK - Hem, Tr\u00e4dg\u00e5rd &amp; Fritid","og_description":"Med din h\u00f6gkvalitativa st\u00e5ende boxningss\u00e4ck kan du tr\u00e4na m\u00e5lmedvetet och framg\u00e5ngsrikt hemifr\u00e5n. Den solida plastbasen, som kan fyllas med vatten...","og_url":"https:\/\/truusk.store\/sv\/produkt\/truusk-staende-boxningssack-176-cm-fristaende-heavy-duty-med-stall-och-vinylpad-boxning-partner-lamplig-for-proffs-och\/","og_site_name":"TRUUSK - Hem, Tr\u00e4dg\u00e5rd &amp; Fritid","article_modified_time":"2026-03-12T07:59:14+00:00","og_image":[{"width":800,"height":800,"url":"https:\/\/i0.wp.com\/truusk.se\/wp-content\/uploads\/2024\/02\/boxningssack-staende-176-cm-vuxen-fristaende-heavy-duty-staende-boxningssack-med-stall-och-vinylpad-boxning-partner-boxningstranare-lamplig-for-proffs-och-nyborjare-svart.webp?fit=800%2C800&ssl=1","type":"image\/webp"}],"twitter_card":"summary_large_image","twitter_misc":{"Ber\u00e4knad l\u00e4stid":"1 minut"},"schema":{"@context":"https:\/\/schema.org","@graph":[{"@type":"WebPage","@id":"https:\/\/truusk.store\/sv\/produkt\/truusk-staende-boxningssack-176-cm-fristaende-heavy-duty-med-stall-och-vinylpad-boxning-partner-lamplig-for-proffs-och\/","url":"https:\/\/truusk.store\/sv\/produkt\/truusk-staende-boxningssack-176-cm-fristaende-heavy-duty-med-stall-och-vinylpad-boxning-partner-lamplig-for-proffs-och\/","name":"TRUUSK St\u00e5ende Boxningss\u00e4ck 176 cm - Frist\u00e5ende - Heavy Duty - Med St\u00e4ll och Vinylpad - Boxning Partner - L\u00e4mplig f\u00f6r Proffs och - TRUUSK - Hem, Tr\u00e4dg\u00e5rd &amp; Fritid","isPartOf":{"@id":"https:\/\/truusk.store\/sv\/#website"},"primaryImageOfPage":{"@id":"https:\/\/truusk.store\/sv\/produkt\/truusk-staende-boxningssack-176-cm-fristaende-heavy-duty-med-stall-och-vinylpad-boxning-partner-lamplig-for-proffs-och\/#primaryimage"},"image":{"@id":"https:\/\/truusk.store\/sv\/produkt\/truusk-staende-boxningssack-176-cm-fristaende-heavy-duty-med-stall-och-vinylpad-boxning-partner-lamplig-for-proffs-och\/#primaryimage"},"thumbnailUrl":"https:\/\/i0.wp.com\/truusk.store\/wp-content\/uploads\/2024\/02\/boxningssack-staende-176-cm-vuxen-fristaende-heavy-duty-staende-boxningssack-med-stall-och-vinylpad-boxning-partner-boxningstranare-lamplig-for-proffs-och-nyborjare-svart.webp?fit=800%2C800&ssl=1","datePublished":"2024-02-13T10:58:59+00:00","dateModified":"2026-03-12T07:59:14+00:00","breadcrumb":{"@id":"https:\/\/truusk.store\/sv\/produkt\/truusk-staende-boxningssack-176-cm-fristaende-heavy-duty-med-stall-och-vinylpad-boxning-partner-lamplig-for-proffs-och\/#breadcrumb"},"inLanguage":"sv-SE","potentialAction":[{"@type":"ReadAction","target":["https:\/\/truusk.store\/sv\/produkt\/truusk-staende-boxningssack-176-cm-fristaende-heavy-duty-med-stall-och-vinylpad-boxning-partner-lamplig-for-proffs-och\/"]}]},{"@type":"ImageObject","inLanguage":"sv-SE","@id":"https:\/\/truusk.store\/sv\/produkt\/truusk-staende-boxningssack-176-cm-fristaende-heavy-duty-med-stall-och-vinylpad-boxning-partner-lamplig-for-proffs-och\/#primaryimage","url":"https:\/\/i0.wp.com\/truusk.store\/wp-content\/uploads\/2024\/02\/boxningssack-staende-176-cm-vuxen-fristaende-heavy-duty-staende-boxningssack-med-stall-och-vinylpad-boxning-partner-boxningstranare-lamplig-for-proffs-och-nyborjare-svart.webp?fit=800%2C800&ssl=1","contentUrl":"https:\/\/i0.wp.com\/truusk.store\/wp-content\/uploads\/2024\/02\/boxningssack-staende-176-cm-vuxen-fristaende-heavy-duty-staende-boxningssack-med-stall-och-vinylpad-boxning-partner-boxningstranare-lamplig-for-proffs-och-nyborjare-svart.webp?fit=800%2C800&ssl=1","width":800,"height":800,"caption":"Boxningss\u00e4ck St\u00e5ende 176 Cm Vuxen Frist\u00e5ende Heavy Duty St\u00e5ende Boxningss\u00e4ck Med St\u00e4ll Och Vinylpad Boxning Partner Boxningstr\u00e4nare L\u00e4mplig F\u00f6r Proffs Och Nyb\u00f6rjare Svart 1"},{"@type":"BreadcrumbList","@id":"https:\/\/truusk.store\/sv\/produkt\/truusk-staende-boxningssack-176-cm-fristaende-heavy-duty-med-stall-och-vinylpad-boxning-partner-lamplig-for-proffs-och\/#breadcrumb","itemListElement":[{"@type":"ListItem","position":1,"name":"Home","item":"https:\/\/truusk.store\/sv\/"},{"@type":"ListItem","position":2,"name":"Shop","item":"https:\/\/truusk.store\/shop\/"},{"@type":"ListItem","position":3,"name":"TRUUSK St\u00e5ende Boxningss\u00e4ck 176 cm &#8211; Frist\u00e5ende &#8211; Heavy Duty &#8211; Med St\u00e4ll och Vinylpad &#8211; Boxning Partner &#8211; L\u00e4mplig f\u00f6r Proffs och"}]},{"@type":"WebSite","@id":"https:\/\/truusk.store\/sv\/#website","url":"https:\/\/truusk.store\/sv\/","name":"TRUUSK - Hem, Tr\u00e4dg\u00e5rd & Fritid","description":"","publisher":{"@id":"https:\/\/truusk.store\/sv\/#organization"},"potentialAction":[{"@type":"SearchAction","target":{"@type":"EntryPoint","urlTemplate":"https:\/\/truusk.store\/sv\/?s={search_term_string}"},"query-input":{"@type":"PropertyValueSpecification","valueRequired":true,"valueName":"search_term_string"}}],"inLanguage":"sv-SE"},{"@type":"Organization","@id":"https:\/\/truusk.store\/sv\/#organization","name":"TRUUSK - Hem, Tr\u00e4dg\u00e5rd & Fritid","url":"https:\/\/truusk.store\/sv\/","logo":{"@type":"ImageObject","inLanguage":"sv-SE","@id":"https:\/\/truusk.store\/sv\/#\/schema\/logo\/image\/","url":"https:\/\/i0.wp.com\/truusk.store\/wp-content\/uploads\/2026\/03\/cropped-TRUUSK.png?fit=2032%2C917&ssl=1","contentUrl":"https:\/\/i0.wp.com\/truusk.store\/wp-content\/uploads\/2026\/03\/cropped-TRUUSK.png?fit=2032%2C917&ssl=1","width":2032,"height":917,"caption":"TRUUSK - Hem, Tr\u00e4dg\u00e5rd & Fritid"},"image":{"@id":"https:\/\/truusk.store\/sv\/#\/schema\/logo\/image\/"}}]}},"jetpack_sharing_enabled":true,"_links":{"self":[{"href":"https:\/\/truusk.store\/sv\/wp-json\/wp\/v2\/product\/14162","targetHints":{"allow":["GET"]}}],"collection":[{"href":"https:\/\/truusk.store\/sv\/wp-json\/wp\/v2\/product"}],"about":[{"href":"https:\/\/truusk.store\/sv\/wp-json\/wp\/v2\/types\/product"}],"wp:featuredmedia":[{"embeddable":true,"href":"https:\/\/truusk.store\/sv\/wp-json\/wp\/v2\/media\/14163"}],"wp:attachment":[{"href":"https:\/\/truusk.store\/sv\/wp-json\/wp\/v2\/media?parent=14162"}],"wp:term":[{"taxonomy":"product_brand","embeddable":true,"href":"https:\/\/truusk.store\/sv\/wp-json\/wp\/v2\/product_brand?post=14162"},{"taxonomy":"product_cat","embeddable":true,"href":"https:\/\/truusk.store\/sv\/wp-json\/wp\/v2\/product_cat?post=14162"},{"taxonomy":"product_tag","embeddable":true,"href":"https:\/\/truusk.store\/sv\/wp-json\/wp\/v2\/product_tag?post=14162"}],"curies":[{"name":"wp","href":"https:\/\/api.w.org\/{rel}","templated":true}]}}