{"id":14206,"date":"2024-02-13T12:00:05","date_gmt":"2024-02-13T11:00:05","guid":{"rendered":"https:\/\/truusk.store\/product\/hund-agility-traningsutrustning-hund-agility-set-hund-agility-kurs-inklusive-tunnel-slalomstavar-hackstangsset-startfalt-agility-utrustning-for-hundar-bla-gul\/"},"modified":"2026-03-12T08:59:15","modified_gmt":"2026-03-12T07:59:15","slug":"truusk-hund-agility-set-tunnel-slalomstavar-hackstangsset-startfalt-bla-gul","status":"publish","type":"product","link":"https:\/\/truusk.store\/sv\/produkt\/truusk-hund-agility-set-tunnel-slalomstavar-hackstangsset-startfalt-bla-gul\/","title":{"rendered":"TRUUSK Hund Agility Set &#8211; Tunnel &#8211; Slalomstavar &#8211; H\u00e4ckst\u00e5ngsset &#8211; Startf\u00e4lt &#8211; Bl\u00e5 + Gul"},"content":{"rendered":"<p>Har du en pigg hund som vill bli utmanad? D\u00e5 erbjuder hundagilitysetet perfekt variation. Den best\u00e5r av 1 tunnel, 4 slalomstavar, 1 upps\u00e4ttning hinderstavar och 1 startf\u00e4lt. Hopph\u00f6jden \u00e4r stegl\u00f6st justerbar och kan d\u00e4rf\u00f6r anpassas individuellt efter din hund. Dog agility set \u00e4r l\u00e4tt att transportera i den medf\u00f6ljande b\u00e4rv\u00e4skan. P\u00e5 s\u00e5 s\u00e4tt st\u00e4rker du inte bara bandet mellan dig och ditt djur, utan fr\u00e4mjar \u00e4ven p\u00e5 ett lekfullt s\u00e4tt ditt husdjurs h\u00e4lsa.<\/p>\n<h3>Beskrivning:<\/h3>\n<ul>\n<li>Hund agility set erbjuder en m\u00e4ngd olika tr\u00e4ningsalternativ<\/li>\n<li>1 x tunnel + 4 x slalomstavar + 1 x h\u00e4ckstavssats + 1 x startf\u00e4lt<\/li>\n<li>Hopph\u00f6jden \u00e4r stegl\u00f6st justerbar<\/li>\n<li>Tillverkad av h\u00f6gkvalitativ plast med polyester<\/li>\n<li>Enkel och snabb montering och demontering<\/li>\n<li>Inkluderar b\u00e4rv\u00e4ska med dragkedja f\u00f6r enkel transport<\/li>\n<\/ul>\n<h3>Teknisk data:<\/h3>\n<ul>\n<li>Material: PE, polyester<\/li>\n<li>F\u00e4rg: Gul+bl\u00e5<\/li>\n<li>Tunnelset: L148 x 60 cm, 1 x v\u00e4ska: 65 cm<\/li>\n<li>H\u00e4ckset: 2 x bommar: H86 x 3,2 cm, 1 x st\u00e5ng: L85 x 3,2 cm<\/li>\n<li>Slalomset: 4 x stavar: H60 x 3,2 cm<\/li>\n<li>Startf\u00e4lt: L88 x B88 x H2,5 cm<\/li>\n<li>Vikt: ca 2,9 kg<\/li>\n<\/ul>\n<h3>Leveransens omfattning:<\/h3>\n<ul>\n<li>1 x Dog Agility Set<\/li>\n<li>2 x B\u00e4rv\u00e4ska<\/li>\n<li>Tillbeh\u00f6r: 6 x markspikar, 1 x rep, 8 x pinnar f\u00f6r tunnel och startf\u00e4lt<\/li>\n<\/ul>\n","protected":false},"excerpt":{"rendered":"<p>Har du en pigg hund som vill bli utmanad? D\u00e5 erbjuder hundagilitysetet perfekt variation. Den best\u00e5r av 1 tunnel, 4&#8230;<\/p>\n","protected":false},"featured_media":14207,"template":"","meta":[],"product_brand":[],"product_cat":[578,574,573],"product_tag":[],"class_list":{"0":"post-14206","1":"product","2":"type-product","3":"status-publish","4":"has-post-thumbnail","6":"product_cat-agility-set","7":"product_cat-hundtillbehor","8":"product_cat-husdjursmaterial","10":"first","11":"instock","12":"sale","13":"taxable","14":"shipping-taxable","15":"purchasable","16":"product-type-simple"},"yoast_head":"<!-- This site is optimized with the Yoast SEO plugin v25.4 - https:\/\/yoast.com\/wordpress\/plugins\/seo\/ -->\n<title>TRUUSK Hund Agility Set - Tunnel - Slalomstavar - H\u00e4ckst\u00e5ngsset - Startf\u00e4lt - Bl\u00e5 + Gul - TRUUSK - Hem, Tr\u00e4dg\u00e5rd &amp; Fritid<\/title>\n<meta name=\"robots\" content=\"index, follow, max-snippet:-1, max-image-preview:large, max-video-preview:-1\" \/>\n<link rel=\"canonical\" href=\"https:\/\/truusk.store\/sv\/produkt\/truusk-hund-agility-set-tunnel-slalomstavar-hackstangsset-startfalt-bla-gul\/\" \/>\n<meta property=\"og:locale\" content=\"sv_SE\" \/>\n<meta property=\"og:type\" content=\"article\" \/>\n<meta property=\"og:title\" content=\"TRUUSK Hund Agility Set - Tunnel - Slalomstavar - H\u00e4ckst\u00e5ngsset - Startf\u00e4lt - Bl\u00e5 + Gul - TRUUSK - Hem, Tr\u00e4dg\u00e5rd &amp; Fritid\" \/>\n<meta property=\"og:description\" content=\"Har du en pigg hund som vill bli utmanad? D\u00e5 erbjuder hundagilitysetet perfekt variation. Den best\u00e5r av 1 tunnel, 4...\" \/>\n<meta property=\"og:url\" content=\"https:\/\/truusk.store\/sv\/produkt\/truusk-hund-agility-set-tunnel-slalomstavar-hackstangsset-startfalt-bla-gul\/\" \/>\n<meta property=\"og:site_name\" content=\"TRUUSK - Hem, Tr\u00e4dg\u00e5rd &amp; Fritid\" \/>\n<meta property=\"article:modified_time\" content=\"2026-03-12T07:59:15+00:00\" \/>\n<meta property=\"og:image\" content=\"https:\/\/i0.wp.com\/truusk.se\/wp-content\/uploads\/2024\/02\/hund-agility-traningsutrustning-hund-agility-set-hund-agility-kurs-inklusive-tunnel-slalomstavar-hackstangsset-startfalt-agility-utrustning-for-hundar-bla-gul.webp?fit=800%2C800&ssl=1\" \/>\n\t<meta property=\"og:image:width\" content=\"800\" \/>\n\t<meta property=\"og:image:height\" content=\"800\" \/>\n\t<meta property=\"og:image:type\" content=\"image\/webp\" \/>\n<meta name=\"twitter:card\" content=\"summary_large_image\" \/>\n<meta name=\"twitter:label1\" content=\"Ber\u00e4knad l\u00e4stid\" \/>\n\t<meta name=\"twitter:data1\" content=\"1 minut\" \/>\n<!-- \/ Yoast SEO plugin. -->","yoast_head_json":{"title":"TRUUSK Hund Agility Set - Tunnel - Slalomstavar - H\u00e4ckst\u00e5ngsset - Startf\u00e4lt - Bl\u00e5 + Gul - TRUUSK - Hem, Tr\u00e4dg\u00e5rd &amp; Fritid","robots":{"index":"index","follow":"follow","max-snippet":"max-snippet:-1","max-image-preview":"max-image-preview:large","max-video-preview":"max-video-preview:-1"},"canonical":"https:\/\/truusk.store\/sv\/produkt\/truusk-hund-agility-set-tunnel-slalomstavar-hackstangsset-startfalt-bla-gul\/","og_locale":"sv_SE","og_type":"article","og_title":"TRUUSK Hund Agility Set - Tunnel - Slalomstavar - H\u00e4ckst\u00e5ngsset - Startf\u00e4lt - Bl\u00e5 + Gul - TRUUSK - Hem, Tr\u00e4dg\u00e5rd &amp; Fritid","og_description":"Har du en pigg hund som vill bli utmanad? D\u00e5 erbjuder hundagilitysetet perfekt variation. Den best\u00e5r av 1 tunnel, 4...","og_url":"https:\/\/truusk.store\/sv\/produkt\/truusk-hund-agility-set-tunnel-slalomstavar-hackstangsset-startfalt-bla-gul\/","og_site_name":"TRUUSK - Hem, Tr\u00e4dg\u00e5rd &amp; Fritid","article_modified_time":"2026-03-12T07:59:15+00:00","og_image":[{"width":800,"height":800,"url":"https:\/\/i0.wp.com\/truusk.se\/wp-content\/uploads\/2024\/02\/hund-agility-traningsutrustning-hund-agility-set-hund-agility-kurs-inklusive-tunnel-slalomstavar-hackstangsset-startfalt-agility-utrustning-for-hundar-bla-gul.webp?fit=800%2C800&ssl=1","type":"image\/webp"}],"twitter_card":"summary_large_image","twitter_misc":{"Ber\u00e4knad l\u00e4stid":"1 minut"},"schema":{"@context":"https:\/\/schema.org","@graph":[{"@type":"WebPage","@id":"https:\/\/truusk.store\/sv\/produkt\/truusk-hund-agility-set-tunnel-slalomstavar-hackstangsset-startfalt-bla-gul\/","url":"https:\/\/truusk.store\/sv\/produkt\/truusk-hund-agility-set-tunnel-slalomstavar-hackstangsset-startfalt-bla-gul\/","name":"TRUUSK Hund Agility Set - Tunnel - Slalomstavar - H\u00e4ckst\u00e5ngsset - Startf\u00e4lt - Bl\u00e5 + Gul - TRUUSK - Hem, Tr\u00e4dg\u00e5rd &amp; Fritid","isPartOf":{"@id":"https:\/\/truusk.store\/sv\/#website"},"primaryImageOfPage":{"@id":"https:\/\/truusk.store\/sv\/produkt\/truusk-hund-agility-set-tunnel-slalomstavar-hackstangsset-startfalt-bla-gul\/#primaryimage"},"image":{"@id":"https:\/\/truusk.store\/sv\/produkt\/truusk-hund-agility-set-tunnel-slalomstavar-hackstangsset-startfalt-bla-gul\/#primaryimage"},"thumbnailUrl":"https:\/\/i0.wp.com\/truusk.store\/wp-content\/uploads\/2024\/02\/hund-agility-traningsutrustning-hund-agility-set-hund-agility-kurs-inklusive-tunnel-slalomstavar-hackstangsset-startfalt-agility-utrustning-for-hundar-bla-gul.webp?fit=800%2C800&ssl=1","datePublished":"2024-02-13T11:00:05+00:00","dateModified":"2026-03-12T07:59:15+00:00","breadcrumb":{"@id":"https:\/\/truusk.store\/sv\/produkt\/truusk-hund-agility-set-tunnel-slalomstavar-hackstangsset-startfalt-bla-gul\/#breadcrumb"},"inLanguage":"sv-SE","potentialAction":[{"@type":"ReadAction","target":["https:\/\/truusk.store\/sv\/produkt\/truusk-hund-agility-set-tunnel-slalomstavar-hackstangsset-startfalt-bla-gul\/"]}]},{"@type":"ImageObject","inLanguage":"sv-SE","@id":"https:\/\/truusk.store\/sv\/produkt\/truusk-hund-agility-set-tunnel-slalomstavar-hackstangsset-startfalt-bla-gul\/#primaryimage","url":"https:\/\/i0.wp.com\/truusk.store\/wp-content\/uploads\/2024\/02\/hund-agility-traningsutrustning-hund-agility-set-hund-agility-kurs-inklusive-tunnel-slalomstavar-hackstangsset-startfalt-agility-utrustning-for-hundar-bla-gul.webp?fit=800%2C800&ssl=1","contentUrl":"https:\/\/i0.wp.com\/truusk.store\/wp-content\/uploads\/2024\/02\/hund-agility-traningsutrustning-hund-agility-set-hund-agility-kurs-inklusive-tunnel-slalomstavar-hackstangsset-startfalt-agility-utrustning-for-hundar-bla-gul.webp?fit=800%2C800&ssl=1","width":800,"height":800,"caption":"Hund Agility Tr\u00e4ningsutrustning, Hund Agility Set, Hund Agility Kurs, Inklusive Tunnel, Slalomstavar, H\u00e4ckst\u00e5ngsset, Startf\u00e4lt, Agility Utrustning F\u00f6r Hundar, Bl\u00e5 + Gul 1"},{"@type":"BreadcrumbList","@id":"https:\/\/truusk.store\/sv\/produkt\/truusk-hund-agility-set-tunnel-slalomstavar-hackstangsset-startfalt-bla-gul\/#breadcrumb","itemListElement":[{"@type":"ListItem","position":1,"name":"Home","item":"https:\/\/truusk.store\/sv\/"},{"@type":"ListItem","position":2,"name":"Shop","item":"https:\/\/truusk.store\/shop\/"},{"@type":"ListItem","position":3,"name":"TRUUSK Hund Agility Set &#8211; Tunnel &#8211; Slalomstavar &#8211; H\u00e4ckst\u00e5ngsset &#8211; Startf\u00e4lt &#8211; Bl\u00e5 + Gul"}]},{"@type":"WebSite","@id":"https:\/\/truusk.store\/sv\/#website","url":"https:\/\/truusk.store\/sv\/","name":"TRUUSK - Hem, Tr\u00e4dg\u00e5rd & Fritid","description":"","publisher":{"@id":"https:\/\/truusk.store\/sv\/#organization"},"potentialAction":[{"@type":"SearchAction","target":{"@type":"EntryPoint","urlTemplate":"https:\/\/truusk.store\/sv\/?s={search_term_string}"},"query-input":{"@type":"PropertyValueSpecification","valueRequired":true,"valueName":"search_term_string"}}],"inLanguage":"sv-SE"},{"@type":"Organization","@id":"https:\/\/truusk.store\/sv\/#organization","name":"TRUUSK - Hem, Tr\u00e4dg\u00e5rd & Fritid","url":"https:\/\/truusk.store\/sv\/","logo":{"@type":"ImageObject","inLanguage":"sv-SE","@id":"https:\/\/truusk.store\/sv\/#\/schema\/logo\/image\/","url":"https:\/\/i0.wp.com\/truusk.store\/wp-content\/uploads\/2026\/03\/cropped-TRUUSK.png?fit=2032%2C917&ssl=1","contentUrl":"https:\/\/i0.wp.com\/truusk.store\/wp-content\/uploads\/2026\/03\/cropped-TRUUSK.png?fit=2032%2C917&ssl=1","width":2032,"height":917,"caption":"TRUUSK - Hem, Tr\u00e4dg\u00e5rd & Fritid"},"image":{"@id":"https:\/\/truusk.store\/sv\/#\/schema\/logo\/image\/"}}]}},"jetpack_sharing_enabled":true,"_links":{"self":[{"href":"https:\/\/truusk.store\/sv\/wp-json\/wp\/v2\/product\/14206","targetHints":{"allow":["GET"]}}],"collection":[{"href":"https:\/\/truusk.store\/sv\/wp-json\/wp\/v2\/product"}],"about":[{"href":"https:\/\/truusk.store\/sv\/wp-json\/wp\/v2\/types\/product"}],"wp:featuredmedia":[{"embeddable":true,"href":"https:\/\/truusk.store\/sv\/wp-json\/wp\/v2\/media\/14207"}],"wp:attachment":[{"href":"https:\/\/truusk.store\/sv\/wp-json\/wp\/v2\/media?parent=14206"}],"wp:term":[{"taxonomy":"product_brand","embeddable":true,"href":"https:\/\/truusk.store\/sv\/wp-json\/wp\/v2\/product_brand?post=14206"},{"taxonomy":"product_cat","embeddable":true,"href":"https:\/\/truusk.store\/sv\/wp-json\/wp\/v2\/product_cat?post=14206"},{"taxonomy":"product_tag","embeddable":true,"href":"https:\/\/truusk.store\/sv\/wp-json\/wp\/v2\/product_tag?post=14206"}],"curies":[{"name":"wp","href":"https:\/\/api.w.org\/{rel}","templated":true}]}}