{"id":14236,"date":"2024-02-13T12:00:59","date_gmt":"2024-02-13T11:00:59","guid":{"rendered":"https:\/\/truusk.store\/product\/upphojd-sang-rullfolieoverdrag-ram-av-naturligt-tra-tygfoder-draneringsoppningar-121-x-55-x-117-cm\/"},"modified":"2026-03-12T08:59:16","modified_gmt":"2026-03-12T07:59:16","slug":"truusk-hundbadd-med-rulltak-naturlig-traram-tygfoder-draneringsoppningar-121-x-55-x-117-cm","status":"publish","type":"product","link":"https:\/\/truusk.store\/sv\/produkt\/truusk-hundbadd-med-rulltak-naturlig-traram-tygfoder-draneringsoppningar-121-x-55-x-117-cm\/","title":{"rendered":"TRUUSK Hundb\u00e4dd med Rulltak &#8211; Naturlig Tr\u00e4ram &#8211; Tygfoder &#8211; Dr\u00e4nerings\u00f6ppningar &#8211; 121 x 55 x 117 cm"},"content":{"rendered":"<p>V\u00e5r blomsterl\u00e5da \u00e4r ett perfekt s\u00e4tt att odla \u00f6rter, blommor och gr\u00f6nsaker hemma. Denna planteringsl\u00e5da h\u00e5ller jorden fri fr\u00e5n ogr\u00e4s, f\u00f6rhindrar jordpackning och ger utm\u00e4rkt dr\u00e4nering. Den unika designen och folieskyddet s\u00e4kerst\u00e4ller en idealisk temperatur inuti och skyddar dina v\u00e4xter fr\u00e5n v\u00e4der och djur. Skapa ett litet tr\u00e4dg\u00e5rdsparadis med denna bloml\u00e5da idag!<\/p>\n<h3>Beskrivning:<\/h3>\n<ul>\n<li>H\u00f6gb\u00e4dden ger gott om plats f\u00f6r dina v\u00e4xter och hj\u00e4lper dem att v\u00e4xa bra<\/li>\n<li>Plastfilm h\u00e5ller interi\u00f6ren varm och skyddar mot UV-str\u00e5lar och l\u00e4tt regn<\/li>\n<li>Massiv tr\u00e4ram som du kan m\u00e5la med din favoritf\u00e4rg<\/li>\n<li>Tygfoder i planteringsl\u00e5dan f\u00f6rhindrar jordf\u00f6rlust<\/li>\n<li>4 dr\u00e4neringsh\u00e5l g\u00f6r att \u00f6verfl\u00f6digt vatten kan rinna bort<\/li>\n<li>Tillverkad av massivt tr\u00e4 och st\u00e5l f\u00f6r stabilitet<\/li>\n<li>Roll-up folieskydd s\u00e4kerst\u00e4ller god luftcirkulation<\/li>\n<li>Montering kr\u00e4vs<\/li>\n<\/ul>\n<h3>Teknisk data:<\/h3>\n<ul>\n<li>F\u00e4rg: naturligt tr\u00e4<\/li>\n<li>Material: gran, st\u00e5l, PE<\/li>\n<li>\u00d6vergripande m\u00e5tt: 121L x 55W x 117H cm<\/li>\n<li>K\u00e5pans m\u00e5tt: 117L x 52W x 60H cm<\/li>\n<li>M\u00e5tt p\u00e5 planteringsyta: 115L x 49W x 18,5D cm<\/li>\n<li>Dr\u00e4neringsh\u00e5l: 10mm<\/li>\n<li>Lastkapacitet: 40 kg<\/li>\n<li>Artikelnamn: 845-364<\/li>\n<\/ul>\n<h3>Leveransens omfattning:<\/h3>\n<ul>\n<li>1 x upph\u00f6jd s\u00e4ng<\/li>\n<li>1 x filmomslag<\/li>\n<li>1 x Instruktioner<\/li>\n<\/ul>\n","protected":false},"excerpt":{"rendered":"<p>V\u00e5r blomsterl\u00e5da \u00e4r ett perfekt s\u00e4tt att odla \u00f6rter, blommor och gr\u00f6nsaker hemma. Denna planteringsl\u00e5da h\u00e5ller jorden fri fr\u00e5n ogr\u00e4s,&#8230;<\/p>\n","protected":false},"featured_media":14237,"template":"","meta":[],"product_brand":[],"product_cat":[447,435,443],"product_tag":[],"class_list":{"0":"post-14236","1":"product","2":"type-product","3":"status-publish","4":"has-post-thumbnail","6":"product_cat-planteringsmaskiner","7":"product_cat-tradgard-och-terrass","8":"product_cat-vaxthus-tradgardsskotsel","10":"first","11":"instock","12":"sale","13":"taxable","14":"shipping-taxable","15":"purchasable","16":"product-type-simple"},"yoast_head":"<!-- This site is optimized with the Yoast SEO plugin v25.4 - https:\/\/yoast.com\/wordpress\/plugins\/seo\/ -->\n<title>TRUUSK Hundb\u00e4dd med Rulltak - Naturlig Tr\u00e4ram - Tygfoder - Dr\u00e4nerings\u00f6ppningar - 121 x 55 x 117 cm - TRUUSK - Hem, Tr\u00e4dg\u00e5rd &amp; Fritid<\/title>\n<meta name=\"robots\" content=\"index, follow, max-snippet:-1, max-image-preview:large, max-video-preview:-1\" \/>\n<link rel=\"canonical\" href=\"https:\/\/truusk.store\/sv\/produkt\/truusk-hundbadd-med-rulltak-naturlig-traram-tygfoder-draneringsoppningar-121-x-55-x-117-cm\/\" \/>\n<meta property=\"og:locale\" content=\"sv_SE\" \/>\n<meta property=\"og:type\" content=\"article\" \/>\n<meta property=\"og:title\" content=\"TRUUSK Hundb\u00e4dd med Rulltak - Naturlig Tr\u00e4ram - Tygfoder - Dr\u00e4nerings\u00f6ppningar - 121 x 55 x 117 cm - TRUUSK - Hem, Tr\u00e4dg\u00e5rd &amp; Fritid\" \/>\n<meta property=\"og:description\" content=\"V\u00e5r blomsterl\u00e5da \u00e4r ett perfekt s\u00e4tt att odla \u00f6rter, blommor och gr\u00f6nsaker hemma. Denna planteringsl\u00e5da h\u00e5ller jorden fri fr\u00e5n ogr\u00e4s,...\" \/>\n<meta property=\"og:url\" content=\"https:\/\/truusk.store\/sv\/produkt\/truusk-hundbadd-med-rulltak-naturlig-traram-tygfoder-draneringsoppningar-121-x-55-x-117-cm\/\" \/>\n<meta property=\"og:site_name\" content=\"TRUUSK - Hem, Tr\u00e4dg\u00e5rd &amp; Fritid\" \/>\n<meta property=\"article:modified_time\" content=\"2026-03-12T07:59:16+00:00\" \/>\n<meta property=\"og:image\" content=\"https:\/\/i0.wp.com\/truusk.se\/wp-content\/uploads\/2024\/02\/upphojd-sang-rullfolieoverdrag-ram-av-naturligt-tra-tygfoder-draneringsoppningar-121-x-55-x-117-cm.webp?fit=800%2C800&ssl=1\" \/>\n\t<meta property=\"og:image:width\" content=\"800\" \/>\n\t<meta property=\"og:image:height\" content=\"800\" \/>\n\t<meta property=\"og:image:type\" content=\"image\/webp\" \/>\n<meta name=\"twitter:card\" content=\"summary_large_image\" \/>\n<meta name=\"twitter:label1\" content=\"Ber\u00e4knad l\u00e4stid\" \/>\n\t<meta name=\"twitter:data1\" content=\"1 minut\" \/>\n<!-- \/ Yoast SEO plugin. -->","yoast_head_json":{"title":"TRUUSK Hundb\u00e4dd med Rulltak - Naturlig Tr\u00e4ram - Tygfoder - Dr\u00e4nerings\u00f6ppningar - 121 x 55 x 117 cm - TRUUSK - Hem, Tr\u00e4dg\u00e5rd &amp; Fritid","robots":{"index":"index","follow":"follow","max-snippet":"max-snippet:-1","max-image-preview":"max-image-preview:large","max-video-preview":"max-video-preview:-1"},"canonical":"https:\/\/truusk.store\/sv\/produkt\/truusk-hundbadd-med-rulltak-naturlig-traram-tygfoder-draneringsoppningar-121-x-55-x-117-cm\/","og_locale":"sv_SE","og_type":"article","og_title":"TRUUSK Hundb\u00e4dd med Rulltak - Naturlig Tr\u00e4ram - Tygfoder - Dr\u00e4nerings\u00f6ppningar - 121 x 55 x 117 cm - TRUUSK - Hem, Tr\u00e4dg\u00e5rd &amp; Fritid","og_description":"V\u00e5r blomsterl\u00e5da \u00e4r ett perfekt s\u00e4tt att odla \u00f6rter, blommor och gr\u00f6nsaker hemma. Denna planteringsl\u00e5da h\u00e5ller jorden fri fr\u00e5n ogr\u00e4s,...","og_url":"https:\/\/truusk.store\/sv\/produkt\/truusk-hundbadd-med-rulltak-naturlig-traram-tygfoder-draneringsoppningar-121-x-55-x-117-cm\/","og_site_name":"TRUUSK - Hem, Tr\u00e4dg\u00e5rd &amp; Fritid","article_modified_time":"2026-03-12T07:59:16+00:00","og_image":[{"width":800,"height":800,"url":"https:\/\/i0.wp.com\/truusk.se\/wp-content\/uploads\/2024\/02\/upphojd-sang-rullfolieoverdrag-ram-av-naturligt-tra-tygfoder-draneringsoppningar-121-x-55-x-117-cm.webp?fit=800%2C800&ssl=1","type":"image\/webp"}],"twitter_card":"summary_large_image","twitter_misc":{"Ber\u00e4knad l\u00e4stid":"1 minut"},"schema":{"@context":"https:\/\/schema.org","@graph":[{"@type":"WebPage","@id":"https:\/\/truusk.store\/sv\/produkt\/truusk-hundbadd-med-rulltak-naturlig-traram-tygfoder-draneringsoppningar-121-x-55-x-117-cm\/","url":"https:\/\/truusk.store\/sv\/produkt\/truusk-hundbadd-med-rulltak-naturlig-traram-tygfoder-draneringsoppningar-121-x-55-x-117-cm\/","name":"TRUUSK Hundb\u00e4dd med Rulltak - Naturlig Tr\u00e4ram - Tygfoder - Dr\u00e4nerings\u00f6ppningar - 121 x 55 x 117 cm - TRUUSK - Hem, Tr\u00e4dg\u00e5rd &amp; Fritid","isPartOf":{"@id":"https:\/\/truusk.store\/sv\/#website"},"primaryImageOfPage":{"@id":"https:\/\/truusk.store\/sv\/produkt\/truusk-hundbadd-med-rulltak-naturlig-traram-tygfoder-draneringsoppningar-121-x-55-x-117-cm\/#primaryimage"},"image":{"@id":"https:\/\/truusk.store\/sv\/produkt\/truusk-hundbadd-med-rulltak-naturlig-traram-tygfoder-draneringsoppningar-121-x-55-x-117-cm\/#primaryimage"},"thumbnailUrl":"https:\/\/i0.wp.com\/truusk.store\/wp-content\/uploads\/2024\/02\/upphojd-sang-rullfolieoverdrag-ram-av-naturligt-tra-tygfoder-draneringsoppningar-121-x-55-x-117-cm.webp?fit=800%2C800&ssl=1","datePublished":"2024-02-13T11:00:59+00:00","dateModified":"2026-03-12T07:59:16+00:00","breadcrumb":{"@id":"https:\/\/truusk.store\/sv\/produkt\/truusk-hundbadd-med-rulltak-naturlig-traram-tygfoder-draneringsoppningar-121-x-55-x-117-cm\/#breadcrumb"},"inLanguage":"sv-SE","potentialAction":[{"@type":"ReadAction","target":["https:\/\/truusk.store\/sv\/produkt\/truusk-hundbadd-med-rulltak-naturlig-traram-tygfoder-draneringsoppningar-121-x-55-x-117-cm\/"]}]},{"@type":"ImageObject","inLanguage":"sv-SE","@id":"https:\/\/truusk.store\/sv\/produkt\/truusk-hundbadd-med-rulltak-naturlig-traram-tygfoder-draneringsoppningar-121-x-55-x-117-cm\/#primaryimage","url":"https:\/\/i0.wp.com\/truusk.store\/wp-content\/uploads\/2024\/02\/upphojd-sang-rullfolieoverdrag-ram-av-naturligt-tra-tygfoder-draneringsoppningar-121-x-55-x-117-cm.webp?fit=800%2C800&ssl=1","contentUrl":"https:\/\/i0.wp.com\/truusk.store\/wp-content\/uploads\/2024\/02\/upphojd-sang-rullfolieoverdrag-ram-av-naturligt-tra-tygfoder-draneringsoppningar-121-x-55-x-117-cm.webp?fit=800%2C800&ssl=1","width":800,"height":800,"caption":"Upph\u00f6jd S\u00e4ng, Rullfolie\u00f6verdrag, Ram Av Naturligt Tr\u00e4, Tygfoder, Dr\u00e4nerings\u00f6ppningar, 121 X 55 X 117 Cm 1"},{"@type":"BreadcrumbList","@id":"https:\/\/truusk.store\/sv\/produkt\/truusk-hundbadd-med-rulltak-naturlig-traram-tygfoder-draneringsoppningar-121-x-55-x-117-cm\/#breadcrumb","itemListElement":[{"@type":"ListItem","position":1,"name":"Home","item":"https:\/\/truusk.store\/sv\/"},{"@type":"ListItem","position":2,"name":"Shop","item":"https:\/\/truusk.store\/shop\/"},{"@type":"ListItem","position":3,"name":"TRUUSK Hundb\u00e4dd med Rulltak &#8211; Naturlig Tr\u00e4ram &#8211; Tygfoder &#8211; Dr\u00e4nerings\u00f6ppningar &#8211; 121 x 55 x 117 cm"}]},{"@type":"WebSite","@id":"https:\/\/truusk.store\/sv\/#website","url":"https:\/\/truusk.store\/sv\/","name":"TRUUSK - Hem, Tr\u00e4dg\u00e5rd & Fritid","description":"","publisher":{"@id":"https:\/\/truusk.store\/sv\/#organization"},"potentialAction":[{"@type":"SearchAction","target":{"@type":"EntryPoint","urlTemplate":"https:\/\/truusk.store\/sv\/?s={search_term_string}"},"query-input":{"@type":"PropertyValueSpecification","valueRequired":true,"valueName":"search_term_string"}}],"inLanguage":"sv-SE"},{"@type":"Organization","@id":"https:\/\/truusk.store\/sv\/#organization","name":"TRUUSK - Hem, Tr\u00e4dg\u00e5rd & Fritid","url":"https:\/\/truusk.store\/sv\/","logo":{"@type":"ImageObject","inLanguage":"sv-SE","@id":"https:\/\/truusk.store\/sv\/#\/schema\/logo\/image\/","url":"https:\/\/i0.wp.com\/truusk.store\/wp-content\/uploads\/2026\/03\/cropped-TRUUSK.png?fit=2032%2C917&ssl=1","contentUrl":"https:\/\/i0.wp.com\/truusk.store\/wp-content\/uploads\/2026\/03\/cropped-TRUUSK.png?fit=2032%2C917&ssl=1","width":2032,"height":917,"caption":"TRUUSK - Hem, Tr\u00e4dg\u00e5rd & Fritid"},"image":{"@id":"https:\/\/truusk.store\/sv\/#\/schema\/logo\/image\/"}}]}},"jetpack_sharing_enabled":true,"_links":{"self":[{"href":"https:\/\/truusk.store\/sv\/wp-json\/wp\/v2\/product\/14236","targetHints":{"allow":["GET"]}}],"collection":[{"href":"https:\/\/truusk.store\/sv\/wp-json\/wp\/v2\/product"}],"about":[{"href":"https:\/\/truusk.store\/sv\/wp-json\/wp\/v2\/types\/product"}],"wp:featuredmedia":[{"embeddable":true,"href":"https:\/\/truusk.store\/sv\/wp-json\/wp\/v2\/media\/14237"}],"wp:attachment":[{"href":"https:\/\/truusk.store\/sv\/wp-json\/wp\/v2\/media?parent=14236"}],"wp:term":[{"taxonomy":"product_brand","embeddable":true,"href":"https:\/\/truusk.store\/sv\/wp-json\/wp\/v2\/product_brand?post=14236"},{"taxonomy":"product_cat","embeddable":true,"href":"https:\/\/truusk.store\/sv\/wp-json\/wp\/v2\/product_cat?post=14236"},{"taxonomy":"product_tag","embeddable":true,"href":"https:\/\/truusk.store\/sv\/wp-json\/wp\/v2\/product_tag?post=14236"}],"curies":[{"name":"wp","href":"https:\/\/api.w.org\/{rel}","templated":true}]}}