{"id":14258,"date":"2024-02-13T12:01:43","date_gmt":"2024-02-13T11:01:43","guid":{"rendered":"https:\/\/truusk.store\/product\/bistroset-i-polyrotting-for-2-personer-tradgardsmobelset-i-rotting-brunt\/"},"modified":"2026-03-12T08:59:16","modified_gmt":"2026-03-12T07:59:16","slug":"truusk-bistroset-polyrotting-for-2-personer-tradgardsmobelset-brunt","status":"publish","type":"product","link":"https:\/\/truusk.store\/sv\/produkt\/truusk-bistroset-polyrotting-for-2-personer-tradgardsmobelset-brunt\/","title":{"rendered":"TRUUSK Bistroset &#8211; Polyrotting &#8211; F\u00f6r 2 Personer &#8211; Tr\u00e4dg\u00e5rdsm\u00f6belset &#8211; Brunt"},"content":{"rendered":"<p>V\u00e5rt eleganta bistroset erbjuder en introduktion till den underbara v\u00e4rlden av polyrattanm\u00f6bler. P\u00e5 balkongen eller i tr\u00e4dg\u00e5rden kan du njuta av livliga samtal, en klassisk fika och avkoppling. Tr\u00e4dg\u00e5rdssetet i 3 delar best\u00e5r av tv\u00e5 f\u00e4llbara stolar och ett bord med svart rottingskiva. Tr\u00e4dg\u00e5rdssetet \u00e4r tillverkat av slitstark metall och handv\u00e4vd polyratta f\u00f6r v\u00e4derbest\u00e4ndig h\u00e5llbarhet. Njut av den kommande v\u00e5r- och sommars\u00e4songen med ditt bistroset.<\/p>\n<h3>Beskrivning:<\/h3>\n<ul>\n<li>L\u00e4mplig f\u00f6r inomhus- och utomhusbruk<\/li>\n<li>Stomme av robust metall, stabil och rosts\u00e4ker<\/li>\n<li>Handgjord av polyrotting, smuts- och vattenavvisande, UV-best\u00e4ndig<\/li>\n<li>F\u00e4llbar f\u00f6r platsbesparande f\u00f6rvaring<\/li>\n<li>Med halkfria f\u00f6tter<\/li>\n<li>L\u00e4ttsk\u00f6tt, v\u00e4nligen torka av m\u00f6blerna med en ren, torr trasa<\/li>\n<li>Observera: T\u00e4ck polyrottingm\u00f6blerna med \u00f6verdrag (s\u00e4ljs separat) n\u00e4r de inte anv\u00e4nds.<\/li>\n<\/ul>\n<h3>Teknisk data:<\/h3>\n<ul>\n<li>Material: metall, PE polyrattan<\/li>\n<li>F\u00e4rg brun<\/li>\n<li>Bordsstorlek: ca 60x60x72 cm (LxBxH)<\/li>\n<li>Stolens storlek: ca 60x47x83,5 cm (LxBxH)<\/li>\n<li>Sittyta: B42 x D41cm<\/li>\n<li>Sitth\u00f6jd: 47 cm<\/li>\n<li>Max lastkapacitet stol: 120 kg<\/li>\n<li>Max lastkapacitetstabell: 50 kg<\/li>\n<\/ul>\n<h3>Leveransens omfattning:<\/h3>\n<ul>\n<li>1 x f\u00e4llbord<\/li>\n<li>2 x hopf\u00e4llbara stolar<\/li>\n<\/ul>\n","protected":false},"excerpt":{"rendered":"<p>V\u00e5rt eleganta bistroset erbjuder en introduktion till den underbara v\u00e4rlden av polyrattanm\u00f6bler. P\u00e5 balkongen eller i tr\u00e4dg\u00e5rden kan du njuta&#8230;<\/p>\n","protected":false},"featured_media":14259,"template":"","meta":[],"product_brand":[],"product_cat":[435,450,455],"product_tag":[],"class_list":{"0":"post-14258","1":"product","2":"type-product","3":"status-publish","4":"has-post-thumbnail","6":"product_cat-tradgard-och-terrass","7":"product_cat-tradgardsmobler","8":"product_cat-tradgardsmobler-i-polyrattan","10":"first","11":"instock","12":"sale","13":"taxable","14":"shipping-taxable","15":"purchasable","16":"product-type-simple"},"yoast_head":"<!-- This site is optimized with the Yoast SEO plugin v25.4 - https:\/\/yoast.com\/wordpress\/plugins\/seo\/ -->\n<title>TRUUSK Bistroset - Polyrotting - F\u00f6r 2 Personer - Tr\u00e4dg\u00e5rdsm\u00f6belset - Brunt - TRUUSK - Hem, Tr\u00e4dg\u00e5rd &amp; Fritid<\/title>\n<meta name=\"robots\" content=\"index, follow, max-snippet:-1, max-image-preview:large, max-video-preview:-1\" \/>\n<link rel=\"canonical\" href=\"https:\/\/truusk.store\/sv\/produkt\/truusk-bistroset-polyrotting-for-2-personer-tradgardsmobelset-brunt\/\" \/>\n<meta property=\"og:locale\" content=\"sv_SE\" \/>\n<meta property=\"og:type\" content=\"article\" \/>\n<meta property=\"og:title\" content=\"TRUUSK Bistroset - Polyrotting - F\u00f6r 2 Personer - Tr\u00e4dg\u00e5rdsm\u00f6belset - Brunt - TRUUSK - Hem, Tr\u00e4dg\u00e5rd &amp; Fritid\" \/>\n<meta property=\"og:description\" content=\"V\u00e5rt eleganta bistroset erbjuder en introduktion till den underbara v\u00e4rlden av polyrattanm\u00f6bler. P\u00e5 balkongen eller i tr\u00e4dg\u00e5rden kan du njuta...\" \/>\n<meta property=\"og:url\" content=\"https:\/\/truusk.store\/sv\/produkt\/truusk-bistroset-polyrotting-for-2-personer-tradgardsmobelset-brunt\/\" \/>\n<meta property=\"og:site_name\" content=\"TRUUSK - Hem, Tr\u00e4dg\u00e5rd &amp; Fritid\" \/>\n<meta property=\"article:modified_time\" content=\"2026-03-12T07:59:16+00:00\" \/>\n<meta property=\"og:image\" content=\"https:\/\/i0.wp.com\/truusk.se\/wp-content\/uploads\/2024\/02\/bistroset-i-polyrotting-for-2-personer-tradgardsmobelset-i-rotting-brunt.webp?fit=800%2C800&ssl=1\" \/>\n\t<meta property=\"og:image:width\" content=\"800\" \/>\n\t<meta property=\"og:image:height\" content=\"800\" \/>\n\t<meta property=\"og:image:type\" content=\"image\/webp\" \/>\n<meta name=\"twitter:card\" content=\"summary_large_image\" \/>\n<meta name=\"twitter:label1\" content=\"Ber\u00e4knad l\u00e4stid\" \/>\n\t<meta name=\"twitter:data1\" content=\"1 minut\" \/>\n<!-- \/ Yoast SEO plugin. -->","yoast_head_json":{"title":"TRUUSK Bistroset - Polyrotting - F\u00f6r 2 Personer - Tr\u00e4dg\u00e5rdsm\u00f6belset - Brunt - TRUUSK - Hem, Tr\u00e4dg\u00e5rd &amp; Fritid","robots":{"index":"index","follow":"follow","max-snippet":"max-snippet:-1","max-image-preview":"max-image-preview:large","max-video-preview":"max-video-preview:-1"},"canonical":"https:\/\/truusk.store\/sv\/produkt\/truusk-bistroset-polyrotting-for-2-personer-tradgardsmobelset-brunt\/","og_locale":"sv_SE","og_type":"article","og_title":"TRUUSK Bistroset - Polyrotting - F\u00f6r 2 Personer - Tr\u00e4dg\u00e5rdsm\u00f6belset - Brunt - TRUUSK - Hem, Tr\u00e4dg\u00e5rd &amp; Fritid","og_description":"V\u00e5rt eleganta bistroset erbjuder en introduktion till den underbara v\u00e4rlden av polyrattanm\u00f6bler. P\u00e5 balkongen eller i tr\u00e4dg\u00e5rden kan du njuta...","og_url":"https:\/\/truusk.store\/sv\/produkt\/truusk-bistroset-polyrotting-for-2-personer-tradgardsmobelset-brunt\/","og_site_name":"TRUUSK - Hem, Tr\u00e4dg\u00e5rd &amp; Fritid","article_modified_time":"2026-03-12T07:59:16+00:00","og_image":[{"width":800,"height":800,"url":"https:\/\/i0.wp.com\/truusk.se\/wp-content\/uploads\/2024\/02\/bistroset-i-polyrotting-for-2-personer-tradgardsmobelset-i-rotting-brunt.webp?fit=800%2C800&ssl=1","type":"image\/webp"}],"twitter_card":"summary_large_image","twitter_misc":{"Ber\u00e4knad l\u00e4stid":"1 minut"},"schema":{"@context":"https:\/\/schema.org","@graph":[{"@type":"WebPage","@id":"https:\/\/truusk.store\/sv\/produkt\/truusk-bistroset-polyrotting-for-2-personer-tradgardsmobelset-brunt\/","url":"https:\/\/truusk.store\/sv\/produkt\/truusk-bistroset-polyrotting-for-2-personer-tradgardsmobelset-brunt\/","name":"TRUUSK Bistroset - Polyrotting - F\u00f6r 2 Personer - Tr\u00e4dg\u00e5rdsm\u00f6belset - Brunt - TRUUSK - Hem, Tr\u00e4dg\u00e5rd &amp; Fritid","isPartOf":{"@id":"https:\/\/truusk.store\/sv\/#website"},"primaryImageOfPage":{"@id":"https:\/\/truusk.store\/sv\/produkt\/truusk-bistroset-polyrotting-for-2-personer-tradgardsmobelset-brunt\/#primaryimage"},"image":{"@id":"https:\/\/truusk.store\/sv\/produkt\/truusk-bistroset-polyrotting-for-2-personer-tradgardsmobelset-brunt\/#primaryimage"},"thumbnailUrl":"https:\/\/i0.wp.com\/truusk.store\/wp-content\/uploads\/2024\/02\/bistroset-i-polyrotting-for-2-personer-tradgardsmobelset-i-rotting-brunt.webp?fit=800%2C800&ssl=1","datePublished":"2024-02-13T11:01:43+00:00","dateModified":"2026-03-12T07:59:16+00:00","breadcrumb":{"@id":"https:\/\/truusk.store\/sv\/produkt\/truusk-bistroset-polyrotting-for-2-personer-tradgardsmobelset-brunt\/#breadcrumb"},"inLanguage":"sv-SE","potentialAction":[{"@type":"ReadAction","target":["https:\/\/truusk.store\/sv\/produkt\/truusk-bistroset-polyrotting-for-2-personer-tradgardsmobelset-brunt\/"]}]},{"@type":"ImageObject","inLanguage":"sv-SE","@id":"https:\/\/truusk.store\/sv\/produkt\/truusk-bistroset-polyrotting-for-2-personer-tradgardsmobelset-brunt\/#primaryimage","url":"https:\/\/i0.wp.com\/truusk.store\/wp-content\/uploads\/2024\/02\/bistroset-i-polyrotting-for-2-personer-tradgardsmobelset-i-rotting-brunt.webp?fit=800%2C800&ssl=1","contentUrl":"https:\/\/i0.wp.com\/truusk.store\/wp-content\/uploads\/2024\/02\/bistroset-i-polyrotting-for-2-personer-tradgardsmobelset-i-rotting-brunt.webp?fit=800%2C800&ssl=1","width":800,"height":800,"caption":"Bistroset I Polyrotting F\u00f6r 2 Personer, Tr\u00e4dg\u00e5rdsm\u00f6belset I Rotting, Brunt 1"},{"@type":"BreadcrumbList","@id":"https:\/\/truusk.store\/sv\/produkt\/truusk-bistroset-polyrotting-for-2-personer-tradgardsmobelset-brunt\/#breadcrumb","itemListElement":[{"@type":"ListItem","position":1,"name":"Home","item":"https:\/\/truusk.store\/sv\/"},{"@type":"ListItem","position":2,"name":"Shop","item":"https:\/\/truusk.store\/shop\/"},{"@type":"ListItem","position":3,"name":"TRUUSK Bistroset &#8211; Polyrotting &#8211; F\u00f6r 2 Personer &#8211; Tr\u00e4dg\u00e5rdsm\u00f6belset &#8211; Brunt"}]},{"@type":"WebSite","@id":"https:\/\/truusk.store\/sv\/#website","url":"https:\/\/truusk.store\/sv\/","name":"TRUUSK - Hem, Tr\u00e4dg\u00e5rd & Fritid","description":"","publisher":{"@id":"https:\/\/truusk.store\/sv\/#organization"},"potentialAction":[{"@type":"SearchAction","target":{"@type":"EntryPoint","urlTemplate":"https:\/\/truusk.store\/sv\/?s={search_term_string}"},"query-input":{"@type":"PropertyValueSpecification","valueRequired":true,"valueName":"search_term_string"}}],"inLanguage":"sv-SE"},{"@type":"Organization","@id":"https:\/\/truusk.store\/sv\/#organization","name":"TRUUSK - Hem, Tr\u00e4dg\u00e5rd & Fritid","url":"https:\/\/truusk.store\/sv\/","logo":{"@type":"ImageObject","inLanguage":"sv-SE","@id":"https:\/\/truusk.store\/sv\/#\/schema\/logo\/image\/","url":"https:\/\/i0.wp.com\/truusk.store\/wp-content\/uploads\/2026\/03\/cropped-TRUUSK.png?fit=2032%2C917&ssl=1","contentUrl":"https:\/\/i0.wp.com\/truusk.store\/wp-content\/uploads\/2026\/03\/cropped-TRUUSK.png?fit=2032%2C917&ssl=1","width":2032,"height":917,"caption":"TRUUSK - Hem, Tr\u00e4dg\u00e5rd & Fritid"},"image":{"@id":"https:\/\/truusk.store\/sv\/#\/schema\/logo\/image\/"}}]}},"jetpack_sharing_enabled":true,"_links":{"self":[{"href":"https:\/\/truusk.store\/sv\/wp-json\/wp\/v2\/product\/14258","targetHints":{"allow":["GET"]}}],"collection":[{"href":"https:\/\/truusk.store\/sv\/wp-json\/wp\/v2\/product"}],"about":[{"href":"https:\/\/truusk.store\/sv\/wp-json\/wp\/v2\/types\/product"}],"wp:featuredmedia":[{"embeddable":true,"href":"https:\/\/truusk.store\/sv\/wp-json\/wp\/v2\/media\/14259"}],"wp:attachment":[{"href":"https:\/\/truusk.store\/sv\/wp-json\/wp\/v2\/media?parent=14258"}],"wp:term":[{"taxonomy":"product_brand","embeddable":true,"href":"https:\/\/truusk.store\/sv\/wp-json\/wp\/v2\/product_brand?post=14258"},{"taxonomy":"product_cat","embeddable":true,"href":"https:\/\/truusk.store\/sv\/wp-json\/wp\/v2\/product_cat?post=14258"},{"taxonomy":"product_tag","embeddable":true,"href":"https:\/\/truusk.store\/sv\/wp-json\/wp\/v2\/product_tag?post=14258"}],"curies":[{"name":"wp","href":"https:\/\/api.w.org\/{rel}","templated":true}]}}