{"id":14294,"date":"2024-02-13T12:02:43","date_gmt":"2024-02-13T11:02:43","guid":{"rendered":"https:\/\/truusk.store\/product\/skrapstolpe-katttrad-med-lekbollar-kattskrapstolpe-sisalrep-skrapor-svart-355-x-37-x-46-cm\/"},"modified":"2026-03-12T08:59:17","modified_gmt":"2026-03-12T07:59:17","slug":"truusk-skrapstolpe-katttrad-med-lekbollar-sisalrep-svart-355-x-37-x-46-cm","status":"publish","type":"product","link":"https:\/\/truusk.store\/sv\/produkt\/truusk-skrapstolpe-katttrad-med-lekbollar-sisalrep-svart-355-x-37-x-46-cm\/","title":{"rendered":"TRUUSK Skrapstolpe Katttr\u00e4d Med Lekbollar &#8211; Sisalrep &#8211; Svart 35,5 x 37 x 46 cm"},"content":{"rendered":"<p>Tillfredsst\u00e4ll din katts naturliga instinkter s\u00e4kert med v\u00e5rt katttr\u00e4d! Med sin naturliga sisalkl\u00e4dda repyta och mysiga plysch\u00f6verdrag, erbjuder v\u00e5r repstolpe en elegant och mysig tillflyktsort f\u00f6r katter. Katten har ocks\u00e5 en liten kattgrotta som tillflyktsort och en plysch kattleksak f\u00f6r o\u00e4ndlig underh\u00e5llning.<\/p>\n<h3>Beskrivning:<\/h3>\n<ul>\n<li>Med kattleksaker f\u00f6r att underh\u00e5lla din katt<\/li>\n<li>T\u00e4ckt i mjuk och mysig plysch som dina katter kommer att \u00e4lska<\/li>\n<li>Den upph\u00f6jda plattformen erbjuder dina katter en bekv\u00e4m plats att koppla av och titta p\u00e5<\/li>\n<li>Sisalstolpar och kattskrapbr\u00e4dor \u00e4r designade f\u00f6r att tillfredsst\u00e4lla dina katters repbeteende och skydda dina m\u00f6bler fr\u00e5n repor<\/li>\n<li>Tillverkad av milj\u00f6v\u00e4nliga material<\/li>\n<li>Eleganta gr\u00e5 och svarta f\u00e4rger som passar alla inredningar<\/li>\n<li>L\u00e4mplig f\u00f6r katter upp till 4 kg<\/li>\n<li>Enkel konstruktion<\/li>\n<\/ul>\n<h3>Teknisk data:<\/h3>\n<ul>\n<li>Svart f\u00e4rg<\/li>\n<li>Material: Klass E1 sp\u00e5nskiva, plysch, sisal<\/li>\n<li>\u00d6vergripande m\u00e5tt: 35,5L x 37W x 46H cm<\/li>\n<li>M\u00e5tt p\u00e5 skrapplattan: 20W x 15H cm<\/li>\n<li>M\u00e5tt p\u00e5 skrapstolpen: 5,5 x 34H cm<\/li>\n<li>Plattformens m\u00e5tt: 29 x 8H cm<\/li>\n<li>Lastkapacitet: 30 kg<\/li>\n<\/ul>\n<h3>Leveransens omfattning:<\/h3>\n<ul>\n<li>1 x skrapstolpe<\/li>\n<li>1 x Instruktioner<\/li>\n<\/ul>\n","protected":false},"excerpt":{"rendered":"<p>Tillfredsst\u00e4ll din katts naturliga instinkter s\u00e4kert med v\u00e5rt katttr\u00e4d! Med sin naturliga sisalkl\u00e4dda repyta och mysiga plysch\u00f6verdrag, erbjuder v\u00e5r repstolpe&#8230;<\/p>\n","protected":false},"featured_media":14295,"template":"","meta":[],"product_brand":[],"product_cat":[573,588,589],"product_tag":[],"class_list":{"0":"post-14294","1":"product","2":"type-product","3":"status-publish","4":"has-post-thumbnail","6":"product_cat-husdjursmaterial","7":"product_cat-katttillbehor","8":"product_cat-skrapande-inlagg","10":"first","11":"instock","12":"sale","13":"taxable","14":"shipping-taxable","15":"purchasable","16":"product-type-simple"},"yoast_head":"<!-- This site is optimized with the Yoast SEO plugin v25.4 - https:\/\/yoast.com\/wordpress\/plugins\/seo\/ -->\n<title>TRUUSK Skrapstolpe Katttr\u00e4d Med Lekbollar - Sisalrep - Svart 35,5 x 37 x 46 cm - TRUUSK - Hem, Tr\u00e4dg\u00e5rd &amp; Fritid<\/title>\n<meta name=\"robots\" content=\"index, follow, max-snippet:-1, max-image-preview:large, max-video-preview:-1\" \/>\n<link rel=\"canonical\" href=\"https:\/\/truusk.store\/sv\/produkt\/truusk-skrapstolpe-katttrad-med-lekbollar-sisalrep-svart-355-x-37-x-46-cm\/\" \/>\n<meta property=\"og:locale\" content=\"sv_SE\" \/>\n<meta property=\"og:type\" content=\"article\" \/>\n<meta property=\"og:title\" content=\"TRUUSK Skrapstolpe Katttr\u00e4d Med Lekbollar - Sisalrep - Svart 35,5 x 37 x 46 cm - TRUUSK - Hem, Tr\u00e4dg\u00e5rd &amp; Fritid\" \/>\n<meta property=\"og:description\" content=\"Tillfredsst\u00e4ll din katts naturliga instinkter s\u00e4kert med v\u00e5rt katttr\u00e4d! Med sin naturliga sisalkl\u00e4dda repyta och mysiga plysch\u00f6verdrag, erbjuder v\u00e5r repstolpe...\" \/>\n<meta property=\"og:url\" content=\"https:\/\/truusk.store\/sv\/produkt\/truusk-skrapstolpe-katttrad-med-lekbollar-sisalrep-svart-355-x-37-x-46-cm\/\" \/>\n<meta property=\"og:site_name\" content=\"TRUUSK - Hem, Tr\u00e4dg\u00e5rd &amp; Fritid\" \/>\n<meta property=\"article:modified_time\" content=\"2026-03-12T07:59:17+00:00\" \/>\n<meta property=\"og:image\" content=\"https:\/\/i0.wp.com\/truusk.se\/wp-content\/uploads\/2024\/02\/skrapstolpe-katttrad-med-lekbollar-kattskrapstolpe-sisalrep-skrapor-svart-355-x-37-x-46-cm.webp?fit=800%2C800&ssl=1\" \/>\n\t<meta property=\"og:image:width\" content=\"800\" \/>\n\t<meta property=\"og:image:height\" content=\"800\" \/>\n\t<meta property=\"og:image:type\" content=\"image\/webp\" \/>\n<meta name=\"twitter:card\" content=\"summary_large_image\" \/>\n<meta name=\"twitter:label1\" content=\"Ber\u00e4knad l\u00e4stid\" \/>\n\t<meta name=\"twitter:data1\" content=\"1 minut\" \/>\n<!-- \/ Yoast SEO plugin. -->","yoast_head_json":{"title":"TRUUSK Skrapstolpe Katttr\u00e4d Med Lekbollar - Sisalrep - Svart 35,5 x 37 x 46 cm - TRUUSK - Hem, Tr\u00e4dg\u00e5rd &amp; Fritid","robots":{"index":"index","follow":"follow","max-snippet":"max-snippet:-1","max-image-preview":"max-image-preview:large","max-video-preview":"max-video-preview:-1"},"canonical":"https:\/\/truusk.store\/sv\/produkt\/truusk-skrapstolpe-katttrad-med-lekbollar-sisalrep-svart-355-x-37-x-46-cm\/","og_locale":"sv_SE","og_type":"article","og_title":"TRUUSK Skrapstolpe Katttr\u00e4d Med Lekbollar - Sisalrep - Svart 35,5 x 37 x 46 cm - TRUUSK - Hem, Tr\u00e4dg\u00e5rd &amp; Fritid","og_description":"Tillfredsst\u00e4ll din katts naturliga instinkter s\u00e4kert med v\u00e5rt katttr\u00e4d! Med sin naturliga sisalkl\u00e4dda repyta och mysiga plysch\u00f6verdrag, erbjuder v\u00e5r repstolpe...","og_url":"https:\/\/truusk.store\/sv\/produkt\/truusk-skrapstolpe-katttrad-med-lekbollar-sisalrep-svart-355-x-37-x-46-cm\/","og_site_name":"TRUUSK - Hem, Tr\u00e4dg\u00e5rd &amp; Fritid","article_modified_time":"2026-03-12T07:59:17+00:00","og_image":[{"width":800,"height":800,"url":"https:\/\/i0.wp.com\/truusk.se\/wp-content\/uploads\/2024\/02\/skrapstolpe-katttrad-med-lekbollar-kattskrapstolpe-sisalrep-skrapor-svart-355-x-37-x-46-cm.webp?fit=800%2C800&ssl=1","type":"image\/webp"}],"twitter_card":"summary_large_image","twitter_misc":{"Ber\u00e4knad l\u00e4stid":"1 minut"},"schema":{"@context":"https:\/\/schema.org","@graph":[{"@type":"WebPage","@id":"https:\/\/truusk.store\/sv\/produkt\/truusk-skrapstolpe-katttrad-med-lekbollar-sisalrep-svart-355-x-37-x-46-cm\/","url":"https:\/\/truusk.store\/sv\/produkt\/truusk-skrapstolpe-katttrad-med-lekbollar-sisalrep-svart-355-x-37-x-46-cm\/","name":"TRUUSK Skrapstolpe Katttr\u00e4d Med Lekbollar - Sisalrep - Svart 35,5 x 37 x 46 cm - TRUUSK - Hem, Tr\u00e4dg\u00e5rd &amp; Fritid","isPartOf":{"@id":"https:\/\/truusk.store\/sv\/#website"},"primaryImageOfPage":{"@id":"https:\/\/truusk.store\/sv\/produkt\/truusk-skrapstolpe-katttrad-med-lekbollar-sisalrep-svart-355-x-37-x-46-cm\/#primaryimage"},"image":{"@id":"https:\/\/truusk.store\/sv\/produkt\/truusk-skrapstolpe-katttrad-med-lekbollar-sisalrep-svart-355-x-37-x-46-cm\/#primaryimage"},"thumbnailUrl":"https:\/\/i0.wp.com\/truusk.store\/wp-content\/uploads\/2024\/02\/skrapstolpe-katttrad-med-lekbollar-kattskrapstolpe-sisalrep-skrapor-svart-355-x-37-x-46-cm.webp?fit=800%2C800&ssl=1","datePublished":"2024-02-13T11:02:43+00:00","dateModified":"2026-03-12T07:59:17+00:00","breadcrumb":{"@id":"https:\/\/truusk.store\/sv\/produkt\/truusk-skrapstolpe-katttrad-med-lekbollar-sisalrep-svart-355-x-37-x-46-cm\/#breadcrumb"},"inLanguage":"sv-SE","potentialAction":[{"@type":"ReadAction","target":["https:\/\/truusk.store\/sv\/produkt\/truusk-skrapstolpe-katttrad-med-lekbollar-sisalrep-svart-355-x-37-x-46-cm\/"]}]},{"@type":"ImageObject","inLanguage":"sv-SE","@id":"https:\/\/truusk.store\/sv\/produkt\/truusk-skrapstolpe-katttrad-med-lekbollar-sisalrep-svart-355-x-37-x-46-cm\/#primaryimage","url":"https:\/\/i0.wp.com\/truusk.store\/wp-content\/uploads\/2024\/02\/skrapstolpe-katttrad-med-lekbollar-kattskrapstolpe-sisalrep-skrapor-svart-355-x-37-x-46-cm.webp?fit=800%2C800&ssl=1","contentUrl":"https:\/\/i0.wp.com\/truusk.store\/wp-content\/uploads\/2024\/02\/skrapstolpe-katttrad-med-lekbollar-kattskrapstolpe-sisalrep-skrapor-svart-355-x-37-x-46-cm.webp?fit=800%2C800&ssl=1","width":800,"height":800,"caption":"Skrapstolpe Katttr\u00e4d Med Lekbollar Kattskrapstolpe Sisalrep Skrapor Svart 35,5 X 37 X 46 Cm 1"},{"@type":"BreadcrumbList","@id":"https:\/\/truusk.store\/sv\/produkt\/truusk-skrapstolpe-katttrad-med-lekbollar-sisalrep-svart-355-x-37-x-46-cm\/#breadcrumb","itemListElement":[{"@type":"ListItem","position":1,"name":"Home","item":"https:\/\/truusk.store\/sv\/"},{"@type":"ListItem","position":2,"name":"Shop","item":"https:\/\/truusk.store\/shop\/"},{"@type":"ListItem","position":3,"name":"TRUUSK Skrapstolpe Katttr\u00e4d Med Lekbollar &#8211; Sisalrep &#8211; Svart 35,5 x 37 x 46 cm"}]},{"@type":"WebSite","@id":"https:\/\/truusk.store\/sv\/#website","url":"https:\/\/truusk.store\/sv\/","name":"TRUUSK - Hem, Tr\u00e4dg\u00e5rd & Fritid","description":"","publisher":{"@id":"https:\/\/truusk.store\/sv\/#organization"},"potentialAction":[{"@type":"SearchAction","target":{"@type":"EntryPoint","urlTemplate":"https:\/\/truusk.store\/sv\/?s={search_term_string}"},"query-input":{"@type":"PropertyValueSpecification","valueRequired":true,"valueName":"search_term_string"}}],"inLanguage":"sv-SE"},{"@type":"Organization","@id":"https:\/\/truusk.store\/sv\/#organization","name":"TRUUSK - Hem, Tr\u00e4dg\u00e5rd & Fritid","url":"https:\/\/truusk.store\/sv\/","logo":{"@type":"ImageObject","inLanguage":"sv-SE","@id":"https:\/\/truusk.store\/sv\/#\/schema\/logo\/image\/","url":"https:\/\/i0.wp.com\/truusk.store\/wp-content\/uploads\/2026\/03\/cropped-TRUUSK.png?fit=2032%2C917&ssl=1","contentUrl":"https:\/\/i0.wp.com\/truusk.store\/wp-content\/uploads\/2026\/03\/cropped-TRUUSK.png?fit=2032%2C917&ssl=1","width":2032,"height":917,"caption":"TRUUSK - Hem, Tr\u00e4dg\u00e5rd & Fritid"},"image":{"@id":"https:\/\/truusk.store\/sv\/#\/schema\/logo\/image\/"}}]}},"jetpack_sharing_enabled":true,"_links":{"self":[{"href":"https:\/\/truusk.store\/sv\/wp-json\/wp\/v2\/product\/14294","targetHints":{"allow":["GET"]}}],"collection":[{"href":"https:\/\/truusk.store\/sv\/wp-json\/wp\/v2\/product"}],"about":[{"href":"https:\/\/truusk.store\/sv\/wp-json\/wp\/v2\/types\/product"}],"wp:featuredmedia":[{"embeddable":true,"href":"https:\/\/truusk.store\/sv\/wp-json\/wp\/v2\/media\/14295"}],"wp:attachment":[{"href":"https:\/\/truusk.store\/sv\/wp-json\/wp\/v2\/media?parent=14294"}],"wp:term":[{"taxonomy":"product_brand","embeddable":true,"href":"https:\/\/truusk.store\/sv\/wp-json\/wp\/v2\/product_brand?post=14294"},{"taxonomy":"product_cat","embeddable":true,"href":"https:\/\/truusk.store\/sv\/wp-json\/wp\/v2\/product_cat?post=14294"},{"taxonomy":"product_tag","embeddable":true,"href":"https:\/\/truusk.store\/sv\/wp-json\/wp\/v2\/product_tag?post=14294"}],"curies":[{"name":"wp","href":"https:\/\/api.w.org\/{rel}","templated":true}]}}