{"id":14470,"date":"2024-02-13T12:07:45","date_gmt":"2024-02-13T11:07:45","guid":{"rendered":"https:\/\/truusk.store\/product\/barnsoffa-med-ottoman-barnfatolj-prinsessoffa-barnsoffa-i-kronform-mjuk-soffa-med-kristallknappar-fran-3-ar-pall-rosa-58-x-405-x-49-cm\/"},"modified":"2026-03-12T08:59:20","modified_gmt":"2026-03-12T07:59:20","slug":"truusk-barnsoffa-med-ottoman-barnfatolj-for-prinsessan-kronformad-mjuk-soffa-kristallknappar-fran-3-ar-rosa-58-x-405","status":"publish","type":"product","link":"https:\/\/truusk.store\/sv\/produkt\/truusk-barnsoffa-med-ottoman-barnfatolj-for-prinsessan-kronformad-mjuk-soffa-kristallknappar-fran-3-ar-rosa-58-x-405\/","title":{"rendered":"TRUUSK Barnsoffa Med Ottoman &#8211; Barnf\u00e5t\u00f6lj f\u00f6r Prinsessan &#8211; Kronformad Mjuk Soffa &#8211; Kristallknappar &#8211; Fr\u00e5n 3 \u00e5r &#8211; Rosa &#8211; 58 x 40,5"},"content":{"rendered":"<p>V\u00e5r snygga barnsoffa med ottoman \u00e4r en idealisk present till din lilla prinsessa och \u00e4r mer \u00e4n en perfekt dekoration f\u00f6r ett barns rum eller lekrum. F\u00e5t\u00f6ljen \u00e4r kronformad och kommer med en matchande fotpall. Den har en mjuk vadderad sits, tv\u00e5 sidoarmst\u00f6d och en pall. Barnstolens ryggst\u00f6d och fotpallens yta \u00e4r broderade med vackra kristallknappar. Det h\u00e4r \u00e4r vad sm\u00e5 prinsessor g\u00f6r.<\/p>\n<h3>Beskrivning:<\/h3>\n<ul>\n<li>Massiv tr\u00e4ram, PVC-l\u00e4der och fylld med brandskyddande skum<\/li>\n<li>Kronformad, kombinerad med en fotpall. Ryggst\u00f6det och fotpallen \u00e4r broderade med ljusa kristallknappar<\/li>\n<li>Det \u00e4r ett bra komplement till alla barns rum eller till och med ett dedikerat utrymme i ditt familjerum<\/li>\n<li>Med uts\u00f6kt utf\u00f6rande och h\u00f6gkvalitativa material<\/li>\n<\/ul>\n<h3>Teknisk data:<\/h3>\n<ul>\n<li>Material: skum + tr\u00e4 + PVC<\/li>\n<li>F\u00e4rg: Rosa<\/li>\n<li>\u00d6vergripande m\u00e5tt: L58 x B40,5 x H49 cm<\/li>\n<li>Sitsm\u00e5tt: D30 x B32 cm<\/li>\n<li>Sitth\u00f6jd: 18cm<\/li>\n<li>Rekommenderad \u00e5lder: 3-5 \u00e5r<\/li>\n<\/ul>\n<h3>Leveransens omfattning:<\/h3>\n<ul>\n<li>1 x Barnsoffa<\/li>\n<li>1 x pall<\/li>\n<\/ul>\n","protected":false},"excerpt":{"rendered":"<p>V\u00e5r snygga barnsoffa med ottoman \u00e4r en idealisk present till din lilla prinsessa och \u00e4r mer \u00e4n en perfekt dekoration&#8230;<\/p>\n","protected":false},"featured_media":14471,"template":"","meta":[],"product_brand":[],"product_cat":[609,737,631,632],"product_tag":[],"class_list":{"0":"post-14470","1":"product","2":"type-product","3":"status-publish","4":"has-post-thumbnail","6":"product_cat-baby-barn","7":"product_cat-barnfatolj","8":"product_cat-barnmobler","9":"product_cat-sittmobler-for-barn","11":"first","12":"instock","13":"sale","14":"taxable","15":"shipping-taxable","16":"purchasable","17":"product-type-simple"},"yoast_head":"<!-- This site is optimized with the Yoast SEO plugin v25.4 - https:\/\/yoast.com\/wordpress\/plugins\/seo\/ -->\n<title>TRUUSK Barnsoffa Med Ottoman - Barnf\u00e5t\u00f6lj f\u00f6r Prinsessan - Kronformad Mjuk Soffa - Kristallknappar - Fr\u00e5n 3 \u00e5r - Rosa - 58 x 40,5 - TRUUSK - Hem, Tr\u00e4dg\u00e5rd &amp; Fritid<\/title>\n<meta name=\"robots\" content=\"index, follow, max-snippet:-1, max-image-preview:large, max-video-preview:-1\" \/>\n<link rel=\"canonical\" href=\"https:\/\/truusk.store\/sv\/produkt\/truusk-barnsoffa-med-ottoman-barnfatolj-for-prinsessan-kronformad-mjuk-soffa-kristallknappar-fran-3-ar-rosa-58-x-405\/\" \/>\n<meta property=\"og:locale\" content=\"sv_SE\" \/>\n<meta property=\"og:type\" content=\"article\" \/>\n<meta property=\"og:title\" content=\"TRUUSK Barnsoffa Med Ottoman - Barnf\u00e5t\u00f6lj f\u00f6r Prinsessan - Kronformad Mjuk Soffa - Kristallknappar - Fr\u00e5n 3 \u00e5r - Rosa - 58 x 40,5 - TRUUSK - Hem, Tr\u00e4dg\u00e5rd &amp; Fritid\" \/>\n<meta property=\"og:description\" content=\"V\u00e5r snygga barnsoffa med ottoman \u00e4r en idealisk present till din lilla prinsessa och \u00e4r mer \u00e4n en perfekt dekoration...\" \/>\n<meta property=\"og:url\" content=\"https:\/\/truusk.store\/sv\/produkt\/truusk-barnsoffa-med-ottoman-barnfatolj-for-prinsessan-kronformad-mjuk-soffa-kristallknappar-fran-3-ar-rosa-58-x-405\/\" \/>\n<meta property=\"og:site_name\" content=\"TRUUSK - Hem, Tr\u00e4dg\u00e5rd &amp; Fritid\" \/>\n<meta property=\"article:modified_time\" content=\"2026-03-12T07:59:20+00:00\" \/>\n<meta property=\"og:image\" content=\"https:\/\/i0.wp.com\/truusk.se\/wp-content\/uploads\/2024\/02\/barnsoffa-med-ottoman-barnfatolj-prinsessoffa-barnsoffa-i-kronform-mjuk-soffa-med-kristallknappar-fran-3-ar-pall-rosa-58-x-405-x-49-cm.webp?fit=800%2C800&ssl=1\" \/>\n\t<meta property=\"og:image:width\" content=\"800\" \/>\n\t<meta property=\"og:image:height\" content=\"800\" \/>\n\t<meta property=\"og:image:type\" content=\"image\/webp\" \/>\n<meta name=\"twitter:card\" content=\"summary_large_image\" \/>\n<meta name=\"twitter:label1\" content=\"Ber\u00e4knad l\u00e4stid\" \/>\n\t<meta name=\"twitter:data1\" content=\"1 minut\" \/>\n<!-- \/ Yoast SEO plugin. -->","yoast_head_json":{"title":"TRUUSK Barnsoffa Med Ottoman - Barnf\u00e5t\u00f6lj f\u00f6r Prinsessan - Kronformad Mjuk Soffa - Kristallknappar - Fr\u00e5n 3 \u00e5r - Rosa - 58 x 40,5 - TRUUSK - Hem, Tr\u00e4dg\u00e5rd &amp; Fritid","robots":{"index":"index","follow":"follow","max-snippet":"max-snippet:-1","max-image-preview":"max-image-preview:large","max-video-preview":"max-video-preview:-1"},"canonical":"https:\/\/truusk.store\/sv\/produkt\/truusk-barnsoffa-med-ottoman-barnfatolj-for-prinsessan-kronformad-mjuk-soffa-kristallknappar-fran-3-ar-rosa-58-x-405\/","og_locale":"sv_SE","og_type":"article","og_title":"TRUUSK Barnsoffa Med Ottoman - Barnf\u00e5t\u00f6lj f\u00f6r Prinsessan - Kronformad Mjuk Soffa - Kristallknappar - Fr\u00e5n 3 \u00e5r - Rosa - 58 x 40,5 - TRUUSK - Hem, Tr\u00e4dg\u00e5rd &amp; Fritid","og_description":"V\u00e5r snygga barnsoffa med ottoman \u00e4r en idealisk present till din lilla prinsessa och \u00e4r mer \u00e4n en perfekt dekoration...","og_url":"https:\/\/truusk.store\/sv\/produkt\/truusk-barnsoffa-med-ottoman-barnfatolj-for-prinsessan-kronformad-mjuk-soffa-kristallknappar-fran-3-ar-rosa-58-x-405\/","og_site_name":"TRUUSK - Hem, Tr\u00e4dg\u00e5rd &amp; Fritid","article_modified_time":"2026-03-12T07:59:20+00:00","og_image":[{"width":800,"height":800,"url":"https:\/\/i0.wp.com\/truusk.se\/wp-content\/uploads\/2024\/02\/barnsoffa-med-ottoman-barnfatolj-prinsessoffa-barnsoffa-i-kronform-mjuk-soffa-med-kristallknappar-fran-3-ar-pall-rosa-58-x-405-x-49-cm.webp?fit=800%2C800&ssl=1","type":"image\/webp"}],"twitter_card":"summary_large_image","twitter_misc":{"Ber\u00e4knad l\u00e4stid":"1 minut"},"schema":{"@context":"https:\/\/schema.org","@graph":[{"@type":"WebPage","@id":"https:\/\/truusk.store\/sv\/produkt\/truusk-barnsoffa-med-ottoman-barnfatolj-for-prinsessan-kronformad-mjuk-soffa-kristallknappar-fran-3-ar-rosa-58-x-405\/","url":"https:\/\/truusk.store\/sv\/produkt\/truusk-barnsoffa-med-ottoman-barnfatolj-for-prinsessan-kronformad-mjuk-soffa-kristallknappar-fran-3-ar-rosa-58-x-405\/","name":"TRUUSK Barnsoffa Med Ottoman - Barnf\u00e5t\u00f6lj f\u00f6r Prinsessan - Kronformad Mjuk Soffa - Kristallknappar - Fr\u00e5n 3 \u00e5r - Rosa - 58 x 40,5 - TRUUSK - Hem, Tr\u00e4dg\u00e5rd &amp; Fritid","isPartOf":{"@id":"https:\/\/truusk.store\/sv\/#website"},"primaryImageOfPage":{"@id":"https:\/\/truusk.store\/sv\/produkt\/truusk-barnsoffa-med-ottoman-barnfatolj-for-prinsessan-kronformad-mjuk-soffa-kristallknappar-fran-3-ar-rosa-58-x-405\/#primaryimage"},"image":{"@id":"https:\/\/truusk.store\/sv\/produkt\/truusk-barnsoffa-med-ottoman-barnfatolj-for-prinsessan-kronformad-mjuk-soffa-kristallknappar-fran-3-ar-rosa-58-x-405\/#primaryimage"},"thumbnailUrl":"https:\/\/i0.wp.com\/truusk.store\/wp-content\/uploads\/2024\/02\/barnsoffa-med-ottoman-barnfatolj-prinsessoffa-barnsoffa-i-kronform-mjuk-soffa-med-kristallknappar-fran-3-ar-pall-rosa-58-x-405-x-49-cm.webp?fit=800%2C800&ssl=1","datePublished":"2024-02-13T11:07:45+00:00","dateModified":"2026-03-12T07:59:20+00:00","breadcrumb":{"@id":"https:\/\/truusk.store\/sv\/produkt\/truusk-barnsoffa-med-ottoman-barnfatolj-for-prinsessan-kronformad-mjuk-soffa-kristallknappar-fran-3-ar-rosa-58-x-405\/#breadcrumb"},"inLanguage":"sv-SE","potentialAction":[{"@type":"ReadAction","target":["https:\/\/truusk.store\/sv\/produkt\/truusk-barnsoffa-med-ottoman-barnfatolj-for-prinsessan-kronformad-mjuk-soffa-kristallknappar-fran-3-ar-rosa-58-x-405\/"]}]},{"@type":"ImageObject","inLanguage":"sv-SE","@id":"https:\/\/truusk.store\/sv\/produkt\/truusk-barnsoffa-med-ottoman-barnfatolj-for-prinsessan-kronformad-mjuk-soffa-kristallknappar-fran-3-ar-rosa-58-x-405\/#primaryimage","url":"https:\/\/i0.wp.com\/truusk.store\/wp-content\/uploads\/2024\/02\/barnsoffa-med-ottoman-barnfatolj-prinsessoffa-barnsoffa-i-kronform-mjuk-soffa-med-kristallknappar-fran-3-ar-pall-rosa-58-x-405-x-49-cm.webp?fit=800%2C800&ssl=1","contentUrl":"https:\/\/i0.wp.com\/truusk.store\/wp-content\/uploads\/2024\/02\/barnsoffa-med-ottoman-barnfatolj-prinsessoffa-barnsoffa-i-kronform-mjuk-soffa-med-kristallknappar-fran-3-ar-pall-rosa-58-x-405-x-49-cm.webp?fit=800%2C800&ssl=1","width":800,"height":800,"caption":"Barnsoffa Med Ottoman Barnf\u00e5t\u00f6lj Prinsessoffa Barnsoffa I Kronform Mjuk Soffa Med Kristallknappar Fr\u00e5n 3 \u00e5r Pall Rosa 58 X 40,5 X 49 Cm 1"},{"@type":"BreadcrumbList","@id":"https:\/\/truusk.store\/sv\/produkt\/truusk-barnsoffa-med-ottoman-barnfatolj-for-prinsessan-kronformad-mjuk-soffa-kristallknappar-fran-3-ar-rosa-58-x-405\/#breadcrumb","itemListElement":[{"@type":"ListItem","position":1,"name":"Home","item":"https:\/\/truusk.store\/sv\/"},{"@type":"ListItem","position":2,"name":"Shop","item":"https:\/\/truusk.store\/shop\/"},{"@type":"ListItem","position":3,"name":"TRUUSK Barnsoffa Med Ottoman &#8211; Barnf\u00e5t\u00f6lj f\u00f6r Prinsessan &#8211; Kronformad Mjuk Soffa &#8211; Kristallknappar &#8211; Fr\u00e5n 3 \u00e5r &#8211; Rosa &#8211; 58 x 40,5"}]},{"@type":"WebSite","@id":"https:\/\/truusk.store\/sv\/#website","url":"https:\/\/truusk.store\/sv\/","name":"TRUUSK - Hem, Tr\u00e4dg\u00e5rd & Fritid","description":"","publisher":{"@id":"https:\/\/truusk.store\/sv\/#organization"},"potentialAction":[{"@type":"SearchAction","target":{"@type":"EntryPoint","urlTemplate":"https:\/\/truusk.store\/sv\/?s={search_term_string}"},"query-input":{"@type":"PropertyValueSpecification","valueRequired":true,"valueName":"search_term_string"}}],"inLanguage":"sv-SE"},{"@type":"Organization","@id":"https:\/\/truusk.store\/sv\/#organization","name":"TRUUSK - Hem, Tr\u00e4dg\u00e5rd & Fritid","url":"https:\/\/truusk.store\/sv\/","logo":{"@type":"ImageObject","inLanguage":"sv-SE","@id":"https:\/\/truusk.store\/sv\/#\/schema\/logo\/image\/","url":"https:\/\/i0.wp.com\/truusk.store\/wp-content\/uploads\/2026\/03\/cropped-TRUUSK.png?fit=2032%2C917&ssl=1","contentUrl":"https:\/\/i0.wp.com\/truusk.store\/wp-content\/uploads\/2026\/03\/cropped-TRUUSK.png?fit=2032%2C917&ssl=1","width":2032,"height":917,"caption":"TRUUSK - Hem, Tr\u00e4dg\u00e5rd & Fritid"},"image":{"@id":"https:\/\/truusk.store\/sv\/#\/schema\/logo\/image\/"}}]}},"jetpack_sharing_enabled":true,"_links":{"self":[{"href":"https:\/\/truusk.store\/sv\/wp-json\/wp\/v2\/product\/14470","targetHints":{"allow":["GET"]}}],"collection":[{"href":"https:\/\/truusk.store\/sv\/wp-json\/wp\/v2\/product"}],"about":[{"href":"https:\/\/truusk.store\/sv\/wp-json\/wp\/v2\/types\/product"}],"wp:featuredmedia":[{"embeddable":true,"href":"https:\/\/truusk.store\/sv\/wp-json\/wp\/v2\/media\/14471"}],"wp:attachment":[{"href":"https:\/\/truusk.store\/sv\/wp-json\/wp\/v2\/media?parent=14470"}],"wp:term":[{"taxonomy":"product_brand","embeddable":true,"href":"https:\/\/truusk.store\/sv\/wp-json\/wp\/v2\/product_brand?post=14470"},{"taxonomy":"product_cat","embeddable":true,"href":"https:\/\/truusk.store\/sv\/wp-json\/wp\/v2\/product_cat?post=14470"},{"taxonomy":"product_tag","embeddable":true,"href":"https:\/\/truusk.store\/sv\/wp-json\/wp\/v2\/product_tag?post=14470"}],"curies":[{"name":"wp","href":"https:\/\/api.w.org\/{rel}","templated":true}]}}