{"id":14516,"date":"2024-02-13T12:08:54","date_gmt":"2024-02-13T11:08:54","guid":{"rendered":"https:\/\/truusk.store\/product\/3-sits-verandagunga-gungbank-med-justerbart-soltak-tradgardsgunga-med-dyna-lastkapacitet-upp-till-270-kg-metall-textline-gra-200-x-115-x-168-cm\/"},"modified":"2026-03-12T08:59:20","modified_gmt":"2026-03-12T07:59:20","slug":"truusk-3-sits-tradgardsgunga-med-justerbart-soltak-dyna-lastkapacitet-upp-till-270-kg-metall-gra-200-x-115-x-168-cm","status":"publish","type":"product","link":"https:\/\/truusk.store\/sv\/produkt\/truusk-3-sits-tradgardsgunga-med-justerbart-soltak-dyna-lastkapacitet-upp-till-270-kg-metall-gra-200-x-115-x-168-cm\/","title":{"rendered":"TRUUSK 3-sits Tr\u00e4dg\u00e5rdsgunga &#8211; Med Justerbart Soltak &#8211; Dyna &#8211; Lastkapacitet Upp Till 270 Kg &#8211; Metall &#8211; Gr\u00e5 &#8211; 200 x 115 x 168 cm"},"content":{"rendered":"<p>Upplev avkopplande timmar utomhus med v\u00e4nner och familj p\u00e5 v\u00e5r eleganta tr\u00e4dg\u00e5rdsgunga. Den rymliga b\u00e4nken erbjuder bekv\u00e4m plats f\u00f6r tre personer och den balanserade designen passar harmoniskt in i din tr\u00e4dg\u00e5rd. Det justerbara solskyddet ger dig lugnande skugga under varma dagar och g\u00f6r att du kan f\u00e5 en bekymmersfri sv\u00e4ngupplevelse. Luta dig tillbaka, ta ett djupt andetag och njut av det mjuka sv\u00e4ngandet i den varma sommarbrisen.<\/p>\n<h3>Beskrivning:<\/h3>\n<ul>\n<li>Sittdynor ger extra komfort<\/li>\n<li>Inkluderar 3 kuddar f\u00f6r bekv\u00e4mt sittande<\/li>\n<li>Idealisk f\u00f6r tr\u00e4dg\u00e5rdar, uteplatser, g\u00e5rdar och andra utomhusomr\u00e5den<\/li>\n<li>Plats f\u00f6r 3 personer<\/li>\n<li>St\u00e5lram klarar upp till 270 kg<\/li>\n<li>Vattenavvisande och UV-best\u00e4ndigt solskydd<\/li>\n<li>Justerbart solskydd f\u00f6r alla tider p\u00e5 dagen<\/li>\n<li>Andningsbart, slitstarkt tyg och metallram f\u00f6r l\u00e5ngvarig anv\u00e4ndning<\/li>\n<li>Stabil och s\u00e4ker tack vare de stadiga benen och halkfria f\u00f6tterna<\/li>\n<li>Montering kr\u00e4vs<\/li>\n<\/ul>\n<h3>Teknisk data:<\/h3>\n<ul>\n<li>F\u00e4rg: Gr\u00e5+svart<\/li>\n<li>Material: j\u00e4rn, polyester, textline<\/li>\n<li>Totala m\u00e5tt: 200L x 115W x 168H cm<\/li>\n<li>M\u00e5tt (soltak): 198L x 112W cm<\/li>\n<li>M\u00e5tt (sits): 158L x 89W cm<\/li>\n<li>Sitth\u00f6jd: 48 cm<\/li>\n<li>M\u00e5tt (sittdyna): 147L x 52W cm<\/li>\n<li>M\u00e5tt (kudde): 36L x 36W cm<\/li>\n<li>Vikt: 44kg<\/li>\n<li>Lastkapacitet: 270 kg<\/li>\n<\/ul>\n<h3>Leveransens omfattning:<\/h3>\n<ul>\n<li>1 x verandagunga<\/li>\n<li>3 x sittdynor<\/li>\n<li>3 x kuddar<\/li>\n<li>1 x Monteringsanvisning<\/li>\n<\/ul>\n","protected":false},"excerpt":{"rendered":"<p>Upplev avkopplande timmar utomhus med v\u00e4nner och familj p\u00e5 v\u00e5r eleganta tr\u00e4dg\u00e5rdsgunga. Den rymliga b\u00e4nken erbjuder bekv\u00e4m plats f\u00f6r tre&#8230;<\/p>\n","protected":false},"featured_media":14517,"template":"","meta":[],"product_brand":[],"product_cat":[453,435,450],"product_tag":[],"class_list":{"0":"post-14516","1":"product","2":"type-product","3":"status-publish","4":"has-post-thumbnail","6":"product_cat-hollywood-gungor","7":"product_cat-tradgard-och-terrass","8":"product_cat-tradgardsmobler","10":"first","11":"instock","12":"sale","13":"taxable","14":"shipping-taxable","15":"purchasable","16":"product-type-simple"},"yoast_head":"<!-- This site is optimized with the Yoast SEO plugin v25.4 - https:\/\/yoast.com\/wordpress\/plugins\/seo\/ -->\n<title>TRUUSK 3-sits Tr\u00e4dg\u00e5rdsgunga - Med Justerbart Soltak - Dyna - Lastkapacitet Upp Till 270 Kg - Metall - Gr\u00e5 - 200 x 115 x 168 cm - TRUUSK - Hem, Tr\u00e4dg\u00e5rd &amp; Fritid<\/title>\n<meta name=\"robots\" content=\"index, follow, max-snippet:-1, max-image-preview:large, max-video-preview:-1\" \/>\n<link rel=\"canonical\" href=\"https:\/\/truusk.store\/sv\/produkt\/truusk-3-sits-tradgardsgunga-med-justerbart-soltak-dyna-lastkapacitet-upp-till-270-kg-metall-gra-200-x-115-x-168-cm\/\" \/>\n<meta property=\"og:locale\" content=\"sv_SE\" \/>\n<meta property=\"og:type\" content=\"article\" \/>\n<meta property=\"og:title\" content=\"TRUUSK 3-sits Tr\u00e4dg\u00e5rdsgunga - Med Justerbart Soltak - Dyna - Lastkapacitet Upp Till 270 Kg - Metall - Gr\u00e5 - 200 x 115 x 168 cm - TRUUSK - Hem, Tr\u00e4dg\u00e5rd &amp; Fritid\" \/>\n<meta property=\"og:description\" content=\"Upplev avkopplande timmar utomhus med v\u00e4nner och familj p\u00e5 v\u00e5r eleganta tr\u00e4dg\u00e5rdsgunga. Den rymliga b\u00e4nken erbjuder bekv\u00e4m plats f\u00f6r tre...\" \/>\n<meta property=\"og:url\" content=\"https:\/\/truusk.store\/sv\/produkt\/truusk-3-sits-tradgardsgunga-med-justerbart-soltak-dyna-lastkapacitet-upp-till-270-kg-metall-gra-200-x-115-x-168-cm\/\" \/>\n<meta property=\"og:site_name\" content=\"TRUUSK - Hem, Tr\u00e4dg\u00e5rd &amp; Fritid\" \/>\n<meta property=\"article:modified_time\" content=\"2026-03-12T07:59:20+00:00\" \/>\n<meta property=\"og:image\" content=\"https:\/\/i0.wp.com\/truusk.se\/wp-content\/uploads\/2024\/02\/3-sits-verandagunga-gungbank-med-justerbart-soltak-tradgardsgunga-med-dyna-lastkapacitet-upp-till-270-kg-metall-textline-gra-200-x-115-x-168-cm.webp?fit=800%2C800&ssl=1\" \/>\n\t<meta property=\"og:image:width\" content=\"800\" \/>\n\t<meta property=\"og:image:height\" content=\"800\" \/>\n\t<meta property=\"og:image:type\" content=\"image\/webp\" \/>\n<meta name=\"twitter:card\" content=\"summary_large_image\" \/>\n<meta name=\"twitter:label1\" content=\"Ber\u00e4knad l\u00e4stid\" \/>\n\t<meta name=\"twitter:data1\" content=\"1 minut\" \/>\n<!-- \/ Yoast SEO plugin. -->","yoast_head_json":{"title":"TRUUSK 3-sits Tr\u00e4dg\u00e5rdsgunga - Med Justerbart Soltak - Dyna - Lastkapacitet Upp Till 270 Kg - Metall - Gr\u00e5 - 200 x 115 x 168 cm - TRUUSK - Hem, Tr\u00e4dg\u00e5rd &amp; Fritid","robots":{"index":"index","follow":"follow","max-snippet":"max-snippet:-1","max-image-preview":"max-image-preview:large","max-video-preview":"max-video-preview:-1"},"canonical":"https:\/\/truusk.store\/sv\/produkt\/truusk-3-sits-tradgardsgunga-med-justerbart-soltak-dyna-lastkapacitet-upp-till-270-kg-metall-gra-200-x-115-x-168-cm\/","og_locale":"sv_SE","og_type":"article","og_title":"TRUUSK 3-sits Tr\u00e4dg\u00e5rdsgunga - Med Justerbart Soltak - Dyna - Lastkapacitet Upp Till 270 Kg - Metall - Gr\u00e5 - 200 x 115 x 168 cm - TRUUSK - Hem, Tr\u00e4dg\u00e5rd &amp; Fritid","og_description":"Upplev avkopplande timmar utomhus med v\u00e4nner och familj p\u00e5 v\u00e5r eleganta tr\u00e4dg\u00e5rdsgunga. Den rymliga b\u00e4nken erbjuder bekv\u00e4m plats f\u00f6r tre...","og_url":"https:\/\/truusk.store\/sv\/produkt\/truusk-3-sits-tradgardsgunga-med-justerbart-soltak-dyna-lastkapacitet-upp-till-270-kg-metall-gra-200-x-115-x-168-cm\/","og_site_name":"TRUUSK - Hem, Tr\u00e4dg\u00e5rd &amp; Fritid","article_modified_time":"2026-03-12T07:59:20+00:00","og_image":[{"width":800,"height":800,"url":"https:\/\/i0.wp.com\/truusk.se\/wp-content\/uploads\/2024\/02\/3-sits-verandagunga-gungbank-med-justerbart-soltak-tradgardsgunga-med-dyna-lastkapacitet-upp-till-270-kg-metall-textline-gra-200-x-115-x-168-cm.webp?fit=800%2C800&ssl=1","type":"image\/webp"}],"twitter_card":"summary_large_image","twitter_misc":{"Ber\u00e4knad l\u00e4stid":"1 minut"},"schema":{"@context":"https:\/\/schema.org","@graph":[{"@type":"WebPage","@id":"https:\/\/truusk.store\/sv\/produkt\/truusk-3-sits-tradgardsgunga-med-justerbart-soltak-dyna-lastkapacitet-upp-till-270-kg-metall-gra-200-x-115-x-168-cm\/","url":"https:\/\/truusk.store\/sv\/produkt\/truusk-3-sits-tradgardsgunga-med-justerbart-soltak-dyna-lastkapacitet-upp-till-270-kg-metall-gra-200-x-115-x-168-cm\/","name":"TRUUSK 3-sits Tr\u00e4dg\u00e5rdsgunga - Med Justerbart Soltak - Dyna - Lastkapacitet Upp Till 270 Kg - Metall - Gr\u00e5 - 200 x 115 x 168 cm - TRUUSK - Hem, Tr\u00e4dg\u00e5rd &amp; Fritid","isPartOf":{"@id":"https:\/\/truusk.store\/sv\/#website"},"primaryImageOfPage":{"@id":"https:\/\/truusk.store\/sv\/produkt\/truusk-3-sits-tradgardsgunga-med-justerbart-soltak-dyna-lastkapacitet-upp-till-270-kg-metall-gra-200-x-115-x-168-cm\/#primaryimage"},"image":{"@id":"https:\/\/truusk.store\/sv\/produkt\/truusk-3-sits-tradgardsgunga-med-justerbart-soltak-dyna-lastkapacitet-upp-till-270-kg-metall-gra-200-x-115-x-168-cm\/#primaryimage"},"thumbnailUrl":"https:\/\/i0.wp.com\/truusk.store\/wp-content\/uploads\/2024\/02\/3-sits-verandagunga-gungbank-med-justerbart-soltak-tradgardsgunga-med-dyna-lastkapacitet-upp-till-270-kg-metall-textline-gra-200-x-115-x-168-cm.webp?fit=800%2C800&ssl=1","datePublished":"2024-02-13T11:08:54+00:00","dateModified":"2026-03-12T07:59:20+00:00","breadcrumb":{"@id":"https:\/\/truusk.store\/sv\/produkt\/truusk-3-sits-tradgardsgunga-med-justerbart-soltak-dyna-lastkapacitet-upp-till-270-kg-metall-gra-200-x-115-x-168-cm\/#breadcrumb"},"inLanguage":"sv-SE","potentialAction":[{"@type":"ReadAction","target":["https:\/\/truusk.store\/sv\/produkt\/truusk-3-sits-tradgardsgunga-med-justerbart-soltak-dyna-lastkapacitet-upp-till-270-kg-metall-gra-200-x-115-x-168-cm\/"]}]},{"@type":"ImageObject","inLanguage":"sv-SE","@id":"https:\/\/truusk.store\/sv\/produkt\/truusk-3-sits-tradgardsgunga-med-justerbart-soltak-dyna-lastkapacitet-upp-till-270-kg-metall-gra-200-x-115-x-168-cm\/#primaryimage","url":"https:\/\/i0.wp.com\/truusk.store\/wp-content\/uploads\/2024\/02\/3-sits-verandagunga-gungbank-med-justerbart-soltak-tradgardsgunga-med-dyna-lastkapacitet-upp-till-270-kg-metall-textline-gra-200-x-115-x-168-cm.webp?fit=800%2C800&ssl=1","contentUrl":"https:\/\/i0.wp.com\/truusk.store\/wp-content\/uploads\/2024\/02\/3-sits-verandagunga-gungbank-med-justerbart-soltak-tradgardsgunga-med-dyna-lastkapacitet-upp-till-270-kg-metall-textline-gra-200-x-115-x-168-cm.webp?fit=800%2C800&ssl=1","width":800,"height":800,"caption":"3-sits Verandagunga, Gungb\u00e4nk Med Justerbart Soltak, Tr\u00e4dg\u00e5rdsgunga Med Dyna, Lastkapacitet Upp Till 270 Kg, Metall, Textline, Gr\u00e5, 200 X 115 X 168 Cm 1"},{"@type":"BreadcrumbList","@id":"https:\/\/truusk.store\/sv\/produkt\/truusk-3-sits-tradgardsgunga-med-justerbart-soltak-dyna-lastkapacitet-upp-till-270-kg-metall-gra-200-x-115-x-168-cm\/#breadcrumb","itemListElement":[{"@type":"ListItem","position":1,"name":"Home","item":"https:\/\/truusk.store\/sv\/"},{"@type":"ListItem","position":2,"name":"Shop","item":"https:\/\/truusk.store\/shop\/"},{"@type":"ListItem","position":3,"name":"TRUUSK 3-sits Tr\u00e4dg\u00e5rdsgunga &#8211; Med Justerbart Soltak &#8211; Dyna &#8211; Lastkapacitet Upp Till 270 Kg &#8211; Metall &#8211; Gr\u00e5 &#8211; 200 x 115 x 168 cm"}]},{"@type":"WebSite","@id":"https:\/\/truusk.store\/sv\/#website","url":"https:\/\/truusk.store\/sv\/","name":"TRUUSK - Hem, Tr\u00e4dg\u00e5rd & Fritid","description":"","publisher":{"@id":"https:\/\/truusk.store\/sv\/#organization"},"potentialAction":[{"@type":"SearchAction","target":{"@type":"EntryPoint","urlTemplate":"https:\/\/truusk.store\/sv\/?s={search_term_string}"},"query-input":{"@type":"PropertyValueSpecification","valueRequired":true,"valueName":"search_term_string"}}],"inLanguage":"sv-SE"},{"@type":"Organization","@id":"https:\/\/truusk.store\/sv\/#organization","name":"TRUUSK - Hem, Tr\u00e4dg\u00e5rd & Fritid","url":"https:\/\/truusk.store\/sv\/","logo":{"@type":"ImageObject","inLanguage":"sv-SE","@id":"https:\/\/truusk.store\/sv\/#\/schema\/logo\/image\/","url":"https:\/\/i0.wp.com\/truusk.store\/wp-content\/uploads\/2026\/03\/cropped-TRUUSK.png?fit=2032%2C917&ssl=1","contentUrl":"https:\/\/i0.wp.com\/truusk.store\/wp-content\/uploads\/2026\/03\/cropped-TRUUSK.png?fit=2032%2C917&ssl=1","width":2032,"height":917,"caption":"TRUUSK - Hem, Tr\u00e4dg\u00e5rd & Fritid"},"image":{"@id":"https:\/\/truusk.store\/sv\/#\/schema\/logo\/image\/"}}]}},"jetpack_sharing_enabled":true,"_links":{"self":[{"href":"https:\/\/truusk.store\/sv\/wp-json\/wp\/v2\/product\/14516","targetHints":{"allow":["GET"]}}],"collection":[{"href":"https:\/\/truusk.store\/sv\/wp-json\/wp\/v2\/product"}],"about":[{"href":"https:\/\/truusk.store\/sv\/wp-json\/wp\/v2\/types\/product"}],"wp:featuredmedia":[{"embeddable":true,"href":"https:\/\/truusk.store\/sv\/wp-json\/wp\/v2\/media\/14517"}],"wp:attachment":[{"href":"https:\/\/truusk.store\/sv\/wp-json\/wp\/v2\/media?parent=14516"}],"wp:term":[{"taxonomy":"product_brand","embeddable":true,"href":"https:\/\/truusk.store\/sv\/wp-json\/wp\/v2\/product_brand?post=14516"},{"taxonomy":"product_cat","embeddable":true,"href":"https:\/\/truusk.store\/sv\/wp-json\/wp\/v2\/product_cat?post=14516"},{"taxonomy":"product_tag","embeddable":true,"href":"https:\/\/truusk.store\/sv\/wp-json\/wp\/v2\/product_tag?post=14516"}],"curies":[{"name":"wp","href":"https:\/\/api.w.org\/{rel}","templated":true}]}}