{"id":14526,"date":"2024-02-13T12:09:08","date_gmt":"2024-02-13T11:09:08","guid":{"rendered":"https:\/\/truusk.store\/product\/tradgardsbank-i-rottinglook-med-stalram-for-2-personer-svart-122-x-60-x-85cm\/"},"modified":"2026-03-12T08:59:20","modified_gmt":"2026-03-12T07:59:20","slug":"truusk-tradgardsbank-i-rottinglook-stalram-for-2-personer-svart-122-x-60-x-85cm","status":"publish","type":"product","link":"https:\/\/truusk.store\/sv\/produkt\/truusk-tradgardsbank-i-rottinglook-stalram-for-2-personer-svart-122-x-60-x-85cm\/","title":{"rendered":"TRUUSK Tr\u00e4dg\u00e5rdsb\u00e4nk i Rottinglook &#8211; St\u00e5lram &#8211; F\u00f6r 2 Personer &#8211; Svart &#8211; 122 x 60 x 85cm"},"content":{"rendered":"<p>V\u00e5r polyrattanb\u00e4nk \u00e4r ett utm\u00e4rkt val f\u00f6r avkopplande stunder i det gr\u00f6na hemma. Tr\u00e4dg\u00e5rdsb\u00e4nken har en robust st\u00e5lram, medan sits och ryggst\u00f6d \u00e4r gjorda av handv\u00e4vd konstrotting, vilket s\u00e4kerst\u00e4ller en h\u00f6g sittkomfort och optimal v\u00e4derbest\u00e4ndighet. Detta inneb\u00e4r att upp till tv\u00e5 personer bekv\u00e4mt kan sitta h\u00e4r och tillbringa en underbar, avkopplande stund utomhus. V\u00e4lkomna de varma sommardagarna!<\/p>\n<h3>Beskrivning:<\/h3>\n<ul>\n<li>B\u00e4nk f\u00f6r inom- och utomhusbruk<\/li>\n<li>Erbjuder bekv\u00e4m plats f\u00f6r upp till tv\u00e5 personer<\/li>\n<li>St\u00e5lram s\u00e4kerst\u00e4ller h\u00f6g stabilitet och b\u00e4rf\u00f6rm\u00e5ga<\/li>\n<li>Polyrattan v\u00e4vd f\u00f6r hand, bekv\u00e4m och UV-best\u00e4ndig<\/li>\n<li>Enkel konstruktion<\/li>\n<\/ul>\n<h3>Teknisk data:<\/h3>\n<ul>\n<li>Material: st\u00e5l, PE polyrattan<\/li>\n<li>Svart f\u00e4rg<\/li>\n<li>M\u00e5tt: B122 x D60 x H85cm<\/li>\n<li>Sittyta: B115 x D52cm<\/li>\n<li>Sitth\u00f6jd: 43,5 cm<\/li>\n<li>Vikt: ca 9,5 kg<\/li>\n<li>Lastkapacitet: 320 kg<\/li>\n<\/ul>\n<h3>Leveransens omfattning:<\/h3>\n<ul>\n<li>1 x b\u00e4nk;<\/li>\n<\/ul>\n","protected":false},"excerpt":{"rendered":"<p>V\u00e5r polyrattanb\u00e4nk \u00e4r ett utm\u00e4rkt val f\u00f6r avkopplande stunder i det gr\u00f6na hemma. Tr\u00e4dg\u00e5rdsb\u00e4nken har en robust st\u00e5lram, medan sits&#8230;<\/p>\n","protected":false},"featured_media":14527,"template":"","meta":[],"product_brand":[],"product_cat":[435,454,450],"product_tag":[],"class_list":{"0":"post-14526","1":"product","2":"type-product","3":"status-publish","4":"has-post-thumbnail","6":"product_cat-tradgard-och-terrass","7":"product_cat-tradgardsbankar","8":"product_cat-tradgardsmobler","10":"first","11":"instock","12":"sale","13":"taxable","14":"shipping-taxable","15":"purchasable","16":"product-type-simple"},"yoast_head":"<!-- This site is optimized with the Yoast SEO plugin v25.4 - https:\/\/yoast.com\/wordpress\/plugins\/seo\/ -->\n<title>TRUUSK Tr\u00e4dg\u00e5rdsb\u00e4nk i Rottinglook - St\u00e5lram - F\u00f6r 2 Personer - Svart - 122 x 60 x 85cm - TRUUSK - Hem, Tr\u00e4dg\u00e5rd &amp; Fritid<\/title>\n<meta name=\"robots\" content=\"index, follow, max-snippet:-1, max-image-preview:large, max-video-preview:-1\" \/>\n<link rel=\"canonical\" href=\"https:\/\/truusk.store\/sv\/produkt\/truusk-tradgardsbank-i-rottinglook-stalram-for-2-personer-svart-122-x-60-x-85cm\/\" \/>\n<meta property=\"og:locale\" content=\"sv_SE\" \/>\n<meta property=\"og:type\" content=\"article\" \/>\n<meta property=\"og:title\" content=\"TRUUSK Tr\u00e4dg\u00e5rdsb\u00e4nk i Rottinglook - St\u00e5lram - F\u00f6r 2 Personer - Svart - 122 x 60 x 85cm - TRUUSK - Hem, Tr\u00e4dg\u00e5rd &amp; Fritid\" \/>\n<meta property=\"og:description\" content=\"V\u00e5r polyrattanb\u00e4nk \u00e4r ett utm\u00e4rkt val f\u00f6r avkopplande stunder i det gr\u00f6na hemma. Tr\u00e4dg\u00e5rdsb\u00e4nken har en robust st\u00e5lram, medan sits...\" \/>\n<meta property=\"og:url\" content=\"https:\/\/truusk.store\/sv\/produkt\/truusk-tradgardsbank-i-rottinglook-stalram-for-2-personer-svart-122-x-60-x-85cm\/\" \/>\n<meta property=\"og:site_name\" content=\"TRUUSK - Hem, Tr\u00e4dg\u00e5rd &amp; Fritid\" \/>\n<meta property=\"article:modified_time\" content=\"2026-03-12T07:59:20+00:00\" \/>\n<meta property=\"og:image\" content=\"https:\/\/i0.wp.com\/truusk.se\/wp-content\/uploads\/2024\/02\/tradgardsbank-i-rottinglook-med-stalram-for-2-personer-svart-122-x-60-x-85cm.webp?fit=800%2C800&ssl=1\" \/>\n\t<meta property=\"og:image:width\" content=\"800\" \/>\n\t<meta property=\"og:image:height\" content=\"800\" \/>\n\t<meta property=\"og:image:type\" content=\"image\/webp\" \/>\n<meta name=\"twitter:card\" content=\"summary_large_image\" \/>\n<meta name=\"twitter:label1\" content=\"Ber\u00e4knad l\u00e4stid\" \/>\n\t<meta name=\"twitter:data1\" content=\"1 minut\" \/>\n<!-- \/ Yoast SEO plugin. -->","yoast_head_json":{"title":"TRUUSK Tr\u00e4dg\u00e5rdsb\u00e4nk i Rottinglook - St\u00e5lram - F\u00f6r 2 Personer - Svart - 122 x 60 x 85cm - TRUUSK - Hem, Tr\u00e4dg\u00e5rd &amp; Fritid","robots":{"index":"index","follow":"follow","max-snippet":"max-snippet:-1","max-image-preview":"max-image-preview:large","max-video-preview":"max-video-preview:-1"},"canonical":"https:\/\/truusk.store\/sv\/produkt\/truusk-tradgardsbank-i-rottinglook-stalram-for-2-personer-svart-122-x-60-x-85cm\/","og_locale":"sv_SE","og_type":"article","og_title":"TRUUSK Tr\u00e4dg\u00e5rdsb\u00e4nk i Rottinglook - St\u00e5lram - F\u00f6r 2 Personer - Svart - 122 x 60 x 85cm - TRUUSK - Hem, Tr\u00e4dg\u00e5rd &amp; Fritid","og_description":"V\u00e5r polyrattanb\u00e4nk \u00e4r ett utm\u00e4rkt val f\u00f6r avkopplande stunder i det gr\u00f6na hemma. Tr\u00e4dg\u00e5rdsb\u00e4nken har en robust st\u00e5lram, medan sits...","og_url":"https:\/\/truusk.store\/sv\/produkt\/truusk-tradgardsbank-i-rottinglook-stalram-for-2-personer-svart-122-x-60-x-85cm\/","og_site_name":"TRUUSK - Hem, Tr\u00e4dg\u00e5rd &amp; Fritid","article_modified_time":"2026-03-12T07:59:20+00:00","og_image":[{"width":800,"height":800,"url":"https:\/\/i0.wp.com\/truusk.se\/wp-content\/uploads\/2024\/02\/tradgardsbank-i-rottinglook-med-stalram-for-2-personer-svart-122-x-60-x-85cm.webp?fit=800%2C800&ssl=1","type":"image\/webp"}],"twitter_card":"summary_large_image","twitter_misc":{"Ber\u00e4knad l\u00e4stid":"1 minut"},"schema":{"@context":"https:\/\/schema.org","@graph":[{"@type":"WebPage","@id":"https:\/\/truusk.store\/sv\/produkt\/truusk-tradgardsbank-i-rottinglook-stalram-for-2-personer-svart-122-x-60-x-85cm\/","url":"https:\/\/truusk.store\/sv\/produkt\/truusk-tradgardsbank-i-rottinglook-stalram-for-2-personer-svart-122-x-60-x-85cm\/","name":"TRUUSK Tr\u00e4dg\u00e5rdsb\u00e4nk i Rottinglook - St\u00e5lram - F\u00f6r 2 Personer - Svart - 122 x 60 x 85cm - TRUUSK - Hem, Tr\u00e4dg\u00e5rd &amp; Fritid","isPartOf":{"@id":"https:\/\/truusk.store\/sv\/#website"},"primaryImageOfPage":{"@id":"https:\/\/truusk.store\/sv\/produkt\/truusk-tradgardsbank-i-rottinglook-stalram-for-2-personer-svart-122-x-60-x-85cm\/#primaryimage"},"image":{"@id":"https:\/\/truusk.store\/sv\/produkt\/truusk-tradgardsbank-i-rottinglook-stalram-for-2-personer-svart-122-x-60-x-85cm\/#primaryimage"},"thumbnailUrl":"https:\/\/i0.wp.com\/truusk.store\/wp-content\/uploads\/2024\/02\/tradgardsbank-i-rottinglook-med-stalram-for-2-personer-svart-122-x-60-x-85cm.webp?fit=800%2C800&ssl=1","datePublished":"2024-02-13T11:09:08+00:00","dateModified":"2026-03-12T07:59:20+00:00","breadcrumb":{"@id":"https:\/\/truusk.store\/sv\/produkt\/truusk-tradgardsbank-i-rottinglook-stalram-for-2-personer-svart-122-x-60-x-85cm\/#breadcrumb"},"inLanguage":"sv-SE","potentialAction":[{"@type":"ReadAction","target":["https:\/\/truusk.store\/sv\/produkt\/truusk-tradgardsbank-i-rottinglook-stalram-for-2-personer-svart-122-x-60-x-85cm\/"]}]},{"@type":"ImageObject","inLanguage":"sv-SE","@id":"https:\/\/truusk.store\/sv\/produkt\/truusk-tradgardsbank-i-rottinglook-stalram-for-2-personer-svart-122-x-60-x-85cm\/#primaryimage","url":"https:\/\/i0.wp.com\/truusk.store\/wp-content\/uploads\/2024\/02\/tradgardsbank-i-rottinglook-med-stalram-for-2-personer-svart-122-x-60-x-85cm.webp?fit=800%2C800&ssl=1","contentUrl":"https:\/\/i0.wp.com\/truusk.store\/wp-content\/uploads\/2024\/02\/tradgardsbank-i-rottinglook-med-stalram-for-2-personer-svart-122-x-60-x-85cm.webp?fit=800%2C800&ssl=1","width":800,"height":800,"caption":"Tr\u00e4dg\u00e5rdsb\u00e4nk, I Rottinglook, Med St\u00e5lram, F\u00f6r 2 Personer, Svart, 122 X 60 X 85cm 1"},{"@type":"BreadcrumbList","@id":"https:\/\/truusk.store\/sv\/produkt\/truusk-tradgardsbank-i-rottinglook-stalram-for-2-personer-svart-122-x-60-x-85cm\/#breadcrumb","itemListElement":[{"@type":"ListItem","position":1,"name":"Home","item":"https:\/\/truusk.store\/sv\/"},{"@type":"ListItem","position":2,"name":"Shop","item":"https:\/\/truusk.store\/shop\/"},{"@type":"ListItem","position":3,"name":"TRUUSK Tr\u00e4dg\u00e5rdsb\u00e4nk i Rottinglook &#8211; St\u00e5lram &#8211; F\u00f6r 2 Personer &#8211; Svart &#8211; 122 x 60 x 85cm"}]},{"@type":"WebSite","@id":"https:\/\/truusk.store\/sv\/#website","url":"https:\/\/truusk.store\/sv\/","name":"TRUUSK - Hem, Tr\u00e4dg\u00e5rd & Fritid","description":"","publisher":{"@id":"https:\/\/truusk.store\/sv\/#organization"},"potentialAction":[{"@type":"SearchAction","target":{"@type":"EntryPoint","urlTemplate":"https:\/\/truusk.store\/sv\/?s={search_term_string}"},"query-input":{"@type":"PropertyValueSpecification","valueRequired":true,"valueName":"search_term_string"}}],"inLanguage":"sv-SE"},{"@type":"Organization","@id":"https:\/\/truusk.store\/sv\/#organization","name":"TRUUSK - Hem, Tr\u00e4dg\u00e5rd & Fritid","url":"https:\/\/truusk.store\/sv\/","logo":{"@type":"ImageObject","inLanguage":"sv-SE","@id":"https:\/\/truusk.store\/sv\/#\/schema\/logo\/image\/","url":"https:\/\/i0.wp.com\/truusk.store\/wp-content\/uploads\/2026\/03\/cropped-TRUUSK.png?fit=2032%2C917&ssl=1","contentUrl":"https:\/\/i0.wp.com\/truusk.store\/wp-content\/uploads\/2026\/03\/cropped-TRUUSK.png?fit=2032%2C917&ssl=1","width":2032,"height":917,"caption":"TRUUSK - Hem, Tr\u00e4dg\u00e5rd & Fritid"},"image":{"@id":"https:\/\/truusk.store\/sv\/#\/schema\/logo\/image\/"}}]}},"jetpack_sharing_enabled":true,"_links":{"self":[{"href":"https:\/\/truusk.store\/sv\/wp-json\/wp\/v2\/product\/14526","targetHints":{"allow":["GET"]}}],"collection":[{"href":"https:\/\/truusk.store\/sv\/wp-json\/wp\/v2\/product"}],"about":[{"href":"https:\/\/truusk.store\/sv\/wp-json\/wp\/v2\/types\/product"}],"wp:featuredmedia":[{"embeddable":true,"href":"https:\/\/truusk.store\/sv\/wp-json\/wp\/v2\/media\/14527"}],"wp:attachment":[{"href":"https:\/\/truusk.store\/sv\/wp-json\/wp\/v2\/media?parent=14526"}],"wp:term":[{"taxonomy":"product_brand","embeddable":true,"href":"https:\/\/truusk.store\/sv\/wp-json\/wp\/v2\/product_brand?post=14526"},{"taxonomy":"product_cat","embeddable":true,"href":"https:\/\/truusk.store\/sv\/wp-json\/wp\/v2\/product_cat?post=14526"},{"taxonomy":"product_tag","embeddable":true,"href":"https:\/\/truusk.store\/sv\/wp-json\/wp\/v2\/product_tag?post=14526"}],"curies":[{"name":"wp","href":"https:\/\/api.w.org\/{rel}","templated":true}]}}