{"id":14537,"date":"2024-02-13T12:09:23","date_gmt":"2024-02-13T11:09:23","guid":{"rendered":"https:\/\/truusk.store\/product\/barnbalanscykel-inlarningscykel-barncykel-2-i-1-barncykel-med-stodhjul-och-pedaler-2-5-ar-sitshojd-justerbar-pp-rod-85-x-b36-x-h54-cm\/"},"modified":"2026-03-12T08:59:21","modified_gmt":"2026-03-12T07:59:21","slug":"truusk-barnbalanscykel-2-i-1-inlarningscykel-med-stodhjul-och-pedaler-justerbar-sitshojd-for-barn-2-5-ar-rod-pp-85-x","status":"publish","type":"product","link":"https:\/\/truusk.store\/sv\/produkt\/truusk-barnbalanscykel-2-i-1-inlarningscykel-med-stodhjul-och-pedaler-justerbar-sitshojd-for-barn-2-5-ar-rod-pp-85-x\/","title":{"rendered":"TRUUSK Barnbalanscykel 2-i-1 &#8211; Inl\u00e4rningscykel Med St\u00f6dhjul Och Pedaler &#8211; Justerbar Sitsh\u00f6jd &#8211; F\u00f6r Barn 2-5 \u00e5r &#8211; R\u00f6d &#8211; PP &#8211; 85 x"},"content":{"rendered":"<p>Avtagbara st\u00f6dhjul och pedaler g\u00f6r att barn kan l\u00e4ra sig g\u00e5, tr\u00e4na muskler och beh\u00e5lla balansen. Denna balanscykel \u00e4r designad f\u00f6r barn mellan 2 och 5 \u00e5r. Med det justerbara s\u00e4tet och den barnv\u00e4nliga ramen kan dina barn enkelt g\u00e5 p\u00e5 och av och dra nytta av en bekv\u00e4m och smidig \u00e5ktur. Erbjud dina barn denna fantastiska och v\u00e4ldesignade balanscykel och du kommer inte att bli besviken \u00f6ver ditt val.<\/p>\n<h3>Beskrivning:<\/h3>\n<ul>\n<li>Kan anv\u00e4ndas som balanscykel eller cykel<\/li>\n<li>Justerbar sitth\u00f6jd: 33-38 cm<\/li>\n<li>Denna balanscykel \u00e4r designad f\u00f6r barn mellan 2 och 5 \u00e5r och t\u00e5l upp till 25 kg<\/li>\n<li>2 st\u00f6dhjul f\u00f6r balans och 2 pedaler f\u00f6r muskeltr\u00e4ning<\/li>\n<li>Robust metallram f\u00f6r extra motst\u00e5ndskraft<\/li>\n<li>EVA-d\u00e4ck med halkfri yta s\u00e4kerst\u00e4ller en mjuk k\u00f6rning<\/li>\n<li>Handtagen har mjuka \u00f6verdrag f\u00f6r en bekv\u00e4m \u00e5ktur<\/li>\n<\/ul>\n<h3>Teknisk data:<\/h3>\n<ul>\n<li>Material: PP, metall, EVA<\/li>\n<li>\u00d6vergripande m\u00e5tt: L85 x B36 x H54 cm<\/li>\n<li>Sitth\u00f6jd: 33-38 cm<\/li>\n<li>Nettovikt: 4 kg<\/li>\n<li>Max lastkapacitet: 25 kg<\/li>\n<li>Rekommenderad \u00e5lder: 2-5 \u00e5r<\/li>\n<li>r\u00f6d f\u00e4rg<\/li>\n<\/ul>\n<h3>Leveransens omfattning:<\/h3>\n<ul>\n<li>1 x Balanscykel<\/li>\n<li>2 x st\u00f6dhjul<\/li>\n<li>2 x pedaler<\/li>\n<li>1 x Monteringsanvisning<\/li>\n<\/ul>\n","protected":false},"excerpt":{"rendered":"<p>Avtagbara st\u00f6dhjul och pedaler g\u00f6r att barn kan l\u00e4ra sig g\u00e5, tr\u00e4na muskler och beh\u00e5lla balansen. Denna balanscykel \u00e4r designad&#8230;<\/p>\n","protected":false},"featured_media":14538,"template":"","meta":[],"product_brand":[],"product_cat":[609,613,610],"product_tag":[],"class_list":{"0":"post-14537","1":"product","2":"type-product","3":"status-publish","4":"has-post-thumbnail","6":"product_cat-baby-barn","7":"product_cat-balansera-cyklar-och-akande","8":"product_cat-barnfordon","10":"first","11":"instock","12":"sale","13":"taxable","14":"shipping-taxable","15":"purchasable","16":"product-type-simple"},"yoast_head":"<!-- This site is optimized with the Yoast SEO plugin v25.4 - https:\/\/yoast.com\/wordpress\/plugins\/seo\/ -->\n<title>TRUUSK Barnbalanscykel 2-i-1 - Inl\u00e4rningscykel Med St\u00f6dhjul Och Pedaler - Justerbar Sitsh\u00f6jd - F\u00f6r Barn 2-5 \u00e5r - R\u00f6d - PP - 85 x - TRUUSK - Hem, Tr\u00e4dg\u00e5rd &amp; Fritid<\/title>\n<meta name=\"robots\" content=\"index, follow, max-snippet:-1, max-image-preview:large, max-video-preview:-1\" \/>\n<link rel=\"canonical\" href=\"https:\/\/truusk.store\/sv\/produkt\/truusk-barnbalanscykel-2-i-1-inlarningscykel-med-stodhjul-och-pedaler-justerbar-sitshojd-for-barn-2-5-ar-rod-pp-85-x\/\" \/>\n<meta property=\"og:locale\" content=\"sv_SE\" \/>\n<meta property=\"og:type\" content=\"article\" \/>\n<meta property=\"og:title\" content=\"TRUUSK Barnbalanscykel 2-i-1 - Inl\u00e4rningscykel Med St\u00f6dhjul Och Pedaler - Justerbar Sitsh\u00f6jd - F\u00f6r Barn 2-5 \u00e5r - R\u00f6d - PP - 85 x - TRUUSK - Hem, Tr\u00e4dg\u00e5rd &amp; Fritid\" \/>\n<meta property=\"og:description\" content=\"Avtagbara st\u00f6dhjul och pedaler g\u00f6r att barn kan l\u00e4ra sig g\u00e5, tr\u00e4na muskler och beh\u00e5lla balansen. Denna balanscykel \u00e4r designad...\" \/>\n<meta property=\"og:url\" content=\"https:\/\/truusk.store\/sv\/produkt\/truusk-barnbalanscykel-2-i-1-inlarningscykel-med-stodhjul-och-pedaler-justerbar-sitshojd-for-barn-2-5-ar-rod-pp-85-x\/\" \/>\n<meta property=\"og:site_name\" content=\"TRUUSK - Hem, Tr\u00e4dg\u00e5rd &amp; Fritid\" \/>\n<meta property=\"article:modified_time\" content=\"2026-03-12T07:59:21+00:00\" \/>\n<meta property=\"og:image\" content=\"https:\/\/i0.wp.com\/truusk.se\/wp-content\/uploads\/2024\/02\/barnbalanscykel-inlarningscykel-barncykel-2-i-1-barncykel-med-stodhjul-och-pedaler-2-5-ar-sitshojd-justerbar-pp-rod-85-x-b36-x-h54-cm.webp?fit=800%2C800&ssl=1\" \/>\n\t<meta property=\"og:image:width\" content=\"800\" \/>\n\t<meta property=\"og:image:height\" content=\"800\" \/>\n\t<meta property=\"og:image:type\" content=\"image\/webp\" \/>\n<meta name=\"twitter:card\" content=\"summary_large_image\" \/>\n<meta name=\"twitter:label1\" content=\"Ber\u00e4knad l\u00e4stid\" \/>\n\t<meta name=\"twitter:data1\" content=\"1 minut\" \/>\n<!-- \/ Yoast SEO plugin. -->","yoast_head_json":{"title":"TRUUSK Barnbalanscykel 2-i-1 - Inl\u00e4rningscykel Med St\u00f6dhjul Och Pedaler - Justerbar Sitsh\u00f6jd - F\u00f6r Barn 2-5 \u00e5r - R\u00f6d - PP - 85 x - TRUUSK - Hem, Tr\u00e4dg\u00e5rd &amp; Fritid","robots":{"index":"index","follow":"follow","max-snippet":"max-snippet:-1","max-image-preview":"max-image-preview:large","max-video-preview":"max-video-preview:-1"},"canonical":"https:\/\/truusk.store\/sv\/produkt\/truusk-barnbalanscykel-2-i-1-inlarningscykel-med-stodhjul-och-pedaler-justerbar-sitshojd-for-barn-2-5-ar-rod-pp-85-x\/","og_locale":"sv_SE","og_type":"article","og_title":"TRUUSK Barnbalanscykel 2-i-1 - Inl\u00e4rningscykel Med St\u00f6dhjul Och Pedaler - Justerbar Sitsh\u00f6jd - F\u00f6r Barn 2-5 \u00e5r - R\u00f6d - PP - 85 x - TRUUSK - Hem, Tr\u00e4dg\u00e5rd &amp; Fritid","og_description":"Avtagbara st\u00f6dhjul och pedaler g\u00f6r att barn kan l\u00e4ra sig g\u00e5, tr\u00e4na muskler och beh\u00e5lla balansen. Denna balanscykel \u00e4r designad...","og_url":"https:\/\/truusk.store\/sv\/produkt\/truusk-barnbalanscykel-2-i-1-inlarningscykel-med-stodhjul-och-pedaler-justerbar-sitshojd-for-barn-2-5-ar-rod-pp-85-x\/","og_site_name":"TRUUSK - Hem, Tr\u00e4dg\u00e5rd &amp; Fritid","article_modified_time":"2026-03-12T07:59:21+00:00","og_image":[{"width":800,"height":800,"url":"https:\/\/i0.wp.com\/truusk.se\/wp-content\/uploads\/2024\/02\/barnbalanscykel-inlarningscykel-barncykel-2-i-1-barncykel-med-stodhjul-och-pedaler-2-5-ar-sitshojd-justerbar-pp-rod-85-x-b36-x-h54-cm.webp?fit=800%2C800&ssl=1","type":"image\/webp"}],"twitter_card":"summary_large_image","twitter_misc":{"Ber\u00e4knad l\u00e4stid":"1 minut"},"schema":{"@context":"https:\/\/schema.org","@graph":[{"@type":"WebPage","@id":"https:\/\/truusk.store\/sv\/produkt\/truusk-barnbalanscykel-2-i-1-inlarningscykel-med-stodhjul-och-pedaler-justerbar-sitshojd-for-barn-2-5-ar-rod-pp-85-x\/","url":"https:\/\/truusk.store\/sv\/produkt\/truusk-barnbalanscykel-2-i-1-inlarningscykel-med-stodhjul-och-pedaler-justerbar-sitshojd-for-barn-2-5-ar-rod-pp-85-x\/","name":"TRUUSK Barnbalanscykel 2-i-1 - Inl\u00e4rningscykel Med St\u00f6dhjul Och Pedaler - Justerbar Sitsh\u00f6jd - F\u00f6r Barn 2-5 \u00e5r - R\u00f6d - PP - 85 x - TRUUSK - Hem, Tr\u00e4dg\u00e5rd &amp; Fritid","isPartOf":{"@id":"https:\/\/truusk.store\/sv\/#website"},"primaryImageOfPage":{"@id":"https:\/\/truusk.store\/sv\/produkt\/truusk-barnbalanscykel-2-i-1-inlarningscykel-med-stodhjul-och-pedaler-justerbar-sitshojd-for-barn-2-5-ar-rod-pp-85-x\/#primaryimage"},"image":{"@id":"https:\/\/truusk.store\/sv\/produkt\/truusk-barnbalanscykel-2-i-1-inlarningscykel-med-stodhjul-och-pedaler-justerbar-sitshojd-for-barn-2-5-ar-rod-pp-85-x\/#primaryimage"},"thumbnailUrl":"https:\/\/i0.wp.com\/truusk.store\/wp-content\/uploads\/2024\/02\/barnbalanscykel-inlarningscykel-barncykel-2-i-1-barncykel-med-stodhjul-och-pedaler-2-5-ar-sitshojd-justerbar-pp-rod-85-x-b36-x-h54-cm.webp?fit=800%2C800&ssl=1","datePublished":"2024-02-13T11:09:23+00:00","dateModified":"2026-03-12T07:59:21+00:00","breadcrumb":{"@id":"https:\/\/truusk.store\/sv\/produkt\/truusk-barnbalanscykel-2-i-1-inlarningscykel-med-stodhjul-och-pedaler-justerbar-sitshojd-for-barn-2-5-ar-rod-pp-85-x\/#breadcrumb"},"inLanguage":"sv-SE","potentialAction":[{"@type":"ReadAction","target":["https:\/\/truusk.store\/sv\/produkt\/truusk-barnbalanscykel-2-i-1-inlarningscykel-med-stodhjul-och-pedaler-justerbar-sitshojd-for-barn-2-5-ar-rod-pp-85-x\/"]}]},{"@type":"ImageObject","inLanguage":"sv-SE","@id":"https:\/\/truusk.store\/sv\/produkt\/truusk-barnbalanscykel-2-i-1-inlarningscykel-med-stodhjul-och-pedaler-justerbar-sitshojd-for-barn-2-5-ar-rod-pp-85-x\/#primaryimage","url":"https:\/\/i0.wp.com\/truusk.store\/wp-content\/uploads\/2024\/02\/barnbalanscykel-inlarningscykel-barncykel-2-i-1-barncykel-med-stodhjul-och-pedaler-2-5-ar-sitshojd-justerbar-pp-rod-85-x-b36-x-h54-cm.webp?fit=800%2C800&ssl=1","contentUrl":"https:\/\/i0.wp.com\/truusk.store\/wp-content\/uploads\/2024\/02\/barnbalanscykel-inlarningscykel-barncykel-2-i-1-barncykel-med-stodhjul-och-pedaler-2-5-ar-sitshojd-justerbar-pp-rod-85-x-b36-x-h54-cm.webp?fit=800%2C800&ssl=1","width":800,"height":800,"caption":"Barnbalanscykel, Inl\u00e4rningscykel, Barncykel, 2-i-1, Barncykel Med St\u00f6dhjul Och Pedaler, 2-5 \u00e5r, Sitsh\u00f6jd Justerbar, PP, R\u00f6d, 85 X B36 X H54 Cm 1"},{"@type":"BreadcrumbList","@id":"https:\/\/truusk.store\/sv\/produkt\/truusk-barnbalanscykel-2-i-1-inlarningscykel-med-stodhjul-och-pedaler-justerbar-sitshojd-for-barn-2-5-ar-rod-pp-85-x\/#breadcrumb","itemListElement":[{"@type":"ListItem","position":1,"name":"Home","item":"https:\/\/truusk.store\/sv\/"},{"@type":"ListItem","position":2,"name":"Shop","item":"https:\/\/truusk.store\/shop\/"},{"@type":"ListItem","position":3,"name":"TRUUSK Barnbalanscykel 2-i-1 &#8211; Inl\u00e4rningscykel Med St\u00f6dhjul Och Pedaler &#8211; Justerbar Sitsh\u00f6jd &#8211; F\u00f6r Barn 2-5 \u00e5r &#8211; R\u00f6d &#8211; PP &#8211; 85 x"}]},{"@type":"WebSite","@id":"https:\/\/truusk.store\/sv\/#website","url":"https:\/\/truusk.store\/sv\/","name":"TRUUSK - Hem, Tr\u00e4dg\u00e5rd & Fritid","description":"","publisher":{"@id":"https:\/\/truusk.store\/sv\/#organization"},"potentialAction":[{"@type":"SearchAction","target":{"@type":"EntryPoint","urlTemplate":"https:\/\/truusk.store\/sv\/?s={search_term_string}"},"query-input":{"@type":"PropertyValueSpecification","valueRequired":true,"valueName":"search_term_string"}}],"inLanguage":"sv-SE"},{"@type":"Organization","@id":"https:\/\/truusk.store\/sv\/#organization","name":"TRUUSK - Hem, Tr\u00e4dg\u00e5rd & Fritid","url":"https:\/\/truusk.store\/sv\/","logo":{"@type":"ImageObject","inLanguage":"sv-SE","@id":"https:\/\/truusk.store\/sv\/#\/schema\/logo\/image\/","url":"https:\/\/i0.wp.com\/truusk.store\/wp-content\/uploads\/2026\/03\/cropped-TRUUSK.png?fit=2032%2C917&ssl=1","contentUrl":"https:\/\/i0.wp.com\/truusk.store\/wp-content\/uploads\/2026\/03\/cropped-TRUUSK.png?fit=2032%2C917&ssl=1","width":2032,"height":917,"caption":"TRUUSK - Hem, Tr\u00e4dg\u00e5rd & Fritid"},"image":{"@id":"https:\/\/truusk.store\/sv\/#\/schema\/logo\/image\/"}}]}},"jetpack_sharing_enabled":true,"_links":{"self":[{"href":"https:\/\/truusk.store\/sv\/wp-json\/wp\/v2\/product\/14537","targetHints":{"allow":["GET"]}}],"collection":[{"href":"https:\/\/truusk.store\/sv\/wp-json\/wp\/v2\/product"}],"about":[{"href":"https:\/\/truusk.store\/sv\/wp-json\/wp\/v2\/types\/product"}],"wp:featuredmedia":[{"embeddable":true,"href":"https:\/\/truusk.store\/sv\/wp-json\/wp\/v2\/media\/14538"}],"wp:attachment":[{"href":"https:\/\/truusk.store\/sv\/wp-json\/wp\/v2\/media?parent=14537"}],"wp:term":[{"taxonomy":"product_brand","embeddable":true,"href":"https:\/\/truusk.store\/sv\/wp-json\/wp\/v2\/product_brand?post=14537"},{"taxonomy":"product_cat","embeddable":true,"href":"https:\/\/truusk.store\/sv\/wp-json\/wp\/v2\/product_cat?post=14537"},{"taxonomy":"product_tag","embeddable":true,"href":"https:\/\/truusk.store\/sv\/wp-json\/wp\/v2\/product_tag?post=14537"}],"curies":[{"name":"wp","href":"https:\/\/api.w.org\/{rel}","templated":true}]}}