{"id":14593,"date":"2024-02-13T12:10:49","date_gmt":"2024-02-13T11:10:49","guid":{"rendered":"https:\/\/truusk.store\/product\/parasollstall-paraplyfot-halvrund-harts-rostfritt-stal-bronsfarg-50x31x32cm-modell-3\/"},"modified":"2026-03-12T08:59:21","modified_gmt":"2026-03-12T07:59:21","slug":"truusk-parasollfot-i-halvrund-design-harts-rostfritt-stal-bronsfarg-50x31x32cm-modell-3","status":"publish","type":"product","link":"https:\/\/truusk.store\/sv\/produkt\/truusk-parasollfot-i-halvrund-design-harts-rostfritt-stal-bronsfarg-50x31x32cm-modell-3\/","title":{"rendered":"TRUUSK Parasollfot i Halvrund Design &#8211; Harts + Rostfritt St\u00e5l &#8211; Bronsf\u00e4rg &#8211; 50x31x32cm &#8211; Modell 3"},"content":{"rendered":"<p>Detta halvcirkelformade parasollst\u00e4ll med ett klassiskt utseende \u00e4r perfekt f\u00f6r halvcirkul\u00e4ra parasoll med en st\u00e5ngdiameter p\u00e5 3,8 cm &#8211; 4,8 cm. Den \u00e4r gjord av robust harts i bronsf\u00e4rg och ger parasollet ett s\u00e4kert f\u00e4ste. St\u00e5ngen i rostfritt st\u00e5l s\u00e4kerst\u00e4ller h\u00f6g stabilitet f\u00f6r det bifogade parasollet. Det finns en l\u00e5sskruv p\u00e5 parasollst\u00e4llet f\u00f6r att fixera ditt parasoll och ger d\u00e4rmed optimalt f\u00e4ste.<\/p>\n<h3>Beskrivning:<\/h3>\n<ul>\n<li>Halvrunda parasollst\u00e4ll med klassisk look i bronsf\u00e4rg<\/li>\n<li>S\u00e4rskilt l\u00e4mplig f\u00f6r parasoll med halvcirkelformad form<\/li>\n<li>Tillverkad av harts och ett rostfritt st\u00e5lr\u00f6r i en stabil konstruktion<\/li>\n<li>Erbjuder parasoll ett s\u00e4kert grepp och h\u00f6g stabilitet<\/li>\n<li>L\u00e4mplig f\u00f6r paraplyst\u00e4nger med en diameter p\u00e5 3,8-4,8 cm<\/li>\n<li>Med l\u00e5sskruv f\u00f6r att fixera paraplyst\u00e5ngen<\/li>\n<li>Enkel konstruktion<\/li>\n<li>Obs: Paraplytaket \u00e4r halvcirkelformat, passar endast halva paraplyet, andra halvan av paraplyet kr\u00e4ver st\u00f6d f\u00f6r stabilitet (helst mot en v\u00e4gg).<\/li>\n<\/ul>\n<h3>Teknisk data:<\/h3>\n<ul>\n<li>Material: harts, rostfritt st\u00e5l, plast<\/li>\n<li>F\u00e4rg: Bronsf\u00e4rg<\/li>\n<li>Nettovikt: 9 kg<\/li>\n<li>\u00d6vergripande m\u00e5tt: L50 x B31 x H32 cm<\/li>\n<li>Matchande paraplyst\u00e5ng: 3,8cm-4,8cm<\/li>\n<\/ul>\n<h3>Leveransens omfattning:<\/h3>\n<ul>\n<li>1 x Parasollst\u00e4ll;<\/li>\n<\/ul>\n","protected":false},"excerpt":{"rendered":"<p>Detta halvcirkelformade parasollst\u00e4ll med ett klassiskt utseende \u00e4r perfekt f\u00f6r halvcirkul\u00e4ra parasoll med en st\u00e5ngdiameter p\u00e5 3,8 cm &#8211; 4,8&#8230;<\/p>\n","protected":false},"featured_media":14594,"template":"","meta":[],"product_brand":[],"product_cat":[723,472,471,435],"product_tag":[],"class_list":{"0":"post-14593","1":"product","2":"type-product","3":"status-publish","4":"has-post-thumbnail","6":"product_cat-paraplystall","7":"product_cat-parasoller","8":"product_cat-solskydd-integritetsskydd","9":"product_cat-tradgard-och-terrass","11":"first","12":"instock","13":"sale","14":"taxable","15":"shipping-taxable","16":"purchasable","17":"product-type-simple"},"yoast_head":"<!-- This site is optimized with the Yoast SEO plugin v25.4 - https:\/\/yoast.com\/wordpress\/plugins\/seo\/ -->\n<title>TRUUSK Parasollfot i Halvrund Design - Harts + Rostfritt St\u00e5l - Bronsf\u00e4rg - 50x31x32cm - Modell 3 - TRUUSK - Hem, Tr\u00e4dg\u00e5rd &amp; Fritid<\/title>\n<meta name=\"robots\" content=\"index, follow, max-snippet:-1, max-image-preview:large, max-video-preview:-1\" \/>\n<link rel=\"canonical\" href=\"https:\/\/truusk.store\/sv\/produkt\/truusk-parasollfot-i-halvrund-design-harts-rostfritt-stal-bronsfarg-50x31x32cm-modell-3\/\" \/>\n<meta property=\"og:locale\" content=\"sv_SE\" \/>\n<meta property=\"og:type\" content=\"article\" \/>\n<meta property=\"og:title\" content=\"TRUUSK Parasollfot i Halvrund Design - Harts + Rostfritt St\u00e5l - Bronsf\u00e4rg - 50x31x32cm - Modell 3 - TRUUSK - Hem, Tr\u00e4dg\u00e5rd &amp; Fritid\" \/>\n<meta property=\"og:description\" content=\"Detta halvcirkelformade parasollst\u00e4ll med ett klassiskt utseende \u00e4r perfekt f\u00f6r halvcirkul\u00e4ra parasoll med en st\u00e5ngdiameter p\u00e5 3,8 cm &#8211; 4,8...\" \/>\n<meta property=\"og:url\" content=\"https:\/\/truusk.store\/sv\/produkt\/truusk-parasollfot-i-halvrund-design-harts-rostfritt-stal-bronsfarg-50x31x32cm-modell-3\/\" \/>\n<meta property=\"og:site_name\" content=\"TRUUSK - Hem, Tr\u00e4dg\u00e5rd &amp; Fritid\" \/>\n<meta property=\"article:modified_time\" content=\"2026-03-12T07:59:21+00:00\" \/>\n<meta property=\"og:image\" content=\"https:\/\/i0.wp.com\/truusk.se\/wp-content\/uploads\/2024\/02\/parasollstall-paraplyfot-halvrund-harts-rostfritt-stal-bronsfarg-50x31x32cm-modell-3.webp?fit=800%2C800&ssl=1\" \/>\n\t<meta property=\"og:image:width\" content=\"800\" \/>\n\t<meta property=\"og:image:height\" content=\"800\" \/>\n\t<meta property=\"og:image:type\" content=\"image\/webp\" \/>\n<meta name=\"twitter:card\" content=\"summary_large_image\" \/>\n<meta name=\"twitter:label1\" content=\"Ber\u00e4knad l\u00e4stid\" \/>\n\t<meta name=\"twitter:data1\" content=\"1 minut\" \/>\n<!-- \/ Yoast SEO plugin. -->","yoast_head_json":{"title":"TRUUSK Parasollfot i Halvrund Design - Harts + Rostfritt St\u00e5l - Bronsf\u00e4rg - 50x31x32cm - Modell 3 - TRUUSK - Hem, Tr\u00e4dg\u00e5rd &amp; Fritid","robots":{"index":"index","follow":"follow","max-snippet":"max-snippet:-1","max-image-preview":"max-image-preview:large","max-video-preview":"max-video-preview:-1"},"canonical":"https:\/\/truusk.store\/sv\/produkt\/truusk-parasollfot-i-halvrund-design-harts-rostfritt-stal-bronsfarg-50x31x32cm-modell-3\/","og_locale":"sv_SE","og_type":"article","og_title":"TRUUSK Parasollfot i Halvrund Design - Harts + Rostfritt St\u00e5l - Bronsf\u00e4rg - 50x31x32cm - Modell 3 - TRUUSK - Hem, Tr\u00e4dg\u00e5rd &amp; Fritid","og_description":"Detta halvcirkelformade parasollst\u00e4ll med ett klassiskt utseende \u00e4r perfekt f\u00f6r halvcirkul\u00e4ra parasoll med en st\u00e5ngdiameter p\u00e5 3,8 cm &#8211; 4,8...","og_url":"https:\/\/truusk.store\/sv\/produkt\/truusk-parasollfot-i-halvrund-design-harts-rostfritt-stal-bronsfarg-50x31x32cm-modell-3\/","og_site_name":"TRUUSK - Hem, Tr\u00e4dg\u00e5rd &amp; Fritid","article_modified_time":"2026-03-12T07:59:21+00:00","og_image":[{"width":800,"height":800,"url":"https:\/\/i0.wp.com\/truusk.se\/wp-content\/uploads\/2024\/02\/parasollstall-paraplyfot-halvrund-harts-rostfritt-stal-bronsfarg-50x31x32cm-modell-3.webp?fit=800%2C800&ssl=1","type":"image\/webp"}],"twitter_card":"summary_large_image","twitter_misc":{"Ber\u00e4knad l\u00e4stid":"1 minut"},"schema":{"@context":"https:\/\/schema.org","@graph":[{"@type":"WebPage","@id":"https:\/\/truusk.store\/sv\/produkt\/truusk-parasollfot-i-halvrund-design-harts-rostfritt-stal-bronsfarg-50x31x32cm-modell-3\/","url":"https:\/\/truusk.store\/sv\/produkt\/truusk-parasollfot-i-halvrund-design-harts-rostfritt-stal-bronsfarg-50x31x32cm-modell-3\/","name":"TRUUSK Parasollfot i Halvrund Design - Harts + Rostfritt St\u00e5l - Bronsf\u00e4rg - 50x31x32cm - Modell 3 - TRUUSK - Hem, Tr\u00e4dg\u00e5rd &amp; Fritid","isPartOf":{"@id":"https:\/\/truusk.store\/sv\/#website"},"primaryImageOfPage":{"@id":"https:\/\/truusk.store\/sv\/produkt\/truusk-parasollfot-i-halvrund-design-harts-rostfritt-stal-bronsfarg-50x31x32cm-modell-3\/#primaryimage"},"image":{"@id":"https:\/\/truusk.store\/sv\/produkt\/truusk-parasollfot-i-halvrund-design-harts-rostfritt-stal-bronsfarg-50x31x32cm-modell-3\/#primaryimage"},"thumbnailUrl":"https:\/\/i0.wp.com\/truusk.store\/wp-content\/uploads\/2024\/02\/parasollstall-paraplyfot-halvrund-harts-rostfritt-stal-bronsfarg-50x31x32cm-modell-3.webp?fit=800%2C800&ssl=1","datePublished":"2024-02-13T11:10:49+00:00","dateModified":"2026-03-12T07:59:21+00:00","breadcrumb":{"@id":"https:\/\/truusk.store\/sv\/produkt\/truusk-parasollfot-i-halvrund-design-harts-rostfritt-stal-bronsfarg-50x31x32cm-modell-3\/#breadcrumb"},"inLanguage":"sv-SE","potentialAction":[{"@type":"ReadAction","target":["https:\/\/truusk.store\/sv\/produkt\/truusk-parasollfot-i-halvrund-design-harts-rostfritt-stal-bronsfarg-50x31x32cm-modell-3\/"]}]},{"@type":"ImageObject","inLanguage":"sv-SE","@id":"https:\/\/truusk.store\/sv\/produkt\/truusk-parasollfot-i-halvrund-design-harts-rostfritt-stal-bronsfarg-50x31x32cm-modell-3\/#primaryimage","url":"https:\/\/i0.wp.com\/truusk.store\/wp-content\/uploads\/2024\/02\/parasollstall-paraplyfot-halvrund-harts-rostfritt-stal-bronsfarg-50x31x32cm-modell-3.webp?fit=800%2C800&ssl=1","contentUrl":"https:\/\/i0.wp.com\/truusk.store\/wp-content\/uploads\/2024\/02\/parasollstall-paraplyfot-halvrund-harts-rostfritt-stal-bronsfarg-50x31x32cm-modell-3.webp?fit=800%2C800&ssl=1","width":800,"height":800,"caption":"Parasollst\u00e4ll, Paraplyfot, Halvrund, Harts + Rostfritt St\u00e5l, Bronsf\u00e4rg, 50x31x32cm (modell 3) 1"},{"@type":"BreadcrumbList","@id":"https:\/\/truusk.store\/sv\/produkt\/truusk-parasollfot-i-halvrund-design-harts-rostfritt-stal-bronsfarg-50x31x32cm-modell-3\/#breadcrumb","itemListElement":[{"@type":"ListItem","position":1,"name":"Home","item":"https:\/\/truusk.store\/sv\/"},{"@type":"ListItem","position":2,"name":"Shop","item":"https:\/\/truusk.store\/shop\/"},{"@type":"ListItem","position":3,"name":"TRUUSK Parasollfot i Halvrund Design &#8211; Harts + Rostfritt St\u00e5l &#8211; Bronsf\u00e4rg &#8211; 50x31x32cm &#8211; Modell 3"}]},{"@type":"WebSite","@id":"https:\/\/truusk.store\/sv\/#website","url":"https:\/\/truusk.store\/sv\/","name":"TRUUSK - Hem, Tr\u00e4dg\u00e5rd & Fritid","description":"","publisher":{"@id":"https:\/\/truusk.store\/sv\/#organization"},"potentialAction":[{"@type":"SearchAction","target":{"@type":"EntryPoint","urlTemplate":"https:\/\/truusk.store\/sv\/?s={search_term_string}"},"query-input":{"@type":"PropertyValueSpecification","valueRequired":true,"valueName":"search_term_string"}}],"inLanguage":"sv-SE"},{"@type":"Organization","@id":"https:\/\/truusk.store\/sv\/#organization","name":"TRUUSK - Hem, Tr\u00e4dg\u00e5rd & Fritid","url":"https:\/\/truusk.store\/sv\/","logo":{"@type":"ImageObject","inLanguage":"sv-SE","@id":"https:\/\/truusk.store\/sv\/#\/schema\/logo\/image\/","url":"https:\/\/i0.wp.com\/truusk.store\/wp-content\/uploads\/2026\/03\/cropped-TRUUSK.png?fit=2032%2C917&ssl=1","contentUrl":"https:\/\/i0.wp.com\/truusk.store\/wp-content\/uploads\/2026\/03\/cropped-TRUUSK.png?fit=2032%2C917&ssl=1","width":2032,"height":917,"caption":"TRUUSK - Hem, Tr\u00e4dg\u00e5rd & Fritid"},"image":{"@id":"https:\/\/truusk.store\/sv\/#\/schema\/logo\/image\/"}}]}},"jetpack_sharing_enabled":true,"_links":{"self":[{"href":"https:\/\/truusk.store\/sv\/wp-json\/wp\/v2\/product\/14593","targetHints":{"allow":["GET"]}}],"collection":[{"href":"https:\/\/truusk.store\/sv\/wp-json\/wp\/v2\/product"}],"about":[{"href":"https:\/\/truusk.store\/sv\/wp-json\/wp\/v2\/types\/product"}],"wp:featuredmedia":[{"embeddable":true,"href":"https:\/\/truusk.store\/sv\/wp-json\/wp\/v2\/media\/14594"}],"wp:attachment":[{"href":"https:\/\/truusk.store\/sv\/wp-json\/wp\/v2\/media?parent=14593"}],"wp:term":[{"taxonomy":"product_brand","embeddable":true,"href":"https:\/\/truusk.store\/sv\/wp-json\/wp\/v2\/product_brand?post=14593"},{"taxonomy":"product_cat","embeddable":true,"href":"https:\/\/truusk.store\/sv\/wp-json\/wp\/v2\/product_cat?post=14593"},{"taxonomy":"product_tag","embeddable":true,"href":"https:\/\/truusk.store\/sv\/wp-json\/wp\/v2\/product_tag?post=14593"}],"curies":[{"name":"wp","href":"https:\/\/api.w.org\/{rel}","templated":true}]}}