{"id":14665,"date":"2024-02-13T12:12:48","date_gmt":"2024-02-13T11:12:48","guid":{"rendered":"https:\/\/truusk.store\/product\/hundsoffa-med-mjukt-overdrag-husdjurssoffa-med-traben-hundsang-82-x-54-x-36-cm\/"},"modified":"2026-03-12T08:59:22","modified_gmt":"2026-03-12T07:59:22","slug":"truusk-hundsoffa-med-mjukt-overdrag-husdjurssoffa-med-traben-hundsang-82-x-54-x-36-cm","status":"publish","type":"product","link":"https:\/\/truusk.store\/sv\/produkt\/truusk-hundsoffa-med-mjukt-overdrag-husdjurssoffa-med-traben-hundsang-82-x-54-x-36-cm\/","title":{"rendered":"TRUUSK Hundsoffa med Mjukt \u00d6verdrag &#8211; Husdjurssoffa med Tr\u00e4ben &#8211; Hunds\u00e4ng 82 x 54 x 36 cm"},"content":{"rendered":"<p>Denna husdjurssoffa \u00e4r perfekt f\u00f6r ditt husdjur att koppla av och vila. Den tjocka kudden och det mjuka tyg\u00f6verdraget med flanelltouch s\u00e4kerst\u00e4ller l\u00e5ngvarig sitt- eller liggkomfort. Det 3-sidiga ryggst\u00f6det och armst\u00f6den ger en bekv\u00e4mare och s\u00e4krare viloplats f\u00f6r dina husdjur. Med den mysiga husdjurss\u00e4ngen kan ditt husdjur f\u00f6lja med dig f\u00f6r att titta p\u00e5 film i vardagsrummet eller sova i sovrummet. Din s\u00f6ta lilla valp eller kattunge kommer att bli v\u00e4ldigt glad \u00f6ver att ha sin egen hunds\u00e4ng.<\/p>\n<h3>Beskrivning:<\/h3>\n<ul>\n<li>L\u00e4mplig f\u00f6r medelstora och sm\u00e5 hundar och olika katter<\/li>\n<li>Elegant utseende g\u00f6r det till ett trevligt tillskott<\/li>\n<li>Robusta tr\u00e4ben f\u00f6r stabil och l\u00e5ngvarig anv\u00e4ndning<\/li>\n<li>Upph\u00f6jd design h\u00e5ller soffan fuktt\u00e5lig<\/li>\n<li>Mjukt \u00f6verdrag med flanell touch f\u00f6r extra komfort<\/li>\n<li>\u00d6rngott \u00e4r avtagbart och tv\u00e4ttbart<\/li>\n<li>L\u00e4mplig f\u00f6r medelstora hundar upp till 20 kg, rekommenderas att hunden ska vara mindre \u00e4n 50 cm l\u00e5ng.<\/li>\n<li>Montering kr\u00e4vs<\/li>\n<\/ul>\n<h3>Teknisk data:<\/h3>\n<ul>\n<li>F\u00e4rg: ljusgr\u00e5<\/li>\n<li>Material: sammet (100% polyester), skum, bj\u00f6rktr\u00e4<\/li>\n<li>\u00d6vergripande m\u00e5tt: 82W x 54D x 36H cm<\/li>\n<li>Sitsm\u00e5tt: 72W x 50D x 16H cm<\/li>\n<li>Kuddens m\u00e5tt: 72W x 47,5D x 4D cm<\/li>\n<li>Ryggst\u00f6dsh\u00f6jd: 20 cm<\/li>\n<li>Armst\u00f6dets bredd: 4,5 cm<\/li>\n<li>H\u00f6jd: 10 cm<\/li>\n<\/ul>\n<h3>Leveransens omfattning:<\/h3>\n<ul>\n<li>1 x Pet Soffa<\/li>\n<li>1 x Instruktioner<\/li>\n<\/ul>\n","protected":false},"excerpt":{"rendered":"<p>Denna husdjurssoffa \u00e4r perfekt f\u00f6r ditt husdjur att koppla av och vila. Den tjocka kudden och det mjuka tyg\u00f6verdraget med&#8230;<\/p>\n","protected":false},"featured_media":14666,"template":"","meta":[],"product_brand":[],"product_cat":[576,574,573],"product_tag":[],"class_list":{"0":"post-14665","1":"product","2":"type-product","3":"status-publish","4":"has-post-thumbnail","6":"product_cat-hundsangar-hundsoffor","7":"product_cat-hundtillbehor","8":"product_cat-husdjursmaterial","10":"first","11":"instock","12":"sale","13":"taxable","14":"shipping-taxable","15":"purchasable","16":"product-type-simple"},"yoast_head":"<!-- This site is optimized with the Yoast SEO plugin v25.4 - https:\/\/yoast.com\/wordpress\/plugins\/seo\/ -->\n<title>TRUUSK Hundsoffa med Mjukt \u00d6verdrag - Husdjurssoffa med Tr\u00e4ben - Hunds\u00e4ng 82 x 54 x 36 cm - TRUUSK - Hem, Tr\u00e4dg\u00e5rd &amp; Fritid<\/title>\n<meta name=\"robots\" content=\"index, follow, max-snippet:-1, max-image-preview:large, max-video-preview:-1\" \/>\n<link rel=\"canonical\" href=\"https:\/\/truusk.store\/sv\/produkt\/truusk-hundsoffa-med-mjukt-overdrag-husdjurssoffa-med-traben-hundsang-82-x-54-x-36-cm\/\" \/>\n<meta property=\"og:locale\" content=\"sv_SE\" \/>\n<meta property=\"og:type\" content=\"article\" \/>\n<meta property=\"og:title\" content=\"TRUUSK Hundsoffa med Mjukt \u00d6verdrag - Husdjurssoffa med Tr\u00e4ben - Hunds\u00e4ng 82 x 54 x 36 cm - TRUUSK - Hem, Tr\u00e4dg\u00e5rd &amp; Fritid\" \/>\n<meta property=\"og:description\" content=\"Denna husdjurssoffa \u00e4r perfekt f\u00f6r ditt husdjur att koppla av och vila. Den tjocka kudden och det mjuka tyg\u00f6verdraget med...\" \/>\n<meta property=\"og:url\" content=\"https:\/\/truusk.store\/sv\/produkt\/truusk-hundsoffa-med-mjukt-overdrag-husdjurssoffa-med-traben-hundsang-82-x-54-x-36-cm\/\" \/>\n<meta property=\"og:site_name\" content=\"TRUUSK - Hem, Tr\u00e4dg\u00e5rd &amp; Fritid\" \/>\n<meta property=\"article:modified_time\" content=\"2026-03-12T07:59:22+00:00\" \/>\n<meta property=\"og:image\" content=\"https:\/\/i0.wp.com\/truusk.se\/wp-content\/uploads\/2024\/02\/hundsoffa-med-mjukt-overdrag-husdjurssoffa-med-traben-hundsang-82-x-54-x-36-cm.webp?fit=800%2C800&ssl=1\" \/>\n\t<meta property=\"og:image:width\" content=\"800\" \/>\n\t<meta property=\"og:image:height\" content=\"800\" \/>\n\t<meta property=\"og:image:type\" content=\"image\/webp\" \/>\n<meta name=\"twitter:card\" content=\"summary_large_image\" \/>\n<meta name=\"twitter:label1\" content=\"Ber\u00e4knad l\u00e4stid\" \/>\n\t<meta name=\"twitter:data1\" content=\"1 minut\" \/>\n<!-- \/ Yoast SEO plugin. -->","yoast_head_json":{"title":"TRUUSK Hundsoffa med Mjukt \u00d6verdrag - Husdjurssoffa med Tr\u00e4ben - Hunds\u00e4ng 82 x 54 x 36 cm - TRUUSK - Hem, Tr\u00e4dg\u00e5rd &amp; Fritid","robots":{"index":"index","follow":"follow","max-snippet":"max-snippet:-1","max-image-preview":"max-image-preview:large","max-video-preview":"max-video-preview:-1"},"canonical":"https:\/\/truusk.store\/sv\/produkt\/truusk-hundsoffa-med-mjukt-overdrag-husdjurssoffa-med-traben-hundsang-82-x-54-x-36-cm\/","og_locale":"sv_SE","og_type":"article","og_title":"TRUUSK Hundsoffa med Mjukt \u00d6verdrag - Husdjurssoffa med Tr\u00e4ben - Hunds\u00e4ng 82 x 54 x 36 cm - TRUUSK - Hem, Tr\u00e4dg\u00e5rd &amp; Fritid","og_description":"Denna husdjurssoffa \u00e4r perfekt f\u00f6r ditt husdjur att koppla av och vila. Den tjocka kudden och det mjuka tyg\u00f6verdraget med...","og_url":"https:\/\/truusk.store\/sv\/produkt\/truusk-hundsoffa-med-mjukt-overdrag-husdjurssoffa-med-traben-hundsang-82-x-54-x-36-cm\/","og_site_name":"TRUUSK - Hem, Tr\u00e4dg\u00e5rd &amp; Fritid","article_modified_time":"2026-03-12T07:59:22+00:00","og_image":[{"width":800,"height":800,"url":"https:\/\/i0.wp.com\/truusk.se\/wp-content\/uploads\/2024\/02\/hundsoffa-med-mjukt-overdrag-husdjurssoffa-med-traben-hundsang-82-x-54-x-36-cm.webp?fit=800%2C800&ssl=1","type":"image\/webp"}],"twitter_card":"summary_large_image","twitter_misc":{"Ber\u00e4knad l\u00e4stid":"1 minut"},"schema":{"@context":"https:\/\/schema.org","@graph":[{"@type":"WebPage","@id":"https:\/\/truusk.store\/sv\/produkt\/truusk-hundsoffa-med-mjukt-overdrag-husdjurssoffa-med-traben-hundsang-82-x-54-x-36-cm\/","url":"https:\/\/truusk.store\/sv\/produkt\/truusk-hundsoffa-med-mjukt-overdrag-husdjurssoffa-med-traben-hundsang-82-x-54-x-36-cm\/","name":"TRUUSK Hundsoffa med Mjukt \u00d6verdrag - Husdjurssoffa med Tr\u00e4ben - Hunds\u00e4ng 82 x 54 x 36 cm - TRUUSK - Hem, Tr\u00e4dg\u00e5rd &amp; Fritid","isPartOf":{"@id":"https:\/\/truusk.store\/sv\/#website"},"primaryImageOfPage":{"@id":"https:\/\/truusk.store\/sv\/produkt\/truusk-hundsoffa-med-mjukt-overdrag-husdjurssoffa-med-traben-hundsang-82-x-54-x-36-cm\/#primaryimage"},"image":{"@id":"https:\/\/truusk.store\/sv\/produkt\/truusk-hundsoffa-med-mjukt-overdrag-husdjurssoffa-med-traben-hundsang-82-x-54-x-36-cm\/#primaryimage"},"thumbnailUrl":"https:\/\/i0.wp.com\/truusk.store\/wp-content\/uploads\/2024\/02\/hundsoffa-med-mjukt-overdrag-husdjurssoffa-med-traben-hundsang-82-x-54-x-36-cm.webp?fit=800%2C800&ssl=1","datePublished":"2024-02-13T11:12:48+00:00","dateModified":"2026-03-12T07:59:22+00:00","breadcrumb":{"@id":"https:\/\/truusk.store\/sv\/produkt\/truusk-hundsoffa-med-mjukt-overdrag-husdjurssoffa-med-traben-hundsang-82-x-54-x-36-cm\/#breadcrumb"},"inLanguage":"sv-SE","potentialAction":[{"@type":"ReadAction","target":["https:\/\/truusk.store\/sv\/produkt\/truusk-hundsoffa-med-mjukt-overdrag-husdjurssoffa-med-traben-hundsang-82-x-54-x-36-cm\/"]}]},{"@type":"ImageObject","inLanguage":"sv-SE","@id":"https:\/\/truusk.store\/sv\/produkt\/truusk-hundsoffa-med-mjukt-overdrag-husdjurssoffa-med-traben-hundsang-82-x-54-x-36-cm\/#primaryimage","url":"https:\/\/i0.wp.com\/truusk.store\/wp-content\/uploads\/2024\/02\/hundsoffa-med-mjukt-overdrag-husdjurssoffa-med-traben-hundsang-82-x-54-x-36-cm.webp?fit=800%2C800&ssl=1","contentUrl":"https:\/\/i0.wp.com\/truusk.store\/wp-content\/uploads\/2024\/02\/hundsoffa-med-mjukt-overdrag-husdjurssoffa-med-traben-hundsang-82-x-54-x-36-cm.webp?fit=800%2C800&ssl=1","width":800,"height":800,"caption":"Hundsoffa Med Mjukt \u00f6verdrag Husdjurssoffa Med Tr\u00e4ben Hunds\u00e4ng 82 X 54 X 36 Cm 1"},{"@type":"BreadcrumbList","@id":"https:\/\/truusk.store\/sv\/produkt\/truusk-hundsoffa-med-mjukt-overdrag-husdjurssoffa-med-traben-hundsang-82-x-54-x-36-cm\/#breadcrumb","itemListElement":[{"@type":"ListItem","position":1,"name":"Home","item":"https:\/\/truusk.store\/sv\/"},{"@type":"ListItem","position":2,"name":"Shop","item":"https:\/\/truusk.store\/shop\/"},{"@type":"ListItem","position":3,"name":"TRUUSK Hundsoffa med Mjukt \u00d6verdrag &#8211; Husdjurssoffa med Tr\u00e4ben &#8211; Hunds\u00e4ng 82 x 54 x 36 cm"}]},{"@type":"WebSite","@id":"https:\/\/truusk.store\/sv\/#website","url":"https:\/\/truusk.store\/sv\/","name":"TRUUSK - Hem, Tr\u00e4dg\u00e5rd & Fritid","description":"","publisher":{"@id":"https:\/\/truusk.store\/sv\/#organization"},"potentialAction":[{"@type":"SearchAction","target":{"@type":"EntryPoint","urlTemplate":"https:\/\/truusk.store\/sv\/?s={search_term_string}"},"query-input":{"@type":"PropertyValueSpecification","valueRequired":true,"valueName":"search_term_string"}}],"inLanguage":"sv-SE"},{"@type":"Organization","@id":"https:\/\/truusk.store\/sv\/#organization","name":"TRUUSK - Hem, Tr\u00e4dg\u00e5rd & Fritid","url":"https:\/\/truusk.store\/sv\/","logo":{"@type":"ImageObject","inLanguage":"sv-SE","@id":"https:\/\/truusk.store\/sv\/#\/schema\/logo\/image\/","url":"https:\/\/i0.wp.com\/truusk.store\/wp-content\/uploads\/2026\/03\/cropped-TRUUSK.png?fit=2032%2C917&ssl=1","contentUrl":"https:\/\/i0.wp.com\/truusk.store\/wp-content\/uploads\/2026\/03\/cropped-TRUUSK.png?fit=2032%2C917&ssl=1","width":2032,"height":917,"caption":"TRUUSK - Hem, Tr\u00e4dg\u00e5rd & Fritid"},"image":{"@id":"https:\/\/truusk.store\/sv\/#\/schema\/logo\/image\/"}}]}},"jetpack_sharing_enabled":true,"_links":{"self":[{"href":"https:\/\/truusk.store\/sv\/wp-json\/wp\/v2\/product\/14665","targetHints":{"allow":["GET"]}}],"collection":[{"href":"https:\/\/truusk.store\/sv\/wp-json\/wp\/v2\/product"}],"about":[{"href":"https:\/\/truusk.store\/sv\/wp-json\/wp\/v2\/types\/product"}],"wp:featuredmedia":[{"embeddable":true,"href":"https:\/\/truusk.store\/sv\/wp-json\/wp\/v2\/media\/14666"}],"wp:attachment":[{"href":"https:\/\/truusk.store\/sv\/wp-json\/wp\/v2\/media?parent=14665"}],"wp:term":[{"taxonomy":"product_brand","embeddable":true,"href":"https:\/\/truusk.store\/sv\/wp-json\/wp\/v2\/product_brand?post=14665"},{"taxonomy":"product_cat","embeddable":true,"href":"https:\/\/truusk.store\/sv\/wp-json\/wp\/v2\/product_cat?post=14665"},{"taxonomy":"product_tag","embeddable":true,"href":"https:\/\/truusk.store\/sv\/wp-json\/wp\/v2\/product_tag?post=14665"}],"curies":[{"name":"wp","href":"https:\/\/api.w.org\/{rel}","templated":true}]}}