{"id":14682,"date":"2024-02-13T12:13:17","date_gmt":"2024-02-13T11:13:17","guid":{"rendered":"https:\/\/truusk.store\/product\/stadvagn-stadvagn-4-mobila-hinkar-torkvagn-systemvagn-med-hjul-bla-orange-93-x-70-x-97-cm\/"},"modified":"2026-03-12T08:59:23","modified_gmt":"2026-03-12T07:59:23","slug":"truusk-stadvagn-4-mobila-hinkar-torkvagn-med-hjul-bla-orange-93-x-70-x-97-cm","status":"publish","type":"product","link":"https:\/\/truusk.store\/sv\/produkt\/truusk-stadvagn-4-mobila-hinkar-torkvagn-med-hjul-bla-orange-93-x-70-x-97-cm\/","title":{"rendered":"TRUUSK St\u00e4dvagn &#8211; 4 mobila hinkar &#8211; Torkvagn med hjul &#8211; Bl\u00e5\/orange &#8211; 93 x 70 x 97 cm"},"content":{"rendered":"<p>Den professionella st\u00e4dvagnen \u00e4r idealisk f\u00f6r reng\u00f6ring av stora ytor p\u00e5 kontor, sjukhus, hem, skolor eller till och med hotell. Alla n\u00f6dv\u00e4ndiga tillbeh\u00f6r ing\u00e5r redan i leveransen. De totalt 4 hinkar vardera har en kapacitet p\u00e5 18l (2x) och 6l (2x). F\u00e4rgseparationen i orange och bl\u00e5 g\u00f6r att du enkelt kan skilja mellan olika reng\u00f6rings- och desinfektionsmedel. Tack vare den medf\u00f6ljande moppvridaren av robust metall g\u00e5r vridningen snabbt och enkelt. Det finns en h\u00e5llare p\u00e5 sidan f\u00f6r en kvast, ers\u00e4ttningsmoppe eller andra reng\u00f6ringshj\u00e4lpmedel. Den stora avfallsp\u00e5sen av slitstarkt Oxford-tyg visar ocks\u00e5 sin mognad. Det finns tillr\u00e4ckligt med utrymme f\u00f6r allt avfall som samlas. Tack vare de fyra mjukt l\u00f6pande hjulen kan din st\u00e4dvagn enkelt flyttas.<\/p>\n<h3>Beskrivning:<\/h3>\n<ul>\n<li>Professionell st\u00e4dvagn med avfallsp\u00e5se och mopppress<\/li>\n<li>Fullt utrustad f\u00f6r yt- och golvreng\u00f6ring samt avfallshantering<\/li>\n<li>Olikf\u00e4rgade hinkar f\u00f6r att separera smutsigt vatten<\/li>\n<li>Tysta och icke-markerande rullar med metallaxel<\/li>\n<li>Ett inbyggt dubbelskopsystem med press<\/li>\n<li>Stora f\u00f6rvaringsytor<\/li>\n<li>2 extra hinkar f\u00f6r reng\u00f6ring av ytor<\/li>\n<\/ul>\n<h3>Teknisk data:<\/h3>\n<ul>\n<li>Material: J\u00e4rn, PP, Oxford<\/li>\n<li>F\u00e4rg: Bl\u00e5 + Orange<\/li>\n<li>\u00d6vergripande m\u00e5tt: L93 x B70 x H97cm<\/li>\n<li>M\u00e5tt p\u00e5 avfallsp\u00e5sen: L81 x B44cm<\/li>\n<li>M\u00e5tt p\u00e5s\u00f6ppning: L43 x B28cm<\/li>\n<li>Vikt: ca 20 kg<\/li>\n<li>Max lastkapacitet: 25 kg<\/li>\n<\/ul>\n<h3>Leveransens omfattning:<\/h3>\n<ul>\n<li>1 x reng\u00f6ringsvagn;<\/li>\n<\/ul>\n","protected":false},"excerpt":{"rendered":"<p>Den professionella st\u00e4dvagnen \u00e4r idealisk f\u00f6r reng\u00f6ring av stora ytor p\u00e5 kontor, sjukhus, hem, skolor eller till och med hotell&#8230;.<\/p>\n","protected":false},"featured_media":14683,"template":"","meta":[],"product_brand":[],"product_cat":[671,685,687],"product_tag":[],"class_list":{"0":"post-14682","1":"product","2":"type-product","3":"status-publish","4":"has-post-thumbnail","6":"product_cat-jarnaffar","7":"product_cat-stadning-bestallning","8":"product_cat-stadutrustning","10":"first","11":"instock","12":"sale","13":"taxable","14":"shipping-taxable","15":"purchasable","16":"product-type-simple"},"yoast_head":"<!-- This site is optimized with the Yoast SEO plugin v25.4 - https:\/\/yoast.com\/wordpress\/plugins\/seo\/ -->\n<title>TRUUSK St\u00e4dvagn - 4 mobila hinkar - Torkvagn med hjul - Bl\u00e5\/orange - 93 x 70 x 97 cm - TRUUSK - Hem, Tr\u00e4dg\u00e5rd &amp; Fritid<\/title>\n<meta name=\"robots\" content=\"index, follow, max-snippet:-1, max-image-preview:large, max-video-preview:-1\" \/>\n<link rel=\"canonical\" href=\"https:\/\/truusk.store\/sv\/produkt\/truusk-stadvagn-4-mobila-hinkar-torkvagn-med-hjul-bla-orange-93-x-70-x-97-cm\/\" \/>\n<meta property=\"og:locale\" content=\"sv_SE\" \/>\n<meta property=\"og:type\" content=\"article\" \/>\n<meta property=\"og:title\" content=\"TRUUSK St\u00e4dvagn - 4 mobila hinkar - Torkvagn med hjul - Bl\u00e5\/orange - 93 x 70 x 97 cm - TRUUSK - Hem, Tr\u00e4dg\u00e5rd &amp; Fritid\" \/>\n<meta property=\"og:description\" content=\"Den professionella st\u00e4dvagnen \u00e4r idealisk f\u00f6r reng\u00f6ring av stora ytor p\u00e5 kontor, sjukhus, hem, skolor eller till och med hotell....\" \/>\n<meta property=\"og:url\" content=\"https:\/\/truusk.store\/sv\/produkt\/truusk-stadvagn-4-mobila-hinkar-torkvagn-med-hjul-bla-orange-93-x-70-x-97-cm\/\" \/>\n<meta property=\"og:site_name\" content=\"TRUUSK - Hem, Tr\u00e4dg\u00e5rd &amp; Fritid\" \/>\n<meta property=\"article:modified_time\" content=\"2026-03-12T07:59:23+00:00\" \/>\n<meta property=\"og:image\" content=\"https:\/\/i0.wp.com\/truusk.se\/wp-content\/uploads\/2024\/02\/stadvagn-stadvagn-4-mobila-hinkar-torkvagn-systemvagn-med-hjul-bla-orange-93-x-70-x-97-cm.webp?fit=800%2C800&ssl=1\" \/>\n\t<meta property=\"og:image:width\" content=\"800\" \/>\n\t<meta property=\"og:image:height\" content=\"800\" \/>\n\t<meta property=\"og:image:type\" content=\"image\/webp\" \/>\n<meta name=\"twitter:card\" content=\"summary_large_image\" \/>\n<meta name=\"twitter:label1\" content=\"Ber\u00e4knad l\u00e4stid\" \/>\n\t<meta name=\"twitter:data1\" content=\"1 minut\" \/>\n<!-- \/ Yoast SEO plugin. -->","yoast_head_json":{"title":"TRUUSK St\u00e4dvagn - 4 mobila hinkar - Torkvagn med hjul - Bl\u00e5\/orange - 93 x 70 x 97 cm - TRUUSK - Hem, Tr\u00e4dg\u00e5rd &amp; Fritid","robots":{"index":"index","follow":"follow","max-snippet":"max-snippet:-1","max-image-preview":"max-image-preview:large","max-video-preview":"max-video-preview:-1"},"canonical":"https:\/\/truusk.store\/sv\/produkt\/truusk-stadvagn-4-mobila-hinkar-torkvagn-med-hjul-bla-orange-93-x-70-x-97-cm\/","og_locale":"sv_SE","og_type":"article","og_title":"TRUUSK St\u00e4dvagn - 4 mobila hinkar - Torkvagn med hjul - Bl\u00e5\/orange - 93 x 70 x 97 cm - TRUUSK - Hem, Tr\u00e4dg\u00e5rd &amp; Fritid","og_description":"Den professionella st\u00e4dvagnen \u00e4r idealisk f\u00f6r reng\u00f6ring av stora ytor p\u00e5 kontor, sjukhus, hem, skolor eller till och med hotell....","og_url":"https:\/\/truusk.store\/sv\/produkt\/truusk-stadvagn-4-mobila-hinkar-torkvagn-med-hjul-bla-orange-93-x-70-x-97-cm\/","og_site_name":"TRUUSK - Hem, Tr\u00e4dg\u00e5rd &amp; Fritid","article_modified_time":"2026-03-12T07:59:23+00:00","og_image":[{"width":800,"height":800,"url":"https:\/\/i0.wp.com\/truusk.se\/wp-content\/uploads\/2024\/02\/stadvagn-stadvagn-4-mobila-hinkar-torkvagn-systemvagn-med-hjul-bla-orange-93-x-70-x-97-cm.webp?fit=800%2C800&ssl=1","type":"image\/webp"}],"twitter_card":"summary_large_image","twitter_misc":{"Ber\u00e4knad l\u00e4stid":"1 minut"},"schema":{"@context":"https:\/\/schema.org","@graph":[{"@type":"WebPage","@id":"https:\/\/truusk.store\/sv\/produkt\/truusk-stadvagn-4-mobila-hinkar-torkvagn-med-hjul-bla-orange-93-x-70-x-97-cm\/","url":"https:\/\/truusk.store\/sv\/produkt\/truusk-stadvagn-4-mobila-hinkar-torkvagn-med-hjul-bla-orange-93-x-70-x-97-cm\/","name":"TRUUSK St\u00e4dvagn - 4 mobila hinkar - Torkvagn med hjul - Bl\u00e5\/orange - 93 x 70 x 97 cm - TRUUSK - Hem, Tr\u00e4dg\u00e5rd &amp; Fritid","isPartOf":{"@id":"https:\/\/truusk.store\/sv\/#website"},"primaryImageOfPage":{"@id":"https:\/\/truusk.store\/sv\/produkt\/truusk-stadvagn-4-mobila-hinkar-torkvagn-med-hjul-bla-orange-93-x-70-x-97-cm\/#primaryimage"},"image":{"@id":"https:\/\/truusk.store\/sv\/produkt\/truusk-stadvagn-4-mobila-hinkar-torkvagn-med-hjul-bla-orange-93-x-70-x-97-cm\/#primaryimage"},"thumbnailUrl":"https:\/\/i0.wp.com\/truusk.store\/wp-content\/uploads\/2024\/02\/stadvagn-stadvagn-4-mobila-hinkar-torkvagn-systemvagn-med-hjul-bla-orange-93-x-70-x-97-cm.webp?fit=800%2C800&ssl=1","datePublished":"2024-02-13T11:13:17+00:00","dateModified":"2026-03-12T07:59:23+00:00","breadcrumb":{"@id":"https:\/\/truusk.store\/sv\/produkt\/truusk-stadvagn-4-mobila-hinkar-torkvagn-med-hjul-bla-orange-93-x-70-x-97-cm\/#breadcrumb"},"inLanguage":"sv-SE","potentialAction":[{"@type":"ReadAction","target":["https:\/\/truusk.store\/sv\/produkt\/truusk-stadvagn-4-mobila-hinkar-torkvagn-med-hjul-bla-orange-93-x-70-x-97-cm\/"]}]},{"@type":"ImageObject","inLanguage":"sv-SE","@id":"https:\/\/truusk.store\/sv\/produkt\/truusk-stadvagn-4-mobila-hinkar-torkvagn-med-hjul-bla-orange-93-x-70-x-97-cm\/#primaryimage","url":"https:\/\/i0.wp.com\/truusk.store\/wp-content\/uploads\/2024\/02\/stadvagn-stadvagn-4-mobila-hinkar-torkvagn-systemvagn-med-hjul-bla-orange-93-x-70-x-97-cm.webp?fit=800%2C800&ssl=1","contentUrl":"https:\/\/i0.wp.com\/truusk.store\/wp-content\/uploads\/2024\/02\/stadvagn-stadvagn-4-mobila-hinkar-torkvagn-systemvagn-med-hjul-bla-orange-93-x-70-x-97-cm.webp?fit=800%2C800&ssl=1","width":800,"height":800,"caption":"St\u00e4dvagn, St\u00e4dvagn, 4 Mobila Hinkar, Torkvagn, Systemvagn Med Hjul, Bl\u00e5, Orange, 93 X 70 X 97 Cm 1"},{"@type":"BreadcrumbList","@id":"https:\/\/truusk.store\/sv\/produkt\/truusk-stadvagn-4-mobila-hinkar-torkvagn-med-hjul-bla-orange-93-x-70-x-97-cm\/#breadcrumb","itemListElement":[{"@type":"ListItem","position":1,"name":"Home","item":"https:\/\/truusk.store\/sv\/"},{"@type":"ListItem","position":2,"name":"Shop","item":"https:\/\/truusk.store\/shop\/"},{"@type":"ListItem","position":3,"name":"TRUUSK St\u00e4dvagn &#8211; 4 mobila hinkar &#8211; Torkvagn med hjul &#8211; Bl\u00e5\/orange &#8211; 93 x 70 x 97 cm"}]},{"@type":"WebSite","@id":"https:\/\/truusk.store\/sv\/#website","url":"https:\/\/truusk.store\/sv\/","name":"TRUUSK - Hem, Tr\u00e4dg\u00e5rd & Fritid","description":"","publisher":{"@id":"https:\/\/truusk.store\/sv\/#organization"},"potentialAction":[{"@type":"SearchAction","target":{"@type":"EntryPoint","urlTemplate":"https:\/\/truusk.store\/sv\/?s={search_term_string}"},"query-input":{"@type":"PropertyValueSpecification","valueRequired":true,"valueName":"search_term_string"}}],"inLanguage":"sv-SE"},{"@type":"Organization","@id":"https:\/\/truusk.store\/sv\/#organization","name":"TRUUSK - Hem, Tr\u00e4dg\u00e5rd & Fritid","url":"https:\/\/truusk.store\/sv\/","logo":{"@type":"ImageObject","inLanguage":"sv-SE","@id":"https:\/\/truusk.store\/sv\/#\/schema\/logo\/image\/","url":"https:\/\/i0.wp.com\/truusk.store\/wp-content\/uploads\/2026\/03\/cropped-TRUUSK.png?fit=2032%2C917&ssl=1","contentUrl":"https:\/\/i0.wp.com\/truusk.store\/wp-content\/uploads\/2026\/03\/cropped-TRUUSK.png?fit=2032%2C917&ssl=1","width":2032,"height":917,"caption":"TRUUSK - Hem, Tr\u00e4dg\u00e5rd & Fritid"},"image":{"@id":"https:\/\/truusk.store\/sv\/#\/schema\/logo\/image\/"}}]}},"jetpack_sharing_enabled":true,"_links":{"self":[{"href":"https:\/\/truusk.store\/sv\/wp-json\/wp\/v2\/product\/14682","targetHints":{"allow":["GET"]}}],"collection":[{"href":"https:\/\/truusk.store\/sv\/wp-json\/wp\/v2\/product"}],"about":[{"href":"https:\/\/truusk.store\/sv\/wp-json\/wp\/v2\/types\/product"}],"wp:featuredmedia":[{"embeddable":true,"href":"https:\/\/truusk.store\/sv\/wp-json\/wp\/v2\/media\/14683"}],"wp:attachment":[{"href":"https:\/\/truusk.store\/sv\/wp-json\/wp\/v2\/media?parent=14682"}],"wp:term":[{"taxonomy":"product_brand","embeddable":true,"href":"https:\/\/truusk.store\/sv\/wp-json\/wp\/v2\/product_brand?post=14682"},{"taxonomy":"product_cat","embeddable":true,"href":"https:\/\/truusk.store\/sv\/wp-json\/wp\/v2\/product_cat?post=14682"},{"taxonomy":"product_tag","embeddable":true,"href":"https:\/\/truusk.store\/sv\/wp-json\/wp\/v2\/product_tag?post=14682"}],"curies":[{"name":"wp","href":"https:\/\/api.w.org\/{rel}","templated":true}]}}