{"id":14752,"date":"2024-02-13T12:15:14","date_gmt":"2024-02-13T11:15:14","guid":{"rendered":"https:\/\/truusk.store\/product\/upphojd-badd-plantera-ortbadd-plantera-samsk-rabatt-blomsterlada-gran-100x385x40-cm\/"},"modified":"2026-03-12T08:59:23","modified_gmt":"2026-03-12T07:59:23","slug":"truusk-upphojd-planteringsbadd-for-orter-och-blommor-gran-100x385x40-cm","status":"publish","type":"product","link":"https:\/\/truusk.store\/sv\/produkt\/truusk-upphojd-planteringsbadd-for-orter-och-blommor-gran-100x385x40-cm\/","title":{"rendered":"TRUUSK Upph\u00f6jd Planteringsb\u00e4dd &#8211; F\u00f6r \u00f6rter och blommor &#8211; Gran &#8211; 100&#215;38,5&#215;40 cm"},"content":{"rendered":"<p>I denna upph\u00f6jda b\u00e4dd hittar dina \u00f6rter, gr\u00f6nsaker och blommor gott om plats att v\u00e4xa och frodas. V\u00e4xtl\u00e5dan \u00e4r gjord av robust, naturligt grantr\u00e4 och erbjuder h\u00f6g stabilitet och skydd f\u00f6r dina favoritv\u00e4xter. Oavsett om det g\u00e4ller din tr\u00e4dg\u00e5rd, balkong eller terrass &#8211; denna upph\u00f6jda s\u00e4ng kan placeras p\u00e5 m\u00e5nga st\u00e4llen och fr\u00e4schar upp din atmosf\u00e4r med harmonisk, livlig gr\u00f6nska.<\/p>\n<h3>Beskrivning:<\/h3>\n<ul>\n<li>Upph\u00f6jd b\u00e4dd f\u00f6r \u00f6rter, gr\u00f6nsaker, blommor och mycket mer. m.<\/li>\n<li>Kan anv\u00e4ndas p\u00e5 m\u00e5nga st\u00e4llen: tr\u00e4dg\u00e5rd, terrass, balkong eller inomhus<\/li>\n<li>Helt och h\u00e5llet gjord av robust, fulnisbest\u00e4ndig gran<\/li>\n<li>4 tr\u00e4stativ s\u00e4kerst\u00e4ller ett stadigt och stabilt stativ<\/li>\n<li>Ger tillr\u00e4ckligt med utrymme f\u00f6r sund tillv\u00e4xt av v\u00e4xter<\/li>\n<li>Enkel konstruktion<\/li>\n<\/ul>\n<h3>Teknisk data:<\/h3>\n<ul>\n<li>Material: gran<\/li>\n<li>F\u00e4rg: Naturlig<\/li>\n<li>\u00d6vergripande m\u00e5tt: L100 x B38,5 x H40cm<\/li>\n<li>Golvm\u00e5tt: L95,5 x B30cm<\/li>\n<li>Max lastkapacitet: 45kg<\/li>\n<\/ul>\n<h3>Leveransens omfattning:<\/h3>\n<ul>\n<li>1 x upph\u00f6jd s\u00e4ng<\/li>\n<li>1 x Instruktioner<\/li>\n<\/ul>\n","protected":false},"excerpt":{"rendered":"<p>I denna upph\u00f6jda b\u00e4dd hittar dina \u00f6rter, gr\u00f6nsaker och blommor gott om plats att v\u00e4xa och frodas. V\u00e4xtl\u00e5dan \u00e4r gjord&#8230;<\/p>\n","protected":false},"featured_media":14753,"template":"","meta":[],"product_brand":[],"product_cat":[447,435,443],"product_tag":[],"class_list":{"0":"post-14752","1":"product","2":"type-product","3":"status-publish","4":"has-post-thumbnail","6":"product_cat-planteringsmaskiner","7":"product_cat-tradgard-och-terrass","8":"product_cat-vaxthus-tradgardsskotsel","10":"first","11":"instock","12":"sale","13":"taxable","14":"shipping-taxable","15":"purchasable","16":"product-type-simple"},"yoast_head":"<!-- This site is optimized with the Yoast SEO plugin v25.4 - https:\/\/yoast.com\/wordpress\/plugins\/seo\/ -->\n<title>TRUUSK Upph\u00f6jd Planteringsb\u00e4dd - F\u00f6r \u00f6rter och blommor - Gran - 100x38,5x40 cm - TRUUSK - Hem, Tr\u00e4dg\u00e5rd &amp; Fritid<\/title>\n<meta name=\"robots\" content=\"index, follow, max-snippet:-1, max-image-preview:large, max-video-preview:-1\" \/>\n<link rel=\"canonical\" href=\"https:\/\/truusk.store\/sv\/produkt\/truusk-upphojd-planteringsbadd-for-orter-och-blommor-gran-100x385x40-cm\/\" \/>\n<meta property=\"og:locale\" content=\"sv_SE\" \/>\n<meta property=\"og:type\" content=\"article\" \/>\n<meta property=\"og:title\" content=\"TRUUSK Upph\u00f6jd Planteringsb\u00e4dd - F\u00f6r \u00f6rter och blommor - Gran - 100x38,5x40 cm - TRUUSK - Hem, Tr\u00e4dg\u00e5rd &amp; Fritid\" \/>\n<meta property=\"og:description\" content=\"I denna upph\u00f6jda b\u00e4dd hittar dina \u00f6rter, gr\u00f6nsaker och blommor gott om plats att v\u00e4xa och frodas. V\u00e4xtl\u00e5dan \u00e4r gjord...\" \/>\n<meta property=\"og:url\" content=\"https:\/\/truusk.store\/sv\/produkt\/truusk-upphojd-planteringsbadd-for-orter-och-blommor-gran-100x385x40-cm\/\" \/>\n<meta property=\"og:site_name\" content=\"TRUUSK - Hem, Tr\u00e4dg\u00e5rd &amp; Fritid\" \/>\n<meta property=\"article:modified_time\" content=\"2026-03-12T07:59:23+00:00\" \/>\n<meta property=\"og:image\" content=\"https:\/\/i0.wp.com\/truusk.se\/wp-content\/uploads\/2024\/02\/upphojd-badd-plantera-ortbadd-plantera-samsk-rabatt-blomsterlada-gran-100x385x40-cm.webp?fit=800%2C800&ssl=1\" \/>\n\t<meta property=\"og:image:width\" content=\"800\" \/>\n\t<meta property=\"og:image:height\" content=\"800\" \/>\n\t<meta property=\"og:image:type\" content=\"image\/webp\" \/>\n<meta name=\"twitter:card\" content=\"summary_large_image\" \/>\n<meta name=\"twitter:label1\" content=\"Ber\u00e4knad l\u00e4stid\" \/>\n\t<meta name=\"twitter:data1\" content=\"1 minut\" \/>\n<!-- \/ Yoast SEO plugin. -->","yoast_head_json":{"title":"TRUUSK Upph\u00f6jd Planteringsb\u00e4dd - F\u00f6r \u00f6rter och blommor - Gran - 100x38,5x40 cm - TRUUSK - Hem, Tr\u00e4dg\u00e5rd &amp; Fritid","robots":{"index":"index","follow":"follow","max-snippet":"max-snippet:-1","max-image-preview":"max-image-preview:large","max-video-preview":"max-video-preview:-1"},"canonical":"https:\/\/truusk.store\/sv\/produkt\/truusk-upphojd-planteringsbadd-for-orter-och-blommor-gran-100x385x40-cm\/","og_locale":"sv_SE","og_type":"article","og_title":"TRUUSK Upph\u00f6jd Planteringsb\u00e4dd - F\u00f6r \u00f6rter och blommor - Gran - 100x38,5x40 cm - TRUUSK - Hem, Tr\u00e4dg\u00e5rd &amp; Fritid","og_description":"I denna upph\u00f6jda b\u00e4dd hittar dina \u00f6rter, gr\u00f6nsaker och blommor gott om plats att v\u00e4xa och frodas. V\u00e4xtl\u00e5dan \u00e4r gjord...","og_url":"https:\/\/truusk.store\/sv\/produkt\/truusk-upphojd-planteringsbadd-for-orter-och-blommor-gran-100x385x40-cm\/","og_site_name":"TRUUSK - Hem, Tr\u00e4dg\u00e5rd &amp; Fritid","article_modified_time":"2026-03-12T07:59:23+00:00","og_image":[{"width":800,"height":800,"url":"https:\/\/i0.wp.com\/truusk.se\/wp-content\/uploads\/2024\/02\/upphojd-badd-plantera-ortbadd-plantera-samsk-rabatt-blomsterlada-gran-100x385x40-cm.webp?fit=800%2C800&ssl=1","type":"image\/webp"}],"twitter_card":"summary_large_image","twitter_misc":{"Ber\u00e4knad l\u00e4stid":"1 minut"},"schema":{"@context":"https:\/\/schema.org","@graph":[{"@type":"WebPage","@id":"https:\/\/truusk.store\/sv\/produkt\/truusk-upphojd-planteringsbadd-for-orter-och-blommor-gran-100x385x40-cm\/","url":"https:\/\/truusk.store\/sv\/produkt\/truusk-upphojd-planteringsbadd-for-orter-och-blommor-gran-100x385x40-cm\/","name":"TRUUSK Upph\u00f6jd Planteringsb\u00e4dd - F\u00f6r \u00f6rter och blommor - Gran - 100x38,5x40 cm - TRUUSK - Hem, Tr\u00e4dg\u00e5rd &amp; Fritid","isPartOf":{"@id":"https:\/\/truusk.store\/sv\/#website"},"primaryImageOfPage":{"@id":"https:\/\/truusk.store\/sv\/produkt\/truusk-upphojd-planteringsbadd-for-orter-och-blommor-gran-100x385x40-cm\/#primaryimage"},"image":{"@id":"https:\/\/truusk.store\/sv\/produkt\/truusk-upphojd-planteringsbadd-for-orter-och-blommor-gran-100x385x40-cm\/#primaryimage"},"thumbnailUrl":"https:\/\/i0.wp.com\/truusk.store\/wp-content\/uploads\/2024\/02\/upphojd-badd-plantera-ortbadd-plantera-samsk-rabatt-blomsterlada-gran-100x385x40-cm.webp?fit=800%2C800&ssl=1","datePublished":"2024-02-13T11:15:14+00:00","dateModified":"2026-03-12T07:59:23+00:00","breadcrumb":{"@id":"https:\/\/truusk.store\/sv\/produkt\/truusk-upphojd-planteringsbadd-for-orter-och-blommor-gran-100x385x40-cm\/#breadcrumb"},"inLanguage":"sv-SE","potentialAction":[{"@type":"ReadAction","target":["https:\/\/truusk.store\/sv\/produkt\/truusk-upphojd-planteringsbadd-for-orter-och-blommor-gran-100x385x40-cm\/"]}]},{"@type":"ImageObject","inLanguage":"sv-SE","@id":"https:\/\/truusk.store\/sv\/produkt\/truusk-upphojd-planteringsbadd-for-orter-och-blommor-gran-100x385x40-cm\/#primaryimage","url":"https:\/\/i0.wp.com\/truusk.store\/wp-content\/uploads\/2024\/02\/upphojd-badd-plantera-ortbadd-plantera-samsk-rabatt-blomsterlada-gran-100x385x40-cm.webp?fit=800%2C800&ssl=1","contentUrl":"https:\/\/i0.wp.com\/truusk.store\/wp-content\/uploads\/2024\/02\/upphojd-badd-plantera-ortbadd-plantera-samsk-rabatt-blomsterlada-gran-100x385x40-cm.webp?fit=800%2C800&ssl=1","width":800,"height":800,"caption":"Upph\u00f6jd B\u00e4dd Plantera \u00f6rtb\u00e4dd Plantera S\u00e4msk Rabatt Blomsterl\u00e5da, Gran 100x38,5x40 Cm 1"},{"@type":"BreadcrumbList","@id":"https:\/\/truusk.store\/sv\/produkt\/truusk-upphojd-planteringsbadd-for-orter-och-blommor-gran-100x385x40-cm\/#breadcrumb","itemListElement":[{"@type":"ListItem","position":1,"name":"Home","item":"https:\/\/truusk.store\/sv\/"},{"@type":"ListItem","position":2,"name":"Shop","item":"https:\/\/truusk.store\/shop\/"},{"@type":"ListItem","position":3,"name":"TRUUSK Upph\u00f6jd Planteringsb\u00e4dd &#8211; F\u00f6r \u00f6rter och blommor &#8211; Gran &#8211; 100&#215;38,5&#215;40 cm"}]},{"@type":"WebSite","@id":"https:\/\/truusk.store\/sv\/#website","url":"https:\/\/truusk.store\/sv\/","name":"TRUUSK - Hem, Tr\u00e4dg\u00e5rd & Fritid","description":"","publisher":{"@id":"https:\/\/truusk.store\/sv\/#organization"},"potentialAction":[{"@type":"SearchAction","target":{"@type":"EntryPoint","urlTemplate":"https:\/\/truusk.store\/sv\/?s={search_term_string}"},"query-input":{"@type":"PropertyValueSpecification","valueRequired":true,"valueName":"search_term_string"}}],"inLanguage":"sv-SE"},{"@type":"Organization","@id":"https:\/\/truusk.store\/sv\/#organization","name":"TRUUSK - Hem, Tr\u00e4dg\u00e5rd & Fritid","url":"https:\/\/truusk.store\/sv\/","logo":{"@type":"ImageObject","inLanguage":"sv-SE","@id":"https:\/\/truusk.store\/sv\/#\/schema\/logo\/image\/","url":"https:\/\/i0.wp.com\/truusk.store\/wp-content\/uploads\/2026\/03\/cropped-TRUUSK.png?fit=2032%2C917&ssl=1","contentUrl":"https:\/\/i0.wp.com\/truusk.store\/wp-content\/uploads\/2026\/03\/cropped-TRUUSK.png?fit=2032%2C917&ssl=1","width":2032,"height":917,"caption":"TRUUSK - Hem, Tr\u00e4dg\u00e5rd & Fritid"},"image":{"@id":"https:\/\/truusk.store\/sv\/#\/schema\/logo\/image\/"}}]}},"jetpack_sharing_enabled":true,"_links":{"self":[{"href":"https:\/\/truusk.store\/sv\/wp-json\/wp\/v2\/product\/14752","targetHints":{"allow":["GET"]}}],"collection":[{"href":"https:\/\/truusk.store\/sv\/wp-json\/wp\/v2\/product"}],"about":[{"href":"https:\/\/truusk.store\/sv\/wp-json\/wp\/v2\/types\/product"}],"wp:featuredmedia":[{"embeddable":true,"href":"https:\/\/truusk.store\/sv\/wp-json\/wp\/v2\/media\/14753"}],"wp:attachment":[{"href":"https:\/\/truusk.store\/sv\/wp-json\/wp\/v2\/media?parent=14752"}],"wp:term":[{"taxonomy":"product_brand","embeddable":true,"href":"https:\/\/truusk.store\/sv\/wp-json\/wp\/v2\/product_brand?post=14752"},{"taxonomy":"product_cat","embeddable":true,"href":"https:\/\/truusk.store\/sv\/wp-json\/wp\/v2\/product_cat?post=14752"},{"taxonomy":"product_tag","embeddable":true,"href":"https:\/\/truusk.store\/sv\/wp-json\/wp\/v2\/product_tag?post=14752"}],"curies":[{"name":"wp","href":"https:\/\/api.w.org\/{rel}","templated":true}]}}