{"id":14775,"date":"2024-02-13T12:15:51","date_gmt":"2024-02-13T11:15:51","guid":{"rendered":"https:\/\/truusk.store\/product\/tradgardsmobelset-i-rotting-med-sidobord-bistroset-3-delat-balkongmobelset-rotting-tradgardsset-sittset-med-sittdyna-polyrotting-stalgra-60-x-585-x-895-cm\/"},"modified":"2026-03-12T08:59:23","modified_gmt":"2026-03-12T07:59:23","slug":"truusk-tradgardsmobelset-i-rotting-sidobord-3-delat-bistroset-balkongmobelset-sittset-sittdyna-polyrotting-stalgra","status":"publish","type":"product","link":"https:\/\/truusk.store\/sv\/produkt\/truusk-tradgardsmobelset-i-rotting-sidobord-3-delat-bistroset-balkongmobelset-sittset-sittdyna-polyrotting-stalgra\/","title":{"rendered":"TRUUSK Tr\u00e4dg\u00e5rdsm\u00f6belset i Rotting &#8211; Sidobord &#8211; 3-delat Bistroset &#8211; Balkongm\u00f6belset &#8211; Sittset &#8211; Sittdyna &#8211; Polyrotting + St\u00e5lgr\u00e5"},"content":{"rendered":"<p>Med detta balkongm\u00f6belset f\u00f6r tv\u00e5 personer kan du ge stil och komfort till din uteplats och balkong. Balkongsetet i rottingm\u00f6bler i rottinglook best\u00e5r av tv\u00e5 stolar och ett bord med h\u00e4rdat glasskiva. I leveransen ing\u00e5r \u00e4ven tv\u00e5 tjocka vadderade kuddar med tv\u00e4ttbara \u00f6verdrag. Med balkongm\u00f6blerna kan du g\u00f6ra dig riktigt bekv\u00e4m med en kaffe eller vin.<\/p>\n<h3>Beskrivning:<\/h3>\n<ul>\n<li>3-delad sittgrupp med tv\u00e5 stolar och ett bord f\u00f6r inomhus och utomhus<\/li>\n<li>Robust metallram med rosts\u00e4kra aluminiumramar<\/li>\n<li>V\u00e4derbest\u00e4ndig plast med rottinglook<\/li>\n<li>L\u00e4tt att reng\u00f6ra och underh\u00e5lla<\/li>\n<li>Med 2 bekv\u00e4ma sittdynor<\/li>\n<li>Tv\u00e4ttbara \u00f6rngott med dragkedja<\/li>\n<li>Bordsskiva i h\u00e4rdat glas<\/li>\n<li>Enkel konstruktion<\/li>\n<\/ul>\n<h3>Teknisk data:<\/h3>\n<ul>\n<li>Material: metall, PE-rotting, polyester, skum, h\u00e4rdat glas<\/li>\n<li>Stolstorlek: B60 x D58,5 x H89,5 cm<\/li>\n<li>Bordsstorlek: B48 x D48 x H60 cm<\/li>\n<li>Maximal lastkapacitet: 160 kg (stolar), 50 kg (bord)<\/li>\n<li>F\u00e4rg gr\u00e5<\/li>\n<\/ul>\n<h3>Leveransens omfattning:<\/h3>\n<ul>\n<li>2 x Rottingstolar<\/li>\n<li>2 x sittdynor<\/li>\n<li>1 x Soffbord<\/li>\n<\/ul>\n","protected":false},"excerpt":{"rendered":"<p>Med detta balkongm\u00f6belset f\u00f6r tv\u00e5 personer kan du ge stil och komfort till din uteplats och balkong. Balkongsetet i rottingm\u00f6bler&#8230;<\/p>\n","protected":false},"featured_media":14776,"template":"","meta":[],"product_brand":[],"product_cat":[435,450,455],"product_tag":[],"class_list":{"0":"post-14775","1":"product","2":"type-product","3":"status-publish","4":"has-post-thumbnail","6":"product_cat-tradgard-och-terrass","7":"product_cat-tradgardsmobler","8":"product_cat-tradgardsmobler-i-polyrattan","10":"first","11":"instock","12":"sale","13":"taxable","14":"shipping-taxable","15":"purchasable","16":"product-type-simple"},"yoast_head":"<!-- This site is optimized with the Yoast SEO plugin v25.4 - https:\/\/yoast.com\/wordpress\/plugins\/seo\/ -->\n<title>TRUUSK Tr\u00e4dg\u00e5rdsm\u00f6belset i Rotting - Sidobord - 3-delat Bistroset - Balkongm\u00f6belset - Sittset - Sittdyna - Polyrotting + St\u00e5lgr\u00e5 - TRUUSK - Hem, Tr\u00e4dg\u00e5rd &amp; Fritid<\/title>\n<meta name=\"robots\" content=\"index, follow, max-snippet:-1, max-image-preview:large, max-video-preview:-1\" \/>\n<link rel=\"canonical\" href=\"https:\/\/truusk.store\/sv\/produkt\/truusk-tradgardsmobelset-i-rotting-sidobord-3-delat-bistroset-balkongmobelset-sittset-sittdyna-polyrotting-stalgra\/\" \/>\n<meta property=\"og:locale\" content=\"sv_SE\" \/>\n<meta property=\"og:type\" content=\"article\" \/>\n<meta property=\"og:title\" content=\"TRUUSK Tr\u00e4dg\u00e5rdsm\u00f6belset i Rotting - Sidobord - 3-delat Bistroset - Balkongm\u00f6belset - Sittset - Sittdyna - Polyrotting + St\u00e5lgr\u00e5 - TRUUSK - Hem, Tr\u00e4dg\u00e5rd &amp; Fritid\" \/>\n<meta property=\"og:description\" content=\"Med detta balkongm\u00f6belset f\u00f6r tv\u00e5 personer kan du ge stil och komfort till din uteplats och balkong. Balkongsetet i rottingm\u00f6bler...\" \/>\n<meta property=\"og:url\" content=\"https:\/\/truusk.store\/sv\/produkt\/truusk-tradgardsmobelset-i-rotting-sidobord-3-delat-bistroset-balkongmobelset-sittset-sittdyna-polyrotting-stalgra\/\" \/>\n<meta property=\"og:site_name\" content=\"TRUUSK - Hem, Tr\u00e4dg\u00e5rd &amp; Fritid\" \/>\n<meta property=\"article:modified_time\" content=\"2026-03-12T07:59:23+00:00\" \/>\n<meta property=\"og:image\" content=\"https:\/\/i0.wp.com\/truusk.se\/wp-content\/uploads\/2024\/02\/tradgardsmobelset-i-rotting-med-sidobord-bistroset-3-delat-balkongmobelset-rotting-tradgardsset-sittset-med-sittdyna-polyrotting-stalgra-60-x-585-x-895-cm.webp?fit=800%2C800&ssl=1\" \/>\n\t<meta property=\"og:image:width\" content=\"800\" \/>\n\t<meta property=\"og:image:height\" content=\"800\" \/>\n\t<meta property=\"og:image:type\" content=\"image\/webp\" \/>\n<meta name=\"twitter:card\" content=\"summary_large_image\" \/>\n<meta name=\"twitter:label1\" content=\"Ber\u00e4knad l\u00e4stid\" \/>\n\t<meta name=\"twitter:data1\" content=\"1 minut\" \/>\n<!-- \/ Yoast SEO plugin. -->","yoast_head_json":{"title":"TRUUSK Tr\u00e4dg\u00e5rdsm\u00f6belset i Rotting - Sidobord - 3-delat Bistroset - Balkongm\u00f6belset - Sittset - Sittdyna - Polyrotting + St\u00e5lgr\u00e5 - TRUUSK - Hem, Tr\u00e4dg\u00e5rd &amp; Fritid","robots":{"index":"index","follow":"follow","max-snippet":"max-snippet:-1","max-image-preview":"max-image-preview:large","max-video-preview":"max-video-preview:-1"},"canonical":"https:\/\/truusk.store\/sv\/produkt\/truusk-tradgardsmobelset-i-rotting-sidobord-3-delat-bistroset-balkongmobelset-sittset-sittdyna-polyrotting-stalgra\/","og_locale":"sv_SE","og_type":"article","og_title":"TRUUSK Tr\u00e4dg\u00e5rdsm\u00f6belset i Rotting - Sidobord - 3-delat Bistroset - Balkongm\u00f6belset - Sittset - Sittdyna - Polyrotting + St\u00e5lgr\u00e5 - TRUUSK - Hem, Tr\u00e4dg\u00e5rd &amp; Fritid","og_description":"Med detta balkongm\u00f6belset f\u00f6r tv\u00e5 personer kan du ge stil och komfort till din uteplats och balkong. Balkongsetet i rottingm\u00f6bler...","og_url":"https:\/\/truusk.store\/sv\/produkt\/truusk-tradgardsmobelset-i-rotting-sidobord-3-delat-bistroset-balkongmobelset-sittset-sittdyna-polyrotting-stalgra\/","og_site_name":"TRUUSK - Hem, Tr\u00e4dg\u00e5rd &amp; Fritid","article_modified_time":"2026-03-12T07:59:23+00:00","og_image":[{"width":800,"height":800,"url":"https:\/\/i0.wp.com\/truusk.se\/wp-content\/uploads\/2024\/02\/tradgardsmobelset-i-rotting-med-sidobord-bistroset-3-delat-balkongmobelset-rotting-tradgardsset-sittset-med-sittdyna-polyrotting-stalgra-60-x-585-x-895-cm.webp?fit=800%2C800&ssl=1","type":"image\/webp"}],"twitter_card":"summary_large_image","twitter_misc":{"Ber\u00e4knad l\u00e4stid":"1 minut"},"schema":{"@context":"https:\/\/schema.org","@graph":[{"@type":"WebPage","@id":"https:\/\/truusk.store\/sv\/produkt\/truusk-tradgardsmobelset-i-rotting-sidobord-3-delat-bistroset-balkongmobelset-sittset-sittdyna-polyrotting-stalgra\/","url":"https:\/\/truusk.store\/sv\/produkt\/truusk-tradgardsmobelset-i-rotting-sidobord-3-delat-bistroset-balkongmobelset-sittset-sittdyna-polyrotting-stalgra\/","name":"TRUUSK Tr\u00e4dg\u00e5rdsm\u00f6belset i Rotting - Sidobord - 3-delat Bistroset - Balkongm\u00f6belset - Sittset - Sittdyna - Polyrotting + St\u00e5lgr\u00e5 - TRUUSK - Hem, Tr\u00e4dg\u00e5rd &amp; Fritid","isPartOf":{"@id":"https:\/\/truusk.store\/sv\/#website"},"primaryImageOfPage":{"@id":"https:\/\/truusk.store\/sv\/produkt\/truusk-tradgardsmobelset-i-rotting-sidobord-3-delat-bistroset-balkongmobelset-sittset-sittdyna-polyrotting-stalgra\/#primaryimage"},"image":{"@id":"https:\/\/truusk.store\/sv\/produkt\/truusk-tradgardsmobelset-i-rotting-sidobord-3-delat-bistroset-balkongmobelset-sittset-sittdyna-polyrotting-stalgra\/#primaryimage"},"thumbnailUrl":"https:\/\/i0.wp.com\/truusk.store\/wp-content\/uploads\/2024\/02\/tradgardsmobelset-i-rotting-med-sidobord-bistroset-3-delat-balkongmobelset-rotting-tradgardsset-sittset-med-sittdyna-polyrotting-stalgra-60-x-585-x-895-cm.webp?fit=800%2C800&ssl=1","datePublished":"2024-02-13T11:15:51+00:00","dateModified":"2026-03-12T07:59:23+00:00","breadcrumb":{"@id":"https:\/\/truusk.store\/sv\/produkt\/truusk-tradgardsmobelset-i-rotting-sidobord-3-delat-bistroset-balkongmobelset-sittset-sittdyna-polyrotting-stalgra\/#breadcrumb"},"inLanguage":"sv-SE","potentialAction":[{"@type":"ReadAction","target":["https:\/\/truusk.store\/sv\/produkt\/truusk-tradgardsmobelset-i-rotting-sidobord-3-delat-bistroset-balkongmobelset-sittset-sittdyna-polyrotting-stalgra\/"]}]},{"@type":"ImageObject","inLanguage":"sv-SE","@id":"https:\/\/truusk.store\/sv\/produkt\/truusk-tradgardsmobelset-i-rotting-sidobord-3-delat-bistroset-balkongmobelset-sittset-sittdyna-polyrotting-stalgra\/#primaryimage","url":"https:\/\/i0.wp.com\/truusk.store\/wp-content\/uploads\/2024\/02\/tradgardsmobelset-i-rotting-med-sidobord-bistroset-3-delat-balkongmobelset-rotting-tradgardsset-sittset-med-sittdyna-polyrotting-stalgra-60-x-585-x-895-cm.webp?fit=800%2C800&ssl=1","contentUrl":"https:\/\/i0.wp.com\/truusk.store\/wp-content\/uploads\/2024\/02\/tradgardsmobelset-i-rotting-med-sidobord-bistroset-3-delat-balkongmobelset-rotting-tradgardsset-sittset-med-sittdyna-polyrotting-stalgra-60-x-585-x-895-cm.webp?fit=800%2C800&ssl=1","width":800,"height":800,"caption":"Tr\u00e4dg\u00e5rdsm\u00f6belset I Rotting Med Sidobord Bistroset 3-delat. Balkongm\u00f6belset Rotting Tr\u00e4dg\u00e5rdsset Sittset Med Sittdyna Polyrotting + St\u00e5lgr\u00e5 60 X 58,5 X 89,5 Cm 1"},{"@type":"BreadcrumbList","@id":"https:\/\/truusk.store\/sv\/produkt\/truusk-tradgardsmobelset-i-rotting-sidobord-3-delat-bistroset-balkongmobelset-sittset-sittdyna-polyrotting-stalgra\/#breadcrumb","itemListElement":[{"@type":"ListItem","position":1,"name":"Home","item":"https:\/\/truusk.store\/sv\/"},{"@type":"ListItem","position":2,"name":"Shop","item":"https:\/\/truusk.store\/shop\/"},{"@type":"ListItem","position":3,"name":"TRUUSK Tr\u00e4dg\u00e5rdsm\u00f6belset i Rotting &#8211; Sidobord &#8211; 3-delat Bistroset &#8211; Balkongm\u00f6belset &#8211; Sittset &#8211; Sittdyna &#8211; Polyrotting + St\u00e5lgr\u00e5"}]},{"@type":"WebSite","@id":"https:\/\/truusk.store\/sv\/#website","url":"https:\/\/truusk.store\/sv\/","name":"TRUUSK - Hem, Tr\u00e4dg\u00e5rd & Fritid","description":"","publisher":{"@id":"https:\/\/truusk.store\/sv\/#organization"},"potentialAction":[{"@type":"SearchAction","target":{"@type":"EntryPoint","urlTemplate":"https:\/\/truusk.store\/sv\/?s={search_term_string}"},"query-input":{"@type":"PropertyValueSpecification","valueRequired":true,"valueName":"search_term_string"}}],"inLanguage":"sv-SE"},{"@type":"Organization","@id":"https:\/\/truusk.store\/sv\/#organization","name":"TRUUSK - Hem, Tr\u00e4dg\u00e5rd & Fritid","url":"https:\/\/truusk.store\/sv\/","logo":{"@type":"ImageObject","inLanguage":"sv-SE","@id":"https:\/\/truusk.store\/sv\/#\/schema\/logo\/image\/","url":"https:\/\/i0.wp.com\/truusk.store\/wp-content\/uploads\/2026\/03\/cropped-TRUUSK.png?fit=2032%2C917&ssl=1","contentUrl":"https:\/\/i0.wp.com\/truusk.store\/wp-content\/uploads\/2026\/03\/cropped-TRUUSK.png?fit=2032%2C917&ssl=1","width":2032,"height":917,"caption":"TRUUSK - Hem, Tr\u00e4dg\u00e5rd & Fritid"},"image":{"@id":"https:\/\/truusk.store\/sv\/#\/schema\/logo\/image\/"}}]}},"jetpack_sharing_enabled":true,"_links":{"self":[{"href":"https:\/\/truusk.store\/sv\/wp-json\/wp\/v2\/product\/14775","targetHints":{"allow":["GET"]}}],"collection":[{"href":"https:\/\/truusk.store\/sv\/wp-json\/wp\/v2\/product"}],"about":[{"href":"https:\/\/truusk.store\/sv\/wp-json\/wp\/v2\/types\/product"}],"wp:featuredmedia":[{"embeddable":true,"href":"https:\/\/truusk.store\/sv\/wp-json\/wp\/v2\/media\/14776"}],"wp:attachment":[{"href":"https:\/\/truusk.store\/sv\/wp-json\/wp\/v2\/media?parent=14775"}],"wp:term":[{"taxonomy":"product_brand","embeddable":true,"href":"https:\/\/truusk.store\/sv\/wp-json\/wp\/v2\/product_brand?post=14775"},{"taxonomy":"product_cat","embeddable":true,"href":"https:\/\/truusk.store\/sv\/wp-json\/wp\/v2\/product_cat?post=14775"},{"taxonomy":"product_tag","embeddable":true,"href":"https:\/\/truusk.store\/sv\/wp-json\/wp\/v2\/product_tag?post=14775"}],"curies":[{"name":"wp","href":"https:\/\/api.w.org\/{rel}","templated":true}]}}