{"id":14787,"date":"2024-02-13T12:16:08","date_gmt":"2024-02-13T11:16:08","guid":{"rendered":"https:\/\/truusk.store\/product\/set-med-2-barstolar-med-fotstod-barstol-med-ryggstod-bistropall-matsalsstol-bankpall-konstlader-brun-52-x-53-x-101-cm\/"},"modified":"2026-03-12T08:59:24","modified_gmt":"2026-03-12T07:59:24","slug":"truusk-2-pack-barstolar-med-fotstod-och-ryggstod-konstlader-brun-52x53x101-cm","status":"publish","type":"product","link":"https:\/\/truusk.store\/sv\/produkt\/truusk-2-pack-barstolar-med-fotstod-och-ryggstod-konstlader-brun-52x53x101-cm\/","title":{"rendered":"TRUUSK 2-Pack Barstolar med Fotst\u00f6d och Ryggst\u00f6d &#8211; Konstl\u00e4der &#8211; Brun &#8211; 52x53x101 cm"},"content":{"rendered":"<p>Fantastisk retrolook f\u00f6r vardagsrummet eller festlokalen: dessa eleganta barstolar med liten rygg kommer till dig i ett set om 2. Det bruna konstl\u00e4dret, de rustika nitarna och guldf\u00e4rgade f\u00f6tterna g\u00f6r barstolen till en riktig m\u00f6bel i retrostil med en lyxig k\u00e4nsla. Tack vare den mjuka stoppningen och bekv\u00e4ma fotst\u00f6den kan du njuta av en drink eller tv\u00e5 i komfort och stil.<\/p>\n<h3>Beskrivning:<\/h3>\n<ul>\n<li>2 barstolar i vintagestil, l\u00e4mpliga f\u00f6r hem och catering<\/li>\n<li>Kl\u00e4dd med konstl\u00e4der, robust och l\u00e4tt att reng\u00f6ra<\/li>\n<li>Med rustika nitar<\/li>\n<li>Mjuk stoppning<\/li>\n<li>Ryggst\u00f6d f\u00f6r mer komfort<\/li>\n<\/ul>\n<h3>Teknisk data:<\/h3>\n<ul>\n<li>Material: tr\u00e4, metall, PU, \u200b\u200bskum<\/li>\n<li>\u00d6vergripande m\u00e5tt: B52 x D53 x H101 cm<\/li>\n<li>Sitsm\u00e5tt: B46 x D40 cm<\/li>\n<li>Sitth\u00f6jd: 71 cm<\/li>\n<li>Ryggst\u00f6dets h\u00f6jd: 33 cm<\/li>\n<li>Max lastkapacitet: 120 kg<\/li>\n<li>F\u00e4rg brun<\/li>\n<\/ul>\n<h3>Leveransens omfattning:<\/h3>\n<ul>\n<li>1 x Barstol Set<\/li>\n<li>1 x Monteringsanvisning<\/li>\n<\/ul>\n","protected":false},"excerpt":{"rendered":"<p>Fantastisk retrolook f\u00f6r vardagsrummet eller festlokalen: dessa eleganta barstolar med liten rygg kommer till dig i ett set om 2&#8230;.<\/p>\n","protected":false},"featured_media":14788,"template":"","meta":[],"product_brand":[],"product_cat":[544,485,542],"product_tag":[],"class_list":{"0":"post-14787","1":"product","2":"type-product","3":"status-publish","4":"has-post-thumbnail","6":"product_cat-barstol","7":"product_cat-hus-bo","8":"product_cat-pall","10":"first","11":"instock","12":"sale","13":"taxable","14":"shipping-taxable","15":"purchasable","16":"product-type-simple"},"yoast_head":"<!-- This site is optimized with the Yoast SEO plugin v25.4 - https:\/\/yoast.com\/wordpress\/plugins\/seo\/ -->\n<title>TRUUSK 2-Pack Barstolar med Fotst\u00f6d och Ryggst\u00f6d - Konstl\u00e4der - Brun - 52x53x101 cm - TRUUSK - Hem, Tr\u00e4dg\u00e5rd &amp; Fritid<\/title>\n<meta name=\"robots\" content=\"index, follow, max-snippet:-1, max-image-preview:large, max-video-preview:-1\" \/>\n<link rel=\"canonical\" href=\"https:\/\/truusk.store\/sv\/produkt\/truusk-2-pack-barstolar-med-fotstod-och-ryggstod-konstlader-brun-52x53x101-cm\/\" \/>\n<meta property=\"og:locale\" content=\"sv_SE\" \/>\n<meta property=\"og:type\" content=\"article\" \/>\n<meta property=\"og:title\" content=\"TRUUSK 2-Pack Barstolar med Fotst\u00f6d och Ryggst\u00f6d - Konstl\u00e4der - Brun - 52x53x101 cm - TRUUSK - Hem, Tr\u00e4dg\u00e5rd &amp; Fritid\" \/>\n<meta property=\"og:description\" content=\"Fantastisk retrolook f\u00f6r vardagsrummet eller festlokalen: dessa eleganta barstolar med liten rygg kommer till dig i ett set om 2....\" \/>\n<meta property=\"og:url\" content=\"https:\/\/truusk.store\/sv\/produkt\/truusk-2-pack-barstolar-med-fotstod-och-ryggstod-konstlader-brun-52x53x101-cm\/\" \/>\n<meta property=\"og:site_name\" content=\"TRUUSK - Hem, Tr\u00e4dg\u00e5rd &amp; Fritid\" \/>\n<meta property=\"article:modified_time\" content=\"2026-03-12T07:59:24+00:00\" \/>\n<meta property=\"og:image\" content=\"https:\/\/i0.wp.com\/truusk.se\/wp-content\/uploads\/2024\/02\/set-med-2-barstolar-med-fotstod-barstol-med-ryggstod-bistropall-matsalsstol-bankpall-konstlader-brun-52-x-53-x-101-cm.webp?fit=800%2C800&ssl=1\" \/>\n\t<meta property=\"og:image:width\" content=\"800\" \/>\n\t<meta property=\"og:image:height\" content=\"800\" \/>\n\t<meta property=\"og:image:type\" content=\"image\/webp\" \/>\n<meta name=\"twitter:card\" content=\"summary_large_image\" \/>\n<meta name=\"twitter:label1\" content=\"Ber\u00e4knad l\u00e4stid\" \/>\n\t<meta name=\"twitter:data1\" content=\"1 minut\" \/>\n<!-- \/ Yoast SEO plugin. -->","yoast_head_json":{"title":"TRUUSK 2-Pack Barstolar med Fotst\u00f6d och Ryggst\u00f6d - Konstl\u00e4der - Brun - 52x53x101 cm - TRUUSK - Hem, Tr\u00e4dg\u00e5rd &amp; Fritid","robots":{"index":"index","follow":"follow","max-snippet":"max-snippet:-1","max-image-preview":"max-image-preview:large","max-video-preview":"max-video-preview:-1"},"canonical":"https:\/\/truusk.store\/sv\/produkt\/truusk-2-pack-barstolar-med-fotstod-och-ryggstod-konstlader-brun-52x53x101-cm\/","og_locale":"sv_SE","og_type":"article","og_title":"TRUUSK 2-Pack Barstolar med Fotst\u00f6d och Ryggst\u00f6d - Konstl\u00e4der - Brun - 52x53x101 cm - TRUUSK - Hem, Tr\u00e4dg\u00e5rd &amp; Fritid","og_description":"Fantastisk retrolook f\u00f6r vardagsrummet eller festlokalen: dessa eleganta barstolar med liten rygg kommer till dig i ett set om 2....","og_url":"https:\/\/truusk.store\/sv\/produkt\/truusk-2-pack-barstolar-med-fotstod-och-ryggstod-konstlader-brun-52x53x101-cm\/","og_site_name":"TRUUSK - Hem, Tr\u00e4dg\u00e5rd &amp; Fritid","article_modified_time":"2026-03-12T07:59:24+00:00","og_image":[{"width":800,"height":800,"url":"https:\/\/i0.wp.com\/truusk.se\/wp-content\/uploads\/2024\/02\/set-med-2-barstolar-med-fotstod-barstol-med-ryggstod-bistropall-matsalsstol-bankpall-konstlader-brun-52-x-53-x-101-cm.webp?fit=800%2C800&ssl=1","type":"image\/webp"}],"twitter_card":"summary_large_image","twitter_misc":{"Ber\u00e4knad l\u00e4stid":"1 minut"},"schema":{"@context":"https:\/\/schema.org","@graph":[{"@type":"WebPage","@id":"https:\/\/truusk.store\/sv\/produkt\/truusk-2-pack-barstolar-med-fotstod-och-ryggstod-konstlader-brun-52x53x101-cm\/","url":"https:\/\/truusk.store\/sv\/produkt\/truusk-2-pack-barstolar-med-fotstod-och-ryggstod-konstlader-brun-52x53x101-cm\/","name":"TRUUSK 2-Pack Barstolar med Fotst\u00f6d och Ryggst\u00f6d - Konstl\u00e4der - Brun - 52x53x101 cm - TRUUSK - Hem, Tr\u00e4dg\u00e5rd &amp; Fritid","isPartOf":{"@id":"https:\/\/truusk.store\/sv\/#website"},"primaryImageOfPage":{"@id":"https:\/\/truusk.store\/sv\/produkt\/truusk-2-pack-barstolar-med-fotstod-och-ryggstod-konstlader-brun-52x53x101-cm\/#primaryimage"},"image":{"@id":"https:\/\/truusk.store\/sv\/produkt\/truusk-2-pack-barstolar-med-fotstod-och-ryggstod-konstlader-brun-52x53x101-cm\/#primaryimage"},"thumbnailUrl":"https:\/\/i0.wp.com\/truusk.store\/wp-content\/uploads\/2024\/02\/set-med-2-barstolar-med-fotstod-barstol-med-ryggstod-bistropall-matsalsstol-bankpall-konstlader-brun-52-x-53-x-101-cm.webp?fit=800%2C800&ssl=1","datePublished":"2024-02-13T11:16:08+00:00","dateModified":"2026-03-12T07:59:24+00:00","breadcrumb":{"@id":"https:\/\/truusk.store\/sv\/produkt\/truusk-2-pack-barstolar-med-fotstod-och-ryggstod-konstlader-brun-52x53x101-cm\/#breadcrumb"},"inLanguage":"sv-SE","potentialAction":[{"@type":"ReadAction","target":["https:\/\/truusk.store\/sv\/produkt\/truusk-2-pack-barstolar-med-fotstod-och-ryggstod-konstlader-brun-52x53x101-cm\/"]}]},{"@type":"ImageObject","inLanguage":"sv-SE","@id":"https:\/\/truusk.store\/sv\/produkt\/truusk-2-pack-barstolar-med-fotstod-och-ryggstod-konstlader-brun-52x53x101-cm\/#primaryimage","url":"https:\/\/i0.wp.com\/truusk.store\/wp-content\/uploads\/2024\/02\/set-med-2-barstolar-med-fotstod-barstol-med-ryggstod-bistropall-matsalsstol-bankpall-konstlader-brun-52-x-53-x-101-cm.webp?fit=800%2C800&ssl=1","contentUrl":"https:\/\/i0.wp.com\/truusk.store\/wp-content\/uploads\/2024\/02\/set-med-2-barstolar-med-fotstod-barstol-med-ryggstod-bistropall-matsalsstol-bankpall-konstlader-brun-52-x-53-x-101-cm.webp?fit=800%2C800&ssl=1","width":800,"height":800,"caption":"Set Med 2 Barstolar Med Fotst\u00f6d, Barstol Med Ryggst\u00f6d, Bistropall, Matsalsstol, B\u00e4nkpall, Konstl\u00e4der, Brun, 52 X 53 X 101 Cm 1"},{"@type":"BreadcrumbList","@id":"https:\/\/truusk.store\/sv\/produkt\/truusk-2-pack-barstolar-med-fotstod-och-ryggstod-konstlader-brun-52x53x101-cm\/#breadcrumb","itemListElement":[{"@type":"ListItem","position":1,"name":"Home","item":"https:\/\/truusk.store\/sv\/"},{"@type":"ListItem","position":2,"name":"Shop","item":"https:\/\/truusk.store\/shop\/"},{"@type":"ListItem","position":3,"name":"TRUUSK 2-Pack Barstolar med Fotst\u00f6d och Ryggst\u00f6d &#8211; Konstl\u00e4der &#8211; Brun &#8211; 52x53x101 cm"}]},{"@type":"WebSite","@id":"https:\/\/truusk.store\/sv\/#website","url":"https:\/\/truusk.store\/sv\/","name":"TRUUSK - Hem, Tr\u00e4dg\u00e5rd & Fritid","description":"","publisher":{"@id":"https:\/\/truusk.store\/sv\/#organization"},"potentialAction":[{"@type":"SearchAction","target":{"@type":"EntryPoint","urlTemplate":"https:\/\/truusk.store\/sv\/?s={search_term_string}"},"query-input":{"@type":"PropertyValueSpecification","valueRequired":true,"valueName":"search_term_string"}}],"inLanguage":"sv-SE"},{"@type":"Organization","@id":"https:\/\/truusk.store\/sv\/#organization","name":"TRUUSK - Hem, Tr\u00e4dg\u00e5rd & Fritid","url":"https:\/\/truusk.store\/sv\/","logo":{"@type":"ImageObject","inLanguage":"sv-SE","@id":"https:\/\/truusk.store\/sv\/#\/schema\/logo\/image\/","url":"https:\/\/i0.wp.com\/truusk.store\/wp-content\/uploads\/2026\/03\/cropped-TRUUSK.png?fit=2032%2C917&ssl=1","contentUrl":"https:\/\/i0.wp.com\/truusk.store\/wp-content\/uploads\/2026\/03\/cropped-TRUUSK.png?fit=2032%2C917&ssl=1","width":2032,"height":917,"caption":"TRUUSK - Hem, Tr\u00e4dg\u00e5rd & Fritid"},"image":{"@id":"https:\/\/truusk.store\/sv\/#\/schema\/logo\/image\/"}}]}},"jetpack_sharing_enabled":true,"_links":{"self":[{"href":"https:\/\/truusk.store\/sv\/wp-json\/wp\/v2\/product\/14787","targetHints":{"allow":["GET"]}}],"collection":[{"href":"https:\/\/truusk.store\/sv\/wp-json\/wp\/v2\/product"}],"about":[{"href":"https:\/\/truusk.store\/sv\/wp-json\/wp\/v2\/types\/product"}],"wp:featuredmedia":[{"embeddable":true,"href":"https:\/\/truusk.store\/sv\/wp-json\/wp\/v2\/media\/14788"}],"wp:attachment":[{"href":"https:\/\/truusk.store\/sv\/wp-json\/wp\/v2\/media?parent=14787"}],"wp:term":[{"taxonomy":"product_brand","embeddable":true,"href":"https:\/\/truusk.store\/sv\/wp-json\/wp\/v2\/product_brand?post=14787"},{"taxonomy":"product_cat","embeddable":true,"href":"https:\/\/truusk.store\/sv\/wp-json\/wp\/v2\/product_cat?post=14787"},{"taxonomy":"product_tag","embeddable":true,"href":"https:\/\/truusk.store\/sv\/wp-json\/wp\/v2\/product_tag?post=14787"}],"curies":[{"name":"wp","href":"https:\/\/api.w.org\/{rel}","templated":true}]}}