{"id":14819,"date":"2024-02-13T12:16:57","date_gmt":"2024-02-13T11:16:57","guid":{"rendered":"https:\/\/truusk.store\/product\/parasoll-parasoll-tradgard-parasoll-balkong-parasoll-solskydd-hopfallbar-gra\/"},"modified":"2026-03-12T08:59:25","modified_gmt":"2026-03-12T07:59:25","slug":"truusk-parasoll-tradgard-och-balkong-hopfallbar-gra-uv-skydd-justerbar-o-2-m","status":"publish","type":"product","link":"https:\/\/truusk.store\/sv\/produkt\/truusk-parasoll-tradgard-och-balkong-hopfallbar-gra-uv-skydd-justerbar-o-2-m\/","title":{"rendered":"TRUUSK Parasoll &#8211; Tr\u00e4dg\u00e5rd och Balkong &#8211; Hopf\u00e4llbar &#8211; Gr\u00e5 &#8211; UV-skydd &#8211; Justerbar &#8211; \u00d8 2 m"},"content":{"rendered":"<p>Den eleganta designen hos detta eleganta parasoll \u00e4r idealisk f\u00f6r balkonger, tr\u00e4dg\u00e5rdar, terrasser och str\u00e4nder. Metallkonstruktionen s\u00e4kerst\u00e4ller h\u00f6g stabilitet och den justerbara lutningen anpassar det skuggade omr\u00e5det optimalt till solens position. Med sitt vatten- och UV-skydd erbjuder detta paraply tillf\u00f6rlitligt skydd mot solen var du \u00e4n anv\u00e4nder det.<\/p>\n<h3>Beskrivning:<\/h3>\n<ul>\n<li>4 metallst\u00f6d s\u00e4kerst\u00e4ller h\u00f6g stabilitet<\/li>\n<li>Paraplyer f\u00f6r balkonger, tr\u00e4dg\u00e5rdar och terrasser<\/li>\n<li>L\u00e4tt att \u00f6ppna och st\u00e4nga<\/li>\n<li>Paraplyskydd av polyester, vattent\u00e4tt och UV-skyddat (UV 30+)<\/li>\n<li>med lutningsmekanism f\u00f6r att anpassa sig till solens position<\/li>\n<li>H\u00f6jdjustering med l\u00e5sskruv<\/li>\n<li>Robust konstruktion av pulverlackerad aluminium<\/li>\n<li>Snabb och enkel demontering och montering<\/li>\n<li>Du kan f\u00e5 ytterligare stabilitet genom att anv\u00e4nda till exempel ett bord med parasollh\u00e5llare, bas eller paraplystativ<\/li>\n<\/ul>\n<h3>Teknisk data:<\/h3>\n<ul>\n<li>Material: aluminium, polyester (160 g\/m)<\/li>\n<li>F\u00e4rg gr\u00e5<\/li>\n<li>Storlek: B198 x D130 x H245 cm<\/li>\n<li>R\u00f6rdiameter: 32mm<\/li>\n<li>Antal str\u00e4vor: 4<\/li>\n<li>Vikt: 3 kg<\/li>\n<\/ul>\n<h3>Leveransens omfattning:<\/h3>\n<ul>\n<li>1 x Parasoll<\/li>\n<li>OBSERVERA: Det visade paraplyst\u00e4llet ing\u00e5r INTE i leveransen.<\/li>\n<\/ul>\n","protected":false},"excerpt":{"rendered":"<p>Den eleganta designen hos detta eleganta parasoll \u00e4r idealisk f\u00f6r balkonger, tr\u00e4dg\u00e5rdar, terrasser och str\u00e4nder. Metallkonstruktionen s\u00e4kerst\u00e4ller h\u00f6g stabilitet och&#8230;<\/p>\n","protected":false},"featured_media":14820,"template":"","meta":[],"product_brand":[],"product_cat":[472,471,435],"product_tag":[],"class_list":{"0":"post-14819","1":"product","2":"type-product","3":"status-publish","4":"has-post-thumbnail","6":"product_cat-parasoller","7":"product_cat-solskydd-integritetsskydd","8":"product_cat-tradgard-och-terrass","10":"first","11":"instock","12":"sale","13":"taxable","14":"shipping-taxable","15":"purchasable","16":"product-type-simple"},"yoast_head":"<!-- This site is optimized with the Yoast SEO plugin v25.4 - https:\/\/yoast.com\/wordpress\/plugins\/seo\/ -->\n<title>TRUUSK Parasoll - Tr\u00e4dg\u00e5rd och Balkong - Hopf\u00e4llbar - Gr\u00e5 - UV-skydd - Justerbar - \u00d8 2 m - TRUUSK - Hem, Tr\u00e4dg\u00e5rd &amp; Fritid<\/title>\n<meta name=\"robots\" content=\"index, follow, max-snippet:-1, max-image-preview:large, max-video-preview:-1\" \/>\n<link rel=\"canonical\" href=\"https:\/\/truusk.store\/sv\/produkt\/truusk-parasoll-tradgard-och-balkong-hopfallbar-gra-uv-skydd-justerbar-o-2-m\/\" \/>\n<meta property=\"og:locale\" content=\"sv_SE\" \/>\n<meta property=\"og:type\" content=\"article\" \/>\n<meta property=\"og:title\" content=\"TRUUSK Parasoll - Tr\u00e4dg\u00e5rd och Balkong - Hopf\u00e4llbar - Gr\u00e5 - UV-skydd - Justerbar - \u00d8 2 m - TRUUSK - Hem, Tr\u00e4dg\u00e5rd &amp; Fritid\" \/>\n<meta property=\"og:description\" content=\"Den eleganta designen hos detta eleganta parasoll \u00e4r idealisk f\u00f6r balkonger, tr\u00e4dg\u00e5rdar, terrasser och str\u00e4nder. Metallkonstruktionen s\u00e4kerst\u00e4ller h\u00f6g stabilitet och...\" \/>\n<meta property=\"og:url\" content=\"https:\/\/truusk.store\/sv\/produkt\/truusk-parasoll-tradgard-och-balkong-hopfallbar-gra-uv-skydd-justerbar-o-2-m\/\" \/>\n<meta property=\"og:site_name\" content=\"TRUUSK - Hem, Tr\u00e4dg\u00e5rd &amp; Fritid\" \/>\n<meta property=\"article:modified_time\" content=\"2026-03-12T07:59:25+00:00\" \/>\n<meta property=\"og:image\" content=\"https:\/\/i0.wp.com\/truusk.se\/wp-content\/uploads\/2024\/02\/parasoll-parasoll-tradgard-parasoll-balkong-parasoll-solskydd-hopfallbar-gra.webp?fit=800%2C800&ssl=1\" \/>\n\t<meta property=\"og:image:width\" content=\"800\" \/>\n\t<meta property=\"og:image:height\" content=\"800\" \/>\n\t<meta property=\"og:image:type\" content=\"image\/webp\" \/>\n<meta name=\"twitter:card\" content=\"summary_large_image\" \/>\n<meta name=\"twitter:label1\" content=\"Ber\u00e4knad l\u00e4stid\" \/>\n\t<meta name=\"twitter:data1\" content=\"1 minut\" \/>\n<!-- \/ Yoast SEO plugin. -->","yoast_head_json":{"title":"TRUUSK Parasoll - Tr\u00e4dg\u00e5rd och Balkong - Hopf\u00e4llbar - Gr\u00e5 - UV-skydd - Justerbar - \u00d8 2 m - TRUUSK - Hem, Tr\u00e4dg\u00e5rd &amp; Fritid","robots":{"index":"index","follow":"follow","max-snippet":"max-snippet:-1","max-image-preview":"max-image-preview:large","max-video-preview":"max-video-preview:-1"},"canonical":"https:\/\/truusk.store\/sv\/produkt\/truusk-parasoll-tradgard-och-balkong-hopfallbar-gra-uv-skydd-justerbar-o-2-m\/","og_locale":"sv_SE","og_type":"article","og_title":"TRUUSK Parasoll - Tr\u00e4dg\u00e5rd och Balkong - Hopf\u00e4llbar - Gr\u00e5 - UV-skydd - Justerbar - \u00d8 2 m - TRUUSK - Hem, Tr\u00e4dg\u00e5rd &amp; Fritid","og_description":"Den eleganta designen hos detta eleganta parasoll \u00e4r idealisk f\u00f6r balkonger, tr\u00e4dg\u00e5rdar, terrasser och str\u00e4nder. Metallkonstruktionen s\u00e4kerst\u00e4ller h\u00f6g stabilitet och...","og_url":"https:\/\/truusk.store\/sv\/produkt\/truusk-parasoll-tradgard-och-balkong-hopfallbar-gra-uv-skydd-justerbar-o-2-m\/","og_site_name":"TRUUSK - Hem, Tr\u00e4dg\u00e5rd &amp; Fritid","article_modified_time":"2026-03-12T07:59:25+00:00","og_image":[{"width":800,"height":800,"url":"https:\/\/i0.wp.com\/truusk.se\/wp-content\/uploads\/2024\/02\/parasoll-parasoll-tradgard-parasoll-balkong-parasoll-solskydd-hopfallbar-gra.webp?fit=800%2C800&ssl=1","type":"image\/webp"}],"twitter_card":"summary_large_image","twitter_misc":{"Ber\u00e4knad l\u00e4stid":"1 minut"},"schema":{"@context":"https:\/\/schema.org","@graph":[{"@type":"WebPage","@id":"https:\/\/truusk.store\/sv\/produkt\/truusk-parasoll-tradgard-och-balkong-hopfallbar-gra-uv-skydd-justerbar-o-2-m\/","url":"https:\/\/truusk.store\/sv\/produkt\/truusk-parasoll-tradgard-och-balkong-hopfallbar-gra-uv-skydd-justerbar-o-2-m\/","name":"TRUUSK Parasoll - Tr\u00e4dg\u00e5rd och Balkong - Hopf\u00e4llbar - Gr\u00e5 - UV-skydd - Justerbar - \u00d8 2 m - TRUUSK - Hem, Tr\u00e4dg\u00e5rd &amp; Fritid","isPartOf":{"@id":"https:\/\/truusk.store\/sv\/#website"},"primaryImageOfPage":{"@id":"https:\/\/truusk.store\/sv\/produkt\/truusk-parasoll-tradgard-och-balkong-hopfallbar-gra-uv-skydd-justerbar-o-2-m\/#primaryimage"},"image":{"@id":"https:\/\/truusk.store\/sv\/produkt\/truusk-parasoll-tradgard-och-balkong-hopfallbar-gra-uv-skydd-justerbar-o-2-m\/#primaryimage"},"thumbnailUrl":"https:\/\/i0.wp.com\/truusk.store\/wp-content\/uploads\/2024\/02\/parasoll-parasoll-tradgard-parasoll-balkong-parasoll-solskydd-hopfallbar-gra.webp?fit=800%2C800&ssl=1","datePublished":"2024-02-13T11:16:57+00:00","dateModified":"2026-03-12T07:59:25+00:00","breadcrumb":{"@id":"https:\/\/truusk.store\/sv\/produkt\/truusk-parasoll-tradgard-och-balkong-hopfallbar-gra-uv-skydd-justerbar-o-2-m\/#breadcrumb"},"inLanguage":"sv-SE","potentialAction":[{"@type":"ReadAction","target":["https:\/\/truusk.store\/sv\/produkt\/truusk-parasoll-tradgard-och-balkong-hopfallbar-gra-uv-skydd-justerbar-o-2-m\/"]}]},{"@type":"ImageObject","inLanguage":"sv-SE","@id":"https:\/\/truusk.store\/sv\/produkt\/truusk-parasoll-tradgard-och-balkong-hopfallbar-gra-uv-skydd-justerbar-o-2-m\/#primaryimage","url":"https:\/\/i0.wp.com\/truusk.store\/wp-content\/uploads\/2024\/02\/parasoll-parasoll-tradgard-parasoll-balkong-parasoll-solskydd-hopfallbar-gra.webp?fit=800%2C800&ssl=1","contentUrl":"https:\/\/i0.wp.com\/truusk.store\/wp-content\/uploads\/2024\/02\/parasoll-parasoll-tradgard-parasoll-balkong-parasoll-solskydd-hopfallbar-gra.webp?fit=800%2C800&ssl=1","width":800,"height":800,"caption":"Parasoll Parasoll Tr\u00e4dg\u00e5rd Parasoll Balkong Parasoll Solskydd Hopf\u00e4llbar Gr\u00e5 1"},{"@type":"BreadcrumbList","@id":"https:\/\/truusk.store\/sv\/produkt\/truusk-parasoll-tradgard-och-balkong-hopfallbar-gra-uv-skydd-justerbar-o-2-m\/#breadcrumb","itemListElement":[{"@type":"ListItem","position":1,"name":"Home","item":"https:\/\/truusk.store\/sv\/"},{"@type":"ListItem","position":2,"name":"Shop","item":"https:\/\/truusk.store\/shop\/"},{"@type":"ListItem","position":3,"name":"TRUUSK Parasoll &#8211; Tr\u00e4dg\u00e5rd och Balkong &#8211; Hopf\u00e4llbar &#8211; Gr\u00e5 &#8211; UV-skydd &#8211; Justerbar &#8211; \u00d8 2 m"}]},{"@type":"WebSite","@id":"https:\/\/truusk.store\/sv\/#website","url":"https:\/\/truusk.store\/sv\/","name":"TRUUSK - Hem, Tr\u00e4dg\u00e5rd & Fritid","description":"","publisher":{"@id":"https:\/\/truusk.store\/sv\/#organization"},"potentialAction":[{"@type":"SearchAction","target":{"@type":"EntryPoint","urlTemplate":"https:\/\/truusk.store\/sv\/?s={search_term_string}"},"query-input":{"@type":"PropertyValueSpecification","valueRequired":true,"valueName":"search_term_string"}}],"inLanguage":"sv-SE"},{"@type":"Organization","@id":"https:\/\/truusk.store\/sv\/#organization","name":"TRUUSK - Hem, Tr\u00e4dg\u00e5rd & Fritid","url":"https:\/\/truusk.store\/sv\/","logo":{"@type":"ImageObject","inLanguage":"sv-SE","@id":"https:\/\/truusk.store\/sv\/#\/schema\/logo\/image\/","url":"https:\/\/i0.wp.com\/truusk.store\/wp-content\/uploads\/2026\/03\/cropped-TRUUSK.png?fit=2032%2C917&ssl=1","contentUrl":"https:\/\/i0.wp.com\/truusk.store\/wp-content\/uploads\/2026\/03\/cropped-TRUUSK.png?fit=2032%2C917&ssl=1","width":2032,"height":917,"caption":"TRUUSK - Hem, Tr\u00e4dg\u00e5rd & Fritid"},"image":{"@id":"https:\/\/truusk.store\/sv\/#\/schema\/logo\/image\/"}}]}},"jetpack_sharing_enabled":true,"_links":{"self":[{"href":"https:\/\/truusk.store\/sv\/wp-json\/wp\/v2\/product\/14819","targetHints":{"allow":["GET"]}}],"collection":[{"href":"https:\/\/truusk.store\/sv\/wp-json\/wp\/v2\/product"}],"about":[{"href":"https:\/\/truusk.store\/sv\/wp-json\/wp\/v2\/types\/product"}],"wp:featuredmedia":[{"embeddable":true,"href":"https:\/\/truusk.store\/sv\/wp-json\/wp\/v2\/media\/14820"}],"wp:attachment":[{"href":"https:\/\/truusk.store\/sv\/wp-json\/wp\/v2\/media?parent=14819"}],"wp:term":[{"taxonomy":"product_brand","embeddable":true,"href":"https:\/\/truusk.store\/sv\/wp-json\/wp\/v2\/product_brand?post=14819"},{"taxonomy":"product_cat","embeddable":true,"href":"https:\/\/truusk.store\/sv\/wp-json\/wp\/v2\/product_cat?post=14819"},{"taxonomy":"product_tag","embeddable":true,"href":"https:\/\/truusk.store\/sv\/wp-json\/wp\/v2\/product_tag?post=14819"}],"curies":[{"name":"wp","href":"https:\/\/api.w.org\/{rel}","templated":true}]}}