{"id":14841,"date":"2024-02-13T12:17:35","date_gmt":"2024-02-13T11:17:35","guid":{"rendered":"https:\/\/truusk.store\/product\/tradgardssoffa-i-polyrattan-2-sits-tradgardsmobler-lounge-soffa-tradgardsbank-tradgard-solstol-fallbara-armstod-stal-brun-129-x-63-x-67-cm\/"},"modified":"2026-03-12T08:59:25","modified_gmt":"2026-03-12T07:59:25","slug":"truusk-tradgardssoffa-i-polyrattan-2-sits-lounge-soffa-fallbara-armstod-stal-brun-129-x-63-x-67-cm","status":"publish","type":"product","link":"https:\/\/truusk.store\/sv\/produkt\/truusk-tradgardssoffa-i-polyrattan-2-sits-lounge-soffa-fallbara-armstod-stal-brun-129-x-63-x-67-cm\/","title":{"rendered":"TRUUSK Tr\u00e4dg\u00e5rdssoffa i Polyrattan 2-sits &#8211; Lounge soffa &#8211; F\u00e4llbara armst\u00f6d &#8211; St\u00e5l &#8211; Brun &#8211; 129 x 63 x 67 cm"},"content":{"rendered":"<p>Denna moderna rottingsoffa k\u00e4nnetecknas av en enkel, tidl\u00f6s design och h\u00f6gkvalitativt utf\u00f6rande. Tack vare den robusta, rosts\u00e4kra st\u00e5lramen och den h\u00e5llbara bekl\u00e4dnaden av v\u00e4derbest\u00e4ndig, konstgjord rotting \u00e4r denna tr\u00e4dg\u00e5rdssoffa idealisk f\u00f6r utomhusbruk \u00e5ret runt. Armst\u00f6den kan enkelt f\u00e4llas ner s\u00e5 att du kan ligga bekv\u00e4mt ner eller anv\u00e4nda sidopanelerna som praktiska f\u00f6rvaringsutrymmen.<\/p>\n<h3>Beskrivning:<\/h3>\n<ul>\n<li>Enast\u00e5ende sitt- och liggk\u00e4nsla<\/li>\n<li>Stomme i rostfritt st\u00e5l med robust, v\u00e4derbest\u00e4ndig plastrotting<\/li>\n<li>Gener\u00f6st vadderade kuddar f\u00f6r extra h\u00f6g komfort<\/li>\n<li>Nedf\u00e4llbara armst\u00f6d: kan anv\u00e4ndas f\u00f6r att ut\u00f6ka liggytan eller som praktiska hyllor<\/li>\n<li>Ett bra komplement till alla inomhus- och utomhusutrymmen<\/li>\n<li>L\u00e4ttsk\u00f6tt polyester\u00f6verdrag<\/li>\n<li>Enkel konstruktion<\/li>\n<\/ul>\n<h3>Teknisk data:<\/h3>\n<ul>\n<li>Material: st\u00e5l, polyrattan, polyester<\/li>\n<li>F\u00e4rg brun<\/li>\n<li>Totala m\u00e5tt: 129L x 63W x 67Hcm (sittposition), 167L x 63W x 66H cm<\/li>\n<li>Sitsstorlek: 105W x 60D cm<\/li>\n<li>Sitth\u00f6jd: 30 cm<\/li>\n<li>H\u00f6jd p\u00e5 ryggst\u00f6d: 41 cm<\/li>\n<li>Vadderingstjocklek: 6 cm<\/li>\n<li>Lastkapacitet: 220 kg<\/li>\n<\/ul>\n<h3>Leveransens omfattning:<\/h3>\n<ul>\n<li>1 x tr\u00e4dg\u00e5rdssoffa (inklusive kudde)<\/li>\n<li>1 x Monteringsanvisning<\/li>\n<\/ul>\n","protected":false},"excerpt":{"rendered":"<p>Denna moderna rottingsoffa k\u00e4nnetecknas av en enkel, tidl\u00f6s design och h\u00f6gkvalitativt utf\u00f6rande. Tack vare den robusta, rosts\u00e4kra st\u00e5lramen och den&#8230;<\/p>\n","protected":false},"featured_media":14842,"template":"","meta":[],"product_brand":[],"product_cat":[435,450,455],"product_tag":[],"class_list":{"0":"post-14841","1":"product","2":"type-product","3":"status-publish","4":"has-post-thumbnail","6":"product_cat-tradgard-och-terrass","7":"product_cat-tradgardsmobler","8":"product_cat-tradgardsmobler-i-polyrattan","10":"first","11":"instock","12":"sale","13":"taxable","14":"shipping-taxable","15":"purchasable","16":"product-type-simple"},"yoast_head":"<!-- This site is optimized with the Yoast SEO plugin v25.4 - https:\/\/yoast.com\/wordpress\/plugins\/seo\/ -->\n<title>TRUUSK Tr\u00e4dg\u00e5rdssoffa i Polyrattan 2-sits - Lounge soffa - F\u00e4llbara armst\u00f6d - St\u00e5l - Brun - 129 x 63 x 67 cm - TRUUSK - Hem, Tr\u00e4dg\u00e5rd &amp; Fritid<\/title>\n<meta name=\"robots\" content=\"index, follow, max-snippet:-1, max-image-preview:large, max-video-preview:-1\" \/>\n<link rel=\"canonical\" href=\"https:\/\/truusk.store\/sv\/produkt\/truusk-tradgardssoffa-i-polyrattan-2-sits-lounge-soffa-fallbara-armstod-stal-brun-129-x-63-x-67-cm\/\" \/>\n<meta property=\"og:locale\" content=\"sv_SE\" \/>\n<meta property=\"og:type\" content=\"article\" \/>\n<meta property=\"og:title\" content=\"TRUUSK Tr\u00e4dg\u00e5rdssoffa i Polyrattan 2-sits - Lounge soffa - F\u00e4llbara armst\u00f6d - St\u00e5l - Brun - 129 x 63 x 67 cm - TRUUSK - Hem, Tr\u00e4dg\u00e5rd &amp; Fritid\" \/>\n<meta property=\"og:description\" content=\"Denna moderna rottingsoffa k\u00e4nnetecknas av en enkel, tidl\u00f6s design och h\u00f6gkvalitativt utf\u00f6rande. Tack vare den robusta, rosts\u00e4kra st\u00e5lramen och den...\" \/>\n<meta property=\"og:url\" content=\"https:\/\/truusk.store\/sv\/produkt\/truusk-tradgardssoffa-i-polyrattan-2-sits-lounge-soffa-fallbara-armstod-stal-brun-129-x-63-x-67-cm\/\" \/>\n<meta property=\"og:site_name\" content=\"TRUUSK - Hem, Tr\u00e4dg\u00e5rd &amp; Fritid\" \/>\n<meta property=\"article:modified_time\" content=\"2026-03-12T07:59:25+00:00\" \/>\n<meta property=\"og:image\" content=\"https:\/\/i0.wp.com\/truusk.se\/wp-content\/uploads\/2024\/02\/tradgardssoffa-i-polyrattan-2-sits-tradgardsmobler-lounge-soffa-tradgardsbank-tradgard-solstol-fallbara-armstod-stal-brun-129-x-63-x-67-cm.webp?fit=800%2C800&ssl=1\" \/>\n\t<meta property=\"og:image:width\" content=\"800\" \/>\n\t<meta property=\"og:image:height\" content=\"800\" \/>\n\t<meta property=\"og:image:type\" content=\"image\/webp\" \/>\n<meta name=\"twitter:card\" content=\"summary_large_image\" \/>\n<meta name=\"twitter:label1\" content=\"Ber\u00e4knad l\u00e4stid\" \/>\n\t<meta name=\"twitter:data1\" content=\"1 minut\" \/>\n<!-- \/ Yoast SEO plugin. -->","yoast_head_json":{"title":"TRUUSK Tr\u00e4dg\u00e5rdssoffa i Polyrattan 2-sits - Lounge soffa - F\u00e4llbara armst\u00f6d - St\u00e5l - Brun - 129 x 63 x 67 cm - TRUUSK - Hem, Tr\u00e4dg\u00e5rd &amp; Fritid","robots":{"index":"index","follow":"follow","max-snippet":"max-snippet:-1","max-image-preview":"max-image-preview:large","max-video-preview":"max-video-preview:-1"},"canonical":"https:\/\/truusk.store\/sv\/produkt\/truusk-tradgardssoffa-i-polyrattan-2-sits-lounge-soffa-fallbara-armstod-stal-brun-129-x-63-x-67-cm\/","og_locale":"sv_SE","og_type":"article","og_title":"TRUUSK Tr\u00e4dg\u00e5rdssoffa i Polyrattan 2-sits - Lounge soffa - F\u00e4llbara armst\u00f6d - St\u00e5l - Brun - 129 x 63 x 67 cm - TRUUSK - Hem, Tr\u00e4dg\u00e5rd &amp; Fritid","og_description":"Denna moderna rottingsoffa k\u00e4nnetecknas av en enkel, tidl\u00f6s design och h\u00f6gkvalitativt utf\u00f6rande. Tack vare den robusta, rosts\u00e4kra st\u00e5lramen och den...","og_url":"https:\/\/truusk.store\/sv\/produkt\/truusk-tradgardssoffa-i-polyrattan-2-sits-lounge-soffa-fallbara-armstod-stal-brun-129-x-63-x-67-cm\/","og_site_name":"TRUUSK - Hem, Tr\u00e4dg\u00e5rd &amp; Fritid","article_modified_time":"2026-03-12T07:59:25+00:00","og_image":[{"width":800,"height":800,"url":"https:\/\/i0.wp.com\/truusk.se\/wp-content\/uploads\/2024\/02\/tradgardssoffa-i-polyrattan-2-sits-tradgardsmobler-lounge-soffa-tradgardsbank-tradgard-solstol-fallbara-armstod-stal-brun-129-x-63-x-67-cm.webp?fit=800%2C800&ssl=1","type":"image\/webp"}],"twitter_card":"summary_large_image","twitter_misc":{"Ber\u00e4knad l\u00e4stid":"1 minut"},"schema":{"@context":"https:\/\/schema.org","@graph":[{"@type":"WebPage","@id":"https:\/\/truusk.store\/sv\/produkt\/truusk-tradgardssoffa-i-polyrattan-2-sits-lounge-soffa-fallbara-armstod-stal-brun-129-x-63-x-67-cm\/","url":"https:\/\/truusk.store\/sv\/produkt\/truusk-tradgardssoffa-i-polyrattan-2-sits-lounge-soffa-fallbara-armstod-stal-brun-129-x-63-x-67-cm\/","name":"TRUUSK Tr\u00e4dg\u00e5rdssoffa i Polyrattan 2-sits - Lounge soffa - F\u00e4llbara armst\u00f6d - St\u00e5l - Brun - 129 x 63 x 67 cm - TRUUSK - Hem, Tr\u00e4dg\u00e5rd &amp; Fritid","isPartOf":{"@id":"https:\/\/truusk.store\/sv\/#website"},"primaryImageOfPage":{"@id":"https:\/\/truusk.store\/sv\/produkt\/truusk-tradgardssoffa-i-polyrattan-2-sits-lounge-soffa-fallbara-armstod-stal-brun-129-x-63-x-67-cm\/#primaryimage"},"image":{"@id":"https:\/\/truusk.store\/sv\/produkt\/truusk-tradgardssoffa-i-polyrattan-2-sits-lounge-soffa-fallbara-armstod-stal-brun-129-x-63-x-67-cm\/#primaryimage"},"thumbnailUrl":"https:\/\/i0.wp.com\/truusk.store\/wp-content\/uploads\/2024\/02\/tradgardssoffa-i-polyrattan-2-sits-tradgardsmobler-lounge-soffa-tradgardsbank-tradgard-solstol-fallbara-armstod-stal-brun-129-x-63-x-67-cm.webp?fit=800%2C800&ssl=1","datePublished":"2024-02-13T11:17:35+00:00","dateModified":"2026-03-12T07:59:25+00:00","breadcrumb":{"@id":"https:\/\/truusk.store\/sv\/produkt\/truusk-tradgardssoffa-i-polyrattan-2-sits-lounge-soffa-fallbara-armstod-stal-brun-129-x-63-x-67-cm\/#breadcrumb"},"inLanguage":"sv-SE","potentialAction":[{"@type":"ReadAction","target":["https:\/\/truusk.store\/sv\/produkt\/truusk-tradgardssoffa-i-polyrattan-2-sits-lounge-soffa-fallbara-armstod-stal-brun-129-x-63-x-67-cm\/"]}]},{"@type":"ImageObject","inLanguage":"sv-SE","@id":"https:\/\/truusk.store\/sv\/produkt\/truusk-tradgardssoffa-i-polyrattan-2-sits-lounge-soffa-fallbara-armstod-stal-brun-129-x-63-x-67-cm\/#primaryimage","url":"https:\/\/i0.wp.com\/truusk.store\/wp-content\/uploads\/2024\/02\/tradgardssoffa-i-polyrattan-2-sits-tradgardsmobler-lounge-soffa-tradgardsbank-tradgard-solstol-fallbara-armstod-stal-brun-129-x-63-x-67-cm.webp?fit=800%2C800&ssl=1","contentUrl":"https:\/\/i0.wp.com\/truusk.store\/wp-content\/uploads\/2024\/02\/tradgardssoffa-i-polyrattan-2-sits-tradgardsmobler-lounge-soffa-tradgardsbank-tradgard-solstol-fallbara-armstod-stal-brun-129-x-63-x-67-cm.webp?fit=800%2C800&ssl=1","width":800,"height":800,"caption":"Tr\u00e4dg\u00e5rdssoffa I Polyrattan 2-sits Tr\u00e4dg\u00e5rdsm\u00f6bler Lounge Soffa Tr\u00e4dg\u00e5rdsb\u00e4nk Tr\u00e4dg\u00e5rd Solstol F\u00e4llbara Armst\u00f6d St\u00e5l Brun 129 X 63 X 67 Cm 1"},{"@type":"BreadcrumbList","@id":"https:\/\/truusk.store\/sv\/produkt\/truusk-tradgardssoffa-i-polyrattan-2-sits-lounge-soffa-fallbara-armstod-stal-brun-129-x-63-x-67-cm\/#breadcrumb","itemListElement":[{"@type":"ListItem","position":1,"name":"Home","item":"https:\/\/truusk.store\/sv\/"},{"@type":"ListItem","position":2,"name":"Shop","item":"https:\/\/truusk.store\/shop\/"},{"@type":"ListItem","position":3,"name":"TRUUSK Tr\u00e4dg\u00e5rdssoffa i Polyrattan 2-sits &#8211; Lounge soffa &#8211; F\u00e4llbara armst\u00f6d &#8211; St\u00e5l &#8211; Brun &#8211; 129 x 63 x 67 cm"}]},{"@type":"WebSite","@id":"https:\/\/truusk.store\/sv\/#website","url":"https:\/\/truusk.store\/sv\/","name":"TRUUSK - Hem, Tr\u00e4dg\u00e5rd & Fritid","description":"","publisher":{"@id":"https:\/\/truusk.store\/sv\/#organization"},"potentialAction":[{"@type":"SearchAction","target":{"@type":"EntryPoint","urlTemplate":"https:\/\/truusk.store\/sv\/?s={search_term_string}"},"query-input":{"@type":"PropertyValueSpecification","valueRequired":true,"valueName":"search_term_string"}}],"inLanguage":"sv-SE"},{"@type":"Organization","@id":"https:\/\/truusk.store\/sv\/#organization","name":"TRUUSK - Hem, Tr\u00e4dg\u00e5rd & Fritid","url":"https:\/\/truusk.store\/sv\/","logo":{"@type":"ImageObject","inLanguage":"sv-SE","@id":"https:\/\/truusk.store\/sv\/#\/schema\/logo\/image\/","url":"https:\/\/i0.wp.com\/truusk.store\/wp-content\/uploads\/2026\/03\/cropped-TRUUSK.png?fit=2032%2C917&ssl=1","contentUrl":"https:\/\/i0.wp.com\/truusk.store\/wp-content\/uploads\/2026\/03\/cropped-TRUUSK.png?fit=2032%2C917&ssl=1","width":2032,"height":917,"caption":"TRUUSK - Hem, Tr\u00e4dg\u00e5rd & Fritid"},"image":{"@id":"https:\/\/truusk.store\/sv\/#\/schema\/logo\/image\/"}}]}},"jetpack_sharing_enabled":true,"_links":{"self":[{"href":"https:\/\/truusk.store\/sv\/wp-json\/wp\/v2\/product\/14841","targetHints":{"allow":["GET"]}}],"collection":[{"href":"https:\/\/truusk.store\/sv\/wp-json\/wp\/v2\/product"}],"about":[{"href":"https:\/\/truusk.store\/sv\/wp-json\/wp\/v2\/types\/product"}],"wp:featuredmedia":[{"embeddable":true,"href":"https:\/\/truusk.store\/sv\/wp-json\/wp\/v2\/media\/14842"}],"wp:attachment":[{"href":"https:\/\/truusk.store\/sv\/wp-json\/wp\/v2\/media?parent=14841"}],"wp:term":[{"taxonomy":"product_brand","embeddable":true,"href":"https:\/\/truusk.store\/sv\/wp-json\/wp\/v2\/product_brand?post=14841"},{"taxonomy":"product_cat","embeddable":true,"href":"https:\/\/truusk.store\/sv\/wp-json\/wp\/v2\/product_cat?post=14841"},{"taxonomy":"product_tag","embeddable":true,"href":"https:\/\/truusk.store\/sv\/wp-json\/wp\/v2\/product_tag?post=14841"}],"curies":[{"name":"wp","href":"https:\/\/api.w.org\/{rel}","templated":true}]}}