{"id":14853,"date":"2024-02-13T12:17:54","date_gmt":"2024-02-13T11:17:54","guid":{"rendered":"https:\/\/truusk.store\/product\/tradgardsfontan-dekorativ-fontan-fatfontan-vattenfall-trahink-gran-metall-morkbrun-27-x-37-cm\/"},"modified":"2026-03-12T08:59:26","modified_gmt":"2026-03-12T07:59:26","slug":"truusk-tradgardsfontan-dekorativ-fontan-fatfontan-vattenfall-trahink-gran-metall-morkbrun-27-x-37-cm","status":"publish","type":"product","link":"https:\/\/truusk.store\/sv\/produkt\/truusk-tradgardsfontan-dekorativ-fontan-fatfontan-vattenfall-trahink-gran-metall-morkbrun-27-x-37-cm\/","title":{"rendered":"TRUUSK Tr\u00e4dg\u00e5rdsfont\u00e4n &#8211; Dekorativ Font\u00e4n &#8211; Fatfont\u00e4n &#8211; Vattenfall &#8211; Tr\u00e4hink &#8211; Gran + Metall &#8211; M\u00f6rkbrun &#8211; 27 X 37 Cm"},"content":{"rendered":"<p>Denna vattenfunktion \u00e4r ett bra komplement till din tr\u00e4dg\u00e5rd. Font\u00e4nsk\u00e5len \u00e4r en tr\u00e4hink som vattnet kan skv\u00e4tta ner fr\u00e5n kranen i vintagedesign. Vattenfl\u00f6det kan enkelt regleras med str\u00f6mbrytaren och det slutna systemet \u00e4r l\u00e4mpligt f\u00f6r b\u00e5de inomhus- och utomhusbruk. Utanf\u00f6r imponerar det massiva naturliga tr\u00e4et med sin v\u00e4derbest\u00e4ndighet och l\u00e5nga livsl\u00e4ngd. Ta in en lugnande ljudbild i ditt hem med denna tr\u00e4font\u00e4n i en pittoresk lantlig stil.<\/p>\n<h3>Beskrivning:<\/h3>\n<ul>\n<li>Tillverkad av massivt gran och metall<\/li>\n<li>Font\u00e4n med tr\u00e4hink och kran<\/li>\n<li>Pittoresk design och lugnande vattenst\u00e4nk<\/li>\n<li>Justerbart vattenfl\u00f6de<\/li>\n<li>Enkel konstruktion<\/li>\n<\/ul>\n<h3>Teknisk data:<\/h3>\n<ul>\n<li>Material: gran, metall<\/li>\n<li>F\u00e4rg: naturligt tr\u00e4<\/li>\n<li>Vikt: 2kg<\/li>\n<li>Totalm\u00e5tt: 27 x H37 cm<\/li>\n<li>M\u00e5tt hink: 27 x H17 cm<\/li>\n<li>M\u00e5tt p\u00e5 kran: L10,5 x B12 x H19 cm<\/li>\n<li>Pumpprestanda: 50 Hz, 3600 varv\/minut<\/li>\n<li>Kabell\u00e4ngd: 2 m<\/li>\n<\/ul>\n<h3>Leveransens omfattning:<\/h3>\n<ul>\n<li>1 x tr\u00e4font\u00e4n (inklusive elektrisk pump och stickpropp)<\/li>\n<li>1 x monteringsanvisning<\/li>\n<\/ul>\n","protected":false},"excerpt":{"rendered":"<p>Denna vattenfunktion \u00e4r ett bra komplement till din tr\u00e4dg\u00e5rd. Font\u00e4nsk\u00e5len \u00e4r en tr\u00e4hink som vattnet kan skv\u00e4tta ner fr\u00e5n kranen&#8230;<\/p>\n","protected":false},"featured_media":14854,"template":"","meta":[],"product_brand":[],"product_cat":[435,464,469],"product_tag":[],"class_list":{"0":"post-14853","1":"product","2":"type-product","3":"status-publish","4":"has-post-thumbnail","6":"product_cat-tradgard-och-terrass","7":"product_cat-tradgardsdekoration","8":"product_cat-var","10":"first","11":"instock","12":"sale","13":"taxable","14":"shipping-taxable","15":"purchasable","16":"product-type-simple"},"yoast_head":"<!-- This site is optimized with the Yoast SEO plugin v25.4 - https:\/\/yoast.com\/wordpress\/plugins\/seo\/ -->\n<title>TRUUSK Tr\u00e4dg\u00e5rdsfont\u00e4n - Dekorativ Font\u00e4n - Fatfont\u00e4n - Vattenfall - Tr\u00e4hink - Gran + Metall - M\u00f6rkbrun - 27 X 37 Cm - TRUUSK - Hem, Tr\u00e4dg\u00e5rd &amp; Fritid<\/title>\n<meta name=\"robots\" content=\"index, follow, max-snippet:-1, max-image-preview:large, max-video-preview:-1\" \/>\n<link rel=\"canonical\" href=\"https:\/\/truusk.store\/sv\/produkt\/truusk-tradgardsfontan-dekorativ-fontan-fatfontan-vattenfall-trahink-gran-metall-morkbrun-27-x-37-cm\/\" \/>\n<meta property=\"og:locale\" content=\"sv_SE\" \/>\n<meta property=\"og:type\" content=\"article\" \/>\n<meta property=\"og:title\" content=\"TRUUSK Tr\u00e4dg\u00e5rdsfont\u00e4n - Dekorativ Font\u00e4n - Fatfont\u00e4n - Vattenfall - Tr\u00e4hink - Gran + Metall - M\u00f6rkbrun - 27 X 37 Cm - TRUUSK - Hem, Tr\u00e4dg\u00e5rd &amp; Fritid\" \/>\n<meta property=\"og:description\" content=\"Denna vattenfunktion \u00e4r ett bra komplement till din tr\u00e4dg\u00e5rd. Font\u00e4nsk\u00e5len \u00e4r en tr\u00e4hink som vattnet kan skv\u00e4tta ner fr\u00e5n kranen...\" \/>\n<meta property=\"og:url\" content=\"https:\/\/truusk.store\/sv\/produkt\/truusk-tradgardsfontan-dekorativ-fontan-fatfontan-vattenfall-trahink-gran-metall-morkbrun-27-x-37-cm\/\" \/>\n<meta property=\"og:site_name\" content=\"TRUUSK - Hem, Tr\u00e4dg\u00e5rd &amp; Fritid\" \/>\n<meta property=\"article:modified_time\" content=\"2026-03-12T07:59:26+00:00\" \/>\n<meta property=\"og:image\" content=\"https:\/\/i0.wp.com\/truusk.se\/wp-content\/uploads\/2024\/02\/tradgardsfontan-dekorativ-fontan-fatfontan-vattenfall-trahink-gran-metall-morkbrun-27-x-37-cm.webp?fit=800%2C800&ssl=1\" \/>\n\t<meta property=\"og:image:width\" content=\"800\" \/>\n\t<meta property=\"og:image:height\" content=\"800\" \/>\n\t<meta property=\"og:image:type\" content=\"image\/webp\" \/>\n<meta name=\"twitter:card\" content=\"summary_large_image\" \/>\n<meta name=\"twitter:label1\" content=\"Ber\u00e4knad l\u00e4stid\" \/>\n\t<meta name=\"twitter:data1\" content=\"1 minut\" \/>\n<!-- \/ Yoast SEO plugin. -->","yoast_head_json":{"title":"TRUUSK Tr\u00e4dg\u00e5rdsfont\u00e4n - Dekorativ Font\u00e4n - Fatfont\u00e4n - Vattenfall - Tr\u00e4hink - Gran + Metall - M\u00f6rkbrun - 27 X 37 Cm - TRUUSK - Hem, Tr\u00e4dg\u00e5rd &amp; Fritid","robots":{"index":"index","follow":"follow","max-snippet":"max-snippet:-1","max-image-preview":"max-image-preview:large","max-video-preview":"max-video-preview:-1"},"canonical":"https:\/\/truusk.store\/sv\/produkt\/truusk-tradgardsfontan-dekorativ-fontan-fatfontan-vattenfall-trahink-gran-metall-morkbrun-27-x-37-cm\/","og_locale":"sv_SE","og_type":"article","og_title":"TRUUSK Tr\u00e4dg\u00e5rdsfont\u00e4n - Dekorativ Font\u00e4n - Fatfont\u00e4n - Vattenfall - Tr\u00e4hink - Gran + Metall - M\u00f6rkbrun - 27 X 37 Cm - TRUUSK - Hem, Tr\u00e4dg\u00e5rd &amp; Fritid","og_description":"Denna vattenfunktion \u00e4r ett bra komplement till din tr\u00e4dg\u00e5rd. Font\u00e4nsk\u00e5len \u00e4r en tr\u00e4hink som vattnet kan skv\u00e4tta ner fr\u00e5n kranen...","og_url":"https:\/\/truusk.store\/sv\/produkt\/truusk-tradgardsfontan-dekorativ-fontan-fatfontan-vattenfall-trahink-gran-metall-morkbrun-27-x-37-cm\/","og_site_name":"TRUUSK - Hem, Tr\u00e4dg\u00e5rd &amp; Fritid","article_modified_time":"2026-03-12T07:59:26+00:00","og_image":[{"width":800,"height":800,"url":"https:\/\/i0.wp.com\/truusk.se\/wp-content\/uploads\/2024\/02\/tradgardsfontan-dekorativ-fontan-fatfontan-vattenfall-trahink-gran-metall-morkbrun-27-x-37-cm.webp?fit=800%2C800&ssl=1","type":"image\/webp"}],"twitter_card":"summary_large_image","twitter_misc":{"Ber\u00e4knad l\u00e4stid":"1 minut"},"schema":{"@context":"https:\/\/schema.org","@graph":[{"@type":"WebPage","@id":"https:\/\/truusk.store\/sv\/produkt\/truusk-tradgardsfontan-dekorativ-fontan-fatfontan-vattenfall-trahink-gran-metall-morkbrun-27-x-37-cm\/","url":"https:\/\/truusk.store\/sv\/produkt\/truusk-tradgardsfontan-dekorativ-fontan-fatfontan-vattenfall-trahink-gran-metall-morkbrun-27-x-37-cm\/","name":"TRUUSK Tr\u00e4dg\u00e5rdsfont\u00e4n - Dekorativ Font\u00e4n - Fatfont\u00e4n - Vattenfall - Tr\u00e4hink - Gran + Metall - M\u00f6rkbrun - 27 X 37 Cm - TRUUSK - Hem, Tr\u00e4dg\u00e5rd &amp; Fritid","isPartOf":{"@id":"https:\/\/truusk.store\/sv\/#website"},"primaryImageOfPage":{"@id":"https:\/\/truusk.store\/sv\/produkt\/truusk-tradgardsfontan-dekorativ-fontan-fatfontan-vattenfall-trahink-gran-metall-morkbrun-27-x-37-cm\/#primaryimage"},"image":{"@id":"https:\/\/truusk.store\/sv\/produkt\/truusk-tradgardsfontan-dekorativ-fontan-fatfontan-vattenfall-trahink-gran-metall-morkbrun-27-x-37-cm\/#primaryimage"},"thumbnailUrl":"https:\/\/i0.wp.com\/truusk.store\/wp-content\/uploads\/2024\/02\/tradgardsfontan-dekorativ-fontan-fatfontan-vattenfall-trahink-gran-metall-morkbrun-27-x-37-cm.webp?fit=800%2C800&ssl=1","datePublished":"2024-02-13T11:17:54+00:00","dateModified":"2026-03-12T07:59:26+00:00","breadcrumb":{"@id":"https:\/\/truusk.store\/sv\/produkt\/truusk-tradgardsfontan-dekorativ-fontan-fatfontan-vattenfall-trahink-gran-metall-morkbrun-27-x-37-cm\/#breadcrumb"},"inLanguage":"sv-SE","potentialAction":[{"@type":"ReadAction","target":["https:\/\/truusk.store\/sv\/produkt\/truusk-tradgardsfontan-dekorativ-fontan-fatfontan-vattenfall-trahink-gran-metall-morkbrun-27-x-37-cm\/"]}]},{"@type":"ImageObject","inLanguage":"sv-SE","@id":"https:\/\/truusk.store\/sv\/produkt\/truusk-tradgardsfontan-dekorativ-fontan-fatfontan-vattenfall-trahink-gran-metall-morkbrun-27-x-37-cm\/#primaryimage","url":"https:\/\/i0.wp.com\/truusk.store\/wp-content\/uploads\/2024\/02\/tradgardsfontan-dekorativ-fontan-fatfontan-vattenfall-trahink-gran-metall-morkbrun-27-x-37-cm.webp?fit=800%2C800&ssl=1","contentUrl":"https:\/\/i0.wp.com\/truusk.store\/wp-content\/uploads\/2024\/02\/tradgardsfontan-dekorativ-fontan-fatfontan-vattenfall-trahink-gran-metall-morkbrun-27-x-37-cm.webp?fit=800%2C800&ssl=1","width":800,"height":800,"caption":"Tr\u00e4dg\u00e5rdsfont\u00e4n, Dekorativ Font\u00e4n, Fatfont\u00e4n, Vattenfall, Tr\u00e4hink, Gran + Metall, M\u00f6rkbrun, 27 X 37 Cm 1"},{"@type":"BreadcrumbList","@id":"https:\/\/truusk.store\/sv\/produkt\/truusk-tradgardsfontan-dekorativ-fontan-fatfontan-vattenfall-trahink-gran-metall-morkbrun-27-x-37-cm\/#breadcrumb","itemListElement":[{"@type":"ListItem","position":1,"name":"Home","item":"https:\/\/truusk.store\/sv\/"},{"@type":"ListItem","position":2,"name":"Shop","item":"https:\/\/truusk.store\/shop\/"},{"@type":"ListItem","position":3,"name":"TRUUSK Tr\u00e4dg\u00e5rdsfont\u00e4n &#8211; Dekorativ Font\u00e4n &#8211; Fatfont\u00e4n &#8211; Vattenfall &#8211; Tr\u00e4hink &#8211; Gran + Metall &#8211; M\u00f6rkbrun &#8211; 27 X 37 Cm"}]},{"@type":"WebSite","@id":"https:\/\/truusk.store\/sv\/#website","url":"https:\/\/truusk.store\/sv\/","name":"TRUUSK - Hem, Tr\u00e4dg\u00e5rd & Fritid","description":"","publisher":{"@id":"https:\/\/truusk.store\/sv\/#organization"},"potentialAction":[{"@type":"SearchAction","target":{"@type":"EntryPoint","urlTemplate":"https:\/\/truusk.store\/sv\/?s={search_term_string}"},"query-input":{"@type":"PropertyValueSpecification","valueRequired":true,"valueName":"search_term_string"}}],"inLanguage":"sv-SE"},{"@type":"Organization","@id":"https:\/\/truusk.store\/sv\/#organization","name":"TRUUSK - Hem, Tr\u00e4dg\u00e5rd & Fritid","url":"https:\/\/truusk.store\/sv\/","logo":{"@type":"ImageObject","inLanguage":"sv-SE","@id":"https:\/\/truusk.store\/sv\/#\/schema\/logo\/image\/","url":"https:\/\/i0.wp.com\/truusk.store\/wp-content\/uploads\/2026\/03\/cropped-TRUUSK.png?fit=2032%2C917&ssl=1","contentUrl":"https:\/\/i0.wp.com\/truusk.store\/wp-content\/uploads\/2026\/03\/cropped-TRUUSK.png?fit=2032%2C917&ssl=1","width":2032,"height":917,"caption":"TRUUSK - Hem, Tr\u00e4dg\u00e5rd & Fritid"},"image":{"@id":"https:\/\/truusk.store\/sv\/#\/schema\/logo\/image\/"}}]}},"jetpack_sharing_enabled":true,"_links":{"self":[{"href":"https:\/\/truusk.store\/sv\/wp-json\/wp\/v2\/product\/14853","targetHints":{"allow":["GET"]}}],"collection":[{"href":"https:\/\/truusk.store\/sv\/wp-json\/wp\/v2\/product"}],"about":[{"href":"https:\/\/truusk.store\/sv\/wp-json\/wp\/v2\/types\/product"}],"wp:featuredmedia":[{"embeddable":true,"href":"https:\/\/truusk.store\/sv\/wp-json\/wp\/v2\/media\/14854"}],"wp:attachment":[{"href":"https:\/\/truusk.store\/sv\/wp-json\/wp\/v2\/media?parent=14853"}],"wp:term":[{"taxonomy":"product_brand","embeddable":true,"href":"https:\/\/truusk.store\/sv\/wp-json\/wp\/v2\/product_brand?post=14853"},{"taxonomy":"product_cat","embeddable":true,"href":"https:\/\/truusk.store\/sv\/wp-json\/wp\/v2\/product_cat?post=14853"},{"taxonomy":"product_tag","embeddable":true,"href":"https:\/\/truusk.store\/sv\/wp-json\/wp\/v2\/product_tag?post=14853"}],"curies":[{"name":"wp","href":"https:\/\/api.w.org\/{rel}","templated":true}]}}