{"id":14876,"date":"2024-02-13T12:18:29","date_gmt":"2024-02-13T11:18:29","guid":{"rendered":"https:\/\/truusk.store\/product\/parasoll-strandparasoll-solskydd-med-sidovagg-strandpolyester-morkgron-22-x-h22m\/"},"modified":"2026-03-12T08:59:26","modified_gmt":"2026-03-12T07:59:26","slug":"truusk-strandparasoll-med-sidovaggar-solskydd-polyester-morkgron-22-x-h22m","status":"publish","type":"product","link":"https:\/\/truusk.store\/sv\/produkt\/truusk-strandparasoll-med-sidovaggar-solskydd-polyester-morkgron-22-x-h22m\/","title":{"rendered":"TRUUSK Strandparasoll med Sidov\u00e4ggar &#8211; Solskydd Polyester &#8211; M\u00f6rkgr\u00f6n &#8211; 2,2 x H2,2m"},"content":{"rendered":"<p>F\u00f6r alla som vill ha &#8221;hav&#8221; finns v\u00e5rt parasoll. Det \u00e4r den perfekta skuggf\u00f6rs\u00f6rjningen f\u00f6r hush\u00e5llsbruk. Den sk\u00e4r en fin figur i tr\u00e4dg\u00e5rden, p\u00e5 terrassen eller p\u00e5 din balkong. F\u00f6r semestern kan ditt paraply stuvas undan kompakt i den medf\u00f6ljande transportv\u00e4skan. P\u00e5 stranden kan du snabbt f\u00e4sta den praktiska sidov\u00e4ggen som fungerar som b\u00e5de sol- och insynsskydd. Tack vare den UV-best\u00e4ndiga silverbel\u00e4ggningen \u00e4r du och din familj v\u00e4l skyddade. S\u00e5 h\u00e4r kan sommaren komma.<\/p>\n<h3>Beskrivning:<\/h3>\n<ul>\n<li>Parasoll f\u00f6r din tr\u00e4dg\u00e5rd, camping eller p\u00e5 stranden<\/li>\n<li>2-delad paraplyst\u00e5ng och 8 metallstag s\u00e4kerst\u00e4ller h\u00f6g stabilitet<\/li>\n<li>Paraplyskydd av polyester med silverbel\u00e4ggning, vattenavvisande och UV-best\u00e4ndig<\/li>\n<li>Med avtagbar sidov\u00e4gg som sol- eller insynsskydd<\/li>\n<li>Paraplyst\u00e5ng med spets f\u00f6r att sticka i sanden<\/li>\n<li>Manuell \u00f6ppning och st\u00e4ngning<\/li>\n<li>Inkluderar PVC-p\u00e5se f\u00f6r s\u00e4ker f\u00f6rvaring och transport<\/li>\n<li>Snabb att montera och demontera<\/li>\n<li>Observera: Paraplyst\u00e4ll ing\u00e5r inte.<\/li>\n<\/ul>\n<h3>Teknisk data:<\/h3>\n<ul>\n<li>Material: metall, polyester<\/li>\n<li>F\u00e4rg: m\u00f6rkgr\u00f6n<\/li>\n<li>M\u00e5tt: 2,2 x H2,2m<\/li>\n<li>R\u00f6rdiameter: 22\/25mm<\/li>\n<li>Nettovikt: ca 2,5kg<\/li>\n<\/ul>\n<h3>Leveransens omfattning:<\/h3>\n<ul>\n<li>1 x Parasoll<\/li>\n<li>2 x sands\u00e4ck<\/li>\n<li>2 x sill<\/li>\n<\/ul>\n","protected":false},"excerpt":{"rendered":"<p>F\u00f6r alla som vill ha &#8221;hav&#8221; finns v\u00e5rt parasoll. Det \u00e4r den perfekta skuggf\u00f6rs\u00f6rjningen f\u00f6r hush\u00e5llsbruk. Den sk\u00e4r en fin&#8230;<\/p>\n","protected":false},"featured_media":14877,"template":"","meta":[],"product_brand":[],"product_cat":[472,471,435],"product_tag":[],"class_list":{"0":"post-14876","1":"product","2":"type-product","3":"status-publish","4":"has-post-thumbnail","6":"product_cat-parasoller","7":"product_cat-solskydd-integritetsskydd","8":"product_cat-tradgard-och-terrass","10":"first","11":"instock","12":"sale","13":"taxable","14":"shipping-taxable","15":"purchasable","16":"product-type-simple"},"yoast_head":"<!-- This site is optimized with the Yoast SEO plugin v25.4 - https:\/\/yoast.com\/wordpress\/plugins\/seo\/ -->\n<title>TRUUSK Strandparasoll med Sidov\u00e4ggar - Solskydd Polyester - M\u00f6rkgr\u00f6n - 2,2 x H2,2m - TRUUSK - Hem, Tr\u00e4dg\u00e5rd &amp; Fritid<\/title>\n<meta name=\"robots\" content=\"index, follow, max-snippet:-1, max-image-preview:large, max-video-preview:-1\" \/>\n<link rel=\"canonical\" href=\"https:\/\/truusk.store\/sv\/produkt\/truusk-strandparasoll-med-sidovaggar-solskydd-polyester-morkgron-22-x-h22m\/\" \/>\n<meta property=\"og:locale\" content=\"sv_SE\" \/>\n<meta property=\"og:type\" content=\"article\" \/>\n<meta property=\"og:title\" content=\"TRUUSK Strandparasoll med Sidov\u00e4ggar - Solskydd Polyester - M\u00f6rkgr\u00f6n - 2,2 x H2,2m - TRUUSK - Hem, Tr\u00e4dg\u00e5rd &amp; Fritid\" \/>\n<meta property=\"og:description\" content=\"F\u00f6r alla som vill ha &#8221;hav&#8221; finns v\u00e5rt parasoll. Det \u00e4r den perfekta skuggf\u00f6rs\u00f6rjningen f\u00f6r hush\u00e5llsbruk. Den sk\u00e4r en fin...\" \/>\n<meta property=\"og:url\" content=\"https:\/\/truusk.store\/sv\/produkt\/truusk-strandparasoll-med-sidovaggar-solskydd-polyester-morkgron-22-x-h22m\/\" \/>\n<meta property=\"og:site_name\" content=\"TRUUSK - Hem, Tr\u00e4dg\u00e5rd &amp; Fritid\" \/>\n<meta property=\"article:modified_time\" content=\"2026-03-12T07:59:26+00:00\" \/>\n<meta property=\"og:image\" content=\"https:\/\/i0.wp.com\/truusk.se\/wp-content\/uploads\/2024\/02\/parasoll-strandparasoll-solskydd-med-sidovagg-strandpolyester-morkgron-22-x-h22m.webp?fit=800%2C800&ssl=1\" \/>\n\t<meta property=\"og:image:width\" content=\"800\" \/>\n\t<meta property=\"og:image:height\" content=\"800\" \/>\n\t<meta property=\"og:image:type\" content=\"image\/webp\" \/>\n<meta name=\"twitter:card\" content=\"summary_large_image\" \/>\n<meta name=\"twitter:label1\" content=\"Ber\u00e4knad l\u00e4stid\" \/>\n\t<meta name=\"twitter:data1\" content=\"1 minut\" \/>\n<!-- \/ Yoast SEO plugin. -->","yoast_head_json":{"title":"TRUUSK Strandparasoll med Sidov\u00e4ggar - Solskydd Polyester - M\u00f6rkgr\u00f6n - 2,2 x H2,2m - TRUUSK - Hem, Tr\u00e4dg\u00e5rd &amp; Fritid","robots":{"index":"index","follow":"follow","max-snippet":"max-snippet:-1","max-image-preview":"max-image-preview:large","max-video-preview":"max-video-preview:-1"},"canonical":"https:\/\/truusk.store\/sv\/produkt\/truusk-strandparasoll-med-sidovaggar-solskydd-polyester-morkgron-22-x-h22m\/","og_locale":"sv_SE","og_type":"article","og_title":"TRUUSK Strandparasoll med Sidov\u00e4ggar - Solskydd Polyester - M\u00f6rkgr\u00f6n - 2,2 x H2,2m - TRUUSK - Hem, Tr\u00e4dg\u00e5rd &amp; Fritid","og_description":"F\u00f6r alla som vill ha &#8221;hav&#8221; finns v\u00e5rt parasoll. Det \u00e4r den perfekta skuggf\u00f6rs\u00f6rjningen f\u00f6r hush\u00e5llsbruk. Den sk\u00e4r en fin...","og_url":"https:\/\/truusk.store\/sv\/produkt\/truusk-strandparasoll-med-sidovaggar-solskydd-polyester-morkgron-22-x-h22m\/","og_site_name":"TRUUSK - Hem, Tr\u00e4dg\u00e5rd &amp; Fritid","article_modified_time":"2026-03-12T07:59:26+00:00","og_image":[{"width":800,"height":800,"url":"https:\/\/i0.wp.com\/truusk.se\/wp-content\/uploads\/2024\/02\/parasoll-strandparasoll-solskydd-med-sidovagg-strandpolyester-morkgron-22-x-h22m.webp?fit=800%2C800&ssl=1","type":"image\/webp"}],"twitter_card":"summary_large_image","twitter_misc":{"Ber\u00e4knad l\u00e4stid":"1 minut"},"schema":{"@context":"https:\/\/schema.org","@graph":[{"@type":"WebPage","@id":"https:\/\/truusk.store\/sv\/produkt\/truusk-strandparasoll-med-sidovaggar-solskydd-polyester-morkgron-22-x-h22m\/","url":"https:\/\/truusk.store\/sv\/produkt\/truusk-strandparasoll-med-sidovaggar-solskydd-polyester-morkgron-22-x-h22m\/","name":"TRUUSK Strandparasoll med Sidov\u00e4ggar - Solskydd Polyester - M\u00f6rkgr\u00f6n - 2,2 x H2,2m - TRUUSK - Hem, Tr\u00e4dg\u00e5rd &amp; Fritid","isPartOf":{"@id":"https:\/\/truusk.store\/sv\/#website"},"primaryImageOfPage":{"@id":"https:\/\/truusk.store\/sv\/produkt\/truusk-strandparasoll-med-sidovaggar-solskydd-polyester-morkgron-22-x-h22m\/#primaryimage"},"image":{"@id":"https:\/\/truusk.store\/sv\/produkt\/truusk-strandparasoll-med-sidovaggar-solskydd-polyester-morkgron-22-x-h22m\/#primaryimage"},"thumbnailUrl":"https:\/\/i0.wp.com\/truusk.store\/wp-content\/uploads\/2024\/02\/parasoll-strandparasoll-solskydd-med-sidovagg-strandpolyester-morkgron-22-x-h22m.webp?fit=800%2C800&ssl=1","datePublished":"2024-02-13T11:18:29+00:00","dateModified":"2026-03-12T07:59:26+00:00","breadcrumb":{"@id":"https:\/\/truusk.store\/sv\/produkt\/truusk-strandparasoll-med-sidovaggar-solskydd-polyester-morkgron-22-x-h22m\/#breadcrumb"},"inLanguage":"sv-SE","potentialAction":[{"@type":"ReadAction","target":["https:\/\/truusk.store\/sv\/produkt\/truusk-strandparasoll-med-sidovaggar-solskydd-polyester-morkgron-22-x-h22m\/"]}]},{"@type":"ImageObject","inLanguage":"sv-SE","@id":"https:\/\/truusk.store\/sv\/produkt\/truusk-strandparasoll-med-sidovaggar-solskydd-polyester-morkgron-22-x-h22m\/#primaryimage","url":"https:\/\/i0.wp.com\/truusk.store\/wp-content\/uploads\/2024\/02\/parasoll-strandparasoll-solskydd-med-sidovagg-strandpolyester-morkgron-22-x-h22m.webp?fit=800%2C800&ssl=1","contentUrl":"https:\/\/i0.wp.com\/truusk.store\/wp-content\/uploads\/2024\/02\/parasoll-strandparasoll-solskydd-med-sidovagg-strandpolyester-morkgron-22-x-h22m.webp?fit=800%2C800&ssl=1","width":800,"height":800,"caption":"Parasoll Strandparasoll Solskydd Med Sidov\u00e4gg Strandpolyester M\u00f6rkgr\u00f6n 2,2 X H2,2m 1"},{"@type":"BreadcrumbList","@id":"https:\/\/truusk.store\/sv\/produkt\/truusk-strandparasoll-med-sidovaggar-solskydd-polyester-morkgron-22-x-h22m\/#breadcrumb","itemListElement":[{"@type":"ListItem","position":1,"name":"Home","item":"https:\/\/truusk.store\/sv\/"},{"@type":"ListItem","position":2,"name":"Shop","item":"https:\/\/truusk.store\/shop\/"},{"@type":"ListItem","position":3,"name":"TRUUSK Strandparasoll med Sidov\u00e4ggar &#8211; Solskydd Polyester &#8211; M\u00f6rkgr\u00f6n &#8211; 2,2 x H2,2m"}]},{"@type":"WebSite","@id":"https:\/\/truusk.store\/sv\/#website","url":"https:\/\/truusk.store\/sv\/","name":"TRUUSK - Hem, Tr\u00e4dg\u00e5rd & Fritid","description":"","publisher":{"@id":"https:\/\/truusk.store\/sv\/#organization"},"potentialAction":[{"@type":"SearchAction","target":{"@type":"EntryPoint","urlTemplate":"https:\/\/truusk.store\/sv\/?s={search_term_string}"},"query-input":{"@type":"PropertyValueSpecification","valueRequired":true,"valueName":"search_term_string"}}],"inLanguage":"sv-SE"},{"@type":"Organization","@id":"https:\/\/truusk.store\/sv\/#organization","name":"TRUUSK - Hem, Tr\u00e4dg\u00e5rd & Fritid","url":"https:\/\/truusk.store\/sv\/","logo":{"@type":"ImageObject","inLanguage":"sv-SE","@id":"https:\/\/truusk.store\/sv\/#\/schema\/logo\/image\/","url":"https:\/\/i0.wp.com\/truusk.store\/wp-content\/uploads\/2026\/03\/cropped-TRUUSK.png?fit=2032%2C917&ssl=1","contentUrl":"https:\/\/i0.wp.com\/truusk.store\/wp-content\/uploads\/2026\/03\/cropped-TRUUSK.png?fit=2032%2C917&ssl=1","width":2032,"height":917,"caption":"TRUUSK - Hem, Tr\u00e4dg\u00e5rd & Fritid"},"image":{"@id":"https:\/\/truusk.store\/sv\/#\/schema\/logo\/image\/"}}]}},"jetpack_sharing_enabled":true,"_links":{"self":[{"href":"https:\/\/truusk.store\/sv\/wp-json\/wp\/v2\/product\/14876","targetHints":{"allow":["GET"]}}],"collection":[{"href":"https:\/\/truusk.store\/sv\/wp-json\/wp\/v2\/product"}],"about":[{"href":"https:\/\/truusk.store\/sv\/wp-json\/wp\/v2\/types\/product"}],"wp:featuredmedia":[{"embeddable":true,"href":"https:\/\/truusk.store\/sv\/wp-json\/wp\/v2\/media\/14877"}],"wp:attachment":[{"href":"https:\/\/truusk.store\/sv\/wp-json\/wp\/v2\/media?parent=14876"}],"wp:term":[{"taxonomy":"product_brand","embeddable":true,"href":"https:\/\/truusk.store\/sv\/wp-json\/wp\/v2\/product_brand?post=14876"},{"taxonomy":"product_cat","embeddable":true,"href":"https:\/\/truusk.store\/sv\/wp-json\/wp\/v2\/product_cat?post=14876"},{"taxonomy":"product_tag","embeddable":true,"href":"https:\/\/truusk.store\/sv\/wp-json\/wp\/v2\/product_tag?post=14876"}],"curies":[{"name":"wp","href":"https:\/\/api.w.org\/{rel}","templated":true}]}}