{"id":14950,"date":"2024-02-13T12:20:40","date_gmt":"2024-02-13T11:20:40","guid":{"rendered":"https:\/\/truusk.store\/product\/julgran-med-dekoration-200-lysdioder-745-spetsar-112-x-h180-cm\/"},"modified":"2026-03-12T08:59:27","modified_gmt":"2026-03-12T07:59:27","slug":"truusk-julgran-med-dekoration-200-lysdioder-745-spetsar-112-x-h180-cm","status":"publish","type":"product","link":"https:\/\/truusk.store\/sv\/produkt\/truusk-julgran-med-dekoration-200-lysdioder-745-spetsar-112-x-h180-cm\/","title":{"rendered":"TRUUSK Julgran med Dekoration &#8211; 200 Lysdioder &#8211; 745 Spetsar &#8211; 112 x H180 cm"},"content":{"rendered":"<p>Adventstiden knackar snart p\u00e5 din d\u00f6rr igen. V\u00e4lkommen den mest eftert\u00e4nksamma tiden p\u00e5 \u00e5ret festligt och l\u00e5t dig f\u00f6rtrollas av v\u00e5r 180 cm h\u00f6ga konstgjorda julgran. Denna konstgjorda gran imponerar med sitt frodiga och behagliga gr\u00f6na handarbete. Totalt 745 spetsar skapar en naturlig bild och \u00e4r dekorerade med de medf\u00f6ljande julgranskulorna och 200-LED-ljusslingan. Ta med julmagi i ditt hem varje \u00e5r!<\/p>\n<h3>Beskrivning:<\/h3>\n<ul>\n<li>Slitstark, flamskyddad PVC-n\u00e5lkl\u00e4nning<\/li>\n<li>745 n\u00e5lspetsar ger gott om plats f\u00f6r dekorativa tr\u00e4ddekorationer<\/li>\n<li>St\u00e4mningsfulla fairy lights med 200 varmvita lysdioder<\/li>\n<li>Inkluderar festliga julgranskulor<\/li>\n<li>S\u00e4ker st\u00e4llning tack vare ett stabilt stativ<\/li>\n<li>\u00c5teranv\u00e4ndbar, n\u00e5lar inte, perfekt f\u00f6r upprepad anv\u00e4ndning vid jul<\/li>\n<li>Snabb montering<\/li>\n<\/ul>\n<h3>Teknisk data:<\/h3>\n<ul>\n<li>Material: PVC, metall<\/li>\n<li>F\u00e4rg: gr\u00f6n<\/li>\n<li>LED-f\u00e4rg: varmvit<\/li>\n<li>Totalm\u00e5tt: 112 x H180 cm<\/li>\n<li>Transformatorsp\u00e4nning: 100-240V \/ 50Hz<\/li>\n<li>H\u00f6gsta antal: 745<\/li>\n<li>Vikt: 7 kg<\/li>\n<li>Kabell\u00e4ngd: 1,8 m<\/li>\n<\/ul>\n<h3>Leveransens omfattning:<\/h3>\n<ul>\n<li>1 x julgran inklusive stativ<\/li>\n<li>200 LED-lampor<\/li>\n<li>Julgranskulor<\/li>\n<\/ul>\n","protected":false},"excerpt":{"rendered":"<p>Adventstiden knackar snart p\u00e5 din d\u00f6rr igen. V\u00e4lkommen den mest eftert\u00e4nksamma tiden p\u00e5 \u00e5ret festligt och l\u00e5t dig f\u00f6rtrollas av&#8230;<\/p>\n","protected":false},"featured_media":14951,"template":"","meta":[],"product_brand":[],"product_cat":[705,706,709],"product_tag":[],"class_list":{"0":"post-14950","1":"product","2":"type-product","3":"status-publish","4":"has-post-thumbnail","6":"product_cat-julens-varld","7":"product_cat-julgranar","8":"product_cat-julgranar-over-180cm","10":"first","11":"instock","12":"sale","13":"taxable","14":"shipping-taxable","15":"purchasable","16":"product-type-simple"},"yoast_head":"<!-- This site is optimized with the Yoast SEO plugin v25.4 - https:\/\/yoast.com\/wordpress\/plugins\/seo\/ -->\n<title>TRUUSK Julgran med Dekoration - 200 Lysdioder - 745 Spetsar - 112 x H180 cm - TRUUSK - Hem, Tr\u00e4dg\u00e5rd &amp; Fritid<\/title>\n<meta name=\"robots\" content=\"index, follow, max-snippet:-1, max-image-preview:large, max-video-preview:-1\" \/>\n<link rel=\"canonical\" href=\"https:\/\/truusk.store\/sv\/produkt\/truusk-julgran-med-dekoration-200-lysdioder-745-spetsar-112-x-h180-cm\/\" \/>\n<meta property=\"og:locale\" content=\"sv_SE\" \/>\n<meta property=\"og:type\" content=\"article\" \/>\n<meta property=\"og:title\" content=\"TRUUSK Julgran med Dekoration - 200 Lysdioder - 745 Spetsar - 112 x H180 cm - TRUUSK - Hem, Tr\u00e4dg\u00e5rd &amp; Fritid\" \/>\n<meta property=\"og:description\" content=\"Adventstiden knackar snart p\u00e5 din d\u00f6rr igen. V\u00e4lkommen den mest eftert\u00e4nksamma tiden p\u00e5 \u00e5ret festligt och l\u00e5t dig f\u00f6rtrollas av...\" \/>\n<meta property=\"og:url\" content=\"https:\/\/truusk.store\/sv\/produkt\/truusk-julgran-med-dekoration-200-lysdioder-745-spetsar-112-x-h180-cm\/\" \/>\n<meta property=\"og:site_name\" content=\"TRUUSK - Hem, Tr\u00e4dg\u00e5rd &amp; Fritid\" \/>\n<meta property=\"article:modified_time\" content=\"2026-03-12T07:59:27+00:00\" \/>\n<meta property=\"og:image\" content=\"https:\/\/i0.wp.com\/truusk.se\/wp-content\/uploads\/2024\/02\/julgran-med-dekoration-200-lysdioder-745-spetsar-112-x-h180-cm.webp?fit=800%2C800&ssl=1\" \/>\n\t<meta property=\"og:image:width\" content=\"800\" \/>\n\t<meta property=\"og:image:height\" content=\"800\" \/>\n\t<meta property=\"og:image:type\" content=\"image\/webp\" \/>\n<meta name=\"twitter:card\" content=\"summary_large_image\" \/>\n<meta name=\"twitter:label1\" content=\"Ber\u00e4knad l\u00e4stid\" \/>\n\t<meta name=\"twitter:data1\" content=\"1 minut\" \/>\n<!-- \/ Yoast SEO plugin. -->","yoast_head_json":{"title":"TRUUSK Julgran med Dekoration - 200 Lysdioder - 745 Spetsar - 112 x H180 cm - TRUUSK - Hem, Tr\u00e4dg\u00e5rd &amp; Fritid","robots":{"index":"index","follow":"follow","max-snippet":"max-snippet:-1","max-image-preview":"max-image-preview:large","max-video-preview":"max-video-preview:-1"},"canonical":"https:\/\/truusk.store\/sv\/produkt\/truusk-julgran-med-dekoration-200-lysdioder-745-spetsar-112-x-h180-cm\/","og_locale":"sv_SE","og_type":"article","og_title":"TRUUSK Julgran med Dekoration - 200 Lysdioder - 745 Spetsar - 112 x H180 cm - TRUUSK - Hem, Tr\u00e4dg\u00e5rd &amp; Fritid","og_description":"Adventstiden knackar snart p\u00e5 din d\u00f6rr igen. V\u00e4lkommen den mest eftert\u00e4nksamma tiden p\u00e5 \u00e5ret festligt och l\u00e5t dig f\u00f6rtrollas av...","og_url":"https:\/\/truusk.store\/sv\/produkt\/truusk-julgran-med-dekoration-200-lysdioder-745-spetsar-112-x-h180-cm\/","og_site_name":"TRUUSK - Hem, Tr\u00e4dg\u00e5rd &amp; Fritid","article_modified_time":"2026-03-12T07:59:27+00:00","og_image":[{"width":800,"height":800,"url":"https:\/\/i0.wp.com\/truusk.se\/wp-content\/uploads\/2024\/02\/julgran-med-dekoration-200-lysdioder-745-spetsar-112-x-h180-cm.webp?fit=800%2C800&ssl=1","type":"image\/webp"}],"twitter_card":"summary_large_image","twitter_misc":{"Ber\u00e4knad l\u00e4stid":"1 minut"},"schema":{"@context":"https:\/\/schema.org","@graph":[{"@type":"WebPage","@id":"https:\/\/truusk.store\/sv\/produkt\/truusk-julgran-med-dekoration-200-lysdioder-745-spetsar-112-x-h180-cm\/","url":"https:\/\/truusk.store\/sv\/produkt\/truusk-julgran-med-dekoration-200-lysdioder-745-spetsar-112-x-h180-cm\/","name":"TRUUSK Julgran med Dekoration - 200 Lysdioder - 745 Spetsar - 112 x H180 cm - TRUUSK - Hem, Tr\u00e4dg\u00e5rd &amp; Fritid","isPartOf":{"@id":"https:\/\/truusk.store\/sv\/#website"},"primaryImageOfPage":{"@id":"https:\/\/truusk.store\/sv\/produkt\/truusk-julgran-med-dekoration-200-lysdioder-745-spetsar-112-x-h180-cm\/#primaryimage"},"image":{"@id":"https:\/\/truusk.store\/sv\/produkt\/truusk-julgran-med-dekoration-200-lysdioder-745-spetsar-112-x-h180-cm\/#primaryimage"},"thumbnailUrl":"https:\/\/i0.wp.com\/truusk.store\/wp-content\/uploads\/2024\/02\/julgran-med-dekoration-200-lysdioder-745-spetsar-112-x-h180-cm.webp?fit=800%2C800&ssl=1","datePublished":"2024-02-13T11:20:40+00:00","dateModified":"2026-03-12T07:59:27+00:00","breadcrumb":{"@id":"https:\/\/truusk.store\/sv\/produkt\/truusk-julgran-med-dekoration-200-lysdioder-745-spetsar-112-x-h180-cm\/#breadcrumb"},"inLanguage":"sv-SE","potentialAction":[{"@type":"ReadAction","target":["https:\/\/truusk.store\/sv\/produkt\/truusk-julgran-med-dekoration-200-lysdioder-745-spetsar-112-x-h180-cm\/"]}]},{"@type":"ImageObject","inLanguage":"sv-SE","@id":"https:\/\/truusk.store\/sv\/produkt\/truusk-julgran-med-dekoration-200-lysdioder-745-spetsar-112-x-h180-cm\/#primaryimage","url":"https:\/\/i0.wp.com\/truusk.store\/wp-content\/uploads\/2024\/02\/julgran-med-dekoration-200-lysdioder-745-spetsar-112-x-h180-cm.webp?fit=800%2C800&ssl=1","contentUrl":"https:\/\/i0.wp.com\/truusk.store\/wp-content\/uploads\/2024\/02\/julgran-med-dekoration-200-lysdioder-745-spetsar-112-x-h180-cm.webp?fit=800%2C800&ssl=1","width":800,"height":800,"caption":"Julgran Med Dekoration 200 Lysdioder 745 Spetsar 112 X H180 Cm 1"},{"@type":"BreadcrumbList","@id":"https:\/\/truusk.store\/sv\/produkt\/truusk-julgran-med-dekoration-200-lysdioder-745-spetsar-112-x-h180-cm\/#breadcrumb","itemListElement":[{"@type":"ListItem","position":1,"name":"Home","item":"https:\/\/truusk.store\/sv\/"},{"@type":"ListItem","position":2,"name":"Shop","item":"https:\/\/truusk.store\/shop\/"},{"@type":"ListItem","position":3,"name":"TRUUSK Julgran med Dekoration &#8211; 200 Lysdioder &#8211; 745 Spetsar &#8211; 112 x H180 cm"}]},{"@type":"WebSite","@id":"https:\/\/truusk.store\/sv\/#website","url":"https:\/\/truusk.store\/sv\/","name":"TRUUSK - Hem, Tr\u00e4dg\u00e5rd & Fritid","description":"","publisher":{"@id":"https:\/\/truusk.store\/sv\/#organization"},"potentialAction":[{"@type":"SearchAction","target":{"@type":"EntryPoint","urlTemplate":"https:\/\/truusk.store\/sv\/?s={search_term_string}"},"query-input":{"@type":"PropertyValueSpecification","valueRequired":true,"valueName":"search_term_string"}}],"inLanguage":"sv-SE"},{"@type":"Organization","@id":"https:\/\/truusk.store\/sv\/#organization","name":"TRUUSK - Hem, Tr\u00e4dg\u00e5rd & Fritid","url":"https:\/\/truusk.store\/sv\/","logo":{"@type":"ImageObject","inLanguage":"sv-SE","@id":"https:\/\/truusk.store\/sv\/#\/schema\/logo\/image\/","url":"https:\/\/i0.wp.com\/truusk.store\/wp-content\/uploads\/2026\/03\/cropped-TRUUSK.png?fit=2032%2C917&ssl=1","contentUrl":"https:\/\/i0.wp.com\/truusk.store\/wp-content\/uploads\/2026\/03\/cropped-TRUUSK.png?fit=2032%2C917&ssl=1","width":2032,"height":917,"caption":"TRUUSK - Hem, Tr\u00e4dg\u00e5rd & Fritid"},"image":{"@id":"https:\/\/truusk.store\/sv\/#\/schema\/logo\/image\/"}}]}},"jetpack_sharing_enabled":true,"_links":{"self":[{"href":"https:\/\/truusk.store\/sv\/wp-json\/wp\/v2\/product\/14950","targetHints":{"allow":["GET"]}}],"collection":[{"href":"https:\/\/truusk.store\/sv\/wp-json\/wp\/v2\/product"}],"about":[{"href":"https:\/\/truusk.store\/sv\/wp-json\/wp\/v2\/types\/product"}],"wp:featuredmedia":[{"embeddable":true,"href":"https:\/\/truusk.store\/sv\/wp-json\/wp\/v2\/media\/14951"}],"wp:attachment":[{"href":"https:\/\/truusk.store\/sv\/wp-json\/wp\/v2\/media?parent=14950"}],"wp:term":[{"taxonomy":"product_brand","embeddable":true,"href":"https:\/\/truusk.store\/sv\/wp-json\/wp\/v2\/product_brand?post=14950"},{"taxonomy":"product_cat","embeddable":true,"href":"https:\/\/truusk.store\/sv\/wp-json\/wp\/v2\/product_cat?post=14950"},{"taxonomy":"product_tag","embeddable":true,"href":"https:\/\/truusk.store\/sv\/wp-json\/wp\/v2\/product_tag?post=14950"}],"curies":[{"name":"wp","href":"https:\/\/api.w.org\/{rel}","templated":true}]}}