{"id":14992,"date":"2024-02-13T12:22:04","date_gmt":"2024-02-13T11:22:04","guid":{"rendered":"https:\/\/truusk.store\/product\/tunnelvaxthus-6-upprullbara-fonster-dorr-med-dragkedja-mogen-folie-metallram-35-x-3-x-2-m-vit\/"},"modified":"2026-03-12T08:59:27","modified_gmt":"2026-03-12T07:59:27","slug":"truusk-tunnelvaxthus-6-upprullbara-fonster-dorr-med-dragkedja-mogen-folie-metallram-35-x-3-x-2-m-vit","status":"publish","type":"product","link":"https:\/\/truusk.store\/sv\/produkt\/truusk-tunnelvaxthus-6-upprullbara-fonster-dorr-med-dragkedja-mogen-folie-metallram-35-x-3-x-2-m-vit\/","title":{"rendered":"TRUUSK Tunnelv\u00e4xthus &#8211; 6 Upprullbara F\u00f6nster &#8211; D\u00f6rr Med Dragkedja &#8211; Mogen Folie &#8211; Metallram &#8211; 3,5 X 3 X 2 M &#8211; Vit"},"content":{"rendered":"<p>\u00c4r du en passionerad tr\u00e4dg\u00e5rdsm\u00e4stare? D\u00e5 kan v\u00e5rt portabla walk-in-v\u00e4xthus vara n\u00e5got f\u00f6r dig. Detta v\u00e4xthus ger dina v\u00e4xter ett s\u00e4kert skydd mot djur och v\u00e4der och vind samtidigt som den h\u00e5ller den perfekta temperaturen. Med st\u00f6d av en robust pulverlackerad metallram kan du enkelt komma in i v\u00e4xthuset genom d\u00f6rren med dragkedja som skapar en luftt\u00e4t t\u00e4tning. En bra l\u00f6sning f\u00f6r alla tr\u00e4dg\u00e5rdsm\u00e4stare!<\/p>\n<h3>Beskrivning:<\/h3>\n<ul>\n<li>Idealiskt s\u00e4tt att f\u00f6rl\u00e4nga din v\u00e4xts\u00e4song och skydda v\u00e4xter<\/li>\n<li>Transparent UV- och v\u00e4derbest\u00e4ndig PE-film sl\u00e4pper in solljus i detta f\u00f6rst\u00e4rkta metallv\u00e4xthus<\/li>\n<li>Stabil, galvaniserad metallram<\/li>\n<li>6 f\u00f6nster i v\u00e4xthuset med myggn\u00e4t f\u00f6r ventilation och temperaturkontroll<\/li>\n<li>Tomathus rulld\u00f6rr med dragkedja kan f\u00e4stas p\u00e5 taket f\u00f6r att h\u00e5llas \u00f6ppen<\/li>\n<li>L\u00e4tt att montera, demontera och flytta eller transportera i tr\u00e4dg\u00e5rden<\/li>\n<li>Inneh\u00e5ller 4 grenrep och 4 pinnar<\/li>\n<li>V\u00e4nligen skydda eller ta bort filmen under kraftig sn\u00f6, stark vind och kraftigt regn<\/li>\n<\/ul>\n<h3>Teknisk data:<\/h3>\n<ul>\n<li>F\u00e4rg vit<\/li>\n<li>Material: metall, PE-\u00f6verdrag<\/li>\n<li>\u00d6vergripande m\u00e5tt: 350L x 300W x 200H cm<\/li>\n<li>F\u00f6nsterm\u00e5tt: 45L x 37W cm<\/li>\n<li>Travm\u00e5tt: 167L x 174H cm<\/li>\n<li>Tillbeh\u00f6r: 4 x sp\u00e4nnlinor, 4 x markspikar<\/li>\n<\/ul>\n<h3>Leveransens omfattning:<\/h3>\n<ul>\n<li>1 x foliev\u00e4xt<\/li>\n<li>4 x sp\u00e4nnlinor<\/li>\n<li>4 x markspetsar<\/li>\n<\/ul>\n","protected":false},"excerpt":{"rendered":"<p>\u00c4r du en passionerad tr\u00e4dg\u00e5rdsm\u00e4stare? D\u00e5 kan v\u00e5rt portabla walk-in-v\u00e4xthus vara n\u00e5got f\u00f6r dig. Detta v\u00e4xthus ger dina v\u00e4xter ett&#8230;<\/p>\n","protected":false},"featured_media":14993,"template":"","meta":[],"product_brand":[],"product_cat":[444,435,443],"product_tag":[],"class_list":{"0":"post-14992","1":"product","2":"type-product","3":"status-publish","4":"has-post-thumbnail","6":"product_cat-filma-vaxthus","7":"product_cat-tradgard-och-terrass","8":"product_cat-vaxthus-tradgardsskotsel","10":"first","11":"instock","12":"sale","13":"taxable","14":"shipping-taxable","15":"purchasable","16":"product-type-simple"},"yoast_head":"<!-- This site is optimized with the Yoast SEO plugin v25.4 - https:\/\/yoast.com\/wordpress\/plugins\/seo\/ -->\n<title>TRUUSK Tunnelv\u00e4xthus - 6 Upprullbara F\u00f6nster - D\u00f6rr Med Dragkedja - Mogen Folie - Metallram - 3,5 X 3 X 2 M - Vit - TRUUSK - Hem, Tr\u00e4dg\u00e5rd &amp; Fritid<\/title>\n<meta name=\"robots\" content=\"index, follow, max-snippet:-1, max-image-preview:large, max-video-preview:-1\" \/>\n<link rel=\"canonical\" href=\"https:\/\/truusk.store\/sv\/produkt\/truusk-tunnelvaxthus-6-upprullbara-fonster-dorr-med-dragkedja-mogen-folie-metallram-35-x-3-x-2-m-vit\/\" \/>\n<meta property=\"og:locale\" content=\"sv_SE\" \/>\n<meta property=\"og:type\" content=\"article\" \/>\n<meta property=\"og:title\" content=\"TRUUSK Tunnelv\u00e4xthus - 6 Upprullbara F\u00f6nster - D\u00f6rr Med Dragkedja - Mogen Folie - Metallram - 3,5 X 3 X 2 M - Vit - TRUUSK - Hem, Tr\u00e4dg\u00e5rd &amp; Fritid\" \/>\n<meta property=\"og:description\" content=\"\u00c4r du en passionerad tr\u00e4dg\u00e5rdsm\u00e4stare? D\u00e5 kan v\u00e5rt portabla walk-in-v\u00e4xthus vara n\u00e5got f\u00f6r dig. Detta v\u00e4xthus ger dina v\u00e4xter ett...\" \/>\n<meta property=\"og:url\" content=\"https:\/\/truusk.store\/sv\/produkt\/truusk-tunnelvaxthus-6-upprullbara-fonster-dorr-med-dragkedja-mogen-folie-metallram-35-x-3-x-2-m-vit\/\" \/>\n<meta property=\"og:site_name\" content=\"TRUUSK - Hem, Tr\u00e4dg\u00e5rd &amp; Fritid\" \/>\n<meta property=\"article:modified_time\" content=\"2026-03-12T07:59:27+00:00\" \/>\n<meta property=\"og:image\" content=\"https:\/\/i0.wp.com\/truusk.se\/wp-content\/uploads\/2024\/02\/tunnelvaxthus-6-upprullbara-fonster-dorr-med-dragkedja-mogen-folie-metallram-35-x-3-x-2-m-vit.webp?fit=800%2C800&ssl=1\" \/>\n\t<meta property=\"og:image:width\" content=\"800\" \/>\n\t<meta property=\"og:image:height\" content=\"800\" \/>\n\t<meta property=\"og:image:type\" content=\"image\/webp\" \/>\n<meta name=\"twitter:card\" content=\"summary_large_image\" \/>\n<meta name=\"twitter:label1\" content=\"Ber\u00e4knad l\u00e4stid\" \/>\n\t<meta name=\"twitter:data1\" content=\"1 minut\" \/>\n<!-- \/ Yoast SEO plugin. -->","yoast_head_json":{"title":"TRUUSK Tunnelv\u00e4xthus - 6 Upprullbara F\u00f6nster - D\u00f6rr Med Dragkedja - Mogen Folie - Metallram - 3,5 X 3 X 2 M - Vit - TRUUSK - Hem, Tr\u00e4dg\u00e5rd &amp; Fritid","robots":{"index":"index","follow":"follow","max-snippet":"max-snippet:-1","max-image-preview":"max-image-preview:large","max-video-preview":"max-video-preview:-1"},"canonical":"https:\/\/truusk.store\/sv\/produkt\/truusk-tunnelvaxthus-6-upprullbara-fonster-dorr-med-dragkedja-mogen-folie-metallram-35-x-3-x-2-m-vit\/","og_locale":"sv_SE","og_type":"article","og_title":"TRUUSK Tunnelv\u00e4xthus - 6 Upprullbara F\u00f6nster - D\u00f6rr Med Dragkedja - Mogen Folie - Metallram - 3,5 X 3 X 2 M - Vit - TRUUSK - Hem, Tr\u00e4dg\u00e5rd &amp; Fritid","og_description":"\u00c4r du en passionerad tr\u00e4dg\u00e5rdsm\u00e4stare? D\u00e5 kan v\u00e5rt portabla walk-in-v\u00e4xthus vara n\u00e5got f\u00f6r dig. Detta v\u00e4xthus ger dina v\u00e4xter ett...","og_url":"https:\/\/truusk.store\/sv\/produkt\/truusk-tunnelvaxthus-6-upprullbara-fonster-dorr-med-dragkedja-mogen-folie-metallram-35-x-3-x-2-m-vit\/","og_site_name":"TRUUSK - Hem, Tr\u00e4dg\u00e5rd &amp; Fritid","article_modified_time":"2026-03-12T07:59:27+00:00","og_image":[{"width":800,"height":800,"url":"https:\/\/i0.wp.com\/truusk.se\/wp-content\/uploads\/2024\/02\/tunnelvaxthus-6-upprullbara-fonster-dorr-med-dragkedja-mogen-folie-metallram-35-x-3-x-2-m-vit.webp?fit=800%2C800&ssl=1","type":"image\/webp"}],"twitter_card":"summary_large_image","twitter_misc":{"Ber\u00e4knad l\u00e4stid":"1 minut"},"schema":{"@context":"https:\/\/schema.org","@graph":[{"@type":"WebPage","@id":"https:\/\/truusk.store\/sv\/produkt\/truusk-tunnelvaxthus-6-upprullbara-fonster-dorr-med-dragkedja-mogen-folie-metallram-35-x-3-x-2-m-vit\/","url":"https:\/\/truusk.store\/sv\/produkt\/truusk-tunnelvaxthus-6-upprullbara-fonster-dorr-med-dragkedja-mogen-folie-metallram-35-x-3-x-2-m-vit\/","name":"TRUUSK Tunnelv\u00e4xthus - 6 Upprullbara F\u00f6nster - D\u00f6rr Med Dragkedja - Mogen Folie - Metallram - 3,5 X 3 X 2 M - Vit - TRUUSK - Hem, Tr\u00e4dg\u00e5rd &amp; Fritid","isPartOf":{"@id":"https:\/\/truusk.store\/sv\/#website"},"primaryImageOfPage":{"@id":"https:\/\/truusk.store\/sv\/produkt\/truusk-tunnelvaxthus-6-upprullbara-fonster-dorr-med-dragkedja-mogen-folie-metallram-35-x-3-x-2-m-vit\/#primaryimage"},"image":{"@id":"https:\/\/truusk.store\/sv\/produkt\/truusk-tunnelvaxthus-6-upprullbara-fonster-dorr-med-dragkedja-mogen-folie-metallram-35-x-3-x-2-m-vit\/#primaryimage"},"thumbnailUrl":"https:\/\/i0.wp.com\/truusk.store\/wp-content\/uploads\/2024\/02\/tunnelvaxthus-6-upprullbara-fonster-dorr-med-dragkedja-mogen-folie-metallram-35-x-3-x-2-m-vit.webp?fit=800%2C800&ssl=1","datePublished":"2024-02-13T11:22:04+00:00","dateModified":"2026-03-12T07:59:27+00:00","breadcrumb":{"@id":"https:\/\/truusk.store\/sv\/produkt\/truusk-tunnelvaxthus-6-upprullbara-fonster-dorr-med-dragkedja-mogen-folie-metallram-35-x-3-x-2-m-vit\/#breadcrumb"},"inLanguage":"sv-SE","potentialAction":[{"@type":"ReadAction","target":["https:\/\/truusk.store\/sv\/produkt\/truusk-tunnelvaxthus-6-upprullbara-fonster-dorr-med-dragkedja-mogen-folie-metallram-35-x-3-x-2-m-vit\/"]}]},{"@type":"ImageObject","inLanguage":"sv-SE","@id":"https:\/\/truusk.store\/sv\/produkt\/truusk-tunnelvaxthus-6-upprullbara-fonster-dorr-med-dragkedja-mogen-folie-metallram-35-x-3-x-2-m-vit\/#primaryimage","url":"https:\/\/i0.wp.com\/truusk.store\/wp-content\/uploads\/2024\/02\/tunnelvaxthus-6-upprullbara-fonster-dorr-med-dragkedja-mogen-folie-metallram-35-x-3-x-2-m-vit.webp?fit=800%2C800&ssl=1","contentUrl":"https:\/\/i0.wp.com\/truusk.store\/wp-content\/uploads\/2024\/02\/tunnelvaxthus-6-upprullbara-fonster-dorr-med-dragkedja-mogen-folie-metallram-35-x-3-x-2-m-vit.webp?fit=800%2C800&ssl=1","width":800,"height":800,"caption":"Tunnelv\u00e4xthus, 6 Upprullbara F\u00f6nster, D\u00f6rr Med Dragkedja, Mogen Folie, Metallram, 3,5 X 3 X 2 M, Vit 1"},{"@type":"BreadcrumbList","@id":"https:\/\/truusk.store\/sv\/produkt\/truusk-tunnelvaxthus-6-upprullbara-fonster-dorr-med-dragkedja-mogen-folie-metallram-35-x-3-x-2-m-vit\/#breadcrumb","itemListElement":[{"@type":"ListItem","position":1,"name":"Home","item":"https:\/\/truusk.store\/sv\/"},{"@type":"ListItem","position":2,"name":"Shop","item":"https:\/\/truusk.store\/shop\/"},{"@type":"ListItem","position":3,"name":"TRUUSK Tunnelv\u00e4xthus &#8211; 6 Upprullbara F\u00f6nster &#8211; D\u00f6rr Med Dragkedja &#8211; Mogen Folie &#8211; Metallram &#8211; 3,5 X 3 X 2 M &#8211; Vit"}]},{"@type":"WebSite","@id":"https:\/\/truusk.store\/sv\/#website","url":"https:\/\/truusk.store\/sv\/","name":"TRUUSK - Hem, Tr\u00e4dg\u00e5rd & Fritid","description":"","publisher":{"@id":"https:\/\/truusk.store\/sv\/#organization"},"potentialAction":[{"@type":"SearchAction","target":{"@type":"EntryPoint","urlTemplate":"https:\/\/truusk.store\/sv\/?s={search_term_string}"},"query-input":{"@type":"PropertyValueSpecification","valueRequired":true,"valueName":"search_term_string"}}],"inLanguage":"sv-SE"},{"@type":"Organization","@id":"https:\/\/truusk.store\/sv\/#organization","name":"TRUUSK - Hem, Tr\u00e4dg\u00e5rd & Fritid","url":"https:\/\/truusk.store\/sv\/","logo":{"@type":"ImageObject","inLanguage":"sv-SE","@id":"https:\/\/truusk.store\/sv\/#\/schema\/logo\/image\/","url":"https:\/\/i0.wp.com\/truusk.store\/wp-content\/uploads\/2026\/03\/cropped-TRUUSK.png?fit=2032%2C917&ssl=1","contentUrl":"https:\/\/i0.wp.com\/truusk.store\/wp-content\/uploads\/2026\/03\/cropped-TRUUSK.png?fit=2032%2C917&ssl=1","width":2032,"height":917,"caption":"TRUUSK - Hem, Tr\u00e4dg\u00e5rd & Fritid"},"image":{"@id":"https:\/\/truusk.store\/sv\/#\/schema\/logo\/image\/"}}]}},"jetpack_sharing_enabled":true,"_links":{"self":[{"href":"https:\/\/truusk.store\/sv\/wp-json\/wp\/v2\/product\/14992","targetHints":{"allow":["GET"]}}],"collection":[{"href":"https:\/\/truusk.store\/sv\/wp-json\/wp\/v2\/product"}],"about":[{"href":"https:\/\/truusk.store\/sv\/wp-json\/wp\/v2\/types\/product"}],"wp:featuredmedia":[{"embeddable":true,"href":"https:\/\/truusk.store\/sv\/wp-json\/wp\/v2\/media\/14993"}],"wp:attachment":[{"href":"https:\/\/truusk.store\/sv\/wp-json\/wp\/v2\/media?parent=14992"}],"wp:term":[{"taxonomy":"product_brand","embeddable":true,"href":"https:\/\/truusk.store\/sv\/wp-json\/wp\/v2\/product_brand?post=14992"},{"taxonomy":"product_cat","embeddable":true,"href":"https:\/\/truusk.store\/sv\/wp-json\/wp\/v2\/product_cat?post=14992"},{"taxonomy":"product_tag","embeddable":true,"href":"https:\/\/truusk.store\/sv\/wp-json\/wp\/v2\/product_tag?post=14992"}],"curies":[{"name":"wp","href":"https:\/\/api.w.org\/{rel}","templated":true}]}}