{"id":14999,"date":"2024-02-13T12:22:18","date_gmt":"2024-02-13T11:22:18","guid":{"rendered":"https:\/\/truusk.store\/product\/tradgardsskap-bod-med-2-dorrar-verktygsskap-med-asfalttak-tradgardsforvaringsskap-antidumpningsdesign-med-slipad-spik-gran-gravit-139-x-75-x-160-cm\/"},"modified":"2026-03-12T08:59:28","modified_gmt":"2026-03-12T07:59:28","slug":"truusk-tradgardsskap-med-2-dorrar-verktygsskap-med-asfalttak-antidumpningsdesign-gran-gravit-139-x-75-x-160-cm","status":"publish","type":"product","link":"https:\/\/truusk.store\/sv\/produkt\/truusk-tradgardsskap-med-2-dorrar-verktygsskap-med-asfalttak-antidumpningsdesign-gran-gravit-139-x-75-x-160-cm\/","title":{"rendered":"TRUUSK Tr\u00e4dg\u00e5rdssk\u00e5p med 2 d\u00f6rrar &#8211; Verktygssk\u00e5p med asfalttak &#8211; Antidumpningsdesign &#8211; Gran &#8211; Gr\u00e5+vit &#8211; 139 x 75 x 160 cm"},"content":{"rendered":"<p>Denna redskapsbod \u00e4r en s\u00e4ker och praktisk f\u00f6rvaringsplats f\u00f6r dina tr\u00e4dg\u00e5rdstillbeh\u00f6r och redskap. Den rustika designen passar bra in i alla tr\u00e4dg\u00e5rdar. Den robusta konstruktionen av lackerat grantr\u00e4 \u00e4r vattenavvisande och v\u00e4derbest\u00e4ndig. Medf\u00f6ljer ett separat bord f\u00f6r tr\u00e4dg\u00e5rdsarbete som \u00e4ven kan anv\u00e4ndas som pall. Detta tr\u00e4dg\u00e5rdsskjul skyddar dina tr\u00e4dg\u00e5rdstillbeh\u00f6r fr\u00e5n vind och v\u00e4der.<\/p>\n<h3>Beskrivning:<\/h3>\n<ul>\n<li>Denna tr\u00e4dg\u00e5rdshylla \u00e4r idealisk f\u00f6r f\u00f6rvaring av tr\u00e4dg\u00e5rdsredskap som slangar, krukor, verktyg och tr\u00e4dg\u00e5rdstillbeh\u00f6r<\/li>\n<li>Utrustad med tr\u00e4dg\u00e5rdsbord<\/li>\n<li>Med L-formade fasta beslag och markspikar f\u00f6r att f\u00e4sta redskapsboden i marken<\/li>\n<li>Utrustad med tv\u00e5 pipbultar f\u00f6r att st\u00e4nga d\u00f6rren<\/li>\n<li>Ett vattent\u00e4tt asfalttak<\/li>\n<li>Stabil ram f\u00f6r mer stabilitet<\/li>\n<li>Dubbla d\u00f6rrar f\u00f6r enkel \u00e5tkomst<\/li>\n<li>Montering kr\u00e4vs<\/li>\n<\/ul>\n<h3>Teknisk data:<\/h3>\n<ul>\n<li>F\u00e4rg: Gr\u00e5+vit<\/li>\n<li>Material: gran<\/li>\n<li>\u00d6vergripande m\u00e5tt: 139W x 75D x 147\/160H cm<\/li>\n<li>Basstorlek: 124,5W x 65D cm<\/li>\n<li>Enkeld\u00f6rrstorlek: 54W x 132H cm<\/li>\n<li>Fe h\u00f6jd: 6 cm<\/li>\n<li>Lastkapacitet: 40 kg<\/li>\n<\/ul>\n<h3>Leveransens omfattning:<\/h3>\n<ul>\n<li>1 x odlingsbod<\/li>\n<li>4 x slipade naglar<\/li>\n<li>1 x Instruktioner<\/li>\n<li>VIKTIGT: Vi levererar varan till trottoarkanten utan kostnad. Se till att du anger r\u00e4tt adress och telefonnummer.<\/li>\n<\/ul>\n","protected":false},"excerpt":{"rendered":"<p>Denna redskapsbod \u00e4r en s\u00e4ker och praktisk f\u00f6rvaringsplats f\u00f6r dina tr\u00e4dg\u00e5rdstillbeh\u00f6r och redskap. Den rustika designen passar bra in i&#8230;<\/p>\n","protected":false},"featured_media":15000,"template":"","meta":[],"product_brand":[],"product_cat":[436,435,437],"product_tag":[],"class_list":{"0":"post-14999","1":"product","2":"type-product","3":"status-publish","4":"has-post-thumbnail","6":"product_cat-bestall-i-tradgarden","7":"product_cat-tradgard-och-terrass","8":"product_cat-tradgardsskap","10":"first","11":"instock","12":"sale","13":"taxable","14":"shipping-taxable","15":"purchasable","16":"product-type-simple"},"yoast_head":"<!-- This site is optimized with the Yoast SEO plugin v25.4 - https:\/\/yoast.com\/wordpress\/plugins\/seo\/ -->\n<title>TRUUSK Tr\u00e4dg\u00e5rdssk\u00e5p med 2 d\u00f6rrar - Verktygssk\u00e5p med asfalttak - Antidumpningsdesign - Gran - Gr\u00e5+vit - 139 x 75 x 160 cm - TRUUSK - Hem, Tr\u00e4dg\u00e5rd &amp; Fritid<\/title>\n<meta name=\"robots\" content=\"index, follow, max-snippet:-1, max-image-preview:large, max-video-preview:-1\" \/>\n<link rel=\"canonical\" href=\"https:\/\/truusk.store\/sv\/produkt\/truusk-tradgardsskap-med-2-dorrar-verktygsskap-med-asfalttak-antidumpningsdesign-gran-gravit-139-x-75-x-160-cm\/\" \/>\n<meta property=\"og:locale\" content=\"sv_SE\" \/>\n<meta property=\"og:type\" content=\"article\" \/>\n<meta property=\"og:title\" content=\"TRUUSK Tr\u00e4dg\u00e5rdssk\u00e5p med 2 d\u00f6rrar - Verktygssk\u00e5p med asfalttak - Antidumpningsdesign - Gran - Gr\u00e5+vit - 139 x 75 x 160 cm - TRUUSK - Hem, Tr\u00e4dg\u00e5rd &amp; Fritid\" \/>\n<meta property=\"og:description\" content=\"Denna redskapsbod \u00e4r en s\u00e4ker och praktisk f\u00f6rvaringsplats f\u00f6r dina tr\u00e4dg\u00e5rdstillbeh\u00f6r och redskap. Den rustika designen passar bra in i...\" \/>\n<meta property=\"og:url\" content=\"https:\/\/truusk.store\/sv\/produkt\/truusk-tradgardsskap-med-2-dorrar-verktygsskap-med-asfalttak-antidumpningsdesign-gran-gravit-139-x-75-x-160-cm\/\" \/>\n<meta property=\"og:site_name\" content=\"TRUUSK - Hem, Tr\u00e4dg\u00e5rd &amp; Fritid\" \/>\n<meta property=\"article:modified_time\" content=\"2026-03-12T07:59:28+00:00\" \/>\n<meta property=\"og:image\" content=\"https:\/\/i0.wp.com\/truusk.se\/wp-content\/uploads\/2024\/02\/tradgardsskap-bod-med-2-dorrar-verktygsskap-med-asfalttak-tradgardsforvaringsskap-antidumpningsdesign-med-slipad-spik-gran-gravit-139-x-75-x-160-cm.webp?fit=800%2C800&ssl=1\" \/>\n\t<meta property=\"og:image:width\" content=\"800\" \/>\n\t<meta property=\"og:image:height\" content=\"800\" \/>\n\t<meta property=\"og:image:type\" content=\"image\/webp\" \/>\n<meta name=\"twitter:card\" content=\"summary_large_image\" \/>\n<meta name=\"twitter:label1\" content=\"Ber\u00e4knad l\u00e4stid\" \/>\n\t<meta name=\"twitter:data1\" content=\"1 minut\" \/>\n<!-- \/ Yoast SEO plugin. -->","yoast_head_json":{"title":"TRUUSK Tr\u00e4dg\u00e5rdssk\u00e5p med 2 d\u00f6rrar - Verktygssk\u00e5p med asfalttak - Antidumpningsdesign - Gran - Gr\u00e5+vit - 139 x 75 x 160 cm - TRUUSK - Hem, Tr\u00e4dg\u00e5rd &amp; Fritid","robots":{"index":"index","follow":"follow","max-snippet":"max-snippet:-1","max-image-preview":"max-image-preview:large","max-video-preview":"max-video-preview:-1"},"canonical":"https:\/\/truusk.store\/sv\/produkt\/truusk-tradgardsskap-med-2-dorrar-verktygsskap-med-asfalttak-antidumpningsdesign-gran-gravit-139-x-75-x-160-cm\/","og_locale":"sv_SE","og_type":"article","og_title":"TRUUSK Tr\u00e4dg\u00e5rdssk\u00e5p med 2 d\u00f6rrar - Verktygssk\u00e5p med asfalttak - Antidumpningsdesign - Gran - Gr\u00e5+vit - 139 x 75 x 160 cm - TRUUSK - Hem, Tr\u00e4dg\u00e5rd &amp; Fritid","og_description":"Denna redskapsbod \u00e4r en s\u00e4ker och praktisk f\u00f6rvaringsplats f\u00f6r dina tr\u00e4dg\u00e5rdstillbeh\u00f6r och redskap. Den rustika designen passar bra in i...","og_url":"https:\/\/truusk.store\/sv\/produkt\/truusk-tradgardsskap-med-2-dorrar-verktygsskap-med-asfalttak-antidumpningsdesign-gran-gravit-139-x-75-x-160-cm\/","og_site_name":"TRUUSK - Hem, Tr\u00e4dg\u00e5rd &amp; Fritid","article_modified_time":"2026-03-12T07:59:28+00:00","og_image":[{"width":800,"height":800,"url":"https:\/\/i0.wp.com\/truusk.se\/wp-content\/uploads\/2024\/02\/tradgardsskap-bod-med-2-dorrar-verktygsskap-med-asfalttak-tradgardsforvaringsskap-antidumpningsdesign-med-slipad-spik-gran-gravit-139-x-75-x-160-cm.webp?fit=800%2C800&ssl=1","type":"image\/webp"}],"twitter_card":"summary_large_image","twitter_misc":{"Ber\u00e4knad l\u00e4stid":"1 minut"},"schema":{"@context":"https:\/\/schema.org","@graph":[{"@type":"WebPage","@id":"https:\/\/truusk.store\/sv\/produkt\/truusk-tradgardsskap-med-2-dorrar-verktygsskap-med-asfalttak-antidumpningsdesign-gran-gravit-139-x-75-x-160-cm\/","url":"https:\/\/truusk.store\/sv\/produkt\/truusk-tradgardsskap-med-2-dorrar-verktygsskap-med-asfalttak-antidumpningsdesign-gran-gravit-139-x-75-x-160-cm\/","name":"TRUUSK Tr\u00e4dg\u00e5rdssk\u00e5p med 2 d\u00f6rrar - Verktygssk\u00e5p med asfalttak - Antidumpningsdesign - Gran - Gr\u00e5+vit - 139 x 75 x 160 cm - TRUUSK - Hem, Tr\u00e4dg\u00e5rd &amp; Fritid","isPartOf":{"@id":"https:\/\/truusk.store\/sv\/#website"},"primaryImageOfPage":{"@id":"https:\/\/truusk.store\/sv\/produkt\/truusk-tradgardsskap-med-2-dorrar-verktygsskap-med-asfalttak-antidumpningsdesign-gran-gravit-139-x-75-x-160-cm\/#primaryimage"},"image":{"@id":"https:\/\/truusk.store\/sv\/produkt\/truusk-tradgardsskap-med-2-dorrar-verktygsskap-med-asfalttak-antidumpningsdesign-gran-gravit-139-x-75-x-160-cm\/#primaryimage"},"thumbnailUrl":"https:\/\/i0.wp.com\/truusk.store\/wp-content\/uploads\/2024\/02\/tradgardsskap-bod-med-2-dorrar-verktygsskap-med-asfalttak-tradgardsforvaringsskap-antidumpningsdesign-med-slipad-spik-gran-gravit-139-x-75-x-160-cm.webp?fit=800%2C800&ssl=1","datePublished":"2024-02-13T11:22:18+00:00","dateModified":"2026-03-12T07:59:28+00:00","breadcrumb":{"@id":"https:\/\/truusk.store\/sv\/produkt\/truusk-tradgardsskap-med-2-dorrar-verktygsskap-med-asfalttak-antidumpningsdesign-gran-gravit-139-x-75-x-160-cm\/#breadcrumb"},"inLanguage":"sv-SE","potentialAction":[{"@type":"ReadAction","target":["https:\/\/truusk.store\/sv\/produkt\/truusk-tradgardsskap-med-2-dorrar-verktygsskap-med-asfalttak-antidumpningsdesign-gran-gravit-139-x-75-x-160-cm\/"]}]},{"@type":"ImageObject","inLanguage":"sv-SE","@id":"https:\/\/truusk.store\/sv\/produkt\/truusk-tradgardsskap-med-2-dorrar-verktygsskap-med-asfalttak-antidumpningsdesign-gran-gravit-139-x-75-x-160-cm\/#primaryimage","url":"https:\/\/i0.wp.com\/truusk.store\/wp-content\/uploads\/2024\/02\/tradgardsskap-bod-med-2-dorrar-verktygsskap-med-asfalttak-tradgardsforvaringsskap-antidumpningsdesign-med-slipad-spik-gran-gravit-139-x-75-x-160-cm.webp?fit=800%2C800&ssl=1","contentUrl":"https:\/\/i0.wp.com\/truusk.store\/wp-content\/uploads\/2024\/02\/tradgardsskap-bod-med-2-dorrar-verktygsskap-med-asfalttak-tradgardsforvaringsskap-antidumpningsdesign-med-slipad-spik-gran-gravit-139-x-75-x-160-cm.webp?fit=800%2C800&ssl=1","width":800,"height":800,"caption":"Tr\u00e4dg\u00e5rdssk\u00e5p, Bod Med 2 D\u00f6rrar, Verktygssk\u00e5p Med Asfalttak, Tr\u00e4dg\u00e5rdsf\u00f6rvaringssk\u00e5p, Antidumpningsdesign Med Slipad Spik, Gran, Gr\u00e5+vit, 139 X 75 X 160 Cm 1"},{"@type":"BreadcrumbList","@id":"https:\/\/truusk.store\/sv\/produkt\/truusk-tradgardsskap-med-2-dorrar-verktygsskap-med-asfalttak-antidumpningsdesign-gran-gravit-139-x-75-x-160-cm\/#breadcrumb","itemListElement":[{"@type":"ListItem","position":1,"name":"Home","item":"https:\/\/truusk.store\/sv\/"},{"@type":"ListItem","position":2,"name":"Shop","item":"https:\/\/truusk.store\/shop\/"},{"@type":"ListItem","position":3,"name":"TRUUSK Tr\u00e4dg\u00e5rdssk\u00e5p med 2 d\u00f6rrar &#8211; Verktygssk\u00e5p med asfalttak &#8211; Antidumpningsdesign &#8211; Gran &#8211; Gr\u00e5+vit &#8211; 139 x 75 x 160 cm"}]},{"@type":"WebSite","@id":"https:\/\/truusk.store\/sv\/#website","url":"https:\/\/truusk.store\/sv\/","name":"TRUUSK - Hem, Tr\u00e4dg\u00e5rd & Fritid","description":"","publisher":{"@id":"https:\/\/truusk.store\/sv\/#organization"},"potentialAction":[{"@type":"SearchAction","target":{"@type":"EntryPoint","urlTemplate":"https:\/\/truusk.store\/sv\/?s={search_term_string}"},"query-input":{"@type":"PropertyValueSpecification","valueRequired":true,"valueName":"search_term_string"}}],"inLanguage":"sv-SE"},{"@type":"Organization","@id":"https:\/\/truusk.store\/sv\/#organization","name":"TRUUSK - Hem, Tr\u00e4dg\u00e5rd & Fritid","url":"https:\/\/truusk.store\/sv\/","logo":{"@type":"ImageObject","inLanguage":"sv-SE","@id":"https:\/\/truusk.store\/sv\/#\/schema\/logo\/image\/","url":"https:\/\/i0.wp.com\/truusk.store\/wp-content\/uploads\/2026\/03\/cropped-TRUUSK.png?fit=2032%2C917&ssl=1","contentUrl":"https:\/\/i0.wp.com\/truusk.store\/wp-content\/uploads\/2026\/03\/cropped-TRUUSK.png?fit=2032%2C917&ssl=1","width":2032,"height":917,"caption":"TRUUSK - Hem, Tr\u00e4dg\u00e5rd & Fritid"},"image":{"@id":"https:\/\/truusk.store\/sv\/#\/schema\/logo\/image\/"}}]}},"jetpack_sharing_enabled":true,"_links":{"self":[{"href":"https:\/\/truusk.store\/sv\/wp-json\/wp\/v2\/product\/14999","targetHints":{"allow":["GET"]}}],"collection":[{"href":"https:\/\/truusk.store\/sv\/wp-json\/wp\/v2\/product"}],"about":[{"href":"https:\/\/truusk.store\/sv\/wp-json\/wp\/v2\/types\/product"}],"wp:featuredmedia":[{"embeddable":true,"href":"https:\/\/truusk.store\/sv\/wp-json\/wp\/v2\/media\/15000"}],"wp:attachment":[{"href":"https:\/\/truusk.store\/sv\/wp-json\/wp\/v2\/media?parent=14999"}],"wp:term":[{"taxonomy":"product_brand","embeddable":true,"href":"https:\/\/truusk.store\/sv\/wp-json\/wp\/v2\/product_brand?post=14999"},{"taxonomy":"product_cat","embeddable":true,"href":"https:\/\/truusk.store\/sv\/wp-json\/wp\/v2\/product_cat?post=14999"},{"taxonomy":"product_tag","embeddable":true,"href":"https:\/\/truusk.store\/sv\/wp-json\/wp\/v2\/product_tag?post=14999"}],"curies":[{"name":"wp","href":"https:\/\/api.w.org\/{rel}","templated":true}]}}