{"id":15010,"date":"2024-02-13T12:22:36","date_gmt":"2024-02-13T11:22:36","guid":{"rendered":"https:\/\/truusk.store\/product\/hopfallbar-hundvagn-1-korg-2-bromsar-inklusive-sakerhetskoppel-bla\/"},"modified":"2026-03-12T08:59:28","modified_gmt":"2026-03-12T07:59:28","slug":"truusk-hopfallbar-hundvagn-med-sakerhetskoppel-2-bromsar-korg-bla","status":"publish","type":"product","link":"https:\/\/truusk.store\/sv\/produkt\/truusk-hopfallbar-hundvagn-med-sakerhetskoppel-2-bromsar-korg-bla\/","title":{"rendered":"TRUUSK Hopf\u00e4llbar Hundvagn &#8211; Med S\u00e4kerhetskoppel &#8211; 2 Bromsar &#8211; Korg &#8211; Bl\u00e5"},"content":{"rendered":"<p>Med denna hundvagn kan du s\u00e4kert transportera din hund utanf\u00f6r. Den har mjukt l\u00f6pande hjul och ett stadigt handtag s\u00e5 att du enkelt kan ta den med dig. Den \u00f6vre korgen \u00e4r rymlig, s\u00e5 din hund har gott om plats inuti. Styret \u00e4r v\u00e4ndbart s\u00e5 att din hund kan titta p\u00e5 dig eller omgivningen. L\u00e4mplig f\u00f6r sm\u00e5 hundar som Bichon Frise och Pug.<\/p>\n<h3>Beskrivning:<\/h3>\n<ul>\n<li>Oxford-tygskyddet t\u00e4cker korgen och har ett n\u00e4tf\u00f6nster f\u00f6r att sl\u00e4ppa in luft. Justerbar kapell f\u00f6r skydd<\/li>\n<li>Tv\u00e5 inre koppel f\u00f6r att sp\u00e4nna fast ditt husdjur s\u00e4kert<\/li>\n<li>Fyra hjul f\u00f6r enkel skjutning &#8211; tv\u00e5 av dem med bromsar<\/li>\n<li>Korgen har en ficka med dragkedja f\u00f6r f\u00f6rvaring<\/li>\n<li>Styrets l\u00e4ge \u00e4r v\u00e4ndbart &#8211; s\u00e5 att husdjuret kan se fram\u00e5t n\u00e4r det skjuter hundvagnen<\/li>\n<li>L\u00e4tt att vika ihop och b\u00e4ra<\/li>\n<li>L\u00e4mplig f\u00f6r sm\u00e5 hundar och miniatyrhundar som \u00e4r mindre \u00e4n 43 cm l\u00e5nga och v\u00e4ger mindre \u00e4n 10 kg<\/li>\n<\/ul>\n<h3>Teknisk data:<\/h3>\n<ul>\n<li>F\u00e4rg bl\u00e5<\/li>\n<li>Material: st\u00e5l, Oxfordduk<\/li>\n<li>\u00d6vergripande m\u00e5tt: 76,5L x 52W x 95H cm<\/li>\n<li>Innerm\u00e5tt: 63L x 36W x 51\/20H cm (med\/utan tak)<\/li>\n<li>Vikt storlek: 80L x 52W x 27H cm<\/li>\n<li>Bakd\u00f6rrens storlek: 29W x 38,5H cm<\/li>\n<li>\u00d6vre maskstorlek takf\u00f6nster: 24L x 19W cm<\/li>\n<li>Frammeshf\u00f6nster med dragkedja Storlek: 26L x 14,5W cm<\/li>\n<li>Korgstorlek: 34L x 27,5W x 14H cm<\/li>\n<li>Framhjulsstorlek: 6&#8243;<\/li>\n<li>Bakhjulsstorlek: 6&#8243;<\/li>\n<li>Obs: kroppsl\u00e4ngd<\/li>\n<\/ul>\n<h3>Leveransens omfattning:<\/h3>\n<ul>\n<li>1 x husdjursvagn<\/li>\n<li>1 x Instruktioner<\/li>\n<\/ul>\n","protected":false},"excerpt":{"rendered":"<p>Med denna hundvagn kan du s\u00e4kert transportera din hund utanf\u00f6r. Den har mjukt l\u00f6pande hjul och ett stadigt handtag s\u00e5&#8230;<\/p>\n","protected":false},"featured_media":15011,"template":"","meta":[],"product_brand":[],"product_cat":[574,579,573],"product_tag":[],"class_list":{"0":"post-15010","1":"product","2":"type-product","3":"status-publish","4":"has-post-thumbnail","6":"product_cat-hundtillbehor","7":"product_cat-hundvagn","8":"product_cat-husdjursmaterial","10":"first","11":"instock","12":"sale","13":"taxable","14":"shipping-taxable","15":"purchasable","16":"product-type-simple"},"yoast_head":"<!-- This site is optimized with the Yoast SEO plugin v25.4 - https:\/\/yoast.com\/wordpress\/plugins\/seo\/ -->\n<title>TRUUSK Hopf\u00e4llbar Hundvagn - Med S\u00e4kerhetskoppel - 2 Bromsar - Korg - Bl\u00e5 - TRUUSK - Hem, Tr\u00e4dg\u00e5rd &amp; Fritid<\/title>\n<meta name=\"robots\" content=\"index, follow, max-snippet:-1, max-image-preview:large, max-video-preview:-1\" \/>\n<link rel=\"canonical\" href=\"https:\/\/truusk.store\/sv\/produkt\/truusk-hopfallbar-hundvagn-med-sakerhetskoppel-2-bromsar-korg-bla\/\" \/>\n<meta property=\"og:locale\" content=\"sv_SE\" \/>\n<meta property=\"og:type\" content=\"article\" \/>\n<meta property=\"og:title\" content=\"TRUUSK Hopf\u00e4llbar Hundvagn - Med S\u00e4kerhetskoppel - 2 Bromsar - Korg - Bl\u00e5 - TRUUSK - Hem, Tr\u00e4dg\u00e5rd &amp; Fritid\" \/>\n<meta property=\"og:description\" content=\"Med denna hundvagn kan du s\u00e4kert transportera din hund utanf\u00f6r. Den har mjukt l\u00f6pande hjul och ett stadigt handtag s\u00e5...\" \/>\n<meta property=\"og:url\" content=\"https:\/\/truusk.store\/sv\/produkt\/truusk-hopfallbar-hundvagn-med-sakerhetskoppel-2-bromsar-korg-bla\/\" \/>\n<meta property=\"og:site_name\" content=\"TRUUSK - Hem, Tr\u00e4dg\u00e5rd &amp; Fritid\" \/>\n<meta property=\"article:modified_time\" content=\"2026-03-12T07:59:28+00:00\" \/>\n<meta property=\"og:image\" content=\"https:\/\/i0.wp.com\/truusk.se\/wp-content\/uploads\/2024\/02\/hopfallbar-hundvagn-1-korg-2-bromsar-inklusive-sakerhetskoppel-bla.webp?fit=800%2C800&ssl=1\" \/>\n\t<meta property=\"og:image:width\" content=\"800\" \/>\n\t<meta property=\"og:image:height\" content=\"800\" \/>\n\t<meta property=\"og:image:type\" content=\"image\/webp\" \/>\n<meta name=\"twitter:card\" content=\"summary_large_image\" \/>\n<meta name=\"twitter:label1\" content=\"Ber\u00e4knad l\u00e4stid\" \/>\n\t<meta name=\"twitter:data1\" content=\"1 minut\" \/>\n<!-- \/ Yoast SEO plugin. -->","yoast_head_json":{"title":"TRUUSK Hopf\u00e4llbar Hundvagn - Med S\u00e4kerhetskoppel - 2 Bromsar - Korg - Bl\u00e5 - TRUUSK - Hem, Tr\u00e4dg\u00e5rd &amp; Fritid","robots":{"index":"index","follow":"follow","max-snippet":"max-snippet:-1","max-image-preview":"max-image-preview:large","max-video-preview":"max-video-preview:-1"},"canonical":"https:\/\/truusk.store\/sv\/produkt\/truusk-hopfallbar-hundvagn-med-sakerhetskoppel-2-bromsar-korg-bla\/","og_locale":"sv_SE","og_type":"article","og_title":"TRUUSK Hopf\u00e4llbar Hundvagn - Med S\u00e4kerhetskoppel - 2 Bromsar - Korg - Bl\u00e5 - TRUUSK - Hem, Tr\u00e4dg\u00e5rd &amp; Fritid","og_description":"Med denna hundvagn kan du s\u00e4kert transportera din hund utanf\u00f6r. Den har mjukt l\u00f6pande hjul och ett stadigt handtag s\u00e5...","og_url":"https:\/\/truusk.store\/sv\/produkt\/truusk-hopfallbar-hundvagn-med-sakerhetskoppel-2-bromsar-korg-bla\/","og_site_name":"TRUUSK - Hem, Tr\u00e4dg\u00e5rd &amp; Fritid","article_modified_time":"2026-03-12T07:59:28+00:00","og_image":[{"width":800,"height":800,"url":"https:\/\/i0.wp.com\/truusk.se\/wp-content\/uploads\/2024\/02\/hopfallbar-hundvagn-1-korg-2-bromsar-inklusive-sakerhetskoppel-bla.webp?fit=800%2C800&ssl=1","type":"image\/webp"}],"twitter_card":"summary_large_image","twitter_misc":{"Ber\u00e4knad l\u00e4stid":"1 minut"},"schema":{"@context":"https:\/\/schema.org","@graph":[{"@type":"WebPage","@id":"https:\/\/truusk.store\/sv\/produkt\/truusk-hopfallbar-hundvagn-med-sakerhetskoppel-2-bromsar-korg-bla\/","url":"https:\/\/truusk.store\/sv\/produkt\/truusk-hopfallbar-hundvagn-med-sakerhetskoppel-2-bromsar-korg-bla\/","name":"TRUUSK Hopf\u00e4llbar Hundvagn - Med S\u00e4kerhetskoppel - 2 Bromsar - Korg - Bl\u00e5 - TRUUSK - Hem, Tr\u00e4dg\u00e5rd &amp; Fritid","isPartOf":{"@id":"https:\/\/truusk.store\/sv\/#website"},"primaryImageOfPage":{"@id":"https:\/\/truusk.store\/sv\/produkt\/truusk-hopfallbar-hundvagn-med-sakerhetskoppel-2-bromsar-korg-bla\/#primaryimage"},"image":{"@id":"https:\/\/truusk.store\/sv\/produkt\/truusk-hopfallbar-hundvagn-med-sakerhetskoppel-2-bromsar-korg-bla\/#primaryimage"},"thumbnailUrl":"https:\/\/i0.wp.com\/truusk.store\/wp-content\/uploads\/2024\/02\/hopfallbar-hundvagn-1-korg-2-bromsar-inklusive-sakerhetskoppel-bla.webp?fit=800%2C800&ssl=1","datePublished":"2024-02-13T11:22:36+00:00","dateModified":"2026-03-12T07:59:28+00:00","breadcrumb":{"@id":"https:\/\/truusk.store\/sv\/produkt\/truusk-hopfallbar-hundvagn-med-sakerhetskoppel-2-bromsar-korg-bla\/#breadcrumb"},"inLanguage":"sv-SE","potentialAction":[{"@type":"ReadAction","target":["https:\/\/truusk.store\/sv\/produkt\/truusk-hopfallbar-hundvagn-med-sakerhetskoppel-2-bromsar-korg-bla\/"]}]},{"@type":"ImageObject","inLanguage":"sv-SE","@id":"https:\/\/truusk.store\/sv\/produkt\/truusk-hopfallbar-hundvagn-med-sakerhetskoppel-2-bromsar-korg-bla\/#primaryimage","url":"https:\/\/i0.wp.com\/truusk.store\/wp-content\/uploads\/2024\/02\/hopfallbar-hundvagn-1-korg-2-bromsar-inklusive-sakerhetskoppel-bla.webp?fit=800%2C800&ssl=1","contentUrl":"https:\/\/i0.wp.com\/truusk.store\/wp-content\/uploads\/2024\/02\/hopfallbar-hundvagn-1-korg-2-bromsar-inklusive-sakerhetskoppel-bla.webp?fit=800%2C800&ssl=1","width":800,"height":800,"caption":"Hopf\u00e4llbar Hundvagn, 1 Korg, 2 Bromsar, Inklusive S\u00e4kerhetskoppel, Bl\u00e5 1"},{"@type":"BreadcrumbList","@id":"https:\/\/truusk.store\/sv\/produkt\/truusk-hopfallbar-hundvagn-med-sakerhetskoppel-2-bromsar-korg-bla\/#breadcrumb","itemListElement":[{"@type":"ListItem","position":1,"name":"Home","item":"https:\/\/truusk.store\/sv\/"},{"@type":"ListItem","position":2,"name":"Shop","item":"https:\/\/truusk.store\/shop\/"},{"@type":"ListItem","position":3,"name":"TRUUSK Hopf\u00e4llbar Hundvagn &#8211; Med S\u00e4kerhetskoppel &#8211; 2 Bromsar &#8211; Korg &#8211; Bl\u00e5"}]},{"@type":"WebSite","@id":"https:\/\/truusk.store\/sv\/#website","url":"https:\/\/truusk.store\/sv\/","name":"TRUUSK - Hem, Tr\u00e4dg\u00e5rd & Fritid","description":"","publisher":{"@id":"https:\/\/truusk.store\/sv\/#organization"},"potentialAction":[{"@type":"SearchAction","target":{"@type":"EntryPoint","urlTemplate":"https:\/\/truusk.store\/sv\/?s={search_term_string}"},"query-input":{"@type":"PropertyValueSpecification","valueRequired":true,"valueName":"search_term_string"}}],"inLanguage":"sv-SE"},{"@type":"Organization","@id":"https:\/\/truusk.store\/sv\/#organization","name":"TRUUSK - Hem, Tr\u00e4dg\u00e5rd & Fritid","url":"https:\/\/truusk.store\/sv\/","logo":{"@type":"ImageObject","inLanguage":"sv-SE","@id":"https:\/\/truusk.store\/sv\/#\/schema\/logo\/image\/","url":"https:\/\/i0.wp.com\/truusk.store\/wp-content\/uploads\/2026\/03\/cropped-TRUUSK.png?fit=2032%2C917&ssl=1","contentUrl":"https:\/\/i0.wp.com\/truusk.store\/wp-content\/uploads\/2026\/03\/cropped-TRUUSK.png?fit=2032%2C917&ssl=1","width":2032,"height":917,"caption":"TRUUSK - Hem, Tr\u00e4dg\u00e5rd & Fritid"},"image":{"@id":"https:\/\/truusk.store\/sv\/#\/schema\/logo\/image\/"}}]}},"jetpack_sharing_enabled":true,"_links":{"self":[{"href":"https:\/\/truusk.store\/sv\/wp-json\/wp\/v2\/product\/15010","targetHints":{"allow":["GET"]}}],"collection":[{"href":"https:\/\/truusk.store\/sv\/wp-json\/wp\/v2\/product"}],"about":[{"href":"https:\/\/truusk.store\/sv\/wp-json\/wp\/v2\/types\/product"}],"wp:featuredmedia":[{"embeddable":true,"href":"https:\/\/truusk.store\/sv\/wp-json\/wp\/v2\/media\/15011"}],"wp:attachment":[{"href":"https:\/\/truusk.store\/sv\/wp-json\/wp\/v2\/media?parent=15010"}],"wp:term":[{"taxonomy":"product_brand","embeddable":true,"href":"https:\/\/truusk.store\/sv\/wp-json\/wp\/v2\/product_brand?post=15010"},{"taxonomy":"product_cat","embeddable":true,"href":"https:\/\/truusk.store\/sv\/wp-json\/wp\/v2\/product_cat?post=15010"},{"taxonomy":"product_tag","embeddable":true,"href":"https:\/\/truusk.store\/sv\/wp-json\/wp\/v2\/product_tag?post=15010"}],"curies":[{"name":"wp","href":"https:\/\/api.w.org\/{rel}","templated":true}]}}