{"id":15058,"date":"2024-02-13T12:24:02","date_gmt":"2024-02-13T11:24:02","guid":{"rendered":"https:\/\/truusk.store\/product\/vaxthusskydd-vaxthusskydd-vaderbestandig-300cm-x-200cm-x-200cm-transparent\/"},"modified":"2026-03-12T08:59:29","modified_gmt":"2026-03-12T07:59:29","slug":"truusk-vaxthusvagg-vaderbestandig-transparent-300cm-x-200cm-x-200cm","status":"publish","type":"product","link":"https:\/\/truusk.store\/sv\/produkt\/truusk-vaxthusvagg-vaderbestandig-transparent-300cm-x-200cm-x-200cm\/","title":{"rendered":"TRUUSK V\u00e4xthusv\u00e4gg &#8211; V\u00e4derbest\u00e4ndig &#8211; Transparent &#8211; 300cm x 200cm x 200cm"},"content":{"rendered":"<p>\u00c4r du en tr\u00e4dg\u00e5rds\u00e4lskare? Letar du efter ett s\u00e4tt att odla dina v\u00e4xter \u00e5ret runt? Om locket g\u00e5r s\u00f6nder, \u00e4r du orolig f\u00f6r att beh\u00f6va k\u00f6pa ett helt nytt v\u00e4xthus? Oroa dig inte, det nya v\u00e4xthusskyddet kan l\u00f6sa ditt problem och hj\u00e4lpa dig att spara pengar. En perfekt l\u00f6sning f\u00f6r den sanna utomhustr\u00e4dg\u00e5rdsm\u00e4staren som vill h\u00e5lla sina v\u00e4xter friska.<\/p>\n<h3>Beskrivning:<\/h3>\n<ul>\n<li>L\u00e4mplig f\u00f6r tunnelv\u00e4xthus<\/li>\n<li>Tillverkad av ett slitstarkt, mognat och v\u00e4lventilerat PE-plast\u00f6verdrag<\/li>\n<li>Skyddar v\u00e4xter fr\u00e5n kyla, frost och hagel p\u00e5 vintern<\/li>\n<li>Stimulerar tillv\u00e4xt p\u00e5 v\u00e5r och sommar<\/li>\n<li>Upprullbar ytterd\u00f6rr f\u00f6r snabb och enkel \u00e5tkomst till interi\u00f6ren<\/li>\n<li>12 f\u00f6nster f\u00f6r b\u00e4ttre ventilation och mer solljus<\/li>\n<li>De 15 cm f\u00f6rl\u00e4ngda kanterna ska gr\u00e4vas djupt ner i marken<\/li>\n<\/ul>\n<h3>Teknisk data:<\/h3>\n<ul>\n<li>F\u00e4rg vit<\/li>\n<li>Material: PE<\/li>\n<li>\u00d6vergripande m\u00e5tt: 300L x 200W x 200H cm<\/li>\n<li>B\u00e4rstorlek: 120L x 170W cm<\/li>\n<li>F\u00f6nsterstorlek: 35L x 35W cm<\/li>\n<\/ul>\n<h3>Leveransens omfattning:<\/h3>\n<ul>\n<li>1 x Ers\u00e4ttningsv\u00e4xthusfilm;<\/li>\n<\/ul>\n","protected":false},"excerpt":{"rendered":"<p>\u00c4r du en tr\u00e4dg\u00e5rds\u00e4lskare? Letar du efter ett s\u00e4tt att odla dina v\u00e4xter \u00e5ret runt? Om locket g\u00e5r s\u00f6nder, \u00e4r&#8230;<\/p>\n","protected":false},"featured_media":15059,"template":"","meta":[],"product_brand":[],"product_cat":[444,435,443],"product_tag":[],"class_list":{"0":"post-15058","1":"product","2":"type-product","3":"status-publish","4":"has-post-thumbnail","6":"product_cat-filma-vaxthus","7":"product_cat-tradgard-och-terrass","8":"product_cat-vaxthus-tradgardsskotsel","10":"first","11":"instock","12":"sale","13":"taxable","14":"shipping-taxable","15":"purchasable","16":"product-type-simple"},"yoast_head":"<!-- This site is optimized with the Yoast SEO plugin v25.4 - https:\/\/yoast.com\/wordpress\/plugins\/seo\/ -->\n<title>TRUUSK V\u00e4xthusv\u00e4gg - V\u00e4derbest\u00e4ndig - Transparent - 300cm x 200cm x 200cm - TRUUSK - Hem, Tr\u00e4dg\u00e5rd &amp; Fritid<\/title>\n<meta name=\"robots\" content=\"index, follow, max-snippet:-1, max-image-preview:large, max-video-preview:-1\" \/>\n<link rel=\"canonical\" href=\"https:\/\/truusk.store\/sv\/produkt\/truusk-vaxthusvagg-vaderbestandig-transparent-300cm-x-200cm-x-200cm\/\" \/>\n<meta property=\"og:locale\" content=\"sv_SE\" \/>\n<meta property=\"og:type\" content=\"article\" \/>\n<meta property=\"og:title\" content=\"TRUUSK V\u00e4xthusv\u00e4gg - V\u00e4derbest\u00e4ndig - Transparent - 300cm x 200cm x 200cm - TRUUSK - Hem, Tr\u00e4dg\u00e5rd &amp; Fritid\" \/>\n<meta property=\"og:description\" content=\"\u00c4r du en tr\u00e4dg\u00e5rds\u00e4lskare? Letar du efter ett s\u00e4tt att odla dina v\u00e4xter \u00e5ret runt? Om locket g\u00e5r s\u00f6nder, \u00e4r...\" \/>\n<meta property=\"og:url\" content=\"https:\/\/truusk.store\/sv\/produkt\/truusk-vaxthusvagg-vaderbestandig-transparent-300cm-x-200cm-x-200cm\/\" \/>\n<meta property=\"og:site_name\" content=\"TRUUSK - Hem, Tr\u00e4dg\u00e5rd &amp; Fritid\" \/>\n<meta property=\"article:modified_time\" content=\"2026-03-12T07:59:29+00:00\" \/>\n<meta property=\"og:image\" content=\"https:\/\/i0.wp.com\/truusk.se\/wp-content\/uploads\/2024\/02\/vaxthusskydd-vaxthusskydd-vaderbestandig-300cm-x-200cm-x-200cm-transparent.webp?fit=800%2C800&ssl=1\" \/>\n\t<meta property=\"og:image:width\" content=\"800\" \/>\n\t<meta property=\"og:image:height\" content=\"800\" \/>\n\t<meta property=\"og:image:type\" content=\"image\/webp\" \/>\n<meta name=\"twitter:card\" content=\"summary_large_image\" \/>\n<meta name=\"twitter:label1\" content=\"Ber\u00e4knad l\u00e4stid\" \/>\n\t<meta name=\"twitter:data1\" content=\"1 minut\" \/>\n<!-- \/ Yoast SEO plugin. -->","yoast_head_json":{"title":"TRUUSK V\u00e4xthusv\u00e4gg - V\u00e4derbest\u00e4ndig - Transparent - 300cm x 200cm x 200cm - TRUUSK - Hem, Tr\u00e4dg\u00e5rd &amp; Fritid","robots":{"index":"index","follow":"follow","max-snippet":"max-snippet:-1","max-image-preview":"max-image-preview:large","max-video-preview":"max-video-preview:-1"},"canonical":"https:\/\/truusk.store\/sv\/produkt\/truusk-vaxthusvagg-vaderbestandig-transparent-300cm-x-200cm-x-200cm\/","og_locale":"sv_SE","og_type":"article","og_title":"TRUUSK V\u00e4xthusv\u00e4gg - V\u00e4derbest\u00e4ndig - Transparent - 300cm x 200cm x 200cm - TRUUSK - Hem, Tr\u00e4dg\u00e5rd &amp; Fritid","og_description":"\u00c4r du en tr\u00e4dg\u00e5rds\u00e4lskare? Letar du efter ett s\u00e4tt att odla dina v\u00e4xter \u00e5ret runt? Om locket g\u00e5r s\u00f6nder, \u00e4r...","og_url":"https:\/\/truusk.store\/sv\/produkt\/truusk-vaxthusvagg-vaderbestandig-transparent-300cm-x-200cm-x-200cm\/","og_site_name":"TRUUSK - Hem, Tr\u00e4dg\u00e5rd &amp; Fritid","article_modified_time":"2026-03-12T07:59:29+00:00","og_image":[{"width":800,"height":800,"url":"https:\/\/i0.wp.com\/truusk.se\/wp-content\/uploads\/2024\/02\/vaxthusskydd-vaxthusskydd-vaderbestandig-300cm-x-200cm-x-200cm-transparent.webp?fit=800%2C800&ssl=1","type":"image\/webp"}],"twitter_card":"summary_large_image","twitter_misc":{"Ber\u00e4knad l\u00e4stid":"1 minut"},"schema":{"@context":"https:\/\/schema.org","@graph":[{"@type":"WebPage","@id":"https:\/\/truusk.store\/sv\/produkt\/truusk-vaxthusvagg-vaderbestandig-transparent-300cm-x-200cm-x-200cm\/","url":"https:\/\/truusk.store\/sv\/produkt\/truusk-vaxthusvagg-vaderbestandig-transparent-300cm-x-200cm-x-200cm\/","name":"TRUUSK V\u00e4xthusv\u00e4gg - V\u00e4derbest\u00e4ndig - Transparent - 300cm x 200cm x 200cm - TRUUSK - Hem, Tr\u00e4dg\u00e5rd &amp; Fritid","isPartOf":{"@id":"https:\/\/truusk.store\/sv\/#website"},"primaryImageOfPage":{"@id":"https:\/\/truusk.store\/sv\/produkt\/truusk-vaxthusvagg-vaderbestandig-transparent-300cm-x-200cm-x-200cm\/#primaryimage"},"image":{"@id":"https:\/\/truusk.store\/sv\/produkt\/truusk-vaxthusvagg-vaderbestandig-transparent-300cm-x-200cm-x-200cm\/#primaryimage"},"thumbnailUrl":"https:\/\/i0.wp.com\/truusk.store\/wp-content\/uploads\/2024\/02\/vaxthusskydd-vaxthusskydd-vaderbestandig-300cm-x-200cm-x-200cm-transparent.webp?fit=800%2C800&ssl=1","datePublished":"2024-02-13T11:24:02+00:00","dateModified":"2026-03-12T07:59:29+00:00","breadcrumb":{"@id":"https:\/\/truusk.store\/sv\/produkt\/truusk-vaxthusvagg-vaderbestandig-transparent-300cm-x-200cm-x-200cm\/#breadcrumb"},"inLanguage":"sv-SE","potentialAction":[{"@type":"ReadAction","target":["https:\/\/truusk.store\/sv\/produkt\/truusk-vaxthusvagg-vaderbestandig-transparent-300cm-x-200cm-x-200cm\/"]}]},{"@type":"ImageObject","inLanguage":"sv-SE","@id":"https:\/\/truusk.store\/sv\/produkt\/truusk-vaxthusvagg-vaderbestandig-transparent-300cm-x-200cm-x-200cm\/#primaryimage","url":"https:\/\/i0.wp.com\/truusk.store\/wp-content\/uploads\/2024\/02\/vaxthusskydd-vaxthusskydd-vaderbestandig-300cm-x-200cm-x-200cm-transparent.webp?fit=800%2C800&ssl=1","contentUrl":"https:\/\/i0.wp.com\/truusk.store\/wp-content\/uploads\/2024\/02\/vaxthusskydd-vaxthusskydd-vaderbestandig-300cm-x-200cm-x-200cm-transparent.webp?fit=800%2C800&ssl=1","width":800,"height":800,"caption":"V\u00e4xthusskydd V\u00e4xthusskydd V\u00e4derbest\u00e4ndig 300cm X 200cm X 200cm Transparent 1"},{"@type":"BreadcrumbList","@id":"https:\/\/truusk.store\/sv\/produkt\/truusk-vaxthusvagg-vaderbestandig-transparent-300cm-x-200cm-x-200cm\/#breadcrumb","itemListElement":[{"@type":"ListItem","position":1,"name":"Home","item":"https:\/\/truusk.store\/sv\/"},{"@type":"ListItem","position":2,"name":"Shop","item":"https:\/\/truusk.store\/shop\/"},{"@type":"ListItem","position":3,"name":"TRUUSK V\u00e4xthusv\u00e4gg &#8211; V\u00e4derbest\u00e4ndig &#8211; Transparent &#8211; 300cm x 200cm x 200cm"}]},{"@type":"WebSite","@id":"https:\/\/truusk.store\/sv\/#website","url":"https:\/\/truusk.store\/sv\/","name":"TRUUSK - Hem, Tr\u00e4dg\u00e5rd & Fritid","description":"","publisher":{"@id":"https:\/\/truusk.store\/sv\/#organization"},"potentialAction":[{"@type":"SearchAction","target":{"@type":"EntryPoint","urlTemplate":"https:\/\/truusk.store\/sv\/?s={search_term_string}"},"query-input":{"@type":"PropertyValueSpecification","valueRequired":true,"valueName":"search_term_string"}}],"inLanguage":"sv-SE"},{"@type":"Organization","@id":"https:\/\/truusk.store\/sv\/#organization","name":"TRUUSK - Hem, Tr\u00e4dg\u00e5rd & Fritid","url":"https:\/\/truusk.store\/sv\/","logo":{"@type":"ImageObject","inLanguage":"sv-SE","@id":"https:\/\/truusk.store\/sv\/#\/schema\/logo\/image\/","url":"https:\/\/i0.wp.com\/truusk.store\/wp-content\/uploads\/2026\/03\/cropped-TRUUSK.png?fit=2032%2C917&ssl=1","contentUrl":"https:\/\/i0.wp.com\/truusk.store\/wp-content\/uploads\/2026\/03\/cropped-TRUUSK.png?fit=2032%2C917&ssl=1","width":2032,"height":917,"caption":"TRUUSK - Hem, Tr\u00e4dg\u00e5rd & Fritid"},"image":{"@id":"https:\/\/truusk.store\/sv\/#\/schema\/logo\/image\/"}}]}},"jetpack_sharing_enabled":true,"_links":{"self":[{"href":"https:\/\/truusk.store\/sv\/wp-json\/wp\/v2\/product\/15058","targetHints":{"allow":["GET"]}}],"collection":[{"href":"https:\/\/truusk.store\/sv\/wp-json\/wp\/v2\/product"}],"about":[{"href":"https:\/\/truusk.store\/sv\/wp-json\/wp\/v2\/types\/product"}],"wp:featuredmedia":[{"embeddable":true,"href":"https:\/\/truusk.store\/sv\/wp-json\/wp\/v2\/media\/15059"}],"wp:attachment":[{"href":"https:\/\/truusk.store\/sv\/wp-json\/wp\/v2\/media?parent=15058"}],"wp:term":[{"taxonomy":"product_brand","embeddable":true,"href":"https:\/\/truusk.store\/sv\/wp-json\/wp\/v2\/product_brand?post=15058"},{"taxonomy":"product_cat","embeddable":true,"href":"https:\/\/truusk.store\/sv\/wp-json\/wp\/v2\/product_cat?post=15058"},{"taxonomy":"product_tag","embeddable":true,"href":"https:\/\/truusk.store\/sv\/wp-json\/wp\/v2\/product_tag?post=15058"}],"curies":[{"name":"wp","href":"https:\/\/api.w.org\/{rel}","templated":true}]}}