{"id":15089,"date":"2024-02-13T12:25:04","date_gmt":"2024-02-13T11:25:04","guid":{"rendered":"https:\/\/truusk.store\/product\/fallstol-med-armstod-set-om-2-campingstolar-fiskestolar-metall-gra-58-x-64-x-94-cm\/"},"modified":"2026-03-12T08:59:29","modified_gmt":"2026-03-12T07:59:29","slug":"truusk-fallstol-med-armstod-set-om-2-campingstolar-fiskestolar-metall-gra-58-x-64-x-94-cm","status":"publish","type":"product","link":"https:\/\/truusk.store\/sv\/produkt\/truusk-fallstol-med-armstod-set-om-2-campingstolar-fiskestolar-metall-gra-58-x-64-x-94-cm\/","title":{"rendered":"TRUUSK F\u00e4llstol Med Armst\u00f6d &#8211; Set Om 2 &#8211; Campingstolar &#8211; Fiskestolar &#8211; Metall &#8211; Gr\u00e5 &#8211; 58 X 64 X 94 Cm"},"content":{"rendered":"<p>Detta snygga stolset inneh\u00e5ller tv\u00e5 hopf\u00e4llbara stolar med ergonomisk design och h\u00f6ga ryggst\u00f6d som kan minska muskelsm\u00e4rta och sp\u00e4nningar. Det fasta och flexibla materialet anpassar sig till kroppen och erbjuder optimal komfort. Alla delar f\u00e4lls ihop f\u00f6r enkel transport, f\u00f6rvaring och visning, vilket g\u00f6r den till det perfekta tillbeh\u00f6ret f\u00f6r en weekendresa eller strandsemester.<\/p>\n<h3>Beskrivning:<\/h3>\n<ul>\n<li>Hopf\u00e4llbara stolar \u00e4r ett bra komplement till din uteplats eller tr\u00e4dg\u00e5rd<\/li>\n<li>Solid metallramkonstruktion och h\u00f6gkvalitativt Textline-tyg med uts\u00f6kt utf\u00f6rande f\u00f6r garanterad h\u00e5llbarhet<\/li>\n<li>Vikbar f\u00f6r enkel f\u00f6rvaring och transport<\/li>\n<li>Perfekt f\u00f6r tr\u00e4dg\u00e5rd, uteplats, balkong, strand etc.<\/li>\n<li>Armst\u00f6d och ett h\u00f6gt ryggst\u00f6d ger extra komfort och st\u00f6d<\/li>\n<li>Tillverkad av v\u00e4derbest\u00e4ndigt material, perfekt f\u00f6r utomhusbruk<\/li>\n<li>Ingen montering kr\u00e4vs<\/li>\n<\/ul>\n<h3>Teknisk data:<\/h3>\n<ul>\n<li>Material: metall, textlinje<\/li>\n<li>Stolstorlek: 58W x 64D x 94H cm<\/li>\n<li>Sitsstorlek: 45W x 47D cm<\/li>\n<li>Ryggst\u00f6dsstorlek: 45W x 57H cm<\/li>\n<li>Vikm\u00e5tt: 86L x 58W x 17H cm<\/li>\n<li>Nettovikt: 10,2 kg<\/li>\n<li>Lastkapacitet: 100 kg<\/li>\n<li>F\u00e4rg gr\u00e5<\/li>\n<\/ul>\n<h3>Leveransens omfattning:<\/h3>\n<ul>\n<li>2 x campingstolar<\/li>\n<li>1 x bruksanvisning<\/li>\n<\/ul>\n","protected":false},"excerpt":{"rendered":"<p>Detta snygga stolset inneh\u00e5ller tv\u00e5 hopf\u00e4llbara stolar med ergonomisk design och h\u00f6ga ryggst\u00f6d som kan minska muskelsm\u00e4rta och sp\u00e4nningar. Det&#8230;<\/p>\n","protected":false},"featured_media":15090,"template":"","meta":[],"product_brand":[],"product_cat":[435,450,452],"product_tag":[],"class_list":{"0":"post-15089","1":"product","2":"type-product","3":"status-publish","4":"has-post-thumbnail","6":"product_cat-tradgard-och-terrass","7":"product_cat-tradgardsmobler","8":"product_cat-tradgardsstolar","10":"first","11":"instock","12":"sale","13":"taxable","14":"shipping-taxable","15":"purchasable","16":"product-type-simple"},"yoast_head":"<!-- This site is optimized with the Yoast SEO plugin v25.4 - https:\/\/yoast.com\/wordpress\/plugins\/seo\/ -->\n<title>TRUUSK F\u00e4llstol Med Armst\u00f6d - Set Om 2 - Campingstolar - Fiskestolar - Metall - Gr\u00e5 - 58 X 64 X 94 Cm - TRUUSK - Hem, Tr\u00e4dg\u00e5rd &amp; Fritid<\/title>\n<meta name=\"robots\" content=\"index, follow, max-snippet:-1, max-image-preview:large, max-video-preview:-1\" \/>\n<link rel=\"canonical\" href=\"https:\/\/truusk.store\/sv\/produkt\/truusk-fallstol-med-armstod-set-om-2-campingstolar-fiskestolar-metall-gra-58-x-64-x-94-cm\/\" \/>\n<meta property=\"og:locale\" content=\"sv_SE\" \/>\n<meta property=\"og:type\" content=\"article\" \/>\n<meta property=\"og:title\" content=\"TRUUSK F\u00e4llstol Med Armst\u00f6d - Set Om 2 - Campingstolar - Fiskestolar - Metall - Gr\u00e5 - 58 X 64 X 94 Cm - TRUUSK - Hem, Tr\u00e4dg\u00e5rd &amp; Fritid\" \/>\n<meta property=\"og:description\" content=\"Detta snygga stolset inneh\u00e5ller tv\u00e5 hopf\u00e4llbara stolar med ergonomisk design och h\u00f6ga ryggst\u00f6d som kan minska muskelsm\u00e4rta och sp\u00e4nningar. Det...\" \/>\n<meta property=\"og:url\" content=\"https:\/\/truusk.store\/sv\/produkt\/truusk-fallstol-med-armstod-set-om-2-campingstolar-fiskestolar-metall-gra-58-x-64-x-94-cm\/\" \/>\n<meta property=\"og:site_name\" content=\"TRUUSK - Hem, Tr\u00e4dg\u00e5rd &amp; Fritid\" \/>\n<meta property=\"article:modified_time\" content=\"2026-03-12T07:59:29+00:00\" \/>\n<meta property=\"og:image\" content=\"https:\/\/i0.wp.com\/truusk.se\/wp-content\/uploads\/2024\/02\/fallstol-med-armstod-set-om-2-campingstolar-fiskestolar-metall-gra-58-x-64-x-94-cm.webp?fit=800%2C800&ssl=1\" \/>\n\t<meta property=\"og:image:width\" content=\"800\" \/>\n\t<meta property=\"og:image:height\" content=\"800\" \/>\n\t<meta property=\"og:image:type\" content=\"image\/webp\" \/>\n<meta name=\"twitter:card\" content=\"summary_large_image\" \/>\n<meta name=\"twitter:label1\" content=\"Ber\u00e4knad l\u00e4stid\" \/>\n\t<meta name=\"twitter:data1\" content=\"1 minut\" \/>\n<!-- \/ Yoast SEO plugin. -->","yoast_head_json":{"title":"TRUUSK F\u00e4llstol Med Armst\u00f6d - Set Om 2 - Campingstolar - Fiskestolar - Metall - Gr\u00e5 - 58 X 64 X 94 Cm - TRUUSK - Hem, Tr\u00e4dg\u00e5rd &amp; Fritid","robots":{"index":"index","follow":"follow","max-snippet":"max-snippet:-1","max-image-preview":"max-image-preview:large","max-video-preview":"max-video-preview:-1"},"canonical":"https:\/\/truusk.store\/sv\/produkt\/truusk-fallstol-med-armstod-set-om-2-campingstolar-fiskestolar-metall-gra-58-x-64-x-94-cm\/","og_locale":"sv_SE","og_type":"article","og_title":"TRUUSK F\u00e4llstol Med Armst\u00f6d - Set Om 2 - Campingstolar - Fiskestolar - Metall - Gr\u00e5 - 58 X 64 X 94 Cm - TRUUSK - Hem, Tr\u00e4dg\u00e5rd &amp; Fritid","og_description":"Detta snygga stolset inneh\u00e5ller tv\u00e5 hopf\u00e4llbara stolar med ergonomisk design och h\u00f6ga ryggst\u00f6d som kan minska muskelsm\u00e4rta och sp\u00e4nningar. Det...","og_url":"https:\/\/truusk.store\/sv\/produkt\/truusk-fallstol-med-armstod-set-om-2-campingstolar-fiskestolar-metall-gra-58-x-64-x-94-cm\/","og_site_name":"TRUUSK - Hem, Tr\u00e4dg\u00e5rd &amp; Fritid","article_modified_time":"2026-03-12T07:59:29+00:00","og_image":[{"width":800,"height":800,"url":"https:\/\/i0.wp.com\/truusk.se\/wp-content\/uploads\/2024\/02\/fallstol-med-armstod-set-om-2-campingstolar-fiskestolar-metall-gra-58-x-64-x-94-cm.webp?fit=800%2C800&ssl=1","type":"image\/webp"}],"twitter_card":"summary_large_image","twitter_misc":{"Ber\u00e4knad l\u00e4stid":"1 minut"},"schema":{"@context":"https:\/\/schema.org","@graph":[{"@type":"WebPage","@id":"https:\/\/truusk.store\/sv\/produkt\/truusk-fallstol-med-armstod-set-om-2-campingstolar-fiskestolar-metall-gra-58-x-64-x-94-cm\/","url":"https:\/\/truusk.store\/sv\/produkt\/truusk-fallstol-med-armstod-set-om-2-campingstolar-fiskestolar-metall-gra-58-x-64-x-94-cm\/","name":"TRUUSK F\u00e4llstol Med Armst\u00f6d - Set Om 2 - Campingstolar - Fiskestolar - Metall - Gr\u00e5 - 58 X 64 X 94 Cm - TRUUSK - Hem, Tr\u00e4dg\u00e5rd &amp; Fritid","isPartOf":{"@id":"https:\/\/truusk.store\/sv\/#website"},"primaryImageOfPage":{"@id":"https:\/\/truusk.store\/sv\/produkt\/truusk-fallstol-med-armstod-set-om-2-campingstolar-fiskestolar-metall-gra-58-x-64-x-94-cm\/#primaryimage"},"image":{"@id":"https:\/\/truusk.store\/sv\/produkt\/truusk-fallstol-med-armstod-set-om-2-campingstolar-fiskestolar-metall-gra-58-x-64-x-94-cm\/#primaryimage"},"thumbnailUrl":"https:\/\/i0.wp.com\/truusk.store\/wp-content\/uploads\/2024\/02\/fallstol-med-armstod-set-om-2-campingstolar-fiskestolar-metall-gra-58-x-64-x-94-cm.webp?fit=800%2C800&ssl=1","datePublished":"2024-02-13T11:25:04+00:00","dateModified":"2026-03-12T07:59:29+00:00","breadcrumb":{"@id":"https:\/\/truusk.store\/sv\/produkt\/truusk-fallstol-med-armstod-set-om-2-campingstolar-fiskestolar-metall-gra-58-x-64-x-94-cm\/#breadcrumb"},"inLanguage":"sv-SE","potentialAction":[{"@type":"ReadAction","target":["https:\/\/truusk.store\/sv\/produkt\/truusk-fallstol-med-armstod-set-om-2-campingstolar-fiskestolar-metall-gra-58-x-64-x-94-cm\/"]}]},{"@type":"ImageObject","inLanguage":"sv-SE","@id":"https:\/\/truusk.store\/sv\/produkt\/truusk-fallstol-med-armstod-set-om-2-campingstolar-fiskestolar-metall-gra-58-x-64-x-94-cm\/#primaryimage","url":"https:\/\/i0.wp.com\/truusk.store\/wp-content\/uploads\/2024\/02\/fallstol-med-armstod-set-om-2-campingstolar-fiskestolar-metall-gra-58-x-64-x-94-cm.webp?fit=800%2C800&ssl=1","contentUrl":"https:\/\/i0.wp.com\/truusk.store\/wp-content\/uploads\/2024\/02\/fallstol-med-armstod-set-om-2-campingstolar-fiskestolar-metall-gra-58-x-64-x-94-cm.webp?fit=800%2C800&ssl=1","width":800,"height":800,"caption":"F\u00e4llstol Med Armst\u00f6d, Set Om 2, Campingstolar, Fiskestolar, Metall, Gr\u00e5, 58 X 64 X 94 Cm 1"},{"@type":"BreadcrumbList","@id":"https:\/\/truusk.store\/sv\/produkt\/truusk-fallstol-med-armstod-set-om-2-campingstolar-fiskestolar-metall-gra-58-x-64-x-94-cm\/#breadcrumb","itemListElement":[{"@type":"ListItem","position":1,"name":"Home","item":"https:\/\/truusk.store\/sv\/"},{"@type":"ListItem","position":2,"name":"Shop","item":"https:\/\/truusk.store\/shop\/"},{"@type":"ListItem","position":3,"name":"TRUUSK F\u00e4llstol Med Armst\u00f6d &#8211; Set Om 2 &#8211; Campingstolar &#8211; Fiskestolar &#8211; Metall &#8211; Gr\u00e5 &#8211; 58 X 64 X 94 Cm"}]},{"@type":"WebSite","@id":"https:\/\/truusk.store\/sv\/#website","url":"https:\/\/truusk.store\/sv\/","name":"TRUUSK - Hem, Tr\u00e4dg\u00e5rd & Fritid","description":"","publisher":{"@id":"https:\/\/truusk.store\/sv\/#organization"},"potentialAction":[{"@type":"SearchAction","target":{"@type":"EntryPoint","urlTemplate":"https:\/\/truusk.store\/sv\/?s={search_term_string}"},"query-input":{"@type":"PropertyValueSpecification","valueRequired":true,"valueName":"search_term_string"}}],"inLanguage":"sv-SE"},{"@type":"Organization","@id":"https:\/\/truusk.store\/sv\/#organization","name":"TRUUSK - Hem, Tr\u00e4dg\u00e5rd & Fritid","url":"https:\/\/truusk.store\/sv\/","logo":{"@type":"ImageObject","inLanguage":"sv-SE","@id":"https:\/\/truusk.store\/sv\/#\/schema\/logo\/image\/","url":"https:\/\/i0.wp.com\/truusk.store\/wp-content\/uploads\/2026\/03\/cropped-TRUUSK.png?fit=2032%2C917&ssl=1","contentUrl":"https:\/\/i0.wp.com\/truusk.store\/wp-content\/uploads\/2026\/03\/cropped-TRUUSK.png?fit=2032%2C917&ssl=1","width":2032,"height":917,"caption":"TRUUSK - Hem, Tr\u00e4dg\u00e5rd & Fritid"},"image":{"@id":"https:\/\/truusk.store\/sv\/#\/schema\/logo\/image\/"}}]}},"jetpack_sharing_enabled":true,"_links":{"self":[{"href":"https:\/\/truusk.store\/sv\/wp-json\/wp\/v2\/product\/15089","targetHints":{"allow":["GET"]}}],"collection":[{"href":"https:\/\/truusk.store\/sv\/wp-json\/wp\/v2\/product"}],"about":[{"href":"https:\/\/truusk.store\/sv\/wp-json\/wp\/v2\/types\/product"}],"wp:featuredmedia":[{"embeddable":true,"href":"https:\/\/truusk.store\/sv\/wp-json\/wp\/v2\/media\/15090"}],"wp:attachment":[{"href":"https:\/\/truusk.store\/sv\/wp-json\/wp\/v2\/media?parent=15089"}],"wp:term":[{"taxonomy":"product_brand","embeddable":true,"href":"https:\/\/truusk.store\/sv\/wp-json\/wp\/v2\/product_brand?post=15089"},{"taxonomy":"product_cat","embeddable":true,"href":"https:\/\/truusk.store\/sv\/wp-json\/wp\/v2\/product_cat?post=15089"},{"taxonomy":"product_tag","embeddable":true,"href":"https:\/\/truusk.store\/sv\/wp-json\/wp\/v2\/product_tag?post=15089"}],"curies":[{"name":"wp","href":"https:\/\/api.w.org\/{rel}","templated":true}]}}