{"id":15118,"date":"2024-02-13T12:26:46","date_gmt":"2024-02-13T11:26:46","guid":{"rendered":"https:\/\/truusk.store\/product\/sittgrupp-i-polyrattan-matgrupp-tradgardsset-11-st-med-svarta-kuddar\/"},"modified":"2026-03-12T08:59:30","modified_gmt":"2026-03-12T07:59:30","slug":"truusk-sittgrupp-i-polyrattan-matgrupp-tradgardsset-11-st-svarta-kuddar-utomhusmobler-beige","status":"publish","type":"product","link":"https:\/\/truusk.store\/sv\/produkt\/truusk-sittgrupp-i-polyrattan-matgrupp-tradgardsset-11-st-svarta-kuddar-utomhusmobler-beige\/","title":{"rendered":"TRUUSK Sittgrupp i Polyrattan &#8211; Matgrupp &#8211; Tr\u00e4dg\u00e5rdsset &#8211; 11 st &#8211; Svarta kuddar &#8211; Utomhusm\u00f6bler &#8211; Beige"},"content":{"rendered":"<p>Om du vill sitta bekv\u00e4mt tillsammans p\u00e5 sommaren kan du nog inte bortse fr\u00e5n v\u00e5r sittgrupp i polyrattan. Den 11-delade. Setet imponerar med sin handv\u00e4vda polyrattan, som kommer i trendigt svart. Materialet \u00e4r vattenavvisande och UV-best\u00e4ndigt, vilket g\u00f6r det perfekt att anv\u00e4nda i tr\u00e4dg\u00e5rden, p\u00e5 din terrass eller p\u00e5 din balkong. Detta set \u00e4r inte bara ett riktigt blickf\u00e5ng visuellt, utan ocks\u00e5 en l\u00e5ngvarig f\u00f6ljeslagare f\u00f6r att \u00e4ta och dricka tillsammans.<\/p>\n<h3>Beskrivning:<\/h3>\n<ul>\n<li>Sittgrupp f\u00f6r inom- och utomhusbruk, best\u00e5ende av 1 bord + 2 stolar + 2 pallar<\/li>\n<li>Polyrattanv\u00e4v \u00e4r handgjord, smuts- och vattenavvisande, UV-best\u00e4ndig<\/li>\n<li>Stomme av pulverlackerad metall, rostbest\u00e4ndig och stabil<\/li>\n<li>Vadderade sitt- och ryggkuddar med vattenavvisande \u00f6verdrag, \u00f6verdrag kan tas av och tv\u00e4ttas med dragkedja<\/li>\n<li>Utrymmesbesparande: stolar och pallar kan skjutas in under bordet n\u00e4r de inte anv\u00e4nds<\/li>\n<\/ul>\n<h3>Teknisk data:<\/h3>\n<ul>\n<li>Material: PE polyrattan, metall, h\u00e4rdat glas, polyester<\/li>\n<li>F\u00e4rg: Svart+Beige<\/li>\n<li>M\u00e5tt p\u00e5 bordet: 120L x 60W x 72H cm<\/li>\n<li>M\u00e5tt p\u00e5 stolen: 56L x 52W x 87H cm<\/li>\n<li>Sittyta: 45W x 52D cm<\/li>\n<li>Sitth\u00f6jd (utan dyna): 40 cm<\/li>\n<li>M\u00e5tt p\u00e5 pallen: 41L x 41W x 31H cm<\/li>\n<li>Kuddens tjocklek: 5 cm<\/li>\n<li>Nettovikt: ca 36 kg<\/li>\n<li>Lastkapacitet: 120 kg (stol), 100 kg (pall), 70 kg (bord)<\/li>\n<\/ul>\n<h3>Leveransens omfattning:<\/h3>\n<ul>\n<li>1 x bord<\/li>\n<li>2 x stol<\/li>\n<li>2 x pallar<\/li>\n<li>6 x kuddar<\/li>\n<li>Monteringstillbeh\u00f6r<\/li>\n<\/ul>\n","protected":false},"excerpt":{"rendered":"<p>Om du vill sitta bekv\u00e4mt tillsammans p\u00e5 sommaren kan du nog inte bortse fr\u00e5n v\u00e5r sittgrupp i polyrattan. Den 11-delade&#8230;.<\/p>\n","protected":false},"featured_media":15119,"template":"","meta":[],"product_brand":[],"product_cat":[435,450,455],"product_tag":[],"class_list":{"0":"post-15118","1":"product","2":"type-product","3":"status-publish","4":"has-post-thumbnail","6":"product_cat-tradgard-och-terrass","7":"product_cat-tradgardsmobler","8":"product_cat-tradgardsmobler-i-polyrattan","10":"first","11":"instock","12":"sale","13":"taxable","14":"shipping-taxable","15":"purchasable","16":"product-type-simple"},"yoast_head":"<!-- This site is optimized with the Yoast SEO plugin v25.4 - https:\/\/yoast.com\/wordpress\/plugins\/seo\/ -->\n<title>TRUUSK Sittgrupp i Polyrattan - Matgrupp - Tr\u00e4dg\u00e5rdsset - 11 st - Svarta kuddar - Utomhusm\u00f6bler - Beige - TRUUSK - Hem, Tr\u00e4dg\u00e5rd &amp; Fritid<\/title>\n<meta name=\"robots\" content=\"index, follow, max-snippet:-1, max-image-preview:large, max-video-preview:-1\" \/>\n<link rel=\"canonical\" href=\"https:\/\/truusk.store\/sv\/produkt\/truusk-sittgrupp-i-polyrattan-matgrupp-tradgardsset-11-st-svarta-kuddar-utomhusmobler-beige\/\" \/>\n<meta property=\"og:locale\" content=\"sv_SE\" \/>\n<meta property=\"og:type\" content=\"article\" \/>\n<meta property=\"og:title\" content=\"TRUUSK Sittgrupp i Polyrattan - Matgrupp - Tr\u00e4dg\u00e5rdsset - 11 st - Svarta kuddar - Utomhusm\u00f6bler - Beige - TRUUSK - Hem, Tr\u00e4dg\u00e5rd &amp; Fritid\" \/>\n<meta property=\"og:description\" content=\"Om du vill sitta bekv\u00e4mt tillsammans p\u00e5 sommaren kan du nog inte bortse fr\u00e5n v\u00e5r sittgrupp i polyrattan. Den 11-delade....\" \/>\n<meta property=\"og:url\" content=\"https:\/\/truusk.store\/sv\/produkt\/truusk-sittgrupp-i-polyrattan-matgrupp-tradgardsset-11-st-svarta-kuddar-utomhusmobler-beige\/\" \/>\n<meta property=\"og:site_name\" content=\"TRUUSK - Hem, Tr\u00e4dg\u00e5rd &amp; Fritid\" \/>\n<meta property=\"article:modified_time\" content=\"2026-03-12T07:59:30+00:00\" \/>\n<meta property=\"og:image\" content=\"https:\/\/i0.wp.com\/truusk.se\/wp-content\/uploads\/2024\/02\/sittgrupp-i-polyrattan-matgrupp-tradgardsset-11-st-med-svarta-kuddar.webp?fit=800%2C800&ssl=1\" \/>\n\t<meta property=\"og:image:width\" content=\"800\" \/>\n\t<meta property=\"og:image:height\" content=\"800\" \/>\n\t<meta property=\"og:image:type\" content=\"image\/webp\" \/>\n<meta name=\"twitter:card\" content=\"summary_large_image\" \/>\n<meta name=\"twitter:label1\" content=\"Ber\u00e4knad l\u00e4stid\" \/>\n\t<meta name=\"twitter:data1\" content=\"1 minut\" \/>\n<!-- \/ Yoast SEO plugin. -->","yoast_head_json":{"title":"TRUUSK Sittgrupp i Polyrattan - Matgrupp - Tr\u00e4dg\u00e5rdsset - 11 st - Svarta kuddar - Utomhusm\u00f6bler - Beige - TRUUSK - Hem, Tr\u00e4dg\u00e5rd &amp; Fritid","robots":{"index":"index","follow":"follow","max-snippet":"max-snippet:-1","max-image-preview":"max-image-preview:large","max-video-preview":"max-video-preview:-1"},"canonical":"https:\/\/truusk.store\/sv\/produkt\/truusk-sittgrupp-i-polyrattan-matgrupp-tradgardsset-11-st-svarta-kuddar-utomhusmobler-beige\/","og_locale":"sv_SE","og_type":"article","og_title":"TRUUSK Sittgrupp i Polyrattan - Matgrupp - Tr\u00e4dg\u00e5rdsset - 11 st - Svarta kuddar - Utomhusm\u00f6bler - Beige - TRUUSK - Hem, Tr\u00e4dg\u00e5rd &amp; Fritid","og_description":"Om du vill sitta bekv\u00e4mt tillsammans p\u00e5 sommaren kan du nog inte bortse fr\u00e5n v\u00e5r sittgrupp i polyrattan. Den 11-delade....","og_url":"https:\/\/truusk.store\/sv\/produkt\/truusk-sittgrupp-i-polyrattan-matgrupp-tradgardsset-11-st-svarta-kuddar-utomhusmobler-beige\/","og_site_name":"TRUUSK - Hem, Tr\u00e4dg\u00e5rd &amp; Fritid","article_modified_time":"2026-03-12T07:59:30+00:00","og_image":[{"width":800,"height":800,"url":"https:\/\/i0.wp.com\/truusk.se\/wp-content\/uploads\/2024\/02\/sittgrupp-i-polyrattan-matgrupp-tradgardsset-11-st-med-svarta-kuddar.webp?fit=800%2C800&ssl=1","type":"image\/webp"}],"twitter_card":"summary_large_image","twitter_misc":{"Ber\u00e4knad l\u00e4stid":"1 minut"},"schema":{"@context":"https:\/\/schema.org","@graph":[{"@type":"WebPage","@id":"https:\/\/truusk.store\/sv\/produkt\/truusk-sittgrupp-i-polyrattan-matgrupp-tradgardsset-11-st-svarta-kuddar-utomhusmobler-beige\/","url":"https:\/\/truusk.store\/sv\/produkt\/truusk-sittgrupp-i-polyrattan-matgrupp-tradgardsset-11-st-svarta-kuddar-utomhusmobler-beige\/","name":"TRUUSK Sittgrupp i Polyrattan - Matgrupp - Tr\u00e4dg\u00e5rdsset - 11 st - Svarta kuddar - Utomhusm\u00f6bler - Beige - TRUUSK - Hem, Tr\u00e4dg\u00e5rd &amp; Fritid","isPartOf":{"@id":"https:\/\/truusk.store\/sv\/#website"},"primaryImageOfPage":{"@id":"https:\/\/truusk.store\/sv\/produkt\/truusk-sittgrupp-i-polyrattan-matgrupp-tradgardsset-11-st-svarta-kuddar-utomhusmobler-beige\/#primaryimage"},"image":{"@id":"https:\/\/truusk.store\/sv\/produkt\/truusk-sittgrupp-i-polyrattan-matgrupp-tradgardsset-11-st-svarta-kuddar-utomhusmobler-beige\/#primaryimage"},"thumbnailUrl":"https:\/\/i0.wp.com\/truusk.store\/wp-content\/uploads\/2024\/02\/sittgrupp-i-polyrattan-matgrupp-tradgardsset-11-st-med-svarta-kuddar.webp?fit=800%2C800&ssl=1","datePublished":"2024-02-13T11:26:46+00:00","dateModified":"2026-03-12T07:59:30+00:00","breadcrumb":{"@id":"https:\/\/truusk.store\/sv\/produkt\/truusk-sittgrupp-i-polyrattan-matgrupp-tradgardsset-11-st-svarta-kuddar-utomhusmobler-beige\/#breadcrumb"},"inLanguage":"sv-SE","potentialAction":[{"@type":"ReadAction","target":["https:\/\/truusk.store\/sv\/produkt\/truusk-sittgrupp-i-polyrattan-matgrupp-tradgardsset-11-st-svarta-kuddar-utomhusmobler-beige\/"]}]},{"@type":"ImageObject","inLanguage":"sv-SE","@id":"https:\/\/truusk.store\/sv\/produkt\/truusk-sittgrupp-i-polyrattan-matgrupp-tradgardsset-11-st-svarta-kuddar-utomhusmobler-beige\/#primaryimage","url":"https:\/\/i0.wp.com\/truusk.store\/wp-content\/uploads\/2024\/02\/sittgrupp-i-polyrattan-matgrupp-tradgardsset-11-st-med-svarta-kuddar.webp?fit=800%2C800&ssl=1","contentUrl":"https:\/\/i0.wp.com\/truusk.store\/wp-content\/uploads\/2024\/02\/sittgrupp-i-polyrattan-matgrupp-tradgardsset-11-st-med-svarta-kuddar.webp?fit=800%2C800&ssl=1","width":800,"height":800,"caption":"Sittgrupp I Polyrattan, Matgrupp, Tr\u00e4dg\u00e5rdsset, 11 St Med Svarta Kuddar 1"},{"@type":"BreadcrumbList","@id":"https:\/\/truusk.store\/sv\/produkt\/truusk-sittgrupp-i-polyrattan-matgrupp-tradgardsset-11-st-svarta-kuddar-utomhusmobler-beige\/#breadcrumb","itemListElement":[{"@type":"ListItem","position":1,"name":"Home","item":"https:\/\/truusk.store\/sv\/"},{"@type":"ListItem","position":2,"name":"Shop","item":"https:\/\/truusk.store\/shop\/"},{"@type":"ListItem","position":3,"name":"TRUUSK Sittgrupp i Polyrattan &#8211; Matgrupp &#8211; Tr\u00e4dg\u00e5rdsset &#8211; 11 st &#8211; Svarta kuddar &#8211; Utomhusm\u00f6bler &#8211; Beige"}]},{"@type":"WebSite","@id":"https:\/\/truusk.store\/sv\/#website","url":"https:\/\/truusk.store\/sv\/","name":"TRUUSK - Hem, Tr\u00e4dg\u00e5rd & Fritid","description":"","publisher":{"@id":"https:\/\/truusk.store\/sv\/#organization"},"potentialAction":[{"@type":"SearchAction","target":{"@type":"EntryPoint","urlTemplate":"https:\/\/truusk.store\/sv\/?s={search_term_string}"},"query-input":{"@type":"PropertyValueSpecification","valueRequired":true,"valueName":"search_term_string"}}],"inLanguage":"sv-SE"},{"@type":"Organization","@id":"https:\/\/truusk.store\/sv\/#organization","name":"TRUUSK - Hem, Tr\u00e4dg\u00e5rd & Fritid","url":"https:\/\/truusk.store\/sv\/","logo":{"@type":"ImageObject","inLanguage":"sv-SE","@id":"https:\/\/truusk.store\/sv\/#\/schema\/logo\/image\/","url":"https:\/\/i0.wp.com\/truusk.store\/wp-content\/uploads\/2026\/03\/cropped-TRUUSK.png?fit=2032%2C917&ssl=1","contentUrl":"https:\/\/i0.wp.com\/truusk.store\/wp-content\/uploads\/2026\/03\/cropped-TRUUSK.png?fit=2032%2C917&ssl=1","width":2032,"height":917,"caption":"TRUUSK - Hem, Tr\u00e4dg\u00e5rd & Fritid"},"image":{"@id":"https:\/\/truusk.store\/sv\/#\/schema\/logo\/image\/"}}]}},"jetpack_sharing_enabled":true,"_links":{"self":[{"href":"https:\/\/truusk.store\/sv\/wp-json\/wp\/v2\/product\/15118","targetHints":{"allow":["GET"]}}],"collection":[{"href":"https:\/\/truusk.store\/sv\/wp-json\/wp\/v2\/product"}],"about":[{"href":"https:\/\/truusk.store\/sv\/wp-json\/wp\/v2\/types\/product"}],"wp:featuredmedia":[{"embeddable":true,"href":"https:\/\/truusk.store\/sv\/wp-json\/wp\/v2\/media\/15119"}],"wp:attachment":[{"href":"https:\/\/truusk.store\/sv\/wp-json\/wp\/v2\/media?parent=15118"}],"wp:term":[{"taxonomy":"product_brand","embeddable":true,"href":"https:\/\/truusk.store\/sv\/wp-json\/wp\/v2\/product_brand?post=15118"},{"taxonomy":"product_cat","embeddable":true,"href":"https:\/\/truusk.store\/sv\/wp-json\/wp\/v2\/product_cat?post=15118"},{"taxonomy":"product_tag","embeddable":true,"href":"https:\/\/truusk.store\/sv\/wp-json\/wp\/v2\/product_tag?post=15118"}],"curies":[{"name":"wp","href":"https:\/\/api.w.org\/{rel}","templated":true}]}}