{"id":15157,"date":"2024-02-13T12:27:50","date_gmt":"2024-02-13T11:27:50","guid":{"rendered":"https:\/\/truusk.store\/product\/katthus-for-kattbadd-eller-kattlada-kattskap-kattlada-inomhus-gran-asfalttak-gra-59-x-55-x-109-cm\/"},"modified":"2026-03-12T08:59:30","modified_gmt":"2026-03-12T07:59:30","slug":"truusk-kattskap-for-kattbadd-eller-kattlada-inomhus-anvandning-gran-material-asfalttak-gra-farg-59-x-55-x-109-cm","status":"publish","type":"product","link":"https:\/\/truusk.store\/sv\/produkt\/truusk-kattskap-for-kattbadd-eller-kattlada-inomhus-anvandning-gran-material-asfalttak-gra-farg-59-x-55-x-109-cm\/","title":{"rendered":"TRUUSK Kattsk\u00e5p f\u00f6r Kattb\u00e4dd eller Kattl\u00e5da &#8211; Inomhus Anv\u00e4ndning &#8211; Gran Material &#8211; Asfalttak &#8211; Gr\u00e5 F\u00e4rg &#8211; 59 x 55 x 109 cm"},"content":{"rendered":"<p>Katthuset i tv\u00e5 v\u00e5ningar l\u00e4mnar inget \u00f6vrigt att \u00f6nska: H\u00e4r kan dina djur leka, vila och titta. Flera entr\u00e9er, ett f\u00f6nster och en balkong ger dig bra utsiktsl\u00e4ge och h\u00e4ngmattan inuti inbjuder till s\u00f6mn. Katthuset \u00e4r tillverkat av massivt grantr\u00e4, har asfalttak och v\u00e4derbest\u00e4ndig f\u00e4rg. Det betyder att dina favoriter \u00e4r skyddade fr\u00e5n v\u00e4drets effekter i tr\u00e4dg\u00e5rden. Unna dina sm\u00e5 tigrar roligt!<\/p>\n<h3>Beskrivning:<\/h3>\n<ul>\n<li>Stort katthus av massivt grantr\u00e4<\/li>\n<li>L\u00e4mplig f\u00f6r tr\u00e4dg\u00e5rden<\/li>\n<li>Asfalttak och vattent\u00e4t f\u00e4rg f\u00f6r v\u00e4derbest\u00e4ndighet<\/li>\n<li>St\u00e5r p\u00e5 fen f\u00f6r att h\u00e5lla borta fukt<\/li>\n<li>2 v\u00e5ningar erbjuder gott om plats<\/li>\n<li>Med dykplattform, utrymningsd\u00f6rr, trappor och h\u00e4ngmatta<\/li>\n<li>Nedre entr\u00e9 med transparent lamellgardin<\/li>\n<li>Enkel konstruktion<\/li>\n<\/ul>\n<h3>Teknisk data:<\/h3>\n<ul>\n<li>Material: gran, asfalttak<\/li>\n<li>\u00d6vergripande m\u00e5tt: L59 x B55 x H109 cm<\/li>\n<li>M\u00e5tt p\u00e5 huvudd\u00f6rr: B22 x H25 cm<\/li>\n<li>Balkongm\u00e5tt: B21,5 x H16,5 cm<\/li>\n<li>M\u00e5tt p\u00e5 nedre h\u00e5lighet: 20,5 cm<\/li>\n<li>M\u00e5tt melland\u00f6rr: B16,5 x H18,5 cm<\/li>\n<li>M\u00e5tt bakd\u00f6rr: B42,5 x H73,5 cm<\/li>\n<li>Inre rampm\u00e5tt: L30 x B19,8 cm<\/li>\n<li>Max lastkapacitet: 30 kg<\/li>\n<li>F\u00e4rg gr\u00e5<\/li>\n<\/ul>\n<h3>Leveransens omfattning:<\/h3>\n<ul>\n<li>1 x Katthus<\/li>\n<li>1 x Monteringsanvisning<\/li>\n<\/ul>\n","protected":false},"excerpt":{"rendered":"<p>Katthuset i tv\u00e5 v\u00e5ningar l\u00e4mnar inget \u00f6vrigt att \u00f6nska: H\u00e4r kan dina djur leka, vila och titta. Flera entr\u00e9er, ett&#8230;<\/p>\n","protected":false},"featured_media":15158,"template":"","meta":[],"product_brand":[],"product_cat":[573,591,588],"product_tag":[],"class_list":{"0":"post-15157","1":"product","2":"type-product","3":"status-publish","4":"has-post-thumbnail","6":"product_cat-husdjursmaterial","7":"product_cat-katthus","8":"product_cat-katttillbehor","10":"first","11":"instock","12":"sale","13":"taxable","14":"shipping-taxable","15":"purchasable","16":"product-type-simple"},"yoast_head":"<!-- This site is optimized with the Yoast SEO plugin v25.4 - https:\/\/yoast.com\/wordpress\/plugins\/seo\/ -->\n<title>TRUUSK Kattsk\u00e5p f\u00f6r Kattb\u00e4dd eller Kattl\u00e5da - Inomhus Anv\u00e4ndning - Gran Material - Asfalttak - Gr\u00e5 F\u00e4rg - 59 x 55 x 109 cm - TRUUSK - Hem, Tr\u00e4dg\u00e5rd &amp; Fritid<\/title>\n<meta name=\"robots\" content=\"index, follow, max-snippet:-1, max-image-preview:large, max-video-preview:-1\" \/>\n<link rel=\"canonical\" href=\"https:\/\/truusk.store\/sv\/produkt\/truusk-kattskap-for-kattbadd-eller-kattlada-inomhus-anvandning-gran-material-asfalttak-gra-farg-59-x-55-x-109-cm\/\" \/>\n<meta property=\"og:locale\" content=\"sv_SE\" \/>\n<meta property=\"og:type\" content=\"article\" \/>\n<meta property=\"og:title\" content=\"TRUUSK Kattsk\u00e5p f\u00f6r Kattb\u00e4dd eller Kattl\u00e5da - Inomhus Anv\u00e4ndning - Gran Material - Asfalttak - Gr\u00e5 F\u00e4rg - 59 x 55 x 109 cm - TRUUSK - Hem, Tr\u00e4dg\u00e5rd &amp; Fritid\" \/>\n<meta property=\"og:description\" content=\"Katthuset i tv\u00e5 v\u00e5ningar l\u00e4mnar inget \u00f6vrigt att \u00f6nska: H\u00e4r kan dina djur leka, vila och titta. Flera entr\u00e9er, ett...\" \/>\n<meta property=\"og:url\" content=\"https:\/\/truusk.store\/sv\/produkt\/truusk-kattskap-for-kattbadd-eller-kattlada-inomhus-anvandning-gran-material-asfalttak-gra-farg-59-x-55-x-109-cm\/\" \/>\n<meta property=\"og:site_name\" content=\"TRUUSK - Hem, Tr\u00e4dg\u00e5rd &amp; Fritid\" \/>\n<meta property=\"article:modified_time\" content=\"2026-03-12T07:59:30+00:00\" \/>\n<meta property=\"og:image\" content=\"https:\/\/i0.wp.com\/truusk.se\/wp-content\/uploads\/2024\/02\/katthus-for-kattbadd-eller-kattlada-kattskap-kattlada-inomhus-gran-asfalttak-gra-59-x-55-x-109-cm.webp?fit=800%2C800&ssl=1\" \/>\n\t<meta property=\"og:image:width\" content=\"800\" \/>\n\t<meta property=\"og:image:height\" content=\"800\" \/>\n\t<meta property=\"og:image:type\" content=\"image\/webp\" \/>\n<meta name=\"twitter:card\" content=\"summary_large_image\" \/>\n<meta name=\"twitter:label1\" content=\"Ber\u00e4knad l\u00e4stid\" \/>\n\t<meta name=\"twitter:data1\" content=\"1 minut\" \/>\n<!-- \/ Yoast SEO plugin. -->","yoast_head_json":{"title":"TRUUSK Kattsk\u00e5p f\u00f6r Kattb\u00e4dd eller Kattl\u00e5da - Inomhus Anv\u00e4ndning - Gran Material - Asfalttak - Gr\u00e5 F\u00e4rg - 59 x 55 x 109 cm - TRUUSK - Hem, Tr\u00e4dg\u00e5rd &amp; Fritid","robots":{"index":"index","follow":"follow","max-snippet":"max-snippet:-1","max-image-preview":"max-image-preview:large","max-video-preview":"max-video-preview:-1"},"canonical":"https:\/\/truusk.store\/sv\/produkt\/truusk-kattskap-for-kattbadd-eller-kattlada-inomhus-anvandning-gran-material-asfalttak-gra-farg-59-x-55-x-109-cm\/","og_locale":"sv_SE","og_type":"article","og_title":"TRUUSK Kattsk\u00e5p f\u00f6r Kattb\u00e4dd eller Kattl\u00e5da - Inomhus Anv\u00e4ndning - Gran Material - Asfalttak - Gr\u00e5 F\u00e4rg - 59 x 55 x 109 cm - TRUUSK - Hem, Tr\u00e4dg\u00e5rd &amp; Fritid","og_description":"Katthuset i tv\u00e5 v\u00e5ningar l\u00e4mnar inget \u00f6vrigt att \u00f6nska: H\u00e4r kan dina djur leka, vila och titta. Flera entr\u00e9er, ett...","og_url":"https:\/\/truusk.store\/sv\/produkt\/truusk-kattskap-for-kattbadd-eller-kattlada-inomhus-anvandning-gran-material-asfalttak-gra-farg-59-x-55-x-109-cm\/","og_site_name":"TRUUSK - Hem, Tr\u00e4dg\u00e5rd &amp; Fritid","article_modified_time":"2026-03-12T07:59:30+00:00","og_image":[{"width":800,"height":800,"url":"https:\/\/i0.wp.com\/truusk.se\/wp-content\/uploads\/2024\/02\/katthus-for-kattbadd-eller-kattlada-kattskap-kattlada-inomhus-gran-asfalttak-gra-59-x-55-x-109-cm.webp?fit=800%2C800&ssl=1","type":"image\/webp"}],"twitter_card":"summary_large_image","twitter_misc":{"Ber\u00e4knad l\u00e4stid":"1 minut"},"schema":{"@context":"https:\/\/schema.org","@graph":[{"@type":"WebPage","@id":"https:\/\/truusk.store\/sv\/produkt\/truusk-kattskap-for-kattbadd-eller-kattlada-inomhus-anvandning-gran-material-asfalttak-gra-farg-59-x-55-x-109-cm\/","url":"https:\/\/truusk.store\/sv\/produkt\/truusk-kattskap-for-kattbadd-eller-kattlada-inomhus-anvandning-gran-material-asfalttak-gra-farg-59-x-55-x-109-cm\/","name":"TRUUSK Kattsk\u00e5p f\u00f6r Kattb\u00e4dd eller Kattl\u00e5da - Inomhus Anv\u00e4ndning - Gran Material - Asfalttak - Gr\u00e5 F\u00e4rg - 59 x 55 x 109 cm - TRUUSK - Hem, Tr\u00e4dg\u00e5rd &amp; Fritid","isPartOf":{"@id":"https:\/\/truusk.store\/sv\/#website"},"primaryImageOfPage":{"@id":"https:\/\/truusk.store\/sv\/produkt\/truusk-kattskap-for-kattbadd-eller-kattlada-inomhus-anvandning-gran-material-asfalttak-gra-farg-59-x-55-x-109-cm\/#primaryimage"},"image":{"@id":"https:\/\/truusk.store\/sv\/produkt\/truusk-kattskap-for-kattbadd-eller-kattlada-inomhus-anvandning-gran-material-asfalttak-gra-farg-59-x-55-x-109-cm\/#primaryimage"},"thumbnailUrl":"https:\/\/i0.wp.com\/truusk.store\/wp-content\/uploads\/2024\/02\/katthus-for-kattbadd-eller-kattlada-kattskap-kattlada-inomhus-gran-asfalttak-gra-59-x-55-x-109-cm.webp?fit=800%2C800&ssl=1","datePublished":"2024-02-13T11:27:50+00:00","dateModified":"2026-03-12T07:59:30+00:00","breadcrumb":{"@id":"https:\/\/truusk.store\/sv\/produkt\/truusk-kattskap-for-kattbadd-eller-kattlada-inomhus-anvandning-gran-material-asfalttak-gra-farg-59-x-55-x-109-cm\/#breadcrumb"},"inLanguage":"sv-SE","potentialAction":[{"@type":"ReadAction","target":["https:\/\/truusk.store\/sv\/produkt\/truusk-kattskap-for-kattbadd-eller-kattlada-inomhus-anvandning-gran-material-asfalttak-gra-farg-59-x-55-x-109-cm\/"]}]},{"@type":"ImageObject","inLanguage":"sv-SE","@id":"https:\/\/truusk.store\/sv\/produkt\/truusk-kattskap-for-kattbadd-eller-kattlada-inomhus-anvandning-gran-material-asfalttak-gra-farg-59-x-55-x-109-cm\/#primaryimage","url":"https:\/\/i0.wp.com\/truusk.store\/wp-content\/uploads\/2024\/02\/katthus-for-kattbadd-eller-kattlada-kattskap-kattlada-inomhus-gran-asfalttak-gra-59-x-55-x-109-cm.webp?fit=800%2C800&ssl=1","contentUrl":"https:\/\/i0.wp.com\/truusk.store\/wp-content\/uploads\/2024\/02\/katthus-for-kattbadd-eller-kattlada-kattskap-kattlada-inomhus-gran-asfalttak-gra-59-x-55-x-109-cm.webp?fit=800%2C800&ssl=1","width":800,"height":800,"caption":"Katthus F\u00f6r Kattb\u00e4dd Eller Kattl\u00e5da, Kattsk\u00e5p, Kattl\u00e5da Inomhus, Gran, Asfalttak, Gr\u00e5, 59 X 55 X 109 Cm 1"},{"@type":"BreadcrumbList","@id":"https:\/\/truusk.store\/sv\/produkt\/truusk-kattskap-for-kattbadd-eller-kattlada-inomhus-anvandning-gran-material-asfalttak-gra-farg-59-x-55-x-109-cm\/#breadcrumb","itemListElement":[{"@type":"ListItem","position":1,"name":"Home","item":"https:\/\/truusk.store\/sv\/"},{"@type":"ListItem","position":2,"name":"Shop","item":"https:\/\/truusk.store\/shop\/"},{"@type":"ListItem","position":3,"name":"TRUUSK Kattsk\u00e5p f\u00f6r Kattb\u00e4dd eller Kattl\u00e5da &#8211; Inomhus Anv\u00e4ndning &#8211; Gran Material &#8211; Asfalttak &#8211; Gr\u00e5 F\u00e4rg &#8211; 59 x 55 x 109 cm"}]},{"@type":"WebSite","@id":"https:\/\/truusk.store\/sv\/#website","url":"https:\/\/truusk.store\/sv\/","name":"TRUUSK - Hem, Tr\u00e4dg\u00e5rd & Fritid","description":"","publisher":{"@id":"https:\/\/truusk.store\/sv\/#organization"},"potentialAction":[{"@type":"SearchAction","target":{"@type":"EntryPoint","urlTemplate":"https:\/\/truusk.store\/sv\/?s={search_term_string}"},"query-input":{"@type":"PropertyValueSpecification","valueRequired":true,"valueName":"search_term_string"}}],"inLanguage":"sv-SE"},{"@type":"Organization","@id":"https:\/\/truusk.store\/sv\/#organization","name":"TRUUSK - Hem, Tr\u00e4dg\u00e5rd & Fritid","url":"https:\/\/truusk.store\/sv\/","logo":{"@type":"ImageObject","inLanguage":"sv-SE","@id":"https:\/\/truusk.store\/sv\/#\/schema\/logo\/image\/","url":"https:\/\/i0.wp.com\/truusk.store\/wp-content\/uploads\/2026\/03\/cropped-TRUUSK.png?fit=2032%2C917&ssl=1","contentUrl":"https:\/\/i0.wp.com\/truusk.store\/wp-content\/uploads\/2026\/03\/cropped-TRUUSK.png?fit=2032%2C917&ssl=1","width":2032,"height":917,"caption":"TRUUSK - Hem, Tr\u00e4dg\u00e5rd & Fritid"},"image":{"@id":"https:\/\/truusk.store\/sv\/#\/schema\/logo\/image\/"}}]}},"jetpack_sharing_enabled":true,"_links":{"self":[{"href":"https:\/\/truusk.store\/sv\/wp-json\/wp\/v2\/product\/15157","targetHints":{"allow":["GET"]}}],"collection":[{"href":"https:\/\/truusk.store\/sv\/wp-json\/wp\/v2\/product"}],"about":[{"href":"https:\/\/truusk.store\/sv\/wp-json\/wp\/v2\/types\/product"}],"wp:featuredmedia":[{"embeddable":true,"href":"https:\/\/truusk.store\/sv\/wp-json\/wp\/v2\/media\/15158"}],"wp:attachment":[{"href":"https:\/\/truusk.store\/sv\/wp-json\/wp\/v2\/media?parent=15157"}],"wp:term":[{"taxonomy":"product_brand","embeddable":true,"href":"https:\/\/truusk.store\/sv\/wp-json\/wp\/v2\/product_brand?post=15157"},{"taxonomy":"product_cat","embeddable":true,"href":"https:\/\/truusk.store\/sv\/wp-json\/wp\/v2\/product_cat?post=15157"},{"taxonomy":"product_tag","embeddable":true,"href":"https:\/\/truusk.store\/sv\/wp-json\/wp\/v2\/product_tag?post=15157"}],"curies":[{"name":"wp","href":"https:\/\/api.w.org\/{rel}","templated":true}]}}