{"id":15183,"date":"2024-02-13T12:28:33","date_gmt":"2024-02-13T11:28:33","guid":{"rendered":"https:\/\/truusk.store\/product\/parasollstall-paraplystall-paraplyhallare-paraplybas-13-kg-stativ-paraply-35-38-48mm-plast-cement-antik-brons-48-x-34-cm\/"},"modified":"2026-03-12T08:59:31","modified_gmt":"2026-03-12T07:59:31","slug":"truusk-paraplystall-antik-brons-plast-cement-for-paraplyer-35-38-48mm-13-kg-48-x-34-cm","status":"publish","type":"product","link":"https:\/\/truusk.store\/sv\/produkt\/truusk-paraplystall-antik-brons-plast-cement-for-paraplyer-35-38-48mm-13-kg-48-x-34-cm\/","title":{"rendered":"TRUUSK Paraplyst\u00e4ll &#8211; Antik Brons &#8211; Plast + Cement &#8211; F\u00f6r Paraplyer 35\/38\/48mm &#8211; 13 Kg &#8211; 48 x 34 cm"},"content":{"rendered":"<p>V\u00e5rt vackra parasollst\u00e4ll \u00e4r l\u00e4mpligt f\u00f6r medelstora paraplyer i olika utf\u00f6randen. Tre adapterhylsor ing\u00e5r i leveransen och g\u00f6r stativet m\u00e5ngsidigt. Plastbel\u00e4ggningen med den v\u00e4vda korgdesignen i vintagelook g\u00f6r ocks\u00e5 denna praktiska parasollbas dekorativ. Paraplyst\u00e5ngen h\u00e5lls av ett st\u00e5lr\u00f6r som \u00e4r ordentligt f\u00f6rankrat i den tunga cementk\u00e4rnan. Med en vikt p\u00e5 13 kilo \u00e4r paraplybasen stabil, men \u00e4nd\u00e5 l\u00e4tt att flytta tack vare sin runda form. Perfekt f\u00f6r ditt parasoll!<\/p>\n<p><strong>Beskrivning:<\/strong><\/p>\n<ul>\n<li>&#8211; H\u00f6gkvalitativt parasollst\u00e4ll med rund bas<\/li>\n<li>&#8211; Robust jacka av HDPE-plast med cementfyllning<\/li>\n<li>&#8211; Starkt metallr\u00f6r f\u00f6r att h\u00e5lla paraplyst\u00e5ngen<\/li>\n<li>&#8211; Inklusive 3 adapterhylsor, l\u00e4mpliga f\u00f6r paraplyst\u00e4nger med 35 mm\/38 mm\/48 mm<\/li>\n<li>&#8211; Enkel konstruktion<\/li>\n<\/ul>\n<p><strong>Teknisk data:<\/strong><\/p>\n<ul>\n<li>&#8211; Material: HDPE, cement, metall<\/li>\n<li>&#8211; F\u00e4rg: Brons<\/li>\n<li>&#8211; Vikt: 13 kg<\/li>\n<li>&#8211; Totalm\u00e5tt: 48 x H34 cm<\/li>\n<li>&#8211; M\u00e5tt p\u00e5 st\u00e5lr\u00f6r: 5,8 x H25 cm<\/li>\n<\/ul>\n<p><strong>Leveransens omfattning:<\/strong><\/p>\n<ul>\n<li>&#8211; 1 x parasollst\u00e4ll<\/li>\n<li>&#8211; 3 x adapterhylsa<\/li>\n<li>&#8211; 1 x monteringsanvisning<\/li>\n<\/ul>\n","protected":false},"excerpt":{"rendered":"<p>V\u00e5rt vackra parasollst\u00e4ll \u00e4r l\u00e4mpligt f\u00f6r medelstora paraplyer i olika utf\u00f6randen. Tre adapterhylsor ing\u00e5r i leveransen och g\u00f6r stativet m\u00e5ngsidigt&#8230;.<\/p>\n","protected":false},"featured_media":15184,"template":"","meta":[],"product_brand":[],"product_cat":[723,472,471,435],"product_tag":[],"class_list":{"0":"post-15183","1":"product","2":"type-product","3":"status-publish","4":"has-post-thumbnail","6":"product_cat-paraplystall","7":"product_cat-parasoller","8":"product_cat-solskydd-integritetsskydd","9":"product_cat-tradgard-och-terrass","11":"first","12":"instock","13":"sale","14":"taxable","15":"shipping-taxable","16":"purchasable","17":"product-type-simple"},"yoast_head":"<!-- This site is optimized with the Yoast SEO plugin v25.4 - https:\/\/yoast.com\/wordpress\/plugins\/seo\/ -->\n<title>TRUUSK Paraplyst\u00e4ll - Antik Brons - Plast + Cement - F\u00f6r Paraplyer 35\/38\/48mm - 13 Kg - 48 x 34 cm - TRUUSK - Hem, Tr\u00e4dg\u00e5rd &amp; Fritid<\/title>\n<meta name=\"robots\" content=\"index, follow, max-snippet:-1, max-image-preview:large, max-video-preview:-1\" \/>\n<link rel=\"canonical\" href=\"https:\/\/truusk.store\/sv\/produkt\/truusk-paraplystall-antik-brons-plast-cement-for-paraplyer-35-38-48mm-13-kg-48-x-34-cm\/\" \/>\n<meta property=\"og:locale\" content=\"sv_SE\" \/>\n<meta property=\"og:type\" content=\"article\" \/>\n<meta property=\"og:title\" content=\"TRUUSK Paraplyst\u00e4ll - Antik Brons - Plast + Cement - F\u00f6r Paraplyer 35\/38\/48mm - 13 Kg - 48 x 34 cm - TRUUSK - Hem, Tr\u00e4dg\u00e5rd &amp; Fritid\" \/>\n<meta property=\"og:description\" content=\"V\u00e5rt vackra parasollst\u00e4ll \u00e4r l\u00e4mpligt f\u00f6r medelstora paraplyer i olika utf\u00f6randen. Tre adapterhylsor ing\u00e5r i leveransen och g\u00f6r stativet m\u00e5ngsidigt....\" \/>\n<meta property=\"og:url\" content=\"https:\/\/truusk.store\/sv\/produkt\/truusk-paraplystall-antik-brons-plast-cement-for-paraplyer-35-38-48mm-13-kg-48-x-34-cm\/\" \/>\n<meta property=\"og:site_name\" content=\"TRUUSK - Hem, Tr\u00e4dg\u00e5rd &amp; Fritid\" \/>\n<meta property=\"article:modified_time\" content=\"2026-03-12T07:59:31+00:00\" \/>\n<meta property=\"og:image\" content=\"https:\/\/i0.wp.com\/truusk.se\/wp-content\/uploads\/2024\/02\/parasollstall-paraplystall-paraplyhallare-paraplybas-13-kg-stativ-paraply-35-38-48mm-plast-cement-antik-brons-48-x-34-cm.webp?fit=800%2C800&ssl=1\" \/>\n\t<meta property=\"og:image:width\" content=\"800\" \/>\n\t<meta property=\"og:image:height\" content=\"800\" \/>\n\t<meta property=\"og:image:type\" content=\"image\/webp\" \/>\n<meta name=\"twitter:card\" content=\"summary_large_image\" \/>\n<meta name=\"twitter:label1\" content=\"Ber\u00e4knad l\u00e4stid\" \/>\n\t<meta name=\"twitter:data1\" content=\"1 minut\" \/>\n<!-- \/ Yoast SEO plugin. -->","yoast_head_json":{"title":"TRUUSK Paraplyst\u00e4ll - Antik Brons - Plast + Cement - F\u00f6r Paraplyer 35\/38\/48mm - 13 Kg - 48 x 34 cm - TRUUSK - Hem, Tr\u00e4dg\u00e5rd &amp; Fritid","robots":{"index":"index","follow":"follow","max-snippet":"max-snippet:-1","max-image-preview":"max-image-preview:large","max-video-preview":"max-video-preview:-1"},"canonical":"https:\/\/truusk.store\/sv\/produkt\/truusk-paraplystall-antik-brons-plast-cement-for-paraplyer-35-38-48mm-13-kg-48-x-34-cm\/","og_locale":"sv_SE","og_type":"article","og_title":"TRUUSK Paraplyst\u00e4ll - Antik Brons - Plast + Cement - F\u00f6r Paraplyer 35\/38\/48mm - 13 Kg - 48 x 34 cm - TRUUSK - Hem, Tr\u00e4dg\u00e5rd &amp; Fritid","og_description":"V\u00e5rt vackra parasollst\u00e4ll \u00e4r l\u00e4mpligt f\u00f6r medelstora paraplyer i olika utf\u00f6randen. Tre adapterhylsor ing\u00e5r i leveransen och g\u00f6r stativet m\u00e5ngsidigt....","og_url":"https:\/\/truusk.store\/sv\/produkt\/truusk-paraplystall-antik-brons-plast-cement-for-paraplyer-35-38-48mm-13-kg-48-x-34-cm\/","og_site_name":"TRUUSK - Hem, Tr\u00e4dg\u00e5rd &amp; Fritid","article_modified_time":"2026-03-12T07:59:31+00:00","og_image":[{"width":800,"height":800,"url":"https:\/\/i0.wp.com\/truusk.se\/wp-content\/uploads\/2024\/02\/parasollstall-paraplystall-paraplyhallare-paraplybas-13-kg-stativ-paraply-35-38-48mm-plast-cement-antik-brons-48-x-34-cm.webp?fit=800%2C800&ssl=1","type":"image\/webp"}],"twitter_card":"summary_large_image","twitter_misc":{"Ber\u00e4knad l\u00e4stid":"1 minut"},"schema":{"@context":"https:\/\/schema.org","@graph":[{"@type":"WebPage","@id":"https:\/\/truusk.store\/sv\/produkt\/truusk-paraplystall-antik-brons-plast-cement-for-paraplyer-35-38-48mm-13-kg-48-x-34-cm\/","url":"https:\/\/truusk.store\/sv\/produkt\/truusk-paraplystall-antik-brons-plast-cement-for-paraplyer-35-38-48mm-13-kg-48-x-34-cm\/","name":"TRUUSK Paraplyst\u00e4ll - Antik Brons - Plast + Cement - F\u00f6r Paraplyer 35\/38\/48mm - 13 Kg - 48 x 34 cm - TRUUSK - Hem, Tr\u00e4dg\u00e5rd &amp; Fritid","isPartOf":{"@id":"https:\/\/truusk.store\/sv\/#website"},"primaryImageOfPage":{"@id":"https:\/\/truusk.store\/sv\/produkt\/truusk-paraplystall-antik-brons-plast-cement-for-paraplyer-35-38-48mm-13-kg-48-x-34-cm\/#primaryimage"},"image":{"@id":"https:\/\/truusk.store\/sv\/produkt\/truusk-paraplystall-antik-brons-plast-cement-for-paraplyer-35-38-48mm-13-kg-48-x-34-cm\/#primaryimage"},"thumbnailUrl":"https:\/\/i0.wp.com\/truusk.store\/wp-content\/uploads\/2024\/02\/parasollstall-paraplystall-paraplyhallare-paraplybas-13-kg-stativ-paraply-35-38-48mm-plast-cement-antik-brons-48-x-34-cm.webp?fit=800%2C800&ssl=1","datePublished":"2024-02-13T11:28:33+00:00","dateModified":"2026-03-12T07:59:31+00:00","breadcrumb":{"@id":"https:\/\/truusk.store\/sv\/produkt\/truusk-paraplystall-antik-brons-plast-cement-for-paraplyer-35-38-48mm-13-kg-48-x-34-cm\/#breadcrumb"},"inLanguage":"sv-SE","potentialAction":[{"@type":"ReadAction","target":["https:\/\/truusk.store\/sv\/produkt\/truusk-paraplystall-antik-brons-plast-cement-for-paraplyer-35-38-48mm-13-kg-48-x-34-cm\/"]}]},{"@type":"ImageObject","inLanguage":"sv-SE","@id":"https:\/\/truusk.store\/sv\/produkt\/truusk-paraplystall-antik-brons-plast-cement-for-paraplyer-35-38-48mm-13-kg-48-x-34-cm\/#primaryimage","url":"https:\/\/i0.wp.com\/truusk.store\/wp-content\/uploads\/2024\/02\/parasollstall-paraplystall-paraplyhallare-paraplybas-13-kg-stativ-paraply-35-38-48mm-plast-cement-antik-brons-48-x-34-cm.webp?fit=800%2C800&ssl=1","contentUrl":"https:\/\/i0.wp.com\/truusk.store\/wp-content\/uploads\/2024\/02\/parasollstall-paraplystall-paraplyhallare-paraplybas-13-kg-stativ-paraply-35-38-48mm-plast-cement-antik-brons-48-x-34-cm.webp?fit=800%2C800&ssl=1","width":800,"height":800,"caption":"Parasollst\u00e4ll Paraplyst\u00e4ll Paraplyh\u00e5llare Paraplybas 13 Kg Stativ Paraply 35\/38\/48mm Plast + Cement Antik Brons 48 X 34 Cm 1"},{"@type":"BreadcrumbList","@id":"https:\/\/truusk.store\/sv\/produkt\/truusk-paraplystall-antik-brons-plast-cement-for-paraplyer-35-38-48mm-13-kg-48-x-34-cm\/#breadcrumb","itemListElement":[{"@type":"ListItem","position":1,"name":"Home","item":"https:\/\/truusk.store\/sv\/"},{"@type":"ListItem","position":2,"name":"Shop","item":"https:\/\/truusk.store\/shop\/"},{"@type":"ListItem","position":3,"name":"TRUUSK Paraplyst\u00e4ll &#8211; Antik Brons &#8211; Plast + Cement &#8211; F\u00f6r Paraplyer 35\/38\/48mm &#8211; 13 Kg &#8211; 48 x 34 cm"}]},{"@type":"WebSite","@id":"https:\/\/truusk.store\/sv\/#website","url":"https:\/\/truusk.store\/sv\/","name":"TRUUSK - Hem, Tr\u00e4dg\u00e5rd & Fritid","description":"","publisher":{"@id":"https:\/\/truusk.store\/sv\/#organization"},"potentialAction":[{"@type":"SearchAction","target":{"@type":"EntryPoint","urlTemplate":"https:\/\/truusk.store\/sv\/?s={search_term_string}"},"query-input":{"@type":"PropertyValueSpecification","valueRequired":true,"valueName":"search_term_string"}}],"inLanguage":"sv-SE"},{"@type":"Organization","@id":"https:\/\/truusk.store\/sv\/#organization","name":"TRUUSK - Hem, Tr\u00e4dg\u00e5rd & Fritid","url":"https:\/\/truusk.store\/sv\/","logo":{"@type":"ImageObject","inLanguage":"sv-SE","@id":"https:\/\/truusk.store\/sv\/#\/schema\/logo\/image\/","url":"https:\/\/i0.wp.com\/truusk.store\/wp-content\/uploads\/2026\/03\/cropped-TRUUSK.png?fit=2032%2C917&ssl=1","contentUrl":"https:\/\/i0.wp.com\/truusk.store\/wp-content\/uploads\/2026\/03\/cropped-TRUUSK.png?fit=2032%2C917&ssl=1","width":2032,"height":917,"caption":"TRUUSK - Hem, Tr\u00e4dg\u00e5rd & Fritid"},"image":{"@id":"https:\/\/truusk.store\/sv\/#\/schema\/logo\/image\/"}}]}},"jetpack_sharing_enabled":true,"_links":{"self":[{"href":"https:\/\/truusk.store\/sv\/wp-json\/wp\/v2\/product\/15183","targetHints":{"allow":["GET"]}}],"collection":[{"href":"https:\/\/truusk.store\/sv\/wp-json\/wp\/v2\/product"}],"about":[{"href":"https:\/\/truusk.store\/sv\/wp-json\/wp\/v2\/types\/product"}],"wp:featuredmedia":[{"embeddable":true,"href":"https:\/\/truusk.store\/sv\/wp-json\/wp\/v2\/media\/15184"}],"wp:attachment":[{"href":"https:\/\/truusk.store\/sv\/wp-json\/wp\/v2\/media?parent=15183"}],"wp:term":[{"taxonomy":"product_brand","embeddable":true,"href":"https:\/\/truusk.store\/sv\/wp-json\/wp\/v2\/product_brand?post=15183"},{"taxonomy":"product_cat","embeddable":true,"href":"https:\/\/truusk.store\/sv\/wp-json\/wp\/v2\/product_cat?post=15183"},{"taxonomy":"product_tag","embeddable":true,"href":"https:\/\/truusk.store\/sv\/wp-json\/wp\/v2\/product_tag?post=15183"}],"curies":[{"name":"wp","href":"https:\/\/api.w.org\/{rel}","templated":true}]}}