{"id":15193,"date":"2024-02-13T12:28:53","date_gmt":"2024-02-13T11:28:53","guid":{"rendered":"https:\/\/truusk.store\/product\/tradgardsbank-bank-parkbank-2-sits-tradgardsstal-svart-b127-x-d60-x-h87cm\/"},"modified":"2026-03-12T08:59:31","modified_gmt":"2026-03-12T07:59:31","slug":"truusk-tradgardsbank-2-sits-svart-tradgardsstal-b127-x-d60-x-h87cm","status":"publish","type":"product","link":"https:\/\/truusk.store\/sv\/produkt\/truusk-tradgardsbank-2-sits-svart-tradgardsstal-b127-x-d60-x-h87cm\/","title":{"rendered":"TRUUSK Tr\u00e4dg\u00e5rdsb\u00e4nk 2-sits &#8211; Svart Tr\u00e4dg\u00e5rdsst\u00e5l &#8211; B127 X D60 X H87cm"},"content":{"rendered":"<p>Njut av en trevlig paus i tr\u00e4dg\u00e5rden p\u00e5 denna moderna parkb\u00e4nk. Den robusta st\u00e5lkonstruktionen \u00e4r elegant svart och pulverlackerad. Detta g\u00f6r dem v\u00e4der- och rostbest\u00e4ndiga och kan h\u00e5lla upp till 280 kg. Det finns gott om plats f\u00f6r dig och en annan person p\u00e5 den ergonomiskt formade sitsen. Tack vare den snabba och enkla installationen kan du snart prova din nya relaxavdelning och f\u00f6ra in avslappnad lugn i din tr\u00e4dg\u00e5rd.<\/p>\n<h3>Beskrivning:<\/h3>\n<ul>\n<li>B\u00e4nk i enkel, svart design f\u00f6r utomhusbruk<\/li>\n<li>Erbjuder plats f\u00f6r upp till 2 personer<\/li>\n<li>St\u00e5lkonstruktion s\u00e4kerst\u00e4ller h\u00f6g stabilitet och b\u00e4rf\u00f6rm\u00e5ga<\/li>\n<li>Ergonomiskt utformad sits ger h\u00f6g sittkomfort<\/li>\n<li>Enkel konstruktion<\/li>\n<\/ul>\n<h3>Teknisk data:<\/h3>\n<ul>\n<li>Material: st\u00e5l<\/li>\n<li>Svart f\u00e4rg<\/li>\n<li>M\u00e5tt: 127L x 60W x 87H cm<\/li>\n<li>Sittyta: 121L x 40,5W cm<\/li>\n<li>Sitth\u00f6jd: 40,5 cm<\/li>\n<li>Nettovikt: ca 11,5 kg<\/li>\n<li>Max lastkapacitet: 240 kg<\/li>\n<\/ul>\n<h3>Leveransens omfattning:<\/h3>\n<ul>\n<li>1 x tr\u00e4dg\u00e5rdsb\u00e4nk;<\/li>\n<\/ul>\n","protected":false},"excerpt":{"rendered":"<p>Njut av en trevlig paus i tr\u00e4dg\u00e5rden p\u00e5 denna moderna parkb\u00e4nk. Den robusta st\u00e5lkonstruktionen \u00e4r elegant svart och pulverlackerad. Detta&#8230;<\/p>\n","protected":false},"featured_media":15194,"template":"","meta":[],"product_brand":[],"product_cat":[435,454,450],"product_tag":[],"class_list":{"0":"post-15193","1":"product","2":"type-product","3":"status-publish","4":"has-post-thumbnail","6":"product_cat-tradgard-och-terrass","7":"product_cat-tradgardsbankar","8":"product_cat-tradgardsmobler","10":"first","11":"instock","12":"sale","13":"taxable","14":"shipping-taxable","15":"purchasable","16":"product-type-simple"},"yoast_head":"<!-- This site is optimized with the Yoast SEO plugin v25.4 - https:\/\/yoast.com\/wordpress\/plugins\/seo\/ -->\n<title>TRUUSK Tr\u00e4dg\u00e5rdsb\u00e4nk 2-sits - Svart Tr\u00e4dg\u00e5rdsst\u00e5l - B127 X D60 X H87cm - TRUUSK - Hem, Tr\u00e4dg\u00e5rd &amp; Fritid<\/title>\n<meta name=\"robots\" content=\"index, follow, max-snippet:-1, max-image-preview:large, max-video-preview:-1\" \/>\n<link rel=\"canonical\" href=\"https:\/\/truusk.store\/sv\/produkt\/truusk-tradgardsbank-2-sits-svart-tradgardsstal-b127-x-d60-x-h87cm\/\" \/>\n<meta property=\"og:locale\" content=\"sv_SE\" \/>\n<meta property=\"og:type\" content=\"article\" \/>\n<meta property=\"og:title\" content=\"TRUUSK Tr\u00e4dg\u00e5rdsb\u00e4nk 2-sits - Svart Tr\u00e4dg\u00e5rdsst\u00e5l - B127 X D60 X H87cm - TRUUSK - Hem, Tr\u00e4dg\u00e5rd &amp; Fritid\" \/>\n<meta property=\"og:description\" content=\"Njut av en trevlig paus i tr\u00e4dg\u00e5rden p\u00e5 denna moderna parkb\u00e4nk. Den robusta st\u00e5lkonstruktionen \u00e4r elegant svart och pulverlackerad. Detta...\" \/>\n<meta property=\"og:url\" content=\"https:\/\/truusk.store\/sv\/produkt\/truusk-tradgardsbank-2-sits-svart-tradgardsstal-b127-x-d60-x-h87cm\/\" \/>\n<meta property=\"og:site_name\" content=\"TRUUSK - Hem, Tr\u00e4dg\u00e5rd &amp; Fritid\" \/>\n<meta property=\"article:modified_time\" content=\"2026-03-12T07:59:31+00:00\" \/>\n<meta property=\"og:image\" content=\"https:\/\/i0.wp.com\/truusk.se\/wp-content\/uploads\/2024\/02\/tradgardsbank-bank-parkbank-2-sits-tradgardsstal-svart-b127-x-d60-x-h87cm.webp?fit=800%2C800&ssl=1\" \/>\n\t<meta property=\"og:image:width\" content=\"800\" \/>\n\t<meta property=\"og:image:height\" content=\"800\" \/>\n\t<meta property=\"og:image:type\" content=\"image\/webp\" \/>\n<meta name=\"twitter:card\" content=\"summary_large_image\" \/>\n<meta name=\"twitter:label1\" content=\"Ber\u00e4knad l\u00e4stid\" \/>\n\t<meta name=\"twitter:data1\" content=\"1 minut\" \/>\n<!-- \/ Yoast SEO plugin. -->","yoast_head_json":{"title":"TRUUSK Tr\u00e4dg\u00e5rdsb\u00e4nk 2-sits - Svart Tr\u00e4dg\u00e5rdsst\u00e5l - B127 X D60 X H87cm - TRUUSK - Hem, Tr\u00e4dg\u00e5rd &amp; Fritid","robots":{"index":"index","follow":"follow","max-snippet":"max-snippet:-1","max-image-preview":"max-image-preview:large","max-video-preview":"max-video-preview:-1"},"canonical":"https:\/\/truusk.store\/sv\/produkt\/truusk-tradgardsbank-2-sits-svart-tradgardsstal-b127-x-d60-x-h87cm\/","og_locale":"sv_SE","og_type":"article","og_title":"TRUUSK Tr\u00e4dg\u00e5rdsb\u00e4nk 2-sits - Svart Tr\u00e4dg\u00e5rdsst\u00e5l - B127 X D60 X H87cm - TRUUSK - Hem, Tr\u00e4dg\u00e5rd &amp; Fritid","og_description":"Njut av en trevlig paus i tr\u00e4dg\u00e5rden p\u00e5 denna moderna parkb\u00e4nk. Den robusta st\u00e5lkonstruktionen \u00e4r elegant svart och pulverlackerad. Detta...","og_url":"https:\/\/truusk.store\/sv\/produkt\/truusk-tradgardsbank-2-sits-svart-tradgardsstal-b127-x-d60-x-h87cm\/","og_site_name":"TRUUSK - Hem, Tr\u00e4dg\u00e5rd &amp; Fritid","article_modified_time":"2026-03-12T07:59:31+00:00","og_image":[{"width":800,"height":800,"url":"https:\/\/i0.wp.com\/truusk.se\/wp-content\/uploads\/2024\/02\/tradgardsbank-bank-parkbank-2-sits-tradgardsstal-svart-b127-x-d60-x-h87cm.webp?fit=800%2C800&ssl=1","type":"image\/webp"}],"twitter_card":"summary_large_image","twitter_misc":{"Ber\u00e4knad l\u00e4stid":"1 minut"},"schema":{"@context":"https:\/\/schema.org","@graph":[{"@type":"WebPage","@id":"https:\/\/truusk.store\/sv\/produkt\/truusk-tradgardsbank-2-sits-svart-tradgardsstal-b127-x-d60-x-h87cm\/","url":"https:\/\/truusk.store\/sv\/produkt\/truusk-tradgardsbank-2-sits-svart-tradgardsstal-b127-x-d60-x-h87cm\/","name":"TRUUSK Tr\u00e4dg\u00e5rdsb\u00e4nk 2-sits - Svart Tr\u00e4dg\u00e5rdsst\u00e5l - B127 X D60 X H87cm - TRUUSK - Hem, Tr\u00e4dg\u00e5rd &amp; Fritid","isPartOf":{"@id":"https:\/\/truusk.store\/sv\/#website"},"primaryImageOfPage":{"@id":"https:\/\/truusk.store\/sv\/produkt\/truusk-tradgardsbank-2-sits-svart-tradgardsstal-b127-x-d60-x-h87cm\/#primaryimage"},"image":{"@id":"https:\/\/truusk.store\/sv\/produkt\/truusk-tradgardsbank-2-sits-svart-tradgardsstal-b127-x-d60-x-h87cm\/#primaryimage"},"thumbnailUrl":"https:\/\/i0.wp.com\/truusk.store\/wp-content\/uploads\/2024\/02\/tradgardsbank-bank-parkbank-2-sits-tradgardsstal-svart-b127-x-d60-x-h87cm.webp?fit=800%2C800&ssl=1","datePublished":"2024-02-13T11:28:53+00:00","dateModified":"2026-03-12T07:59:31+00:00","breadcrumb":{"@id":"https:\/\/truusk.store\/sv\/produkt\/truusk-tradgardsbank-2-sits-svart-tradgardsstal-b127-x-d60-x-h87cm\/#breadcrumb"},"inLanguage":"sv-SE","potentialAction":[{"@type":"ReadAction","target":["https:\/\/truusk.store\/sv\/produkt\/truusk-tradgardsbank-2-sits-svart-tradgardsstal-b127-x-d60-x-h87cm\/"]}]},{"@type":"ImageObject","inLanguage":"sv-SE","@id":"https:\/\/truusk.store\/sv\/produkt\/truusk-tradgardsbank-2-sits-svart-tradgardsstal-b127-x-d60-x-h87cm\/#primaryimage","url":"https:\/\/i0.wp.com\/truusk.store\/wp-content\/uploads\/2024\/02\/tradgardsbank-bank-parkbank-2-sits-tradgardsstal-svart-b127-x-d60-x-h87cm.webp?fit=800%2C800&ssl=1","contentUrl":"https:\/\/i0.wp.com\/truusk.store\/wp-content\/uploads\/2024\/02\/tradgardsbank-bank-parkbank-2-sits-tradgardsstal-svart-b127-x-d60-x-h87cm.webp?fit=800%2C800&ssl=1","width":800,"height":800,"caption":"Tr\u00e4dg\u00e5rdsb\u00e4nk B\u00e4nk Parkb\u00e4nk 2-sits Tr\u00e4dg\u00e5rdsst\u00e5l Svart B127 X D60 X H87cm 1"},{"@type":"BreadcrumbList","@id":"https:\/\/truusk.store\/sv\/produkt\/truusk-tradgardsbank-2-sits-svart-tradgardsstal-b127-x-d60-x-h87cm\/#breadcrumb","itemListElement":[{"@type":"ListItem","position":1,"name":"Home","item":"https:\/\/truusk.store\/sv\/"},{"@type":"ListItem","position":2,"name":"Shop","item":"https:\/\/truusk.store\/shop\/"},{"@type":"ListItem","position":3,"name":"TRUUSK Tr\u00e4dg\u00e5rdsb\u00e4nk 2-sits &#8211; Svart Tr\u00e4dg\u00e5rdsst\u00e5l &#8211; B127 X D60 X H87cm"}]},{"@type":"WebSite","@id":"https:\/\/truusk.store\/sv\/#website","url":"https:\/\/truusk.store\/sv\/","name":"TRUUSK - Hem, Tr\u00e4dg\u00e5rd & Fritid","description":"","publisher":{"@id":"https:\/\/truusk.store\/sv\/#organization"},"potentialAction":[{"@type":"SearchAction","target":{"@type":"EntryPoint","urlTemplate":"https:\/\/truusk.store\/sv\/?s={search_term_string}"},"query-input":{"@type":"PropertyValueSpecification","valueRequired":true,"valueName":"search_term_string"}}],"inLanguage":"sv-SE"},{"@type":"Organization","@id":"https:\/\/truusk.store\/sv\/#organization","name":"TRUUSK - Hem, Tr\u00e4dg\u00e5rd & Fritid","url":"https:\/\/truusk.store\/sv\/","logo":{"@type":"ImageObject","inLanguage":"sv-SE","@id":"https:\/\/truusk.store\/sv\/#\/schema\/logo\/image\/","url":"https:\/\/i0.wp.com\/truusk.store\/wp-content\/uploads\/2026\/03\/cropped-TRUUSK.png?fit=2032%2C917&ssl=1","contentUrl":"https:\/\/i0.wp.com\/truusk.store\/wp-content\/uploads\/2026\/03\/cropped-TRUUSK.png?fit=2032%2C917&ssl=1","width":2032,"height":917,"caption":"TRUUSK - Hem, Tr\u00e4dg\u00e5rd & Fritid"},"image":{"@id":"https:\/\/truusk.store\/sv\/#\/schema\/logo\/image\/"}}]}},"jetpack_sharing_enabled":true,"_links":{"self":[{"href":"https:\/\/truusk.store\/sv\/wp-json\/wp\/v2\/product\/15193","targetHints":{"allow":["GET"]}}],"collection":[{"href":"https:\/\/truusk.store\/sv\/wp-json\/wp\/v2\/product"}],"about":[{"href":"https:\/\/truusk.store\/sv\/wp-json\/wp\/v2\/types\/product"}],"wp:featuredmedia":[{"embeddable":true,"href":"https:\/\/truusk.store\/sv\/wp-json\/wp\/v2\/media\/15194"}],"wp:attachment":[{"href":"https:\/\/truusk.store\/sv\/wp-json\/wp\/v2\/media?parent=15193"}],"wp:term":[{"taxonomy":"product_brand","embeddable":true,"href":"https:\/\/truusk.store\/sv\/wp-json\/wp\/v2\/product_brand?post=15193"},{"taxonomy":"product_cat","embeddable":true,"href":"https:\/\/truusk.store\/sv\/wp-json\/wp\/v2\/product_cat?post=15193"},{"taxonomy":"product_tag","embeddable":true,"href":"https:\/\/truusk.store\/sv\/wp-json\/wp\/v2\/product_tag?post=15193"}],"curies":[{"name":"wp","href":"https:\/\/api.w.org\/{rel}","templated":true}]}}