{"id":15248,"date":"2024-02-13T12:31:04","date_gmt":"2024-02-13T11:31:04","guid":{"rendered":"https:\/\/truusk.store\/product\/stalbod-med-bottenplatta-20m-odlingsbod-tradgardsbod-cykelbod-tradgardsbod-kolgra-340-x-386-x-200-cm\/"},"modified":"2026-03-12T08:59:32","modified_gmt":"2026-03-12T07:59:32","slug":"truusk-stal-bod-med-bottenplatta-20m%c2%b2-odlingsbod-cykelbod-kolgra-340x386x200-cm","status":"publish","type":"product","link":"https:\/\/truusk.store\/sv\/produkt\/truusk-stal-bod-med-bottenplatta-20m%c2%b2-odlingsbod-cykelbod-kolgra-340x386x200-cm\/","title":{"rendered":"TRUUSK St\u00e5l Bod med Bottenplatta &#8211; 20m\u00b2 &#8211; Odlingsbod &amp; Cykelbod &#8211; Kolgr\u00e5 &#8211; 340x386x200 cm"},"content":{"rendered":"<p>Har du inget tr\u00e4dg\u00e5rdssk\u00e5p f\u00f6r dina tr\u00e4dg\u00e5rdsredskap \u00e4n? D\u00e5 \u00e4r denna redskapsbod den perfekta l\u00f6sningen! Utrustningsboden har en bottenplatta av galvaniserat st\u00e5l som \u00e4r v\u00e4der- och vattent\u00e4t. Redskapsboden \u00e4r tillverkad av en solid metallkonstruktion, som \u00e4r robust och v\u00e4derbest\u00e4ndig. Tv\u00e5 skjutd\u00f6rrar underl\u00e4ttar \u00e5tkomsten medan tv\u00e5 f\u00f6nster p\u00e5 fram- och baksidan ger tillr\u00e4ckligt med ljus och behaglig ventilation.<\/p>\n<h3>Beskrivning:<\/h3>\n<ul>\n<li>En solid metallkonstruktion &#8211; extremt robust, v\u00e4derbest\u00e4ndig och vattent\u00e4t<\/li>\n<li>Stor interi\u00f6r ger tillr\u00e4ckligt med utrymme f\u00f6r en m\u00e4ngd olika tr\u00e4dg\u00e5rdsredskap, tr\u00e4dg\u00e5rdstillbeh\u00f6r och verktyg<\/li>\n<li>2 sl\u00e4ta skjutd\u00f6rrar f\u00f6r snabb och enkel \u00e5tkomst<\/li>\n<li>Det finns 2 f\u00f6nster p\u00e5 fram- och baksidan f\u00f6r god ventilation och tillr\u00e4ckligt med ljusinsl\u00e4pp<\/li>\n<li>Taket \u00e4r tillverkat av slitstark polypropen<\/li>\n<li>Inkl st\u00e5lram f\u00f6r bottenplattan<\/li>\n<\/ul>\n<h3>Teknisk data:<\/h3>\n<ul>\n<li>Material: Galvaniserat st\u00e5l, polypropen<\/li>\n<li>F\u00e4rg: Kolgr\u00e5<\/li>\n<li>\u00d6vergripande m\u00e5tt: L340 x B386 x H200 cm<\/li>\n<li>Sn\u00f6kapacitet: 20 kg\/m<\/li>\n<\/ul>\n<h3>Leveransens omfattning:<\/h3>\n<ul>\n<li>1 x odlingshus (med grund)<\/li>\n<\/ul>\n","protected":false},"excerpt":{"rendered":"<p>Har du inget tr\u00e4dg\u00e5rdssk\u00e5p f\u00f6r dina tr\u00e4dg\u00e5rdsredskap \u00e4n? D\u00e5 \u00e4r denna redskapsbod den perfekta l\u00f6sningen! Utrustningsboden har en bottenplatta av&#8230;<\/p>\n","protected":false},"featured_media":15249,"template":"","meta":[],"product_brand":[],"product_cat":[436,438,435],"product_tag":[],"class_list":{"0":"post-15248","1":"product","2":"type-product","3":"status-publish","4":"has-post-thumbnail","6":"product_cat-bestall-i-tradgarden","7":"product_cat-redskapsbod","8":"product_cat-tradgard-och-terrass","10":"first","11":"instock","12":"sale","13":"taxable","14":"shipping-taxable","15":"purchasable","16":"product-type-simple"},"yoast_head":"<!-- This site is optimized with the Yoast SEO plugin v25.4 - https:\/\/yoast.com\/wordpress\/plugins\/seo\/ -->\n<title>TRUUSK St\u00e5l Bod med Bottenplatta - 20m\u00b2 - Odlingsbod &amp; Cykelbod - Kolgr\u00e5 - 340x386x200 cm - TRUUSK - Hem, Tr\u00e4dg\u00e5rd &amp; Fritid<\/title>\n<meta name=\"robots\" content=\"index, follow, max-snippet:-1, max-image-preview:large, max-video-preview:-1\" \/>\n<link rel=\"canonical\" href=\"https:\/\/truusk.store\/sv\/produkt\/truusk-stal-bod-med-bottenplatta-20m%c2%b2-odlingsbod-cykelbod-kolgra-340x386x200-cm\/\" \/>\n<meta property=\"og:locale\" content=\"sv_SE\" \/>\n<meta property=\"og:type\" content=\"article\" \/>\n<meta property=\"og:title\" content=\"TRUUSK St\u00e5l Bod med Bottenplatta - 20m\u00b2 - Odlingsbod &amp; Cykelbod - Kolgr\u00e5 - 340x386x200 cm - TRUUSK - Hem, Tr\u00e4dg\u00e5rd &amp; Fritid\" \/>\n<meta property=\"og:description\" content=\"Har du inget tr\u00e4dg\u00e5rdssk\u00e5p f\u00f6r dina tr\u00e4dg\u00e5rdsredskap \u00e4n? D\u00e5 \u00e4r denna redskapsbod den perfekta l\u00f6sningen! Utrustningsboden har en bottenplatta av...\" \/>\n<meta property=\"og:url\" content=\"https:\/\/truusk.store\/sv\/produkt\/truusk-stal-bod-med-bottenplatta-20m%c2%b2-odlingsbod-cykelbod-kolgra-340x386x200-cm\/\" \/>\n<meta property=\"og:site_name\" content=\"TRUUSK - Hem, Tr\u00e4dg\u00e5rd &amp; Fritid\" \/>\n<meta property=\"article:modified_time\" content=\"2026-03-12T07:59:32+00:00\" \/>\n<meta property=\"og:image\" content=\"https:\/\/i0.wp.com\/truusk.se\/wp-content\/uploads\/2024\/02\/stalbod-med-bottenplatta-20m-odlingsbod-tradgardsbod-cykelbod-tradgardsbod-kolgra-340-x-386-x-200-cm.webp?fit=800%2C800&ssl=1\" \/>\n\t<meta property=\"og:image:width\" content=\"800\" \/>\n\t<meta property=\"og:image:height\" content=\"800\" \/>\n\t<meta property=\"og:image:type\" content=\"image\/webp\" \/>\n<meta name=\"twitter:card\" content=\"summary_large_image\" \/>\n<meta name=\"twitter:label1\" content=\"Ber\u00e4knad l\u00e4stid\" \/>\n\t<meta name=\"twitter:data1\" content=\"1 minut\" \/>\n<!-- \/ Yoast SEO plugin. -->","yoast_head_json":{"title":"TRUUSK St\u00e5l Bod med Bottenplatta - 20m\u00b2 - Odlingsbod &amp; Cykelbod - Kolgr\u00e5 - 340x386x200 cm - TRUUSK - Hem, Tr\u00e4dg\u00e5rd &amp; Fritid","robots":{"index":"index","follow":"follow","max-snippet":"max-snippet:-1","max-image-preview":"max-image-preview:large","max-video-preview":"max-video-preview:-1"},"canonical":"https:\/\/truusk.store\/sv\/produkt\/truusk-stal-bod-med-bottenplatta-20m%c2%b2-odlingsbod-cykelbod-kolgra-340x386x200-cm\/","og_locale":"sv_SE","og_type":"article","og_title":"TRUUSK St\u00e5l Bod med Bottenplatta - 20m\u00b2 - Odlingsbod &amp; Cykelbod - Kolgr\u00e5 - 340x386x200 cm - TRUUSK - Hem, Tr\u00e4dg\u00e5rd &amp; Fritid","og_description":"Har du inget tr\u00e4dg\u00e5rdssk\u00e5p f\u00f6r dina tr\u00e4dg\u00e5rdsredskap \u00e4n? D\u00e5 \u00e4r denna redskapsbod den perfekta l\u00f6sningen! Utrustningsboden har en bottenplatta av...","og_url":"https:\/\/truusk.store\/sv\/produkt\/truusk-stal-bod-med-bottenplatta-20m%c2%b2-odlingsbod-cykelbod-kolgra-340x386x200-cm\/","og_site_name":"TRUUSK - Hem, Tr\u00e4dg\u00e5rd &amp; Fritid","article_modified_time":"2026-03-12T07:59:32+00:00","og_image":[{"width":800,"height":800,"url":"https:\/\/i0.wp.com\/truusk.se\/wp-content\/uploads\/2024\/02\/stalbod-med-bottenplatta-20m-odlingsbod-tradgardsbod-cykelbod-tradgardsbod-kolgra-340-x-386-x-200-cm.webp?fit=800%2C800&ssl=1","type":"image\/webp"}],"twitter_card":"summary_large_image","twitter_misc":{"Ber\u00e4knad l\u00e4stid":"1 minut"},"schema":{"@context":"https:\/\/schema.org","@graph":[{"@type":"WebPage","@id":"https:\/\/truusk.store\/sv\/produkt\/truusk-stal-bod-med-bottenplatta-20m%c2%b2-odlingsbod-cykelbod-kolgra-340x386x200-cm\/","url":"https:\/\/truusk.store\/sv\/produkt\/truusk-stal-bod-med-bottenplatta-20m%c2%b2-odlingsbod-cykelbod-kolgra-340x386x200-cm\/","name":"TRUUSK St\u00e5l Bod med Bottenplatta - 20m\u00b2 - Odlingsbod &amp; Cykelbod - Kolgr\u00e5 - 340x386x200 cm - TRUUSK - Hem, Tr\u00e4dg\u00e5rd &amp; Fritid","isPartOf":{"@id":"https:\/\/truusk.store\/sv\/#website"},"primaryImageOfPage":{"@id":"https:\/\/truusk.store\/sv\/produkt\/truusk-stal-bod-med-bottenplatta-20m%c2%b2-odlingsbod-cykelbod-kolgra-340x386x200-cm\/#primaryimage"},"image":{"@id":"https:\/\/truusk.store\/sv\/produkt\/truusk-stal-bod-med-bottenplatta-20m%c2%b2-odlingsbod-cykelbod-kolgra-340x386x200-cm\/#primaryimage"},"thumbnailUrl":"https:\/\/i0.wp.com\/truusk.store\/wp-content\/uploads\/2024\/02\/stalbod-med-bottenplatta-20m-odlingsbod-tradgardsbod-cykelbod-tradgardsbod-kolgra-340-x-386-x-200-cm.webp?fit=800%2C800&ssl=1","datePublished":"2024-02-13T11:31:04+00:00","dateModified":"2026-03-12T07:59:32+00:00","breadcrumb":{"@id":"https:\/\/truusk.store\/sv\/produkt\/truusk-stal-bod-med-bottenplatta-20m%c2%b2-odlingsbod-cykelbod-kolgra-340x386x200-cm\/#breadcrumb"},"inLanguage":"sv-SE","potentialAction":[{"@type":"ReadAction","target":["https:\/\/truusk.store\/sv\/produkt\/truusk-stal-bod-med-bottenplatta-20m%c2%b2-odlingsbod-cykelbod-kolgra-340x386x200-cm\/"]}]},{"@type":"ImageObject","inLanguage":"sv-SE","@id":"https:\/\/truusk.store\/sv\/produkt\/truusk-stal-bod-med-bottenplatta-20m%c2%b2-odlingsbod-cykelbod-kolgra-340x386x200-cm\/#primaryimage","url":"https:\/\/i0.wp.com\/truusk.store\/wp-content\/uploads\/2024\/02\/stalbod-med-bottenplatta-20m-odlingsbod-tradgardsbod-cykelbod-tradgardsbod-kolgra-340-x-386-x-200-cm.webp?fit=800%2C800&ssl=1","contentUrl":"https:\/\/i0.wp.com\/truusk.store\/wp-content\/uploads\/2024\/02\/stalbod-med-bottenplatta-20m-odlingsbod-tradgardsbod-cykelbod-tradgardsbod-kolgra-340-x-386-x-200-cm.webp?fit=800%2C800&ssl=1","width":800,"height":800,"caption":"St\u00e5lbod Med Bottenplatta 20m Odlingsbod Tr\u00e4dg\u00e5rdsbod Cykelbod Tr\u00e4dg\u00e5rdsbod Kolgr\u00e5 340 X 386 X 200 Cm 1"},{"@type":"BreadcrumbList","@id":"https:\/\/truusk.store\/sv\/produkt\/truusk-stal-bod-med-bottenplatta-20m%c2%b2-odlingsbod-cykelbod-kolgra-340x386x200-cm\/#breadcrumb","itemListElement":[{"@type":"ListItem","position":1,"name":"Home","item":"https:\/\/truusk.store\/sv\/"},{"@type":"ListItem","position":2,"name":"Shop","item":"https:\/\/truusk.store\/shop\/"},{"@type":"ListItem","position":3,"name":"TRUUSK St\u00e5l Bod med Bottenplatta &#8211; 20m\u00b2 &#8211; Odlingsbod &amp; Cykelbod &#8211; Kolgr\u00e5 &#8211; 340x386x200 cm"}]},{"@type":"WebSite","@id":"https:\/\/truusk.store\/sv\/#website","url":"https:\/\/truusk.store\/sv\/","name":"TRUUSK - Hem, Tr\u00e4dg\u00e5rd & Fritid","description":"","publisher":{"@id":"https:\/\/truusk.store\/sv\/#organization"},"potentialAction":[{"@type":"SearchAction","target":{"@type":"EntryPoint","urlTemplate":"https:\/\/truusk.store\/sv\/?s={search_term_string}"},"query-input":{"@type":"PropertyValueSpecification","valueRequired":true,"valueName":"search_term_string"}}],"inLanguage":"sv-SE"},{"@type":"Organization","@id":"https:\/\/truusk.store\/sv\/#organization","name":"TRUUSK - Hem, Tr\u00e4dg\u00e5rd & Fritid","url":"https:\/\/truusk.store\/sv\/","logo":{"@type":"ImageObject","inLanguage":"sv-SE","@id":"https:\/\/truusk.store\/sv\/#\/schema\/logo\/image\/","url":"https:\/\/i0.wp.com\/truusk.store\/wp-content\/uploads\/2026\/03\/cropped-TRUUSK.png?fit=2032%2C917&ssl=1","contentUrl":"https:\/\/i0.wp.com\/truusk.store\/wp-content\/uploads\/2026\/03\/cropped-TRUUSK.png?fit=2032%2C917&ssl=1","width":2032,"height":917,"caption":"TRUUSK - Hem, Tr\u00e4dg\u00e5rd & Fritid"},"image":{"@id":"https:\/\/truusk.store\/sv\/#\/schema\/logo\/image\/"}}]}},"jetpack_sharing_enabled":true,"_links":{"self":[{"href":"https:\/\/truusk.store\/sv\/wp-json\/wp\/v2\/product\/15248","targetHints":{"allow":["GET"]}}],"collection":[{"href":"https:\/\/truusk.store\/sv\/wp-json\/wp\/v2\/product"}],"about":[{"href":"https:\/\/truusk.store\/sv\/wp-json\/wp\/v2\/types\/product"}],"wp:featuredmedia":[{"embeddable":true,"href":"https:\/\/truusk.store\/sv\/wp-json\/wp\/v2\/media\/15249"}],"wp:attachment":[{"href":"https:\/\/truusk.store\/sv\/wp-json\/wp\/v2\/media?parent=15248"}],"wp:term":[{"taxonomy":"product_brand","embeddable":true,"href":"https:\/\/truusk.store\/sv\/wp-json\/wp\/v2\/product_brand?post=15248"},{"taxonomy":"product_cat","embeddable":true,"href":"https:\/\/truusk.store\/sv\/wp-json\/wp\/v2\/product_cat?post=15248"},{"taxonomy":"product_tag","embeddable":true,"href":"https:\/\/truusk.store\/sv\/wp-json\/wp\/v2\/product_tag?post=15248"}],"curies":[{"name":"wp","href":"https:\/\/api.w.org\/{rel}","templated":true}]}}