{"id":15334,"date":"2024-02-13T12:34:07","date_gmt":"2024-02-13T11:34:07","guid":{"rendered":"https:\/\/truusk.store\/product\/polyrottan-sidobord-tradgardsbord-hopfallbart-soffbord-tradgardsmobler-hopfallbart-bord-metall-brun-40-x-40-x-40-cm\/"},"modified":"2026-03-12T08:59:33","modified_gmt":"2026-03-12T07:59:33","slug":"truusk-fallbart-sidobord-i-polyrottan-tradgardsmobel-med-metallram-brun-40-x-40-x-40-cm","status":"publish","type":"product","link":"https:\/\/truusk.store\/sv\/produkt\/truusk-fallbart-sidobord-i-polyrottan-tradgardsmobel-med-metallram-brun-40-x-40-x-40-cm\/","title":{"rendered":"TRUUSK F\u00e4llbart Sidobord i Polyrottan &#8211; Tr\u00e4dg\u00e5rdsm\u00f6bel med Metallram &#8211; Brun 40 x 40 x 40 cm"},"content":{"rendered":"<p>Berika din tr\u00e4dg\u00e5rds- och terrassst\u00e4mning med detta moderna hopf\u00e4llbara bord i en rottinglook av h\u00f6g kvalitet och h\u00e5ll alltid din favoritbok och en v\u00e4rmande drink n\u00e4ra till hands n\u00e4r du kopplar av utomhus. Den robusta st\u00e5lramen och bordsskivan i polyrattan \u00e4r l\u00e4tta att reng\u00f6ra, s\u00e5 sidobordet kan \u00e4ven fungera som ett dekorativt skydd f\u00f6r dina blommor. Tack vare de f\u00e4llbara benen kan tr\u00e4dg\u00e5rdsbordet enkelt transporteras och f\u00f6rvaras f\u00f6r att spara utrymme.<\/p>\n<h3>Beskrivning:<\/h3>\n<ul>\n<li>Kraftig st\u00e5lram med pulverlackering: flagnar inte och \u00e4r rost- och korrosionsfri<\/li>\n<li>Bordsskiva av polyrattan: l\u00e4tt att reng\u00f6ra och h\u00e5llbar<\/li>\n<li>Bekv\u00e4mt vikbar f\u00f6r bekv\u00e4m transport och f\u00f6rvaring<\/li>\n<li>Kompakt storlek: l\u00e4mplig f\u00f6r alla utomhusomr\u00e5den<\/li>\n<li>Ingen montering kr\u00e4vs, redo att anv\u00e4ndas direkt<\/li>\n<\/ul>\n<h3>Teknisk data:<\/h3>\n<ul>\n<li>Material: metall, polyrotting<\/li>\n<li>F\u00e4rg brun<\/li>\n<li>Totala m\u00e5tt: 40L x 40W x 40H cm (vikstorlek), 40L x 6W x 55H cm (vikningsstorlek)<\/li>\n<li>Max lastkapacitet: 30 kg<\/li>\n<\/ul>\n<h3>Leveransens omfattning:<\/h3>\n<ul>\n<li>1 x tr\u00e4dg\u00e5rdsbord;<\/li>\n<\/ul>\n","protected":false},"excerpt":{"rendered":"<p>Berika din tr\u00e4dg\u00e5rds- och terrassst\u00e4mning med detta moderna hopf\u00e4llbara bord i en rottinglook av h\u00f6g kvalitet och h\u00e5ll alltid din&#8230;<\/p>\n","protected":false},"featured_media":15335,"template":"","meta":[],"product_brand":[],"product_cat":[435,457,450],"product_tag":[],"class_list":{"0":"post-15334","1":"product","2":"type-product","3":"status-publish","4":"has-post-thumbnail","6":"product_cat-tradgard-och-terrass","7":"product_cat-tradgardsbord","8":"product_cat-tradgardsmobler","10":"first","11":"instock","12":"sale","13":"taxable","14":"shipping-taxable","15":"purchasable","16":"product-type-simple"},"yoast_head":"<!-- This site is optimized with the Yoast SEO plugin v25.4 - https:\/\/yoast.com\/wordpress\/plugins\/seo\/ -->\n<title>TRUUSK F\u00e4llbart Sidobord i Polyrottan - Tr\u00e4dg\u00e5rdsm\u00f6bel med Metallram - Brun 40 x 40 x 40 cm - TRUUSK - Hem, Tr\u00e4dg\u00e5rd &amp; Fritid<\/title>\n<meta name=\"robots\" content=\"index, follow, max-snippet:-1, max-image-preview:large, max-video-preview:-1\" \/>\n<link rel=\"canonical\" href=\"https:\/\/truusk.store\/sv\/produkt\/truusk-fallbart-sidobord-i-polyrottan-tradgardsmobel-med-metallram-brun-40-x-40-x-40-cm\/\" \/>\n<meta property=\"og:locale\" content=\"sv_SE\" \/>\n<meta property=\"og:type\" content=\"article\" \/>\n<meta property=\"og:title\" content=\"TRUUSK F\u00e4llbart Sidobord i Polyrottan - Tr\u00e4dg\u00e5rdsm\u00f6bel med Metallram - Brun 40 x 40 x 40 cm - TRUUSK - Hem, Tr\u00e4dg\u00e5rd &amp; Fritid\" \/>\n<meta property=\"og:description\" content=\"Berika din tr\u00e4dg\u00e5rds- och terrassst\u00e4mning med detta moderna hopf\u00e4llbara bord i en rottinglook av h\u00f6g kvalitet och h\u00e5ll alltid din...\" \/>\n<meta property=\"og:url\" content=\"https:\/\/truusk.store\/sv\/produkt\/truusk-fallbart-sidobord-i-polyrottan-tradgardsmobel-med-metallram-brun-40-x-40-x-40-cm\/\" \/>\n<meta property=\"og:site_name\" content=\"TRUUSK - Hem, Tr\u00e4dg\u00e5rd &amp; Fritid\" \/>\n<meta property=\"article:modified_time\" content=\"2026-03-12T07:59:33+00:00\" \/>\n<meta property=\"og:image\" content=\"https:\/\/i0.wp.com\/truusk.se\/wp-content\/uploads\/2024\/02\/polyrottan-sidobord-tradgardsbord-hopfallbart-soffbord-tradgardsmobler-hopfallbart-bord-metall-brun-40-x-40-x-40-cm.webp?fit=800%2C800&ssl=1\" \/>\n\t<meta property=\"og:image:width\" content=\"800\" \/>\n\t<meta property=\"og:image:height\" content=\"800\" \/>\n\t<meta property=\"og:image:type\" content=\"image\/webp\" \/>\n<meta name=\"twitter:card\" content=\"summary_large_image\" \/>\n<meta name=\"twitter:label1\" content=\"Ber\u00e4knad l\u00e4stid\" \/>\n\t<meta name=\"twitter:data1\" content=\"1 minut\" \/>\n<!-- \/ Yoast SEO plugin. -->","yoast_head_json":{"title":"TRUUSK F\u00e4llbart Sidobord i Polyrottan - Tr\u00e4dg\u00e5rdsm\u00f6bel med Metallram - Brun 40 x 40 x 40 cm - TRUUSK - Hem, Tr\u00e4dg\u00e5rd &amp; Fritid","robots":{"index":"index","follow":"follow","max-snippet":"max-snippet:-1","max-image-preview":"max-image-preview:large","max-video-preview":"max-video-preview:-1"},"canonical":"https:\/\/truusk.store\/sv\/produkt\/truusk-fallbart-sidobord-i-polyrottan-tradgardsmobel-med-metallram-brun-40-x-40-x-40-cm\/","og_locale":"sv_SE","og_type":"article","og_title":"TRUUSK F\u00e4llbart Sidobord i Polyrottan - Tr\u00e4dg\u00e5rdsm\u00f6bel med Metallram - Brun 40 x 40 x 40 cm - TRUUSK - Hem, Tr\u00e4dg\u00e5rd &amp; Fritid","og_description":"Berika din tr\u00e4dg\u00e5rds- och terrassst\u00e4mning med detta moderna hopf\u00e4llbara bord i en rottinglook av h\u00f6g kvalitet och h\u00e5ll alltid din...","og_url":"https:\/\/truusk.store\/sv\/produkt\/truusk-fallbart-sidobord-i-polyrottan-tradgardsmobel-med-metallram-brun-40-x-40-x-40-cm\/","og_site_name":"TRUUSK - Hem, Tr\u00e4dg\u00e5rd &amp; Fritid","article_modified_time":"2026-03-12T07:59:33+00:00","og_image":[{"width":800,"height":800,"url":"https:\/\/i0.wp.com\/truusk.se\/wp-content\/uploads\/2024\/02\/polyrottan-sidobord-tradgardsbord-hopfallbart-soffbord-tradgardsmobler-hopfallbart-bord-metall-brun-40-x-40-x-40-cm.webp?fit=800%2C800&ssl=1","type":"image\/webp"}],"twitter_card":"summary_large_image","twitter_misc":{"Ber\u00e4knad l\u00e4stid":"1 minut"},"schema":{"@context":"https:\/\/schema.org","@graph":[{"@type":"WebPage","@id":"https:\/\/truusk.store\/sv\/produkt\/truusk-fallbart-sidobord-i-polyrottan-tradgardsmobel-med-metallram-brun-40-x-40-x-40-cm\/","url":"https:\/\/truusk.store\/sv\/produkt\/truusk-fallbart-sidobord-i-polyrottan-tradgardsmobel-med-metallram-brun-40-x-40-x-40-cm\/","name":"TRUUSK F\u00e4llbart Sidobord i Polyrottan - Tr\u00e4dg\u00e5rdsm\u00f6bel med Metallram - Brun 40 x 40 x 40 cm - TRUUSK - Hem, Tr\u00e4dg\u00e5rd &amp; Fritid","isPartOf":{"@id":"https:\/\/truusk.store\/sv\/#website"},"primaryImageOfPage":{"@id":"https:\/\/truusk.store\/sv\/produkt\/truusk-fallbart-sidobord-i-polyrottan-tradgardsmobel-med-metallram-brun-40-x-40-x-40-cm\/#primaryimage"},"image":{"@id":"https:\/\/truusk.store\/sv\/produkt\/truusk-fallbart-sidobord-i-polyrottan-tradgardsmobel-med-metallram-brun-40-x-40-x-40-cm\/#primaryimage"},"thumbnailUrl":"https:\/\/i0.wp.com\/truusk.store\/wp-content\/uploads\/2024\/02\/polyrottan-sidobord-tradgardsbord-hopfallbart-soffbord-tradgardsmobler-hopfallbart-bord-metall-brun-40-x-40-x-40-cm.webp?fit=800%2C800&ssl=1","datePublished":"2024-02-13T11:34:07+00:00","dateModified":"2026-03-12T07:59:33+00:00","breadcrumb":{"@id":"https:\/\/truusk.store\/sv\/produkt\/truusk-fallbart-sidobord-i-polyrottan-tradgardsmobel-med-metallram-brun-40-x-40-x-40-cm\/#breadcrumb"},"inLanguage":"sv-SE","potentialAction":[{"@type":"ReadAction","target":["https:\/\/truusk.store\/sv\/produkt\/truusk-fallbart-sidobord-i-polyrottan-tradgardsmobel-med-metallram-brun-40-x-40-x-40-cm\/"]}]},{"@type":"ImageObject","inLanguage":"sv-SE","@id":"https:\/\/truusk.store\/sv\/produkt\/truusk-fallbart-sidobord-i-polyrottan-tradgardsmobel-med-metallram-brun-40-x-40-x-40-cm\/#primaryimage","url":"https:\/\/i0.wp.com\/truusk.store\/wp-content\/uploads\/2024\/02\/polyrottan-sidobord-tradgardsbord-hopfallbart-soffbord-tradgardsmobler-hopfallbart-bord-metall-brun-40-x-40-x-40-cm.webp?fit=800%2C800&ssl=1","contentUrl":"https:\/\/i0.wp.com\/truusk.store\/wp-content\/uploads\/2024\/02\/polyrottan-sidobord-tradgardsbord-hopfallbart-soffbord-tradgardsmobler-hopfallbart-bord-metall-brun-40-x-40-x-40-cm.webp?fit=800%2C800&ssl=1","width":800,"height":800,"caption":"Polyrottan Sidobord Tr\u00e4dg\u00e5rdsbord Hopf\u00e4llbart Soffbord Tr\u00e4dg\u00e5rdsm\u00f6bler Hopf\u00e4llbart Bord Metall Brun 40 X 40 X 40 Cm 1"},{"@type":"BreadcrumbList","@id":"https:\/\/truusk.store\/sv\/produkt\/truusk-fallbart-sidobord-i-polyrottan-tradgardsmobel-med-metallram-brun-40-x-40-x-40-cm\/#breadcrumb","itemListElement":[{"@type":"ListItem","position":1,"name":"Home","item":"https:\/\/truusk.store\/sv\/"},{"@type":"ListItem","position":2,"name":"Shop","item":"https:\/\/truusk.store\/shop\/"},{"@type":"ListItem","position":3,"name":"TRUUSK F\u00e4llbart Sidobord i Polyrottan &#8211; Tr\u00e4dg\u00e5rdsm\u00f6bel med Metallram &#8211; Brun 40 x 40 x 40 cm"}]},{"@type":"WebSite","@id":"https:\/\/truusk.store\/sv\/#website","url":"https:\/\/truusk.store\/sv\/","name":"TRUUSK - Hem, Tr\u00e4dg\u00e5rd & Fritid","description":"","publisher":{"@id":"https:\/\/truusk.store\/sv\/#organization"},"potentialAction":[{"@type":"SearchAction","target":{"@type":"EntryPoint","urlTemplate":"https:\/\/truusk.store\/sv\/?s={search_term_string}"},"query-input":{"@type":"PropertyValueSpecification","valueRequired":true,"valueName":"search_term_string"}}],"inLanguage":"sv-SE"},{"@type":"Organization","@id":"https:\/\/truusk.store\/sv\/#organization","name":"TRUUSK - Hem, Tr\u00e4dg\u00e5rd & Fritid","url":"https:\/\/truusk.store\/sv\/","logo":{"@type":"ImageObject","inLanguage":"sv-SE","@id":"https:\/\/truusk.store\/sv\/#\/schema\/logo\/image\/","url":"https:\/\/i0.wp.com\/truusk.store\/wp-content\/uploads\/2026\/03\/cropped-TRUUSK.png?fit=2032%2C917&ssl=1","contentUrl":"https:\/\/i0.wp.com\/truusk.store\/wp-content\/uploads\/2026\/03\/cropped-TRUUSK.png?fit=2032%2C917&ssl=1","width":2032,"height":917,"caption":"TRUUSK - Hem, Tr\u00e4dg\u00e5rd & Fritid"},"image":{"@id":"https:\/\/truusk.store\/sv\/#\/schema\/logo\/image\/"}}]}},"jetpack_sharing_enabled":true,"_links":{"self":[{"href":"https:\/\/truusk.store\/sv\/wp-json\/wp\/v2\/product\/15334","targetHints":{"allow":["GET"]}}],"collection":[{"href":"https:\/\/truusk.store\/sv\/wp-json\/wp\/v2\/product"}],"about":[{"href":"https:\/\/truusk.store\/sv\/wp-json\/wp\/v2\/types\/product"}],"wp:featuredmedia":[{"embeddable":true,"href":"https:\/\/truusk.store\/sv\/wp-json\/wp\/v2\/media\/15335"}],"wp:attachment":[{"href":"https:\/\/truusk.store\/sv\/wp-json\/wp\/v2\/media?parent=15334"}],"wp:term":[{"taxonomy":"product_brand","embeddable":true,"href":"https:\/\/truusk.store\/sv\/wp-json\/wp\/v2\/product_brand?post=15334"},{"taxonomy":"product_cat","embeddable":true,"href":"https:\/\/truusk.store\/sv\/wp-json\/wp\/v2\/product_cat?post=15334"},{"taxonomy":"product_tag","embeddable":true,"href":"https:\/\/truusk.store\/sv\/wp-json\/wp\/v2\/product_tag?post=15334"}],"curies":[{"name":"wp","href":"https:\/\/api.w.org\/{rel}","templated":true}]}}