{"id":15419,"date":"2024-02-13T12:36:47","date_gmt":"2024-02-13T11:36:47","guid":{"rendered":"https:\/\/truusk.store\/product\/vaxttrappa-blomtrappa-blomhylla-vaxthylla-blomsterstall-3-trappsteg-gran-80-x-80-x-78cm\/"},"modified":"2026-03-12T08:59:35","modified_gmt":"2026-03-12T07:59:35","slug":"truusk-blomtrappa-och-vaxthylla-3-trappsteg-gran-80-x-80-x-78-cm","status":"publish","type":"product","link":"https:\/\/truusk.store\/sv\/produkt\/truusk-blomtrappa-och-vaxthylla-3-trappsteg-gran-80-x-80-x-78-cm\/","title":{"rendered":"TRUUSK Blomtrappa och V\u00e4xthylla &#8211; 3 Trappsteg &#8211; Gran &#8211; 80 x 80 x 78 cm"},"content":{"rendered":"<p>V\u00e5ra 3-stegs v\u00e4xttrappor \u00e4r gjorda av v\u00e4derbest\u00e4ndigt grantr\u00e4 och passar p\u00e5 balkongen, terrassen eller till och med i tr\u00e4dg\u00e5rden. De tre niv\u00e5erna \u00e4r p\u00e5 olika h\u00f6jd och ger stort utrymme f\u00f6r dina blomkrukor samtidigt som de skapar en vacker, rymlig look. V\u00e5rt v\u00e4xtst\u00e4ll har en s\u00e4rskilt h\u00f6g lastkapacitet, vilket g\u00f6r att \u00e4ven tyngre krukor f\u00e5r plats p\u00e5 den.<\/p>\n<h3>Beskrivning:<\/h3>\n<ul>\n<li>Planttrappa i naturlig f\u00e4rg f\u00f6r blommor eller v\u00e4xter<\/li>\n<li>Idealisk f\u00f6r utomhusomr\u00e5den som balkonger, terrasser eller tr\u00e4dg\u00e5rdar<\/li>\n<li>Tillverkad av massivt, behandlat grantr\u00e4 med f\u00f6rstklassigt hantverk<\/li>\n<li>3 trappsteg p\u00e5 olika h\u00f6jder ger tillr\u00e4ckligt med utrymme<\/li>\n<li>H\u00f6g stabilitet tack vare de stabila f\u00f6tterna<\/li>\n<li>H\u00f6g lastkapacitet p\u00e5 upp till 80 kg<\/li>\n<li>Enkel och snabb montering<\/li>\n<\/ul>\n<h3>Teknisk data:<\/h3>\n<ul>\n<li>Material: gran<\/li>\n<li>F\u00e4rg: Naturlig<\/li>\n<li>Totalm\u00e5tt: L80 x B80 x H78cm<\/li>\n<li>Stegets m\u00e5tt: L80 x B26cm<\/li>\n<li>Vikt: ca 8kg<\/li>\n<li>Max lastkapacitet: 80kg<\/li>\n<\/ul>\n<h3>Leveransens omfattning:<\/h3>\n<ul>\n<li>1 x Planttrappa<\/li>\n<\/ul>\n","protected":false},"excerpt":{"rendered":"<p>V\u00e5ra 3-stegs v\u00e4xttrappor \u00e4r gjorda av v\u00e4derbest\u00e4ndigt grantr\u00e4 och passar p\u00e5 balkongen, terrassen eller till och med i tr\u00e4dg\u00e5rden. De&#8230;<\/p>\n","protected":false},"featured_media":15420,"template":"","meta":[],"product_brand":[],"product_cat":[448,733,435,443],"product_tag":[],"class_list":{"0":"post-15419","1":"product","2":"type-product","3":"status-publish","4":"has-post-thumbnail","6":"product_cat-plantera-trappor-hyllor","7":"product_cat-planttrappa","8":"product_cat-tradgard-och-terrass","9":"product_cat-vaxthus-tradgardsskotsel","11":"first","12":"instock","13":"sale","14":"taxable","15":"shipping-taxable","16":"purchasable","17":"product-type-simple"},"yoast_head":"<!-- This site is optimized with the Yoast SEO plugin v25.4 - https:\/\/yoast.com\/wordpress\/plugins\/seo\/ -->\n<title>TRUUSK Blomtrappa och V\u00e4xthylla - 3 Trappsteg - Gran - 80 x 80 x 78 cm - TRUUSK - Hem, Tr\u00e4dg\u00e5rd &amp; Fritid<\/title>\n<meta name=\"robots\" content=\"index, follow, max-snippet:-1, max-image-preview:large, max-video-preview:-1\" \/>\n<link rel=\"canonical\" href=\"https:\/\/truusk.store\/sv\/produkt\/truusk-blomtrappa-och-vaxthylla-3-trappsteg-gran-80-x-80-x-78-cm\/\" \/>\n<meta property=\"og:locale\" content=\"sv_SE\" \/>\n<meta property=\"og:type\" content=\"article\" \/>\n<meta property=\"og:title\" content=\"TRUUSK Blomtrappa och V\u00e4xthylla - 3 Trappsteg - Gran - 80 x 80 x 78 cm - TRUUSK - Hem, Tr\u00e4dg\u00e5rd &amp; Fritid\" \/>\n<meta property=\"og:description\" content=\"V\u00e5ra 3-stegs v\u00e4xttrappor \u00e4r gjorda av v\u00e4derbest\u00e4ndigt grantr\u00e4 och passar p\u00e5 balkongen, terrassen eller till och med i tr\u00e4dg\u00e5rden. De...\" \/>\n<meta property=\"og:url\" content=\"https:\/\/truusk.store\/sv\/produkt\/truusk-blomtrappa-och-vaxthylla-3-trappsteg-gran-80-x-80-x-78-cm\/\" \/>\n<meta property=\"og:site_name\" content=\"TRUUSK - Hem, Tr\u00e4dg\u00e5rd &amp; Fritid\" \/>\n<meta property=\"article:modified_time\" content=\"2026-03-12T07:59:35+00:00\" \/>\n<meta property=\"og:image\" content=\"https:\/\/i0.wp.com\/truusk.se\/wp-content\/uploads\/2024\/02\/vaxttrappa-blomtrappa-blomhylla-vaxthylla-blomsterstall-3-trappsteg-gran-80-x-80-x-78cm.webp?fit=800%2C800&ssl=1\" \/>\n\t<meta property=\"og:image:width\" content=\"800\" \/>\n\t<meta property=\"og:image:height\" content=\"800\" \/>\n\t<meta property=\"og:image:type\" content=\"image\/webp\" \/>\n<meta name=\"twitter:card\" content=\"summary_large_image\" \/>\n<meta name=\"twitter:label1\" content=\"Ber\u00e4knad l\u00e4stid\" \/>\n\t<meta name=\"twitter:data1\" content=\"1 minut\" \/>\n<!-- \/ Yoast SEO plugin. -->","yoast_head_json":{"title":"TRUUSK Blomtrappa och V\u00e4xthylla - 3 Trappsteg - Gran - 80 x 80 x 78 cm - TRUUSK - Hem, Tr\u00e4dg\u00e5rd &amp; Fritid","robots":{"index":"index","follow":"follow","max-snippet":"max-snippet:-1","max-image-preview":"max-image-preview:large","max-video-preview":"max-video-preview:-1"},"canonical":"https:\/\/truusk.store\/sv\/produkt\/truusk-blomtrappa-och-vaxthylla-3-trappsteg-gran-80-x-80-x-78-cm\/","og_locale":"sv_SE","og_type":"article","og_title":"TRUUSK Blomtrappa och V\u00e4xthylla - 3 Trappsteg - Gran - 80 x 80 x 78 cm - TRUUSK - Hem, Tr\u00e4dg\u00e5rd &amp; Fritid","og_description":"V\u00e5ra 3-stegs v\u00e4xttrappor \u00e4r gjorda av v\u00e4derbest\u00e4ndigt grantr\u00e4 och passar p\u00e5 balkongen, terrassen eller till och med i tr\u00e4dg\u00e5rden. De...","og_url":"https:\/\/truusk.store\/sv\/produkt\/truusk-blomtrappa-och-vaxthylla-3-trappsteg-gran-80-x-80-x-78-cm\/","og_site_name":"TRUUSK - Hem, Tr\u00e4dg\u00e5rd &amp; Fritid","article_modified_time":"2026-03-12T07:59:35+00:00","og_image":[{"width":800,"height":800,"url":"https:\/\/i0.wp.com\/truusk.se\/wp-content\/uploads\/2024\/02\/vaxttrappa-blomtrappa-blomhylla-vaxthylla-blomsterstall-3-trappsteg-gran-80-x-80-x-78cm.webp?fit=800%2C800&ssl=1","type":"image\/webp"}],"twitter_card":"summary_large_image","twitter_misc":{"Ber\u00e4knad l\u00e4stid":"1 minut"},"schema":{"@context":"https:\/\/schema.org","@graph":[{"@type":"WebPage","@id":"https:\/\/truusk.store\/sv\/produkt\/truusk-blomtrappa-och-vaxthylla-3-trappsteg-gran-80-x-80-x-78-cm\/","url":"https:\/\/truusk.store\/sv\/produkt\/truusk-blomtrappa-och-vaxthylla-3-trappsteg-gran-80-x-80-x-78-cm\/","name":"TRUUSK Blomtrappa och V\u00e4xthylla - 3 Trappsteg - Gran - 80 x 80 x 78 cm - TRUUSK - Hem, Tr\u00e4dg\u00e5rd &amp; Fritid","isPartOf":{"@id":"https:\/\/truusk.store\/sv\/#website"},"primaryImageOfPage":{"@id":"https:\/\/truusk.store\/sv\/produkt\/truusk-blomtrappa-och-vaxthylla-3-trappsteg-gran-80-x-80-x-78-cm\/#primaryimage"},"image":{"@id":"https:\/\/truusk.store\/sv\/produkt\/truusk-blomtrappa-och-vaxthylla-3-trappsteg-gran-80-x-80-x-78-cm\/#primaryimage"},"thumbnailUrl":"https:\/\/i0.wp.com\/truusk.store\/wp-content\/uploads\/2024\/02\/vaxttrappa-blomtrappa-blomhylla-vaxthylla-blomsterstall-3-trappsteg-gran-80-x-80-x-78cm.webp?fit=800%2C800&ssl=1","datePublished":"2024-02-13T11:36:47+00:00","dateModified":"2026-03-12T07:59:35+00:00","breadcrumb":{"@id":"https:\/\/truusk.store\/sv\/produkt\/truusk-blomtrappa-och-vaxthylla-3-trappsteg-gran-80-x-80-x-78-cm\/#breadcrumb"},"inLanguage":"sv-SE","potentialAction":[{"@type":"ReadAction","target":["https:\/\/truusk.store\/sv\/produkt\/truusk-blomtrappa-och-vaxthylla-3-trappsteg-gran-80-x-80-x-78-cm\/"]}]},{"@type":"ImageObject","inLanguage":"sv-SE","@id":"https:\/\/truusk.store\/sv\/produkt\/truusk-blomtrappa-och-vaxthylla-3-trappsteg-gran-80-x-80-x-78-cm\/#primaryimage","url":"https:\/\/i0.wp.com\/truusk.store\/wp-content\/uploads\/2024\/02\/vaxttrappa-blomtrappa-blomhylla-vaxthylla-blomsterstall-3-trappsteg-gran-80-x-80-x-78cm.webp?fit=800%2C800&ssl=1","contentUrl":"https:\/\/i0.wp.com\/truusk.store\/wp-content\/uploads\/2024\/02\/vaxttrappa-blomtrappa-blomhylla-vaxthylla-blomsterstall-3-trappsteg-gran-80-x-80-x-78cm.webp?fit=800%2C800&ssl=1","width":800,"height":800,"caption":"V\u00e4xttrappa, Blomtrappa, Blomhylla, V\u00e4xthylla, Blomsterst\u00e4ll, 3 Trappsteg, Gran, 80 X 80 X 78cm 1"},{"@type":"BreadcrumbList","@id":"https:\/\/truusk.store\/sv\/produkt\/truusk-blomtrappa-och-vaxthylla-3-trappsteg-gran-80-x-80-x-78-cm\/#breadcrumb","itemListElement":[{"@type":"ListItem","position":1,"name":"Home","item":"https:\/\/truusk.store\/sv\/"},{"@type":"ListItem","position":2,"name":"Shop","item":"https:\/\/truusk.store\/shop\/"},{"@type":"ListItem","position":3,"name":"TRUUSK Blomtrappa och V\u00e4xthylla &#8211; 3 Trappsteg &#8211; Gran &#8211; 80 x 80 x 78 cm"}]},{"@type":"WebSite","@id":"https:\/\/truusk.store\/sv\/#website","url":"https:\/\/truusk.store\/sv\/","name":"TRUUSK - Hem, Tr\u00e4dg\u00e5rd & Fritid","description":"","publisher":{"@id":"https:\/\/truusk.store\/sv\/#organization"},"potentialAction":[{"@type":"SearchAction","target":{"@type":"EntryPoint","urlTemplate":"https:\/\/truusk.store\/sv\/?s={search_term_string}"},"query-input":{"@type":"PropertyValueSpecification","valueRequired":true,"valueName":"search_term_string"}}],"inLanguage":"sv-SE"},{"@type":"Organization","@id":"https:\/\/truusk.store\/sv\/#organization","name":"TRUUSK - Hem, Tr\u00e4dg\u00e5rd & Fritid","url":"https:\/\/truusk.store\/sv\/","logo":{"@type":"ImageObject","inLanguage":"sv-SE","@id":"https:\/\/truusk.store\/sv\/#\/schema\/logo\/image\/","url":"https:\/\/i0.wp.com\/truusk.store\/wp-content\/uploads\/2026\/03\/cropped-TRUUSK.png?fit=2032%2C917&ssl=1","contentUrl":"https:\/\/i0.wp.com\/truusk.store\/wp-content\/uploads\/2026\/03\/cropped-TRUUSK.png?fit=2032%2C917&ssl=1","width":2032,"height":917,"caption":"TRUUSK - Hem, Tr\u00e4dg\u00e5rd & Fritid"},"image":{"@id":"https:\/\/truusk.store\/sv\/#\/schema\/logo\/image\/"}}]}},"jetpack_sharing_enabled":true,"_links":{"self":[{"href":"https:\/\/truusk.store\/sv\/wp-json\/wp\/v2\/product\/15419","targetHints":{"allow":["GET"]}}],"collection":[{"href":"https:\/\/truusk.store\/sv\/wp-json\/wp\/v2\/product"}],"about":[{"href":"https:\/\/truusk.store\/sv\/wp-json\/wp\/v2\/types\/product"}],"wp:featuredmedia":[{"embeddable":true,"href":"https:\/\/truusk.store\/sv\/wp-json\/wp\/v2\/media\/15420"}],"wp:attachment":[{"href":"https:\/\/truusk.store\/sv\/wp-json\/wp\/v2\/media?parent=15419"}],"wp:term":[{"taxonomy":"product_brand","embeddable":true,"href":"https:\/\/truusk.store\/sv\/wp-json\/wp\/v2\/product_brand?post=15419"},{"taxonomy":"product_cat","embeddable":true,"href":"https:\/\/truusk.store\/sv\/wp-json\/wp\/v2\/product_cat?post=15419"},{"taxonomy":"product_tag","embeddable":true,"href":"https:\/\/truusk.store\/sv\/wp-json\/wp\/v2\/product_tag?post=15419"}],"curies":[{"name":"wp","href":"https:\/\/api.w.org\/{rel}","templated":true}]}}