{"id":15452,"date":"2024-02-13T12:37:43","date_gmt":"2024-02-13T11:37:43","guid":{"rendered":"https:\/\/truusk.store\/product\/ersattningsnatgardin-for-3-x-4m-garden-gazebo-flugnat-med-blixtlas-polyester-svart\/"},"modified":"2026-03-12T08:59:35","modified_gmt":"2026-03-12T07:59:35","slug":"truusk-ersattningsnatgardin-for-3x4m-garden-gazebo-flugnat-med-blixtlas-polyester-svart","status":"publish","type":"product","link":"https:\/\/truusk.store\/sv\/produkt\/truusk-ersattningsnatgardin-for-3x4m-garden-gazebo-flugnat-med-blixtlas-polyester-svart\/","title":{"rendered":"TRUUSK Ers\u00e4ttningsn\u00e4tgardin f\u00f6r 3x4m Garden Gazebo &#8211; Flugn\u00e4t med Blixtl\u00e5s &#8211; Polyester &#8211; Svart"},"content":{"rendered":"<p>Har du en tr\u00e4dg\u00e5rdspaviljong men n\u00e4tgardinerna \u00e4r trasiga eller skadade? Goda nyheter! erbjuder ers\u00e4ttningsn\u00e4t f\u00f6r lusthus som passar de flesta 3 x 4 m modeller. V\u00e5rt lusthusn\u00e4t av v\u00e4derbest\u00e4ndigt polyestertyg h\u00e5ller din uteplats fri fr\u00e5n insekter, l\u00f6v och smuts. Med fyra meshpaneler och h\u00e4ngande ringar \u00e4r detta flugn\u00e4t lika l\u00e4tt att f\u00e4sta som ett duschdraperi &#8211; s\u00e5 ingenting st\u00e5r i v\u00e4gen f\u00f6r din avkopplingshotspot!<\/p>\n<h3>Beskrivning:<\/h3>\n<ul>\n<li>Ers\u00e4ttningsn\u00e4tgardiner som passar perfekt till ett 2,50 x 3,30 m lusthus<\/li>\n<li>Flugn\u00e4t h\u00e5ller insekter, l\u00f6v och smuts borta<\/li>\n<li>Klar f\u00f6r utomhusbruk tack vare robust polyester<\/li>\n<li>Med praktiska dragkedjor<\/li>\n<li>Inkluderar ringar f\u00f6r fasts\u00e4ttning, liknande att h\u00e4nga upp ett duschdraperi<\/li>\n<li>L\u00e4tt att ta bort och reng\u00f6ra<\/li>\n<li>Montering kr\u00e4vs<\/li>\n<\/ul>\n<h3>Teknisk data:<\/h3>\n<ul>\n<li>F\u00e4rg: Svart+kr\u00e4m<\/li>\n<li>Material: polyestertyg, nylonn\u00e4t<\/li>\n<li>Enkel panel: 3,52L x 2,07H m<\/li>\n<\/ul>\n<h3>Leveransens omfattning:<\/h3>\n<ul>\n<li>1 x ers\u00e4ttningsn\u00e4t f\u00f6r lusthus<\/li>\n<li>56 x pinnar<\/li>\n<li>56 x krokar<\/li>\n<li>1 x Instruktioner<\/li>\n<\/ul>\n","protected":false},"excerpt":{"rendered":"<p>Har du en tr\u00e4dg\u00e5rdspaviljong men n\u00e4tgardinerna \u00e4r trasiga eller skadade? Goda nyheter! erbjuder ers\u00e4ttningsn\u00e4t f\u00f6r lusthus som passar de flesta&#8230;<\/p>\n","protected":false},"featured_media":15453,"template":"","meta":[],"product_brand":[],"product_cat":[477,435,476],"product_tag":[],"class_list":{"0":"post-15452","1":"product","2":"type-product","3":"status-publish","4":"has-post-thumbnail","6":"product_cat-paviljonger-partytalt","7":"product_cat-tradgard-och-terrass","8":"product_cat-tradgardspaviljonger","10":"first","11":"instock","12":"sale","13":"taxable","14":"shipping-taxable","15":"purchasable","16":"product-type-simple"},"yoast_head":"<!-- This site is optimized with the Yoast SEO plugin v25.4 - https:\/\/yoast.com\/wordpress\/plugins\/seo\/ -->\n<title>TRUUSK Ers\u00e4ttningsn\u00e4tgardin f\u00f6r 3x4m Garden Gazebo - Flugn\u00e4t med Blixtl\u00e5s - Polyester - Svart - TRUUSK - Hem, Tr\u00e4dg\u00e5rd &amp; Fritid<\/title>\n<meta name=\"robots\" content=\"index, follow, max-snippet:-1, max-image-preview:large, max-video-preview:-1\" \/>\n<link rel=\"canonical\" href=\"https:\/\/truusk.store\/sv\/produkt\/truusk-ersattningsnatgardin-for-3x4m-garden-gazebo-flugnat-med-blixtlas-polyester-svart\/\" \/>\n<meta property=\"og:locale\" content=\"sv_SE\" \/>\n<meta property=\"og:type\" content=\"article\" \/>\n<meta property=\"og:title\" content=\"TRUUSK Ers\u00e4ttningsn\u00e4tgardin f\u00f6r 3x4m Garden Gazebo - Flugn\u00e4t med Blixtl\u00e5s - Polyester - Svart - TRUUSK - Hem, Tr\u00e4dg\u00e5rd &amp; Fritid\" \/>\n<meta property=\"og:description\" content=\"Har du en tr\u00e4dg\u00e5rdspaviljong men n\u00e4tgardinerna \u00e4r trasiga eller skadade? Goda nyheter! erbjuder ers\u00e4ttningsn\u00e4t f\u00f6r lusthus som passar de flesta...\" \/>\n<meta property=\"og:url\" content=\"https:\/\/truusk.store\/sv\/produkt\/truusk-ersattningsnatgardin-for-3x4m-garden-gazebo-flugnat-med-blixtlas-polyester-svart\/\" \/>\n<meta property=\"og:site_name\" content=\"TRUUSK - Hem, Tr\u00e4dg\u00e5rd &amp; Fritid\" \/>\n<meta property=\"article:modified_time\" content=\"2026-03-12T07:59:35+00:00\" \/>\n<meta property=\"og:image\" content=\"https:\/\/i0.wp.com\/truusk.se\/wp-content\/uploads\/2024\/02\/ersattningsnatgardin-for-3-x-4m-garden-gazebo-flugnat-med-blixtlas-polyester-svart.webp?fit=800%2C800&ssl=1\" \/>\n\t<meta property=\"og:image:width\" content=\"800\" \/>\n\t<meta property=\"og:image:height\" content=\"800\" \/>\n\t<meta property=\"og:image:type\" content=\"image\/webp\" \/>\n<meta name=\"twitter:card\" content=\"summary_large_image\" \/>\n<meta name=\"twitter:label1\" content=\"Ber\u00e4knad l\u00e4stid\" \/>\n\t<meta name=\"twitter:data1\" content=\"1 minut\" \/>\n<!-- \/ Yoast SEO plugin. -->","yoast_head_json":{"title":"TRUUSK Ers\u00e4ttningsn\u00e4tgardin f\u00f6r 3x4m Garden Gazebo - Flugn\u00e4t med Blixtl\u00e5s - Polyester - Svart - TRUUSK - Hem, Tr\u00e4dg\u00e5rd &amp; Fritid","robots":{"index":"index","follow":"follow","max-snippet":"max-snippet:-1","max-image-preview":"max-image-preview:large","max-video-preview":"max-video-preview:-1"},"canonical":"https:\/\/truusk.store\/sv\/produkt\/truusk-ersattningsnatgardin-for-3x4m-garden-gazebo-flugnat-med-blixtlas-polyester-svart\/","og_locale":"sv_SE","og_type":"article","og_title":"TRUUSK Ers\u00e4ttningsn\u00e4tgardin f\u00f6r 3x4m Garden Gazebo - Flugn\u00e4t med Blixtl\u00e5s - Polyester - Svart - TRUUSK - Hem, Tr\u00e4dg\u00e5rd &amp; Fritid","og_description":"Har du en tr\u00e4dg\u00e5rdspaviljong men n\u00e4tgardinerna \u00e4r trasiga eller skadade? Goda nyheter! erbjuder ers\u00e4ttningsn\u00e4t f\u00f6r lusthus som passar de flesta...","og_url":"https:\/\/truusk.store\/sv\/produkt\/truusk-ersattningsnatgardin-for-3x4m-garden-gazebo-flugnat-med-blixtlas-polyester-svart\/","og_site_name":"TRUUSK - Hem, Tr\u00e4dg\u00e5rd &amp; Fritid","article_modified_time":"2026-03-12T07:59:35+00:00","og_image":[{"width":800,"height":800,"url":"https:\/\/i0.wp.com\/truusk.se\/wp-content\/uploads\/2024\/02\/ersattningsnatgardin-for-3-x-4m-garden-gazebo-flugnat-med-blixtlas-polyester-svart.webp?fit=800%2C800&ssl=1","type":"image\/webp"}],"twitter_card":"summary_large_image","twitter_misc":{"Ber\u00e4knad l\u00e4stid":"1 minut"},"schema":{"@context":"https:\/\/schema.org","@graph":[{"@type":"WebPage","@id":"https:\/\/truusk.store\/sv\/produkt\/truusk-ersattningsnatgardin-for-3x4m-garden-gazebo-flugnat-med-blixtlas-polyester-svart\/","url":"https:\/\/truusk.store\/sv\/produkt\/truusk-ersattningsnatgardin-for-3x4m-garden-gazebo-flugnat-med-blixtlas-polyester-svart\/","name":"TRUUSK Ers\u00e4ttningsn\u00e4tgardin f\u00f6r 3x4m Garden Gazebo - Flugn\u00e4t med Blixtl\u00e5s - Polyester - Svart - TRUUSK - Hem, Tr\u00e4dg\u00e5rd &amp; Fritid","isPartOf":{"@id":"https:\/\/truusk.store\/sv\/#website"},"primaryImageOfPage":{"@id":"https:\/\/truusk.store\/sv\/produkt\/truusk-ersattningsnatgardin-for-3x4m-garden-gazebo-flugnat-med-blixtlas-polyester-svart\/#primaryimage"},"image":{"@id":"https:\/\/truusk.store\/sv\/produkt\/truusk-ersattningsnatgardin-for-3x4m-garden-gazebo-flugnat-med-blixtlas-polyester-svart\/#primaryimage"},"thumbnailUrl":"https:\/\/i0.wp.com\/truusk.store\/wp-content\/uploads\/2024\/02\/ersattningsnatgardin-for-3-x-4m-garden-gazebo-flugnat-med-blixtlas-polyester-svart.webp?fit=800%2C800&ssl=1","datePublished":"2024-02-13T11:37:43+00:00","dateModified":"2026-03-12T07:59:35+00:00","breadcrumb":{"@id":"https:\/\/truusk.store\/sv\/produkt\/truusk-ersattningsnatgardin-for-3x4m-garden-gazebo-flugnat-med-blixtlas-polyester-svart\/#breadcrumb"},"inLanguage":"sv-SE","potentialAction":[{"@type":"ReadAction","target":["https:\/\/truusk.store\/sv\/produkt\/truusk-ersattningsnatgardin-for-3x4m-garden-gazebo-flugnat-med-blixtlas-polyester-svart\/"]}]},{"@type":"ImageObject","inLanguage":"sv-SE","@id":"https:\/\/truusk.store\/sv\/produkt\/truusk-ersattningsnatgardin-for-3x4m-garden-gazebo-flugnat-med-blixtlas-polyester-svart\/#primaryimage","url":"https:\/\/i0.wp.com\/truusk.store\/wp-content\/uploads\/2024\/02\/ersattningsnatgardin-for-3-x-4m-garden-gazebo-flugnat-med-blixtlas-polyester-svart.webp?fit=800%2C800&ssl=1","contentUrl":"https:\/\/i0.wp.com\/truusk.store\/wp-content\/uploads\/2024\/02\/ersattningsnatgardin-for-3-x-4m-garden-gazebo-flugnat-med-blixtlas-polyester-svart.webp?fit=800%2C800&ssl=1","width":800,"height":800,"caption":"Ers\u00e4ttningsn\u00e4tgardin F\u00f6r 3 X 4m Garden Gazebo Flugn\u00e4t Med Blixtl\u00e5s Polyester Svart 1"},{"@type":"BreadcrumbList","@id":"https:\/\/truusk.store\/sv\/produkt\/truusk-ersattningsnatgardin-for-3x4m-garden-gazebo-flugnat-med-blixtlas-polyester-svart\/#breadcrumb","itemListElement":[{"@type":"ListItem","position":1,"name":"Home","item":"https:\/\/truusk.store\/sv\/"},{"@type":"ListItem","position":2,"name":"Shop","item":"https:\/\/truusk.store\/shop\/"},{"@type":"ListItem","position":3,"name":"TRUUSK Ers\u00e4ttningsn\u00e4tgardin f\u00f6r 3x4m Garden Gazebo &#8211; Flugn\u00e4t med Blixtl\u00e5s &#8211; Polyester &#8211; Svart"}]},{"@type":"WebSite","@id":"https:\/\/truusk.store\/sv\/#website","url":"https:\/\/truusk.store\/sv\/","name":"TRUUSK - Hem, Tr\u00e4dg\u00e5rd & Fritid","description":"","publisher":{"@id":"https:\/\/truusk.store\/sv\/#organization"},"potentialAction":[{"@type":"SearchAction","target":{"@type":"EntryPoint","urlTemplate":"https:\/\/truusk.store\/sv\/?s={search_term_string}"},"query-input":{"@type":"PropertyValueSpecification","valueRequired":true,"valueName":"search_term_string"}}],"inLanguage":"sv-SE"},{"@type":"Organization","@id":"https:\/\/truusk.store\/sv\/#organization","name":"TRUUSK - Hem, Tr\u00e4dg\u00e5rd & Fritid","url":"https:\/\/truusk.store\/sv\/","logo":{"@type":"ImageObject","inLanguage":"sv-SE","@id":"https:\/\/truusk.store\/sv\/#\/schema\/logo\/image\/","url":"https:\/\/i0.wp.com\/truusk.store\/wp-content\/uploads\/2026\/03\/cropped-TRUUSK.png?fit=2032%2C917&ssl=1","contentUrl":"https:\/\/i0.wp.com\/truusk.store\/wp-content\/uploads\/2026\/03\/cropped-TRUUSK.png?fit=2032%2C917&ssl=1","width":2032,"height":917,"caption":"TRUUSK - Hem, Tr\u00e4dg\u00e5rd & Fritid"},"image":{"@id":"https:\/\/truusk.store\/sv\/#\/schema\/logo\/image\/"}}]}},"jetpack_sharing_enabled":true,"_links":{"self":[{"href":"https:\/\/truusk.store\/sv\/wp-json\/wp\/v2\/product\/15452","targetHints":{"allow":["GET"]}}],"collection":[{"href":"https:\/\/truusk.store\/sv\/wp-json\/wp\/v2\/product"}],"about":[{"href":"https:\/\/truusk.store\/sv\/wp-json\/wp\/v2\/types\/product"}],"wp:featuredmedia":[{"embeddable":true,"href":"https:\/\/truusk.store\/sv\/wp-json\/wp\/v2\/media\/15453"}],"wp:attachment":[{"href":"https:\/\/truusk.store\/sv\/wp-json\/wp\/v2\/media?parent=15452"}],"wp:term":[{"taxonomy":"product_brand","embeddable":true,"href":"https:\/\/truusk.store\/sv\/wp-json\/wp\/v2\/product_brand?post=15452"},{"taxonomy":"product_cat","embeddable":true,"href":"https:\/\/truusk.store\/sv\/wp-json\/wp\/v2\/product_cat?post=15452"},{"taxonomy":"product_tag","embeddable":true,"href":"https:\/\/truusk.store\/sv\/wp-json\/wp\/v2\/product_tag?post=15452"}],"curies":[{"name":"wp","href":"https:\/\/api.w.org\/{rel}","templated":true}]}}