{"id":15528,"date":"2024-02-13T12:39:51","date_gmt":"2024-02-13T11:39:51","guid":{"rendered":"https:\/\/truusk.store\/product\/katttrad-med-jute-skrapmatta-abborre-hangande-boll-skrapbrada-kattmobler-med-dorrhal-husdjursmobler-mdf-plysch-jute-ljusgra-40-x-40-x-57-cm\/"},"modified":"2026-03-12T08:59:38","modified_gmt":"2026-03-12T07:59:38","slug":"truusk-katttrad-med-jute-skrapmatta-abborre-hangande-boll-skrapbrada-husdjursmobler-mdf-plysch-ljusgra-40-x-40-x-57-cm","status":"publish","type":"product","link":"https:\/\/truusk.store\/sv\/produkt\/truusk-katttrad-med-jute-skrapmatta-abborre-hangande-boll-skrapbrada-husdjursmobler-mdf-plysch-ljusgra-40-x-40-x-57-cm\/","title":{"rendered":"TRUUSK Katttr\u00e4d Med Jute Skrapmatta &#8211; Abborre H\u00e4ngande Boll &#8211; Skrapbr\u00e4da &#8211; Husdjursm\u00f6bler &#8211; MDF Plysch &#8211; Ljusgr\u00e5 &#8211; 40 X 40 X 57 Cm"},"content":{"rendered":"<p>Detta katthus \u00e4r en skrapstolpe, lekplats och sovplats i ett. En skrapmatta av jute, en sovplats, ett hus och en lekboll ger massor av variation. Tack vare de tre niv\u00e5erna kan din huskatt kl\u00e4ttra, hoppa och leka s\u00e5 mycket han vill. Och n\u00e4r en tupplur \u00e4r n\u00e4ra f\u00f6rest\u00e5ende fungerar den mjuka liggytan p\u00e5 taket som en utm\u00e4rkt s\u00e4ng. Ge din katt ett sp\u00e4nnande och mysigt nytt hem med det h\u00e4r m\u00e5ngsidiga skrapstolpen.<\/p>\n<h3>Beskrivning:<\/h3>\n<ul>\n<li>Den perfekta platsen f\u00f6r din katt att leka och koppla av<\/li>\n<li>Skrapmattan av jute \u00e4r idealisk f\u00f6r att slipa klor<\/li>\n<li>Tillverkad av h\u00f6gkvalitativ E1-klassad MDF-skiva<\/li>\n<li>Sovplats och lekplats i ett<\/li>\n<li>Den klassiska designen passar m\u00e5nga inredningsstilar<\/li>\n<li>Massor av niv\u00e5er att kl\u00e4ttra, hoppa och f\u00e5 den perfekta utsikten<\/li>\n<li>L\u00e4mplig f\u00f6r katter upp till 5 kg<\/li>\n<li>Montering kr\u00e4vs<\/li>\n<\/ul>\n<h3>Teknisk data:<\/h3>\n<ul>\n<li>F\u00e4rg: ljusgr\u00e5<\/li>\n<li>Material: MDF, plysch, jute<\/li>\n<li>\u00d6vergripande m\u00e5tt: 40W x 40D x 57H cm<\/li>\n<li>Kattgrottans storlek: 30W x 30D x 23H cm<\/li>\n<li>D\u00f6rrh\u00e5lsstorlek: 10W x 10H cm<\/li>\n<li>Storlek p\u00e5 skrapmattan: 27W x 14H cm<\/li>\n<li>Bottenplattans storlek: 40W x 40D cm<\/li>\n<li>\u00d6vre katts\u00e4ng storlek: 48W x 30D x 6H cm<\/li>\n<li>St\u00e5ngdiameter: 5,5 cm<\/li>\n<li>Rekommenderad husdjursvikt: upp till 5 kg<\/li>\n<\/ul>\n<h3>Leveransens omfattning:<\/h3>\n<ul>\n<li>1 x skrapstolpe<\/li>\n<li>1 x manuell<\/li>\n<\/ul>\n","protected":false},"excerpt":{"rendered":"<p>Detta katthus \u00e4r en skrapstolpe, lekplats och sovplats i ett. En skrapmatta av jute, en sovplats, ett hus och en&#8230;<\/p>\n","protected":false},"featured_media":15529,"template":"","meta":[],"product_brand":[],"product_cat":[573,588,589],"product_tag":[],"class_list":{"0":"post-15528","1":"product","2":"type-product","3":"status-publish","4":"has-post-thumbnail","6":"product_cat-husdjursmaterial","7":"product_cat-katttillbehor","8":"product_cat-skrapande-inlagg","10":"first","11":"instock","12":"sale","13":"taxable","14":"shipping-taxable","15":"purchasable","16":"product-type-simple"},"yoast_head":"<!-- This site is optimized with the Yoast SEO plugin v25.4 - https:\/\/yoast.com\/wordpress\/plugins\/seo\/ -->\n<title>TRUUSK Katttr\u00e4d Med Jute Skrapmatta - Abborre H\u00e4ngande Boll - Skrapbr\u00e4da - Husdjursm\u00f6bler - MDF Plysch - Ljusgr\u00e5 - 40 X 40 X 57 Cm - TRUUSK - Hem, Tr\u00e4dg\u00e5rd &amp; Fritid<\/title>\n<meta name=\"robots\" content=\"index, follow, max-snippet:-1, max-image-preview:large, max-video-preview:-1\" \/>\n<link rel=\"canonical\" href=\"https:\/\/truusk.store\/sv\/produkt\/truusk-katttrad-med-jute-skrapmatta-abborre-hangande-boll-skrapbrada-husdjursmobler-mdf-plysch-ljusgra-40-x-40-x-57-cm\/\" \/>\n<meta property=\"og:locale\" content=\"sv_SE\" \/>\n<meta property=\"og:type\" content=\"article\" \/>\n<meta property=\"og:title\" content=\"TRUUSK Katttr\u00e4d Med Jute Skrapmatta - Abborre H\u00e4ngande Boll - Skrapbr\u00e4da - Husdjursm\u00f6bler - MDF Plysch - Ljusgr\u00e5 - 40 X 40 X 57 Cm - TRUUSK - Hem, Tr\u00e4dg\u00e5rd &amp; Fritid\" \/>\n<meta property=\"og:description\" content=\"Detta katthus \u00e4r en skrapstolpe, lekplats och sovplats i ett. En skrapmatta av jute, en sovplats, ett hus och en...\" \/>\n<meta property=\"og:url\" content=\"https:\/\/truusk.store\/sv\/produkt\/truusk-katttrad-med-jute-skrapmatta-abborre-hangande-boll-skrapbrada-husdjursmobler-mdf-plysch-ljusgra-40-x-40-x-57-cm\/\" \/>\n<meta property=\"og:site_name\" content=\"TRUUSK - Hem, Tr\u00e4dg\u00e5rd &amp; Fritid\" \/>\n<meta property=\"article:modified_time\" content=\"2026-03-12T07:59:38+00:00\" \/>\n<meta property=\"og:image\" content=\"https:\/\/i0.wp.com\/truusk.se\/wp-content\/uploads\/2024\/02\/katttrad-med-jute-skrapmatta-abborre-hangande-boll-skrapbrada-kattmobler-med-dorrhal-husdjursmobler-mdf-plysch-jute-ljusgra-40-x-40-x-57-cm.webp?fit=800%2C800&ssl=1\" \/>\n\t<meta property=\"og:image:width\" content=\"800\" \/>\n\t<meta property=\"og:image:height\" content=\"800\" \/>\n\t<meta property=\"og:image:type\" content=\"image\/webp\" \/>\n<meta name=\"twitter:card\" content=\"summary_large_image\" \/>\n<meta name=\"twitter:label1\" content=\"Ber\u00e4knad l\u00e4stid\" \/>\n\t<meta name=\"twitter:data1\" content=\"1 minut\" \/>\n<!-- \/ Yoast SEO plugin. -->","yoast_head_json":{"title":"TRUUSK Katttr\u00e4d Med Jute Skrapmatta - Abborre H\u00e4ngande Boll - Skrapbr\u00e4da - Husdjursm\u00f6bler - MDF Plysch - Ljusgr\u00e5 - 40 X 40 X 57 Cm - TRUUSK - Hem, Tr\u00e4dg\u00e5rd &amp; Fritid","robots":{"index":"index","follow":"follow","max-snippet":"max-snippet:-1","max-image-preview":"max-image-preview:large","max-video-preview":"max-video-preview:-1"},"canonical":"https:\/\/truusk.store\/sv\/produkt\/truusk-katttrad-med-jute-skrapmatta-abborre-hangande-boll-skrapbrada-husdjursmobler-mdf-plysch-ljusgra-40-x-40-x-57-cm\/","og_locale":"sv_SE","og_type":"article","og_title":"TRUUSK Katttr\u00e4d Med Jute Skrapmatta - Abborre H\u00e4ngande Boll - Skrapbr\u00e4da - Husdjursm\u00f6bler - MDF Plysch - Ljusgr\u00e5 - 40 X 40 X 57 Cm - TRUUSK - Hem, Tr\u00e4dg\u00e5rd &amp; Fritid","og_description":"Detta katthus \u00e4r en skrapstolpe, lekplats och sovplats i ett. En skrapmatta av jute, en sovplats, ett hus och en...","og_url":"https:\/\/truusk.store\/sv\/produkt\/truusk-katttrad-med-jute-skrapmatta-abborre-hangande-boll-skrapbrada-husdjursmobler-mdf-plysch-ljusgra-40-x-40-x-57-cm\/","og_site_name":"TRUUSK - Hem, Tr\u00e4dg\u00e5rd &amp; Fritid","article_modified_time":"2026-03-12T07:59:38+00:00","og_image":[{"width":800,"height":800,"url":"https:\/\/i0.wp.com\/truusk.se\/wp-content\/uploads\/2024\/02\/katttrad-med-jute-skrapmatta-abborre-hangande-boll-skrapbrada-kattmobler-med-dorrhal-husdjursmobler-mdf-plysch-jute-ljusgra-40-x-40-x-57-cm.webp?fit=800%2C800&ssl=1","type":"image\/webp"}],"twitter_card":"summary_large_image","twitter_misc":{"Ber\u00e4knad l\u00e4stid":"1 minut"},"schema":{"@context":"https:\/\/schema.org","@graph":[{"@type":"WebPage","@id":"https:\/\/truusk.store\/sv\/produkt\/truusk-katttrad-med-jute-skrapmatta-abborre-hangande-boll-skrapbrada-husdjursmobler-mdf-plysch-ljusgra-40-x-40-x-57-cm\/","url":"https:\/\/truusk.store\/sv\/produkt\/truusk-katttrad-med-jute-skrapmatta-abborre-hangande-boll-skrapbrada-husdjursmobler-mdf-plysch-ljusgra-40-x-40-x-57-cm\/","name":"TRUUSK Katttr\u00e4d Med Jute Skrapmatta - Abborre H\u00e4ngande Boll - Skrapbr\u00e4da - Husdjursm\u00f6bler - MDF Plysch - Ljusgr\u00e5 - 40 X 40 X 57 Cm - TRUUSK - Hem, Tr\u00e4dg\u00e5rd &amp; Fritid","isPartOf":{"@id":"https:\/\/truusk.store\/sv\/#website"},"primaryImageOfPage":{"@id":"https:\/\/truusk.store\/sv\/produkt\/truusk-katttrad-med-jute-skrapmatta-abborre-hangande-boll-skrapbrada-husdjursmobler-mdf-plysch-ljusgra-40-x-40-x-57-cm\/#primaryimage"},"image":{"@id":"https:\/\/truusk.store\/sv\/produkt\/truusk-katttrad-med-jute-skrapmatta-abborre-hangande-boll-skrapbrada-husdjursmobler-mdf-plysch-ljusgra-40-x-40-x-57-cm\/#primaryimage"},"thumbnailUrl":"https:\/\/i0.wp.com\/truusk.store\/wp-content\/uploads\/2024\/02\/katttrad-med-jute-skrapmatta-abborre-hangande-boll-skrapbrada-kattmobler-med-dorrhal-husdjursmobler-mdf-plysch-jute-ljusgra-40-x-40-x-57-cm.webp?fit=800%2C800&ssl=1","datePublished":"2024-02-13T11:39:51+00:00","dateModified":"2026-03-12T07:59:38+00:00","breadcrumb":{"@id":"https:\/\/truusk.store\/sv\/produkt\/truusk-katttrad-med-jute-skrapmatta-abborre-hangande-boll-skrapbrada-husdjursmobler-mdf-plysch-ljusgra-40-x-40-x-57-cm\/#breadcrumb"},"inLanguage":"sv-SE","potentialAction":[{"@type":"ReadAction","target":["https:\/\/truusk.store\/sv\/produkt\/truusk-katttrad-med-jute-skrapmatta-abborre-hangande-boll-skrapbrada-husdjursmobler-mdf-plysch-ljusgra-40-x-40-x-57-cm\/"]}]},{"@type":"ImageObject","inLanguage":"sv-SE","@id":"https:\/\/truusk.store\/sv\/produkt\/truusk-katttrad-med-jute-skrapmatta-abborre-hangande-boll-skrapbrada-husdjursmobler-mdf-plysch-ljusgra-40-x-40-x-57-cm\/#primaryimage","url":"https:\/\/i0.wp.com\/truusk.store\/wp-content\/uploads\/2024\/02\/katttrad-med-jute-skrapmatta-abborre-hangande-boll-skrapbrada-kattmobler-med-dorrhal-husdjursmobler-mdf-plysch-jute-ljusgra-40-x-40-x-57-cm.webp?fit=800%2C800&ssl=1","contentUrl":"https:\/\/i0.wp.com\/truusk.store\/wp-content\/uploads\/2024\/02\/katttrad-med-jute-skrapmatta-abborre-hangande-boll-skrapbrada-kattmobler-med-dorrhal-husdjursmobler-mdf-plysch-jute-ljusgra-40-x-40-x-57-cm.webp?fit=800%2C800&ssl=1","width":800,"height":800,"caption":"Katttr\u00e4d Med Jute Skrapmatta Abborre H\u00e4ngande Boll Skrapbr\u00e4da Kattm\u00f6bler Med D\u00f6rrh\u00e5l Husdjursm\u00f6bler MDF Plysch Jute Ljusgr\u00e5 40 X 40 X 57 Cm 1"},{"@type":"BreadcrumbList","@id":"https:\/\/truusk.store\/sv\/produkt\/truusk-katttrad-med-jute-skrapmatta-abborre-hangande-boll-skrapbrada-husdjursmobler-mdf-plysch-ljusgra-40-x-40-x-57-cm\/#breadcrumb","itemListElement":[{"@type":"ListItem","position":1,"name":"Home","item":"https:\/\/truusk.store\/sv\/"},{"@type":"ListItem","position":2,"name":"Shop","item":"https:\/\/truusk.store\/shop\/"},{"@type":"ListItem","position":3,"name":"TRUUSK Katttr\u00e4d Med Jute Skrapmatta &#8211; Abborre H\u00e4ngande Boll &#8211; Skrapbr\u00e4da &#8211; Husdjursm\u00f6bler &#8211; MDF Plysch &#8211; Ljusgr\u00e5 &#8211; 40 X 40 X 57 Cm"}]},{"@type":"WebSite","@id":"https:\/\/truusk.store\/sv\/#website","url":"https:\/\/truusk.store\/sv\/","name":"TRUUSK - Hem, Tr\u00e4dg\u00e5rd & Fritid","description":"","publisher":{"@id":"https:\/\/truusk.store\/sv\/#organization"},"potentialAction":[{"@type":"SearchAction","target":{"@type":"EntryPoint","urlTemplate":"https:\/\/truusk.store\/sv\/?s={search_term_string}"},"query-input":{"@type":"PropertyValueSpecification","valueRequired":true,"valueName":"search_term_string"}}],"inLanguage":"sv-SE"},{"@type":"Organization","@id":"https:\/\/truusk.store\/sv\/#organization","name":"TRUUSK - Hem, Tr\u00e4dg\u00e5rd & Fritid","url":"https:\/\/truusk.store\/sv\/","logo":{"@type":"ImageObject","inLanguage":"sv-SE","@id":"https:\/\/truusk.store\/sv\/#\/schema\/logo\/image\/","url":"https:\/\/i0.wp.com\/truusk.store\/wp-content\/uploads\/2026\/03\/cropped-TRUUSK.png?fit=2032%2C917&ssl=1","contentUrl":"https:\/\/i0.wp.com\/truusk.store\/wp-content\/uploads\/2026\/03\/cropped-TRUUSK.png?fit=2032%2C917&ssl=1","width":2032,"height":917,"caption":"TRUUSK - Hem, Tr\u00e4dg\u00e5rd & Fritid"},"image":{"@id":"https:\/\/truusk.store\/sv\/#\/schema\/logo\/image\/"}}]}},"jetpack_sharing_enabled":true,"_links":{"self":[{"href":"https:\/\/truusk.store\/sv\/wp-json\/wp\/v2\/product\/15528","targetHints":{"allow":["GET"]}}],"collection":[{"href":"https:\/\/truusk.store\/sv\/wp-json\/wp\/v2\/product"}],"about":[{"href":"https:\/\/truusk.store\/sv\/wp-json\/wp\/v2\/types\/product"}],"wp:featuredmedia":[{"embeddable":true,"href":"https:\/\/truusk.store\/sv\/wp-json\/wp\/v2\/media\/15529"}],"wp:attachment":[{"href":"https:\/\/truusk.store\/sv\/wp-json\/wp\/v2\/media?parent=15528"}],"wp:term":[{"taxonomy":"product_brand","embeddable":true,"href":"https:\/\/truusk.store\/sv\/wp-json\/wp\/v2\/product_brand?post=15528"},{"taxonomy":"product_cat","embeddable":true,"href":"https:\/\/truusk.store\/sv\/wp-json\/wp\/v2\/product_cat?post=15528"},{"taxonomy":"product_tag","embeddable":true,"href":"https:\/\/truusk.store\/sv\/wp-json\/wp\/v2\/product_tag?post=15528"}],"curies":[{"name":"wp","href":"https:\/\/api.w.org\/{rel}","templated":true}]}}