{"id":15538,"date":"2024-02-13T12:40:08","date_gmt":"2024-02-13T11:40:08","guid":{"rendered":"https:\/\/truusk.store\/product\/paraplyvikt-4-st-paraplystall-kan-fyllas-med-17-kg-vatten-eller-25-kg-sand-hdpe-kaffe-100-x-100-x-105-cm\/"},"modified":"2026-03-12T08:59:38","modified_gmt":"2026-03-12T07:59:38","slug":"truusk-paraplyvikt-4-st-paraplystall-fyllbar-med-17-kg-vatten-eller-25-kg-sand-hdpe-material-matt-100-x-100-x-105-cm","status":"publish","type":"product","link":"https:\/\/truusk.store\/sv\/produkt\/truusk-paraplyvikt-4-st-paraplystall-fyllbar-med-17-kg-vatten-eller-25-kg-sand-hdpe-material-matt-100-x-100-x-105-cm\/","title":{"rendered":"TRUUSK Paraplyvikt 4 St. &#8211; Paraplyst\u00e4ll &#8211; Fyllbar med 17 kg vatten eller 25 kg sand &#8211; HDPE-material &#8211; M\u00e5tt: 100 x 100 x 10,5 cm."},"content":{"rendered":"<p>Du beh\u00f6ver inte oroa dig f\u00f6r att vinden st\u00f6r din sommaravkoppling i skuggan med denna 4-delade paraplyviktsbas. Detta 4-delade set \u00e4r tillverkat av slitstarkt HDPE-material, v\u00e4derbest\u00e4ndigt och l\u00e4ttsk\u00f6tt. Allt du beh\u00f6ver \u00e4r att fylla basen med vatten eller en blandning av sand och vatten, s\u00e5 h\u00e5ller basen paraplyet s\u00e4kert och j\u00e4mnt i din tr\u00e4dg\u00e5rd eller uteplats.<\/p>\n<h3>Beskrivning:<\/h3>\n<ul>\n<li>Perfekt f\u00f6r utomhusomr\u00e5den som tr\u00e4dg\u00e5rdar, uteplatser och mer<\/li>\n<li>Viktskivor av HDPE-plast<\/li>\n<li>L\u00e4mplig f\u00f6r korsstativ<\/li>\n<li>Med handtag f\u00f6r enkel transport<\/li>\n<li>L\u00e4mplig f\u00f6r frib\u00e4rande paraplyer<\/li>\n<li>Varje tallrik kan fyllas med 17 kg vatten eller 25 kg vatten\/sandblandning<\/li>\n<li>Montering kr\u00e4vs<\/li>\n<\/ul>\n<h3>Teknisk data:<\/h3>\n<ul>\n<li>F\u00e4rg: kaffe<\/li>\n<li>Material: HDPE<\/li>\n<li>Totala m\u00e5tt: 100L x 100W x 10,5H cm<\/li>\n<li>M\u00e5tt (enkel tallrik): 66L x 45W x 10H cm<\/li>\n<li>Nettovikt: 1,85 kg (per styck)<\/li>\n<li>Artikelnummer: 84D-124<\/li>\n<\/ul>\n<h3>Leveransens omfattning:<\/h3>\n<ul>\n<li>1 x 4 st. Paraplyst\u00e4ll<\/li>\n<li>Instruktioner<\/li>\n<\/ul>\n","protected":false},"excerpt":{"rendered":"<p>Du beh\u00f6ver inte oroa dig f\u00f6r att vinden st\u00f6r din sommaravkoppling i skuggan med denna 4-delade paraplyviktsbas. Detta 4-delade set&#8230;<\/p>\n","protected":false},"featured_media":15539,"template":"","meta":[],"product_brand":[],"product_cat":[723,472,471,435],"product_tag":[],"class_list":{"0":"post-15538","1":"product","2":"type-product","3":"status-publish","4":"has-post-thumbnail","6":"product_cat-paraplystall","7":"product_cat-parasoller","8":"product_cat-solskydd-integritetsskydd","9":"product_cat-tradgard-och-terrass","11":"first","12":"instock","13":"sale","14":"taxable","15":"shipping-taxable","16":"purchasable","17":"product-type-simple"},"yoast_head":"<!-- This site is optimized with the Yoast SEO plugin v25.4 - https:\/\/yoast.com\/wordpress\/plugins\/seo\/ -->\n<title>TRUUSK Paraplyvikt 4 St. - Paraplyst\u00e4ll - Fyllbar med 17 kg vatten eller 25 kg sand - HDPE-material - M\u00e5tt: 100 x 100 x 10,5 cm. - TRUUSK - Hem, Tr\u00e4dg\u00e5rd &amp; Fritid<\/title>\n<meta name=\"robots\" content=\"index, follow, max-snippet:-1, max-image-preview:large, max-video-preview:-1\" \/>\n<link rel=\"canonical\" href=\"https:\/\/truusk.store\/sv\/produkt\/truusk-paraplyvikt-4-st-paraplystall-fyllbar-med-17-kg-vatten-eller-25-kg-sand-hdpe-material-matt-100-x-100-x-105-cm\/\" \/>\n<meta property=\"og:locale\" content=\"sv_SE\" \/>\n<meta property=\"og:type\" content=\"article\" \/>\n<meta property=\"og:title\" content=\"TRUUSK Paraplyvikt 4 St. - Paraplyst\u00e4ll - Fyllbar med 17 kg vatten eller 25 kg sand - HDPE-material - M\u00e5tt: 100 x 100 x 10,5 cm. - TRUUSK - Hem, Tr\u00e4dg\u00e5rd &amp; Fritid\" \/>\n<meta property=\"og:description\" content=\"Du beh\u00f6ver inte oroa dig f\u00f6r att vinden st\u00f6r din sommaravkoppling i skuggan med denna 4-delade paraplyviktsbas. Detta 4-delade set...\" \/>\n<meta property=\"og:url\" content=\"https:\/\/truusk.store\/sv\/produkt\/truusk-paraplyvikt-4-st-paraplystall-fyllbar-med-17-kg-vatten-eller-25-kg-sand-hdpe-material-matt-100-x-100-x-105-cm\/\" \/>\n<meta property=\"og:site_name\" content=\"TRUUSK - Hem, Tr\u00e4dg\u00e5rd &amp; Fritid\" \/>\n<meta property=\"article:modified_time\" content=\"2026-03-12T07:59:38+00:00\" \/>\n<meta property=\"og:image\" content=\"https:\/\/i0.wp.com\/truusk.se\/wp-content\/uploads\/2024\/02\/paraplyvikt-4-st-paraplystall-kan-fyllas-med-17-kg-vatten-eller-25-kg-sand-hdpe-kaffe-100-x-100-x-105-cm.webp?fit=800%2C800&ssl=1\" \/>\n\t<meta property=\"og:image:width\" content=\"800\" \/>\n\t<meta property=\"og:image:height\" content=\"800\" \/>\n\t<meta property=\"og:image:type\" content=\"image\/webp\" \/>\n<meta name=\"twitter:card\" content=\"summary_large_image\" \/>\n<meta name=\"twitter:label1\" content=\"Ber\u00e4knad l\u00e4stid\" \/>\n\t<meta name=\"twitter:data1\" content=\"1 minut\" \/>\n<!-- \/ Yoast SEO plugin. -->","yoast_head_json":{"title":"TRUUSK Paraplyvikt 4 St. - Paraplyst\u00e4ll - Fyllbar med 17 kg vatten eller 25 kg sand - HDPE-material - M\u00e5tt: 100 x 100 x 10,5 cm. - TRUUSK - Hem, Tr\u00e4dg\u00e5rd &amp; Fritid","robots":{"index":"index","follow":"follow","max-snippet":"max-snippet:-1","max-image-preview":"max-image-preview:large","max-video-preview":"max-video-preview:-1"},"canonical":"https:\/\/truusk.store\/sv\/produkt\/truusk-paraplyvikt-4-st-paraplystall-fyllbar-med-17-kg-vatten-eller-25-kg-sand-hdpe-material-matt-100-x-100-x-105-cm\/","og_locale":"sv_SE","og_type":"article","og_title":"TRUUSK Paraplyvikt 4 St. - Paraplyst\u00e4ll - Fyllbar med 17 kg vatten eller 25 kg sand - HDPE-material - M\u00e5tt: 100 x 100 x 10,5 cm. - TRUUSK - Hem, Tr\u00e4dg\u00e5rd &amp; Fritid","og_description":"Du beh\u00f6ver inte oroa dig f\u00f6r att vinden st\u00f6r din sommaravkoppling i skuggan med denna 4-delade paraplyviktsbas. Detta 4-delade set...","og_url":"https:\/\/truusk.store\/sv\/produkt\/truusk-paraplyvikt-4-st-paraplystall-fyllbar-med-17-kg-vatten-eller-25-kg-sand-hdpe-material-matt-100-x-100-x-105-cm\/","og_site_name":"TRUUSK - Hem, Tr\u00e4dg\u00e5rd &amp; Fritid","article_modified_time":"2026-03-12T07:59:38+00:00","og_image":[{"width":800,"height":800,"url":"https:\/\/i0.wp.com\/truusk.se\/wp-content\/uploads\/2024\/02\/paraplyvikt-4-st-paraplystall-kan-fyllas-med-17-kg-vatten-eller-25-kg-sand-hdpe-kaffe-100-x-100-x-105-cm.webp?fit=800%2C800&ssl=1","type":"image\/webp"}],"twitter_card":"summary_large_image","twitter_misc":{"Ber\u00e4knad l\u00e4stid":"1 minut"},"schema":{"@context":"https:\/\/schema.org","@graph":[{"@type":"WebPage","@id":"https:\/\/truusk.store\/sv\/produkt\/truusk-paraplyvikt-4-st-paraplystall-fyllbar-med-17-kg-vatten-eller-25-kg-sand-hdpe-material-matt-100-x-100-x-105-cm\/","url":"https:\/\/truusk.store\/sv\/produkt\/truusk-paraplyvikt-4-st-paraplystall-fyllbar-med-17-kg-vatten-eller-25-kg-sand-hdpe-material-matt-100-x-100-x-105-cm\/","name":"TRUUSK Paraplyvikt 4 St. - Paraplyst\u00e4ll - Fyllbar med 17 kg vatten eller 25 kg sand - HDPE-material - M\u00e5tt: 100 x 100 x 10,5 cm. - TRUUSK - Hem, Tr\u00e4dg\u00e5rd &amp; Fritid","isPartOf":{"@id":"https:\/\/truusk.store\/sv\/#website"},"primaryImageOfPage":{"@id":"https:\/\/truusk.store\/sv\/produkt\/truusk-paraplyvikt-4-st-paraplystall-fyllbar-med-17-kg-vatten-eller-25-kg-sand-hdpe-material-matt-100-x-100-x-105-cm\/#primaryimage"},"image":{"@id":"https:\/\/truusk.store\/sv\/produkt\/truusk-paraplyvikt-4-st-paraplystall-fyllbar-med-17-kg-vatten-eller-25-kg-sand-hdpe-material-matt-100-x-100-x-105-cm\/#primaryimage"},"thumbnailUrl":"https:\/\/i0.wp.com\/truusk.store\/wp-content\/uploads\/2024\/02\/paraplyvikt-4-st-paraplystall-kan-fyllas-med-17-kg-vatten-eller-25-kg-sand-hdpe-kaffe-100-x-100-x-105-cm.webp?fit=800%2C800&ssl=1","datePublished":"2024-02-13T11:40:08+00:00","dateModified":"2026-03-12T07:59:38+00:00","breadcrumb":{"@id":"https:\/\/truusk.store\/sv\/produkt\/truusk-paraplyvikt-4-st-paraplystall-fyllbar-med-17-kg-vatten-eller-25-kg-sand-hdpe-material-matt-100-x-100-x-105-cm\/#breadcrumb"},"inLanguage":"sv-SE","potentialAction":[{"@type":"ReadAction","target":["https:\/\/truusk.store\/sv\/produkt\/truusk-paraplyvikt-4-st-paraplystall-fyllbar-med-17-kg-vatten-eller-25-kg-sand-hdpe-material-matt-100-x-100-x-105-cm\/"]}]},{"@type":"ImageObject","inLanguage":"sv-SE","@id":"https:\/\/truusk.store\/sv\/produkt\/truusk-paraplyvikt-4-st-paraplystall-fyllbar-med-17-kg-vatten-eller-25-kg-sand-hdpe-material-matt-100-x-100-x-105-cm\/#primaryimage","url":"https:\/\/i0.wp.com\/truusk.store\/wp-content\/uploads\/2024\/02\/paraplyvikt-4-st-paraplystall-kan-fyllas-med-17-kg-vatten-eller-25-kg-sand-hdpe-kaffe-100-x-100-x-105-cm.webp?fit=800%2C800&ssl=1","contentUrl":"https:\/\/i0.wp.com\/truusk.store\/wp-content\/uploads\/2024\/02\/paraplyvikt-4-st-paraplystall-kan-fyllas-med-17-kg-vatten-eller-25-kg-sand-hdpe-kaffe-100-x-100-x-105-cm.webp?fit=800%2C800&ssl=1","width":800,"height":800,"caption":"Paraplyvikt 4 St. Paraplyst\u00e4ll Kan Fyllas Med 17 Kg Vatten Eller 25 Kg Sand, HDPE-kaffe 100 X 100 X 10,5 Cm 1"},{"@type":"BreadcrumbList","@id":"https:\/\/truusk.store\/sv\/produkt\/truusk-paraplyvikt-4-st-paraplystall-fyllbar-med-17-kg-vatten-eller-25-kg-sand-hdpe-material-matt-100-x-100-x-105-cm\/#breadcrumb","itemListElement":[{"@type":"ListItem","position":1,"name":"Home","item":"https:\/\/truusk.store\/sv\/"},{"@type":"ListItem","position":2,"name":"Shop","item":"https:\/\/truusk.store\/shop\/"},{"@type":"ListItem","position":3,"name":"TRUUSK Paraplyvikt 4 St. &#8211; Paraplyst\u00e4ll &#8211; Fyllbar med 17 kg vatten eller 25 kg sand &#8211; HDPE-material &#8211; M\u00e5tt: 100 x 100 x 10,5 cm."}]},{"@type":"WebSite","@id":"https:\/\/truusk.store\/sv\/#website","url":"https:\/\/truusk.store\/sv\/","name":"TRUUSK - Hem, Tr\u00e4dg\u00e5rd & Fritid","description":"","publisher":{"@id":"https:\/\/truusk.store\/sv\/#organization"},"potentialAction":[{"@type":"SearchAction","target":{"@type":"EntryPoint","urlTemplate":"https:\/\/truusk.store\/sv\/?s={search_term_string}"},"query-input":{"@type":"PropertyValueSpecification","valueRequired":true,"valueName":"search_term_string"}}],"inLanguage":"sv-SE"},{"@type":"Organization","@id":"https:\/\/truusk.store\/sv\/#organization","name":"TRUUSK - Hem, Tr\u00e4dg\u00e5rd & Fritid","url":"https:\/\/truusk.store\/sv\/","logo":{"@type":"ImageObject","inLanguage":"sv-SE","@id":"https:\/\/truusk.store\/sv\/#\/schema\/logo\/image\/","url":"https:\/\/i0.wp.com\/truusk.store\/wp-content\/uploads\/2026\/03\/cropped-TRUUSK.png?fit=2032%2C917&ssl=1","contentUrl":"https:\/\/i0.wp.com\/truusk.store\/wp-content\/uploads\/2026\/03\/cropped-TRUUSK.png?fit=2032%2C917&ssl=1","width":2032,"height":917,"caption":"TRUUSK - Hem, Tr\u00e4dg\u00e5rd & Fritid"},"image":{"@id":"https:\/\/truusk.store\/sv\/#\/schema\/logo\/image\/"}}]}},"jetpack_sharing_enabled":true,"_links":{"self":[{"href":"https:\/\/truusk.store\/sv\/wp-json\/wp\/v2\/product\/15538","targetHints":{"allow":["GET"]}}],"collection":[{"href":"https:\/\/truusk.store\/sv\/wp-json\/wp\/v2\/product"}],"about":[{"href":"https:\/\/truusk.store\/sv\/wp-json\/wp\/v2\/types\/product"}],"wp:featuredmedia":[{"embeddable":true,"href":"https:\/\/truusk.store\/sv\/wp-json\/wp\/v2\/media\/15539"}],"wp:attachment":[{"href":"https:\/\/truusk.store\/sv\/wp-json\/wp\/v2\/media?parent=15538"}],"wp:term":[{"taxonomy":"product_brand","embeddable":true,"href":"https:\/\/truusk.store\/sv\/wp-json\/wp\/v2\/product_brand?post=15538"},{"taxonomy":"product_cat","embeddable":true,"href":"https:\/\/truusk.store\/sv\/wp-json\/wp\/v2\/product_cat?post=15538"},{"taxonomy":"product_tag","embeddable":true,"href":"https:\/\/truusk.store\/sv\/wp-json\/wp\/v2\/product_tag?post=15538"}],"curies":[{"name":"wp","href":"https:\/\/api.w.org\/{rel}","templated":true}]}}