{"id":15569,"date":"2024-02-13T12:41:03","date_gmt":"2024-02-13T11:41:03","guid":{"rendered":"https:\/\/truusk.store\/product\/25-kg-hantel-skivstang-justerbar-ergonomisk-3-i-1-hantelset-12-tallrikar-2-korta-bitar-1-lang-pinne-gul-svart\/"},"modified":"2026-03-12T08:59:38","modified_gmt":"2026-03-12T07:59:38","slug":"truusk-justerbar-25-kg-hantel-skivstang-set-ergonomisk-design-3-i-1-funktion-12-tallrikar-2-korta-bitar-1-lang-pinne","status":"publish","type":"product","link":"https:\/\/truusk.store\/sv\/produkt\/truusk-justerbar-25-kg-hantel-skivstang-set-ergonomisk-design-3-i-1-funktion-12-tallrikar-2-korta-bitar-1-lang-pinne\/","title":{"rendered":"TRUUSK Justerbar 25 Kg Hantel &amp; Skivst\u00e5ng Set &#8211; Ergonomisk Design &#8211; 3-i-1 Funktion &#8211; 12 Tallrikar &#8211; 2 Korta Bitar &#8211; 1 L\u00e5ng Pinne"},"content":{"rendered":"<p>V\u00e5r 25 kg Hantel &amp; Skivst\u00e5ng \u00e4r en m\u00e5ngsidig produkt, den kan hj\u00e4lpa dig att bygga din kropp. Monteringen tar bara n\u00e5gra sekunder. V\u00e4xla snabbt mellan hantel- och skivst\u00e5ngs\u00f6vningar f\u00f6r att fokusera p\u00e5 muskelstyrka, uth\u00e5llighet eller kardiovaskul\u00e4r h\u00e4lsa. Den \u00e4r mycket motst\u00e5ndskraftig mot tryck och n\u00f6tning, materialet av j\u00e4rnsand och polypropen s\u00e4kerst\u00e4ller produktens livsl\u00e4ngd.<\/p>\n<h3>Beskrivning:<\/h3>\n<ul>\n<li>Monteringen tar bara sekunder<\/li>\n<li>Byt snabbt hantlar och skivst\u00e4nger<\/li>\n<li>J\u00e4rnsand och PP-plast<\/li>\n<li>H\u00f6gkvalitativt, mjukt handtag f\u00f6r bra grepp<\/li>\n<li>Motst\u00e5ndskraftig mot tryck och n\u00f6tning<\/li>\n<li>Idealisk f\u00f6r tr\u00e4ning<\/li>\n<li>Kan anv\u00e4ndas var som helst<\/li>\n<\/ul>\n<h3>Teknisk data:<\/h3>\n<ul>\n<li>Material: j\u00e4rn, polypropen, j\u00e4rnsand<\/li>\n<li>M\u00e5tt (2,5 kg vikt): 19,5 x B3,7 cm<\/li>\n<li>M\u00e5tt (2,0 kg vikt): 18,5 x B3,7 cm<\/li>\n<li>M\u00e5tt (1,5 kg vikt): 16,5 x B3,7 cm<\/li>\n<li>Skivst\u00e5ngshandtagsm\u00e5tt: 3,5 x L46,5 cm<\/li>\n<li>Hantelhandtagsm\u00e5tt: 4 x L40 cm<\/li>\n<li>F\u00e4rg: Gul+svart<\/li>\n<\/ul>\n<h3>Leveransens omfattning:<\/h3>\n<ul>\n<li>4 x 2,5 kg tallrikar<\/li>\n<li>4 x 2,0 kg tallrikar<\/li>\n<li>4 x 1,5 kg tallrikar<\/li>\n<li>2 x 0,35 kg korta bitar<\/li>\n<li>1 x 0,5 kg l\u00e5ng pinne<\/li>\n<li>4 x PP kl\u00e4mma<\/li>\n<\/ul>\n","protected":false},"excerpt":{"rendered":"<p>V\u00e5r 25 kg Hantel &amp; Skivst\u00e5ng \u00e4r en m\u00e5ngsidig produkt, den kan hj\u00e4lpa dig att bygga din kropp. Monteringen tar&#8230;<\/p>\n","protected":false},"featured_media":15570,"template":"","meta":[],"product_brand":[],"product_cat":[668,661,647],"product_tag":[],"class_list":{"0":"post-15569","1":"product","2":"type-product","3":"status-publish","4":"has-post-thumbnail","6":"product_cat-hantlar","7":"product_cat-kondition-styrketraning","8":"product_cat-sport-fritid","10":"first","11":"instock","12":"sale","13":"taxable","14":"shipping-taxable","15":"purchasable","16":"product-type-simple"},"yoast_head":"<!-- This site is optimized with the Yoast SEO plugin v25.4 - https:\/\/yoast.com\/wordpress\/plugins\/seo\/ -->\n<title>TRUUSK Justerbar 25 Kg Hantel &amp; Skivst\u00e5ng Set - Ergonomisk Design - 3-i-1 Funktion - 12 Tallrikar - 2 Korta Bitar - 1 L\u00e5ng Pinne - TRUUSK - Hem, Tr\u00e4dg\u00e5rd &amp; Fritid<\/title>\n<meta name=\"robots\" content=\"index, follow, max-snippet:-1, max-image-preview:large, max-video-preview:-1\" \/>\n<link rel=\"canonical\" href=\"https:\/\/truusk.store\/sv\/produkt\/truusk-justerbar-25-kg-hantel-skivstang-set-ergonomisk-design-3-i-1-funktion-12-tallrikar-2-korta-bitar-1-lang-pinne\/\" \/>\n<meta property=\"og:locale\" content=\"sv_SE\" \/>\n<meta property=\"og:type\" content=\"article\" \/>\n<meta property=\"og:title\" content=\"TRUUSK Justerbar 25 Kg Hantel &amp; Skivst\u00e5ng Set - Ergonomisk Design - 3-i-1 Funktion - 12 Tallrikar - 2 Korta Bitar - 1 L\u00e5ng Pinne - TRUUSK - Hem, Tr\u00e4dg\u00e5rd &amp; Fritid\" \/>\n<meta property=\"og:description\" content=\"V\u00e5r 25 kg Hantel &amp; Skivst\u00e5ng \u00e4r en m\u00e5ngsidig produkt, den kan hj\u00e4lpa dig att bygga din kropp. Monteringen tar...\" \/>\n<meta property=\"og:url\" content=\"https:\/\/truusk.store\/sv\/produkt\/truusk-justerbar-25-kg-hantel-skivstang-set-ergonomisk-design-3-i-1-funktion-12-tallrikar-2-korta-bitar-1-lang-pinne\/\" \/>\n<meta property=\"og:site_name\" content=\"TRUUSK - Hem, Tr\u00e4dg\u00e5rd &amp; Fritid\" \/>\n<meta property=\"article:modified_time\" content=\"2026-03-12T07:59:38+00:00\" \/>\n<meta property=\"og:image\" content=\"https:\/\/i0.wp.com\/truusk.se\/wp-content\/uploads\/2024\/02\/25-kg-hantel-skivstang-justerbar-ergonomisk-3-i-1-hantelset-12-tallrikar-2-korta-bitar-1-lang-pinne-gul-svart.webp?fit=800%2C800&ssl=1\" \/>\n\t<meta property=\"og:image:width\" content=\"800\" \/>\n\t<meta property=\"og:image:height\" content=\"800\" \/>\n\t<meta property=\"og:image:type\" content=\"image\/webp\" \/>\n<meta name=\"twitter:card\" content=\"summary_large_image\" \/>\n<meta name=\"twitter:label1\" content=\"Ber\u00e4knad l\u00e4stid\" \/>\n\t<meta name=\"twitter:data1\" content=\"1 minut\" \/>\n<!-- \/ Yoast SEO plugin. -->","yoast_head_json":{"title":"TRUUSK Justerbar 25 Kg Hantel &amp; Skivst\u00e5ng Set - Ergonomisk Design - 3-i-1 Funktion - 12 Tallrikar - 2 Korta Bitar - 1 L\u00e5ng Pinne - TRUUSK - Hem, Tr\u00e4dg\u00e5rd &amp; Fritid","robots":{"index":"index","follow":"follow","max-snippet":"max-snippet:-1","max-image-preview":"max-image-preview:large","max-video-preview":"max-video-preview:-1"},"canonical":"https:\/\/truusk.store\/sv\/produkt\/truusk-justerbar-25-kg-hantel-skivstang-set-ergonomisk-design-3-i-1-funktion-12-tallrikar-2-korta-bitar-1-lang-pinne\/","og_locale":"sv_SE","og_type":"article","og_title":"TRUUSK Justerbar 25 Kg Hantel &amp; Skivst\u00e5ng Set - Ergonomisk Design - 3-i-1 Funktion - 12 Tallrikar - 2 Korta Bitar - 1 L\u00e5ng Pinne - TRUUSK - Hem, Tr\u00e4dg\u00e5rd &amp; Fritid","og_description":"V\u00e5r 25 kg Hantel &amp; Skivst\u00e5ng \u00e4r en m\u00e5ngsidig produkt, den kan hj\u00e4lpa dig att bygga din kropp. Monteringen tar...","og_url":"https:\/\/truusk.store\/sv\/produkt\/truusk-justerbar-25-kg-hantel-skivstang-set-ergonomisk-design-3-i-1-funktion-12-tallrikar-2-korta-bitar-1-lang-pinne\/","og_site_name":"TRUUSK - Hem, Tr\u00e4dg\u00e5rd &amp; Fritid","article_modified_time":"2026-03-12T07:59:38+00:00","og_image":[{"width":800,"height":800,"url":"https:\/\/i0.wp.com\/truusk.se\/wp-content\/uploads\/2024\/02\/25-kg-hantel-skivstang-justerbar-ergonomisk-3-i-1-hantelset-12-tallrikar-2-korta-bitar-1-lang-pinne-gul-svart.webp?fit=800%2C800&ssl=1","type":"image\/webp"}],"twitter_card":"summary_large_image","twitter_misc":{"Ber\u00e4knad l\u00e4stid":"1 minut"},"schema":{"@context":"https:\/\/schema.org","@graph":[{"@type":"WebPage","@id":"https:\/\/truusk.store\/sv\/produkt\/truusk-justerbar-25-kg-hantel-skivstang-set-ergonomisk-design-3-i-1-funktion-12-tallrikar-2-korta-bitar-1-lang-pinne\/","url":"https:\/\/truusk.store\/sv\/produkt\/truusk-justerbar-25-kg-hantel-skivstang-set-ergonomisk-design-3-i-1-funktion-12-tallrikar-2-korta-bitar-1-lang-pinne\/","name":"TRUUSK Justerbar 25 Kg Hantel &amp; Skivst\u00e5ng Set - Ergonomisk Design - 3-i-1 Funktion - 12 Tallrikar - 2 Korta Bitar - 1 L\u00e5ng Pinne - TRUUSK - Hem, Tr\u00e4dg\u00e5rd &amp; Fritid","isPartOf":{"@id":"https:\/\/truusk.store\/sv\/#website"},"primaryImageOfPage":{"@id":"https:\/\/truusk.store\/sv\/produkt\/truusk-justerbar-25-kg-hantel-skivstang-set-ergonomisk-design-3-i-1-funktion-12-tallrikar-2-korta-bitar-1-lang-pinne\/#primaryimage"},"image":{"@id":"https:\/\/truusk.store\/sv\/produkt\/truusk-justerbar-25-kg-hantel-skivstang-set-ergonomisk-design-3-i-1-funktion-12-tallrikar-2-korta-bitar-1-lang-pinne\/#primaryimage"},"thumbnailUrl":"https:\/\/i0.wp.com\/truusk.store\/wp-content\/uploads\/2024\/02\/25-kg-hantel-skivstang-justerbar-ergonomisk-3-i-1-hantelset-12-tallrikar-2-korta-bitar-1-lang-pinne-gul-svart.webp?fit=800%2C800&ssl=1","datePublished":"2024-02-13T11:41:03+00:00","dateModified":"2026-03-12T07:59:38+00:00","breadcrumb":{"@id":"https:\/\/truusk.store\/sv\/produkt\/truusk-justerbar-25-kg-hantel-skivstang-set-ergonomisk-design-3-i-1-funktion-12-tallrikar-2-korta-bitar-1-lang-pinne\/#breadcrumb"},"inLanguage":"sv-SE","potentialAction":[{"@type":"ReadAction","target":["https:\/\/truusk.store\/sv\/produkt\/truusk-justerbar-25-kg-hantel-skivstang-set-ergonomisk-design-3-i-1-funktion-12-tallrikar-2-korta-bitar-1-lang-pinne\/"]}]},{"@type":"ImageObject","inLanguage":"sv-SE","@id":"https:\/\/truusk.store\/sv\/produkt\/truusk-justerbar-25-kg-hantel-skivstang-set-ergonomisk-design-3-i-1-funktion-12-tallrikar-2-korta-bitar-1-lang-pinne\/#primaryimage","url":"https:\/\/i0.wp.com\/truusk.store\/wp-content\/uploads\/2024\/02\/25-kg-hantel-skivstang-justerbar-ergonomisk-3-i-1-hantelset-12-tallrikar-2-korta-bitar-1-lang-pinne-gul-svart.webp?fit=800%2C800&ssl=1","contentUrl":"https:\/\/i0.wp.com\/truusk.store\/wp-content\/uploads\/2024\/02\/25-kg-hantel-skivstang-justerbar-ergonomisk-3-i-1-hantelset-12-tallrikar-2-korta-bitar-1-lang-pinne-gul-svart.webp?fit=800%2C800&ssl=1","width":800,"height":800,"caption":"25 Kg Hantel & Skivst\u00e5ng, Justerbar Ergonomisk 3-i-1 Hantelset, 12 Tallrikar, 2 Korta Bitar, 1 L\u00e5ng Pinne, Gul + Svart 1"},{"@type":"BreadcrumbList","@id":"https:\/\/truusk.store\/sv\/produkt\/truusk-justerbar-25-kg-hantel-skivstang-set-ergonomisk-design-3-i-1-funktion-12-tallrikar-2-korta-bitar-1-lang-pinne\/#breadcrumb","itemListElement":[{"@type":"ListItem","position":1,"name":"Home","item":"https:\/\/truusk.store\/sv\/"},{"@type":"ListItem","position":2,"name":"Shop","item":"https:\/\/truusk.store\/shop\/"},{"@type":"ListItem","position":3,"name":"TRUUSK Justerbar 25 Kg Hantel &amp; Skivst\u00e5ng Set &#8211; Ergonomisk Design &#8211; 3-i-1 Funktion &#8211; 12 Tallrikar &#8211; 2 Korta Bitar &#8211; 1 L\u00e5ng Pinne"}]},{"@type":"WebSite","@id":"https:\/\/truusk.store\/sv\/#website","url":"https:\/\/truusk.store\/sv\/","name":"TRUUSK - Hem, Tr\u00e4dg\u00e5rd & Fritid","description":"","publisher":{"@id":"https:\/\/truusk.store\/sv\/#organization"},"potentialAction":[{"@type":"SearchAction","target":{"@type":"EntryPoint","urlTemplate":"https:\/\/truusk.store\/sv\/?s={search_term_string}"},"query-input":{"@type":"PropertyValueSpecification","valueRequired":true,"valueName":"search_term_string"}}],"inLanguage":"sv-SE"},{"@type":"Organization","@id":"https:\/\/truusk.store\/sv\/#organization","name":"TRUUSK - Hem, Tr\u00e4dg\u00e5rd & Fritid","url":"https:\/\/truusk.store\/sv\/","logo":{"@type":"ImageObject","inLanguage":"sv-SE","@id":"https:\/\/truusk.store\/sv\/#\/schema\/logo\/image\/","url":"https:\/\/i0.wp.com\/truusk.store\/wp-content\/uploads\/2026\/03\/cropped-TRUUSK.png?fit=2032%2C917&ssl=1","contentUrl":"https:\/\/i0.wp.com\/truusk.store\/wp-content\/uploads\/2026\/03\/cropped-TRUUSK.png?fit=2032%2C917&ssl=1","width":2032,"height":917,"caption":"TRUUSK - Hem, Tr\u00e4dg\u00e5rd & Fritid"},"image":{"@id":"https:\/\/truusk.store\/sv\/#\/schema\/logo\/image\/"}}]}},"jetpack_sharing_enabled":true,"_links":{"self":[{"href":"https:\/\/truusk.store\/sv\/wp-json\/wp\/v2\/product\/15569","targetHints":{"allow":["GET"]}}],"collection":[{"href":"https:\/\/truusk.store\/sv\/wp-json\/wp\/v2\/product"}],"about":[{"href":"https:\/\/truusk.store\/sv\/wp-json\/wp\/v2\/types\/product"}],"wp:featuredmedia":[{"embeddable":true,"href":"https:\/\/truusk.store\/sv\/wp-json\/wp\/v2\/media\/15570"}],"wp:attachment":[{"href":"https:\/\/truusk.store\/sv\/wp-json\/wp\/v2\/media?parent=15569"}],"wp:term":[{"taxonomy":"product_brand","embeddable":true,"href":"https:\/\/truusk.store\/sv\/wp-json\/wp\/v2\/product_brand?post=15569"},{"taxonomy":"product_cat","embeddable":true,"href":"https:\/\/truusk.store\/sv\/wp-json\/wp\/v2\/product_cat?post=15569"},{"taxonomy":"product_tag","embeddable":true,"href":"https:\/\/truusk.store\/sv\/wp-json\/wp\/v2\/product_tag?post=15569"}],"curies":[{"name":"wp","href":"https:\/\/api.w.org\/{rel}","templated":true}]}}