{"id":15591,"date":"2024-02-13T12:41:41","date_gmt":"2024-02-13T11:41:41","guid":{"rendered":"https:\/\/truusk.store\/product\/folie-vaxthusfolie-vaxthus-vaxthus-tidig-badd-vaxthus-tomathus-sadeltak-595-300w-200h-cm\/"},"modified":"2026-03-12T08:59:38","modified_gmt":"2026-03-12T07:59:38","slug":"truusk-vaxthusfolie-tidigt-vaxthus-med-sadeltak-595x300x200-cm-tomathus-300w-forvarmning-lattmonterat","status":"publish","type":"product","link":"https:\/\/truusk.store\/sv\/produkt\/truusk-vaxthusfolie-tidigt-vaxthus-med-sadeltak-595x300x200-cm-tomathus-300w-forvarmning-lattmonterat\/","title":{"rendered":"TRUUSK V\u00e4xthusfolie &#8211; Tidigt V\u00e4xthus med Sadeltak &#8211; 595x300x200 cm &#8211; Tomathus &#8211; 300W &#8211; F\u00f6rv\u00e4rmning &#8211; L\u00e4ttmonterat"},"content":{"rendered":"<p>Du kan snabbt och enkelt s\u00e4tta upp v\u00e5rt stabila foliev\u00e4xthus vid behov och demontera det igen efter odling. Dina v\u00e4xter \u00e4r optimalt skyddade fr\u00e5n kyla, regn, frost, vind och intensivt solljus.<\/p>\n<h3>Beskrivning:<\/h3>\n<ul>\n<li>Optimal h\u00f6jd f\u00f6r n\u00e4stan alla vanliga gr\u00f6nsaker och frukter<\/li>\n<li>Idealisk f\u00f6r s\u00e5dd, odling och odling<\/li>\n<li>H\u00f6g kvalitet<\/li>\n<li>Mycket stabil ram av pulverlackerade metallr\u00f6r<\/li>\n<li>Film gjord av det mest mogna, UV-best\u00e4ndiga PE-materialet (polyeten 140 g\/m)<\/li>\n<li>Filmen \u00e4r t\u00e5lig, h\u00e5llbar och frosts\u00e4ker, vilket f\u00f6rhindrar att dina v\u00e4xter fryser<\/li>\n<li>Stor entr\u00e9: rulld\u00f6rr med dragkedja<\/li>\n<li>Sidof\u00f6nster med myggn\u00e4t s\u00e4kerst\u00e4ller tillr\u00e4cklig ventilation<\/li>\n<li>Reng\u00f6r snabbt och utan anstr\u00e4ngning<\/li>\n<li>Obs: Ta bort skyddet vid kraftig sn\u00f6, regn eller bl\u00e5st.<\/li>\n<\/ul>\n<h3>Teknisk data:<\/h3>\n<ul>\n<li>Material: j\u00e4rnr\u00f6r, PE<\/li>\n<li>M\u00e5tt: 595L 300W 200H cm<\/li>\n<li>Takform: gavel<\/li>\n<li>R\u00f6rformad ram: 18mm<\/li>\n<li>PE: 140g\/m<\/li>\n<li>F\u00e4rg: Gr\u00f6n (transparent)<\/li>\n<\/ul>\n<h3>Leveransens omfattning:<\/h3>\n<ul>\n<li>1 x foliev\u00e4xthus;<\/li>\n<\/ul>\n","protected":false},"excerpt":{"rendered":"<p>Du kan snabbt och enkelt s\u00e4tta upp v\u00e5rt stabila foliev\u00e4xthus vid behov och demontera det igen efter odling. Dina v\u00e4xter&#8230;<\/p>\n","protected":false},"featured_media":15592,"template":"","meta":[],"product_brand":[],"product_cat":[444,435,443],"product_tag":[],"class_list":{"0":"post-15591","1":"product","2":"type-product","3":"status-publish","4":"has-post-thumbnail","6":"product_cat-filma-vaxthus","7":"product_cat-tradgard-och-terrass","8":"product_cat-vaxthus-tradgardsskotsel","10":"first","11":"instock","12":"sale","13":"taxable","14":"shipping-taxable","15":"purchasable","16":"product-type-simple"},"yoast_head":"<!-- This site is optimized with the Yoast SEO plugin v25.4 - https:\/\/yoast.com\/wordpress\/plugins\/seo\/ -->\n<title>TRUUSK V\u00e4xthusfolie - Tidigt V\u00e4xthus med Sadeltak - 595x300x200 cm - Tomathus - 300W - F\u00f6rv\u00e4rmning - L\u00e4ttmonterat - TRUUSK - Hem, Tr\u00e4dg\u00e5rd &amp; Fritid<\/title>\n<meta name=\"robots\" content=\"index, follow, max-snippet:-1, max-image-preview:large, max-video-preview:-1\" \/>\n<link rel=\"canonical\" href=\"https:\/\/truusk.store\/sv\/produkt\/truusk-vaxthusfolie-tidigt-vaxthus-med-sadeltak-595x300x200-cm-tomathus-300w-forvarmning-lattmonterat\/\" \/>\n<meta property=\"og:locale\" content=\"sv_SE\" \/>\n<meta property=\"og:type\" content=\"article\" \/>\n<meta property=\"og:title\" content=\"TRUUSK V\u00e4xthusfolie - Tidigt V\u00e4xthus med Sadeltak - 595x300x200 cm - Tomathus - 300W - F\u00f6rv\u00e4rmning - L\u00e4ttmonterat - TRUUSK - Hem, Tr\u00e4dg\u00e5rd &amp; Fritid\" \/>\n<meta property=\"og:description\" content=\"Du kan snabbt och enkelt s\u00e4tta upp v\u00e5rt stabila foliev\u00e4xthus vid behov och demontera det igen efter odling. Dina v\u00e4xter...\" \/>\n<meta property=\"og:url\" content=\"https:\/\/truusk.store\/sv\/produkt\/truusk-vaxthusfolie-tidigt-vaxthus-med-sadeltak-595x300x200-cm-tomathus-300w-forvarmning-lattmonterat\/\" \/>\n<meta property=\"og:site_name\" content=\"TRUUSK - Hem, Tr\u00e4dg\u00e5rd &amp; Fritid\" \/>\n<meta property=\"article:modified_time\" content=\"2026-03-12T07:59:38+00:00\" \/>\n<meta property=\"og:image\" content=\"https:\/\/i0.wp.com\/truusk.se\/wp-content\/uploads\/2024\/02\/folie-vaxthusfolie-vaxthus-vaxthus-tidig-badd-vaxthus-tomathus-sadeltak-595-300w-200h-cm.webp?fit=800%2C800&ssl=1\" \/>\n\t<meta property=\"og:image:width\" content=\"800\" \/>\n\t<meta property=\"og:image:height\" content=\"800\" \/>\n\t<meta property=\"og:image:type\" content=\"image\/webp\" \/>\n<meta name=\"twitter:card\" content=\"summary_large_image\" \/>\n<meta name=\"twitter:label1\" content=\"Ber\u00e4knad l\u00e4stid\" \/>\n\t<meta name=\"twitter:data1\" content=\"1 minut\" \/>\n<!-- \/ Yoast SEO plugin. -->","yoast_head_json":{"title":"TRUUSK V\u00e4xthusfolie - Tidigt V\u00e4xthus med Sadeltak - 595x300x200 cm - Tomathus - 300W - F\u00f6rv\u00e4rmning - L\u00e4ttmonterat - TRUUSK - Hem, Tr\u00e4dg\u00e5rd &amp; Fritid","robots":{"index":"index","follow":"follow","max-snippet":"max-snippet:-1","max-image-preview":"max-image-preview:large","max-video-preview":"max-video-preview:-1"},"canonical":"https:\/\/truusk.store\/sv\/produkt\/truusk-vaxthusfolie-tidigt-vaxthus-med-sadeltak-595x300x200-cm-tomathus-300w-forvarmning-lattmonterat\/","og_locale":"sv_SE","og_type":"article","og_title":"TRUUSK V\u00e4xthusfolie - Tidigt V\u00e4xthus med Sadeltak - 595x300x200 cm - Tomathus - 300W - F\u00f6rv\u00e4rmning - L\u00e4ttmonterat - TRUUSK - Hem, Tr\u00e4dg\u00e5rd &amp; Fritid","og_description":"Du kan snabbt och enkelt s\u00e4tta upp v\u00e5rt stabila foliev\u00e4xthus vid behov och demontera det igen efter odling. Dina v\u00e4xter...","og_url":"https:\/\/truusk.store\/sv\/produkt\/truusk-vaxthusfolie-tidigt-vaxthus-med-sadeltak-595x300x200-cm-tomathus-300w-forvarmning-lattmonterat\/","og_site_name":"TRUUSK - Hem, Tr\u00e4dg\u00e5rd &amp; Fritid","article_modified_time":"2026-03-12T07:59:38+00:00","og_image":[{"width":800,"height":800,"url":"https:\/\/i0.wp.com\/truusk.se\/wp-content\/uploads\/2024\/02\/folie-vaxthusfolie-vaxthus-vaxthus-tidig-badd-vaxthus-tomathus-sadeltak-595-300w-200h-cm.webp?fit=800%2C800&ssl=1","type":"image\/webp"}],"twitter_card":"summary_large_image","twitter_misc":{"Ber\u00e4knad l\u00e4stid":"1 minut"},"schema":{"@context":"https:\/\/schema.org","@graph":[{"@type":"WebPage","@id":"https:\/\/truusk.store\/sv\/produkt\/truusk-vaxthusfolie-tidigt-vaxthus-med-sadeltak-595x300x200-cm-tomathus-300w-forvarmning-lattmonterat\/","url":"https:\/\/truusk.store\/sv\/produkt\/truusk-vaxthusfolie-tidigt-vaxthus-med-sadeltak-595x300x200-cm-tomathus-300w-forvarmning-lattmonterat\/","name":"TRUUSK V\u00e4xthusfolie - Tidigt V\u00e4xthus med Sadeltak - 595x300x200 cm - Tomathus - 300W - F\u00f6rv\u00e4rmning - L\u00e4ttmonterat - TRUUSK - Hem, Tr\u00e4dg\u00e5rd &amp; Fritid","isPartOf":{"@id":"https:\/\/truusk.store\/sv\/#website"},"primaryImageOfPage":{"@id":"https:\/\/truusk.store\/sv\/produkt\/truusk-vaxthusfolie-tidigt-vaxthus-med-sadeltak-595x300x200-cm-tomathus-300w-forvarmning-lattmonterat\/#primaryimage"},"image":{"@id":"https:\/\/truusk.store\/sv\/produkt\/truusk-vaxthusfolie-tidigt-vaxthus-med-sadeltak-595x300x200-cm-tomathus-300w-forvarmning-lattmonterat\/#primaryimage"},"thumbnailUrl":"https:\/\/i0.wp.com\/truusk.store\/wp-content\/uploads\/2024\/02\/folie-vaxthusfolie-vaxthus-vaxthus-tidig-badd-vaxthus-tomathus-sadeltak-595-300w-200h-cm.webp?fit=800%2C800&ssl=1","datePublished":"2024-02-13T11:41:41+00:00","dateModified":"2026-03-12T07:59:38+00:00","breadcrumb":{"@id":"https:\/\/truusk.store\/sv\/produkt\/truusk-vaxthusfolie-tidigt-vaxthus-med-sadeltak-595x300x200-cm-tomathus-300w-forvarmning-lattmonterat\/#breadcrumb"},"inLanguage":"sv-SE","potentialAction":[{"@type":"ReadAction","target":["https:\/\/truusk.store\/sv\/produkt\/truusk-vaxthusfolie-tidigt-vaxthus-med-sadeltak-595x300x200-cm-tomathus-300w-forvarmning-lattmonterat\/"]}]},{"@type":"ImageObject","inLanguage":"sv-SE","@id":"https:\/\/truusk.store\/sv\/produkt\/truusk-vaxthusfolie-tidigt-vaxthus-med-sadeltak-595x300x200-cm-tomathus-300w-forvarmning-lattmonterat\/#primaryimage","url":"https:\/\/i0.wp.com\/truusk.store\/wp-content\/uploads\/2024\/02\/folie-vaxthusfolie-vaxthus-vaxthus-tidig-badd-vaxthus-tomathus-sadeltak-595-300w-200h-cm.webp?fit=800%2C800&ssl=1","contentUrl":"https:\/\/i0.wp.com\/truusk.store\/wp-content\/uploads\/2024\/02\/folie-vaxthusfolie-vaxthus-vaxthus-tidig-badd-vaxthus-tomathus-sadeltak-595-300w-200h-cm.webp?fit=800%2C800&ssl=1","width":800,"height":800,"caption":"Folie V\u00e4xthusfolie V\u00e4xthus V\u00e4xthus Tidig B\u00e4dd V\u00e4xthus Tomathus Sadeltak 595 300W 200H Cm 1"},{"@type":"BreadcrumbList","@id":"https:\/\/truusk.store\/sv\/produkt\/truusk-vaxthusfolie-tidigt-vaxthus-med-sadeltak-595x300x200-cm-tomathus-300w-forvarmning-lattmonterat\/#breadcrumb","itemListElement":[{"@type":"ListItem","position":1,"name":"Home","item":"https:\/\/truusk.store\/sv\/"},{"@type":"ListItem","position":2,"name":"Shop","item":"https:\/\/truusk.store\/shop\/"},{"@type":"ListItem","position":3,"name":"TRUUSK V\u00e4xthusfolie &#8211; Tidigt V\u00e4xthus med Sadeltak &#8211; 595x300x200 cm &#8211; Tomathus &#8211; 300W &#8211; F\u00f6rv\u00e4rmning &#8211; L\u00e4ttmonterat"}]},{"@type":"WebSite","@id":"https:\/\/truusk.store\/sv\/#website","url":"https:\/\/truusk.store\/sv\/","name":"TRUUSK - Hem, Tr\u00e4dg\u00e5rd & Fritid","description":"","publisher":{"@id":"https:\/\/truusk.store\/sv\/#organization"},"potentialAction":[{"@type":"SearchAction","target":{"@type":"EntryPoint","urlTemplate":"https:\/\/truusk.store\/sv\/?s={search_term_string}"},"query-input":{"@type":"PropertyValueSpecification","valueRequired":true,"valueName":"search_term_string"}}],"inLanguage":"sv-SE"},{"@type":"Organization","@id":"https:\/\/truusk.store\/sv\/#organization","name":"TRUUSK - Hem, Tr\u00e4dg\u00e5rd & Fritid","url":"https:\/\/truusk.store\/sv\/","logo":{"@type":"ImageObject","inLanguage":"sv-SE","@id":"https:\/\/truusk.store\/sv\/#\/schema\/logo\/image\/","url":"https:\/\/i0.wp.com\/truusk.store\/wp-content\/uploads\/2026\/03\/cropped-TRUUSK.png?fit=2032%2C917&ssl=1","contentUrl":"https:\/\/i0.wp.com\/truusk.store\/wp-content\/uploads\/2026\/03\/cropped-TRUUSK.png?fit=2032%2C917&ssl=1","width":2032,"height":917,"caption":"TRUUSK - Hem, Tr\u00e4dg\u00e5rd & Fritid"},"image":{"@id":"https:\/\/truusk.store\/sv\/#\/schema\/logo\/image\/"}}]}},"jetpack_sharing_enabled":true,"_links":{"self":[{"href":"https:\/\/truusk.store\/sv\/wp-json\/wp\/v2\/product\/15591","targetHints":{"allow":["GET"]}}],"collection":[{"href":"https:\/\/truusk.store\/sv\/wp-json\/wp\/v2\/product"}],"about":[{"href":"https:\/\/truusk.store\/sv\/wp-json\/wp\/v2\/types\/product"}],"wp:featuredmedia":[{"embeddable":true,"href":"https:\/\/truusk.store\/sv\/wp-json\/wp\/v2\/media\/15592"}],"wp:attachment":[{"href":"https:\/\/truusk.store\/sv\/wp-json\/wp\/v2\/media?parent=15591"}],"wp:term":[{"taxonomy":"product_brand","embeddable":true,"href":"https:\/\/truusk.store\/sv\/wp-json\/wp\/v2\/product_brand?post=15591"},{"taxonomy":"product_cat","embeddable":true,"href":"https:\/\/truusk.store\/sv\/wp-json\/wp\/v2\/product_cat?post=15591"},{"taxonomy":"product_tag","embeddable":true,"href":"https:\/\/truusk.store\/sv\/wp-json\/wp\/v2\/product_tag?post=15591"}],"curies":[{"name":"wp","href":"https:\/\/api.w.org\/{rel}","templated":true}]}}