{"id":15601,"date":"2024-02-13T12:41:56","date_gmt":"2024-02-13T11:41:56","guid":{"rendered":"https:\/\/truusk.store\/product\/badkarshylla-badkarsbrygga-badkarsstod-badkarsbricka-badkarshylla-bambu-natur-70-105-x-218-x-5-cm\/"},"modified":"2026-03-12T08:59:39","modified_gmt":"2026-03-12T07:59:39","slug":"truusk-badkarshylla-badkarsbrygga-badkarsstod-badkarsbricka-bambu-natur-justerbar-70-105-x-218-x-5-cm","status":"publish","type":"product","link":"https:\/\/truusk.store\/sv\/produkt\/truusk-badkarshylla-badkarsbrygga-badkarsstod-badkarsbricka-bambu-natur-justerbar-70-105-x-218-x-5-cm\/","title":{"rendered":"TRUUSK Badkarshylla &#8211; Badkarsbrygga &#8211; Badkarsst\u00f6d &#8211; Badkarsbricka &#8211; Bambu &#8211; Natur &#8211; Justerbar (70-105) x 21,8 x 5 cm"},"content":{"rendered":"<p>Koppla av f\u00f6r fullt i ditt badkar och anv\u00e4nd v\u00e5r badkarshylla, d\u00e4r du inte bara kan placera ett glas, utan \u00e4ven en bok eller tidning. Badkaret \u00e4r tillverkat av bambu som \u00e4r glaserat och d\u00e4rf\u00f6r vattenavvisande och s\u00e4rskilt l\u00e4ttsk\u00f6tt. Tack vare den justerbara l\u00e4ngden mellan 70105 cm passar denna badhylla n\u00e4stan alla badkar.<\/p>\n<h3>Beskrivning:<\/h3>\n<ul>\n<li>Badkarshylla av stark bambu<\/li>\n<li>Hyllans yta \u00e4r glaserad, vattenavvisande och l\u00e4tt att reng\u00f6ra<\/li>\n<li>L\u00e4ngden \u00e4r stegl\u00f6st justerbar mellan 75-105cm, passar de flesta badkar<\/li>\n<li>Vikbart bokst\u00f6d \u00e4r tillverkat av rostfritt st\u00e5l, rostfritt och stabilt<\/li>\n<li>Med vinglash\u00e5llare och muggh\u00e5llare<\/li>\n<li>Med ett avtagbart f\u00f6rvaringsfack<\/li>\n<\/ul>\n<h3>Teknisk data:<\/h3>\n<ul>\n<li>Material: bambu, rostfritt st\u00e5l<\/li>\n<li>F\u00e4rg: Naturlig<\/li>\n<li>Totala m\u00e5tt (utan f\u00f6rvaringsfack): L(70-105) x B21,8 x D5 cm<\/li>\n<li>F\u00f6rvaringsfacks m\u00e5tt: L20,8 x B10 x H4,5 cm<\/li>\n<li>Vikt: ca 1,45 kg<\/li>\n<li>Max lastkapacitet: 3,5 kg<\/li>\n<\/ul>\n<h3>Leveransens omfattning:<\/h3>\n<ul>\n<li>1 x Badkarshylla<\/li>\n<li>1 x f\u00f6rvaringsfack<\/li>\n<\/ul>\n","protected":false},"excerpt":{"rendered":"<p>Koppla av f\u00f6r fullt i ditt badkar och anv\u00e4nd v\u00e5r badkarshylla, d\u00e4r du inte bara kan placera ett glas, utan&#8230;<\/p>\n","protected":false},"featured_media":15602,"template":"","meta":[],"product_brand":[],"product_cat":[549,485,547],"product_tag":[],"class_list":{"0":"post-15601","1":"product","2":"type-product","3":"status-publish","4":"has-post-thumbnail","6":"product_cat-badrumshyllor","7":"product_cat-hus-bo","8":"product_cat-hyllor","10":"first","11":"instock","12":"sale","13":"taxable","14":"shipping-taxable","15":"purchasable","16":"product-type-simple"},"yoast_head":"<!-- This site is optimized with the Yoast SEO plugin v25.4 - https:\/\/yoast.com\/wordpress\/plugins\/seo\/ -->\n<title>TRUUSK Badkarshylla - Badkarsbrygga - Badkarsst\u00f6d - Badkarsbricka - Bambu - Natur - Justerbar (70-105) x 21,8 x 5 cm - TRUUSK - Hem, Tr\u00e4dg\u00e5rd &amp; Fritid<\/title>\n<meta name=\"robots\" content=\"index, follow, max-snippet:-1, max-image-preview:large, max-video-preview:-1\" \/>\n<link rel=\"canonical\" href=\"https:\/\/truusk.store\/sv\/produkt\/truusk-badkarshylla-badkarsbrygga-badkarsstod-badkarsbricka-bambu-natur-justerbar-70-105-x-218-x-5-cm\/\" \/>\n<meta property=\"og:locale\" content=\"sv_SE\" \/>\n<meta property=\"og:type\" content=\"article\" \/>\n<meta property=\"og:title\" content=\"TRUUSK Badkarshylla - Badkarsbrygga - Badkarsst\u00f6d - Badkarsbricka - Bambu - Natur - Justerbar (70-105) x 21,8 x 5 cm - TRUUSK - Hem, Tr\u00e4dg\u00e5rd &amp; Fritid\" \/>\n<meta property=\"og:description\" content=\"Koppla av f\u00f6r fullt i ditt badkar och anv\u00e4nd v\u00e5r badkarshylla, d\u00e4r du inte bara kan placera ett glas, utan...\" \/>\n<meta property=\"og:url\" content=\"https:\/\/truusk.store\/sv\/produkt\/truusk-badkarshylla-badkarsbrygga-badkarsstod-badkarsbricka-bambu-natur-justerbar-70-105-x-218-x-5-cm\/\" \/>\n<meta property=\"og:site_name\" content=\"TRUUSK - Hem, Tr\u00e4dg\u00e5rd &amp; Fritid\" \/>\n<meta property=\"article:modified_time\" content=\"2026-03-12T07:59:39+00:00\" \/>\n<meta property=\"og:image\" content=\"https:\/\/i0.wp.com\/truusk.se\/wp-content\/uploads\/2024\/02\/badkarshylla-badkarsbrygga-badkarsstod-badkarsbricka-badkarshylla-bambu-natur-70-105-x-218-x-5-cm.webp?fit=800%2C800&ssl=1\" \/>\n\t<meta property=\"og:image:width\" content=\"800\" \/>\n\t<meta property=\"og:image:height\" content=\"800\" \/>\n\t<meta property=\"og:image:type\" content=\"image\/webp\" \/>\n<meta name=\"twitter:card\" content=\"summary_large_image\" \/>\n<meta name=\"twitter:label1\" content=\"Ber\u00e4knad l\u00e4stid\" \/>\n\t<meta name=\"twitter:data1\" content=\"1 minut\" \/>\n<!-- \/ Yoast SEO plugin. -->","yoast_head_json":{"title":"TRUUSK Badkarshylla - Badkarsbrygga - Badkarsst\u00f6d - Badkarsbricka - Bambu - Natur - Justerbar (70-105) x 21,8 x 5 cm - TRUUSK - Hem, Tr\u00e4dg\u00e5rd &amp; Fritid","robots":{"index":"index","follow":"follow","max-snippet":"max-snippet:-1","max-image-preview":"max-image-preview:large","max-video-preview":"max-video-preview:-1"},"canonical":"https:\/\/truusk.store\/sv\/produkt\/truusk-badkarshylla-badkarsbrygga-badkarsstod-badkarsbricka-bambu-natur-justerbar-70-105-x-218-x-5-cm\/","og_locale":"sv_SE","og_type":"article","og_title":"TRUUSK Badkarshylla - Badkarsbrygga - Badkarsst\u00f6d - Badkarsbricka - Bambu - Natur - Justerbar (70-105) x 21,8 x 5 cm - TRUUSK - Hem, Tr\u00e4dg\u00e5rd &amp; Fritid","og_description":"Koppla av f\u00f6r fullt i ditt badkar och anv\u00e4nd v\u00e5r badkarshylla, d\u00e4r du inte bara kan placera ett glas, utan...","og_url":"https:\/\/truusk.store\/sv\/produkt\/truusk-badkarshylla-badkarsbrygga-badkarsstod-badkarsbricka-bambu-natur-justerbar-70-105-x-218-x-5-cm\/","og_site_name":"TRUUSK - Hem, Tr\u00e4dg\u00e5rd &amp; Fritid","article_modified_time":"2026-03-12T07:59:39+00:00","og_image":[{"width":800,"height":800,"url":"https:\/\/i0.wp.com\/truusk.se\/wp-content\/uploads\/2024\/02\/badkarshylla-badkarsbrygga-badkarsstod-badkarsbricka-badkarshylla-bambu-natur-70-105-x-218-x-5-cm.webp?fit=800%2C800&ssl=1","type":"image\/webp"}],"twitter_card":"summary_large_image","twitter_misc":{"Ber\u00e4knad l\u00e4stid":"1 minut"},"schema":{"@context":"https:\/\/schema.org","@graph":[{"@type":"WebPage","@id":"https:\/\/truusk.store\/sv\/produkt\/truusk-badkarshylla-badkarsbrygga-badkarsstod-badkarsbricka-bambu-natur-justerbar-70-105-x-218-x-5-cm\/","url":"https:\/\/truusk.store\/sv\/produkt\/truusk-badkarshylla-badkarsbrygga-badkarsstod-badkarsbricka-bambu-natur-justerbar-70-105-x-218-x-5-cm\/","name":"TRUUSK Badkarshylla - Badkarsbrygga - Badkarsst\u00f6d - Badkarsbricka - Bambu - Natur - Justerbar (70-105) x 21,8 x 5 cm - TRUUSK - Hem, Tr\u00e4dg\u00e5rd &amp; Fritid","isPartOf":{"@id":"https:\/\/truusk.store\/sv\/#website"},"primaryImageOfPage":{"@id":"https:\/\/truusk.store\/sv\/produkt\/truusk-badkarshylla-badkarsbrygga-badkarsstod-badkarsbricka-bambu-natur-justerbar-70-105-x-218-x-5-cm\/#primaryimage"},"image":{"@id":"https:\/\/truusk.store\/sv\/produkt\/truusk-badkarshylla-badkarsbrygga-badkarsstod-badkarsbricka-bambu-natur-justerbar-70-105-x-218-x-5-cm\/#primaryimage"},"thumbnailUrl":"https:\/\/i0.wp.com\/truusk.store\/wp-content\/uploads\/2024\/02\/badkarshylla-badkarsbrygga-badkarsstod-badkarsbricka-badkarshylla-bambu-natur-70-105-x-218-x-5-cm.webp?fit=800%2C800&ssl=1","datePublished":"2024-02-13T11:41:56+00:00","dateModified":"2026-03-12T07:59:39+00:00","breadcrumb":{"@id":"https:\/\/truusk.store\/sv\/produkt\/truusk-badkarshylla-badkarsbrygga-badkarsstod-badkarsbricka-bambu-natur-justerbar-70-105-x-218-x-5-cm\/#breadcrumb"},"inLanguage":"sv-SE","potentialAction":[{"@type":"ReadAction","target":["https:\/\/truusk.store\/sv\/produkt\/truusk-badkarshylla-badkarsbrygga-badkarsstod-badkarsbricka-bambu-natur-justerbar-70-105-x-218-x-5-cm\/"]}]},{"@type":"ImageObject","inLanguage":"sv-SE","@id":"https:\/\/truusk.store\/sv\/produkt\/truusk-badkarshylla-badkarsbrygga-badkarsstod-badkarsbricka-bambu-natur-justerbar-70-105-x-218-x-5-cm\/#primaryimage","url":"https:\/\/i0.wp.com\/truusk.store\/wp-content\/uploads\/2024\/02\/badkarshylla-badkarsbrygga-badkarsstod-badkarsbricka-badkarshylla-bambu-natur-70-105-x-218-x-5-cm.webp?fit=800%2C800&ssl=1","contentUrl":"https:\/\/i0.wp.com\/truusk.store\/wp-content\/uploads\/2024\/02\/badkarshylla-badkarsbrygga-badkarsstod-badkarsbricka-badkarshylla-bambu-natur-70-105-x-218-x-5-cm.webp?fit=800%2C800&ssl=1","width":800,"height":800,"caption":"Badkarshylla, Badkarsbrygga, Badkarsst\u00f6d, Badkarsbricka, Badkarshylla, Bambu, Natur, (70-105) X 21,8 X 5 Cm 1"},{"@type":"BreadcrumbList","@id":"https:\/\/truusk.store\/sv\/produkt\/truusk-badkarshylla-badkarsbrygga-badkarsstod-badkarsbricka-bambu-natur-justerbar-70-105-x-218-x-5-cm\/#breadcrumb","itemListElement":[{"@type":"ListItem","position":1,"name":"Home","item":"https:\/\/truusk.store\/sv\/"},{"@type":"ListItem","position":2,"name":"Shop","item":"https:\/\/truusk.store\/shop\/"},{"@type":"ListItem","position":3,"name":"TRUUSK Badkarshylla &#8211; Badkarsbrygga &#8211; Badkarsst\u00f6d &#8211; Badkarsbricka &#8211; Bambu &#8211; Natur &#8211; Justerbar (70-105) x 21,8 x 5 cm"}]},{"@type":"WebSite","@id":"https:\/\/truusk.store\/sv\/#website","url":"https:\/\/truusk.store\/sv\/","name":"TRUUSK - Hem, Tr\u00e4dg\u00e5rd & Fritid","description":"","publisher":{"@id":"https:\/\/truusk.store\/sv\/#organization"},"potentialAction":[{"@type":"SearchAction","target":{"@type":"EntryPoint","urlTemplate":"https:\/\/truusk.store\/sv\/?s={search_term_string}"},"query-input":{"@type":"PropertyValueSpecification","valueRequired":true,"valueName":"search_term_string"}}],"inLanguage":"sv-SE"},{"@type":"Organization","@id":"https:\/\/truusk.store\/sv\/#organization","name":"TRUUSK - Hem, Tr\u00e4dg\u00e5rd & Fritid","url":"https:\/\/truusk.store\/sv\/","logo":{"@type":"ImageObject","inLanguage":"sv-SE","@id":"https:\/\/truusk.store\/sv\/#\/schema\/logo\/image\/","url":"https:\/\/i0.wp.com\/truusk.store\/wp-content\/uploads\/2026\/03\/cropped-TRUUSK.png?fit=2032%2C917&ssl=1","contentUrl":"https:\/\/i0.wp.com\/truusk.store\/wp-content\/uploads\/2026\/03\/cropped-TRUUSK.png?fit=2032%2C917&ssl=1","width":2032,"height":917,"caption":"TRUUSK - Hem, Tr\u00e4dg\u00e5rd & Fritid"},"image":{"@id":"https:\/\/truusk.store\/sv\/#\/schema\/logo\/image\/"}}]}},"jetpack_sharing_enabled":true,"_links":{"self":[{"href":"https:\/\/truusk.store\/sv\/wp-json\/wp\/v2\/product\/15601","targetHints":{"allow":["GET"]}}],"collection":[{"href":"https:\/\/truusk.store\/sv\/wp-json\/wp\/v2\/product"}],"about":[{"href":"https:\/\/truusk.store\/sv\/wp-json\/wp\/v2\/types\/product"}],"wp:featuredmedia":[{"embeddable":true,"href":"https:\/\/truusk.store\/sv\/wp-json\/wp\/v2\/media\/15602"}],"wp:attachment":[{"href":"https:\/\/truusk.store\/sv\/wp-json\/wp\/v2\/media?parent=15601"}],"wp:term":[{"taxonomy":"product_brand","embeddable":true,"href":"https:\/\/truusk.store\/sv\/wp-json\/wp\/v2\/product_brand?post=15601"},{"taxonomy":"product_cat","embeddable":true,"href":"https:\/\/truusk.store\/sv\/wp-json\/wp\/v2\/product_cat?post=15601"},{"taxonomy":"product_tag","embeddable":true,"href":"https:\/\/truusk.store\/sv\/wp-json\/wp\/v2\/product_tag?post=15601"}],"curies":[{"name":"wp","href":"https:\/\/api.w.org\/{rel}","templated":true}]}}