{"id":15670,"date":"2024-02-13T12:44:29","date_gmt":"2024-02-13T11:44:29","guid":{"rendered":"https:\/\/truusk.store\/product\/stahylla-bokhylla-forvaringshylla-industriell-stil-arkivhylla-kokshylla-p2-spanskiva-metall-svart-ljus-ek-120-x-32-x-95-cm\/"},"modified":"2026-03-12T08:59:40","modified_gmt":"2026-03-12T07:59:40","slug":"truusk-industriell-stil-bokhylla-svart-ljus-ek-forvaringshylla-p2-spanskiva-120-x-32-x-95-cm","status":"publish","type":"product","link":"https:\/\/truusk.store\/sv\/produkt\/truusk-industriell-stil-bokhylla-svart-ljus-ek-forvaringshylla-p2-spanskiva-120-x-32-x-95-cm\/","title":{"rendered":"TRUUSK Industriell Stil Bokhylla &#8211; Svart + Ljus Ek &#8211; F\u00f6rvaringshylla &#8211; P2 Sp\u00e5nskiva &#8211; 120 x 32 x 95 cm"},"content":{"rendered":"<p>\u00c4r du redo att visa dina samlingar kreativt? Detta f\u00f6rvaringsst\u00e4ll \u00e4r ditt perfekta val. Den unika asymmetriska designen och tv\u00e5f\u00e4rgade konstruktionen av rustika ekfibrer och sl\u00e4ta m\u00f6rker hj\u00e4lper den att g\u00f6ra ett dj\u00e4rvt uttalande i alla milj\u00f6er. 5 \u00f6ppna hyllor ger gott om f\u00f6rvaringsutrymme. Tillverkad av en robust metallram och solid P2-sp\u00e5nskiva, \u00e4r den ett h\u00e5llbart och attraktivt komplement till vardagsrummet eller hemmakontoret.<\/p>\n<h3>Beskrivning:<\/h3>\n<ul>\n<li>Unik asymmetrisk design g\u00f6r ett dj\u00e4rvt uttalande<\/li>\n<li>Tv\u00e5f\u00e4rgad konstruktion av rustik ek \u00e5dring och vanlig m\u00f6rk, l\u00e4mplig f\u00f6r de flesta dekorationer<\/li>\n<li>Stort f\u00f6rvaringsutrymme med 5 \u00f6ppna hyllor f\u00f6r f\u00f6rvaring av vardagliga f\u00f6rem\u00e5l och dekorationer<\/li>\n<li>Stabil metallram och P2 sp\u00e5nskiva f\u00f6r h\u00e5llbarhet och enkel reng\u00f6ring<\/li>\n<li>Upph\u00f6jd benkonstruktion f\u00f6rhindrar fuktskador, justerbara f\u00f6tter h\u00e5ller hyllan stabil p\u00e5 oj\u00e4mna golv<\/li>\n<li>Anti-tip design f\u00f6r \u00f6kad s\u00e4kerhet<\/li>\n<li>Kr\u00e4ver enkel montering<\/li>\n<\/ul>\n<h3>Teknisk data:<\/h3>\n<ul>\n<li>F\u00e4rg: Svart+ljus ek<\/li>\n<li>Material: P2 sp\u00e5nskiva, metallram<\/li>\n<li>\u00d6vergripande m\u00e5tt: 120W x 32D x 95H cm<\/li>\n<li>\u00d6ppen hylla storlek: 116,5L x 28,5W cm (stor hylla), 76L x 28,5W cm (medium hylla), 40L x 28,5W cm (liten hylla)<\/li>\n<li>Avst\u00e5nd mellan hyllor: 39,5cm\/25cm<\/li>\n<li>Lastkapacitet: 30 kg (stor hylla), 20 kg (medium hylla), 10 kg (liten hylla)<\/li>\n<\/ul>\n<h3>Leveransens omfattning:<\/h3>\n<ul>\n<li>1 x Stativhylla<\/li>\n<li>1 x Monteringsanvisning<\/li>\n<\/ul>\n","protected":false},"excerpt":{"rendered":"<p>\u00c4r du redo att visa dina samlingar kreativt? Detta f\u00f6rvaringsst\u00e4ll \u00e4r ditt perfekta val. Den unika asymmetriska designen och tv\u00e5f\u00e4rgade&#8230;<\/p>\n","protected":false},"featured_media":15671,"template":"","meta":[],"product_brand":[],"product_cat":[550,485,547],"product_tag":[],"class_list":{"0":"post-15670","1":"product","2":"type-product","3":"status-publish","4":"has-post-thumbnail","6":"product_cat-bok-stahyllor","7":"product_cat-hus-bo","8":"product_cat-hyllor","10":"first","11":"instock","12":"sale","13":"taxable","14":"shipping-taxable","15":"purchasable","16":"product-type-simple"},"yoast_head":"<!-- This site is optimized with the Yoast SEO plugin v25.4 - https:\/\/yoast.com\/wordpress\/plugins\/seo\/ -->\n<title>TRUUSK Industriell Stil Bokhylla - Svart + Ljus Ek - F\u00f6rvaringshylla - P2 Sp\u00e5nskiva - 120 x 32 x 95 cm - TRUUSK - Hem, Tr\u00e4dg\u00e5rd &amp; Fritid<\/title>\n<meta name=\"robots\" content=\"index, follow, max-snippet:-1, max-image-preview:large, max-video-preview:-1\" \/>\n<link rel=\"canonical\" href=\"https:\/\/truusk.store\/sv\/produkt\/truusk-industriell-stil-bokhylla-svart-ljus-ek-forvaringshylla-p2-spanskiva-120-x-32-x-95-cm\/\" \/>\n<meta property=\"og:locale\" content=\"sv_SE\" \/>\n<meta property=\"og:type\" content=\"article\" \/>\n<meta property=\"og:title\" content=\"TRUUSK Industriell Stil Bokhylla - Svart + Ljus Ek - F\u00f6rvaringshylla - P2 Sp\u00e5nskiva - 120 x 32 x 95 cm - TRUUSK - Hem, Tr\u00e4dg\u00e5rd &amp; Fritid\" \/>\n<meta property=\"og:description\" content=\"\u00c4r du redo att visa dina samlingar kreativt? Detta f\u00f6rvaringsst\u00e4ll \u00e4r ditt perfekta val. Den unika asymmetriska designen och tv\u00e5f\u00e4rgade...\" \/>\n<meta property=\"og:url\" content=\"https:\/\/truusk.store\/sv\/produkt\/truusk-industriell-stil-bokhylla-svart-ljus-ek-forvaringshylla-p2-spanskiva-120-x-32-x-95-cm\/\" \/>\n<meta property=\"og:site_name\" content=\"TRUUSK - Hem, Tr\u00e4dg\u00e5rd &amp; Fritid\" \/>\n<meta property=\"article:modified_time\" content=\"2026-03-12T07:59:40+00:00\" \/>\n<meta property=\"og:image\" content=\"https:\/\/i0.wp.com\/truusk.se\/wp-content\/uploads\/2024\/02\/stahylla-bokhylla-forvaringshylla-industriell-stil-arkivhylla-kokshylla-p2-spanskiva-metall-svart-ljus-ek-120-x-32-x-95-cm.webp?fit=800%2C800&ssl=1\" \/>\n\t<meta property=\"og:image:width\" content=\"800\" \/>\n\t<meta property=\"og:image:height\" content=\"800\" \/>\n\t<meta property=\"og:image:type\" content=\"image\/webp\" \/>\n<meta name=\"twitter:card\" content=\"summary_large_image\" \/>\n<meta name=\"twitter:label1\" content=\"Ber\u00e4knad l\u00e4stid\" \/>\n\t<meta name=\"twitter:data1\" content=\"1 minut\" \/>\n<!-- \/ Yoast SEO plugin. -->","yoast_head_json":{"title":"TRUUSK Industriell Stil Bokhylla - Svart + Ljus Ek - F\u00f6rvaringshylla - P2 Sp\u00e5nskiva - 120 x 32 x 95 cm - TRUUSK - Hem, Tr\u00e4dg\u00e5rd &amp; Fritid","robots":{"index":"index","follow":"follow","max-snippet":"max-snippet:-1","max-image-preview":"max-image-preview:large","max-video-preview":"max-video-preview:-1"},"canonical":"https:\/\/truusk.store\/sv\/produkt\/truusk-industriell-stil-bokhylla-svart-ljus-ek-forvaringshylla-p2-spanskiva-120-x-32-x-95-cm\/","og_locale":"sv_SE","og_type":"article","og_title":"TRUUSK Industriell Stil Bokhylla - Svart + Ljus Ek - F\u00f6rvaringshylla - P2 Sp\u00e5nskiva - 120 x 32 x 95 cm - TRUUSK - Hem, Tr\u00e4dg\u00e5rd &amp; Fritid","og_description":"\u00c4r du redo att visa dina samlingar kreativt? Detta f\u00f6rvaringsst\u00e4ll \u00e4r ditt perfekta val. Den unika asymmetriska designen och tv\u00e5f\u00e4rgade...","og_url":"https:\/\/truusk.store\/sv\/produkt\/truusk-industriell-stil-bokhylla-svart-ljus-ek-forvaringshylla-p2-spanskiva-120-x-32-x-95-cm\/","og_site_name":"TRUUSK - Hem, Tr\u00e4dg\u00e5rd &amp; Fritid","article_modified_time":"2026-03-12T07:59:40+00:00","og_image":[{"width":800,"height":800,"url":"https:\/\/i0.wp.com\/truusk.se\/wp-content\/uploads\/2024\/02\/stahylla-bokhylla-forvaringshylla-industriell-stil-arkivhylla-kokshylla-p2-spanskiva-metall-svart-ljus-ek-120-x-32-x-95-cm.webp?fit=800%2C800&ssl=1","type":"image\/webp"}],"twitter_card":"summary_large_image","twitter_misc":{"Ber\u00e4knad l\u00e4stid":"1 minut"},"schema":{"@context":"https:\/\/schema.org","@graph":[{"@type":"WebPage","@id":"https:\/\/truusk.store\/sv\/produkt\/truusk-industriell-stil-bokhylla-svart-ljus-ek-forvaringshylla-p2-spanskiva-120-x-32-x-95-cm\/","url":"https:\/\/truusk.store\/sv\/produkt\/truusk-industriell-stil-bokhylla-svart-ljus-ek-forvaringshylla-p2-spanskiva-120-x-32-x-95-cm\/","name":"TRUUSK Industriell Stil Bokhylla - Svart + Ljus Ek - F\u00f6rvaringshylla - P2 Sp\u00e5nskiva - 120 x 32 x 95 cm - TRUUSK - Hem, Tr\u00e4dg\u00e5rd &amp; Fritid","isPartOf":{"@id":"https:\/\/truusk.store\/sv\/#website"},"primaryImageOfPage":{"@id":"https:\/\/truusk.store\/sv\/produkt\/truusk-industriell-stil-bokhylla-svart-ljus-ek-forvaringshylla-p2-spanskiva-120-x-32-x-95-cm\/#primaryimage"},"image":{"@id":"https:\/\/truusk.store\/sv\/produkt\/truusk-industriell-stil-bokhylla-svart-ljus-ek-forvaringshylla-p2-spanskiva-120-x-32-x-95-cm\/#primaryimage"},"thumbnailUrl":"https:\/\/i0.wp.com\/truusk.store\/wp-content\/uploads\/2024\/02\/stahylla-bokhylla-forvaringshylla-industriell-stil-arkivhylla-kokshylla-p2-spanskiva-metall-svart-ljus-ek-120-x-32-x-95-cm.webp?fit=800%2C800&ssl=1","datePublished":"2024-02-13T11:44:29+00:00","dateModified":"2026-03-12T07:59:40+00:00","breadcrumb":{"@id":"https:\/\/truusk.store\/sv\/produkt\/truusk-industriell-stil-bokhylla-svart-ljus-ek-forvaringshylla-p2-spanskiva-120-x-32-x-95-cm\/#breadcrumb"},"inLanguage":"sv-SE","potentialAction":[{"@type":"ReadAction","target":["https:\/\/truusk.store\/sv\/produkt\/truusk-industriell-stil-bokhylla-svart-ljus-ek-forvaringshylla-p2-spanskiva-120-x-32-x-95-cm\/"]}]},{"@type":"ImageObject","inLanguage":"sv-SE","@id":"https:\/\/truusk.store\/sv\/produkt\/truusk-industriell-stil-bokhylla-svart-ljus-ek-forvaringshylla-p2-spanskiva-120-x-32-x-95-cm\/#primaryimage","url":"https:\/\/i0.wp.com\/truusk.store\/wp-content\/uploads\/2024\/02\/stahylla-bokhylla-forvaringshylla-industriell-stil-arkivhylla-kokshylla-p2-spanskiva-metall-svart-ljus-ek-120-x-32-x-95-cm.webp?fit=800%2C800&ssl=1","contentUrl":"https:\/\/i0.wp.com\/truusk.store\/wp-content\/uploads\/2024\/02\/stahylla-bokhylla-forvaringshylla-industriell-stil-arkivhylla-kokshylla-p2-spanskiva-metall-svart-ljus-ek-120-x-32-x-95-cm.webp?fit=800%2C800&ssl=1","width":800,"height":800,"caption":"St\u00e5hylla, Bokhylla, F\u00f6rvaringshylla, Industriell Stil, Arkivhylla, K\u00f6kshylla, P2 Sp\u00e5nskiva, Metall, Svart + Ljus Ek, 120 X 32 X 95 Cm 1"},{"@type":"BreadcrumbList","@id":"https:\/\/truusk.store\/sv\/produkt\/truusk-industriell-stil-bokhylla-svart-ljus-ek-forvaringshylla-p2-spanskiva-120-x-32-x-95-cm\/#breadcrumb","itemListElement":[{"@type":"ListItem","position":1,"name":"Home","item":"https:\/\/truusk.store\/sv\/"},{"@type":"ListItem","position":2,"name":"Shop","item":"https:\/\/truusk.store\/shop\/"},{"@type":"ListItem","position":3,"name":"TRUUSK Industriell Stil Bokhylla &#8211; Svart + Ljus Ek &#8211; F\u00f6rvaringshylla &#8211; P2 Sp\u00e5nskiva &#8211; 120 x 32 x 95 cm"}]},{"@type":"WebSite","@id":"https:\/\/truusk.store\/sv\/#website","url":"https:\/\/truusk.store\/sv\/","name":"TRUUSK - Hem, Tr\u00e4dg\u00e5rd & Fritid","description":"","publisher":{"@id":"https:\/\/truusk.store\/sv\/#organization"},"potentialAction":[{"@type":"SearchAction","target":{"@type":"EntryPoint","urlTemplate":"https:\/\/truusk.store\/sv\/?s={search_term_string}"},"query-input":{"@type":"PropertyValueSpecification","valueRequired":true,"valueName":"search_term_string"}}],"inLanguage":"sv-SE"},{"@type":"Organization","@id":"https:\/\/truusk.store\/sv\/#organization","name":"TRUUSK - Hem, Tr\u00e4dg\u00e5rd & Fritid","url":"https:\/\/truusk.store\/sv\/","logo":{"@type":"ImageObject","inLanguage":"sv-SE","@id":"https:\/\/truusk.store\/sv\/#\/schema\/logo\/image\/","url":"https:\/\/i0.wp.com\/truusk.store\/wp-content\/uploads\/2026\/03\/cropped-TRUUSK.png?fit=2032%2C917&ssl=1","contentUrl":"https:\/\/i0.wp.com\/truusk.store\/wp-content\/uploads\/2026\/03\/cropped-TRUUSK.png?fit=2032%2C917&ssl=1","width":2032,"height":917,"caption":"TRUUSK - Hem, Tr\u00e4dg\u00e5rd & Fritid"},"image":{"@id":"https:\/\/truusk.store\/sv\/#\/schema\/logo\/image\/"}}]}},"jetpack_sharing_enabled":true,"_links":{"self":[{"href":"https:\/\/truusk.store\/sv\/wp-json\/wp\/v2\/product\/15670","targetHints":{"allow":["GET"]}}],"collection":[{"href":"https:\/\/truusk.store\/sv\/wp-json\/wp\/v2\/product"}],"about":[{"href":"https:\/\/truusk.store\/sv\/wp-json\/wp\/v2\/types\/product"}],"wp:featuredmedia":[{"embeddable":true,"href":"https:\/\/truusk.store\/sv\/wp-json\/wp\/v2\/media\/15671"}],"wp:attachment":[{"href":"https:\/\/truusk.store\/sv\/wp-json\/wp\/v2\/media?parent=15670"}],"wp:term":[{"taxonomy":"product_brand","embeddable":true,"href":"https:\/\/truusk.store\/sv\/wp-json\/wp\/v2\/product_brand?post=15670"},{"taxonomy":"product_cat","embeddable":true,"href":"https:\/\/truusk.store\/sv\/wp-json\/wp\/v2\/product_cat?post=15670"},{"taxonomy":"product_tag","embeddable":true,"href":"https:\/\/truusk.store\/sv\/wp-json\/wp\/v2\/product_tag?post=15670"}],"curies":[{"name":"wp","href":"https:\/\/api.w.org\/{rel}","templated":true}]}}