{"id":15682,"date":"2024-02-13T12:44:52","date_gmt":"2024-02-13T11:44:52","guid":{"rendered":"https:\/\/truusk.store\/product\/skrapstolpe-med-kattgrotta-hangmatta-xxl-katttrad-klattertrad-klattertrad-for-katter-multi-level-multi-aktivitetscenter-plysch-brun-65-x-50-x-153-cm\/"},"modified":"2026-03-12T08:59:40","modified_gmt":"2026-03-12T07:59:40","slug":"truusk-xxl-katttrad-med-skrapstolpe-och-kattgrotta-hangmatta-klattertrad-for-katter-plysch-brun-65-x-50-x-153-cm","status":"publish","type":"product","link":"https:\/\/truusk.store\/sv\/produkt\/truusk-xxl-katttrad-med-skrapstolpe-och-kattgrotta-hangmatta-klattertrad-for-katter-plysch-brun-65-x-50-x-153-cm\/","title":{"rendered":"TRUUSK XXL Katttr\u00e4d med Skrapstolpe och Kattgrotta &#8211; H\u00e4ngmatta &#8211; Kl\u00e4ttertr\u00e4d f\u00f6r Katter &#8211; Plysch &#8211; Brun &#8211; 65 x 50 x 153 cm"},"content":{"rendered":"<p>En m\u00e5ngsidig skrapstolpe med en sovgrotta, plyschboll, 2 h\u00e4ngmattor och m\u00e5nga andra detaljer! Tack vare de m\u00e5nga alternativen f\u00f6r att g\u00f6mma sig, gosa och leka, kommer dina lurviga v\u00e4nner inte att bli uttr\u00e5kade n\u00e5gon g\u00e5ng snart. Men skrapstolpen ger ocks\u00e5 tillr\u00e4ckligt med utrymme f\u00f6r vila. Tomcats och katter kan g\u00f6ra sig riktigt bekv\u00e4ma p\u00e5 det gosiga mjuka plyschskyddet. Din skrapstolpe \u00e4r extremt robust och enkel att s\u00e4tta upp. Ett paradis f\u00f6r dina fyrbenta v\u00e4nner.<\/p>\n<h3>Beskrivning:<\/h3>\n<ul>\n<li>Katttr\u00e4d med massor av st\u00e4llen att klia, g\u00f6mma sig, gosa, leka och sova<\/li>\n<li>Oavsett om du leker, springer runt eller vilar kan din katt spendera tid h\u00e4r och k\u00e4nna sig hemma<\/li>\n<li>bearbetad av h\u00f6g kvalitet<\/li>\n<li>T\u00e4ckt med h\u00f6gkvalitativ, mjuk plysch<\/li>\n<li>Stammar omlindade med sisal i botten<\/li>\n<li>allt material s\u00e5klart<\/li>\n<li>mycket stabil och s\u00e4ker konstruktion<\/li>\n<li>frist\u00e5ende<\/li>\n<li>L\u00e4mplig f\u00f6r katter som v\u00e4ger mindre \u00e4n 4,5 kg<\/li>\n<\/ul>\n<h3>Teknisk data:<\/h3>\n<ul>\n<li>Material: sp\u00e5nskiva, plysch, sisal<\/li>\n<li>F\u00e4rg: kr\u00e4m-kaffebrun<\/li>\n<li>Vikt: 14 kg<\/li>\n<li>L\u00e4mplig f\u00f6r katter som v\u00e4ger mindre \u00e4n 4,5 kg<\/li>\n<li>M\u00e5tt: 65 x 50 x 153 cm (LxBxH)<\/li>\n<li>B\u00e5ldiameter: 7,1 cm<\/li>\n<\/ul>\n<h3>Leveransens omfattning:<\/h3>\n<ul>\n<li>katttr\u00e4d;<\/li>\n<\/ul>\n","protected":false},"excerpt":{"rendered":"<p>En m\u00e5ngsidig skrapstolpe med en sovgrotta, plyschboll, 2 h\u00e4ngmattor och m\u00e5nga andra detaljer! Tack vare de m\u00e5nga alternativen f\u00f6r att&#8230;<\/p>\n","protected":false},"featured_media":15683,"template":"","meta":[],"product_brand":[],"product_cat":[573,588,589],"product_tag":[],"class_list":{"0":"post-15682","1":"product","2":"type-product","3":"status-publish","4":"has-post-thumbnail","6":"product_cat-husdjursmaterial","7":"product_cat-katttillbehor","8":"product_cat-skrapande-inlagg","10":"first","11":"instock","12":"sale","13":"taxable","14":"shipping-taxable","15":"purchasable","16":"product-type-simple"},"yoast_head":"<!-- This site is optimized with the Yoast SEO plugin v25.4 - https:\/\/yoast.com\/wordpress\/plugins\/seo\/ -->\n<title>TRUUSK XXL Katttr\u00e4d med Skrapstolpe och Kattgrotta - H\u00e4ngmatta - Kl\u00e4ttertr\u00e4d f\u00f6r Katter - Plysch - Brun - 65 x 50 x 153 cm - TRUUSK - Hem, Tr\u00e4dg\u00e5rd &amp; Fritid<\/title>\n<meta name=\"robots\" content=\"index, follow, max-snippet:-1, max-image-preview:large, max-video-preview:-1\" \/>\n<link rel=\"canonical\" href=\"https:\/\/truusk.store\/sv\/produkt\/truusk-xxl-katttrad-med-skrapstolpe-och-kattgrotta-hangmatta-klattertrad-for-katter-plysch-brun-65-x-50-x-153-cm\/\" \/>\n<meta property=\"og:locale\" content=\"sv_SE\" \/>\n<meta property=\"og:type\" content=\"article\" \/>\n<meta property=\"og:title\" content=\"TRUUSK XXL Katttr\u00e4d med Skrapstolpe och Kattgrotta - H\u00e4ngmatta - Kl\u00e4ttertr\u00e4d f\u00f6r Katter - Plysch - Brun - 65 x 50 x 153 cm - TRUUSK - Hem, Tr\u00e4dg\u00e5rd &amp; Fritid\" \/>\n<meta property=\"og:description\" content=\"En m\u00e5ngsidig skrapstolpe med en sovgrotta, plyschboll, 2 h\u00e4ngmattor och m\u00e5nga andra detaljer! Tack vare de m\u00e5nga alternativen f\u00f6r att...\" \/>\n<meta property=\"og:url\" content=\"https:\/\/truusk.store\/sv\/produkt\/truusk-xxl-katttrad-med-skrapstolpe-och-kattgrotta-hangmatta-klattertrad-for-katter-plysch-brun-65-x-50-x-153-cm\/\" \/>\n<meta property=\"og:site_name\" content=\"TRUUSK - Hem, Tr\u00e4dg\u00e5rd &amp; Fritid\" \/>\n<meta property=\"article:modified_time\" content=\"2026-03-12T07:59:40+00:00\" \/>\n<meta property=\"og:image\" content=\"https:\/\/i0.wp.com\/truusk.se\/wp-content\/uploads\/2024\/02\/skrapstolpe-med-kattgrotta-hangmatta-xxl-katttrad-klattertrad-klattertrad-for-katter-multi-level-multi-aktivitetscenter-plysch-brun-65-x-50-x-153-cm.webp?fit=800%2C800&ssl=1\" \/>\n\t<meta property=\"og:image:width\" content=\"800\" \/>\n\t<meta property=\"og:image:height\" content=\"800\" \/>\n\t<meta property=\"og:image:type\" content=\"image\/webp\" \/>\n<meta name=\"twitter:card\" content=\"summary_large_image\" \/>\n<meta name=\"twitter:label1\" content=\"Ber\u00e4knad l\u00e4stid\" \/>\n\t<meta name=\"twitter:data1\" content=\"1 minut\" \/>\n<!-- \/ Yoast SEO plugin. -->","yoast_head_json":{"title":"TRUUSK XXL Katttr\u00e4d med Skrapstolpe och Kattgrotta - H\u00e4ngmatta - Kl\u00e4ttertr\u00e4d f\u00f6r Katter - Plysch - Brun - 65 x 50 x 153 cm - TRUUSK - Hem, Tr\u00e4dg\u00e5rd &amp; Fritid","robots":{"index":"index","follow":"follow","max-snippet":"max-snippet:-1","max-image-preview":"max-image-preview:large","max-video-preview":"max-video-preview:-1"},"canonical":"https:\/\/truusk.store\/sv\/produkt\/truusk-xxl-katttrad-med-skrapstolpe-och-kattgrotta-hangmatta-klattertrad-for-katter-plysch-brun-65-x-50-x-153-cm\/","og_locale":"sv_SE","og_type":"article","og_title":"TRUUSK XXL Katttr\u00e4d med Skrapstolpe och Kattgrotta - H\u00e4ngmatta - Kl\u00e4ttertr\u00e4d f\u00f6r Katter - Plysch - Brun - 65 x 50 x 153 cm - TRUUSK - Hem, Tr\u00e4dg\u00e5rd &amp; Fritid","og_description":"En m\u00e5ngsidig skrapstolpe med en sovgrotta, plyschboll, 2 h\u00e4ngmattor och m\u00e5nga andra detaljer! Tack vare de m\u00e5nga alternativen f\u00f6r att...","og_url":"https:\/\/truusk.store\/sv\/produkt\/truusk-xxl-katttrad-med-skrapstolpe-och-kattgrotta-hangmatta-klattertrad-for-katter-plysch-brun-65-x-50-x-153-cm\/","og_site_name":"TRUUSK - Hem, Tr\u00e4dg\u00e5rd &amp; Fritid","article_modified_time":"2026-03-12T07:59:40+00:00","og_image":[{"width":800,"height":800,"url":"https:\/\/i0.wp.com\/truusk.se\/wp-content\/uploads\/2024\/02\/skrapstolpe-med-kattgrotta-hangmatta-xxl-katttrad-klattertrad-klattertrad-for-katter-multi-level-multi-aktivitetscenter-plysch-brun-65-x-50-x-153-cm.webp?fit=800%2C800&ssl=1","type":"image\/webp"}],"twitter_card":"summary_large_image","twitter_misc":{"Ber\u00e4knad l\u00e4stid":"1 minut"},"schema":{"@context":"https:\/\/schema.org","@graph":[{"@type":"WebPage","@id":"https:\/\/truusk.store\/sv\/produkt\/truusk-xxl-katttrad-med-skrapstolpe-och-kattgrotta-hangmatta-klattertrad-for-katter-plysch-brun-65-x-50-x-153-cm\/","url":"https:\/\/truusk.store\/sv\/produkt\/truusk-xxl-katttrad-med-skrapstolpe-och-kattgrotta-hangmatta-klattertrad-for-katter-plysch-brun-65-x-50-x-153-cm\/","name":"TRUUSK XXL Katttr\u00e4d med Skrapstolpe och Kattgrotta - H\u00e4ngmatta - Kl\u00e4ttertr\u00e4d f\u00f6r Katter - Plysch - Brun - 65 x 50 x 153 cm - TRUUSK - Hem, Tr\u00e4dg\u00e5rd &amp; Fritid","isPartOf":{"@id":"https:\/\/truusk.store\/sv\/#website"},"primaryImageOfPage":{"@id":"https:\/\/truusk.store\/sv\/produkt\/truusk-xxl-katttrad-med-skrapstolpe-och-kattgrotta-hangmatta-klattertrad-for-katter-plysch-brun-65-x-50-x-153-cm\/#primaryimage"},"image":{"@id":"https:\/\/truusk.store\/sv\/produkt\/truusk-xxl-katttrad-med-skrapstolpe-och-kattgrotta-hangmatta-klattertrad-for-katter-plysch-brun-65-x-50-x-153-cm\/#primaryimage"},"thumbnailUrl":"https:\/\/i0.wp.com\/truusk.store\/wp-content\/uploads\/2024\/02\/skrapstolpe-med-kattgrotta-hangmatta-xxl-katttrad-klattertrad-klattertrad-for-katter-multi-level-multi-aktivitetscenter-plysch-brun-65-x-50-x-153-cm.webp?fit=800%2C800&ssl=1","datePublished":"2024-02-13T11:44:52+00:00","dateModified":"2026-03-12T07:59:40+00:00","breadcrumb":{"@id":"https:\/\/truusk.store\/sv\/produkt\/truusk-xxl-katttrad-med-skrapstolpe-och-kattgrotta-hangmatta-klattertrad-for-katter-plysch-brun-65-x-50-x-153-cm\/#breadcrumb"},"inLanguage":"sv-SE","potentialAction":[{"@type":"ReadAction","target":["https:\/\/truusk.store\/sv\/produkt\/truusk-xxl-katttrad-med-skrapstolpe-och-kattgrotta-hangmatta-klattertrad-for-katter-plysch-brun-65-x-50-x-153-cm\/"]}]},{"@type":"ImageObject","inLanguage":"sv-SE","@id":"https:\/\/truusk.store\/sv\/produkt\/truusk-xxl-katttrad-med-skrapstolpe-och-kattgrotta-hangmatta-klattertrad-for-katter-plysch-brun-65-x-50-x-153-cm\/#primaryimage","url":"https:\/\/i0.wp.com\/truusk.store\/wp-content\/uploads\/2024\/02\/skrapstolpe-med-kattgrotta-hangmatta-xxl-katttrad-klattertrad-klattertrad-for-katter-multi-level-multi-aktivitetscenter-plysch-brun-65-x-50-x-153-cm.webp?fit=800%2C800&ssl=1","contentUrl":"https:\/\/i0.wp.com\/truusk.store\/wp-content\/uploads\/2024\/02\/skrapstolpe-med-kattgrotta-hangmatta-xxl-katttrad-klattertrad-klattertrad-for-katter-multi-level-multi-aktivitetscenter-plysch-brun-65-x-50-x-153-cm.webp?fit=800%2C800&ssl=1","width":800,"height":800,"caption":"Skrapstolpe Med Kattgrotta, H\u00e4ngmatta, XXL Katttr\u00e4d, Kl\u00e4ttertr\u00e4d, Kl\u00e4ttertr\u00e4d F\u00f6r Katter, Multi-level Multi-aktivitetscenter, Plysch, Brun, 65 X 50 X 153 Cm 1"},{"@type":"BreadcrumbList","@id":"https:\/\/truusk.store\/sv\/produkt\/truusk-xxl-katttrad-med-skrapstolpe-och-kattgrotta-hangmatta-klattertrad-for-katter-plysch-brun-65-x-50-x-153-cm\/#breadcrumb","itemListElement":[{"@type":"ListItem","position":1,"name":"Home","item":"https:\/\/truusk.store\/sv\/"},{"@type":"ListItem","position":2,"name":"Shop","item":"https:\/\/truusk.store\/shop\/"},{"@type":"ListItem","position":3,"name":"TRUUSK XXL Katttr\u00e4d med Skrapstolpe och Kattgrotta &#8211; H\u00e4ngmatta &#8211; Kl\u00e4ttertr\u00e4d f\u00f6r Katter &#8211; Plysch &#8211; Brun &#8211; 65 x 50 x 153 cm"}]},{"@type":"WebSite","@id":"https:\/\/truusk.store\/sv\/#website","url":"https:\/\/truusk.store\/sv\/","name":"TRUUSK - Hem, Tr\u00e4dg\u00e5rd & Fritid","description":"","publisher":{"@id":"https:\/\/truusk.store\/sv\/#organization"},"potentialAction":[{"@type":"SearchAction","target":{"@type":"EntryPoint","urlTemplate":"https:\/\/truusk.store\/sv\/?s={search_term_string}"},"query-input":{"@type":"PropertyValueSpecification","valueRequired":true,"valueName":"search_term_string"}}],"inLanguage":"sv-SE"},{"@type":"Organization","@id":"https:\/\/truusk.store\/sv\/#organization","name":"TRUUSK - Hem, Tr\u00e4dg\u00e5rd & Fritid","url":"https:\/\/truusk.store\/sv\/","logo":{"@type":"ImageObject","inLanguage":"sv-SE","@id":"https:\/\/truusk.store\/sv\/#\/schema\/logo\/image\/","url":"https:\/\/i0.wp.com\/truusk.store\/wp-content\/uploads\/2026\/03\/cropped-TRUUSK.png?fit=2032%2C917&ssl=1","contentUrl":"https:\/\/i0.wp.com\/truusk.store\/wp-content\/uploads\/2026\/03\/cropped-TRUUSK.png?fit=2032%2C917&ssl=1","width":2032,"height":917,"caption":"TRUUSK - Hem, Tr\u00e4dg\u00e5rd & Fritid"},"image":{"@id":"https:\/\/truusk.store\/sv\/#\/schema\/logo\/image\/"}}]}},"jetpack_sharing_enabled":true,"_links":{"self":[{"href":"https:\/\/truusk.store\/sv\/wp-json\/wp\/v2\/product\/15682","targetHints":{"allow":["GET"]}}],"collection":[{"href":"https:\/\/truusk.store\/sv\/wp-json\/wp\/v2\/product"}],"about":[{"href":"https:\/\/truusk.store\/sv\/wp-json\/wp\/v2\/types\/product"}],"wp:featuredmedia":[{"embeddable":true,"href":"https:\/\/truusk.store\/sv\/wp-json\/wp\/v2\/media\/15683"}],"wp:attachment":[{"href":"https:\/\/truusk.store\/sv\/wp-json\/wp\/v2\/media?parent=15682"}],"wp:term":[{"taxonomy":"product_brand","embeddable":true,"href":"https:\/\/truusk.store\/sv\/wp-json\/wp\/v2\/product_brand?post=15682"},{"taxonomy":"product_cat","embeddable":true,"href":"https:\/\/truusk.store\/sv\/wp-json\/wp\/v2\/product_cat?post=15682"},{"taxonomy":"product_tag","embeddable":true,"href":"https:\/\/truusk.store\/sv\/wp-json\/wp\/v2\/product_tag?post=15682"}],"curies":[{"name":"wp","href":"https:\/\/api.w.org\/{rel}","templated":true}]}}