{"id":15694,"date":"2024-02-13T12:45:09","date_gmt":"2024-02-13T11:45:09","guid":{"rendered":"https:\/\/truusk.store\/product\/smadjursstall-inhagnad-for-smadjur-inhagnad-utomhus-bur-for-smadjur-med-dorr-marsvinshydda-utehagn-smadjurshus-av-grantra-naturlig-181-x-100-x-48-cm\/"},"modified":"2026-03-12T08:59:40","modified_gmt":"2026-03-12T07:59:40","slug":"truusk-smadjursstall-inhagnad-utomhus-marsvinshydda-utehagn-naturlig-181-x-100-x-48-cm","status":"publish","type":"product","link":"https:\/\/truusk.store\/sv\/produkt\/truusk-smadjursstall-inhagnad-utomhus-marsvinshydda-utehagn-naturlig-181-x-100-x-48-cm\/","title":{"rendered":"TRUUSK Sm\u00e5djursstall &#8211; Inh\u00e4gnad Utomhus &#8211; Marsvinshydda &#8211; Uteh\u00e4gn &#8211; Naturlig &#8211; 181 x 100 x 48 cm"},"content":{"rendered":"<p>V\u00e5r utomhusinh\u00e4gnad erbjuder dina sm\u00e5 djur en underbar plats att sl\u00e4ppa ut \u00e5nga och koppla av utomhus. Den \u00e4r helt tillverkad av robust grantr\u00e4 som har behandlats med vattenavvisande f\u00e4rg, s\u00e5 att optimal v\u00e4derbest\u00e4ndighet garanteras och du inte beh\u00f6ver oroa dig f\u00f6r den irriterande rosten i metallburar. Skyddet skyddar dina sm\u00e5djur fr\u00e5n till exempel rovf\u00e5glar, medan de tv\u00e5 g\u00e5ngj\u00e4rnsf\u00f6rsedda locken s\u00e4kerst\u00e4ller enkel \u00e5tkomst.<\/p>\n<h3>Beskrivning:<\/h3>\n<ul>\n<li>Frig\u00e5ende inh\u00e4gnad f\u00f6r sm\u00e5djur som marsvin<\/li>\n<li>Stort omr\u00e5de f\u00f6r sm\u00e5 djur att vila och leka utomhus<\/li>\n<li>Tillverkad av robust gran med en vattenavvisande finish<\/li>\n<li>F\u00f6rsedd med ett skydd f\u00f6r att skydda mot djur som rovf\u00e5glar<\/li>\n<li>2 g\u00e5ngj\u00e4rnslock f\u00f6r bekv\u00e4m \u00e5tkomst<\/li>\n<li>Enkel konstruktion<\/li>\n<\/ul>\n<h3>Teknisk data:<\/h3>\n<ul>\n<li>Material: gran<\/li>\n<li>F\u00e4rg: Naturlig<\/li>\n<li>\u00d6vergripande m\u00e5tt: L181 x B100 x H48cm<\/li>\n<li>M\u00e5tt p\u00e5 locket: L45 x B100cm<\/li>\n<li>Nettovikt: ca 10kg<\/li>\n<\/ul>\n<h3>Leveransens omfattning:<\/h3>\n<ul>\n<li>1 x utomhuskapsling;<\/li>\n<\/ul>\n","protected":false},"excerpt":{"rendered":"<p>V\u00e5r utomhusinh\u00e4gnad erbjuder dina sm\u00e5 djur en underbar plats att sl\u00e4ppa ut \u00e5nga och koppla av utomhus. Den \u00e4r helt&#8230;<\/p>\n","protected":false},"featured_media":15695,"template":"","meta":[],"product_brand":[],"product_cat":[573,597,600],"product_tag":[],"class_list":{"0":"post-15694","1":"product","2":"type-product","3":"status-publish","4":"has-post-thumbnail","6":"product_cat-husdjursmaterial","7":"product_cat-sma-djurtillbehor","8":"product_cat-utomhusholje","10":"first","11":"instock","12":"sale","13":"taxable","14":"shipping-taxable","15":"purchasable","16":"product-type-simple"},"yoast_head":"<!-- This site is optimized with the Yoast SEO plugin v25.4 - https:\/\/yoast.com\/wordpress\/plugins\/seo\/ -->\n<title>TRUUSK Sm\u00e5djursstall - Inh\u00e4gnad Utomhus - Marsvinshydda - Uteh\u00e4gn - Naturlig - 181 x 100 x 48 cm - TRUUSK - Hem, Tr\u00e4dg\u00e5rd &amp; Fritid<\/title>\n<meta name=\"robots\" content=\"index, follow, max-snippet:-1, max-image-preview:large, max-video-preview:-1\" \/>\n<link rel=\"canonical\" href=\"https:\/\/truusk.store\/sv\/produkt\/truusk-smadjursstall-inhagnad-utomhus-marsvinshydda-utehagn-naturlig-181-x-100-x-48-cm\/\" \/>\n<meta property=\"og:locale\" content=\"sv_SE\" \/>\n<meta property=\"og:type\" content=\"article\" \/>\n<meta property=\"og:title\" content=\"TRUUSK Sm\u00e5djursstall - Inh\u00e4gnad Utomhus - Marsvinshydda - Uteh\u00e4gn - Naturlig - 181 x 100 x 48 cm - TRUUSK - Hem, Tr\u00e4dg\u00e5rd &amp; Fritid\" \/>\n<meta property=\"og:description\" content=\"V\u00e5r utomhusinh\u00e4gnad erbjuder dina sm\u00e5 djur en underbar plats att sl\u00e4ppa ut \u00e5nga och koppla av utomhus. Den \u00e4r helt...\" \/>\n<meta property=\"og:url\" content=\"https:\/\/truusk.store\/sv\/produkt\/truusk-smadjursstall-inhagnad-utomhus-marsvinshydda-utehagn-naturlig-181-x-100-x-48-cm\/\" \/>\n<meta property=\"og:site_name\" content=\"TRUUSK - Hem, Tr\u00e4dg\u00e5rd &amp; Fritid\" \/>\n<meta property=\"article:modified_time\" content=\"2026-03-12T07:59:40+00:00\" \/>\n<meta property=\"og:image\" content=\"https:\/\/i0.wp.com\/truusk.se\/wp-content\/uploads\/2024\/02\/smadjursstall-inhagnad-for-smadjur-inhagnad-utomhus-bur-for-smadjur-med-dorr-marsvinshydda-utehagn-smadjurshus-av-grantra-naturlig-181-x-100-x-48-cm.webp?fit=800%2C800&ssl=1\" \/>\n\t<meta property=\"og:image:width\" content=\"800\" \/>\n\t<meta property=\"og:image:height\" content=\"800\" \/>\n\t<meta property=\"og:image:type\" content=\"image\/webp\" \/>\n<meta name=\"twitter:card\" content=\"summary_large_image\" \/>\n<meta name=\"twitter:label1\" content=\"Ber\u00e4knad l\u00e4stid\" \/>\n\t<meta name=\"twitter:data1\" content=\"1 minut\" \/>\n<!-- \/ Yoast SEO plugin. -->","yoast_head_json":{"title":"TRUUSK Sm\u00e5djursstall - Inh\u00e4gnad Utomhus - Marsvinshydda - Uteh\u00e4gn - Naturlig - 181 x 100 x 48 cm - TRUUSK - Hem, Tr\u00e4dg\u00e5rd &amp; Fritid","robots":{"index":"index","follow":"follow","max-snippet":"max-snippet:-1","max-image-preview":"max-image-preview:large","max-video-preview":"max-video-preview:-1"},"canonical":"https:\/\/truusk.store\/sv\/produkt\/truusk-smadjursstall-inhagnad-utomhus-marsvinshydda-utehagn-naturlig-181-x-100-x-48-cm\/","og_locale":"sv_SE","og_type":"article","og_title":"TRUUSK Sm\u00e5djursstall - Inh\u00e4gnad Utomhus - Marsvinshydda - Uteh\u00e4gn - Naturlig - 181 x 100 x 48 cm - TRUUSK - Hem, Tr\u00e4dg\u00e5rd &amp; Fritid","og_description":"V\u00e5r utomhusinh\u00e4gnad erbjuder dina sm\u00e5 djur en underbar plats att sl\u00e4ppa ut \u00e5nga och koppla av utomhus. Den \u00e4r helt...","og_url":"https:\/\/truusk.store\/sv\/produkt\/truusk-smadjursstall-inhagnad-utomhus-marsvinshydda-utehagn-naturlig-181-x-100-x-48-cm\/","og_site_name":"TRUUSK - Hem, Tr\u00e4dg\u00e5rd &amp; Fritid","article_modified_time":"2026-03-12T07:59:40+00:00","og_image":[{"width":800,"height":800,"url":"https:\/\/i0.wp.com\/truusk.se\/wp-content\/uploads\/2024\/02\/smadjursstall-inhagnad-for-smadjur-inhagnad-utomhus-bur-for-smadjur-med-dorr-marsvinshydda-utehagn-smadjurshus-av-grantra-naturlig-181-x-100-x-48-cm.webp?fit=800%2C800&ssl=1","type":"image\/webp"}],"twitter_card":"summary_large_image","twitter_misc":{"Ber\u00e4knad l\u00e4stid":"1 minut"},"schema":{"@context":"https:\/\/schema.org","@graph":[{"@type":"WebPage","@id":"https:\/\/truusk.store\/sv\/produkt\/truusk-smadjursstall-inhagnad-utomhus-marsvinshydda-utehagn-naturlig-181-x-100-x-48-cm\/","url":"https:\/\/truusk.store\/sv\/produkt\/truusk-smadjursstall-inhagnad-utomhus-marsvinshydda-utehagn-naturlig-181-x-100-x-48-cm\/","name":"TRUUSK Sm\u00e5djursstall - Inh\u00e4gnad Utomhus - Marsvinshydda - Uteh\u00e4gn - Naturlig - 181 x 100 x 48 cm - TRUUSK - Hem, Tr\u00e4dg\u00e5rd &amp; Fritid","isPartOf":{"@id":"https:\/\/truusk.store\/sv\/#website"},"primaryImageOfPage":{"@id":"https:\/\/truusk.store\/sv\/produkt\/truusk-smadjursstall-inhagnad-utomhus-marsvinshydda-utehagn-naturlig-181-x-100-x-48-cm\/#primaryimage"},"image":{"@id":"https:\/\/truusk.store\/sv\/produkt\/truusk-smadjursstall-inhagnad-utomhus-marsvinshydda-utehagn-naturlig-181-x-100-x-48-cm\/#primaryimage"},"thumbnailUrl":"https:\/\/i0.wp.com\/truusk.store\/wp-content\/uploads\/2024\/02\/smadjursstall-inhagnad-for-smadjur-inhagnad-utomhus-bur-for-smadjur-med-dorr-marsvinshydda-utehagn-smadjurshus-av-grantra-naturlig-181-x-100-x-48-cm.webp?fit=800%2C800&ssl=1","datePublished":"2024-02-13T11:45:09+00:00","dateModified":"2026-03-12T07:59:40+00:00","breadcrumb":{"@id":"https:\/\/truusk.store\/sv\/produkt\/truusk-smadjursstall-inhagnad-utomhus-marsvinshydda-utehagn-naturlig-181-x-100-x-48-cm\/#breadcrumb"},"inLanguage":"sv-SE","potentialAction":[{"@type":"ReadAction","target":["https:\/\/truusk.store\/sv\/produkt\/truusk-smadjursstall-inhagnad-utomhus-marsvinshydda-utehagn-naturlig-181-x-100-x-48-cm\/"]}]},{"@type":"ImageObject","inLanguage":"sv-SE","@id":"https:\/\/truusk.store\/sv\/produkt\/truusk-smadjursstall-inhagnad-utomhus-marsvinshydda-utehagn-naturlig-181-x-100-x-48-cm\/#primaryimage","url":"https:\/\/i0.wp.com\/truusk.store\/wp-content\/uploads\/2024\/02\/smadjursstall-inhagnad-for-smadjur-inhagnad-utomhus-bur-for-smadjur-med-dorr-marsvinshydda-utehagn-smadjurshus-av-grantra-naturlig-181-x-100-x-48-cm.webp?fit=800%2C800&ssl=1","contentUrl":"https:\/\/i0.wp.com\/truusk.store\/wp-content\/uploads\/2024\/02\/smadjursstall-inhagnad-for-smadjur-inhagnad-utomhus-bur-for-smadjur-med-dorr-marsvinshydda-utehagn-smadjurshus-av-grantra-naturlig-181-x-100-x-48-cm.webp?fit=800%2C800&ssl=1","width":800,"height":800,"caption":"Sm\u00e5djursstall, Inh\u00e4gnad F\u00f6r Sm\u00e5djur, Inh\u00e4gnad Utomhus, Bur F\u00f6r Sm\u00e5djur Med D\u00f6rr, Marsvinshydda, Uteh\u00e4gn, Sm\u00e5djurshus Av Grantr\u00e4, Naturlig 181 X 100 X 48 Cm 1"},{"@type":"BreadcrumbList","@id":"https:\/\/truusk.store\/sv\/produkt\/truusk-smadjursstall-inhagnad-utomhus-marsvinshydda-utehagn-naturlig-181-x-100-x-48-cm\/#breadcrumb","itemListElement":[{"@type":"ListItem","position":1,"name":"Home","item":"https:\/\/truusk.store\/sv\/"},{"@type":"ListItem","position":2,"name":"Shop","item":"https:\/\/truusk.store\/shop\/"},{"@type":"ListItem","position":3,"name":"TRUUSK Sm\u00e5djursstall &#8211; Inh\u00e4gnad Utomhus &#8211; Marsvinshydda &#8211; Uteh\u00e4gn &#8211; Naturlig &#8211; 181 x 100 x 48 cm"}]},{"@type":"WebSite","@id":"https:\/\/truusk.store\/sv\/#website","url":"https:\/\/truusk.store\/sv\/","name":"TRUUSK - Hem, Tr\u00e4dg\u00e5rd & Fritid","description":"","publisher":{"@id":"https:\/\/truusk.store\/sv\/#organization"},"potentialAction":[{"@type":"SearchAction","target":{"@type":"EntryPoint","urlTemplate":"https:\/\/truusk.store\/sv\/?s={search_term_string}"},"query-input":{"@type":"PropertyValueSpecification","valueRequired":true,"valueName":"search_term_string"}}],"inLanguage":"sv-SE"},{"@type":"Organization","@id":"https:\/\/truusk.store\/sv\/#organization","name":"TRUUSK - Hem, Tr\u00e4dg\u00e5rd & Fritid","url":"https:\/\/truusk.store\/sv\/","logo":{"@type":"ImageObject","inLanguage":"sv-SE","@id":"https:\/\/truusk.store\/sv\/#\/schema\/logo\/image\/","url":"https:\/\/i0.wp.com\/truusk.store\/wp-content\/uploads\/2026\/03\/cropped-TRUUSK.png?fit=2032%2C917&ssl=1","contentUrl":"https:\/\/i0.wp.com\/truusk.store\/wp-content\/uploads\/2026\/03\/cropped-TRUUSK.png?fit=2032%2C917&ssl=1","width":2032,"height":917,"caption":"TRUUSK - Hem, Tr\u00e4dg\u00e5rd & Fritid"},"image":{"@id":"https:\/\/truusk.store\/sv\/#\/schema\/logo\/image\/"}}]}},"jetpack_sharing_enabled":true,"_links":{"self":[{"href":"https:\/\/truusk.store\/sv\/wp-json\/wp\/v2\/product\/15694","targetHints":{"allow":["GET"]}}],"collection":[{"href":"https:\/\/truusk.store\/sv\/wp-json\/wp\/v2\/product"}],"about":[{"href":"https:\/\/truusk.store\/sv\/wp-json\/wp\/v2\/types\/product"}],"wp:featuredmedia":[{"embeddable":true,"href":"https:\/\/truusk.store\/sv\/wp-json\/wp\/v2\/media\/15695"}],"wp:attachment":[{"href":"https:\/\/truusk.store\/sv\/wp-json\/wp\/v2\/media?parent=15694"}],"wp:term":[{"taxonomy":"product_brand","embeddable":true,"href":"https:\/\/truusk.store\/sv\/wp-json\/wp\/v2\/product_brand?post=15694"},{"taxonomy":"product_cat","embeddable":true,"href":"https:\/\/truusk.store\/sv\/wp-json\/wp\/v2\/product_cat?post=15694"},{"taxonomy":"product_tag","embeddable":true,"href":"https:\/\/truusk.store\/sv\/wp-json\/wp\/v2\/product_tag?post=15694"}],"curies":[{"name":"wp","href":"https:\/\/api.w.org\/{rel}","templated":true}]}}