{"id":15728,"date":"2024-02-13T12:46:03","date_gmt":"2024-02-13T11:46:03","guid":{"rendered":"https:\/\/truusk.store\/product\/ergonomisk-kontorsstol-spelstol-snurrstol-med-fotstod-pc-stol-chefsstol-justerbar-i-hojdled-polyester-svart-rod-58-x-72-x-112-122-cm\/"},"modified":"2026-03-12T08:59:41","modified_gmt":"2026-03-12T07:59:41","slug":"truusk-ergonomisk-kontorsstol-spelstol-med-fotstod-justerbar-i-hojdled-svart-rod-58-x-72-x-112-122-cm","status":"publish","type":"product","link":"https:\/\/truusk.store\/sv\/produkt\/truusk-ergonomisk-kontorsstol-spelstol-med-fotstod-justerbar-i-hojdled-svart-rod-58-x-72-x-112-122-cm\/","title":{"rendered":"TRUUSK Ergonomisk Kontorsstol &#8211; Spelstol med Fotst\u00f6d &#8211; Justerbar i H\u00f6jdled &#8211; Svart + R\u00f6d &#8211; 58 x 72 x 112-122 cm"},"content":{"rendered":"<p>V\u00e4lj den h\u00e4r kontorsstolen, du kommer inte att \u00e5ngra dig. Du kan placera den p\u00e5 kontoret, studera eller hemma. Utrustad med en ergonomisk linjedesign med tjock vaddering och andningsbart meshtyg, erbjuder den extra komfort f\u00f6r l\u00e5nga arbetstimmar. Du kan justera sitsh\u00f6jd och ryggst\u00f6dsvinkel f\u00f6r att f\u00e5 en b\u00e4ttre sittupplevelse. P\u00e5 jobbet kan du r\u00f6ra dig snabbt med dess sv\u00e4ngbara hjul f\u00f6r att ha en snabb konversation.<\/p>\n<h3>Beskrivning:<\/h3>\n<ul>\n<li>Ergonomiska linjer med tjock stoppning, ger extra komfort<\/li>\n<li>Kontrastf\u00e4rg av svart och r\u00f6tt, l\u00e4gg till en modestil till ditt rum<\/li>\n<li>Mesh-ryggen andas<\/li>\n<li>Ryggvinkeln kan justeras upp till 135 grader med inf\u00e4llbart fotst\u00f6d<\/li>\n<li>Den justerbara h\u00f6jden kan passa ditt skrivbord eller sittvanor<\/li>\n<li>High-end gasfj\u00e4derlyft och hjul, g\u00f6r h\u00f6jdjusteringen och r\u00f6relsen smidig<\/li>\n<li>Sv\u00e4ngbara hjul s\u00e4kerst\u00e4ller enkel och snabb r\u00f6rlighet<\/li>\n<li>L\u00e4mplig f\u00f6r kontor, hemstudier, etc<\/li>\n<\/ul>\n<h3>Teknisk data:<\/h3>\n<ul>\n<li>F\u00e4rg: Svart+r\u00f6d<\/li>\n<li>Material: skum, meshtyg (polyester), spandextyg (polyester), PP, nylon<\/li>\n<li>Max lastkapacitet: 120 kg<\/li>\n<li>\u00d6vergripande m\u00e5tt: 58W x 72D x 112-122H cm<\/li>\n<li>Liggm\u00e5tt: 58W x 91D x 97-107H cm<\/li>\n<li>Sitsm\u00e5tt: 49W x 49D x 42-52H cm<\/li>\n<li>Armst\u00f6dets h\u00f6jd (till sittplats): 20 cm<\/li>\n<li>Ryggh\u00f6jd (till sittplats): 73 cm<\/li>\n<\/ul>\n<h3>Leveransens omfattning:<\/h3>\n<ul>\n<li>1 x Kontorsstol<\/li>\n<li>1 x Monteringsanvisning<\/li>\n<\/ul>\n","protected":false},"excerpt":{"rendered":"<p>V\u00e4lj den h\u00e4r kontorsstolen, du kommer inte att \u00e5ngra dig. Du kan placera den p\u00e5 kontoret, studera eller hemma. Utrustad&#8230;<\/p>\n","protected":false},"featured_media":15729,"template":"","meta":[],"product_brand":[],"product_cat":[485,517,515],"product_tag":[],"class_list":{"0":"post-15728","1":"product","2":"type-product","3":"status-publish","4":"has-post-thumbnail","6":"product_cat-hus-bo","7":"product_cat-spelstolar","8":"product_cat-stolar","10":"first","11":"instock","12":"sale","13":"taxable","14":"shipping-taxable","15":"purchasable","16":"product-type-simple"},"yoast_head":"<!-- This site is optimized with the Yoast SEO plugin v25.4 - https:\/\/yoast.com\/wordpress\/plugins\/seo\/ -->\n<title>TRUUSK Ergonomisk Kontorsstol - Spelstol med Fotst\u00f6d - Justerbar i H\u00f6jdled - Svart + R\u00f6d - 58 x 72 x 112-122 cm - TRUUSK - Hem, Tr\u00e4dg\u00e5rd &amp; Fritid<\/title>\n<meta name=\"robots\" content=\"index, follow, max-snippet:-1, max-image-preview:large, max-video-preview:-1\" \/>\n<link rel=\"canonical\" href=\"https:\/\/truusk.store\/sv\/produkt\/truusk-ergonomisk-kontorsstol-spelstol-med-fotstod-justerbar-i-hojdled-svart-rod-58-x-72-x-112-122-cm\/\" \/>\n<meta property=\"og:locale\" content=\"sv_SE\" \/>\n<meta property=\"og:type\" content=\"article\" \/>\n<meta property=\"og:title\" content=\"TRUUSK Ergonomisk Kontorsstol - Spelstol med Fotst\u00f6d - Justerbar i H\u00f6jdled - Svart + R\u00f6d - 58 x 72 x 112-122 cm - TRUUSK - Hem, Tr\u00e4dg\u00e5rd &amp; Fritid\" \/>\n<meta property=\"og:description\" content=\"V\u00e4lj den h\u00e4r kontorsstolen, du kommer inte att \u00e5ngra dig. Du kan placera den p\u00e5 kontoret, studera eller hemma. Utrustad...\" \/>\n<meta property=\"og:url\" content=\"https:\/\/truusk.store\/sv\/produkt\/truusk-ergonomisk-kontorsstol-spelstol-med-fotstod-justerbar-i-hojdled-svart-rod-58-x-72-x-112-122-cm\/\" \/>\n<meta property=\"og:site_name\" content=\"TRUUSK - Hem, Tr\u00e4dg\u00e5rd &amp; Fritid\" \/>\n<meta property=\"article:modified_time\" content=\"2026-03-12T07:59:41+00:00\" \/>\n<meta property=\"og:image\" content=\"https:\/\/i0.wp.com\/truusk.se\/wp-content\/uploads\/2024\/02\/ergonomisk-kontorsstol-spelstol-snurrstol-med-fotstod-pc-stol-chefsstol-justerbar-i-hojdled-polyester-svart-rod-58-x-72-x-112-122-cm.webp?fit=800%2C800&ssl=1\" \/>\n\t<meta property=\"og:image:width\" content=\"800\" \/>\n\t<meta property=\"og:image:height\" content=\"800\" \/>\n\t<meta property=\"og:image:type\" content=\"image\/webp\" \/>\n<meta name=\"twitter:card\" content=\"summary_large_image\" \/>\n<meta name=\"twitter:label1\" content=\"Ber\u00e4knad l\u00e4stid\" \/>\n\t<meta name=\"twitter:data1\" content=\"1 minut\" \/>\n<!-- \/ Yoast SEO plugin. -->","yoast_head_json":{"title":"TRUUSK Ergonomisk Kontorsstol - Spelstol med Fotst\u00f6d - Justerbar i H\u00f6jdled - Svart + R\u00f6d - 58 x 72 x 112-122 cm - TRUUSK - Hem, Tr\u00e4dg\u00e5rd &amp; Fritid","robots":{"index":"index","follow":"follow","max-snippet":"max-snippet:-1","max-image-preview":"max-image-preview:large","max-video-preview":"max-video-preview:-1"},"canonical":"https:\/\/truusk.store\/sv\/produkt\/truusk-ergonomisk-kontorsstol-spelstol-med-fotstod-justerbar-i-hojdled-svart-rod-58-x-72-x-112-122-cm\/","og_locale":"sv_SE","og_type":"article","og_title":"TRUUSK Ergonomisk Kontorsstol - Spelstol med Fotst\u00f6d - Justerbar i H\u00f6jdled - Svart + R\u00f6d - 58 x 72 x 112-122 cm - TRUUSK - Hem, Tr\u00e4dg\u00e5rd &amp; Fritid","og_description":"V\u00e4lj den h\u00e4r kontorsstolen, du kommer inte att \u00e5ngra dig. Du kan placera den p\u00e5 kontoret, studera eller hemma. Utrustad...","og_url":"https:\/\/truusk.store\/sv\/produkt\/truusk-ergonomisk-kontorsstol-spelstol-med-fotstod-justerbar-i-hojdled-svart-rod-58-x-72-x-112-122-cm\/","og_site_name":"TRUUSK - Hem, Tr\u00e4dg\u00e5rd &amp; Fritid","article_modified_time":"2026-03-12T07:59:41+00:00","og_image":[{"width":800,"height":800,"url":"https:\/\/i0.wp.com\/truusk.se\/wp-content\/uploads\/2024\/02\/ergonomisk-kontorsstol-spelstol-snurrstol-med-fotstod-pc-stol-chefsstol-justerbar-i-hojdled-polyester-svart-rod-58-x-72-x-112-122-cm.webp?fit=800%2C800&ssl=1","type":"image\/webp"}],"twitter_card":"summary_large_image","twitter_misc":{"Ber\u00e4knad l\u00e4stid":"1 minut"},"schema":{"@context":"https:\/\/schema.org","@graph":[{"@type":"WebPage","@id":"https:\/\/truusk.store\/sv\/produkt\/truusk-ergonomisk-kontorsstol-spelstol-med-fotstod-justerbar-i-hojdled-svart-rod-58-x-72-x-112-122-cm\/","url":"https:\/\/truusk.store\/sv\/produkt\/truusk-ergonomisk-kontorsstol-spelstol-med-fotstod-justerbar-i-hojdled-svart-rod-58-x-72-x-112-122-cm\/","name":"TRUUSK Ergonomisk Kontorsstol - Spelstol med Fotst\u00f6d - Justerbar i H\u00f6jdled - Svart + R\u00f6d - 58 x 72 x 112-122 cm - TRUUSK - Hem, Tr\u00e4dg\u00e5rd &amp; Fritid","isPartOf":{"@id":"https:\/\/truusk.store\/sv\/#website"},"primaryImageOfPage":{"@id":"https:\/\/truusk.store\/sv\/produkt\/truusk-ergonomisk-kontorsstol-spelstol-med-fotstod-justerbar-i-hojdled-svart-rod-58-x-72-x-112-122-cm\/#primaryimage"},"image":{"@id":"https:\/\/truusk.store\/sv\/produkt\/truusk-ergonomisk-kontorsstol-spelstol-med-fotstod-justerbar-i-hojdled-svart-rod-58-x-72-x-112-122-cm\/#primaryimage"},"thumbnailUrl":"https:\/\/i0.wp.com\/truusk.store\/wp-content\/uploads\/2024\/02\/ergonomisk-kontorsstol-spelstol-snurrstol-med-fotstod-pc-stol-chefsstol-justerbar-i-hojdled-polyester-svart-rod-58-x-72-x-112-122-cm.webp?fit=800%2C800&ssl=1","datePublished":"2024-02-13T11:46:03+00:00","dateModified":"2026-03-12T07:59:41+00:00","breadcrumb":{"@id":"https:\/\/truusk.store\/sv\/produkt\/truusk-ergonomisk-kontorsstol-spelstol-med-fotstod-justerbar-i-hojdled-svart-rod-58-x-72-x-112-122-cm\/#breadcrumb"},"inLanguage":"sv-SE","potentialAction":[{"@type":"ReadAction","target":["https:\/\/truusk.store\/sv\/produkt\/truusk-ergonomisk-kontorsstol-spelstol-med-fotstod-justerbar-i-hojdled-svart-rod-58-x-72-x-112-122-cm\/"]}]},{"@type":"ImageObject","inLanguage":"sv-SE","@id":"https:\/\/truusk.store\/sv\/produkt\/truusk-ergonomisk-kontorsstol-spelstol-med-fotstod-justerbar-i-hojdled-svart-rod-58-x-72-x-112-122-cm\/#primaryimage","url":"https:\/\/i0.wp.com\/truusk.store\/wp-content\/uploads\/2024\/02\/ergonomisk-kontorsstol-spelstol-snurrstol-med-fotstod-pc-stol-chefsstol-justerbar-i-hojdled-polyester-svart-rod-58-x-72-x-112-122-cm.webp?fit=800%2C800&ssl=1","contentUrl":"https:\/\/i0.wp.com\/truusk.store\/wp-content\/uploads\/2024\/02\/ergonomisk-kontorsstol-spelstol-snurrstol-med-fotstod-pc-stol-chefsstol-justerbar-i-hojdled-polyester-svart-rod-58-x-72-x-112-122-cm.webp?fit=800%2C800&ssl=1","width":800,"height":800,"caption":"Ergonomisk Kontorsstol, Spelstol, Snurrstol Med Fotst\u00f6d, PC-stol, Chefsstol, Justerbar I H\u00f6jdled, Polyester, Svart + R\u00f6d, 58 X 72 X 112-122 Cm 1"},{"@type":"BreadcrumbList","@id":"https:\/\/truusk.store\/sv\/produkt\/truusk-ergonomisk-kontorsstol-spelstol-med-fotstod-justerbar-i-hojdled-svart-rod-58-x-72-x-112-122-cm\/#breadcrumb","itemListElement":[{"@type":"ListItem","position":1,"name":"Home","item":"https:\/\/truusk.store\/sv\/"},{"@type":"ListItem","position":2,"name":"Shop","item":"https:\/\/truusk.store\/shop\/"},{"@type":"ListItem","position":3,"name":"TRUUSK Ergonomisk Kontorsstol &#8211; Spelstol med Fotst\u00f6d &#8211; Justerbar i H\u00f6jdled &#8211; Svart + R\u00f6d &#8211; 58 x 72 x 112-122 cm"}]},{"@type":"WebSite","@id":"https:\/\/truusk.store\/sv\/#website","url":"https:\/\/truusk.store\/sv\/","name":"TRUUSK - Hem, Tr\u00e4dg\u00e5rd & Fritid","description":"","publisher":{"@id":"https:\/\/truusk.store\/sv\/#organization"},"potentialAction":[{"@type":"SearchAction","target":{"@type":"EntryPoint","urlTemplate":"https:\/\/truusk.store\/sv\/?s={search_term_string}"},"query-input":{"@type":"PropertyValueSpecification","valueRequired":true,"valueName":"search_term_string"}}],"inLanguage":"sv-SE"},{"@type":"Organization","@id":"https:\/\/truusk.store\/sv\/#organization","name":"TRUUSK - Hem, Tr\u00e4dg\u00e5rd & Fritid","url":"https:\/\/truusk.store\/sv\/","logo":{"@type":"ImageObject","inLanguage":"sv-SE","@id":"https:\/\/truusk.store\/sv\/#\/schema\/logo\/image\/","url":"https:\/\/i0.wp.com\/truusk.store\/wp-content\/uploads\/2026\/03\/cropped-TRUUSK.png?fit=2032%2C917&ssl=1","contentUrl":"https:\/\/i0.wp.com\/truusk.store\/wp-content\/uploads\/2026\/03\/cropped-TRUUSK.png?fit=2032%2C917&ssl=1","width":2032,"height":917,"caption":"TRUUSK - Hem, Tr\u00e4dg\u00e5rd & Fritid"},"image":{"@id":"https:\/\/truusk.store\/sv\/#\/schema\/logo\/image\/"}}]}},"jetpack_sharing_enabled":true,"_links":{"self":[{"href":"https:\/\/truusk.store\/sv\/wp-json\/wp\/v2\/product\/15728","targetHints":{"allow":["GET"]}}],"collection":[{"href":"https:\/\/truusk.store\/sv\/wp-json\/wp\/v2\/product"}],"about":[{"href":"https:\/\/truusk.store\/sv\/wp-json\/wp\/v2\/types\/product"}],"wp:featuredmedia":[{"embeddable":true,"href":"https:\/\/truusk.store\/sv\/wp-json\/wp\/v2\/media\/15729"}],"wp:attachment":[{"href":"https:\/\/truusk.store\/sv\/wp-json\/wp\/v2\/media?parent=15728"}],"wp:term":[{"taxonomy":"product_brand","embeddable":true,"href":"https:\/\/truusk.store\/sv\/wp-json\/wp\/v2\/product_brand?post=15728"},{"taxonomy":"product_cat","embeddable":true,"href":"https:\/\/truusk.store\/sv\/wp-json\/wp\/v2\/product_cat?post=15728"},{"taxonomy":"product_tag","embeddable":true,"href":"https:\/\/truusk.store\/sv\/wp-json\/wp\/v2\/product_tag?post=15728"}],"curies":[{"name":"wp","href":"https:\/\/api.w.org\/{rel}","templated":true}]}}