{"id":15876,"date":"2024-02-13T12:50:18","date_gmt":"2024-02-13T11:50:18","guid":{"rendered":"https:\/\/truusk.store\/product\/basketkorg-med-nat-basketnat-stalror-nylon-rod-bla-vit-46-cm\/"},"modified":"2026-03-12T08:59:42","modified_gmt":"2026-03-12T07:59:42","slug":"truusk-kattkorg-med-nat-och-stalror-fallbar-och-latt-att-hantera-rott-blatt-och-vitt-46-cm","status":"publish","type":"product","link":"https:\/\/truusk.store\/sv\/produkt\/truusk-kattkorg-med-nat-och-stalror-fallbar-och-latt-att-hantera-rott-blatt-och-vitt-46-cm\/","title":{"rendered":"TRUUSK Kattkorg med N\u00e4t och St\u00e5lr\u00f6r &#8211; F\u00e4llbar och L\u00e4tt att Hantera &#8211; R\u00f6tt, Bl\u00e5tt och Vitt &#8211; 46 cm"},"content":{"rendered":"<p>Kul f\u00f6r unga och gamla: Du kan f\u00e4sta basketn\u00e4tet b\u00e5de ute och inomhus, p\u00e5 v\u00e4ggar. Installationen \u00e4r snabb och enkel, och du kan b\u00f6rja anv\u00e4nda den med v\u00e4nner eller ensam. Nylonn\u00e4tet \u00e4r v\u00e4derbest\u00e4ndigt och metalldelarna har en slitstark pulverlackering. Det finns bara en sak kvar: ha kul att spela!<\/p>\n<h3>Beskrivning:<\/h3>\n<ul>\n<li>Basketn\u00e4t f\u00f6r inom- och utomhusbruk<\/li>\n<li>Montering p\u00e5 v\u00e4gg<\/li>\n<li>Metalldelar med pulverlackering<\/li>\n<li>Fj\u00e4drande konstruktion<\/li>\n<li>Enkel montering (med tillbeh\u00f6r)<\/li>\n<li>OBS: Denna produkt kan endast installeras p\u00e5 v\u00e4ggen<\/li>\n<\/ul>\n<h3>Teknisk data:<\/h3>\n<ul>\n<li>Material: st\u00e5lr\u00f6r, nylon<\/li>\n<li>Diameter: 46 cm<\/li>\n<li>Tjocklek j\u00e4rnr\u00f6r: T1,6 cm<\/li>\n<li>F\u00e4rg: R\u00f6d + Bl\u00e5 + Vit<\/li>\n<\/ul>\n<h3>Leveransens omfattning:<\/h3>\n<ul>\n<li>1 x Basketb\u00e5ge<\/li>\n<li>1 x n\u00e4t<\/li>\n<li>1 x tillbeh\u00f6r<\/li>\n<\/ul>\n","protected":false},"excerpt":{"rendered":"<p>Kul f\u00f6r unga och gamla: Du kan f\u00e4sta basketn\u00e4tet b\u00e5de ute och inomhus, p\u00e5 v\u00e4ggar. Installationen \u00e4r snabb och enkel,&#8230;<\/p>\n","protected":false},"featured_media":15877,"template":"","meta":[],"product_brand":[],"product_cat":[609,617,738,616],"product_tag":[],"class_list":{"0":"post-15876","1":"product","2":"type-product","3":"status-publish","4":"has-post-thumbnail","6":"product_cat-baby-barn","7":"product_cat-barnidrott","8":"product_cat-basketstallning","9":"product_cat-utomhusleksaker","11":"first","12":"instock","13":"sale","14":"taxable","15":"shipping-taxable","16":"purchasable","17":"product-type-simple"},"yoast_head":"<!-- This site is optimized with the Yoast SEO plugin v25.4 - https:\/\/yoast.com\/wordpress\/plugins\/seo\/ -->\n<title>TRUUSK Kattkorg med N\u00e4t och St\u00e5lr\u00f6r - F\u00e4llbar och L\u00e4tt att Hantera - R\u00f6tt, Bl\u00e5tt och Vitt - 46 cm - TRUUSK - Hem, Tr\u00e4dg\u00e5rd &amp; Fritid<\/title>\n<meta name=\"robots\" content=\"index, follow, max-snippet:-1, max-image-preview:large, max-video-preview:-1\" \/>\n<link rel=\"canonical\" href=\"https:\/\/truusk.store\/sv\/produkt\/truusk-kattkorg-med-nat-och-stalror-fallbar-och-latt-att-hantera-rott-blatt-och-vitt-46-cm\/\" \/>\n<meta property=\"og:locale\" content=\"sv_SE\" \/>\n<meta property=\"og:type\" content=\"article\" \/>\n<meta property=\"og:title\" content=\"TRUUSK Kattkorg med N\u00e4t och St\u00e5lr\u00f6r - F\u00e4llbar och L\u00e4tt att Hantera - R\u00f6tt, Bl\u00e5tt och Vitt - 46 cm - TRUUSK - Hem, Tr\u00e4dg\u00e5rd &amp; Fritid\" \/>\n<meta property=\"og:description\" content=\"Kul f\u00f6r unga och gamla: Du kan f\u00e4sta basketn\u00e4tet b\u00e5de ute och inomhus, p\u00e5 v\u00e4ggar. Installationen \u00e4r snabb och enkel,...\" \/>\n<meta property=\"og:url\" content=\"https:\/\/truusk.store\/sv\/produkt\/truusk-kattkorg-med-nat-och-stalror-fallbar-och-latt-att-hantera-rott-blatt-och-vitt-46-cm\/\" \/>\n<meta property=\"og:site_name\" content=\"TRUUSK - Hem, Tr\u00e4dg\u00e5rd &amp; Fritid\" \/>\n<meta property=\"article:modified_time\" content=\"2026-03-12T07:59:42+00:00\" \/>\n<meta property=\"og:image\" content=\"https:\/\/i0.wp.com\/truusk.se\/wp-content\/uploads\/2024\/02\/basketkorg-med-nat-basketnat-stalror-nylon-rod-bla-vit-46-cm.webp?fit=800%2C800&ssl=1\" \/>\n\t<meta property=\"og:image:width\" content=\"800\" \/>\n\t<meta property=\"og:image:height\" content=\"800\" \/>\n\t<meta property=\"og:image:type\" content=\"image\/webp\" \/>\n<meta name=\"twitter:card\" content=\"summary_large_image\" \/>\n<meta name=\"twitter:label1\" content=\"Ber\u00e4knad l\u00e4stid\" \/>\n\t<meta name=\"twitter:data1\" content=\"1 minut\" \/>\n<!-- \/ Yoast SEO plugin. -->","yoast_head_json":{"title":"TRUUSK Kattkorg med N\u00e4t och St\u00e5lr\u00f6r - F\u00e4llbar och L\u00e4tt att Hantera - R\u00f6tt, Bl\u00e5tt och Vitt - 46 cm - TRUUSK - Hem, Tr\u00e4dg\u00e5rd &amp; Fritid","robots":{"index":"index","follow":"follow","max-snippet":"max-snippet:-1","max-image-preview":"max-image-preview:large","max-video-preview":"max-video-preview:-1"},"canonical":"https:\/\/truusk.store\/sv\/produkt\/truusk-kattkorg-med-nat-och-stalror-fallbar-och-latt-att-hantera-rott-blatt-och-vitt-46-cm\/","og_locale":"sv_SE","og_type":"article","og_title":"TRUUSK Kattkorg med N\u00e4t och St\u00e5lr\u00f6r - F\u00e4llbar och L\u00e4tt att Hantera - R\u00f6tt, Bl\u00e5tt och Vitt - 46 cm - TRUUSK - Hem, Tr\u00e4dg\u00e5rd &amp; Fritid","og_description":"Kul f\u00f6r unga och gamla: Du kan f\u00e4sta basketn\u00e4tet b\u00e5de ute och inomhus, p\u00e5 v\u00e4ggar. Installationen \u00e4r snabb och enkel,...","og_url":"https:\/\/truusk.store\/sv\/produkt\/truusk-kattkorg-med-nat-och-stalror-fallbar-och-latt-att-hantera-rott-blatt-och-vitt-46-cm\/","og_site_name":"TRUUSK - Hem, Tr\u00e4dg\u00e5rd &amp; Fritid","article_modified_time":"2026-03-12T07:59:42+00:00","og_image":[{"width":800,"height":800,"url":"https:\/\/i0.wp.com\/truusk.se\/wp-content\/uploads\/2024\/02\/basketkorg-med-nat-basketnat-stalror-nylon-rod-bla-vit-46-cm.webp?fit=800%2C800&ssl=1","type":"image\/webp"}],"twitter_card":"summary_large_image","twitter_misc":{"Ber\u00e4knad l\u00e4stid":"1 minut"},"schema":{"@context":"https:\/\/schema.org","@graph":[{"@type":"WebPage","@id":"https:\/\/truusk.store\/sv\/produkt\/truusk-kattkorg-med-nat-och-stalror-fallbar-och-latt-att-hantera-rott-blatt-och-vitt-46-cm\/","url":"https:\/\/truusk.store\/sv\/produkt\/truusk-kattkorg-med-nat-och-stalror-fallbar-och-latt-att-hantera-rott-blatt-och-vitt-46-cm\/","name":"TRUUSK Kattkorg med N\u00e4t och St\u00e5lr\u00f6r - F\u00e4llbar och L\u00e4tt att Hantera - R\u00f6tt, Bl\u00e5tt och Vitt - 46 cm - TRUUSK - Hem, Tr\u00e4dg\u00e5rd &amp; Fritid","isPartOf":{"@id":"https:\/\/truusk.store\/sv\/#website"},"primaryImageOfPage":{"@id":"https:\/\/truusk.store\/sv\/produkt\/truusk-kattkorg-med-nat-och-stalror-fallbar-och-latt-att-hantera-rott-blatt-och-vitt-46-cm\/#primaryimage"},"image":{"@id":"https:\/\/truusk.store\/sv\/produkt\/truusk-kattkorg-med-nat-och-stalror-fallbar-och-latt-att-hantera-rott-blatt-och-vitt-46-cm\/#primaryimage"},"thumbnailUrl":"https:\/\/i0.wp.com\/truusk.store\/wp-content\/uploads\/2024\/02\/basketkorg-med-nat-basketnat-stalror-nylon-rod-bla-vit-46-cm.webp?fit=800%2C800&ssl=1","datePublished":"2024-02-13T11:50:18+00:00","dateModified":"2026-03-12T07:59:42+00:00","breadcrumb":{"@id":"https:\/\/truusk.store\/sv\/produkt\/truusk-kattkorg-med-nat-och-stalror-fallbar-och-latt-att-hantera-rott-blatt-och-vitt-46-cm\/#breadcrumb"},"inLanguage":"sv-SE","potentialAction":[{"@type":"ReadAction","target":["https:\/\/truusk.store\/sv\/produkt\/truusk-kattkorg-med-nat-och-stalror-fallbar-och-latt-att-hantera-rott-blatt-och-vitt-46-cm\/"]}]},{"@type":"ImageObject","inLanguage":"sv-SE","@id":"https:\/\/truusk.store\/sv\/produkt\/truusk-kattkorg-med-nat-och-stalror-fallbar-och-latt-att-hantera-rott-blatt-och-vitt-46-cm\/#primaryimage","url":"https:\/\/i0.wp.com\/truusk.store\/wp-content\/uploads\/2024\/02\/basketkorg-med-nat-basketnat-stalror-nylon-rod-bla-vit-46-cm.webp?fit=800%2C800&ssl=1","contentUrl":"https:\/\/i0.wp.com\/truusk.store\/wp-content\/uploads\/2024\/02\/basketkorg-med-nat-basketnat-stalror-nylon-rod-bla-vit-46-cm.webp?fit=800%2C800&ssl=1","width":800,"height":800,"caption":"Basketkorg Med N\u00e4t, Basketn\u00e4t, St\u00e5lr\u00f6r + Nylon, R\u00f6d + Bl\u00e5 + Vit, 46 Cm 1"},{"@type":"BreadcrumbList","@id":"https:\/\/truusk.store\/sv\/produkt\/truusk-kattkorg-med-nat-och-stalror-fallbar-och-latt-att-hantera-rott-blatt-och-vitt-46-cm\/#breadcrumb","itemListElement":[{"@type":"ListItem","position":1,"name":"Home","item":"https:\/\/truusk.store\/sv\/"},{"@type":"ListItem","position":2,"name":"Shop","item":"https:\/\/truusk.store\/shop\/"},{"@type":"ListItem","position":3,"name":"TRUUSK Kattkorg med N\u00e4t och St\u00e5lr\u00f6r &#8211; F\u00e4llbar och L\u00e4tt att Hantera &#8211; R\u00f6tt, Bl\u00e5tt och Vitt &#8211; 46 cm"}]},{"@type":"WebSite","@id":"https:\/\/truusk.store\/sv\/#website","url":"https:\/\/truusk.store\/sv\/","name":"TRUUSK - Hem, Tr\u00e4dg\u00e5rd & Fritid","description":"","publisher":{"@id":"https:\/\/truusk.store\/sv\/#organization"},"potentialAction":[{"@type":"SearchAction","target":{"@type":"EntryPoint","urlTemplate":"https:\/\/truusk.store\/sv\/?s={search_term_string}"},"query-input":{"@type":"PropertyValueSpecification","valueRequired":true,"valueName":"search_term_string"}}],"inLanguage":"sv-SE"},{"@type":"Organization","@id":"https:\/\/truusk.store\/sv\/#organization","name":"TRUUSK - Hem, Tr\u00e4dg\u00e5rd & Fritid","url":"https:\/\/truusk.store\/sv\/","logo":{"@type":"ImageObject","inLanguage":"sv-SE","@id":"https:\/\/truusk.store\/sv\/#\/schema\/logo\/image\/","url":"https:\/\/i0.wp.com\/truusk.store\/wp-content\/uploads\/2026\/03\/cropped-TRUUSK.png?fit=2032%2C917&ssl=1","contentUrl":"https:\/\/i0.wp.com\/truusk.store\/wp-content\/uploads\/2026\/03\/cropped-TRUUSK.png?fit=2032%2C917&ssl=1","width":2032,"height":917,"caption":"TRUUSK - Hem, Tr\u00e4dg\u00e5rd & Fritid"},"image":{"@id":"https:\/\/truusk.store\/sv\/#\/schema\/logo\/image\/"}}]}},"jetpack_sharing_enabled":true,"_links":{"self":[{"href":"https:\/\/truusk.store\/sv\/wp-json\/wp\/v2\/product\/15876","targetHints":{"allow":["GET"]}}],"collection":[{"href":"https:\/\/truusk.store\/sv\/wp-json\/wp\/v2\/product"}],"about":[{"href":"https:\/\/truusk.store\/sv\/wp-json\/wp\/v2\/types\/product"}],"wp:featuredmedia":[{"embeddable":true,"href":"https:\/\/truusk.store\/sv\/wp-json\/wp\/v2\/media\/15877"}],"wp:attachment":[{"href":"https:\/\/truusk.store\/sv\/wp-json\/wp\/v2\/media?parent=15876"}],"wp:term":[{"taxonomy":"product_brand","embeddable":true,"href":"https:\/\/truusk.store\/sv\/wp-json\/wp\/v2\/product_brand?post=15876"},{"taxonomy":"product_cat","embeddable":true,"href":"https:\/\/truusk.store\/sv\/wp-json\/wp\/v2\/product_cat?post=15876"},{"taxonomy":"product_tag","embeddable":true,"href":"https:\/\/truusk.store\/sv\/wp-json\/wp\/v2\/product_tag?post=15876"}],"curies":[{"name":"wp","href":"https:\/\/api.w.org\/{rel}","templated":true}]}}