{"id":15942,"date":"2024-02-13T12:52:14","date_gmt":"2024-02-13T11:52:14","guid":{"rendered":"https:\/\/truusk.store\/product\/djurtrappa-katttrappa-hundtrappa-vikbar-3-stegs-djurtrappa-med-forvaringsutrymme-for-katter-och-hundar-mdf-vit-40-x-54-x-48-cm\/"},"modified":"2026-03-12T08:59:44","modified_gmt":"2026-03-12T07:59:44","slug":"truusk-djurtrappa-for-katter-och-hundar-vikbar-3-stegs-trappa-med-forvaringsutrymme-mdf-vit-40-x-54-x-48-cm","status":"publish","type":"product","link":"https:\/\/truusk.store\/sv\/produkt\/truusk-djurtrappa-for-katter-och-hundar-vikbar-3-stegs-trappa-med-forvaringsutrymme-mdf-vit-40-x-54-x-48-cm\/","title":{"rendered":"TRUUSK Djurtrappa f\u00f6r Katter och Hundar &#8211; Vikbar 3-stegs Trappa &#8211; Med F\u00f6rvaringsutrymme &#8211; MDF Vit &#8211; 40 x 54 x 48 cm"},"content":{"rendered":"<p>S\u00e4rskilt \u00e4ldre husdjur k\u00e4mpar ofta med r\u00f6relseproblem. Trestegs trappan f\u00f6r husdjur kan hj\u00e4lpa till h\u00e4r. Med den kan till exempel gamla eller s\u00e4rskilt sm\u00e5 hundar enkelt ta sig upp i soffan eller in i bilen. Det finns ocks\u00e5 gott om f\u00f6rvaringsutrymme under trappan d\u00e4r du kan f\u00f6rvara alla slags husdjursf\u00f6rn\u00f6denheter. Den vikbara designen s\u00e4kerst\u00e4ller att djurtrappan l\u00e4tt kan demonteras och f\u00f6rvaras. \u00d6verdraget av ultramjukt h\u00f6ggolvsmaterial kommer snabbt att g\u00f6ra trappan till en favoritplats f\u00f6r dina husdjur.<\/p>\n<h3>Beskrivning:<\/h3>\n<ul>\n<li>Perfekt f\u00f6r sm\u00e5 husdjur och \u00e4ldre djur med r\u00f6relseproblem<\/li>\n<li>L\u00e4tt att ta p\u00e5\/av, till exempel i soffan eller i bilen<\/li>\n<li>Vikbar design f\u00f6r enkel f\u00f6rvaring<\/li>\n<li>Trestegstrappans insida kan anv\u00e4ndas som f\u00f6rvaringsutrymme<\/li>\n<li>Enkel konstruktion<\/li>\n<\/ul>\n<h3>Teknisk data:<\/h3>\n<ul>\n<li>Material: P2 klass MDF, mocka, fleece<\/li>\n<li>F\u00e4rg vit<\/li>\n<li>\u00d6vergripande m\u00e5tt: B40 x D54 x H48 cm<\/li>\n<li>M\u00e5tt p\u00e5 stegen: B40 x D18 x H16 cm<\/li>\n<li>Vikt: 4,2 kg<\/li>\n<\/ul>\n<h3>Leveransens omfattning:<\/h3>\n<ul>\n<li>1 x Djurtrappa<\/li>\n<li>1 x Monteringsanvisning<\/li>\n<\/ul>\n","protected":false},"excerpt":{"rendered":"<p>S\u00e4rskilt \u00e4ldre husdjur k\u00e4mpar ofta med r\u00f6relseproblem. Trestegs trappan f\u00f6r husdjur kan hj\u00e4lpa till h\u00e4r. Med den kan till exempel&#8230;<\/p>\n","protected":false},"featured_media":15943,"template":"","meta":[],"product_brand":[],"product_cat":[573,588,592],"product_tag":[],"class_list":{"0":"post-15942","1":"product","2":"type-product","3":"status-publish","4":"has-post-thumbnail","6":"product_cat-husdjursmaterial","7":"product_cat-katttillbehor","8":"product_cat-katttrappa","10":"first","11":"instock","12":"sale","13":"taxable","14":"shipping-taxable","15":"purchasable","16":"product-type-simple"},"yoast_head":"<!-- This site is optimized with the Yoast SEO plugin v25.4 - https:\/\/yoast.com\/wordpress\/plugins\/seo\/ -->\n<title>TRUUSK Djurtrappa f\u00f6r Katter och Hundar - Vikbar 3-stegs Trappa - Med F\u00f6rvaringsutrymme - MDF Vit - 40 x 54 x 48 cm - TRUUSK - Hem, Tr\u00e4dg\u00e5rd &amp; Fritid<\/title>\n<meta name=\"robots\" content=\"index, follow, max-snippet:-1, max-image-preview:large, max-video-preview:-1\" \/>\n<link rel=\"canonical\" href=\"https:\/\/truusk.store\/sv\/produkt\/truusk-djurtrappa-for-katter-och-hundar-vikbar-3-stegs-trappa-med-forvaringsutrymme-mdf-vit-40-x-54-x-48-cm\/\" \/>\n<meta property=\"og:locale\" content=\"sv_SE\" \/>\n<meta property=\"og:type\" content=\"article\" \/>\n<meta property=\"og:title\" content=\"TRUUSK Djurtrappa f\u00f6r Katter och Hundar - Vikbar 3-stegs Trappa - Med F\u00f6rvaringsutrymme - MDF Vit - 40 x 54 x 48 cm - TRUUSK - Hem, Tr\u00e4dg\u00e5rd &amp; Fritid\" \/>\n<meta property=\"og:description\" content=\"S\u00e4rskilt \u00e4ldre husdjur k\u00e4mpar ofta med r\u00f6relseproblem. Trestegs trappan f\u00f6r husdjur kan hj\u00e4lpa till h\u00e4r. Med den kan till exempel...\" \/>\n<meta property=\"og:url\" content=\"https:\/\/truusk.store\/sv\/produkt\/truusk-djurtrappa-for-katter-och-hundar-vikbar-3-stegs-trappa-med-forvaringsutrymme-mdf-vit-40-x-54-x-48-cm\/\" \/>\n<meta property=\"og:site_name\" content=\"TRUUSK - Hem, Tr\u00e4dg\u00e5rd &amp; Fritid\" \/>\n<meta property=\"article:modified_time\" content=\"2026-03-12T07:59:44+00:00\" \/>\n<meta property=\"og:image\" content=\"https:\/\/i0.wp.com\/truusk.se\/wp-content\/uploads\/2024\/02\/djurtrappa-katttrappa-hundtrappa-vikbar-3-stegs-djurtrappa-med-forvaringsutrymme-for-katter-och-hundar-mdf-vit-40-x-54-x-48-cm.webp?fit=800%2C800&ssl=1\" \/>\n\t<meta property=\"og:image:width\" content=\"800\" \/>\n\t<meta property=\"og:image:height\" content=\"800\" \/>\n\t<meta property=\"og:image:type\" content=\"image\/webp\" \/>\n<meta name=\"twitter:card\" content=\"summary_large_image\" \/>\n<meta name=\"twitter:label1\" content=\"Ber\u00e4knad l\u00e4stid\" \/>\n\t<meta name=\"twitter:data1\" content=\"1 minut\" \/>\n<!-- \/ Yoast SEO plugin. -->","yoast_head_json":{"title":"TRUUSK Djurtrappa f\u00f6r Katter och Hundar - Vikbar 3-stegs Trappa - Med F\u00f6rvaringsutrymme - MDF Vit - 40 x 54 x 48 cm - TRUUSK - Hem, Tr\u00e4dg\u00e5rd &amp; Fritid","robots":{"index":"index","follow":"follow","max-snippet":"max-snippet:-1","max-image-preview":"max-image-preview:large","max-video-preview":"max-video-preview:-1"},"canonical":"https:\/\/truusk.store\/sv\/produkt\/truusk-djurtrappa-for-katter-och-hundar-vikbar-3-stegs-trappa-med-forvaringsutrymme-mdf-vit-40-x-54-x-48-cm\/","og_locale":"sv_SE","og_type":"article","og_title":"TRUUSK Djurtrappa f\u00f6r Katter och Hundar - Vikbar 3-stegs Trappa - Med F\u00f6rvaringsutrymme - MDF Vit - 40 x 54 x 48 cm - TRUUSK - Hem, Tr\u00e4dg\u00e5rd &amp; Fritid","og_description":"S\u00e4rskilt \u00e4ldre husdjur k\u00e4mpar ofta med r\u00f6relseproblem. Trestegs trappan f\u00f6r husdjur kan hj\u00e4lpa till h\u00e4r. Med den kan till exempel...","og_url":"https:\/\/truusk.store\/sv\/produkt\/truusk-djurtrappa-for-katter-och-hundar-vikbar-3-stegs-trappa-med-forvaringsutrymme-mdf-vit-40-x-54-x-48-cm\/","og_site_name":"TRUUSK - Hem, Tr\u00e4dg\u00e5rd &amp; Fritid","article_modified_time":"2026-03-12T07:59:44+00:00","og_image":[{"width":800,"height":800,"url":"https:\/\/i0.wp.com\/truusk.se\/wp-content\/uploads\/2024\/02\/djurtrappa-katttrappa-hundtrappa-vikbar-3-stegs-djurtrappa-med-forvaringsutrymme-for-katter-och-hundar-mdf-vit-40-x-54-x-48-cm.webp?fit=800%2C800&ssl=1","type":"image\/webp"}],"twitter_card":"summary_large_image","twitter_misc":{"Ber\u00e4knad l\u00e4stid":"1 minut"},"schema":{"@context":"https:\/\/schema.org","@graph":[{"@type":"WebPage","@id":"https:\/\/truusk.store\/sv\/produkt\/truusk-djurtrappa-for-katter-och-hundar-vikbar-3-stegs-trappa-med-forvaringsutrymme-mdf-vit-40-x-54-x-48-cm\/","url":"https:\/\/truusk.store\/sv\/produkt\/truusk-djurtrappa-for-katter-och-hundar-vikbar-3-stegs-trappa-med-forvaringsutrymme-mdf-vit-40-x-54-x-48-cm\/","name":"TRUUSK Djurtrappa f\u00f6r Katter och Hundar - Vikbar 3-stegs Trappa - Med F\u00f6rvaringsutrymme - MDF Vit - 40 x 54 x 48 cm - TRUUSK - Hem, Tr\u00e4dg\u00e5rd &amp; Fritid","isPartOf":{"@id":"https:\/\/truusk.store\/sv\/#website"},"primaryImageOfPage":{"@id":"https:\/\/truusk.store\/sv\/produkt\/truusk-djurtrappa-for-katter-och-hundar-vikbar-3-stegs-trappa-med-forvaringsutrymme-mdf-vit-40-x-54-x-48-cm\/#primaryimage"},"image":{"@id":"https:\/\/truusk.store\/sv\/produkt\/truusk-djurtrappa-for-katter-och-hundar-vikbar-3-stegs-trappa-med-forvaringsutrymme-mdf-vit-40-x-54-x-48-cm\/#primaryimage"},"thumbnailUrl":"https:\/\/i0.wp.com\/truusk.store\/wp-content\/uploads\/2024\/02\/djurtrappa-katttrappa-hundtrappa-vikbar-3-stegs-djurtrappa-med-forvaringsutrymme-for-katter-och-hundar-mdf-vit-40-x-54-x-48-cm.webp?fit=800%2C800&ssl=1","datePublished":"2024-02-13T11:52:14+00:00","dateModified":"2026-03-12T07:59:44+00:00","breadcrumb":{"@id":"https:\/\/truusk.store\/sv\/produkt\/truusk-djurtrappa-for-katter-och-hundar-vikbar-3-stegs-trappa-med-forvaringsutrymme-mdf-vit-40-x-54-x-48-cm\/#breadcrumb"},"inLanguage":"sv-SE","potentialAction":[{"@type":"ReadAction","target":["https:\/\/truusk.store\/sv\/produkt\/truusk-djurtrappa-for-katter-och-hundar-vikbar-3-stegs-trappa-med-forvaringsutrymme-mdf-vit-40-x-54-x-48-cm\/"]}]},{"@type":"ImageObject","inLanguage":"sv-SE","@id":"https:\/\/truusk.store\/sv\/produkt\/truusk-djurtrappa-for-katter-och-hundar-vikbar-3-stegs-trappa-med-forvaringsutrymme-mdf-vit-40-x-54-x-48-cm\/#primaryimage","url":"https:\/\/i0.wp.com\/truusk.store\/wp-content\/uploads\/2024\/02\/djurtrappa-katttrappa-hundtrappa-vikbar-3-stegs-djurtrappa-med-forvaringsutrymme-for-katter-och-hundar-mdf-vit-40-x-54-x-48-cm.webp?fit=800%2C800&ssl=1","contentUrl":"https:\/\/i0.wp.com\/truusk.store\/wp-content\/uploads\/2024\/02\/djurtrappa-katttrappa-hundtrappa-vikbar-3-stegs-djurtrappa-med-forvaringsutrymme-for-katter-och-hundar-mdf-vit-40-x-54-x-48-cm.webp?fit=800%2C800&ssl=1","width":800,"height":800,"caption":"Djurtrappa Katttrappa Hundtrappa Vikbar 3-stegs Djurtrappa Med F\u00f6rvaringsutrymme F\u00f6r Katter Och Hundar MDF Vit 40 X 54 X 48 Cm 1"},{"@type":"BreadcrumbList","@id":"https:\/\/truusk.store\/sv\/produkt\/truusk-djurtrappa-for-katter-och-hundar-vikbar-3-stegs-trappa-med-forvaringsutrymme-mdf-vit-40-x-54-x-48-cm\/#breadcrumb","itemListElement":[{"@type":"ListItem","position":1,"name":"Home","item":"https:\/\/truusk.store\/sv\/"},{"@type":"ListItem","position":2,"name":"Shop","item":"https:\/\/truusk.store\/shop\/"},{"@type":"ListItem","position":3,"name":"TRUUSK Djurtrappa f\u00f6r Katter och Hundar &#8211; Vikbar 3-stegs Trappa &#8211; Med F\u00f6rvaringsutrymme &#8211; MDF Vit &#8211; 40 x 54 x 48 cm"}]},{"@type":"WebSite","@id":"https:\/\/truusk.store\/sv\/#website","url":"https:\/\/truusk.store\/sv\/","name":"TRUUSK - Hem, Tr\u00e4dg\u00e5rd & Fritid","description":"","publisher":{"@id":"https:\/\/truusk.store\/sv\/#organization"},"potentialAction":[{"@type":"SearchAction","target":{"@type":"EntryPoint","urlTemplate":"https:\/\/truusk.store\/sv\/?s={search_term_string}"},"query-input":{"@type":"PropertyValueSpecification","valueRequired":true,"valueName":"search_term_string"}}],"inLanguage":"sv-SE"},{"@type":"Organization","@id":"https:\/\/truusk.store\/sv\/#organization","name":"TRUUSK - Hem, Tr\u00e4dg\u00e5rd & Fritid","url":"https:\/\/truusk.store\/sv\/","logo":{"@type":"ImageObject","inLanguage":"sv-SE","@id":"https:\/\/truusk.store\/sv\/#\/schema\/logo\/image\/","url":"https:\/\/i0.wp.com\/truusk.store\/wp-content\/uploads\/2026\/03\/cropped-TRUUSK.png?fit=2032%2C917&ssl=1","contentUrl":"https:\/\/i0.wp.com\/truusk.store\/wp-content\/uploads\/2026\/03\/cropped-TRUUSK.png?fit=2032%2C917&ssl=1","width":2032,"height":917,"caption":"TRUUSK - Hem, Tr\u00e4dg\u00e5rd & Fritid"},"image":{"@id":"https:\/\/truusk.store\/sv\/#\/schema\/logo\/image\/"}}]}},"jetpack_sharing_enabled":true,"_links":{"self":[{"href":"https:\/\/truusk.store\/sv\/wp-json\/wp\/v2\/product\/15942","targetHints":{"allow":["GET"]}}],"collection":[{"href":"https:\/\/truusk.store\/sv\/wp-json\/wp\/v2\/product"}],"about":[{"href":"https:\/\/truusk.store\/sv\/wp-json\/wp\/v2\/types\/product"}],"wp:featuredmedia":[{"embeddable":true,"href":"https:\/\/truusk.store\/sv\/wp-json\/wp\/v2\/media\/15943"}],"wp:attachment":[{"href":"https:\/\/truusk.store\/sv\/wp-json\/wp\/v2\/media?parent=15942"}],"wp:term":[{"taxonomy":"product_brand","embeddable":true,"href":"https:\/\/truusk.store\/sv\/wp-json\/wp\/v2\/product_brand?post=15942"},{"taxonomy":"product_cat","embeddable":true,"href":"https:\/\/truusk.store\/sv\/wp-json\/wp\/v2\/product_cat?post=15942"},{"taxonomy":"product_tag","embeddable":true,"href":"https:\/\/truusk.store\/sv\/wp-json\/wp\/v2\/product_tag?post=15942"}],"curies":[{"name":"wp","href":"https:\/\/api.w.org\/{rel}","templated":true}]}}